{"id":6475,"date":"2023-08-16T05:24:32","date_gmt":"2023-08-16T05:24:32","guid":{"rendered":"https:\/\/diligentplug.com\/chems\/?post_type=product&#038;p=6475"},"modified":"2025-02-04T05:32:10","modified_gmt":"2025-02-04T05:32:10","slug":"mxipr","status":"publish","type":"product","link":"https:\/\/rckopen.com\/es\/producto\/mxipr\/","title":{"rendered":"Comprar MXiPr online"},"content":{"rendered":"<h1>Comprar MXIPR en l\u00ednea<\/h1>\n<p>comprar MXIPR online MXiPr de calidad para todas sus investigaciones cient\u00edficas. Los productos qu\u00edmicos de investigaci\u00f3n MXiPr tienen una pureza de \u2265.<a href=\"https:\/\/rckopen.com\/es\/producto\/3-pellets-fa-50mg\/\">97%<\/a> y no son aptos para el consumo humano.<\/p>\n<p>MXiPR o (metoxpropamina o 2-Oco-3\u2032-metoxi-PCiPr) es una sustancia qu\u00edmica disociativa perteneciente a la clase de las sustancias qu\u00edmicas arilciclohexilamina. La MXiPr se compara a menudo con la MXE y la MXPr debido a sus similitudes an\u00e1logas. Aunque este producto qu\u00edmico no ha sido ampliamente estudiado, varios informes anecd\u00f3ticos han afirmado que los participantes mostraron resultados muy similares a los del MXE Comprar MXIPR online.<\/p>\n<h3>Investigaci\u00f3n responsable con MXiPR<\/h3>\n<p>Haga siempre una investigaci\u00f3n responsable. Debes leer e informarte bien antes de investigar con cualquier sustancia qu\u00edmica. No hay mucha informaci\u00f3n disponible sobre el MXiPR en particular, pero la Wiki de Psychonaut tiene algunos recursos e informaci\u00f3n muy \u00fatiles sobre el MXPr, que tiene una estructura muy similar y, por lo tanto, deber\u00eda comportarse de forma parecida.<\/p>\n<p><strong>ADVERTENCIA Este producto no es para uso humano ni veterinario.<\/strong><\/p>\n<h2>\u00bfQu\u00e9 es MXiPR?<\/h2>\n<p>El MXiPr tiene una estructura muy similar a la del MXE y el MXPr, y los experimentos iniciales y la informaci\u00f3n primaria indican que comparte muchas caracter\u00edsticas con estos compuestos m\u00e1s conocidos.<\/p>\n<p>Aunque se han realizado pocas investigaciones con MXiPR, se ha informado de que produce efectos disociativos similares a los de la ketamina.<\/p>\n<h4><strong>Propiedades qu\u00edmicas y efectos farmacol\u00f3gicos<\/strong><\/h4>\n<p>Se cree que el MXiPR act\u00faa como antagonista no competitivo de los receptores NMDA, lo que provoca una experiencia psicod\u00e9lica. Durante la actividad cerebral normal, las se\u00f1ales el\u00e9ctricas procedentes de la m\u00e9dula espinal y las neuronas del cerebro deben pasar a trav\u00e9s de los receptores NMDA. Cuando un antagonista se une a estos receptores, estos impulsos el\u00e9ctricos no pasan (como un peque\u00f1o Gandolf antagonista), lo que provoca una p\u00e9rdida de comunicaci\u00f3n entre las funciones cerebrales superiores y la m\u00e9dula espinal. Esta p\u00e9rdida temporal de comunicaci\u00f3n provoca el estado disociativo.<\/p>\n<p>rckopen.com ofrece productos que no est\u00e1n destinados al consumo humano. Consumir este producto (involuntariamente) podr\u00eda tener graves consecuencias m\u00e9dicas<a href=\"https:\/\/en.wikipedia.org\/wiki\/Methoxpropamine\">.<\/a><\/p>","protected":false},"excerpt":{"rendered":"<p><strong>Nombre IUPAC: <\/strong>Clorhidrato de 2-(isopropilamino)-2-(3-metoxifenil)-ciclohexanona<\/p>\n<p><strong>Otro nombre: <\/strong>Clorhidrato de MXiPr<\/p>\n<p><strong>Forma: <\/strong>polvo<\/p>\n<p><strong>An\u00e1lisis por RMN: <\/strong>C16H23NO2<\/p>","protected":false},"featured_media":6486,"comment_status":"open","ping_status":"closed","template":"","meta":{"_joinchat":[]},"product_brand":[],"product_cat":[137],"product_tag":[],"class_list":{"0":"post-6475","1":"product","2":"type-product","3":"status-publish","4":"has-post-thumbnail","6":"product_cat-dissociatieven","8":"first","9":"instock","10":"shipping-taxable","11":"purchasable","12":"product-type-variable"},"yoast_head":"<!-- This site is optimized with the Yoast SEO plugin v26.3 - https:\/\/yoast.com\/wordpress\/plugins\/seo\/ -->\n<title>MXIPR online kopen - MXIPR te koop | RC Kopen<\/title>\n<meta name=\"description\" content=\"Wilt u Mxipr online kopen tegen een redelijke prijs? Bezoek onze gerenommeerde online RC Kopen-winkel en koop Mxipr vandaag nog te koop.\" \/>\n<meta name=\"robots\" content=\"index, follow, max-snippet:-1, max-image-preview:large, max-video-preview:-1\" \/>\n<link rel=\"canonical\" href=\"https:\/\/rckopen.com\/es\/producto\/mxipr\/\" \/>\n<meta property=\"og:locale\" content=\"es_ES\" \/>\n<meta property=\"og:type\" content=\"article\" \/>\n<meta property=\"og:title\" content=\"MXIPR online kopen - MXIPR te koop | RC Kopen\" \/>\n<meta property=\"og:description\" content=\"Wilt u Mxipr online kopen tegen een redelijke prijs? Bezoek onze gerenommeerde online RC Kopen-winkel en koop Mxipr vandaag nog te koop.\" \/>\n<meta property=\"og:url\" content=\"https:\/\/rckopen.com\/es\/producto\/mxipr\/\" \/>\n<meta property=\"og:site_name\" content=\"RC Kopen\" \/>\n<meta property=\"article:modified_time\" content=\"2025-02-04T05:32:10+00:00\" \/>\n<meta property=\"og:image\" content=\"https:\/\/rckopen.com\/wp-content\/uploads\/2023\/08\/MXiPr.jpg\" \/>\n\t<meta property=\"og:image:width\" content=\"600\" \/>\n\t<meta property=\"og:image:height\" content=\"600\" \/>\n\t<meta property=\"og:image:type\" content=\"image\/jpeg\" \/>\n<meta name=\"twitter:card\" content=\"summary_large_image\" \/>\n<meta name=\"twitter:label1\" content=\"Tiempo de lectura\" \/>\n\t<meta name=\"twitter:data1\" content=\"2 minutos\" \/>\n<script type=\"application\/ld+json\" class=\"yoast-schema-graph\">{\"@context\":\"https:\/\/schema.org\",\"@graph\":[{\"@type\":\"WebPage\",\"@id\":\"https:\/\/rckopen.com\/product\/mxipr\/\",\"url\":\"https:\/\/rckopen.com\/product\/mxipr\/\",\"name\":\"MXIPR online kopen - MXIPR te koop | RC Kopen\",\"isPartOf\":{\"@id\":\"https:\/\/rckopen.com\/#website\"},\"primaryImageOfPage\":{\"@id\":\"https:\/\/rckopen.com\/product\/mxipr\/#primaryimage\"},\"image\":{\"@id\":\"https:\/\/rckopen.com\/product\/mxipr\/#primaryimage\"},\"thumbnailUrl\":\"https:\/\/rckopen.com\/wp-content\/uploads\/2023\/08\/MXiPr.jpg\",\"datePublished\":\"2023-08-16T05:24:32+00:00\",\"dateModified\":\"2025-02-04T05:32:10+00:00\",\"description\":\"Wilt u Mxipr online kopen tegen een redelijke prijs? Bezoek onze gerenommeerde online RC Kopen-winkel en koop Mxipr vandaag nog te koop.\",\"breadcrumb\":{\"@id\":\"https:\/\/rckopen.com\/product\/mxipr\/#breadcrumb\"},\"inLanguage\":\"es\",\"potentialAction\":[{\"@type\":\"ReadAction\",\"target\":[\"https:\/\/rckopen.com\/product\/mxipr\/\"]}]},{\"@type\":\"ImageObject\",\"inLanguage\":\"es\",\"@id\":\"https:\/\/rckopen.com\/product\/mxipr\/#primaryimage\",\"url\":\"https:\/\/rckopen.com\/wp-content\/uploads\/2023\/08\/MXiPr.jpg\",\"contentUrl\":\"https:\/\/rckopen.com\/wp-content\/uploads\/2023\/08\/MXiPr.jpg\",\"width\":600,\"height\":600,\"caption\":\"MXIPR online kopen\"},{\"@type\":\"BreadcrumbList\",\"@id\":\"https:\/\/rckopen.com\/product\/mxipr\/#breadcrumb\",\"itemListElement\":[{\"@type\":\"ListItem\",\"position\":1,\"name\":\"Home\",\"item\":\"https:\/\/rckopen.com\/\"},{\"@type\":\"ListItem\",\"position\":2,\"name\":\"Shop\",\"item\":\"https:\/\/rckopen.com\/shop\/\"},{\"@type\":\"ListItem\",\"position\":3,\"name\":\"MXiPr online kopen\"}]},{\"@type\":\"WebSite\",\"@id\":\"https:\/\/rckopen.com\/#website\",\"url\":\"https:\/\/rckopen.com\/\",\"name\":\"RC Kopen\",\"description\":\"Research Chemicals\",\"potentialAction\":[{\"@type\":\"SearchAction\",\"target\":{\"@type\":\"EntryPoint\",\"urlTemplate\":\"https:\/\/rckopen.com\/?s={search_term_string}\"},\"query-input\":{\"@type\":\"PropertyValueSpecification\",\"valueRequired\":true,\"valueName\":\"search_term_string\"}}],\"inLanguage\":\"es\"}]}<\/script>\n<!-- \/ Yoast SEO plugin. -->","yoast_head_json":{"title":"MXIPR online kopen - MXIPR te koop | RC Kopen","description":"Wilt u Mxipr online kopen tegen een redelijke prijs? Bezoek onze gerenommeerde online RC Kopen-winkel en koop Mxipr vandaag nog te koop.","robots":{"index":"index","follow":"follow","max-snippet":"max-snippet:-1","max-image-preview":"max-image-preview:large","max-video-preview":"max-video-preview:-1"},"canonical":"https:\/\/rckopen.com\/es\/producto\/mxipr\/","og_locale":"es_ES","og_type":"article","og_title":"MXIPR online kopen - MXIPR te koop | RC Kopen","og_description":"Wilt u Mxipr online kopen tegen een redelijke prijs? Bezoek onze gerenommeerde online RC Kopen-winkel en koop Mxipr vandaag nog te koop.","og_url":"https:\/\/rckopen.com\/es\/producto\/mxipr\/","og_site_name":"RC Kopen","article_modified_time":"2025-02-04T05:32:10+00:00","og_image":[{"width":600,"height":600,"url":"https:\/\/rckopen.com\/wp-content\/uploads\/2023\/08\/MXiPr.jpg","type":"image\/jpeg"}],"twitter_card":"summary_large_image","twitter_misc":{"Tiempo de lectura":"2 minutos"},"schema":{"@context":"https:\/\/schema.org","@graph":[{"@type":"WebPage","@id":"https:\/\/rckopen.com\/product\/mxipr\/","url":"https:\/\/rckopen.com\/product\/mxipr\/","name":"MXIPR online kopen - MXIPR te koop | RC Kopen","isPartOf":{"@id":"https:\/\/rckopen.com\/#website"},"primaryImageOfPage":{"@id":"https:\/\/rckopen.com\/product\/mxipr\/#primaryimage"},"image":{"@id":"https:\/\/rckopen.com\/product\/mxipr\/#primaryimage"},"thumbnailUrl":"https:\/\/rckopen.com\/wp-content\/uploads\/2023\/08\/MXiPr.jpg","datePublished":"2023-08-16T05:24:32+00:00","dateModified":"2025-02-04T05:32:10+00:00","description":"Wilt u Mxipr online kopen tegen een redelijke prijs? Bezoek onze gerenommeerde online RC Kopen-winkel en koop Mxipr vandaag nog te koop.","breadcrumb":{"@id":"https:\/\/rckopen.com\/product\/mxipr\/#breadcrumb"},"inLanguage":"es","potentialAction":[{"@type":"ReadAction","target":["https:\/\/rckopen.com\/product\/mxipr\/"]}]},{"@type":"ImageObject","inLanguage":"es","@id":"https:\/\/rckopen.com\/product\/mxipr\/#primaryimage","url":"https:\/\/rckopen.com\/wp-content\/uploads\/2023\/08\/MXiPr.jpg","contentUrl":"https:\/\/rckopen.com\/wp-content\/uploads\/2023\/08\/MXiPr.jpg","width":600,"height":600,"caption":"MXIPR online kopen"},{"@type":"BreadcrumbList","@id":"https:\/\/rckopen.com\/product\/mxipr\/#breadcrumb","itemListElement":[{"@type":"ListItem","position":1,"name":"Home","item":"https:\/\/rckopen.com\/"},{"@type":"ListItem","position":2,"name":"Shop","item":"https:\/\/rckopen.com\/shop\/"},{"@type":"ListItem","position":3,"name":"MXiPr online kopen"}]},{"@type":"WebSite","@id":"https:\/\/rckopen.com\/#website","url":"https:\/\/rckopen.com\/","name":"RC Kopen","description":"Research Chemicals","potentialAction":[{"@type":"SearchAction","target":{"@type":"EntryPoint","urlTemplate":"https:\/\/rckopen.com\/?s={search_term_string}"},"query-input":{"@type":"PropertyValueSpecification","valueRequired":true,"valueName":"search_term_string"}}],"inLanguage":"es"}]}},"_links":{"self":[{"href":"https:\/\/rckopen.com\/es\/wp-json\/wp\/v2\/product\/6475","targetHints":{"allow":["GET"]}}],"collection":[{"href":"https:\/\/rckopen.com\/es\/wp-json\/wp\/v2\/product"}],"about":[{"href":"https:\/\/rckopen.com\/es\/wp-json\/wp\/v2\/types\/product"}],"replies":[{"embeddable":true,"href":"https:\/\/rckopen.com\/es\/wp-json\/wp\/v2\/comments?post=6475"}],"wp:featuredmedia":[{"embeddable":true,"href":"https:\/\/rckopen.com\/es\/wp-json\/wp\/v2\/media\/6486"}],"wp:attachment":[{"href":"https:\/\/rckopen.com\/es\/wp-json\/wp\/v2\/media?parent=6475"}],"wp:term":[{"taxonomy":"product_brand","embeddable":true,"href":"https:\/\/rckopen.com\/es\/wp-json\/wp\/v2\/product_brand?post=6475"},{"taxonomy":"product_cat","embeddable":true,"href":"https:\/\/rckopen.com\/es\/wp-json\/wp\/v2\/product_cat?post=6475"},{"taxonomy":"product_tag","embeddable":true,"href":"https:\/\/rckopen.com\/es\/wp-json\/wp\/v2\/product_tag?post=6475"}],"curies":[{"name":"wp","href":"https:\/\/api.w.org\/{rel}","templated":true}]}}