{"id":6477,"date":"2023-08-16T05:27:29","date_gmt":"2023-08-16T05:27:29","guid":{"rendered":"https:\/\/diligentplug.com\/chems\/?post_type=product&#038;p=6477"},"modified":"2025-02-05T10:13:03","modified_gmt":"2025-02-05T10:13:03","slug":"3-meo-2-oxo-pcpr-mxpr","status":"publish","type":"product","link":"https:\/\/rckopen.com\/es\/producto\/3-meo-2-oxo-pcpr-mxpr\/","title":{"rendered":"Comprar 3-MeO-2\u2032-oxo-PCPr (MXPr) en l\u00ednea"},"content":{"rendered":"<h2>Comprar 3-MeO-2\u2032-oxo-PCPr (MXPr) en l\u00ednea<\/h2>\n<p><a href=\"https:\/\/rckopen.com\/es\/producto\/3-meo-2-oxo-pcpr-mxpr\/\">3-MeO-2\u2032-oxo-PCPr<\/a> Es una sustancia qu\u00edmica perteneciente a la clase de las catinonas. Otros productos de la clase de las catihinonas son 3-MeO-2\u2032-oxo-PCPr y 4-EMC. Vendemos esta tela a un gramo cada una. Este producto no s\u00f3lo est\u00e1 recomendado para personas desfavorecidas, sino que tampoco se recomienda su consumo. Mant\u00e9ngalo alejado de las mascotas y los ni\u00f1os y lea las instrucciones de seguridad en nuestro sitio web antes de usarlo.<\/p>\n<h3>3-MeO-2\u2032-oxo-PCPr en el envase<\/h3>\n<p>El polvo de 3-MeO-2\u2032-oxo-PCE se envasa en bolsas con una variedad de colores y texturas:<br \/>\nOro = dos, P\u00farpura = cinco, Azul = diez, Negro = veinticinco, Plata = uno. <a href=\"https:\/\/rckopen.com\/es\/\">RC shop<\/a><\/p>\n<h3>Enviamos todos nuestros productos a todos los Pa\u00edses Bajos.<\/h3>\n<p>Consulte el prospecto del paquete aqu\u00ed.<br \/>\nAqu\u00ed en V.I.B.<\/p>\n<p>N\u00famero CAS: 1439439-83-4<\/p>\n<p>3-MEC, 2-(etilamino)-1-(3-metilfenil)propano, 3-metiletcatinona, clorhidrato-1-ona<\/p>","protected":false},"excerpt":{"rendered":"<p><strong>Nombre IUPAC: <\/strong>3-MeO-2\u2032-oxo-PCPr<\/p>\n<p><strong>An\u00e1lisis por RMN: <\/strong>N\/A<\/p>","protected":false},"featured_media":6488,"comment_status":"open","ping_status":"closed","template":"","meta":{"_joinchat":[]},"product_brand":[],"product_cat":[137],"product_tag":[],"class_list":{"0":"post-6477","1":"product","2":"type-product","3":"status-publish","4":"has-post-thumbnail","6":"product_cat-dissociatieven","8":"first","9":"instock","10":"shipping-taxable","11":"purchasable","12":"product-type-variable"},"yoast_head":"<!-- This site is optimized with the Yoast SEO plugin v26.3 - https:\/\/yoast.com\/wordpress\/plugins\/seo\/ -->\n<title>3-Meo2-Oxo-Pcpr-Mxpr online kopen - 3-Meo2-Oxo-Pcpr te koop<\/title>\n<meta name=\"description\" content=\"Onze RC Kopen winkel heeft 3-Meo2-Oxo-Pcpr-Mxpr te koop tegen haalbare prijzen. Als u 3-Meo2-Oxo-Pcpr-Mxpr online wilt kopen, neem dan nu meteen contact met ons op. Verwacht de bestelling snel!\" \/>\n<meta name=\"robots\" content=\"index, follow, max-snippet:-1, max-image-preview:large, max-video-preview:-1\" \/>\n<link rel=\"canonical\" href=\"https:\/\/rckopen.com\/es\/producto\/3-meo-2-oxo-pcpr-mxpr\/\" \/>\n<meta property=\"og:locale\" content=\"es_ES\" \/>\n<meta property=\"og:type\" content=\"article\" \/>\n<meta property=\"og:title\" content=\"3-Meo2-Oxo-Pcpr-Mxpr online kopen - 3-Meo2-Oxo-Pcpr te koop\" \/>\n<meta property=\"og:description\" content=\"Onze RC Kopen winkel heeft 3-Meo2-Oxo-Pcpr-Mxpr te koop tegen haalbare prijzen. Als u 3-Meo2-Oxo-Pcpr-Mxpr online wilt kopen, neem dan nu meteen contact met ons op. Verwacht de bestelling snel!\" \/>\n<meta property=\"og:url\" content=\"https:\/\/rckopen.com\/es\/producto\/3-meo-2-oxo-pcpr-mxpr\/\" \/>\n<meta property=\"og:site_name\" content=\"RC Kopen\" \/>\n<meta property=\"article:modified_time\" content=\"2025-02-05T10:13:03+00:00\" \/>\n<meta property=\"og:image\" content=\"https:\/\/rckopen.com\/wp-content\/uploads\/2023\/08\/3-MeO-2-oxo-PCPr-MXPr.jpg\" \/>\n\t<meta property=\"og:image:width\" content=\"600\" \/>\n\t<meta property=\"og:image:height\" content=\"600\" \/>\n\t<meta property=\"og:image:type\" content=\"image\/jpeg\" \/>\n<meta name=\"twitter:card\" content=\"summary_large_image\" \/>\n<meta name=\"twitter:label1\" content=\"Tiempo de lectura\" \/>\n\t<meta name=\"twitter:data1\" content=\"1 minuto\" \/>\n<script type=\"application\/ld+json\" class=\"yoast-schema-graph\">{\"@context\":\"https:\/\/schema.org\",\"@graph\":[{\"@type\":\"WebPage\",\"@id\":\"https:\/\/rckopen.com\/product\/3-meo-2-oxo-pcpr-mxpr\/\",\"url\":\"https:\/\/rckopen.com\/product\/3-meo-2-oxo-pcpr-mxpr\/\",\"name\":\"3-Meo2-Oxo-Pcpr-Mxpr online kopen - 3-Meo2-Oxo-Pcpr te koop\",\"isPartOf\":{\"@id\":\"https:\/\/rckopen.com\/#website\"},\"primaryImageOfPage\":{\"@id\":\"https:\/\/rckopen.com\/product\/3-meo-2-oxo-pcpr-mxpr\/#primaryimage\"},\"image\":{\"@id\":\"https:\/\/rckopen.com\/product\/3-meo-2-oxo-pcpr-mxpr\/#primaryimage\"},\"thumbnailUrl\":\"https:\/\/rckopen.com\/wp-content\/uploads\/2023\/08\/3-MeO-2-oxo-PCPr-MXPr.jpg\",\"datePublished\":\"2023-08-16T05:27:29+00:00\",\"dateModified\":\"2025-02-05T10:13:03+00:00\",\"description\":\"Onze RC Kopen winkel heeft 3-Meo2-Oxo-Pcpr-Mxpr te koop tegen haalbare prijzen. Als u 3-Meo2-Oxo-Pcpr-Mxpr online wilt kopen, neem dan nu meteen contact met ons op. Verwacht de bestelling snel!\",\"breadcrumb\":{\"@id\":\"https:\/\/rckopen.com\/product\/3-meo-2-oxo-pcpr-mxpr\/#breadcrumb\"},\"inLanguage\":\"es\",\"potentialAction\":[{\"@type\":\"ReadAction\",\"target\":[\"https:\/\/rckopen.com\/product\/3-meo-2-oxo-pcpr-mxpr\/\"]}]},{\"@type\":\"ImageObject\",\"inLanguage\":\"es\",\"@id\":\"https:\/\/rckopen.com\/product\/3-meo-2-oxo-pcpr-mxpr\/#primaryimage\",\"url\":\"https:\/\/rckopen.com\/wp-content\/uploads\/2023\/08\/3-MeO-2-oxo-PCPr-MXPr.jpg\",\"contentUrl\":\"https:\/\/rckopen.com\/wp-content\/uploads\/2023\/08\/3-MeO-2-oxo-PCPr-MXPr.jpg\",\"width\":600,\"height\":600,\"caption\":\"3-MeO-2'-oxo-PCPr-(MXPr) online kopen\"},{\"@type\":\"BreadcrumbList\",\"@id\":\"https:\/\/rckopen.com\/product\/3-meo-2-oxo-pcpr-mxpr\/#breadcrumb\",\"itemListElement\":[{\"@type\":\"ListItem\",\"position\":1,\"name\":\"Home\",\"item\":\"https:\/\/rckopen.com\/\"},{\"@type\":\"ListItem\",\"position\":2,\"name\":\"Shop\",\"item\":\"https:\/\/rckopen.com\/shop\/\"},{\"@type\":\"ListItem\",\"position\":3,\"name\":\"3-MeO-2&#8242;-oxo-PCPr (MXPr) online kopen\"}]},{\"@type\":\"WebSite\",\"@id\":\"https:\/\/rckopen.com\/#website\",\"url\":\"https:\/\/rckopen.com\/\",\"name\":\"RC Kopen\",\"description\":\"Research Chemicals\",\"potentialAction\":[{\"@type\":\"SearchAction\",\"target\":{\"@type\":\"EntryPoint\",\"urlTemplate\":\"https:\/\/rckopen.com\/?s={search_term_string}\"},\"query-input\":{\"@type\":\"PropertyValueSpecification\",\"valueRequired\":true,\"valueName\":\"search_term_string\"}}],\"inLanguage\":\"es\"}]}<\/script>\n<!-- \/ Yoast SEO plugin. -->","yoast_head_json":{"title":"3-Meo2-Oxo-Pcpr-Mxpr online kopen - 3-Meo2-Oxo-Pcpr te koop","description":"Onze RC Kopen winkel heeft 3-Meo2-Oxo-Pcpr-Mxpr te koop tegen haalbare prijzen. Als u 3-Meo2-Oxo-Pcpr-Mxpr online wilt kopen, neem dan nu meteen contact met ons op. Verwacht de bestelling snel!","robots":{"index":"index","follow":"follow","max-snippet":"max-snippet:-1","max-image-preview":"max-image-preview:large","max-video-preview":"max-video-preview:-1"},"canonical":"https:\/\/rckopen.com\/es\/producto\/3-meo-2-oxo-pcpr-mxpr\/","og_locale":"es_ES","og_type":"article","og_title":"3-Meo2-Oxo-Pcpr-Mxpr online kopen - 3-Meo2-Oxo-Pcpr te koop","og_description":"Onze RC Kopen winkel heeft 3-Meo2-Oxo-Pcpr-Mxpr te koop tegen haalbare prijzen. Als u 3-Meo2-Oxo-Pcpr-Mxpr online wilt kopen, neem dan nu meteen contact met ons op. Verwacht de bestelling snel!","og_url":"https:\/\/rckopen.com\/es\/producto\/3-meo-2-oxo-pcpr-mxpr\/","og_site_name":"RC Kopen","article_modified_time":"2025-02-05T10:13:03+00:00","og_image":[{"width":600,"height":600,"url":"https:\/\/rckopen.com\/wp-content\/uploads\/2023\/08\/3-MeO-2-oxo-PCPr-MXPr.jpg","type":"image\/jpeg"}],"twitter_card":"summary_large_image","twitter_misc":{"Tiempo de lectura":"1 minuto"},"schema":{"@context":"https:\/\/schema.org","@graph":[{"@type":"WebPage","@id":"https:\/\/rckopen.com\/product\/3-meo-2-oxo-pcpr-mxpr\/","url":"https:\/\/rckopen.com\/product\/3-meo-2-oxo-pcpr-mxpr\/","name":"3-Meo2-Oxo-Pcpr-Mxpr online kopen - 3-Meo2-Oxo-Pcpr te koop","isPartOf":{"@id":"https:\/\/rckopen.com\/#website"},"primaryImageOfPage":{"@id":"https:\/\/rckopen.com\/product\/3-meo-2-oxo-pcpr-mxpr\/#primaryimage"},"image":{"@id":"https:\/\/rckopen.com\/product\/3-meo-2-oxo-pcpr-mxpr\/#primaryimage"},"thumbnailUrl":"https:\/\/rckopen.com\/wp-content\/uploads\/2023\/08\/3-MeO-2-oxo-PCPr-MXPr.jpg","datePublished":"2023-08-16T05:27:29+00:00","dateModified":"2025-02-05T10:13:03+00:00","description":"Onze RC Kopen winkel heeft 3-Meo2-Oxo-Pcpr-Mxpr te koop tegen haalbare prijzen. Als u 3-Meo2-Oxo-Pcpr-Mxpr online wilt kopen, neem dan nu meteen contact met ons op. Verwacht de bestelling snel!","breadcrumb":{"@id":"https:\/\/rckopen.com\/product\/3-meo-2-oxo-pcpr-mxpr\/#breadcrumb"},"inLanguage":"es","potentialAction":[{"@type":"ReadAction","target":["https:\/\/rckopen.com\/product\/3-meo-2-oxo-pcpr-mxpr\/"]}]},{"@type":"ImageObject","inLanguage":"es","@id":"https:\/\/rckopen.com\/product\/3-meo-2-oxo-pcpr-mxpr\/#primaryimage","url":"https:\/\/rckopen.com\/wp-content\/uploads\/2023\/08\/3-MeO-2-oxo-PCPr-MXPr.jpg","contentUrl":"https:\/\/rckopen.com\/wp-content\/uploads\/2023\/08\/3-MeO-2-oxo-PCPr-MXPr.jpg","width":600,"height":600,"caption":"3-MeO-2'-oxo-PCPr-(MXPr) online kopen"},{"@type":"BreadcrumbList","@id":"https:\/\/rckopen.com\/product\/3-meo-2-oxo-pcpr-mxpr\/#breadcrumb","itemListElement":[{"@type":"ListItem","position":1,"name":"Home","item":"https:\/\/rckopen.com\/"},{"@type":"ListItem","position":2,"name":"Shop","item":"https:\/\/rckopen.com\/shop\/"},{"@type":"ListItem","position":3,"name":"3-MeO-2&#8242;-oxo-PCPr (MXPr) online kopen"}]},{"@type":"WebSite","@id":"https:\/\/rckopen.com\/#website","url":"https:\/\/rckopen.com\/","name":"RC Kopen","description":"Research Chemicals","potentialAction":[{"@type":"SearchAction","target":{"@type":"EntryPoint","urlTemplate":"https:\/\/rckopen.com\/?s={search_term_string}"},"query-input":{"@type":"PropertyValueSpecification","valueRequired":true,"valueName":"search_term_string"}}],"inLanguage":"es"}]}},"_links":{"self":[{"href":"https:\/\/rckopen.com\/es\/wp-json\/wp\/v2\/product\/6477","targetHints":{"allow":["GET"]}}],"collection":[{"href":"https:\/\/rckopen.com\/es\/wp-json\/wp\/v2\/product"}],"about":[{"href":"https:\/\/rckopen.com\/es\/wp-json\/wp\/v2\/types\/product"}],"replies":[{"embeddable":true,"href":"https:\/\/rckopen.com\/es\/wp-json\/wp\/v2\/comments?post=6477"}],"wp:featuredmedia":[{"embeddable":true,"href":"https:\/\/rckopen.com\/es\/wp-json\/wp\/v2\/media\/6488"}],"wp:attachment":[{"href":"https:\/\/rckopen.com\/es\/wp-json\/wp\/v2\/media?parent=6477"}],"wp:term":[{"taxonomy":"product_brand","embeddable":true,"href":"https:\/\/rckopen.com\/es\/wp-json\/wp\/v2\/product_brand?post=6477"},{"taxonomy":"product_cat","embeddable":true,"href":"https:\/\/rckopen.com\/es\/wp-json\/wp\/v2\/product_cat?post=6477"},{"taxonomy":"product_tag","embeddable":true,"href":"https:\/\/rckopen.com\/es\/wp-json\/wp\/v2\/product_tag?post=6477"}],"curies":[{"name":"wp","href":"https:\/\/api.w.org\/{rel}","templated":true}]}}