{"id":6479,"date":"2023-08-16T05:36:20","date_gmt":"2023-08-16T05:36:20","guid":{"rendered":"https:\/\/diligentplug.com\/chems\/?post_type=product&#038;p=6479"},"modified":"2025-02-05T10:43:21","modified_gmt":"2025-02-05T10:43:21","slug":"dck-dxe","status":"publish","type":"product","link":"https:\/\/rckopen.com\/es\/producto\/dck-dxe\/","title":{"rendered":"Comprar DCK (DXE) en l\u00ednea"},"content":{"rendered":"<h2>Comprar DCK (DXE) en l\u00ednea<\/h2>\n<p>La estructura qu\u00edmica de <a href=\"https:\/\/rckopen.com\/es\/producto\/dck-dxe\/\">DCK DXE<\/a>, tambi\u00e9n conocida como descloroketamina, DXE o 2\u2032-oxo-PCM, es similar a la de las arilciclohexilaminas. Vendemos esta tela a 0,35 gramos cada una. Tambi\u00e9n vendemos pellets, cuatro de los cuales contienen 20 mg cada uno. Este producto no s\u00f3lo est\u00e1 recomendado para personas desfavorecidas, sino que tampoco se recomienda su consumo. Mant\u00e9ngalo alejado de las mascotas y los ni\u00f1os y lea las instrucciones de seguridad en nuestro sitio web antes de usarlo. <a href=\"https:\/\/rckopen.com\/es\/\">RC SHop<\/a><\/p>\n<h3>El embalaje y DCK DXE<\/h3>\n<p>La descloroketamina se envasa en botes con una variedad de colores y aromas:<br \/>\nOro = dos, P\u00farpura = cinco, Azul = diez, Negro = veinticinco, Plata = uno.<br \/>\nEnviamos todos nuestros productos a todos los Pa\u00edses Bajos.<\/p>\n<p>&nbsp;<\/p>","protected":false},"excerpt":{"rendered":"<p><strong>Nombre IUPAC: <\/strong>2-(metilamino)-2-fenil-ciclohexanona, monohidrocloruro<\/p>\n<p><strong>CAS # <\/strong>4631-27-0<\/p>\n<p><strong>Otro nombre: <\/strong>- 2\u2032-Oxo-PCM - O-PCM<\/p>\n<p><strong>Apariencia: <\/strong>cristal<\/p>\n<p><strong>Forma: <\/strong>HCL<\/p>\n<p><strong>An\u00e1lisis por RMN: <\/strong>C13H17NO<\/p>","protected":false},"featured_media":6490,"comment_status":"open","ping_status":"closed","template":"","meta":{"_joinchat":[]},"product_brand":[],"product_cat":[137],"product_tag":[],"class_list":{"0":"post-6479","1":"product","2":"type-product","3":"status-publish","4":"has-post-thumbnail","6":"product_cat-dissociatieven","8":"first","9":"instock","10":"shipping-taxable","11":"purchasable","12":"product-type-variable"},"yoast_head":"<!-- This site is optimized with the Yoast SEO plugin v26.3 - https:\/\/yoast.com\/wordpress\/plugins\/seo\/ -->\n<title>DCK DXE online kopen - DCK DXE te koop | RC Kopen<\/title>\n<meta name=\"description\" content=\"Hier is de kans om DCK DXE te koop tegen goedkope prijzen. Onze online Rc Kopen-winkel verkoopt DCK DXE wereldwijd. Bestel om DCK DXE binnenkort online te kopen.\" \/>\n<meta name=\"robots\" content=\"index, follow, max-snippet:-1, max-image-preview:large, max-video-preview:-1\" \/>\n<link rel=\"canonical\" href=\"https:\/\/rckopen.com\/es\/producto\/dck-dxe\/\" \/>\n<meta property=\"og:locale\" content=\"es_ES\" \/>\n<meta property=\"og:type\" content=\"article\" \/>\n<meta property=\"og:title\" content=\"DCK DXE online kopen - DCK DXE te koop | RC Kopen\" \/>\n<meta property=\"og:description\" content=\"Hier is de kans om DCK DXE te koop tegen goedkope prijzen. Onze online Rc Kopen-winkel verkoopt DCK DXE wereldwijd. Bestel om DCK DXE binnenkort online te kopen.\" \/>\n<meta property=\"og:url\" content=\"https:\/\/rckopen.com\/es\/producto\/dck-dxe\/\" \/>\n<meta property=\"og:site_name\" content=\"RC Kopen\" \/>\n<meta property=\"article:modified_time\" content=\"2025-02-05T10:43:21+00:00\" \/>\n<meta property=\"og:image\" content=\"https:\/\/rckopen.com\/wp-content\/uploads\/2023\/08\/DCK-DXE.jpg\" \/>\n\t<meta property=\"og:image:width\" content=\"600\" \/>\n\t<meta property=\"og:image:height\" content=\"600\" \/>\n\t<meta property=\"og:image:type\" content=\"image\/jpeg\" \/>\n<meta name=\"twitter:card\" content=\"summary_large_image\" \/>\n<meta name=\"twitter:label1\" content=\"Tiempo de lectura\" \/>\n\t<meta name=\"twitter:data1\" content=\"1 minuto\" \/>\n<script type=\"application\/ld+json\" class=\"yoast-schema-graph\">{\"@context\":\"https:\/\/schema.org\",\"@graph\":[{\"@type\":\"WebPage\",\"@id\":\"https:\/\/rckopen.com\/product\/dck-dxe\/\",\"url\":\"https:\/\/rckopen.com\/product\/dck-dxe\/\",\"name\":\"DCK DXE online kopen - DCK DXE te koop | RC Kopen\",\"isPartOf\":{\"@id\":\"https:\/\/rckopen.com\/#website\"},\"primaryImageOfPage\":{\"@id\":\"https:\/\/rckopen.com\/product\/dck-dxe\/#primaryimage\"},\"image\":{\"@id\":\"https:\/\/rckopen.com\/product\/dck-dxe\/#primaryimage\"},\"thumbnailUrl\":\"https:\/\/rckopen.com\/wp-content\/uploads\/2023\/08\/DCK-DXE.jpg\",\"datePublished\":\"2023-08-16T05:36:20+00:00\",\"dateModified\":\"2025-02-05T10:43:21+00:00\",\"description\":\"Hier is de kans om DCK DXE te koop tegen goedkope prijzen. Onze online Rc Kopen-winkel verkoopt DCK DXE wereldwijd. Bestel om DCK DXE binnenkort online te kopen.\",\"breadcrumb\":{\"@id\":\"https:\/\/rckopen.com\/product\/dck-dxe\/#breadcrumb\"},\"inLanguage\":\"es\",\"potentialAction\":[{\"@type\":\"ReadAction\",\"target\":[\"https:\/\/rckopen.com\/product\/dck-dxe\/\"]}]},{\"@type\":\"ImageObject\",\"inLanguage\":\"es\",\"@id\":\"https:\/\/rckopen.com\/product\/dck-dxe\/#primaryimage\",\"url\":\"https:\/\/rckopen.com\/wp-content\/uploads\/2023\/08\/DCK-DXE.jpg\",\"contentUrl\":\"https:\/\/rckopen.com\/wp-content\/uploads\/2023\/08\/DCK-DXE.jpg\",\"width\":600,\"height\":600,\"caption\":\"DCK-(DXE) online kopen\"},{\"@type\":\"BreadcrumbList\",\"@id\":\"https:\/\/rckopen.com\/product\/dck-dxe\/#breadcrumb\",\"itemListElement\":[{\"@type\":\"ListItem\",\"position\":1,\"name\":\"Home\",\"item\":\"https:\/\/rckopen.com\/\"},{\"@type\":\"ListItem\",\"position\":2,\"name\":\"Shop\",\"item\":\"https:\/\/rckopen.com\/shop\/\"},{\"@type\":\"ListItem\",\"position\":3,\"name\":\"DCK (DXE) online kopen\"}]},{\"@type\":\"WebSite\",\"@id\":\"https:\/\/rckopen.com\/#website\",\"url\":\"https:\/\/rckopen.com\/\",\"name\":\"RC Kopen\",\"description\":\"Research Chemicals\",\"potentialAction\":[{\"@type\":\"SearchAction\",\"target\":{\"@type\":\"EntryPoint\",\"urlTemplate\":\"https:\/\/rckopen.com\/?s={search_term_string}\"},\"query-input\":{\"@type\":\"PropertyValueSpecification\",\"valueRequired\":true,\"valueName\":\"search_term_string\"}}],\"inLanguage\":\"es\"}]}<\/script>\n<!-- \/ Yoast SEO plugin. -->","yoast_head_json":{"title":"DCK DXE online kopen - DCK DXE te koop | RC Kopen","description":"Hier is de kans om DCK DXE te koop tegen goedkope prijzen. Onze online Rc Kopen-winkel verkoopt DCK DXE wereldwijd. Bestel om DCK DXE binnenkort online te kopen.","robots":{"index":"index","follow":"follow","max-snippet":"max-snippet:-1","max-image-preview":"max-image-preview:large","max-video-preview":"max-video-preview:-1"},"canonical":"https:\/\/rckopen.com\/es\/producto\/dck-dxe\/","og_locale":"es_ES","og_type":"article","og_title":"DCK DXE online kopen - DCK DXE te koop | RC Kopen","og_description":"Hier is de kans om DCK DXE te koop tegen goedkope prijzen. Onze online Rc Kopen-winkel verkoopt DCK DXE wereldwijd. Bestel om DCK DXE binnenkort online te kopen.","og_url":"https:\/\/rckopen.com\/es\/producto\/dck-dxe\/","og_site_name":"RC Kopen","article_modified_time":"2025-02-05T10:43:21+00:00","og_image":[{"width":600,"height":600,"url":"https:\/\/rckopen.com\/wp-content\/uploads\/2023\/08\/DCK-DXE.jpg","type":"image\/jpeg"}],"twitter_card":"summary_large_image","twitter_misc":{"Tiempo de lectura":"1 minuto"},"schema":{"@context":"https:\/\/schema.org","@graph":[{"@type":"WebPage","@id":"https:\/\/rckopen.com\/product\/dck-dxe\/","url":"https:\/\/rckopen.com\/product\/dck-dxe\/","name":"DCK DXE online kopen - DCK DXE te koop | RC Kopen","isPartOf":{"@id":"https:\/\/rckopen.com\/#website"},"primaryImageOfPage":{"@id":"https:\/\/rckopen.com\/product\/dck-dxe\/#primaryimage"},"image":{"@id":"https:\/\/rckopen.com\/product\/dck-dxe\/#primaryimage"},"thumbnailUrl":"https:\/\/rckopen.com\/wp-content\/uploads\/2023\/08\/DCK-DXE.jpg","datePublished":"2023-08-16T05:36:20+00:00","dateModified":"2025-02-05T10:43:21+00:00","description":"Hier is de kans om DCK DXE te koop tegen goedkope prijzen. Onze online Rc Kopen-winkel verkoopt DCK DXE wereldwijd. Bestel om DCK DXE binnenkort online te kopen.","breadcrumb":{"@id":"https:\/\/rckopen.com\/product\/dck-dxe\/#breadcrumb"},"inLanguage":"es","potentialAction":[{"@type":"ReadAction","target":["https:\/\/rckopen.com\/product\/dck-dxe\/"]}]},{"@type":"ImageObject","inLanguage":"es","@id":"https:\/\/rckopen.com\/product\/dck-dxe\/#primaryimage","url":"https:\/\/rckopen.com\/wp-content\/uploads\/2023\/08\/DCK-DXE.jpg","contentUrl":"https:\/\/rckopen.com\/wp-content\/uploads\/2023\/08\/DCK-DXE.jpg","width":600,"height":600,"caption":"DCK-(DXE) online kopen"},{"@type":"BreadcrumbList","@id":"https:\/\/rckopen.com\/product\/dck-dxe\/#breadcrumb","itemListElement":[{"@type":"ListItem","position":1,"name":"Home","item":"https:\/\/rckopen.com\/"},{"@type":"ListItem","position":2,"name":"Shop","item":"https:\/\/rckopen.com\/shop\/"},{"@type":"ListItem","position":3,"name":"DCK (DXE) online kopen"}]},{"@type":"WebSite","@id":"https:\/\/rckopen.com\/#website","url":"https:\/\/rckopen.com\/","name":"RC Kopen","description":"Research Chemicals","potentialAction":[{"@type":"SearchAction","target":{"@type":"EntryPoint","urlTemplate":"https:\/\/rckopen.com\/?s={search_term_string}"},"query-input":{"@type":"PropertyValueSpecification","valueRequired":true,"valueName":"search_term_string"}}],"inLanguage":"es"}]}},"_links":{"self":[{"href":"https:\/\/rckopen.com\/es\/wp-json\/wp\/v2\/product\/6479","targetHints":{"allow":["GET"]}}],"collection":[{"href":"https:\/\/rckopen.com\/es\/wp-json\/wp\/v2\/product"}],"about":[{"href":"https:\/\/rckopen.com\/es\/wp-json\/wp\/v2\/types\/product"}],"replies":[{"embeddable":true,"href":"https:\/\/rckopen.com\/es\/wp-json\/wp\/v2\/comments?post=6479"}],"wp:featuredmedia":[{"embeddable":true,"href":"https:\/\/rckopen.com\/es\/wp-json\/wp\/v2\/media\/6490"}],"wp:attachment":[{"href":"https:\/\/rckopen.com\/es\/wp-json\/wp\/v2\/media?parent=6479"}],"wp:term":[{"taxonomy":"product_brand","embeddable":true,"href":"https:\/\/rckopen.com\/es\/wp-json\/wp\/v2\/product_brand?post=6479"},{"taxonomy":"product_cat","embeddable":true,"href":"https:\/\/rckopen.com\/es\/wp-json\/wp\/v2\/product_cat?post=6479"},{"taxonomy":"product_tag","embeddable":true,"href":"https:\/\/rckopen.com\/es\/wp-json\/wp\/v2\/product_tag?post=6479"}],"curies":[{"name":"wp","href":"https:\/\/api.w.org\/{rel}","templated":true}]}}