{"id":6528,"date":"2023-08-16T06:43:55","date_gmt":"2023-08-16T06:43:55","guid":{"rendered":"https:\/\/diligentplug.com\/chems\/?post_type=product&#038;p=6528"},"modified":"2025-02-06T05:30:44","modified_gmt":"2025-02-06T05:30:44","slug":"green-sulawesi","status":"publish","type":"product","link":"https:\/\/rckopen.com\/es\/producto\/sulawesi-verde\/","title":{"rendered":"Comprar Sulawesi Verde en l\u00ednea"},"content":{"rendered":"<h2>Comprar Sulawesi Verde en l\u00ednea<\/h2>\n<p>Comling GmbH, calle Neue Bahnhofstr. 4a, 75056 Sulzfeld, Alemania, www.kratomdudes.com, Director general: Bj\u00f6rn Lingnau, NIF: DE364875247, Tribunal de Distrito de Mannheim, N\u00famero de registro: HRB 749487<\/p>\n<p>Director general: Bj\u00f6rn Lingnau, CIF: DE364875247, Tribunal de registro: Tribunal de primera instancia de Mannheim, N\u00famero de registro: HRB 749487, Responsable: Compling GmbH, Neue Bahnhofstr. 4a, 75056 Sulzfeld, Alemania, info@kratomdudes.com<\/p>\n<p>Informaci\u00f3n y condiciones de venta: El pigmento colorante vegetal es exclusivamente apropiado para colorear o pintar.<\/p>\n<p>Los pigmentos de color no deben entrar en contacto con los ojos. En caso de que entren en contacto con ellos, enju\u00e1galos con agua limpia. Si la irritaci\u00f3n persiste, consulta a un m\u00e9dico.<\/p>\n<p>Debido a que se trata de un polvo fino, los pigmentos de color no deben llegar a los pulmones. En caso de inhalarlos, l\u00e1vese la boca o la nariz con agua limpia. Si la irritaci\u00f3n persiste, consulte a un m\u00e9dico.<\/p>\n<p>El pigmento de color es apropiado \u00fanicamente para artistas que deseen crear pinturas impresionantes o para colorear textiles, cer\u00e1micas, velas, etc. No es apto para el consumo humano. Las instrucciones est\u00e1n disponibles en el envase y en nuestro sitio web.<\/p>\n<p>Mantenga a las ni\u00f1as alejadas del pigmento de color.<\/p>\n<p>Solo los mayores de dieciocho a\u00f1os pueden utilizar el pigmento de color. No apto para ni\u00f1os ni adolescentes. Instrucciones de uso:<\/p>\n<p>Paso 1: el color inicial siempre comienza con el color blanco. Por ejemplo, combine 15 mililitros de agua con 5 gramos de pigmento de color. Revuelva hasta que comience a formarse espuma. Ahora puede pintar el color.<\/p>\n<p>Paso dos: Tono de color<br \/>\nUtilice un color brillante si desea un tono rosado. El segundo color es el rojo. Paso 3: Mezcle la prueba<br \/>\nCombina tres partes de blanco y cuatro partes de carmes\u00ed, depende de la intensidad del color.<\/p>\n<p>Paso XNUMX: Mezcla el tono Si est\u00e1s satisfecho con tu mezcla de prueba, aplica la misma proporci\u00f3n y revuelve bien todo. Consejo: La pintura siempre debe mantenerse en un lugar seco y oscuro.<\/p>","protected":false},"excerpt":{"rendered":"<p><strong>Forma: <\/strong>polvo<\/p>\n<p><strong>An\u00e1lisis por RMN: <\/strong>N\/A<\/p>","protected":false},"featured_media":6540,"comment_status":"open","ping_status":"closed","template":"","meta":{"_joinchat":[]},"product_brand":[],"product_cat":[139],"product_tag":[],"class_list":{"0":"post-6528","1":"product","2":"type-product","3":"status-publish","4":"has-post-thumbnail","6":"product_cat-kratom","8":"first","9":"instock","10":"shipping-taxable","11":"purchasable","12":"product-type-variable"},"yoast_head":"<!-- This site is optimized with the Yoast SEO plugin v26.3 - https:\/\/yoast.com\/wordpress\/plugins\/seo\/ -->\n<title>Green Sulawesi Online kopen - Green Sulawesi te koop | RC Kopen<\/title>\n<meta name=\"description\" content=\"Wilt u Groen Sulawesi online kopen tegen een redelijke prijs? Bezoek onze gerenommeerde online RC Kopen-winkel en koop vandaag nog Green Sulawesi. Plaats nu een bestelling en ontvang de beste prijs in onze winkel.\" \/>\n<meta name=\"robots\" content=\"index, follow, max-snippet:-1, max-image-preview:large, max-video-preview:-1\" \/>\n<link rel=\"canonical\" href=\"https:\/\/rckopen.com\/es\/producto\/sulawesi-verde\/\" \/>\n<meta property=\"og:locale\" content=\"es_ES\" \/>\n<meta property=\"og:type\" content=\"article\" \/>\n<meta property=\"og:title\" content=\"Green Sulawesi Online kopen - Green Sulawesi te koop | RC Kopen\" \/>\n<meta property=\"og:description\" content=\"Wilt u Groen Sulawesi online kopen tegen een redelijke prijs? Bezoek onze gerenommeerde online RC Kopen-winkel en koop vandaag nog Green Sulawesi. Plaats nu een bestelling en ontvang de beste prijs in onze winkel.\" \/>\n<meta property=\"og:url\" content=\"https:\/\/rckopen.com\/es\/producto\/sulawesi-verde\/\" \/>\n<meta property=\"og:site_name\" content=\"RC Kopen\" \/>\n<meta property=\"article:modified_time\" content=\"2025-02-06T05:30:44+00:00\" \/>\n<meta property=\"og:image\" content=\"https:\/\/rckopen.com\/wp-content\/uploads\/2023\/08\/Green-Sulawesi.jpg\" \/>\n\t<meta property=\"og:image:width\" content=\"600\" \/>\n\t<meta property=\"og:image:height\" content=\"600\" \/>\n\t<meta property=\"og:image:type\" content=\"image\/jpeg\" \/>\n<meta name=\"twitter:card\" content=\"summary_large_image\" \/>\n<meta name=\"twitter:label1\" content=\"Tiempo de lectura\" \/>\n\t<meta name=\"twitter:data1\" content=\"2 minutos\" \/>\n<script type=\"application\/ld+json\" class=\"yoast-schema-graph\">{\"@context\":\"https:\/\/schema.org\",\"@graph\":[{\"@type\":\"WebPage\",\"@id\":\"https:\/\/rckopen.com\/product\/green-sulawesi\/\",\"url\":\"https:\/\/rckopen.com\/product\/green-sulawesi\/\",\"name\":\"Green Sulawesi Online kopen - Green Sulawesi te koop | RC Kopen\",\"isPartOf\":{\"@id\":\"https:\/\/rckopen.com\/#website\"},\"primaryImageOfPage\":{\"@id\":\"https:\/\/rckopen.com\/product\/green-sulawesi\/#primaryimage\"},\"image\":{\"@id\":\"https:\/\/rckopen.com\/product\/green-sulawesi\/#primaryimage\"},\"thumbnailUrl\":\"https:\/\/rckopen.com\/wp-content\/uploads\/2023\/08\/Green-Sulawesi.jpg\",\"datePublished\":\"2023-08-16T06:43:55+00:00\",\"dateModified\":\"2025-02-06T05:30:44+00:00\",\"description\":\"Wilt u Groen Sulawesi online kopen tegen een redelijke prijs? Bezoek onze gerenommeerde online RC Kopen-winkel en koop vandaag nog Green Sulawesi. Plaats nu een bestelling en ontvang de beste prijs in onze winkel.\",\"breadcrumb\":{\"@id\":\"https:\/\/rckopen.com\/product\/green-sulawesi\/#breadcrumb\"},\"inLanguage\":\"es\",\"potentialAction\":[{\"@type\":\"ReadAction\",\"target\":[\"https:\/\/rckopen.com\/product\/green-sulawesi\/\"]}]},{\"@type\":\"ImageObject\",\"inLanguage\":\"es\",\"@id\":\"https:\/\/rckopen.com\/product\/green-sulawesi\/#primaryimage\",\"url\":\"https:\/\/rckopen.com\/wp-content\/uploads\/2023\/08\/Green-Sulawesi.jpg\",\"contentUrl\":\"https:\/\/rckopen.com\/wp-content\/uploads\/2023\/08\/Green-Sulawesi.jpg\",\"width\":600,\"height\":600,\"caption\":\"Green-Sulawesi online kopen\"},{\"@type\":\"BreadcrumbList\",\"@id\":\"https:\/\/rckopen.com\/product\/green-sulawesi\/#breadcrumb\",\"itemListElement\":[{\"@type\":\"ListItem\",\"position\":1,\"name\":\"Home\",\"item\":\"https:\/\/rckopen.com\/\"},{\"@type\":\"ListItem\",\"position\":2,\"name\":\"Shop\",\"item\":\"https:\/\/rckopen.com\/shop\/\"},{\"@type\":\"ListItem\",\"position\":3,\"name\":\"Green Sulawesi online kopen\"}]},{\"@type\":\"WebSite\",\"@id\":\"https:\/\/rckopen.com\/#website\",\"url\":\"https:\/\/rckopen.com\/\",\"name\":\"RC Kopen\",\"description\":\"Research Chemicals\",\"potentialAction\":[{\"@type\":\"SearchAction\",\"target\":{\"@type\":\"EntryPoint\",\"urlTemplate\":\"https:\/\/rckopen.com\/?s={search_term_string}\"},\"query-input\":{\"@type\":\"PropertyValueSpecification\",\"valueRequired\":true,\"valueName\":\"search_term_string\"}}],\"inLanguage\":\"es\"}]}<\/script>\n<!-- \/ Yoast SEO plugin. -->","yoast_head_json":{"title":"Green Sulawesi Online kopen - Green Sulawesi te koop | RC Kopen","description":"Wilt u Groen Sulawesi online kopen tegen een redelijke prijs? Bezoek onze gerenommeerde online RC Kopen-winkel en koop vandaag nog Green Sulawesi. Plaats nu een bestelling en ontvang de beste prijs in onze winkel.","robots":{"index":"index","follow":"follow","max-snippet":"max-snippet:-1","max-image-preview":"max-image-preview:large","max-video-preview":"max-video-preview:-1"},"canonical":"https:\/\/rckopen.com\/es\/producto\/sulawesi-verde\/","og_locale":"es_ES","og_type":"article","og_title":"Green Sulawesi Online kopen - Green Sulawesi te koop | RC Kopen","og_description":"Wilt u Groen Sulawesi online kopen tegen een redelijke prijs? Bezoek onze gerenommeerde online RC Kopen-winkel en koop vandaag nog Green Sulawesi. Plaats nu een bestelling en ontvang de beste prijs in onze winkel.","og_url":"https:\/\/rckopen.com\/es\/producto\/sulawesi-verde\/","og_site_name":"RC Kopen","article_modified_time":"2025-02-06T05:30:44+00:00","og_image":[{"width":600,"height":600,"url":"https:\/\/rckopen.com\/wp-content\/uploads\/2023\/08\/Green-Sulawesi.jpg","type":"image\/jpeg"}],"twitter_card":"summary_large_image","twitter_misc":{"Tiempo de lectura":"2 minutos"},"schema":{"@context":"https:\/\/schema.org","@graph":[{"@type":"WebPage","@id":"https:\/\/rckopen.com\/product\/green-sulawesi\/","url":"https:\/\/rckopen.com\/product\/green-sulawesi\/","name":"Green Sulawesi Online kopen - Green Sulawesi te koop | RC Kopen","isPartOf":{"@id":"https:\/\/rckopen.com\/#website"},"primaryImageOfPage":{"@id":"https:\/\/rckopen.com\/product\/green-sulawesi\/#primaryimage"},"image":{"@id":"https:\/\/rckopen.com\/product\/green-sulawesi\/#primaryimage"},"thumbnailUrl":"https:\/\/rckopen.com\/wp-content\/uploads\/2023\/08\/Green-Sulawesi.jpg","datePublished":"2023-08-16T06:43:55+00:00","dateModified":"2025-02-06T05:30:44+00:00","description":"Wilt u Groen Sulawesi online kopen tegen een redelijke prijs? Bezoek onze gerenommeerde online RC Kopen-winkel en koop vandaag nog Green Sulawesi. Plaats nu een bestelling en ontvang de beste prijs in onze winkel.","breadcrumb":{"@id":"https:\/\/rckopen.com\/product\/green-sulawesi\/#breadcrumb"},"inLanguage":"es","potentialAction":[{"@type":"ReadAction","target":["https:\/\/rckopen.com\/product\/green-sulawesi\/"]}]},{"@type":"ImageObject","inLanguage":"es","@id":"https:\/\/rckopen.com\/product\/green-sulawesi\/#primaryimage","url":"https:\/\/rckopen.com\/wp-content\/uploads\/2023\/08\/Green-Sulawesi.jpg","contentUrl":"https:\/\/rckopen.com\/wp-content\/uploads\/2023\/08\/Green-Sulawesi.jpg","width":600,"height":600,"caption":"Green-Sulawesi online kopen"},{"@type":"BreadcrumbList","@id":"https:\/\/rckopen.com\/product\/green-sulawesi\/#breadcrumb","itemListElement":[{"@type":"ListItem","position":1,"name":"Home","item":"https:\/\/rckopen.com\/"},{"@type":"ListItem","position":2,"name":"Shop","item":"https:\/\/rckopen.com\/shop\/"},{"@type":"ListItem","position":3,"name":"Green Sulawesi online kopen"}]},{"@type":"WebSite","@id":"https:\/\/rckopen.com\/#website","url":"https:\/\/rckopen.com\/","name":"RC Kopen","description":"Research Chemicals","potentialAction":[{"@type":"SearchAction","target":{"@type":"EntryPoint","urlTemplate":"https:\/\/rckopen.com\/?s={search_term_string}"},"query-input":{"@type":"PropertyValueSpecification","valueRequired":true,"valueName":"search_term_string"}}],"inLanguage":"es"}]}},"_links":{"self":[{"href":"https:\/\/rckopen.com\/es\/wp-json\/wp\/v2\/product\/6528","targetHints":{"allow":["GET"]}}],"collection":[{"href":"https:\/\/rckopen.com\/es\/wp-json\/wp\/v2\/product"}],"about":[{"href":"https:\/\/rckopen.com\/es\/wp-json\/wp\/v2\/types\/product"}],"replies":[{"embeddable":true,"href":"https:\/\/rckopen.com\/es\/wp-json\/wp\/v2\/comments?post=6528"}],"wp:featuredmedia":[{"embeddable":true,"href":"https:\/\/rckopen.com\/es\/wp-json\/wp\/v2\/media\/6540"}],"wp:attachment":[{"href":"https:\/\/rckopen.com\/es\/wp-json\/wp\/v2\/media?parent=6528"}],"wp:term":[{"taxonomy":"product_brand","embeddable":true,"href":"https:\/\/rckopen.com\/es\/wp-json\/wp\/v2\/product_brand?post=6528"},{"taxonomy":"product_cat","embeddable":true,"href":"https:\/\/rckopen.com\/es\/wp-json\/wp\/v2\/product_cat?post=6528"},{"taxonomy":"product_tag","embeddable":true,"href":"https:\/\/rckopen.com\/es\/wp-json\/wp\/v2\/product_tag?post=6528"}],"curies":[{"name":"wp","href":"https:\/\/api.w.org\/{rel}","templated":true}]}}