{"id":6544,"date":"2023-08-16T07:03:19","date_gmt":"2023-08-16T07:03:19","guid":{"rendered":"https:\/\/diligentplug.com\/chems\/?post_type=product&#038;p=6544"},"modified":"2025-02-03T10:43:36","modified_gmt":"2025-02-03T10:43:36","slug":"green-bali","status":"publish","type":"product","link":"https:\/\/rckopen.com\/es\/producto\/bali-verde\/","title":{"rendered":"Comprar Bali Verde Online"},"content":{"rendered":"<h2 class=\"font-black text-lg mb-8 flex items-end md:text-xl md:ml-0\"><span class=\"inline-block\">Informaci\u00f3n sobre el producto Green Bali Comprar en l\u00ednea<\/span><\/h2>\n<div class=\"relative flex flex-wrap flex-col\" style=\"box-sizing: border-box; --tw-translate-x: 0; --tw-translate-y: 0; --tw-rotate: 0; --tw-skew-x: 0; --tw-skew-y: 0; --tw-scale-x: 1; --tw-scale-y: 1; --tw-transform: translateX(var(--tw-translate-x)) translateY(var(--tw-translate-y)) rotate(var(--tw-rotate)) skewX(var(--tw-skew-x)) skewY(var(--tw-skew-y)) scaleX(var(--tw-scale-x)) scaleY(var(--tw-scale-y)); --tw-border-opacity: 1; --tw-ring-offset-width: 0px; --tw-ring-offset-color: #fff; --tw-ring-color: rgba(59, 130, 246, 0.5); --tw-ring-offset-shadow: 0 0 #0000; --tw-ring-shadow: 0 0 #0000; --tw-shadow: 0 0 #0000; --tw-filter: var(--tw-blur) var(--tw-brightness) var(--tw-contrast) var(--tw-grayscale) var(--tw-hue-rotate) var(--tw-invert) var(--tw-saturate) var(--tw-sepia) var(--tw-drop-shadow); --tw-backdrop-filter: var(--tw-backdrop-blur) var(--tw-backdrop-brightness) var(--tw-backdrop-contrast) var(--tw-backdrop-grayscale) var(--tw-backdrop-hue-rotate) var(--tw-backdrop-invert) var(--tw-backdrop-opacity) var(--tw-backdrop-saturate) var(--tw-backdrop-sepia); position: relative; display: flex; flex-flow: column wrap; color: #202e46; font-family: 'Red Hat Display', ui-sans-serif, system-ui, -apple-system, BlinkMacSystemFont, 'Segoe UI', Roboto, 'Helvetica Neue', Arial, 'Noto Sans', sans-serif, 'Apple Color Emoji', 'Segoe UI Emoji', 'Segoe UI Symbol', 'Noto Color Emoji'; font-size: 16px; font-style: normal; font-variant-ligatures: normal; font-variant-caps: normal; font-weight: 400; letter-spacing: normal; orphans: 2; text-align: start; text-indent: 0px; text-transform: none; widows: 2; word-spacing: 0px; -webkit-text-stroke-width: 0px; white-space: normal; background-color: #f2ece5; text-decoration-thickness: initial; text-decoration-style: initial; text-decoration-color: initial; border: 0px solid rgba(229,229,229,var(--tw-border-opacity));\">\n<div class=\"overflow-hidden transition-all duration-500 max-h-[300px] sm:max-h-[400px] md:max-h-[500px] lg:max-h-[550]\">\n<div class=\"prose prose-sm text-gray-500\">\n<p><a href=\"https:\/\/rckopen.com\/es\/producto\/bali-verde\/\">Comprar Bali Verde online<\/a>La hierba tropical Kratom (Mitragyna speciosa) tiene su origen en el sudeste asi\u00e1tico. El kratom se extrae de diferentes \u00e1rboles de la misma especie, debido a que diferentes \u00e1rboles de la misma familia contienen kratom, tambi\u00e9n existe una diferencia en los posibles efectos.<a href=\"https:\/\/en.wikipedia.org\/wiki\/Human\">.<\/a><\/p>\n<h3>Efectos de Kratopia Green Bali<\/h3>\n<p><a href=\"https:\/\/en.wikipedia.org\/wiki\/Green\">Verde<\/a> <a href=\"https:\/\/en.wikipedia.org\/wiki\/Bali\">Bali<\/a> El kratom se cultiva en Indonesia y es muy popular localmente por su efecto analg\u00e9sico y tambi\u00e9n se dice que aumenta los niveles de energ\u00eda. Los usuarios informan que se sienten m\u00e1s activos y sin dolor sin experimentar la sensaci\u00f3n de sedaci\u00f3n.<\/p>\n<h3>C\u00f3mo se utilizan estas hierbas<a href=\"https:\/\/rckopen.com\/es\/categoria-de-productos\/kratom\/\">?<\/a><\/h3>\n<p>El polvo de Kratom se a\u00f1ade generalmente al t\u00e9, de 1 a 3 gramos se consideran dosis ligeras, de 3 a 5 gramos como dosis normales, y de 5 a 10 gramos como dosis altas Comprar Bali Verde.<\/p>\n<h2>Informaci\u00f3n del fabricante<\/h2>\n<p>Kratopia es una empresa holandesa especializada en diferentes tipos de kratom. Como se dedican principalmente a la producci\u00f3n y venta de kratom, disponen de una amplia gama de diferentes tipos de kratom. \u00bfDesea obtener una sensaci\u00f3n estimulante? \u00bfO simplemente un poco m\u00e1s relajado? Entonces Kratopia tiene el tipo de kratom adecuado para usted. Kratopia produce su kratom en forma de c\u00e1psulas y extractos.<\/p>\n<\/div>\n<\/div>\n<\/div>\n<p><a href=\"https:\/\/rckopen.com\/es\/\">rckopen.com<\/a> ofrece productos que no est\u00e1n destinados al consumo humano. Si consume este producto (sin querer), puede tener consecuencias m\u00e9dicas graves. Compre Green Bali.<\/p>","protected":false},"excerpt":{"rendered":"<p><strong>Forma: <\/strong>polvo<\/p>\n<p><strong>An\u00e1lisis por RMN: <\/strong>N\/A<\/p>","protected":false},"featured_media":6554,"comment_status":"open","ping_status":"closed","template":"","meta":{"_joinchat":[]},"product_brand":[],"product_cat":[139],"product_tag":[],"class_list":{"0":"post-6544","1":"product","2":"type-product","3":"status-publish","4":"has-post-thumbnail","6":"product_cat-kratom","8":"first","9":"instock","10":"shipping-taxable","11":"purchasable","12":"product-type-variable"},"yoast_head":"<!-- This site is optimized with the Yoast SEO plugin v26.3 - https:\/\/yoast.com\/wordpress\/plugins\/seo\/ -->\n<title>Green Bali Online kopen - Green Bali te koop | RC Kopen<\/title>\n<meta name=\"description\" content=\"Als je Green Bali uit onze winkel nog niet hebt geprobeerd, dan mis je veel. Wij helpen u Green Bali online te kopen tegen goedkope tarieven. Koop Green Bali vandaag nog te koop!\" \/>\n<meta name=\"robots\" content=\"index, follow, max-snippet:-1, max-image-preview:large, max-video-preview:-1\" \/>\n<link rel=\"canonical\" href=\"https:\/\/rckopen.com\/es\/producto\/bali-verde\/\" \/>\n<meta property=\"og:locale\" content=\"es_ES\" \/>\n<meta property=\"og:type\" content=\"article\" \/>\n<meta property=\"og:title\" content=\"Green Bali Online kopen - Green Bali te koop | RC Kopen\" \/>\n<meta property=\"og:description\" content=\"Als je Green Bali uit onze winkel nog niet hebt geprobeerd, dan mis je veel. Wij helpen u Green Bali online te kopen tegen goedkope tarieven. Koop Green Bali vandaag nog te koop!\" \/>\n<meta property=\"og:url\" content=\"https:\/\/rckopen.com\/es\/producto\/bali-verde\/\" \/>\n<meta property=\"og:site_name\" content=\"RC Kopen\" \/>\n<meta property=\"article:modified_time\" content=\"2025-02-03T10:43:36+00:00\" \/>\n<meta property=\"og:image\" content=\"https:\/\/rckopen.com\/wp-content\/uploads\/2023\/08\/Green-Bali.jpg\" \/>\n\t<meta property=\"og:image:width\" content=\"600\" \/>\n\t<meta property=\"og:image:height\" content=\"600\" \/>\n\t<meta property=\"og:image:type\" content=\"image\/jpeg\" \/>\n<meta name=\"twitter:card\" content=\"summary_large_image\" \/>\n<meta name=\"twitter:label1\" content=\"Tiempo de lectura\" \/>\n\t<meta name=\"twitter:data1\" content=\"2 minutos\" \/>\n<script type=\"application\/ld+json\" class=\"yoast-schema-graph\">{\"@context\":\"https:\/\/schema.org\",\"@graph\":[{\"@type\":\"WebPage\",\"@id\":\"https:\/\/rckopen.com\/product\/green-bali\/\",\"url\":\"https:\/\/rckopen.com\/product\/green-bali\/\",\"name\":\"Green Bali Online kopen - Green Bali te koop | RC Kopen\",\"isPartOf\":{\"@id\":\"https:\/\/rckopen.com\/#website\"},\"primaryImageOfPage\":{\"@id\":\"https:\/\/rckopen.com\/product\/green-bali\/#primaryimage\"},\"image\":{\"@id\":\"https:\/\/rckopen.com\/product\/green-bali\/#primaryimage\"},\"thumbnailUrl\":\"https:\/\/rckopen.com\/wp-content\/uploads\/2023\/08\/Green-Bali.jpg\",\"datePublished\":\"2023-08-16T07:03:19+00:00\",\"dateModified\":\"2025-02-03T10:43:36+00:00\",\"description\":\"Als je Green Bali uit onze winkel nog niet hebt geprobeerd, dan mis je veel. Wij helpen u Green Bali online te kopen tegen goedkope tarieven. Koop Green Bali vandaag nog te koop!\",\"breadcrumb\":{\"@id\":\"https:\/\/rckopen.com\/product\/green-bali\/#breadcrumb\"},\"inLanguage\":\"es\",\"potentialAction\":[{\"@type\":\"ReadAction\",\"target\":[\"https:\/\/rckopen.com\/product\/green-bali\/\"]}]},{\"@type\":\"ImageObject\",\"inLanguage\":\"es\",\"@id\":\"https:\/\/rckopen.com\/product\/green-bali\/#primaryimage\",\"url\":\"https:\/\/rckopen.com\/wp-content\/uploads\/2023\/08\/Green-Bali.jpg\",\"contentUrl\":\"https:\/\/rckopen.com\/wp-content\/uploads\/2023\/08\/Green-Bali.jpg\",\"width\":600,\"height\":600,\"caption\":\"Green-Bali Online kopen\"},{\"@type\":\"BreadcrumbList\",\"@id\":\"https:\/\/rckopen.com\/product\/green-bali\/#breadcrumb\",\"itemListElement\":[{\"@type\":\"ListItem\",\"position\":1,\"name\":\"Home\",\"item\":\"https:\/\/rckopen.com\/\"},{\"@type\":\"ListItem\",\"position\":2,\"name\":\"Shop\",\"item\":\"https:\/\/rckopen.com\/shop\/\"},{\"@type\":\"ListItem\",\"position\":3,\"name\":\"Green Bali Online kopen\"}]},{\"@type\":\"WebSite\",\"@id\":\"https:\/\/rckopen.com\/#website\",\"url\":\"https:\/\/rckopen.com\/\",\"name\":\"RC Kopen\",\"description\":\"Research Chemicals\",\"potentialAction\":[{\"@type\":\"SearchAction\",\"target\":{\"@type\":\"EntryPoint\",\"urlTemplate\":\"https:\/\/rckopen.com\/?s={search_term_string}\"},\"query-input\":{\"@type\":\"PropertyValueSpecification\",\"valueRequired\":true,\"valueName\":\"search_term_string\"}}],\"inLanguage\":\"es\"}]}<\/script>\n<!-- \/ Yoast SEO plugin. -->","yoast_head_json":{"title":"Green Bali Online kopen - Green Bali te koop | RC Kopen","description":"Als je Green Bali uit onze winkel nog niet hebt geprobeerd, dan mis je veel. Wij helpen u Green Bali online te kopen tegen goedkope tarieven. Koop Green Bali vandaag nog te koop!","robots":{"index":"index","follow":"follow","max-snippet":"max-snippet:-1","max-image-preview":"max-image-preview:large","max-video-preview":"max-video-preview:-1"},"canonical":"https:\/\/rckopen.com\/es\/producto\/bali-verde\/","og_locale":"es_ES","og_type":"article","og_title":"Green Bali Online kopen - Green Bali te koop | RC Kopen","og_description":"Als je Green Bali uit onze winkel nog niet hebt geprobeerd, dan mis je veel. Wij helpen u Green Bali online te kopen tegen goedkope tarieven. Koop Green Bali vandaag nog te koop!","og_url":"https:\/\/rckopen.com\/es\/producto\/bali-verde\/","og_site_name":"RC Kopen","article_modified_time":"2025-02-03T10:43:36+00:00","og_image":[{"width":600,"height":600,"url":"https:\/\/rckopen.com\/wp-content\/uploads\/2023\/08\/Green-Bali.jpg","type":"image\/jpeg"}],"twitter_card":"summary_large_image","twitter_misc":{"Tiempo de lectura":"2 minutos"},"schema":{"@context":"https:\/\/schema.org","@graph":[{"@type":"WebPage","@id":"https:\/\/rckopen.com\/product\/green-bali\/","url":"https:\/\/rckopen.com\/product\/green-bali\/","name":"Green Bali Online kopen - Green Bali te koop | RC Kopen","isPartOf":{"@id":"https:\/\/rckopen.com\/#website"},"primaryImageOfPage":{"@id":"https:\/\/rckopen.com\/product\/green-bali\/#primaryimage"},"image":{"@id":"https:\/\/rckopen.com\/product\/green-bali\/#primaryimage"},"thumbnailUrl":"https:\/\/rckopen.com\/wp-content\/uploads\/2023\/08\/Green-Bali.jpg","datePublished":"2023-08-16T07:03:19+00:00","dateModified":"2025-02-03T10:43:36+00:00","description":"Als je Green Bali uit onze winkel nog niet hebt geprobeerd, dan mis je veel. Wij helpen u Green Bali online te kopen tegen goedkope tarieven. Koop Green Bali vandaag nog te koop!","breadcrumb":{"@id":"https:\/\/rckopen.com\/product\/green-bali\/#breadcrumb"},"inLanguage":"es","potentialAction":[{"@type":"ReadAction","target":["https:\/\/rckopen.com\/product\/green-bali\/"]}]},{"@type":"ImageObject","inLanguage":"es","@id":"https:\/\/rckopen.com\/product\/green-bali\/#primaryimage","url":"https:\/\/rckopen.com\/wp-content\/uploads\/2023\/08\/Green-Bali.jpg","contentUrl":"https:\/\/rckopen.com\/wp-content\/uploads\/2023\/08\/Green-Bali.jpg","width":600,"height":600,"caption":"Green-Bali Online kopen"},{"@type":"BreadcrumbList","@id":"https:\/\/rckopen.com\/product\/green-bali\/#breadcrumb","itemListElement":[{"@type":"ListItem","position":1,"name":"Home","item":"https:\/\/rckopen.com\/"},{"@type":"ListItem","position":2,"name":"Shop","item":"https:\/\/rckopen.com\/shop\/"},{"@type":"ListItem","position":3,"name":"Green Bali Online kopen"}]},{"@type":"WebSite","@id":"https:\/\/rckopen.com\/#website","url":"https:\/\/rckopen.com\/","name":"RC Kopen","description":"Research Chemicals","potentialAction":[{"@type":"SearchAction","target":{"@type":"EntryPoint","urlTemplate":"https:\/\/rckopen.com\/?s={search_term_string}"},"query-input":{"@type":"PropertyValueSpecification","valueRequired":true,"valueName":"search_term_string"}}],"inLanguage":"es"}]}},"_links":{"self":[{"href":"https:\/\/rckopen.com\/es\/wp-json\/wp\/v2\/product\/6544","targetHints":{"allow":["GET"]}}],"collection":[{"href":"https:\/\/rckopen.com\/es\/wp-json\/wp\/v2\/product"}],"about":[{"href":"https:\/\/rckopen.com\/es\/wp-json\/wp\/v2\/types\/product"}],"replies":[{"embeddable":true,"href":"https:\/\/rckopen.com\/es\/wp-json\/wp\/v2\/comments?post=6544"}],"wp:featuredmedia":[{"embeddable":true,"href":"https:\/\/rckopen.com\/es\/wp-json\/wp\/v2\/media\/6554"}],"wp:attachment":[{"href":"https:\/\/rckopen.com\/es\/wp-json\/wp\/v2\/media?parent=6544"}],"wp:term":[{"taxonomy":"product_brand","embeddable":true,"href":"https:\/\/rckopen.com\/es\/wp-json\/wp\/v2\/product_brand?post=6544"},{"taxonomy":"product_cat","embeddable":true,"href":"https:\/\/rckopen.com\/es\/wp-json\/wp\/v2\/product_cat?post=6544"},{"taxonomy":"product_tag","embeddable":true,"href":"https:\/\/rckopen.com\/es\/wp-json\/wp\/v2\/product_tag?post=6544"}],"curies":[{"name":"wp","href":"https:\/\/api.w.org\/{rel}","templated":true}]}}