{"id":6545,"date":"2023-08-16T07:04:00","date_gmt":"2023-08-16T07:04:00","guid":{"rendered":"https:\/\/diligentplug.com\/chems\/?post_type=product&#038;p=6545"},"modified":"2025-02-06T06:06:26","modified_gmt":"2025-02-06T06:06:26","slug":"green-indo","status":"publish","type":"product","link":"https:\/\/rckopen.com\/es\/producto\/indo-verde\/","title":{"rendered":"Comprar Green Indo en l\u00ednea"},"content":{"rendered":"<h2>Comprar Green Indo en l\u00ednea<\/h2>\n<h3>En cuanto a Green Indo<\/h3>\n<p>La combinaci\u00f3n definitiva de kratom es <a href=\"https:\/\/rckopen.com\/es\/producto\/indo-verde\/\">Indo Verde<\/a>, una cepa h\u00edbrida que tiene suficiente fuerza y \u200b\u200bestilo para satisfacer incluso a los usuarios de kratom m\u00e1s experimentados. Nuestro polvo de kratom de vena verde m\u00e1s popular es esta deliciosa mezcla de dos cepas de kratom. Entender\u00e1s por qu\u00e9 se ha convertido en un \u00e9xito de ventas nacional cuando hayas probado un poco. Un esp\u00e9cimen herb\u00e1ceo consistente y excelente, la cepa Green Indo tiene un aroma equilibrado y persistente. Proporciona a los usuarios el equilibrio ideal entre las cepas de kratom \"lentas\" y \"r\u00e1pidas\".<\/p>\n<h3>La historia y el origen de Green Indo<\/h3>\n<p>La reserva del norte de Borneo, en Indonesia, alberga las riberas de los r\u00edos donde crece el indo verde. Cualquier g\u00e9nero de Mitragyna speciosa, un \u00e1rbol de hoja perenne de la familia del caf\u00e9 con ciertos componentes qu\u00edmicos inusuales, es la fuente del kratom. Sin embargo, aunque se desconoce su origen exacto, el indo verde est\u00e1 presente actualmente en algunas zonas de Indonesia. <a href=\"https:\/\/rckopen.com\/es\/producto\/indo-verde\/\">RC Kopen<\/a><\/p>\n<p>Notre vari\u00e9t\u00e9 Green Indo est cultiv\u00e9e dans une ferme priv\u00e9e \u00e0 c\u00f4t\u00e9 de la rivi\u00e8re Kapuas de mani\u00e8re \u00e9thique. Le long de l'affluent vallonn\u00e9 du lac Tenegang de Sabah, ces plantes de kratom poussent de mani\u00e8re biologique. Nos arbres de kratom Indo matures et diversifi\u00e9s sont cultiv\u00e9s dans ou \u00e0 proximit\u00e9 des marais d'eau douce de l'\u00c9tat de Malaisie.<\/p>\n<p>Los esquejes de estos \u00e1rboles de kratom de Malasia se trasladan a nuestra granja en Kalimantan una vez que han alcanzado la madurez crucial. All\u00ed, se injertan en \u00e1rboles de kratom Maeng Da para crear un ejemplar m\u00e1s fuerte y resistente. El cultivo de varios cultivos en una sola parcela es un ejemplo de las pr\u00e1cticas agr\u00edcolas sostenibles que utilizan nuestros socios ind\u00edgenas.<\/p>\n<p>Los \u00e1rboles Green Indo que tenemos antes de que se les arranquen las hojas, nuestros \u00e1rboles Green Indo crecen hasta una altura de 10 a 15 pies. El cuerpo completo de nuestra fuerte mezcla Green Indo se deriva de los minerales y nutrientes que abundan en el suelo fangoso y profundo. Antes de clasificarlas y pasarlas por nuestro molino de martillos de garganta ancha, nuestras hojas de kratom se airean utilizando tecnolog\u00eda de eliminaci\u00f3n de humedad.<\/p>\n<p>Green Indo es una combinaci\u00f3n de hojas de White Malay y Green Maeng Da. Usamos un repelente de insectos sin pesticidas para proteger nuestra cubierta de \u00e1rboles de kratom.<\/p>\n<h3>Beneficios que puede experimentar con Green Indo<\/h3>\n<p>Una de las variedades m\u00e1s cautivadoras de la familia del kratom es Green Indo. Con la claridad a\u00f1adida de White Malay, esta exquisita combinaci\u00f3n de kratom le ofrece todo el alivio potencial de Maeng Da. Los efectos del Green Indo no se limitan a promover una relajaci\u00f3n profunda cuando se toma con moderaci\u00f3n.<\/p>\n<p>Los numerosos alcaloides, flavonoides y terpenoides presentes en esta potente variedad de kratom verde son responsables de sus numerosos efectos potenciales. La ajmalicina, la corinoxina A y B, la mitragynina, la 9-hidroxicorinanteidina, la 7-hidroximitragynina (7-OH) y la especiociliatina son algunos de estos componentes necesarios.<\/p>\n<p>Las sustancias mencionadas anteriormente son esenciales para el aroma multifac\u00e9tico de Green Indo. Green Indo puede tener cualidades curativas, locuacidad natural y un impulso de energ\u00eda.<\/p>\n<h3>Esta fuerte cepa puede tener efectos dependientes de la dosis.<\/h3>\n<p>Una de las variedades m\u00e1s cautivadoras de la familia del kratom es Green Indo. Con la claridad a\u00f1adida de White Malay, esta exquisita combinaci\u00f3n de kratom le ofrece todo el alivio potencial de Maeng Da. Los efectos del Green Indo no se limitan a promover una relajaci\u00f3n profunda cuando se toma con moderaci\u00f3n.<\/p>\n<p>Los numerosos alcaloides, flavonoides y terpenoides presentes en esta potente variedad de kratom verde son responsables de sus numerosos efectos potenciales. La ajmalicina, la corinoxina A y B, la mitragynina, la 9-hidroxicorinanteidina, la 7-hidroximitragynina (7-OH) y la especiociliatina son algunos de estos componentes necesarios.<\/p>\n<p>Las sustancias mencionadas anteriormente son esenciales para el aroma multifac\u00e9tico de Green Indo. Green Indo puede tener cualidades curativas, locuacidad natural y un impulso de energ\u00eda.<\/p>\n<p>Esta cepa forte pode ter efeitos dependentes da dose. A dosagem pode afetar os efeitos; os efeitos desta cepa forte variam ligeiramente dependendo da dosagem. Green Indo, como Maeng D, \u00e9 eficaz em dosagens mais baixas do que a maioria. Enquanto dosagens maiores podem produzir n\u00edveis excepcionais de eleva\u00e7\u00e3o, doses mais baixas podem causar ondas de bem-estar.<\/p>\n<p>En dosis bajas, Green Indo es muy l\u00facido; en dosis moderadas, es estimulante; y en dosis m\u00e1s altas, es profundamente restaurador. La mayor\u00eda de los expertos en kratom experimentados recomiendan consumir cantidades peque\u00f1as o moderadas de kratom para evitar efectos secundarios desagradables. Las dosis altas pueden provocar efectos adversos no deseados. Tampoco se recomienda el uso prolongado de dosis altas.<\/p>\n<p>Los efectos de las distintas variedades de kratom pueden variar. En t\u00e9rminos generales, los efectos del consumo de kratom pueden variar seg\u00fan la sensibilidad, la altura, el peso y la nutrici\u00f3n del usuario. Los efectos variar\u00e1n significativamente de una persona a otra.<\/p>","protected":false},"excerpt":{"rendered":"<p><strong>Forma: <\/strong>polvo<\/p>\n<p><strong>An\u00e1lisis por RMN: <\/strong>N\/A<\/p>","protected":false},"featured_media":6555,"comment_status":"open","ping_status":"closed","template":"","meta":{"_joinchat":[]},"product_brand":[],"product_cat":[139],"product_tag":[],"class_list":{"0":"post-6545","1":"product","2":"type-product","3":"status-publish","4":"has-post-thumbnail","6":"product_cat-kratom","8":"first","9":"instock","10":"shipping-taxable","11":"purchasable","12":"product-type-variable"},"yoast_head":"<!-- This site is optimized with the Yoast SEO plugin v26.3 - https:\/\/yoast.com\/wordpress\/plugins\/seo\/ -->\n<title>Green Indo online kopen- Green Indo te koop | RC kopen<\/title>\n<meta name=\"description\" content=\"Als je gepassioneerd bent door Green Indo, dan is onze winkel de beste plek om Green Indo online te kopen. U kunt groene indo te koop hebben tegen de laagste prijs. Bestel nu en ontvang hem binnenkort!\" \/>\n<meta name=\"robots\" content=\"index, follow, max-snippet:-1, max-image-preview:large, max-video-preview:-1\" \/>\n<link rel=\"canonical\" href=\"https:\/\/rckopen.com\/es\/producto\/indo-verde\/\" \/>\n<meta property=\"og:locale\" content=\"es_ES\" \/>\n<meta property=\"og:type\" content=\"article\" \/>\n<meta property=\"og:title\" content=\"Green Indo online kopen- Green Indo te koop | RC kopen\" \/>\n<meta property=\"og:description\" content=\"Als je gepassioneerd bent door Green Indo, dan is onze winkel de beste plek om Green Indo online te kopen. U kunt groene indo te koop hebben tegen de laagste prijs. Bestel nu en ontvang hem binnenkort!\" \/>\n<meta property=\"og:url\" content=\"https:\/\/rckopen.com\/es\/producto\/indo-verde\/\" \/>\n<meta property=\"og:site_name\" content=\"RC Kopen\" \/>\n<meta property=\"article:modified_time\" content=\"2025-02-06T06:06:26+00:00\" \/>\n<meta property=\"og:image\" content=\"https:\/\/rckopen.com\/wp-content\/uploads\/2023\/08\/Green-Indo.jpg\" \/>\n\t<meta property=\"og:image:width\" content=\"600\" \/>\n\t<meta property=\"og:image:height\" content=\"600\" \/>\n\t<meta property=\"og:image:type\" content=\"image\/jpeg\" \/>\n<meta name=\"twitter:card\" content=\"summary_large_image\" \/>\n<meta name=\"twitter:label1\" content=\"Tiempo de lectura\" \/>\n\t<meta name=\"twitter:data1\" content=\"4 minutos\" \/>\n<script type=\"application\/ld+json\" class=\"yoast-schema-graph\">{\"@context\":\"https:\/\/schema.org\",\"@graph\":[{\"@type\":\"WebPage\",\"@id\":\"https:\/\/rckopen.com\/product\/green-indo\/\",\"url\":\"https:\/\/rckopen.com\/product\/green-indo\/\",\"name\":\"Green Indo online kopen- Green Indo te koop | RC kopen\",\"isPartOf\":{\"@id\":\"https:\/\/rckopen.com\/#website\"},\"primaryImageOfPage\":{\"@id\":\"https:\/\/rckopen.com\/product\/green-indo\/#primaryimage\"},\"image\":{\"@id\":\"https:\/\/rckopen.com\/product\/green-indo\/#primaryimage\"},\"thumbnailUrl\":\"https:\/\/rckopen.com\/wp-content\/uploads\/2023\/08\/Green-Indo.jpg\",\"datePublished\":\"2023-08-16T07:04:00+00:00\",\"dateModified\":\"2025-02-06T06:06:26+00:00\",\"description\":\"Als je gepassioneerd bent door Green Indo, dan is onze winkel de beste plek om Green Indo online te kopen. U kunt groene indo te koop hebben tegen de laagste prijs. Bestel nu en ontvang hem binnenkort!\",\"breadcrumb\":{\"@id\":\"https:\/\/rckopen.com\/product\/green-indo\/#breadcrumb\"},\"inLanguage\":\"es\",\"potentialAction\":[{\"@type\":\"ReadAction\",\"target\":[\"https:\/\/rckopen.com\/product\/green-indo\/\"]}]},{\"@type\":\"ImageObject\",\"inLanguage\":\"es\",\"@id\":\"https:\/\/rckopen.com\/product\/green-indo\/#primaryimage\",\"url\":\"https:\/\/rckopen.com\/wp-content\/uploads\/2023\/08\/Green-Indo.jpg\",\"contentUrl\":\"https:\/\/rckopen.com\/wp-content\/uploads\/2023\/08\/Green-Indo.jpg\",\"width\":600,\"height\":600,\"caption\":\"Green Indo online kopen\"},{\"@type\":\"BreadcrumbList\",\"@id\":\"https:\/\/rckopen.com\/product\/green-indo\/#breadcrumb\",\"itemListElement\":[{\"@type\":\"ListItem\",\"position\":1,\"name\":\"Home\",\"item\":\"https:\/\/rckopen.com\/\"},{\"@type\":\"ListItem\",\"position\":2,\"name\":\"Shop\",\"item\":\"https:\/\/rckopen.com\/shop\/\"},{\"@type\":\"ListItem\",\"position\":3,\"name\":\"Green Indo online kopen\"}]},{\"@type\":\"WebSite\",\"@id\":\"https:\/\/rckopen.com\/#website\",\"url\":\"https:\/\/rckopen.com\/\",\"name\":\"RC Kopen\",\"description\":\"Research Chemicals\",\"potentialAction\":[{\"@type\":\"SearchAction\",\"target\":{\"@type\":\"EntryPoint\",\"urlTemplate\":\"https:\/\/rckopen.com\/?s={search_term_string}\"},\"query-input\":{\"@type\":\"PropertyValueSpecification\",\"valueRequired\":true,\"valueName\":\"search_term_string\"}}],\"inLanguage\":\"es\"}]}<\/script>\n<!-- \/ Yoast SEO plugin. -->","yoast_head_json":{"title":"Green Indo online kopen- Green Indo te koop | RC kopen","description":"Als je gepassioneerd bent door Green Indo, dan is onze winkel de beste plek om Green Indo online te kopen. U kunt groene indo te koop hebben tegen de laagste prijs. Bestel nu en ontvang hem binnenkort!","robots":{"index":"index","follow":"follow","max-snippet":"max-snippet:-1","max-image-preview":"max-image-preview:large","max-video-preview":"max-video-preview:-1"},"canonical":"https:\/\/rckopen.com\/es\/producto\/indo-verde\/","og_locale":"es_ES","og_type":"article","og_title":"Green Indo online kopen- Green Indo te koop | RC kopen","og_description":"Als je gepassioneerd bent door Green Indo, dan is onze winkel de beste plek om Green Indo online te kopen. U kunt groene indo te koop hebben tegen de laagste prijs. Bestel nu en ontvang hem binnenkort!","og_url":"https:\/\/rckopen.com\/es\/producto\/indo-verde\/","og_site_name":"RC Kopen","article_modified_time":"2025-02-06T06:06:26+00:00","og_image":[{"width":600,"height":600,"url":"https:\/\/rckopen.com\/wp-content\/uploads\/2023\/08\/Green-Indo.jpg","type":"image\/jpeg"}],"twitter_card":"summary_large_image","twitter_misc":{"Tiempo de lectura":"4 minutos"},"schema":{"@context":"https:\/\/schema.org","@graph":[{"@type":"WebPage","@id":"https:\/\/rckopen.com\/product\/green-indo\/","url":"https:\/\/rckopen.com\/product\/green-indo\/","name":"Green Indo online kopen- Green Indo te koop | RC kopen","isPartOf":{"@id":"https:\/\/rckopen.com\/#website"},"primaryImageOfPage":{"@id":"https:\/\/rckopen.com\/product\/green-indo\/#primaryimage"},"image":{"@id":"https:\/\/rckopen.com\/product\/green-indo\/#primaryimage"},"thumbnailUrl":"https:\/\/rckopen.com\/wp-content\/uploads\/2023\/08\/Green-Indo.jpg","datePublished":"2023-08-16T07:04:00+00:00","dateModified":"2025-02-06T06:06:26+00:00","description":"Als je gepassioneerd bent door Green Indo, dan is onze winkel de beste plek om Green Indo online te kopen. U kunt groene indo te koop hebben tegen de laagste prijs. Bestel nu en ontvang hem binnenkort!","breadcrumb":{"@id":"https:\/\/rckopen.com\/product\/green-indo\/#breadcrumb"},"inLanguage":"es","potentialAction":[{"@type":"ReadAction","target":["https:\/\/rckopen.com\/product\/green-indo\/"]}]},{"@type":"ImageObject","inLanguage":"es","@id":"https:\/\/rckopen.com\/product\/green-indo\/#primaryimage","url":"https:\/\/rckopen.com\/wp-content\/uploads\/2023\/08\/Green-Indo.jpg","contentUrl":"https:\/\/rckopen.com\/wp-content\/uploads\/2023\/08\/Green-Indo.jpg","width":600,"height":600,"caption":"Green Indo online kopen"},{"@type":"BreadcrumbList","@id":"https:\/\/rckopen.com\/product\/green-indo\/#breadcrumb","itemListElement":[{"@type":"ListItem","position":1,"name":"Home","item":"https:\/\/rckopen.com\/"},{"@type":"ListItem","position":2,"name":"Shop","item":"https:\/\/rckopen.com\/shop\/"},{"@type":"ListItem","position":3,"name":"Green Indo online kopen"}]},{"@type":"WebSite","@id":"https:\/\/rckopen.com\/#website","url":"https:\/\/rckopen.com\/","name":"RC Kopen","description":"Research Chemicals","potentialAction":[{"@type":"SearchAction","target":{"@type":"EntryPoint","urlTemplate":"https:\/\/rckopen.com\/?s={search_term_string}"},"query-input":{"@type":"PropertyValueSpecification","valueRequired":true,"valueName":"search_term_string"}}],"inLanguage":"es"}]}},"_links":{"self":[{"href":"https:\/\/rckopen.com\/es\/wp-json\/wp\/v2\/product\/6545","targetHints":{"allow":["GET"]}}],"collection":[{"href":"https:\/\/rckopen.com\/es\/wp-json\/wp\/v2\/product"}],"about":[{"href":"https:\/\/rckopen.com\/es\/wp-json\/wp\/v2\/types\/product"}],"replies":[{"embeddable":true,"href":"https:\/\/rckopen.com\/es\/wp-json\/wp\/v2\/comments?post=6545"}],"wp:featuredmedia":[{"embeddable":true,"href":"https:\/\/rckopen.com\/es\/wp-json\/wp\/v2\/media\/6555"}],"wp:attachment":[{"href":"https:\/\/rckopen.com\/es\/wp-json\/wp\/v2\/media?parent=6545"}],"wp:term":[{"taxonomy":"product_brand","embeddable":true,"href":"https:\/\/rckopen.com\/es\/wp-json\/wp\/v2\/product_brand?post=6545"},{"taxonomy":"product_cat","embeddable":true,"href":"https:\/\/rckopen.com\/es\/wp-json\/wp\/v2\/product_cat?post=6545"},{"taxonomy":"product_tag","embeddable":true,"href":"https:\/\/rckopen.com\/es\/wp-json\/wp\/v2\/product_tag?post=6545"}],"curies":[{"name":"wp","href":"https:\/\/api.w.org\/{rel}","templated":true}]}}