{"id":6546,"date":"2023-08-16T07:04:39","date_gmt":"2023-08-16T07:04:39","guid":{"rendered":"https:\/\/diligentplug.com\/chems\/?post_type=product&#038;p=6546"},"modified":"2025-02-06T06:18:33","modified_gmt":"2025-02-06T06:18:33","slug":"green-kapuas","status":"publish","type":"product","link":"https:\/\/rckopen.com\/es\/producto\/kapuas-verdes\/","title":{"rendered":"Comprar Kapuas verdes online"},"content":{"rendered":"<h2><ins datetime=\"2023-09-06T07:09:14+00:00\"><\/ins>Comprar Kapuas verdes online<\/h2>\n<p>Pocas cepas pueden igualar nuestra <a href=\"https:\/\/rckopen.com\/es\/producto\/kapuas-verdes\/\">Kapuas verdes<\/a> La puret\u00e9 et la puissance de la poudre pour une v\u00e9ritable exp\u00e9rience Kapuas. La r\u00e9gion de Kapuas Hulu en Indon\u00e9sie est la source de cette souche, qui est utilis\u00e9e depuis des mill\u00e9naires par des communaut\u00e9s indig\u00e8nes comme les Iban et les Silat. Kats Botanicals s'approvisionne en cette souche \u00e0 cet endroit. Notre poudre de Kapuas verte est r\u00e9put\u00e9e pour ses avantages durables et sa fiabilit\u00e9 en tant que souche Kapuas forte, et elle est cultiv\u00e9e par des agriculteurs qui ont \u00e9t\u00e9 contr\u00f4l\u00e9s pour utiliser des m\u00e9thodes agricoles \u00e9thiques. Les tiges des feuilles de Kapuas sont coup\u00e9es et s\u00e9ch\u00e9es \u00e0 l'int\u00e9rieur pour fournir la teinte vert fonc\u00e9 associ\u00e9e \u00e0 cette souche. De nombreux utilisateurs de Kapuas ne jurent que par le profil alcalo\u00efde tr\u00e8s recherch\u00e9 qui est produit par cette m\u00e9thode de traitement particuli\u00e8re. C'est avec fiert\u00e9 que nous pr\u00e9sentons cette souche exotique de Kapuas \u00e0 nos clients tout en adh\u00e9rant strictement \u00e0 notre garantie de satisfaction de 30 jours et \u00e0 nos bonnes pratiques de fabrication.<\/p>\n<h3>Historia de Green Kapuas<\/h3>\n<p>En la actualidad, las variedades de Kapuas de vena verde se han utilizado para promover el bienestar en todo el mundo. Sin embargo, las verdaderas ra\u00edces de esta variedad se encuentran en el sudeste asi\u00e1tico, ya que el \u00e1rbol de Kapuas solo se encuentra all\u00ed de forma natural. Es bien sabido que el polvo de Kapuas verde tiene efectos fuertes que duran m\u00e1s que los de muchas otras variedades de la misma categor\u00eda. Desde 2016, Kats Botanicals ofrece polvo de Kapuas verde de primera calidad probado en laboratorio y, durante ese tiempo, esta variedad ha estado entre nuestros productos m\u00e1s vendidos. Descubra por qu\u00e9 prob\u00e1ndolo. <a href=\"https:\/\/rckopen.com\/es\/\">RC Kopen<\/a><\/p>\n<h3>Polvo de Kapuas verde de Kat: \u00bfPor qu\u00e9 elegirlo?<\/h3>\n<p>El procesamiento de polvos de hierbas sin prestar mucha atenci\u00f3n a los detalles puede introducir contaminantes como metales pesados \u200b\u200by microorganismos. En el caso de Kapuas, esto es particularmente cierto. Por lo tanto, Kats Botanicals realiza pruebas de laboratorio por lotes en cada env\u00edo importado para garantizar que nuestros clientes reciban solo el polvo de Kapuas verde m\u00e1s puro y limpio disponible en el mercado. Puede confiar en Kapuas de esa manera. \u00a1Eso es lo que hace que Kats Botanicals sea \u00fanico!<\/p>","protected":false},"excerpt":{"rendered":"<p><strong>Forma: <\/strong>polvo<\/p>\n<p><strong>An\u00e1lisis por RMN: <\/strong>N\/A<\/p>","protected":false},"featured_media":6556,"comment_status":"open","ping_status":"closed","template":"","meta":{"_joinchat":[]},"product_brand":[],"product_cat":[139],"product_tag":[],"class_list":{"0":"post-6546","1":"product","2":"type-product","3":"status-publish","4":"has-post-thumbnail","6":"product_cat-kratom","8":"first","9":"instock","10":"shipping-taxable","11":"purchasable","12":"product-type-variable"},"yoast_head":"<!-- This site is optimized with the Yoast SEO plugin v26.3 - https:\/\/yoast.com\/wordpress\/plugins\/seo\/ -->\n<title>Green Kapuas online kopen - Green Kapuas te koop<\/title>\n<meta name=\"description\" content=\"Als je Green Kapuas online wilt kopen, dan is een bezoek aan onze online RC Kopen winkel de beste optie. Wij hebben Green Kapuas te koop. Plaats nu uw bestelling!\" \/>\n<meta name=\"robots\" content=\"index, follow, max-snippet:-1, max-image-preview:large, max-video-preview:-1\" \/>\n<link rel=\"canonical\" href=\"https:\/\/rckopen.com\/es\/producto\/kapuas-verdes\/\" \/>\n<meta property=\"og:locale\" content=\"es_ES\" \/>\n<meta property=\"og:type\" content=\"article\" \/>\n<meta property=\"og:title\" content=\"Green Kapuas online kopen - Green Kapuas te koop\" \/>\n<meta property=\"og:description\" content=\"Als je Green Kapuas online wilt kopen, dan is een bezoek aan onze online RC Kopen winkel de beste optie. Wij hebben Green Kapuas te koop. Plaats nu uw bestelling!\" \/>\n<meta property=\"og:url\" content=\"https:\/\/rckopen.com\/es\/producto\/kapuas-verdes\/\" \/>\n<meta property=\"og:site_name\" content=\"RC Kopen\" \/>\n<meta property=\"article:modified_time\" content=\"2025-02-06T06:18:33+00:00\" \/>\n<meta property=\"og:image\" content=\"https:\/\/rckopen.com\/wp-content\/uploads\/2023\/08\/Green-Kapuas.jpg\" \/>\n\t<meta property=\"og:image:width\" content=\"600\" \/>\n\t<meta property=\"og:image:height\" content=\"600\" \/>\n\t<meta property=\"og:image:type\" content=\"image\/jpeg\" \/>\n<meta name=\"twitter:card\" content=\"summary_large_image\" \/>\n<meta name=\"twitter:label1\" content=\"Tiempo de lectura\" \/>\n\t<meta name=\"twitter:data1\" content=\"2 minutos\" \/>\n<script type=\"application\/ld+json\" class=\"yoast-schema-graph\">{\"@context\":\"https:\/\/schema.org\",\"@graph\":[{\"@type\":\"WebPage\",\"@id\":\"https:\/\/rckopen.com\/product\/green-kapuas\/\",\"url\":\"https:\/\/rckopen.com\/product\/green-kapuas\/\",\"name\":\"Green Kapuas online kopen - Green Kapuas te koop\",\"isPartOf\":{\"@id\":\"https:\/\/rckopen.com\/#website\"},\"primaryImageOfPage\":{\"@id\":\"https:\/\/rckopen.com\/product\/green-kapuas\/#primaryimage\"},\"image\":{\"@id\":\"https:\/\/rckopen.com\/product\/green-kapuas\/#primaryimage\"},\"thumbnailUrl\":\"https:\/\/rckopen.com\/wp-content\/uploads\/2023\/08\/Green-Kapuas.jpg\",\"datePublished\":\"2023-08-16T07:04:39+00:00\",\"dateModified\":\"2025-02-06T06:18:33+00:00\",\"description\":\"Als je Green Kapuas online wilt kopen, dan is een bezoek aan onze online RC Kopen winkel de beste optie. Wij hebben Green Kapuas te koop. Plaats nu uw bestelling!\",\"breadcrumb\":{\"@id\":\"https:\/\/rckopen.com\/product\/green-kapuas\/#breadcrumb\"},\"inLanguage\":\"es\",\"potentialAction\":[{\"@type\":\"ReadAction\",\"target\":[\"https:\/\/rckopen.com\/product\/green-kapuas\/\"]}]},{\"@type\":\"ImageObject\",\"inLanguage\":\"es\",\"@id\":\"https:\/\/rckopen.com\/product\/green-kapuas\/#primaryimage\",\"url\":\"https:\/\/rckopen.com\/wp-content\/uploads\/2023\/08\/Green-Kapuas.jpg\",\"contentUrl\":\"https:\/\/rckopen.com\/wp-content\/uploads\/2023\/08\/Green-Kapuas.jpg\",\"width\":600,\"height\":600,\"caption\":\"Green Kapuas online kopen\"},{\"@type\":\"BreadcrumbList\",\"@id\":\"https:\/\/rckopen.com\/product\/green-kapuas\/#breadcrumb\",\"itemListElement\":[{\"@type\":\"ListItem\",\"position\":1,\"name\":\"Home\",\"item\":\"https:\/\/rckopen.com\/\"},{\"@type\":\"ListItem\",\"position\":2,\"name\":\"Shop\",\"item\":\"https:\/\/rckopen.com\/shop\/\"},{\"@type\":\"ListItem\",\"position\":3,\"name\":\"Green Kapuas online kopen\"}]},{\"@type\":\"WebSite\",\"@id\":\"https:\/\/rckopen.com\/#website\",\"url\":\"https:\/\/rckopen.com\/\",\"name\":\"RC Kopen\",\"description\":\"Research Chemicals\",\"potentialAction\":[{\"@type\":\"SearchAction\",\"target\":{\"@type\":\"EntryPoint\",\"urlTemplate\":\"https:\/\/rckopen.com\/?s={search_term_string}\"},\"query-input\":{\"@type\":\"PropertyValueSpecification\",\"valueRequired\":true,\"valueName\":\"search_term_string\"}}],\"inLanguage\":\"es\"}]}<\/script>\n<!-- \/ Yoast SEO plugin. -->","yoast_head_json":{"title":"Green Kapuas online kopen - Green Kapuas te koop","description":"Als je Green Kapuas online wilt kopen, dan is een bezoek aan onze online RC Kopen winkel de beste optie. Wij hebben Green Kapuas te koop. Plaats nu uw bestelling!","robots":{"index":"index","follow":"follow","max-snippet":"max-snippet:-1","max-image-preview":"max-image-preview:large","max-video-preview":"max-video-preview:-1"},"canonical":"https:\/\/rckopen.com\/es\/producto\/kapuas-verdes\/","og_locale":"es_ES","og_type":"article","og_title":"Green Kapuas online kopen - Green Kapuas te koop","og_description":"Als je Green Kapuas online wilt kopen, dan is een bezoek aan onze online RC Kopen winkel de beste optie. Wij hebben Green Kapuas te koop. Plaats nu uw bestelling!","og_url":"https:\/\/rckopen.com\/es\/producto\/kapuas-verdes\/","og_site_name":"RC Kopen","article_modified_time":"2025-02-06T06:18:33+00:00","og_image":[{"width":600,"height":600,"url":"https:\/\/rckopen.com\/wp-content\/uploads\/2023\/08\/Green-Kapuas.jpg","type":"image\/jpeg"}],"twitter_card":"summary_large_image","twitter_misc":{"Tiempo de lectura":"2 minutos"},"schema":{"@context":"https:\/\/schema.org","@graph":[{"@type":"WebPage","@id":"https:\/\/rckopen.com\/product\/green-kapuas\/","url":"https:\/\/rckopen.com\/product\/green-kapuas\/","name":"Green Kapuas online kopen - Green Kapuas te koop","isPartOf":{"@id":"https:\/\/rckopen.com\/#website"},"primaryImageOfPage":{"@id":"https:\/\/rckopen.com\/product\/green-kapuas\/#primaryimage"},"image":{"@id":"https:\/\/rckopen.com\/product\/green-kapuas\/#primaryimage"},"thumbnailUrl":"https:\/\/rckopen.com\/wp-content\/uploads\/2023\/08\/Green-Kapuas.jpg","datePublished":"2023-08-16T07:04:39+00:00","dateModified":"2025-02-06T06:18:33+00:00","description":"Als je Green Kapuas online wilt kopen, dan is een bezoek aan onze online RC Kopen winkel de beste optie. Wij hebben Green Kapuas te koop. Plaats nu uw bestelling!","breadcrumb":{"@id":"https:\/\/rckopen.com\/product\/green-kapuas\/#breadcrumb"},"inLanguage":"es","potentialAction":[{"@type":"ReadAction","target":["https:\/\/rckopen.com\/product\/green-kapuas\/"]}]},{"@type":"ImageObject","inLanguage":"es","@id":"https:\/\/rckopen.com\/product\/green-kapuas\/#primaryimage","url":"https:\/\/rckopen.com\/wp-content\/uploads\/2023\/08\/Green-Kapuas.jpg","contentUrl":"https:\/\/rckopen.com\/wp-content\/uploads\/2023\/08\/Green-Kapuas.jpg","width":600,"height":600,"caption":"Green Kapuas online kopen"},{"@type":"BreadcrumbList","@id":"https:\/\/rckopen.com\/product\/green-kapuas\/#breadcrumb","itemListElement":[{"@type":"ListItem","position":1,"name":"Home","item":"https:\/\/rckopen.com\/"},{"@type":"ListItem","position":2,"name":"Shop","item":"https:\/\/rckopen.com\/shop\/"},{"@type":"ListItem","position":3,"name":"Green Kapuas online kopen"}]},{"@type":"WebSite","@id":"https:\/\/rckopen.com\/#website","url":"https:\/\/rckopen.com\/","name":"RC Kopen","description":"Research Chemicals","potentialAction":[{"@type":"SearchAction","target":{"@type":"EntryPoint","urlTemplate":"https:\/\/rckopen.com\/?s={search_term_string}"},"query-input":{"@type":"PropertyValueSpecification","valueRequired":true,"valueName":"search_term_string"}}],"inLanguage":"es"}]}},"_links":{"self":[{"href":"https:\/\/rckopen.com\/es\/wp-json\/wp\/v2\/product\/6546","targetHints":{"allow":["GET"]}}],"collection":[{"href":"https:\/\/rckopen.com\/es\/wp-json\/wp\/v2\/product"}],"about":[{"href":"https:\/\/rckopen.com\/es\/wp-json\/wp\/v2\/types\/product"}],"replies":[{"embeddable":true,"href":"https:\/\/rckopen.com\/es\/wp-json\/wp\/v2\/comments?post=6546"}],"wp:featuredmedia":[{"embeddable":true,"href":"https:\/\/rckopen.com\/es\/wp-json\/wp\/v2\/media\/6556"}],"wp:attachment":[{"href":"https:\/\/rckopen.com\/es\/wp-json\/wp\/v2\/media?parent=6546"}],"wp:term":[{"taxonomy":"product_brand","embeddable":true,"href":"https:\/\/rckopen.com\/es\/wp-json\/wp\/v2\/product_brand?post=6546"},{"taxonomy":"product_cat","embeddable":true,"href":"https:\/\/rckopen.com\/es\/wp-json\/wp\/v2\/product_cat?post=6546"},{"taxonomy":"product_tag","embeddable":true,"href":"https:\/\/rckopen.com\/es\/wp-json\/wp\/v2\/product_tag?post=6546"}],"curies":[{"name":"wp","href":"https:\/\/api.w.org\/{rel}","templated":true}]}}