{"id":6547,"date":"2023-08-16T07:05:44","date_gmt":"2023-08-16T07:05:44","guid":{"rendered":"https:\/\/diligentplug.com\/chems\/?post_type=product&#038;p=6547"},"modified":"2025-02-03T10:45:10","modified_gmt":"2025-02-03T10:45:10","slug":"green-cambodian","status":"publish","type":"product","link":"https:\/\/rckopen.com\/es\/producto\/green-cambodian\/","title":{"rendered":"Comprar Camboya Verde en l\u00ednea"},"content":{"rendered":"<h2>Comprar Camboya Verde en l\u00ednea<\/h2>\n<p><a href=\"https:\/\/rckopen.com\/es\/producto\/green-cambodian\/\">Comprar Camboya Verde en l\u00ednea<\/a>, <a href=\"https:\/\/en.wikipedia.org\/wiki\/Cambodia\">Cambodjaanse<\/a> Kratom en versi\u00f3n verde. Este kratom tiene un color verde muy intenso y es bastante popular entre los compradores. Convence por su fineza, alta calidad y, por supuesto, sus precios favorables. Cuanto mayor sea la cantidad, menor ser\u00e1 nuestro precio por kilo.<a href=\"https:\/\/rckopen.com\/es\/producto\/green-bentuangie\/\">.<\/a><\/p>\n<table class=\"ecwid-description-table\">\n<tbody>\n<tr>\n<td><u data-redactor-tag=\"u\">Color:<\/u><\/td>\n<td>Verde<\/td>\n<\/tr>\n<\/tbody>\n<\/table>\n<table class=\"ecwid-description-table\" style=\"width: 103.68%; height: 462px;\">\n<tbody>\n<tr>\n<td><u data-redactor-tag=\"u\">Forma:<\/u><\/td>\n<td>Polvo finamente molido<\/td>\n<\/tr>\n<tr>\n<td><u data-redactor-tag=\"u\">Muestra de la misma variedad:<\/u><\/td>\n<td>De 100 gramos = 10 gramos de muestra<\/td>\n<\/tr>\n<tr>\n<td><u data-redactor-tag=\"u\">Embalaje:<\/u><\/td>\n<td>Doypack ligero y liviano<\/td>\n<\/tr>\n<tr>\n<td>Condiciones de venta:<\/td>\n<td>El pigmento colorante de origen vegetal s\u00f3lo sirve para te\u00f1ir o colorear.<br \/>\nLos pigmentos de color no deben entrar en contacto con los ojos. Si entra en contacto con los ojos, enju\u00e1guelos con agua limpia. Si la irritaci\u00f3n persiste, consulte a un m\u00e9dico. El pigmento de color no es apto para el consumo, sino \u00fanicamente para te\u00f1ir textiles, cer\u00e1micas, velas, etc. o para artistas que quieran realizar bellas pinturas.<\/p>\n<p>\u00a1Mantenga el pigmento de color fuera del alcance de los ni\u00f1os! Comprar Camboya Verde<\/td>\n<\/tr>\n<\/tbody>\n<\/table>\n<p><a href=\"https:\/\/rckopen.com\/es\/\">rckopen.com<\/a> ofrece productos que no est\u00e1n destinados al consumo humano. Si consume este producto (sin intenci\u00f3n), puede tener consecuencias m\u00e9dicas graves.<a href=\"https:\/\/en.wikipedia.org\/wiki\/Mitragyna_speciosa\">.<\/a><\/p>","protected":false},"excerpt":{"rendered":"<p><strong>Forma: <\/strong>polvo<\/p>\n<p><strong>An\u00e1lisis por RMN: <\/strong>N\/A<\/p>","protected":false},"featured_media":6557,"comment_status":"open","ping_status":"closed","template":"","meta":{"_joinchat":[]},"product_brand":[],"product_cat":[139],"product_tag":[],"class_list":{"0":"post-6547","1":"product","2":"type-product","3":"status-publish","4":"has-post-thumbnail","6":"product_cat-kratom","8":"first","9":"instock","10":"shipping-taxable","11":"purchasable","12":"product-type-variable"},"yoast_head":"<!-- This site is optimized with the Yoast SEO plugin v26.3 - https:\/\/yoast.com\/wordpress\/plugins\/seo\/ -->\n<title>Green Cambodian online kopen - Green Cambodian online te koop<\/title>\n<meta name=\"description\" content=\"Mis geen enkele kans om Green Cambodian online te kopen bij onze Rckopen. We hebben uitsluitend te maken met Green Cambodian die te koop zijn tegen goedkope tarieven. Wij zijn hier om u te helpen. Bestel nu!\" \/>\n<meta name=\"robots\" content=\"index, follow, max-snippet:-1, max-image-preview:large, max-video-preview:-1\" \/>\n<link rel=\"canonical\" href=\"https:\/\/rckopen.com\/es\/producto\/green-cambodian\/\" \/>\n<meta property=\"og:locale\" content=\"es_ES\" \/>\n<meta property=\"og:type\" content=\"article\" \/>\n<meta property=\"og:title\" content=\"Green Cambodian online kopen - Green Cambodian online te koop\" \/>\n<meta property=\"og:description\" content=\"Mis geen enkele kans om Green Cambodian online te kopen bij onze Rckopen. We hebben uitsluitend te maken met Green Cambodian die te koop zijn tegen goedkope tarieven. Wij zijn hier om u te helpen. Bestel nu!\" \/>\n<meta property=\"og:url\" content=\"https:\/\/rckopen.com\/es\/producto\/green-cambodian\/\" \/>\n<meta property=\"og:site_name\" content=\"RC Kopen\" \/>\n<meta property=\"article:modified_time\" content=\"2025-02-03T10:45:10+00:00\" \/>\n<meta property=\"og:image\" content=\"https:\/\/rckopen.com\/wp-content\/uploads\/2023\/08\/Green-Cambodian.jpg\" \/>\n\t<meta property=\"og:image:width\" content=\"600\" \/>\n\t<meta property=\"og:image:height\" content=\"600\" \/>\n\t<meta property=\"og:image:type\" content=\"image\/jpeg\" \/>\n<meta name=\"twitter:card\" content=\"summary_large_image\" \/>\n<meta name=\"twitter:label1\" content=\"Tiempo de lectura\" \/>\n\t<meta name=\"twitter:data1\" content=\"1 minuto\" \/>\n<script type=\"application\/ld+json\" class=\"yoast-schema-graph\">{\"@context\":\"https:\/\/schema.org\",\"@graph\":[{\"@type\":\"WebPage\",\"@id\":\"https:\/\/rckopen.com\/product\/green-cambodian\/\",\"url\":\"https:\/\/rckopen.com\/product\/green-cambodian\/\",\"name\":\"Green Cambodian online kopen - Green Cambodian online te koop\",\"isPartOf\":{\"@id\":\"https:\/\/rckopen.com\/#website\"},\"primaryImageOfPage\":{\"@id\":\"https:\/\/rckopen.com\/product\/green-cambodian\/#primaryimage\"},\"image\":{\"@id\":\"https:\/\/rckopen.com\/product\/green-cambodian\/#primaryimage\"},\"thumbnailUrl\":\"https:\/\/rckopen.com\/wp-content\/uploads\/2023\/08\/Green-Cambodian.jpg\",\"datePublished\":\"2023-08-16T07:05:44+00:00\",\"dateModified\":\"2025-02-03T10:45:10+00:00\",\"description\":\"Mis geen enkele kans om Green Cambodian online te kopen bij onze Rckopen. We hebben uitsluitend te maken met Green Cambodian die te koop zijn tegen goedkope tarieven. Wij zijn hier om u te helpen. Bestel nu!\",\"breadcrumb\":{\"@id\":\"https:\/\/rckopen.com\/product\/green-cambodian\/#breadcrumb\"},\"inLanguage\":\"es\",\"potentialAction\":[{\"@type\":\"ReadAction\",\"target\":[\"https:\/\/rckopen.com\/product\/green-cambodian\/\"]}]},{\"@type\":\"ImageObject\",\"inLanguage\":\"es\",\"@id\":\"https:\/\/rckopen.com\/product\/green-cambodian\/#primaryimage\",\"url\":\"https:\/\/rckopen.com\/wp-content\/uploads\/2023\/08\/Green-Cambodian.jpg\",\"contentUrl\":\"https:\/\/rckopen.com\/wp-content\/uploads\/2023\/08\/Green-Cambodian.jpg\",\"width\":600,\"height\":600,\"caption\":\"Green-Cambodian online kopen\"},{\"@type\":\"BreadcrumbList\",\"@id\":\"https:\/\/rckopen.com\/product\/green-cambodian\/#breadcrumb\",\"itemListElement\":[{\"@type\":\"ListItem\",\"position\":1,\"name\":\"Home\",\"item\":\"https:\/\/rckopen.com\/\"},{\"@type\":\"ListItem\",\"position\":2,\"name\":\"Shop\",\"item\":\"https:\/\/rckopen.com\/shop\/\"},{\"@type\":\"ListItem\",\"position\":3,\"name\":\"Green Cambodian online kopen\"}]},{\"@type\":\"WebSite\",\"@id\":\"https:\/\/rckopen.com\/#website\",\"url\":\"https:\/\/rckopen.com\/\",\"name\":\"RC Kopen\",\"description\":\"Research Chemicals\",\"potentialAction\":[{\"@type\":\"SearchAction\",\"target\":{\"@type\":\"EntryPoint\",\"urlTemplate\":\"https:\/\/rckopen.com\/?s={search_term_string}\"},\"query-input\":{\"@type\":\"PropertyValueSpecification\",\"valueRequired\":true,\"valueName\":\"search_term_string\"}}],\"inLanguage\":\"es\"}]}<\/script>\n<!-- \/ Yoast SEO plugin. -->","yoast_head_json":{"title":"Green Cambodian online kopen - Green Cambodian online te koop","description":"Mis geen enkele kans om Green Cambodian online te kopen bij onze Rckopen. We hebben uitsluitend te maken met Green Cambodian die te koop zijn tegen goedkope tarieven. Wij zijn hier om u te helpen. Bestel nu!","robots":{"index":"index","follow":"follow","max-snippet":"max-snippet:-1","max-image-preview":"max-image-preview:large","max-video-preview":"max-video-preview:-1"},"canonical":"https:\/\/rckopen.com\/es\/producto\/green-cambodian\/","og_locale":"es_ES","og_type":"article","og_title":"Green Cambodian online kopen - Green Cambodian online te koop","og_description":"Mis geen enkele kans om Green Cambodian online te kopen bij onze Rckopen. We hebben uitsluitend te maken met Green Cambodian die te koop zijn tegen goedkope tarieven. Wij zijn hier om u te helpen. Bestel nu!","og_url":"https:\/\/rckopen.com\/es\/producto\/green-cambodian\/","og_site_name":"RC Kopen","article_modified_time":"2025-02-03T10:45:10+00:00","og_image":[{"width":600,"height":600,"url":"https:\/\/rckopen.com\/wp-content\/uploads\/2023\/08\/Green-Cambodian.jpg","type":"image\/jpeg"}],"twitter_card":"summary_large_image","twitter_misc":{"Tiempo de lectura":"1 minuto"},"schema":{"@context":"https:\/\/schema.org","@graph":[{"@type":"WebPage","@id":"https:\/\/rckopen.com\/product\/green-cambodian\/","url":"https:\/\/rckopen.com\/product\/green-cambodian\/","name":"Green Cambodian online kopen - Green Cambodian online te koop","isPartOf":{"@id":"https:\/\/rckopen.com\/#website"},"primaryImageOfPage":{"@id":"https:\/\/rckopen.com\/product\/green-cambodian\/#primaryimage"},"image":{"@id":"https:\/\/rckopen.com\/product\/green-cambodian\/#primaryimage"},"thumbnailUrl":"https:\/\/rckopen.com\/wp-content\/uploads\/2023\/08\/Green-Cambodian.jpg","datePublished":"2023-08-16T07:05:44+00:00","dateModified":"2025-02-03T10:45:10+00:00","description":"Mis geen enkele kans om Green Cambodian online te kopen bij onze Rckopen. We hebben uitsluitend te maken met Green Cambodian die te koop zijn tegen goedkope tarieven. Wij zijn hier om u te helpen. Bestel nu!","breadcrumb":{"@id":"https:\/\/rckopen.com\/product\/green-cambodian\/#breadcrumb"},"inLanguage":"es","potentialAction":[{"@type":"ReadAction","target":["https:\/\/rckopen.com\/product\/green-cambodian\/"]}]},{"@type":"ImageObject","inLanguage":"es","@id":"https:\/\/rckopen.com\/product\/green-cambodian\/#primaryimage","url":"https:\/\/rckopen.com\/wp-content\/uploads\/2023\/08\/Green-Cambodian.jpg","contentUrl":"https:\/\/rckopen.com\/wp-content\/uploads\/2023\/08\/Green-Cambodian.jpg","width":600,"height":600,"caption":"Green-Cambodian online kopen"},{"@type":"BreadcrumbList","@id":"https:\/\/rckopen.com\/product\/green-cambodian\/#breadcrumb","itemListElement":[{"@type":"ListItem","position":1,"name":"Home","item":"https:\/\/rckopen.com\/"},{"@type":"ListItem","position":2,"name":"Shop","item":"https:\/\/rckopen.com\/shop\/"},{"@type":"ListItem","position":3,"name":"Green Cambodian online kopen"}]},{"@type":"WebSite","@id":"https:\/\/rckopen.com\/#website","url":"https:\/\/rckopen.com\/","name":"RC Kopen","description":"Research Chemicals","potentialAction":[{"@type":"SearchAction","target":{"@type":"EntryPoint","urlTemplate":"https:\/\/rckopen.com\/?s={search_term_string}"},"query-input":{"@type":"PropertyValueSpecification","valueRequired":true,"valueName":"search_term_string"}}],"inLanguage":"es"}]}},"_links":{"self":[{"href":"https:\/\/rckopen.com\/es\/wp-json\/wp\/v2\/product\/6547","targetHints":{"allow":["GET"]}}],"collection":[{"href":"https:\/\/rckopen.com\/es\/wp-json\/wp\/v2\/product"}],"about":[{"href":"https:\/\/rckopen.com\/es\/wp-json\/wp\/v2\/types\/product"}],"replies":[{"embeddable":true,"href":"https:\/\/rckopen.com\/es\/wp-json\/wp\/v2\/comments?post=6547"}],"wp:featuredmedia":[{"embeddable":true,"href":"https:\/\/rckopen.com\/es\/wp-json\/wp\/v2\/media\/6557"}],"wp:attachment":[{"href":"https:\/\/rckopen.com\/es\/wp-json\/wp\/v2\/media?parent=6547"}],"wp:term":[{"taxonomy":"product_brand","embeddable":true,"href":"https:\/\/rckopen.com\/es\/wp-json\/wp\/v2\/product_brand?post=6547"},{"taxonomy":"product_cat","embeddable":true,"href":"https:\/\/rckopen.com\/es\/wp-json\/wp\/v2\/product_cat?post=6547"},{"taxonomy":"product_tag","embeddable":true,"href":"https:\/\/rckopen.com\/es\/wp-json\/wp\/v2\/product_tag?post=6547"}],"curies":[{"name":"wp","href":"https:\/\/api.w.org\/{rel}","templated":true}]}}