{"id":6549,"date":"2023-08-16T07:07:19","date_gmt":"2023-08-16T07:07:19","guid":{"rendered":"https:\/\/diligentplug.com\/chems\/?post_type=product&#038;p=6549"},"modified":"2025-02-06T06:30:02","modified_gmt":"2025-02-06T06:30:02","slug":"green-papua","status":"publish","type":"product","link":"https:\/\/rckopen.com\/es\/producto\/papua-verde\/","title":{"rendered":"Comprar Papua Verde en l\u00ednea"},"content":{"rendered":"<h2>Comprar Papua Verde en l\u00ednea<\/h2>\n<h3>Cepa de Papua Verde<\/h3>\n<p>Una cepa h\u00edbrida vivaz, <a href=\"https:\/\/rckopen.com\/es\/producto\/papua-verde\/\">pap\u00faa verde<\/a> Combina potentes aromas frutales con efectos equilibrados. Esta cepa, conocida por sus efectos estimulantes y calmantes, es perfecta para relajarse y mantener la claridad mental y la concentraci\u00f3n.<\/p>\n<h3>Mirar<\/h3>\n<p>Con una cubierta escarchada de tricomas brillantes, la papua verde exhibe flores densas y vibrantes con tonos naranja, violeta y verde. Su calidad superior se refleja en su apariencia llamativa.<\/p>\n<h3>Fragancias<\/h3>\n<p>Con notas de c\u00edtricos tropicales y matices cremosos, esta variedad tiene un aroma agradable y afrutado. Su aroma es tentador, revitalizante y recuerda a un postre de verano.<\/p>\n<h3>Gusto<\/h3>\n<p>Con aromas c\u00edtricos picantes y un final suave y cremoso, la papua verde ofrece una r\u00e1faga de dulzura afrutada en el sabor. Su perfil de sabor es rico y vivaz, tan agradable como su nombre lo indica.<\/p>\n<h3>Impactos<\/h3>\n<p>La papua verde ofrece una experiencia h\u00edbrida completa, que comienza con un subid\u00f3n mental estimulante que mejora el estado de \u00e1nimo y la concentraci\u00f3n. La relajaci\u00f3n f\u00edsica calmante que sigue al subid\u00f3n la hace ideal para una variedad de tareas, desde esfuerzos creativos hasta para relajarse al final del d\u00eda. <a href=\"https:\/\/rckopen.com\/es\/\">RC Kopen<\/a><\/p>\n<h3>Aspectos destacados del producto<\/h3>\n<ul>\n<li><strong>Aroma:<\/strong> C\u00edtricos tropicales, cremosos, dulces y afrutados.<\/li>\n<li><strong>Sabor:<\/strong> C\u00edtricos picantes, dulces afrutados, cremosos suaves<\/li>\n<li><strong>Positiva:<\/strong>\u00a0Efectos calmantes y equilibrados.<\/li>\n<li><strong>Tipo:<\/strong> Mezclada<\/li>\n<li><strong>Fortaleza:<\/strong> 27.90%<\/li>\n<li><strong>Terpenos:<\/strong> Cariofileno, mirceno y limoneno<\/li>\n<\/ul>\n<h3>Uso \u00f3ptimo<\/h3>\n<p>La papua verde es ideal para actividades creativas, reuniones y veladas relajadas. Debido a sus efectos equilibrados, se puede utilizar tanto de d\u00eda como de noche.<\/p>\n<h3>Preguntas frecuentes sobre Green Papua<\/h3>\n<ul>\n<li><strong>\u00bfQu\u00e9 impacto tiene la Pap\u00faa Verde?<\/strong><br \/>\nRelajaci\u00f3n pac\u00edfica combinada con vitalidad estimulante.<\/li>\n<li><strong>\u00bfCu\u00e1l es el sabor de la papua verde?<\/strong><br \/>\nUn final cremoso, c\u00edtricos picantes y una explosi\u00f3n dulce y afrutada.<\/li>\n<li><strong>\u00bfPara qui\u00e9n es apropiada la papua verde?<\/strong><br \/>\nExcelente para los fan\u00e1ticos de los h\u00edbridos que buscan una experiencia sabrosa y adaptable.<\/li>\n<li><strong>\u00bfEs la papua verde apropiada para principiantes?<\/strong><br \/>\nS\u00ed, la mayor\u00eda de las usuarias pueden obtener sus efectos bien equilibrados.<\/li>\n<li><strong>\u00bfQu\u00e9 momento del d\u00eda es ideal para utilizar papua verde?<\/strong><br \/>\nPerfecto para concentrarse durante el d\u00eda o relajarse por la noche.<\/li>\n<\/ul>\n<h3>Ten cuidado<\/h3>\n<ul>\n<li>\u00daselo con prudencia; mant\u00e9ngase alejado de maquinaria o veh\u00edculos en funcionamiento.<\/li>\n<li>Mantener fuera del alcance de los ni\u00f1os y las mascotas.<\/li>\n<li>Si tiene alg\u00fan problema de salud, hable con un profesional sanitario.<\/li>\n<\/ul>","protected":false},"excerpt":{"rendered":"<p><strong>Forma: <\/strong>polvo<\/p>\n<p><strong>An\u00e1lisis por RMN: <\/strong>N\/A<\/p>","protected":false},"featured_media":6560,"comment_status":"open","ping_status":"closed","template":"","meta":{"_joinchat":[]},"product_brand":[],"product_cat":[139],"product_tag":[],"class_list":{"0":"post-6549","1":"product","2":"type-product","3":"status-publish","4":"has-post-thumbnail","6":"product_cat-kratom","8":"first","9":"instock","10":"shipping-taxable","11":"purchasable","12":"product-type-variable"},"yoast_head":"<!-- This site is optimized with the Yoast SEO plugin v26.3 - https:\/\/yoast.com\/wordpress\/plugins\/seo\/ -->\n<title>Green Papua online kopen - Groen Papua te koop | RC Kopen<\/title>\n<meta name=\"description\" content=\"Onze online rc kopen winkel heeft de beste kwaliteit green papua te koop. Als u green papua online wilt kopen, dan kunnen wij u van alle kanten helpen. Bestel vandaag nog!\" \/>\n<meta name=\"robots\" content=\"index, follow, max-snippet:-1, max-image-preview:large, max-video-preview:-1\" \/>\n<link rel=\"canonical\" href=\"https:\/\/rckopen.com\/es\/producto\/papua-verde\/\" \/>\n<meta property=\"og:locale\" content=\"es_ES\" \/>\n<meta property=\"og:type\" content=\"article\" \/>\n<meta property=\"og:title\" content=\"Green Papua online kopen - Groen Papua te koop | RC Kopen\" \/>\n<meta property=\"og:description\" content=\"Onze online rc kopen winkel heeft de beste kwaliteit green papua te koop. Als u green papua online wilt kopen, dan kunnen wij u van alle kanten helpen. Bestel vandaag nog!\" \/>\n<meta property=\"og:url\" content=\"https:\/\/rckopen.com\/es\/producto\/papua-verde\/\" \/>\n<meta property=\"og:site_name\" content=\"RC Kopen\" \/>\n<meta property=\"article:modified_time\" content=\"2025-02-06T06:30:02+00:00\" \/>\n<meta property=\"og:image\" content=\"https:\/\/rckopen.com\/wp-content\/uploads\/2023\/08\/Green-Papua.jpg\" \/>\n\t<meta property=\"og:image:width\" content=\"600\" \/>\n\t<meta property=\"og:image:height\" content=\"600\" \/>\n\t<meta property=\"og:image:type\" content=\"image\/jpeg\" \/>\n<meta name=\"twitter:card\" content=\"summary_large_image\" \/>\n<meta name=\"twitter:label1\" content=\"Tiempo de lectura\" \/>\n\t<meta name=\"twitter:data1\" content=\"2 minutos\" \/>\n<script type=\"application\/ld+json\" class=\"yoast-schema-graph\">{\"@context\":\"https:\/\/schema.org\",\"@graph\":[{\"@type\":\"WebPage\",\"@id\":\"https:\/\/rckopen.com\/product\/green-papua\/\",\"url\":\"https:\/\/rckopen.com\/product\/green-papua\/\",\"name\":\"Green Papua online kopen - Groen Papua te koop | RC Kopen\",\"isPartOf\":{\"@id\":\"https:\/\/rckopen.com\/#website\"},\"primaryImageOfPage\":{\"@id\":\"https:\/\/rckopen.com\/product\/green-papua\/#primaryimage\"},\"image\":{\"@id\":\"https:\/\/rckopen.com\/product\/green-papua\/#primaryimage\"},\"thumbnailUrl\":\"https:\/\/rckopen.com\/wp-content\/uploads\/2023\/08\/Green-Papua.jpg\",\"datePublished\":\"2023-08-16T07:07:19+00:00\",\"dateModified\":\"2025-02-06T06:30:02+00:00\",\"description\":\"Onze online rc kopen winkel heeft de beste kwaliteit green papua te koop. Als u green papua online wilt kopen, dan kunnen wij u van alle kanten helpen. Bestel vandaag nog!\",\"breadcrumb\":{\"@id\":\"https:\/\/rckopen.com\/product\/green-papua\/#breadcrumb\"},\"inLanguage\":\"es\",\"potentialAction\":[{\"@type\":\"ReadAction\",\"target\":[\"https:\/\/rckopen.com\/product\/green-papua\/\"]}]},{\"@type\":\"ImageObject\",\"inLanguage\":\"es\",\"@id\":\"https:\/\/rckopen.com\/product\/green-papua\/#primaryimage\",\"url\":\"https:\/\/rckopen.com\/wp-content\/uploads\/2023\/08\/Green-Papua.jpg\",\"contentUrl\":\"https:\/\/rckopen.com\/wp-content\/uploads\/2023\/08\/Green-Papua.jpg\",\"width\":600,\"height\":600,\"caption\":\"Green Papua online kopen\"},{\"@type\":\"BreadcrumbList\",\"@id\":\"https:\/\/rckopen.com\/product\/green-papua\/#breadcrumb\",\"itemListElement\":[{\"@type\":\"ListItem\",\"position\":1,\"name\":\"Home\",\"item\":\"https:\/\/rckopen.com\/\"},{\"@type\":\"ListItem\",\"position\":2,\"name\":\"Shop\",\"item\":\"https:\/\/rckopen.com\/shop\/\"},{\"@type\":\"ListItem\",\"position\":3,\"name\":\"Green Papua online kopen\"}]},{\"@type\":\"WebSite\",\"@id\":\"https:\/\/rckopen.com\/#website\",\"url\":\"https:\/\/rckopen.com\/\",\"name\":\"RC Kopen\",\"description\":\"Research Chemicals\",\"potentialAction\":[{\"@type\":\"SearchAction\",\"target\":{\"@type\":\"EntryPoint\",\"urlTemplate\":\"https:\/\/rckopen.com\/?s={search_term_string}\"},\"query-input\":{\"@type\":\"PropertyValueSpecification\",\"valueRequired\":true,\"valueName\":\"search_term_string\"}}],\"inLanguage\":\"es\"}]}<\/script>\n<!-- \/ Yoast SEO plugin. -->","yoast_head_json":{"title":"Green Papua online kopen - Groen Papua te koop | RC Kopen","description":"Onze online rc kopen winkel heeft de beste kwaliteit green papua te koop. Als u green papua online wilt kopen, dan kunnen wij u van alle kanten helpen. Bestel vandaag nog!","robots":{"index":"index","follow":"follow","max-snippet":"max-snippet:-1","max-image-preview":"max-image-preview:large","max-video-preview":"max-video-preview:-1"},"canonical":"https:\/\/rckopen.com\/es\/producto\/papua-verde\/","og_locale":"es_ES","og_type":"article","og_title":"Green Papua online kopen - Groen Papua te koop | RC Kopen","og_description":"Onze online rc kopen winkel heeft de beste kwaliteit green papua te koop. Als u green papua online wilt kopen, dan kunnen wij u van alle kanten helpen. Bestel vandaag nog!","og_url":"https:\/\/rckopen.com\/es\/producto\/papua-verde\/","og_site_name":"RC Kopen","article_modified_time":"2025-02-06T06:30:02+00:00","og_image":[{"width":600,"height":600,"url":"https:\/\/rckopen.com\/wp-content\/uploads\/2023\/08\/Green-Papua.jpg","type":"image\/jpeg"}],"twitter_card":"summary_large_image","twitter_misc":{"Tiempo de lectura":"2 minutos"},"schema":{"@context":"https:\/\/schema.org","@graph":[{"@type":"WebPage","@id":"https:\/\/rckopen.com\/product\/green-papua\/","url":"https:\/\/rckopen.com\/product\/green-papua\/","name":"Green Papua online kopen - Groen Papua te koop | RC Kopen","isPartOf":{"@id":"https:\/\/rckopen.com\/#website"},"primaryImageOfPage":{"@id":"https:\/\/rckopen.com\/product\/green-papua\/#primaryimage"},"image":{"@id":"https:\/\/rckopen.com\/product\/green-papua\/#primaryimage"},"thumbnailUrl":"https:\/\/rckopen.com\/wp-content\/uploads\/2023\/08\/Green-Papua.jpg","datePublished":"2023-08-16T07:07:19+00:00","dateModified":"2025-02-06T06:30:02+00:00","description":"Onze online rc kopen winkel heeft de beste kwaliteit green papua te koop. Als u green papua online wilt kopen, dan kunnen wij u van alle kanten helpen. Bestel vandaag nog!","breadcrumb":{"@id":"https:\/\/rckopen.com\/product\/green-papua\/#breadcrumb"},"inLanguage":"es","potentialAction":[{"@type":"ReadAction","target":["https:\/\/rckopen.com\/product\/green-papua\/"]}]},{"@type":"ImageObject","inLanguage":"es","@id":"https:\/\/rckopen.com\/product\/green-papua\/#primaryimage","url":"https:\/\/rckopen.com\/wp-content\/uploads\/2023\/08\/Green-Papua.jpg","contentUrl":"https:\/\/rckopen.com\/wp-content\/uploads\/2023\/08\/Green-Papua.jpg","width":600,"height":600,"caption":"Green Papua online kopen"},{"@type":"BreadcrumbList","@id":"https:\/\/rckopen.com\/product\/green-papua\/#breadcrumb","itemListElement":[{"@type":"ListItem","position":1,"name":"Home","item":"https:\/\/rckopen.com\/"},{"@type":"ListItem","position":2,"name":"Shop","item":"https:\/\/rckopen.com\/shop\/"},{"@type":"ListItem","position":3,"name":"Green Papua online kopen"}]},{"@type":"WebSite","@id":"https:\/\/rckopen.com\/#website","url":"https:\/\/rckopen.com\/","name":"RC Kopen","description":"Research Chemicals","potentialAction":[{"@type":"SearchAction","target":{"@type":"EntryPoint","urlTemplate":"https:\/\/rckopen.com\/?s={search_term_string}"},"query-input":{"@type":"PropertyValueSpecification","valueRequired":true,"valueName":"search_term_string"}}],"inLanguage":"es"}]}},"_links":{"self":[{"href":"https:\/\/rckopen.com\/es\/wp-json\/wp\/v2\/product\/6549","targetHints":{"allow":["GET"]}}],"collection":[{"href":"https:\/\/rckopen.com\/es\/wp-json\/wp\/v2\/product"}],"about":[{"href":"https:\/\/rckopen.com\/es\/wp-json\/wp\/v2\/types\/product"}],"replies":[{"embeddable":true,"href":"https:\/\/rckopen.com\/es\/wp-json\/wp\/v2\/comments?post=6549"}],"wp:featuredmedia":[{"embeddable":true,"href":"https:\/\/rckopen.com\/es\/wp-json\/wp\/v2\/media\/6560"}],"wp:attachment":[{"href":"https:\/\/rckopen.com\/es\/wp-json\/wp\/v2\/media?parent=6549"}],"wp:term":[{"taxonomy":"product_brand","embeddable":true,"href":"https:\/\/rckopen.com\/es\/wp-json\/wp\/v2\/product_brand?post=6549"},{"taxonomy":"product_cat","embeddable":true,"href":"https:\/\/rckopen.com\/es\/wp-json\/wp\/v2\/product_cat?post=6549"},{"taxonomy":"product_tag","embeddable":true,"href":"https:\/\/rckopen.com\/es\/wp-json\/wp\/v2\/product_tag?post=6549"}],"curies":[{"name":"wp","href":"https:\/\/api.w.org\/{rel}","templated":true}]}}