{"id":6568,"date":"2023-08-16T09:11:02","date_gmt":"2023-08-16T09:11:02","guid":{"rendered":"https:\/\/diligentplug.com\/chems\/?post_type=product&#038;p=6568"},"modified":"2025-09-16T08:19:22","modified_gmt":"2025-09-16T08:19:22","slug":"gidazepam-pellets-3mg","status":"publish","type":"product","link":"https:\/\/rckopen.com\/es\/producto\/gidazepam-pellets-3mg\/","title":{"rendered":"Comprar pastillas de Gidazepam 3 mg en l\u00ednea"},"content":{"rendered":"<h2>Gidazepam-pellets 3 mg online kopen<br \/>\nDel carro a la puerta: comprar Gidazepam pellets 3 mg online, muy f\u00e1cil<\/h2>\n<p>\u00bfEstas buscando? <a href=\"https:\/\/rckopen.com\/es\/producto\/gidazepam-pellets-3mg\/\">Gidazepam gr\u00e1nulos 3 mg<\/a>\u00bfPero no sabes d\u00f3nde comprarlo? \u00a1No busques m\u00e1s! En rckopen.com comprar pellets de Gidazepam 3 mg es tan f\u00e1cil como hacer unos pocos clics.<\/p>\n<h3>Encontrar la tienda adecuada:<\/h3>\n<p>Cuando se trata de comprar Gidazepam Pellets 3mg, es esencial elegir una tienda confiable. Abeja <a href=\"http:\/\/rckopen.com\/es\/\">rckopen.com<\/a> Priorizamos la calidad y la satisfacci\u00f3n del cliente por encima de todo. Nuestra tienda ofrece a la venta aut\u00e9nticos pellets de Gidazepam de 3 mg, para que obtengas el producto que necesitas sin ning\u00fan compromiso.<\/p>\n<p><a href=\"https:\/\/en.wikipedia.org\/wiki\/Gidazepam\">Gidazepam<\/a> Compre pellets de 3 mg en rckopen.com y disfrute de la comodidad de comprar en l\u00ednea. Nuestra plataforma segura y nuestro servicio de entrega confiable garantizan que su pedido llegue de manera segura y a tiempo. D\u00edgale adi\u00f3s a las molestias de viajar a una tienda f\u00edsica: compre con nosotros y reciba su pedido de Gidazepam Pellets 3 mg directamente en su puerta.<br \/>\nAproveche al m\u00e1ximo su Gidazepam pellets 3 mg al comprar en l\u00ednea en rckopen.com. Con nuestra plataforma f\u00e1cil de usar, productos de alta calidad y opciones de entrega convenientes, usted puede estar seguro de que est\u00e1 recibiendo el mejor valor por su dinero.<\/p>\n<h3>Medidas de seguridad<\/h3>\n<p>Antes de comprar Gidazepam pellets 3 mg legalmente, es esencial consultar a un profesional sanitario para asegurarse de que este medicamento es adecuado para usted. Las benzodiacepinas pueden crear adicci\u00f3n, por lo que es crucial seguir la dosis prescrita y utilizarlas de forma responsable.<\/p>\n<p>Comprar Gidazepam pellets 3 mg en venta nunca ha sido tan f\u00e1cil gracias a rckopen.com. Con una interfaz f\u00e1cil de usar y un proceso de pedido sin complicaciones, puedes comprar este medicamento f\u00e1cilmente desde la comodidad de tu sill\u00f3n. Recuerde dar prioridad a su seguridad y bienestar cuando utilice Gidazepam 3 mg en gr\u00e1nulos y siga siempre las directrices recomendadas. Visite rckopen.com hoy mismo y experimente la comodidad de comprar medicamentos en l\u00ednea.<\/p>\n<h3>Pedidos sin complicaciones:<\/h3>\n<p>Atr\u00e1s quedaron los d\u00edas de largas pruebas y obst\u00e1culos innecesarios. En rckopen.com, pedir Gidazepam pellets 3 mg es f\u00e1cil sin receta. S\u00f3lo tiene que a\u00f1adir la cantidad deseada a la cesta y pasar por caja, \u00a1as\u00ed de sencillo!<\/p>\n<h3>Transacciones seguras:<\/h3>\n<p>\u00bfLe preocupa la seguridad de sus transacciones? En rckopen.com, utilizamos las \u00faltimas medidas de seguridad para proteger sus datos. Puede comprar Gidazepam pellets 3 mg con confianza, sabiendo que su privacidad es nuestra m\u00e1xima prioridad.<\/p>","protected":false},"excerpt":{"rendered":"<p><strong>Nombre IUPAC: <\/strong>7-bromo-5-phenyl-1,2-dihydro-3H-1,4-benzodiazepine-2-one<\/p>\n<p><strong>CAS # <\/strong>129186-29-4<\/p>\n<p><strong>Otro nombre: <\/strong>desalquilgidazepam o bromo-nordazepam<\/p>\n<p><strong>Forma: <\/strong>pellets<\/p>\n<p><strong>An\u00e1lisis por RMN: <\/strong>C15H11BrN2O<\/p>","protected":false},"featured_media":6579,"comment_status":"open","ping_status":"closed","template":"","meta":{"_joinchat":[]},"product_brand":[],"product_cat":[144],"product_tag":[],"class_list":{"0":"post-6568","1":"product","2":"type-product","3":"status-publish","4":"has-post-thumbnail","6":"product_cat-pellets","8":"first","9":"instock","10":"shipping-taxable","11":"purchasable","12":"product-type-variable"},"yoast_head":"<!-- This site is optimized with the Yoast SEO plugin v26.3 - https:\/\/yoast.com\/wordpress\/plugins\/seo\/ -->\n<title>Gidazepam-pellets 3 mg online kopen - Gidazepam-pellets 3 mg te koop<\/title>\n<meta name=\"description\" content=\"In onze RCKopen-winkel kunt u Gidazepam Pellets 3mg te koop krijgen tegen goedkope tarieven. Wij werken alleen met A-kwaliteit producten. Koop Gidazepam Pellets 3 mg nu online in onze winkel.\" \/>\n<meta name=\"robots\" content=\"index, follow, max-snippet:-1, max-image-preview:large, max-video-preview:-1\" \/>\n<link rel=\"canonical\" href=\"https:\/\/rckopen.com\/es\/producto\/gidazepam-pellets-3mg\/\" \/>\n<meta property=\"og:locale\" content=\"es_ES\" \/>\n<meta property=\"og:type\" content=\"article\" \/>\n<meta property=\"og:title\" content=\"Gidazepam-pellets 3 mg online kopen - Gidazepam-pellets 3 mg te koop\" \/>\n<meta property=\"og:description\" content=\"In onze RCKopen-winkel kunt u Gidazepam Pellets 3mg te koop krijgen tegen goedkope tarieven. Wij werken alleen met A-kwaliteit producten. Koop Gidazepam Pellets 3 mg nu online in onze winkel.\" \/>\n<meta property=\"og:url\" content=\"https:\/\/rckopen.com\/es\/producto\/gidazepam-pellets-3mg\/\" \/>\n<meta property=\"og:site_name\" content=\"RC Kopen\" \/>\n<meta property=\"article:modified_time\" content=\"2025-09-16T08:19:22+00:00\" \/>\n<meta property=\"og:image\" content=\"https:\/\/rckopen.com\/wp-content\/uploads\/2023\/08\/Gidazepam-pellets-3mg.jpg\" \/>\n\t<meta property=\"og:image:width\" content=\"600\" \/>\n\t<meta property=\"og:image:height\" content=\"600\" \/>\n\t<meta property=\"og:image:type\" content=\"image\/jpeg\" \/>\n<meta name=\"twitter:card\" content=\"summary_large_image\" \/>\n<meta name=\"twitter:label1\" content=\"Tiempo de lectura\" \/>\n\t<meta name=\"twitter:data1\" content=\"2 minutos\" \/>\n<script type=\"application\/ld+json\" class=\"yoast-schema-graph\">{\"@context\":\"https:\/\/schema.org\",\"@graph\":[{\"@type\":\"WebPage\",\"@id\":\"https:\/\/rckopen.com\/product\/gidazepam-pellets-3mg\/\",\"url\":\"https:\/\/rckopen.com\/product\/gidazepam-pellets-3mg\/\",\"name\":\"Gidazepam-pellets 3 mg online kopen - Gidazepam-pellets 3 mg te koop\",\"isPartOf\":{\"@id\":\"https:\/\/rckopen.com\/#website\"},\"primaryImageOfPage\":{\"@id\":\"https:\/\/rckopen.com\/product\/gidazepam-pellets-3mg\/#primaryimage\"},\"image\":{\"@id\":\"https:\/\/rckopen.com\/product\/gidazepam-pellets-3mg\/#primaryimage\"},\"thumbnailUrl\":\"https:\/\/rckopen.com\/wp-content\/uploads\/2023\/08\/Gidazepam-pellets-3mg.jpg\",\"datePublished\":\"2023-08-16T09:11:02+00:00\",\"dateModified\":\"2025-09-16T08:19:22+00:00\",\"description\":\"In onze RCKopen-winkel kunt u Gidazepam Pellets 3mg te koop krijgen tegen goedkope tarieven. Wij werken alleen met A-kwaliteit producten. Koop Gidazepam Pellets 3 mg nu online in onze winkel.\",\"breadcrumb\":{\"@id\":\"https:\/\/rckopen.com\/product\/gidazepam-pellets-3mg\/#breadcrumb\"},\"inLanguage\":\"es\",\"potentialAction\":[{\"@type\":\"ReadAction\",\"target\":[\"https:\/\/rckopen.com\/product\/gidazepam-pellets-3mg\/\"]}]},{\"@type\":\"ImageObject\",\"inLanguage\":\"es\",\"@id\":\"https:\/\/rckopen.com\/product\/gidazepam-pellets-3mg\/#primaryimage\",\"url\":\"https:\/\/rckopen.com\/wp-content\/uploads\/2023\/08\/Gidazepam-pellets-3mg.jpg\",\"contentUrl\":\"https:\/\/rckopen.com\/wp-content\/uploads\/2023\/08\/Gidazepam-pellets-3mg.jpg\",\"width\":600,\"height\":600,\"caption\":\"Gidazepam-pellets-3mg online kopen\"},{\"@type\":\"BreadcrumbList\",\"@id\":\"https:\/\/rckopen.com\/product\/gidazepam-pellets-3mg\/#breadcrumb\",\"itemListElement\":[{\"@type\":\"ListItem\",\"position\":1,\"name\":\"Home\",\"item\":\"https:\/\/rckopen.com\/\"},{\"@type\":\"ListItem\",\"position\":2,\"name\":\"Shop\",\"item\":\"https:\/\/rckopen.com\/shop\/\"},{\"@type\":\"ListItem\",\"position\":3,\"name\":\"Gidazepam pellets 3mg online kopen\"}]},{\"@type\":\"WebSite\",\"@id\":\"https:\/\/rckopen.com\/#website\",\"url\":\"https:\/\/rckopen.com\/\",\"name\":\"RC Kopen\",\"description\":\"Research Chemicals\",\"potentialAction\":[{\"@type\":\"SearchAction\",\"target\":{\"@type\":\"EntryPoint\",\"urlTemplate\":\"https:\/\/rckopen.com\/?s={search_term_string}\"},\"query-input\":{\"@type\":\"PropertyValueSpecification\",\"valueRequired\":true,\"valueName\":\"search_term_string\"}}],\"inLanguage\":\"es\"}]}<\/script>\n<!-- \/ Yoast SEO plugin. -->","yoast_head_json":{"title":"Gidazepam-pellets 3 mg online kopen - Gidazepam-pellets 3 mg te koop","description":"In onze RCKopen-winkel kunt u Gidazepam Pellets 3mg te koop krijgen tegen goedkope tarieven. Wij werken alleen met A-kwaliteit producten. Koop Gidazepam Pellets 3 mg nu online in onze winkel.","robots":{"index":"index","follow":"follow","max-snippet":"max-snippet:-1","max-image-preview":"max-image-preview:large","max-video-preview":"max-video-preview:-1"},"canonical":"https:\/\/rckopen.com\/es\/producto\/gidazepam-pellets-3mg\/","og_locale":"es_ES","og_type":"article","og_title":"Gidazepam-pellets 3 mg online kopen - Gidazepam-pellets 3 mg te koop","og_description":"In onze RCKopen-winkel kunt u Gidazepam Pellets 3mg te koop krijgen tegen goedkope tarieven. Wij werken alleen met A-kwaliteit producten. Koop Gidazepam Pellets 3 mg nu online in onze winkel.","og_url":"https:\/\/rckopen.com\/es\/producto\/gidazepam-pellets-3mg\/","og_site_name":"RC Kopen","article_modified_time":"2025-09-16T08:19:22+00:00","og_image":[{"width":600,"height":600,"url":"https:\/\/rckopen.com\/wp-content\/uploads\/2023\/08\/Gidazepam-pellets-3mg.jpg","type":"image\/jpeg"}],"twitter_card":"summary_large_image","twitter_misc":{"Tiempo de lectura":"2 minutos"},"schema":{"@context":"https:\/\/schema.org","@graph":[{"@type":"WebPage","@id":"https:\/\/rckopen.com\/product\/gidazepam-pellets-3mg\/","url":"https:\/\/rckopen.com\/product\/gidazepam-pellets-3mg\/","name":"Gidazepam-pellets 3 mg online kopen - Gidazepam-pellets 3 mg te koop","isPartOf":{"@id":"https:\/\/rckopen.com\/#website"},"primaryImageOfPage":{"@id":"https:\/\/rckopen.com\/product\/gidazepam-pellets-3mg\/#primaryimage"},"image":{"@id":"https:\/\/rckopen.com\/product\/gidazepam-pellets-3mg\/#primaryimage"},"thumbnailUrl":"https:\/\/rckopen.com\/wp-content\/uploads\/2023\/08\/Gidazepam-pellets-3mg.jpg","datePublished":"2023-08-16T09:11:02+00:00","dateModified":"2025-09-16T08:19:22+00:00","description":"In onze RCKopen-winkel kunt u Gidazepam Pellets 3mg te koop krijgen tegen goedkope tarieven. Wij werken alleen met A-kwaliteit producten. Koop Gidazepam Pellets 3 mg nu online in onze winkel.","breadcrumb":{"@id":"https:\/\/rckopen.com\/product\/gidazepam-pellets-3mg\/#breadcrumb"},"inLanguage":"es","potentialAction":[{"@type":"ReadAction","target":["https:\/\/rckopen.com\/product\/gidazepam-pellets-3mg\/"]}]},{"@type":"ImageObject","inLanguage":"es","@id":"https:\/\/rckopen.com\/product\/gidazepam-pellets-3mg\/#primaryimage","url":"https:\/\/rckopen.com\/wp-content\/uploads\/2023\/08\/Gidazepam-pellets-3mg.jpg","contentUrl":"https:\/\/rckopen.com\/wp-content\/uploads\/2023\/08\/Gidazepam-pellets-3mg.jpg","width":600,"height":600,"caption":"Gidazepam-pellets-3mg online kopen"},{"@type":"BreadcrumbList","@id":"https:\/\/rckopen.com\/product\/gidazepam-pellets-3mg\/#breadcrumb","itemListElement":[{"@type":"ListItem","position":1,"name":"Home","item":"https:\/\/rckopen.com\/"},{"@type":"ListItem","position":2,"name":"Shop","item":"https:\/\/rckopen.com\/shop\/"},{"@type":"ListItem","position":3,"name":"Gidazepam pellets 3mg online kopen"}]},{"@type":"WebSite","@id":"https:\/\/rckopen.com\/#website","url":"https:\/\/rckopen.com\/","name":"RC Kopen","description":"Research Chemicals","potentialAction":[{"@type":"SearchAction","target":{"@type":"EntryPoint","urlTemplate":"https:\/\/rckopen.com\/?s={search_term_string}"},"query-input":{"@type":"PropertyValueSpecification","valueRequired":true,"valueName":"search_term_string"}}],"inLanguage":"es"}]}},"_links":{"self":[{"href":"https:\/\/rckopen.com\/es\/wp-json\/wp\/v2\/product\/6568","targetHints":{"allow":["GET"]}}],"collection":[{"href":"https:\/\/rckopen.com\/es\/wp-json\/wp\/v2\/product"}],"about":[{"href":"https:\/\/rckopen.com\/es\/wp-json\/wp\/v2\/types\/product"}],"replies":[{"embeddable":true,"href":"https:\/\/rckopen.com\/es\/wp-json\/wp\/v2\/comments?post=6568"}],"wp:featuredmedia":[{"embeddable":true,"href":"https:\/\/rckopen.com\/es\/wp-json\/wp\/v2\/media\/6579"}],"wp:attachment":[{"href":"https:\/\/rckopen.com\/es\/wp-json\/wp\/v2\/media?parent=6568"}],"wp:term":[{"taxonomy":"product_brand","embeddable":true,"href":"https:\/\/rckopen.com\/es\/wp-json\/wp\/v2\/product_brand?post=6568"},{"taxonomy":"product_cat","embeddable":true,"href":"https:\/\/rckopen.com\/es\/wp-json\/wp\/v2\/product_cat?post=6568"},{"taxonomy":"product_tag","embeddable":true,"href":"https:\/\/rckopen.com\/es\/wp-json\/wp\/v2\/product_tag?post=6568"}],"curies":[{"name":"wp","href":"https:\/\/api.w.org\/{rel}","templated":true}]}}