{"id":6572,"date":"2023-08-16T09:22:52","date_gmt":"2023-08-16T09:22:52","guid":{"rendered":"https:\/\/diligentplug.com\/chems\/?post_type=product&#038;p=6572"},"modified":"2025-09-16T08:19:16","modified_gmt":"2025-09-16T08:19:16","slug":"deschloroetizolam-pellets-5mg","status":"publish","type":"product","link":"https:\/\/rckopen.com\/es\/producto\/deschloroetizolam-pellets-5mg\/","title":{"rendered":"Comprar Descloroetizolam PELLETS 5mg en l\u00ednea"},"content":{"rendered":"<h2>Deschlooretizolam PELLETS 5mg online kopen<\/h2>\n<p>Descubra el mundo de Descloroetizolam PELLETS 5 mg: compre de forma inteligente en rckopen.com<\/p>\n<p>\u00bfEstas buscando? <a href=\"https:\/\/rckopen.com\/es\/producto\/deschloroetizolam-pellets-5mg\/\">Descloroetizolam en pastillas de 5 mg<\/a>? \u00a1No busque m\u00e1s que rckopen.com! Nuestra tienda en l\u00ednea Descloroetizolam PELLETS 5 mg es su destino favorito para todo lo relacionado con Descloroetizolam. Con solo unos pocos clics puedes comprar f\u00e1cilmente Descloroetizolam PELLETS 5mg.<\/p>\n<h3>\u00bfD\u00f3nde puedo comprar pastillas DCK 20 mg online?<\/h3>\n<p>Si buscas d\u00f3nde estar <a href=\"https:\/\/en.wikipedia.org\/wiki\/Deschloroetizolam\">Descloroetizolam<\/a> Comprar PELLETS 5 mg online, es <a href=\"https:\/\/rckopen.com\/es\/\">rckopen.com<\/a> Una reconocida tienda online que ofrece una amplia selecci\u00f3n de productos. Ofrecen medicamentos de alta calidad a precios asequibles, y su c\u00f3modo proceso de pedido hace que sea f\u00e1cil obtener los medicamentos que necesita de forma r\u00e1pida y eficiente. Con su env\u00edo r\u00e1pido y embalaje discreto, rckopen.com es la elecci\u00f3n perfecta para cualquiera que quiera comprar Deschloroetizolam PELLETS 5 mg legalmente en l\u00ednea.<\/p>\n<p><strong>No se necesita receta m\u00e9dica<\/strong><\/p>\n<p>Cuando compra Descloroetizolam PELLETS 5 mg en l\u00ednea, no necesita receta m\u00e9dica. Esto hace que el proceso sea mucho m\u00e1s f\u00e1cil y r\u00e1pido, ya que no tendr\u00e1 que pasar por la molestia de obtener una receta de un m\u00e9dico. Esto es especialmente beneficioso para las personas que necesitan la medicaci\u00f3n r\u00e1pidamente o que no tienen f\u00e1cil acceso a un m\u00e9dico.<\/p>\n<h3>Tienda de descloretizolam en pastillas de 5 mg<\/h3>\n<p>\u00bfEst\u00e1s buscando una tienda confiable de Descloroetizolam PELLETS 5 mg? No busque m\u00e1s que rccopen.com. Nuestra tienda en l\u00ednea est\u00e1 llena de una amplia gama de productos Descloroetizolam, incluidos PELLETS 5 mg. Ya sea un usuario experimentado o nuevo en Descloroetizolam, tenemos los productos adecuados a sus necesidades. \u00a1Compre con confianza en rccopen.com!<\/p>\n<h3>Comprar Descloroetizolam PELLETS 5 mg en l\u00ednea.<\/h3>\n<p>\u00bfQuieres comprar Descloretizolam PELLETS 5mg online? Visite rckopen.com para conocer nuestra excelente selecci\u00f3n y precios competitivos. Con nuestro proceso de pago seguro en l\u00ednea, puede comprar con confianza sabiendo que su informaci\u00f3n est\u00e1 segura y protegida.<\/p>\n<p>rckopen.com es su direcci\u00f3n definitiva para solicitar Descloroetizolam PELLETS 5 mg. Ofrecemos una amplia selecci\u00f3n, precios competitivos y un proceso de pedido sin complicaciones. Obtenga los productos que necesita, cuando los necesita. No esperes m\u00e1s, vis\u00edtanos ahora. \u00a1Compre ahora y compre Descloroetizolam PELLETS 5 mg f\u00e1cilmente en l\u00ednea en rckopen.com!<\/p>\n<p>Comprar Descloroetizolam PELLETS 5 mg en l\u00ednea tiene numerosas ventajas, desde la conveniencia hasta la amplia selecci\u00f3n y el empaque discreto. Con tiendas en l\u00ednea de buena reputaci\u00f3n como rccopen.com, comprar este medicamento nunca ha sido tan f\u00e1cil. Entonces \u00bfpor qu\u00e9 esperar? \u00a1Compre Descloroetizolam PELLETS 5 mg en l\u00ednea hoy sin receta y vea los beneficios usted mismo!<\/p>","protected":false},"excerpt":{"rendered":"<p><strong>Nombre IUPAC: <\/strong>2-ethyl-9-methyl-4-phenyl-6H-thieno[3,2-f][1,2,4]triazolo[4,3-a][1,4]diazepine<\/p>\n<p><strong>Forma: <\/strong>bolitas rosas<\/p>","protected":false},"featured_media":6582,"comment_status":"open","ping_status":"closed","template":"","meta":{"_joinchat":[]},"product_brand":[],"product_cat":[144],"product_tag":[],"class_list":{"0":"post-6572","1":"product","2":"type-product","3":"status-publish","4":"has-post-thumbnail","6":"product_cat-pellets","8":"first","9":"instock","10":"shipping-taxable","11":"purchasable","12":"product-type-variable"},"yoast_head":"<!-- This site is optimized with the Yoast SEO plugin v26.3 - https:\/\/yoast.com\/wordpress\/plugins\/seo\/ -->\n<title>Deschloroetizolam Pellets 5mg online kopen | RCkopen<\/title>\n<meta name=\"description\" content=\"Bent u op zoek naar Deschloroetizolam Pellets 5 mg te koop? RC Kopen is een toonaangevende winkel waar u Deschloroetizolam Pellets 5mg online kunt kopen tegen de beste prijs. Bestel nu met discrete verzending!\" \/>\n<meta name=\"robots\" content=\"index, follow, max-snippet:-1, max-image-preview:large, max-video-preview:-1\" \/>\n<link rel=\"canonical\" href=\"https:\/\/rckopen.com\/es\/producto\/deschloroetizolam-pellets-5mg\/\" \/>\n<meta property=\"og:locale\" content=\"es_ES\" \/>\n<meta property=\"og:type\" content=\"article\" \/>\n<meta property=\"og:title\" content=\"Deschloroetizolam Pellets 5mg online kopen | RCkopen\" \/>\n<meta property=\"og:description\" content=\"Bent u op zoek naar Deschloroetizolam Pellets 5 mg te koop? RC Kopen is een toonaangevende winkel waar u Deschloroetizolam Pellets 5mg online kunt kopen tegen de beste prijs. Bestel nu met discrete verzending!\" \/>\n<meta property=\"og:url\" content=\"https:\/\/rckopen.com\/es\/producto\/deschloroetizolam-pellets-5mg\/\" \/>\n<meta property=\"og:site_name\" content=\"RC Kopen\" \/>\n<meta property=\"article:modified_time\" content=\"2025-09-16T08:19:16+00:00\" \/>\n<meta property=\"og:image\" content=\"https:\/\/rckopen.com\/wp-content\/uploads\/2023\/08\/Deschloroetizolam-PELLETS-5mg.jpg\" \/>\n\t<meta property=\"og:image:width\" content=\"600\" \/>\n\t<meta property=\"og:image:height\" content=\"600\" \/>\n\t<meta property=\"og:image:type\" content=\"image\/jpeg\" \/>\n<meta name=\"twitter:card\" content=\"summary_large_image\" \/>\n<meta name=\"twitter:label1\" content=\"Tiempo de lectura\" \/>\n\t<meta name=\"twitter:data1\" content=\"3 minutos\" \/>\n<script type=\"application\/ld+json\" class=\"yoast-schema-graph\">{\"@context\":\"https:\/\/schema.org\",\"@graph\":[{\"@type\":\"WebPage\",\"@id\":\"https:\/\/rckopen.com\/product\/deschloroetizolam-pellets-5mg\/\",\"url\":\"https:\/\/rckopen.com\/product\/deschloroetizolam-pellets-5mg\/\",\"name\":\"Deschloroetizolam Pellets 5mg online kopen | RCkopen\",\"isPartOf\":{\"@id\":\"https:\/\/rckopen.com\/#website\"},\"primaryImageOfPage\":{\"@id\":\"https:\/\/rckopen.com\/product\/deschloroetizolam-pellets-5mg\/#primaryimage\"},\"image\":{\"@id\":\"https:\/\/rckopen.com\/product\/deschloroetizolam-pellets-5mg\/#primaryimage\"},\"thumbnailUrl\":\"https:\/\/rckopen.com\/wp-content\/uploads\/2023\/08\/Deschloroetizolam-PELLETS-5mg.jpg\",\"datePublished\":\"2023-08-16T09:22:52+00:00\",\"dateModified\":\"2025-09-16T08:19:16+00:00\",\"description\":\"Bent u op zoek naar Deschloroetizolam Pellets 5 mg te koop? RC Kopen is een toonaangevende winkel waar u Deschloroetizolam Pellets 5mg online kunt kopen tegen de beste prijs. Bestel nu met discrete verzending!\",\"breadcrumb\":{\"@id\":\"https:\/\/rckopen.com\/product\/deschloroetizolam-pellets-5mg\/#breadcrumb\"},\"inLanguage\":\"es\",\"potentialAction\":[{\"@type\":\"ReadAction\",\"target\":[\"https:\/\/rckopen.com\/product\/deschloroetizolam-pellets-5mg\/\"]}]},{\"@type\":\"ImageObject\",\"inLanguage\":\"es\",\"@id\":\"https:\/\/rckopen.com\/product\/deschloroetizolam-pellets-5mg\/#primaryimage\",\"url\":\"https:\/\/rckopen.com\/wp-content\/uploads\/2023\/08\/Deschloroetizolam-PELLETS-5mg.jpg\",\"contentUrl\":\"https:\/\/rckopen.com\/wp-content\/uploads\/2023\/08\/Deschloroetizolam-PELLETS-5mg.jpg\",\"width\":600,\"height\":600,\"caption\":\"Deschloroetizolam-PELLETS-5mg online kopen\"},{\"@type\":\"BreadcrumbList\",\"@id\":\"https:\/\/rckopen.com\/product\/deschloroetizolam-pellets-5mg\/#breadcrumb\",\"itemListElement\":[{\"@type\":\"ListItem\",\"position\":1,\"name\":\"Home\",\"item\":\"https:\/\/rckopen.com\/\"},{\"@type\":\"ListItem\",\"position\":2,\"name\":\"Shop\",\"item\":\"https:\/\/rckopen.com\/shop\/\"},{\"@type\":\"ListItem\",\"position\":3,\"name\":\"Deschloroetizolam PELLETS 5mg online kopen\"}]},{\"@type\":\"WebSite\",\"@id\":\"https:\/\/rckopen.com\/#website\",\"url\":\"https:\/\/rckopen.com\/\",\"name\":\"RC Kopen\",\"description\":\"Research Chemicals\",\"potentialAction\":[{\"@type\":\"SearchAction\",\"target\":{\"@type\":\"EntryPoint\",\"urlTemplate\":\"https:\/\/rckopen.com\/?s={search_term_string}\"},\"query-input\":{\"@type\":\"PropertyValueSpecification\",\"valueRequired\":true,\"valueName\":\"search_term_string\"}}],\"inLanguage\":\"es\"}]}<\/script>\n<!-- \/ Yoast SEO plugin. -->","yoast_head_json":{"title":"Deschloroetizolam Pellets 5mg online kopen | RCkopen","description":"Bent u op zoek naar Deschloroetizolam Pellets 5 mg te koop? RC Kopen is een toonaangevende winkel waar u Deschloroetizolam Pellets 5mg online kunt kopen tegen de beste prijs. Bestel nu met discrete verzending!","robots":{"index":"index","follow":"follow","max-snippet":"max-snippet:-1","max-image-preview":"max-image-preview:large","max-video-preview":"max-video-preview:-1"},"canonical":"https:\/\/rckopen.com\/es\/producto\/deschloroetizolam-pellets-5mg\/","og_locale":"es_ES","og_type":"article","og_title":"Deschloroetizolam Pellets 5mg online kopen | RCkopen","og_description":"Bent u op zoek naar Deschloroetizolam Pellets 5 mg te koop? RC Kopen is een toonaangevende winkel waar u Deschloroetizolam Pellets 5mg online kunt kopen tegen de beste prijs. Bestel nu met discrete verzending!","og_url":"https:\/\/rckopen.com\/es\/producto\/deschloroetizolam-pellets-5mg\/","og_site_name":"RC Kopen","article_modified_time":"2025-09-16T08:19:16+00:00","og_image":[{"width":600,"height":600,"url":"https:\/\/rckopen.com\/wp-content\/uploads\/2023\/08\/Deschloroetizolam-PELLETS-5mg.jpg","type":"image\/jpeg"}],"twitter_card":"summary_large_image","twitter_misc":{"Tiempo de lectura":"3 minutos"},"schema":{"@context":"https:\/\/schema.org","@graph":[{"@type":"WebPage","@id":"https:\/\/rckopen.com\/product\/deschloroetizolam-pellets-5mg\/","url":"https:\/\/rckopen.com\/product\/deschloroetizolam-pellets-5mg\/","name":"Deschloroetizolam Pellets 5mg online kopen | RCkopen","isPartOf":{"@id":"https:\/\/rckopen.com\/#website"},"primaryImageOfPage":{"@id":"https:\/\/rckopen.com\/product\/deschloroetizolam-pellets-5mg\/#primaryimage"},"image":{"@id":"https:\/\/rckopen.com\/product\/deschloroetizolam-pellets-5mg\/#primaryimage"},"thumbnailUrl":"https:\/\/rckopen.com\/wp-content\/uploads\/2023\/08\/Deschloroetizolam-PELLETS-5mg.jpg","datePublished":"2023-08-16T09:22:52+00:00","dateModified":"2025-09-16T08:19:16+00:00","description":"Bent u op zoek naar Deschloroetizolam Pellets 5 mg te koop? RC Kopen is een toonaangevende winkel waar u Deschloroetizolam Pellets 5mg online kunt kopen tegen de beste prijs. Bestel nu met discrete verzending!","breadcrumb":{"@id":"https:\/\/rckopen.com\/product\/deschloroetizolam-pellets-5mg\/#breadcrumb"},"inLanguage":"es","potentialAction":[{"@type":"ReadAction","target":["https:\/\/rckopen.com\/product\/deschloroetizolam-pellets-5mg\/"]}]},{"@type":"ImageObject","inLanguage":"es","@id":"https:\/\/rckopen.com\/product\/deschloroetizolam-pellets-5mg\/#primaryimage","url":"https:\/\/rckopen.com\/wp-content\/uploads\/2023\/08\/Deschloroetizolam-PELLETS-5mg.jpg","contentUrl":"https:\/\/rckopen.com\/wp-content\/uploads\/2023\/08\/Deschloroetizolam-PELLETS-5mg.jpg","width":600,"height":600,"caption":"Deschloroetizolam-PELLETS-5mg online kopen"},{"@type":"BreadcrumbList","@id":"https:\/\/rckopen.com\/product\/deschloroetizolam-pellets-5mg\/#breadcrumb","itemListElement":[{"@type":"ListItem","position":1,"name":"Home","item":"https:\/\/rckopen.com\/"},{"@type":"ListItem","position":2,"name":"Shop","item":"https:\/\/rckopen.com\/shop\/"},{"@type":"ListItem","position":3,"name":"Deschloroetizolam PELLETS 5mg online kopen"}]},{"@type":"WebSite","@id":"https:\/\/rckopen.com\/#website","url":"https:\/\/rckopen.com\/","name":"RC Kopen","description":"Research Chemicals","potentialAction":[{"@type":"SearchAction","target":{"@type":"EntryPoint","urlTemplate":"https:\/\/rckopen.com\/?s={search_term_string}"},"query-input":{"@type":"PropertyValueSpecification","valueRequired":true,"valueName":"search_term_string"}}],"inLanguage":"es"}]}},"_links":{"self":[{"href":"https:\/\/rckopen.com\/es\/wp-json\/wp\/v2\/product\/6572","targetHints":{"allow":["GET"]}}],"collection":[{"href":"https:\/\/rckopen.com\/es\/wp-json\/wp\/v2\/product"}],"about":[{"href":"https:\/\/rckopen.com\/es\/wp-json\/wp\/v2\/types\/product"}],"replies":[{"embeddable":true,"href":"https:\/\/rckopen.com\/es\/wp-json\/wp\/v2\/comments?post=6572"}],"wp:featuredmedia":[{"embeddable":true,"href":"https:\/\/rckopen.com\/es\/wp-json\/wp\/v2\/media\/6582"}],"wp:attachment":[{"href":"https:\/\/rckopen.com\/es\/wp-json\/wp\/v2\/media?parent=6572"}],"wp:term":[{"taxonomy":"product_brand","embeddable":true,"href":"https:\/\/rckopen.com\/es\/wp-json\/wp\/v2\/product_brand?post=6572"},{"taxonomy":"product_cat","embeddable":true,"href":"https:\/\/rckopen.com\/es\/wp-json\/wp\/v2\/product_cat?post=6572"},{"taxonomy":"product_tag","embeddable":true,"href":"https:\/\/rckopen.com\/es\/wp-json\/wp\/v2\/product_tag?post=6572"}],"curies":[{"name":"wp","href":"https:\/\/api.w.org\/{rel}","templated":true}]}}