{"id":6574,"date":"2023-08-16T09:28:04","date_gmt":"2023-08-16T09:28:04","guid":{"rendered":"https:\/\/diligentplug.com\/chems\/?post_type=product&#038;p=6574"},"modified":"2025-09-16T08:19:13","modified_gmt":"2025-09-16T08:19:13","slug":"dck-20mg-pellets","status":"publish","type":"product","link":"https:\/\/rckopen.com\/es\/producto\/dck-20mg-pellets\/","title":{"rendered":"Comprar pastillas DCK 20 mg en l\u00ednea"},"content":{"rendered":"<h2>DCK 20mg-pellets online kopen<\/h2>\n<h2>De voordelen van het online kopen van DCK 20 mg-pellets online kopen<\/h2>\n<p>En el mundo acelerado de hoy, la comodidad es esencial. Esta comodidad tambi\u00e9n se ha extendido al mundo farmac\u00e9utico, donde cada vez m\u00e1s personas optan por comprar sus medicamentos en l\u00ednea. Un ejemplo de un medicamento que puedes tomar f\u00e1cilmente <a href=\"https:\/\/rckopen.com\/es\/producto\/dck-20mg-pellets\/\">Pellets de DCK de 20 mg<\/a> Usted puede comprar en l\u00ednea con nosotros. \u00bfD\u00f3nde comprar pellets DCK 20 mg? En rckopen.com has llegado al lugar correcto.<\/p>\n<h3>\u00bfQu\u00e9 son los gr\u00e1nulos de DCK 20 mg?<\/h3>\n<p><a href=\"https:\/\/en.wikipedia.org\/wiki\/DCK\">DCK<\/a> Los pellets de 20 mg son un tipo de anest\u00e9sico disociativo que se utiliza ampliamente en la investigaci\u00f3n cient\u00edfica. Son conocidos por sus efectos calmantes y sedantes, lo que los hace populares entre los investigadores que estudian diversas afecciones de salud mental. Los pellets de DCK de 20 mg a la venta se pueden comprar en l\u00ednea de una fuente confiable como rckopen.com, lo que los hace f\u00e1cilmente accesibles para cualquier persona que los necesite.<\/p>\n<h3>Las ventajas de comprar DCK 20mg pellets online en rckopen.com<\/h3>\n<p>Una de las mayores ventajas de comprar los gr\u00e1nulos de DCK 20 mg en l\u00ednea es la comodidad que ofrece. En lugar de tener que ir f\u00edsicamente a una tienda para comprar el medicamento, puedes pedirlo f\u00e1cilmente en l\u00ednea desde la comodidad de tu propia casa. Esto le ahorra tiempo y esfuerzo, permiti\u00e9ndole centrarse en otras tareas importantes.<\/p>\n<h3>Amplia selecci\u00f3n<\/h3>\n<p>Cuando compra pellets de DCK 20 mg legalmente en l\u00ednea, tiene acceso a una amplia variedad de productos. Esto significa que usted puede elegir la marca y la cantidad que mejor se adapte a sus necesidades, d\u00e1ndole un mayor control sobre su compra. Adem\u00e1s, las tiendas online como <a href=\"https:\/\/rckopen.com\/es\/\">rckopen.com<\/a> A menudo tienen un inventario m\u00e1s grande que las tiendas f\u00edsicas, por lo que es m\u00e1s probable que encuentres exactamente lo que est\u00e1s buscando.<\/p>\n<h3>Disponibilidad 24\/7<\/h3>\n<p>Otra ventaja de comprar gr\u00e1nulos de DCK 20 mg en l\u00ednea en el Reino Unido es el hecho de que las tiendas en l\u00ednea est\u00e1n abiertas 24 horas al d\u00eda, 7 d\u00edas a la semana. Esto significa que puede realizar un pedido en cualquier momento del d\u00eda o de la noche, lo que resulta incre\u00edblemente c\u00f3modo para las personas con agendas apretadas. Tanto si necesita el medicamento temprano por la ma\u00f1ana como tarde por la noche, siempre podr\u00e1 encontrar lo que necesita en l\u00ednea.<\/p>\n<h3>Embalaje discreto<\/h3>\n<p>Mucha gente aprecia el discreto envase que viene con el pedido online de DCK 20 mg en gr\u00e1nulos. Esto garantiza la protecci\u00f3n de su intimidad, ya que el contenido del paquete no es visible para nadie que pueda verlo. Esto es especialmente importante para las personas que valoran su intimidad o que encargan los gr\u00e1nulos de DCK 20 mg.<\/p>","protected":false},"excerpt":{"rendered":"<p>Nombre IUPAC:<br \/>\nForma: gr\u00e1nulos<br \/>\nAn\u00e1lisis RMN: N\/A<\/p>","protected":false},"featured_media":6585,"comment_status":"open","ping_status":"closed","template":"","meta":{"_joinchat":[]},"product_brand":[],"product_cat":[144],"product_tag":[],"class_list":{"0":"post-6574","1":"product","2":"type-product","3":"status-publish","4":"has-post-thumbnail","6":"product_cat-pellets","8":"first","9":"instock","10":"shipping-taxable","11":"purchasable","12":"product-type-variable"},"yoast_head":"<!-- This site is optimized with the Yoast SEO plugin v26.3 - https:\/\/yoast.com\/wordpress\/plugins\/seo\/ -->\n<title>Koop DCK 20 mg-pellets online - DCK 20 mg-pellets te koop<\/title>\n<meta name=\"description\" content=\"Onze winkel heeft DCK 20mg-pellets van topkwaliteit te koop. U kunt nooit om de kwaliteit van onze producten heen. Als u ze nodig heeft, kunt u DCK 20 mg-pellets meteen online kopen. Bestel nu!\" \/>\n<meta name=\"robots\" content=\"index, follow, max-snippet:-1, max-image-preview:large, max-video-preview:-1\" \/>\n<link rel=\"canonical\" href=\"https:\/\/rckopen.com\/es\/producto\/dck-20mg-pellets\/\" \/>\n<meta property=\"og:locale\" content=\"es_ES\" \/>\n<meta property=\"og:type\" content=\"article\" \/>\n<meta property=\"og:title\" content=\"Koop DCK 20 mg-pellets online - DCK 20 mg-pellets te koop\" \/>\n<meta property=\"og:description\" content=\"Onze winkel heeft DCK 20mg-pellets van topkwaliteit te koop. U kunt nooit om de kwaliteit van onze producten heen. Als u ze nodig heeft, kunt u DCK 20 mg-pellets meteen online kopen. Bestel nu!\" \/>\n<meta property=\"og:url\" content=\"https:\/\/rckopen.com\/es\/producto\/dck-20mg-pellets\/\" \/>\n<meta property=\"og:site_name\" content=\"RC Kopen\" \/>\n<meta property=\"article:modified_time\" content=\"2025-09-16T08:19:13+00:00\" \/>\n<meta property=\"og:image\" content=\"https:\/\/rckopen.com\/wp-content\/uploads\/2023\/08\/DCK-20mg-pellets.jpg\" \/>\n\t<meta property=\"og:image:width\" content=\"600\" \/>\n\t<meta property=\"og:image:height\" content=\"600\" \/>\n\t<meta property=\"og:image:type\" content=\"image\/jpeg\" \/>\n<meta name=\"twitter:card\" content=\"summary_large_image\" \/>\n<meta name=\"twitter:label1\" content=\"Tiempo de lectura\" \/>\n\t<meta name=\"twitter:data1\" content=\"3 minutos\" \/>\n<script type=\"application\/ld+json\" class=\"yoast-schema-graph\">{\"@context\":\"https:\/\/schema.org\",\"@graph\":[{\"@type\":\"WebPage\",\"@id\":\"https:\/\/rckopen.com\/product\/dck-20mg-pellets\/\",\"url\":\"https:\/\/rckopen.com\/product\/dck-20mg-pellets\/\",\"name\":\"Koop DCK 20 mg-pellets online - DCK 20 mg-pellets te koop\",\"isPartOf\":{\"@id\":\"https:\/\/rckopen.com\/#website\"},\"primaryImageOfPage\":{\"@id\":\"https:\/\/rckopen.com\/product\/dck-20mg-pellets\/#primaryimage\"},\"image\":{\"@id\":\"https:\/\/rckopen.com\/product\/dck-20mg-pellets\/#primaryimage\"},\"thumbnailUrl\":\"https:\/\/rckopen.com\/wp-content\/uploads\/2023\/08\/DCK-20mg-pellets.jpg\",\"datePublished\":\"2023-08-16T09:28:04+00:00\",\"dateModified\":\"2025-09-16T08:19:13+00:00\",\"description\":\"Onze winkel heeft DCK 20mg-pellets van topkwaliteit te koop. U kunt nooit om de kwaliteit van onze producten heen. Als u ze nodig heeft, kunt u DCK 20 mg-pellets meteen online kopen. Bestel nu!\",\"breadcrumb\":{\"@id\":\"https:\/\/rckopen.com\/product\/dck-20mg-pellets\/#breadcrumb\"},\"inLanguage\":\"es\",\"potentialAction\":[{\"@type\":\"ReadAction\",\"target\":[\"https:\/\/rckopen.com\/product\/dck-20mg-pellets\/\"]}]},{\"@type\":\"ImageObject\",\"inLanguage\":\"es\",\"@id\":\"https:\/\/rckopen.com\/product\/dck-20mg-pellets\/#primaryimage\",\"url\":\"https:\/\/rckopen.com\/wp-content\/uploads\/2023\/08\/DCK-20mg-pellets.jpg\",\"contentUrl\":\"https:\/\/rckopen.com\/wp-content\/uploads\/2023\/08\/DCK-20mg-pellets.jpg\",\"width\":600,\"height\":600,\"caption\":\"DCK-20mg-pellets online kopen\"},{\"@type\":\"BreadcrumbList\",\"@id\":\"https:\/\/rckopen.com\/product\/dck-20mg-pellets\/#breadcrumb\",\"itemListElement\":[{\"@type\":\"ListItem\",\"position\":1,\"name\":\"Home\",\"item\":\"https:\/\/rckopen.com\/\"},{\"@type\":\"ListItem\",\"position\":2,\"name\":\"Shop\",\"item\":\"https:\/\/rckopen.com\/shop\/\"},{\"@type\":\"ListItem\",\"position\":3,\"name\":\"DCK 20mg pellets online kopen\"}]},{\"@type\":\"WebSite\",\"@id\":\"https:\/\/rckopen.com\/#website\",\"url\":\"https:\/\/rckopen.com\/\",\"name\":\"RC Kopen\",\"description\":\"Research Chemicals\",\"potentialAction\":[{\"@type\":\"SearchAction\",\"target\":{\"@type\":\"EntryPoint\",\"urlTemplate\":\"https:\/\/rckopen.com\/?s={search_term_string}\"},\"query-input\":{\"@type\":\"PropertyValueSpecification\",\"valueRequired\":true,\"valueName\":\"search_term_string\"}}],\"inLanguage\":\"es\"}]}<\/script>\n<!-- \/ Yoast SEO plugin. -->","yoast_head_json":{"title":"Koop DCK 20 mg-pellets online - DCK 20 mg-pellets te koop","description":"Onze winkel heeft DCK 20mg-pellets van topkwaliteit te koop. U kunt nooit om de kwaliteit van onze producten heen. Als u ze nodig heeft, kunt u DCK 20 mg-pellets meteen online kopen. Bestel nu!","robots":{"index":"index","follow":"follow","max-snippet":"max-snippet:-1","max-image-preview":"max-image-preview:large","max-video-preview":"max-video-preview:-1"},"canonical":"https:\/\/rckopen.com\/es\/producto\/dck-20mg-pellets\/","og_locale":"es_ES","og_type":"article","og_title":"Koop DCK 20 mg-pellets online - DCK 20 mg-pellets te koop","og_description":"Onze winkel heeft DCK 20mg-pellets van topkwaliteit te koop. U kunt nooit om de kwaliteit van onze producten heen. Als u ze nodig heeft, kunt u DCK 20 mg-pellets meteen online kopen. Bestel nu!","og_url":"https:\/\/rckopen.com\/es\/producto\/dck-20mg-pellets\/","og_site_name":"RC Kopen","article_modified_time":"2025-09-16T08:19:13+00:00","og_image":[{"width":600,"height":600,"url":"https:\/\/rckopen.com\/wp-content\/uploads\/2023\/08\/DCK-20mg-pellets.jpg","type":"image\/jpeg"}],"twitter_card":"summary_large_image","twitter_misc":{"Tiempo de lectura":"3 minutos"},"schema":{"@context":"https:\/\/schema.org","@graph":[{"@type":"WebPage","@id":"https:\/\/rckopen.com\/product\/dck-20mg-pellets\/","url":"https:\/\/rckopen.com\/product\/dck-20mg-pellets\/","name":"Koop DCK 20 mg-pellets online - DCK 20 mg-pellets te koop","isPartOf":{"@id":"https:\/\/rckopen.com\/#website"},"primaryImageOfPage":{"@id":"https:\/\/rckopen.com\/product\/dck-20mg-pellets\/#primaryimage"},"image":{"@id":"https:\/\/rckopen.com\/product\/dck-20mg-pellets\/#primaryimage"},"thumbnailUrl":"https:\/\/rckopen.com\/wp-content\/uploads\/2023\/08\/DCK-20mg-pellets.jpg","datePublished":"2023-08-16T09:28:04+00:00","dateModified":"2025-09-16T08:19:13+00:00","description":"Onze winkel heeft DCK 20mg-pellets van topkwaliteit te koop. U kunt nooit om de kwaliteit van onze producten heen. Als u ze nodig heeft, kunt u DCK 20 mg-pellets meteen online kopen. Bestel nu!","breadcrumb":{"@id":"https:\/\/rckopen.com\/product\/dck-20mg-pellets\/#breadcrumb"},"inLanguage":"es","potentialAction":[{"@type":"ReadAction","target":["https:\/\/rckopen.com\/product\/dck-20mg-pellets\/"]}]},{"@type":"ImageObject","inLanguage":"es","@id":"https:\/\/rckopen.com\/product\/dck-20mg-pellets\/#primaryimage","url":"https:\/\/rckopen.com\/wp-content\/uploads\/2023\/08\/DCK-20mg-pellets.jpg","contentUrl":"https:\/\/rckopen.com\/wp-content\/uploads\/2023\/08\/DCK-20mg-pellets.jpg","width":600,"height":600,"caption":"DCK-20mg-pellets online kopen"},{"@type":"BreadcrumbList","@id":"https:\/\/rckopen.com\/product\/dck-20mg-pellets\/#breadcrumb","itemListElement":[{"@type":"ListItem","position":1,"name":"Home","item":"https:\/\/rckopen.com\/"},{"@type":"ListItem","position":2,"name":"Shop","item":"https:\/\/rckopen.com\/shop\/"},{"@type":"ListItem","position":3,"name":"DCK 20mg pellets online kopen"}]},{"@type":"WebSite","@id":"https:\/\/rckopen.com\/#website","url":"https:\/\/rckopen.com\/","name":"RC Kopen","description":"Research Chemicals","potentialAction":[{"@type":"SearchAction","target":{"@type":"EntryPoint","urlTemplate":"https:\/\/rckopen.com\/?s={search_term_string}"},"query-input":{"@type":"PropertyValueSpecification","valueRequired":true,"valueName":"search_term_string"}}],"inLanguage":"es"}]}},"_links":{"self":[{"href":"https:\/\/rckopen.com\/es\/wp-json\/wp\/v2\/product\/6574","targetHints":{"allow":["GET"]}}],"collection":[{"href":"https:\/\/rckopen.com\/es\/wp-json\/wp\/v2\/product"}],"about":[{"href":"https:\/\/rckopen.com\/es\/wp-json\/wp\/v2\/types\/product"}],"replies":[{"embeddable":true,"href":"https:\/\/rckopen.com\/es\/wp-json\/wp\/v2\/comments?post=6574"}],"wp:featuredmedia":[{"embeddable":true,"href":"https:\/\/rckopen.com\/es\/wp-json\/wp\/v2\/media\/6585"}],"wp:attachment":[{"href":"https:\/\/rckopen.com\/es\/wp-json\/wp\/v2\/media?parent=6574"}],"wp:term":[{"taxonomy":"product_brand","embeddable":true,"href":"https:\/\/rckopen.com\/es\/wp-json\/wp\/v2\/product_brand?post=6574"},{"taxonomy":"product_cat","embeddable":true,"href":"https:\/\/rckopen.com\/es\/wp-json\/wp\/v2\/product_cat?post=6574"},{"taxonomy":"product_tag","embeddable":true,"href":"https:\/\/rckopen.com\/es\/wp-json\/wp\/v2\/product_tag?post=6574"}],"curies":[{"name":"wp","href":"https:\/\/api.w.org\/{rel}","templated":true}]}}