{"id":6592,"date":"2023-08-16T10:04:26","date_gmt":"2023-08-16T10:04:26","guid":{"rendered":"https:\/\/diligentplug.com\/chems\/?post_type=product&#038;p=6592"},"modified":"2026-03-02T12:50:36","modified_gmt":"2026-03-02T12:50:36","slug":"2-fdck-pellets-50mg","status":"publish","type":"product","link":"https:\/\/rckopen.com\/es\/producto\/2-granulos-fdck-50mg\/","title":{"rendered":"Comprar pastillas de 2-FDCK de 50 mg en l\u00ednea"},"content":{"rendered":"<h2><b>Koop 2-FDCK Pellets 50mg Online \u2013 Premium Kwaliteit, Veilig &amp; Discreet<\/b><\/h2>\n<p><span style=\"font-weight: 400;\">\u00bfEstas buscando? <\/span><a href=\"https:\/\/rckopen.com\/es\/producto\/2-granulos-fdck-50mg\/\"><b>Comprar pastillas de 2-FDCK de 50 mg en l\u00ednea<\/b><\/a><span style=\"font-weight: 400;\">Nuestras pastillas de 2-fluorodescloroketamina (2-FDCK) de alta calidad ofrecen una forma c\u00f3moda, fiable y discreta de experimentar esta popular sustancia disociativa. Dise\u00f1adas para facilitar su uso y dosificar con precisi\u00f3n, estas pastillas de 50 mg proporcionan una experiencia suave y controlada, ideal tanto para principiantes como para usuarios experimentados.<\/span><\/p>\n<h3><b>\u00bfQu\u00e9 es 2-FDCK?<\/b><\/h3>\n<p><span style=\"font-weight: 400;\">La 2-FDCK es un compuesto disociativo sint\u00e9tico estrechamente relacionado con la ketamina. Es conocida por sus efectos \u00fanicos, que incluyen sedaci\u00f3n leve, alteraci\u00f3n de la percepci\u00f3n sensorial y claridad mental. Su presentaci\u00f3n en gr\u00e1nulos de 50 mg facilita su uso y precisi\u00f3n.<\/span><\/p>\n<h3><b>Beneficios de la presentaci\u00f3n en pellets y la dosis de 50 mg<\/b><\/h3>\n<p><span style=\"font-weight: 400;\">A diferencia de los polvos o l\u00edquidos, los pellets ofrecen dosis premedidas para un uso fiable y sin complicaciones. La concentraci\u00f3n de 50 mg es perfecta para quienes buscan una experiencia moderada sin la molestia de medir. Los pellets son f\u00e1ciles de almacenar, transportar y administrar, lo que los hace populares tanto entre principiantes como entre usuarios experimentados.<\/span><\/p>\n<h3><b>\u00bfPor qu\u00e9 comprar pellets 2-FDCK en l\u00ednea?<\/b><\/h3>\n<h4><b>La comodidad de las compras en l\u00ednea<\/b><\/h4>\n<p><span style=\"font-weight: 400;\">Los pedidos en l\u00ednea proporcionan un acceso r\u00e1pido y sencillo a <a href=\"https:\/\/en.wikipedia.org\/wiki\/2-Fluorodeschloroketamine\">2-FDCK pellets<\/a>Sin salir de casa. Compara varios vendedores y precios, y elige la cantidad que mejor se adapte a tus necesidades.<\/span><\/p>\n<h4><b>Acceso a diferentes opciones y precios del vendedor<\/b><\/h4>\n<p><span style=\"font-weight: 400;\">Los mercados en l\u00ednea ofrecen diversas opciones, as\u00ed que puedes encontrar las mejores ofertas en pastillas de 2-FDCK de 50 mg. Ya sea que necesites una sola pastilla o grandes cantidades, siempre hay una opci\u00f3n adecuada.<\/span><\/p>\n<h3><b>Consideraciones legales<\/b><\/h3>\n<h4><b>Estado legal actual de 2-FDCK<\/b><\/h4>\n<p><span style=\"font-weight: 400;\">La situaci\u00f3n legal del 2-FDCK var\u00eda seg\u00fan el pa\u00eds. Algunos pa\u00edses lo regulan o lo proh\u00edben, mientras que otros lo permiten para investigaci\u00f3n o uso personal. Consulte siempre la normativa local antes de comprarlo.<\/span><\/p>\n<h4><b>Importancia de consultar las leyes locales<\/b><\/h4>\n<p><span style=\"font-weight: 400;\">Cumpliendo la ley evitas problemas legales y fomentas un uso responsable.<\/span><\/p>\n<h3><b>Garant\u00eda de pureza y calidad<\/b><\/h3>\n<h4><b>Importancia de las pruebas y certificados de laboratorio<\/b><\/h4>\n<p><span style=\"font-weight: 400;\">Compre \u00fanicamente pellets 2-FDCK con resultados de pruebas independientes que garantizan la pureza y la ausencia de sustancias nocivas.<\/span><\/p>\n<h4><b>\u00bfQu\u00e9 espera de los pellets 2-FDCK de alta calidad?<\/b><\/h4>\n<p><span style=\"font-weight: 400;\">Los pellets premium tienen una apariencia uniforme, son inodoros y se disuelven con facilidad. Su alta pureza garantiza efectos seguros y predecibles.<\/span><\/p>\n<h2><b>Veilige Betaling en Privacy<\/b><\/h2>\n<h3><b>M\u00e9todos de pago recomendados<\/b><\/h3>\n<p><span style=\"font-weight: 400;\">Utilice m\u00e9todos de pago seguros como criptomonedas, tarjetas de cr\u00e9dito o plataformas de pago en l\u00ednea confiables para proteger sus datos.<\/span><\/p>\n<h3><b>Protecci\u00f3n de sus datos personales<\/b><\/h3>\n<p><span style=\"font-weight: 400;\">Elija vendedores con pol\u00edticas de privacidad s\u00f3lidas y sitios web seguros para lograr la m\u00e1xima discreci\u00f3n.<\/span><\/p>\n<h2><b>Env\u00edo, embalaje y entrega<\/b><\/h2>\n<h3><b>M\u00e9todos de embalaje discretos<\/b><\/h3>\n<p><span style=\"font-weight: 400;\">Los vendedores confiables env\u00edan pellets 2-FDCK en embalajes discretos y seguros para garantizar su privacidad.<\/span><\/p>\n<h3><b>Tiempos de entrega estimados y seguimiento<\/b><\/h3>\n<p><span style=\"font-weight: 400;\">Los buenos vendedores ofrecen opciones de seguimiento y tiempos de entrega realistas para que puedas realizar un seguimiento de tu pedido.<\/span><\/p>\n<h2><b>Conclusie en Laatste Advies<\/b><\/h2>\n<p><span style=\"font-weight: 400;\">Quieres <\/span><a href=\"https:\/\/rckopen.com\/es\/\"><b>Comprar pastillas de 2-FDCK de 50 mg en l\u00ednea<\/b><\/a><span style=\"font-weight: 400;\"> \u00bfCon confianza? Elija un vendedor confiable que suministre pellets puros y probados en laboratorio a un precio <\/span><b>Pellets de 2-FDCK baratos de 50mg<\/b><span style=\"font-weight: 400;\">. Wij zijn de <\/span><b>El mejor lugar para comprar pastillas de 2-FDCK de 50 mg.<\/b><span style=\"font-weight: 400;\">, con calidad garantizada, discreci\u00f3n y excelente servicio al cliente.<\/span><\/p>","protected":false},"excerpt":{"rendered":"<p><strong>An\u00e1lisis por RMN: <\/strong>N\/A<\/p>","protected":false},"featured_media":6603,"comment_status":"open","ping_status":"closed","template":"","meta":{"_joinchat":[]},"product_brand":[],"product_cat":[144],"product_tag":[],"class_list":{"0":"post-6592","1":"product","2":"type-product","3":"status-publish","4":"has-post-thumbnail","6":"product_cat-pellets","8":"first","9":"instock","10":"shipping-taxable","11":"purchasable","12":"product-type-variable"},"yoast_head":"<!-- This site is optimized with the Yoast SEO plugin v26.3 - https:\/\/yoast.com\/wordpress\/plugins\/seo\/ -->\n<title>2-FDCK-Pellets-50MG online kopen - 2-FDCK-Pellets te koop<\/title>\n<meta name=\"description\" content=\"U kunt 2-fdck-pellets-50mg online kopen tegen de beste prijzen in onze online Rc kopen-winkel. Wij hebben goedkope en hoogwaardige 2-fdck-pellets 50 mg te koop en bieden wereldwijde levering. U kunt overal en altijd bestellen.\" \/>\n<meta name=\"robots\" content=\"index, follow, max-snippet:-1, max-image-preview:large, max-video-preview:-1\" \/>\n<link rel=\"canonical\" href=\"https:\/\/rckopen.com\/es\/producto\/2-granulos-fdck-50mg\/\" \/>\n<meta property=\"og:locale\" content=\"es_ES\" \/>\n<meta property=\"og:type\" content=\"article\" \/>\n<meta property=\"og:title\" content=\"2-FDCK-Pellets-50MG online kopen - 2-FDCK-Pellets te koop\" \/>\n<meta property=\"og:description\" content=\"U kunt 2-fdck-pellets-50mg online kopen tegen de beste prijzen in onze online Rc kopen-winkel. Wij hebben goedkope en hoogwaardige 2-fdck-pellets 50 mg te koop en bieden wereldwijde levering. U kunt overal en altijd bestellen.\" \/>\n<meta property=\"og:url\" content=\"https:\/\/rckopen.com\/es\/producto\/2-granulos-fdck-50mg\/\" \/>\n<meta property=\"og:site_name\" content=\"RC Kopen\" \/>\n<meta property=\"article:modified_time\" content=\"2026-03-02T12:50:36+00:00\" \/>\n<meta property=\"og:image\" content=\"https:\/\/rckopen.com\/wp-content\/uploads\/2023\/08\/2-FDCK-pellets-50mg.jpg\" \/>\n\t<meta property=\"og:image:width\" content=\"600\" \/>\n\t<meta property=\"og:image:height\" content=\"600\" \/>\n\t<meta property=\"og:image:type\" content=\"image\/jpeg\" \/>\n<meta name=\"twitter:card\" content=\"summary_large_image\" \/>\n<meta name=\"twitter:label1\" content=\"Tiempo de lectura\" \/>\n\t<meta name=\"twitter:data1\" content=\"3 minutos\" \/>\n<script type=\"application\/ld+json\" class=\"yoast-schema-graph\">{\"@context\":\"https:\/\/schema.org\",\"@graph\":[{\"@type\":\"WebPage\",\"@id\":\"https:\/\/rckopen.com\/product\/2-fdck-pellets-50mg\/\",\"url\":\"https:\/\/rckopen.com\/product\/2-fdck-pellets-50mg\/\",\"name\":\"2-FDCK-Pellets-50MG online kopen - 2-FDCK-Pellets te koop\",\"isPartOf\":{\"@id\":\"https:\/\/rckopen.com\/#website\"},\"primaryImageOfPage\":{\"@id\":\"https:\/\/rckopen.com\/product\/2-fdck-pellets-50mg\/#primaryimage\"},\"image\":{\"@id\":\"https:\/\/rckopen.com\/product\/2-fdck-pellets-50mg\/#primaryimage\"},\"thumbnailUrl\":\"https:\/\/rckopen.com\/wp-content\/uploads\/2023\/08\/2-FDCK-pellets-50mg.jpg\",\"datePublished\":\"2023-08-16T10:04:26+00:00\",\"dateModified\":\"2026-03-02T12:50:36+00:00\",\"description\":\"U kunt 2-fdck-pellets-50mg online kopen tegen de beste prijzen in onze online Rc kopen-winkel. Wij hebben goedkope en hoogwaardige 2-fdck-pellets 50 mg te koop en bieden wereldwijde levering. U kunt overal en altijd bestellen.\",\"breadcrumb\":{\"@id\":\"https:\/\/rckopen.com\/product\/2-fdck-pellets-50mg\/#breadcrumb\"},\"inLanguage\":\"es\",\"potentialAction\":[{\"@type\":\"ReadAction\",\"target\":[\"https:\/\/rckopen.com\/product\/2-fdck-pellets-50mg\/\"]}]},{\"@type\":\"ImageObject\",\"inLanguage\":\"es\",\"@id\":\"https:\/\/rckopen.com\/product\/2-fdck-pellets-50mg\/#primaryimage\",\"url\":\"https:\/\/rckopen.com\/wp-content\/uploads\/2023\/08\/2-FDCK-pellets-50mg.jpg\",\"contentUrl\":\"https:\/\/rckopen.com\/wp-content\/uploads\/2023\/08\/2-FDCK-pellets-50mg.jpg\",\"width\":600,\"height\":600,\"caption\":\"2-FDCK pellets 50mg Online Kopen\"},{\"@type\":\"BreadcrumbList\",\"@id\":\"https:\/\/rckopen.com\/product\/2-fdck-pellets-50mg\/#breadcrumb\",\"itemListElement\":[{\"@type\":\"ListItem\",\"position\":1,\"name\":\"Home\",\"item\":\"https:\/\/rckopen.com\/\"},{\"@type\":\"ListItem\",\"position\":2,\"name\":\"Shop\",\"item\":\"https:\/\/rckopen.com\/shop\/\"},{\"@type\":\"ListItem\",\"position\":3,\"name\":\"2-FDCK pellets 50mg Online Kopen\"}]},{\"@type\":\"WebSite\",\"@id\":\"https:\/\/rckopen.com\/#website\",\"url\":\"https:\/\/rckopen.com\/\",\"name\":\"RC Kopen\",\"description\":\"Research Chemicals\",\"potentialAction\":[{\"@type\":\"SearchAction\",\"target\":{\"@type\":\"EntryPoint\",\"urlTemplate\":\"https:\/\/rckopen.com\/?s={search_term_string}\"},\"query-input\":{\"@type\":\"PropertyValueSpecification\",\"valueRequired\":true,\"valueName\":\"search_term_string\"}}],\"inLanguage\":\"es\"}]}<\/script>\n<!-- \/ Yoast SEO plugin. -->","yoast_head_json":{"title":"2-FDCK-Pellets-50MG online kopen - 2-FDCK-Pellets te koop","description":"U kunt 2-fdck-pellets-50mg online kopen tegen de beste prijzen in onze online Rc kopen-winkel. Wij hebben goedkope en hoogwaardige 2-fdck-pellets 50 mg te koop en bieden wereldwijde levering. U kunt overal en altijd bestellen.","robots":{"index":"index","follow":"follow","max-snippet":"max-snippet:-1","max-image-preview":"max-image-preview:large","max-video-preview":"max-video-preview:-1"},"canonical":"https:\/\/rckopen.com\/es\/producto\/2-granulos-fdck-50mg\/","og_locale":"es_ES","og_type":"article","og_title":"2-FDCK-Pellets-50MG online kopen - 2-FDCK-Pellets te koop","og_description":"U kunt 2-fdck-pellets-50mg online kopen tegen de beste prijzen in onze online Rc kopen-winkel. Wij hebben goedkope en hoogwaardige 2-fdck-pellets 50 mg te koop en bieden wereldwijde levering. U kunt overal en altijd bestellen.","og_url":"https:\/\/rckopen.com\/es\/producto\/2-granulos-fdck-50mg\/","og_site_name":"RC Kopen","article_modified_time":"2026-03-02T12:50:36+00:00","og_image":[{"width":600,"height":600,"url":"https:\/\/rckopen.com\/wp-content\/uploads\/2023\/08\/2-FDCK-pellets-50mg.jpg","type":"image\/jpeg"}],"twitter_card":"summary_large_image","twitter_misc":{"Tiempo de lectura":"3 minutos"},"schema":{"@context":"https:\/\/schema.org","@graph":[{"@type":"WebPage","@id":"https:\/\/rckopen.com\/product\/2-fdck-pellets-50mg\/","url":"https:\/\/rckopen.com\/product\/2-fdck-pellets-50mg\/","name":"2-FDCK-Pellets-50MG online kopen - 2-FDCK-Pellets te koop","isPartOf":{"@id":"https:\/\/rckopen.com\/#website"},"primaryImageOfPage":{"@id":"https:\/\/rckopen.com\/product\/2-fdck-pellets-50mg\/#primaryimage"},"image":{"@id":"https:\/\/rckopen.com\/product\/2-fdck-pellets-50mg\/#primaryimage"},"thumbnailUrl":"https:\/\/rckopen.com\/wp-content\/uploads\/2023\/08\/2-FDCK-pellets-50mg.jpg","datePublished":"2023-08-16T10:04:26+00:00","dateModified":"2026-03-02T12:50:36+00:00","description":"U kunt 2-fdck-pellets-50mg online kopen tegen de beste prijzen in onze online Rc kopen-winkel. Wij hebben goedkope en hoogwaardige 2-fdck-pellets 50 mg te koop en bieden wereldwijde levering. U kunt overal en altijd bestellen.","breadcrumb":{"@id":"https:\/\/rckopen.com\/product\/2-fdck-pellets-50mg\/#breadcrumb"},"inLanguage":"es","potentialAction":[{"@type":"ReadAction","target":["https:\/\/rckopen.com\/product\/2-fdck-pellets-50mg\/"]}]},{"@type":"ImageObject","inLanguage":"es","@id":"https:\/\/rckopen.com\/product\/2-fdck-pellets-50mg\/#primaryimage","url":"https:\/\/rckopen.com\/wp-content\/uploads\/2023\/08\/2-FDCK-pellets-50mg.jpg","contentUrl":"https:\/\/rckopen.com\/wp-content\/uploads\/2023\/08\/2-FDCK-pellets-50mg.jpg","width":600,"height":600,"caption":"2-FDCK pellets 50mg Online Kopen"},{"@type":"BreadcrumbList","@id":"https:\/\/rckopen.com\/product\/2-fdck-pellets-50mg\/#breadcrumb","itemListElement":[{"@type":"ListItem","position":1,"name":"Home","item":"https:\/\/rckopen.com\/"},{"@type":"ListItem","position":2,"name":"Shop","item":"https:\/\/rckopen.com\/shop\/"},{"@type":"ListItem","position":3,"name":"2-FDCK pellets 50mg Online Kopen"}]},{"@type":"WebSite","@id":"https:\/\/rckopen.com\/#website","url":"https:\/\/rckopen.com\/","name":"RC Kopen","description":"Research Chemicals","potentialAction":[{"@type":"SearchAction","target":{"@type":"EntryPoint","urlTemplate":"https:\/\/rckopen.com\/?s={search_term_string}"},"query-input":{"@type":"PropertyValueSpecification","valueRequired":true,"valueName":"search_term_string"}}],"inLanguage":"es"}]}},"_links":{"self":[{"href":"https:\/\/rckopen.com\/es\/wp-json\/wp\/v2\/product\/6592","targetHints":{"allow":["GET"]}}],"collection":[{"href":"https:\/\/rckopen.com\/es\/wp-json\/wp\/v2\/product"}],"about":[{"href":"https:\/\/rckopen.com\/es\/wp-json\/wp\/v2\/types\/product"}],"replies":[{"embeddable":true,"href":"https:\/\/rckopen.com\/es\/wp-json\/wp\/v2\/comments?post=6592"}],"wp:featuredmedia":[{"embeddable":true,"href":"https:\/\/rckopen.com\/es\/wp-json\/wp\/v2\/media\/6603"}],"wp:attachment":[{"href":"https:\/\/rckopen.com\/es\/wp-json\/wp\/v2\/media?parent=6592"}],"wp:term":[{"taxonomy":"product_brand","embeddable":true,"href":"https:\/\/rckopen.com\/es\/wp-json\/wp\/v2\/product_brand?post=6592"},{"taxonomy":"product_cat","embeddable":true,"href":"https:\/\/rckopen.com\/es\/wp-json\/wp\/v2\/product_cat?post=6592"},{"taxonomy":"product_tag","embeddable":true,"href":"https:\/\/rckopen.com\/es\/wp-json\/wp\/v2\/product_tag?post=6592"}],"curies":[{"name":"wp","href":"https:\/\/api.w.org\/{rel}","templated":true}]}}