{"id":6594,"date":"2023-08-16T10:08:31","date_gmt":"2023-08-16T10:08:31","guid":{"rendered":"https:\/\/diligentplug.com\/chems\/?post_type=product&#038;p=6594"},"modified":"2025-09-16T09:08:20","modified_gmt":"2025-09-16T09:08:20","slug":"cbd-pellets-25mg","status":"publish","type":"product","link":"https:\/\/rckopen.com\/es\/producto\/cbd-pellets-25mg\/","title":{"rendered":"Compre pellets de CBD 25mg online"},"content":{"rendered":"<h2>CBD-pellets 25mg online kopen<\/h2>\n<h2>Ontdek de verschillen: CBD-pellets 25 mg online kopen versus andere alternatieven<\/h2>\n<p>\u00bfEstas buscando? <a href=\"https:\/\/rckopen.com\/es\/producto\/cbd-pellets-25mg\/\">Pellets de CBD de 25 mg<\/a>, pero \u00bfno est\u00e1 seguro de d\u00f3nde encontrarlos o c\u00f3mo se comparan con otras alternativas? \u00a1No busques m\u00e1s! Visita rckopen.com para comprar pellets de CBD de 25 mg en el Reino Unido. Si quieres comprar pellets de CBD con una potencia de 25 mg, \u00a1est\u00e1s de suerte! Rckopen.com ofrece una amplia selecci\u00f3n de productos de CBD de alta calidad, incluidos pellets de CBD de 25 mg. Estos pellets son una forma c\u00f3moda y precisa de incorporar CBD a su rutina diaria. Ya sea que busque alivio del malestar o simplemente quiera promover su bienestar general, los pellets de CBD pueden ser una buena opci\u00f3n. Visite rckopen.com hoy para explorar su gama de productos de CBD y encontrar la soluci\u00f3n perfecta para sus necesidades. Experimente los beneficios del CBD con facilidad y confianza <a href=\"https:\/\/rckopen.com\/es\/\">Rckopen.com<\/a> \u00a1Elija seg\u00fan sus necesidades de pellets de CBD!<\/p>\n<h3>Ordene pellets de CBD de 25 mg f\u00e1cilmente en l\u00ednea y rec\u00edbalos en su hogar.<\/h3>\n<p>Parte superior de la forma<\/p>\n<h3>\u00bfQu\u00e9 son los gr\u00e1nulos de CBD 25 mg?<\/h3>\n<p><a href=\"https:\/\/en.wikipedia.org\/wiki\/Cannabidiol\">CBD<\/a>-Los pellets de 25 mg son una forma c\u00f3moda y sencilla de consumir CBD. Estos pellets contienen 25 mg de CBD cada uno, lo que facilita la medici\u00f3n y el seguimiento de la dosis. Los pellets de CBD son una opci\u00f3n popular para las personas que buscan una forma r\u00e1pida y efectiva de experimentar los beneficios del CBD.<\/p>\n<h3>\u00bfPor qu\u00e9 elegir CBD pellets 25 mg?<\/h3>\n<p>Cuando se trata de pedir gr\u00e1nulos de CBD 25 mg, hay varias razones por las que pueden ser la mejor opci\u00f3n para ti. En primer lugar, los gr\u00e1nulos de CBD son f\u00e1ciles de usar y c\u00f3modos de llevar. Adem\u00e1s, con una dosis exacta de 25 mg por gr\u00e1nulo, puedes determinar f\u00e1cilmente cu\u00e1nto CBD est\u00e1s consumiendo.<\/p>\n<h3>Comprar pastillas de CBD de 25 mg en la editorial online<\/h3>\n<p>Si buscas CBD pellets 25mg en venta, rckopen.com es el lugar perfecto para comprar. Ofrecen regularmente descuentos y promociones en sus medicamentos, por lo que es asequible para las personas que necesitan acceso a medicamentos de alta calidad.<\/p>\n<h3>D\u00f3nde comprar pastillas de CBD de 25 mg en l\u00ednea<\/h3>\n<p>Si est\u00e1s interesado en probar los pellets de CBD de 25 mg, puedes comprarlos en rckopen.com. En la tienda de pellets de CBD de 25 mg de rckopen.com puedes encontrar pellets de CBD de 25 mg de alta calidad a la venta. Compre pellets de CBD de 25 mg en l\u00ednea sin receta.<\/p>\n<p>A la hora de elegir la mejor opci\u00f3n para consumir CBD, los gr\u00e1nulos de CBD 25 mg ofrecen una soluci\u00f3n c\u00f3moda y eficaz. Con una dosis precisa de 25 mg por gr\u00e1nulo, puedes controlar f\u00e1cilmente la cantidad de CBD que consumes. Tanto si eres nuevo en el mundo del CBD como un consumidor experimentado, los gr\u00e1nulos de CBD 25 mg son una opci\u00f3n excelente para cualquiera que quiera experimentar los beneficios del CBD.<br \/>\nNo espere m\u00e1s: compre CBD pellets 25 mg en rckopen.com hoy mismo y descubra la diferencia por s\u00ed mismo.<\/p>","protected":false},"excerpt":{"rendered":"<p><strong>An\u00e1lisis por RMN: <\/strong>N\/A<\/p>","protected":false},"featured_media":7496,"comment_status":"open","ping_status":"closed","template":"","meta":{"_joinchat":[]},"product_brand":[],"product_cat":[144],"product_tag":[],"class_list":{"0":"post-6594","1":"product","2":"type-product","3":"status-publish","4":"has-post-thumbnail","6":"product_cat-pellets","8":"first","9":"instock","10":"shipping-taxable","11":"purchasable","12":"product-type-variable"},"yoast_head":"<!-- This site is optimized with the Yoast SEO plugin v26.3 - https:\/\/yoast.com\/wordpress\/plugins\/seo\/ -->\n<title>CBD-pellets 25 mg online kopen - CBD-pellets 25 mg te koop<\/title>\n<meta name=\"description\" content=\"Wij zijn de toonaangevende winkel die CBD-pellets 25 mg te koop aanbiedt. Als u CBD Pellets 25mg online kopen, neem dan direct contact met ons op en laat de bestelling bezorgen. Bestel nu!\" \/>\n<meta name=\"robots\" content=\"index, follow, max-snippet:-1, max-image-preview:large, max-video-preview:-1\" \/>\n<link rel=\"canonical\" href=\"https:\/\/rckopen.com\/es\/producto\/cbd-pellets-25mg\/\" \/>\n<meta property=\"og:locale\" content=\"es_ES\" \/>\n<meta property=\"og:type\" content=\"article\" \/>\n<meta property=\"og:title\" content=\"CBD-pellets 25 mg online kopen - CBD-pellets 25 mg te koop\" \/>\n<meta property=\"og:description\" content=\"Wij zijn de toonaangevende winkel die CBD-pellets 25 mg te koop aanbiedt. Als u CBD Pellets 25mg online kopen, neem dan direct contact met ons op en laat de bestelling bezorgen. Bestel nu!\" \/>\n<meta property=\"og:url\" content=\"https:\/\/rckopen.com\/es\/producto\/cbd-pellets-25mg\/\" \/>\n<meta property=\"og:site_name\" content=\"RC Kopen\" \/>\n<meta property=\"article:modified_time\" content=\"2025-09-16T09:08:20+00:00\" \/>\n<meta property=\"og:image\" content=\"https:\/\/rckopen.com\/wp-content\/uploads\/2023\/08\/CBD-pellets-25mg-2.jpg\" \/>\n\t<meta property=\"og:image:width\" content=\"600\" \/>\n\t<meta property=\"og:image:height\" content=\"600\" \/>\n\t<meta property=\"og:image:type\" content=\"image\/jpeg\" \/>\n<meta name=\"twitter:card\" content=\"summary_large_image\" \/>\n<meta name=\"twitter:label1\" content=\"Tiempo de lectura\" \/>\n\t<meta name=\"twitter:data1\" content=\"3 minutos\" \/>\n<script type=\"application\/ld+json\" class=\"yoast-schema-graph\">{\"@context\":\"https:\/\/schema.org\",\"@graph\":[{\"@type\":\"WebPage\",\"@id\":\"https:\/\/rckopen.com\/product\/cbd-pellets-25mg\/\",\"url\":\"https:\/\/rckopen.com\/product\/cbd-pellets-25mg\/\",\"name\":\"CBD-pellets 25 mg online kopen - CBD-pellets 25 mg te koop\",\"isPartOf\":{\"@id\":\"https:\/\/rckopen.com\/#website\"},\"primaryImageOfPage\":{\"@id\":\"https:\/\/rckopen.com\/product\/cbd-pellets-25mg\/#primaryimage\"},\"image\":{\"@id\":\"https:\/\/rckopen.com\/product\/cbd-pellets-25mg\/#primaryimage\"},\"thumbnailUrl\":\"https:\/\/rckopen.com\/wp-content\/uploads\/2023\/08\/CBD-pellets-25mg-2.jpg\",\"datePublished\":\"2023-08-16T10:08:31+00:00\",\"dateModified\":\"2025-09-16T09:08:20+00:00\",\"description\":\"Wij zijn de toonaangevende winkel die CBD-pellets 25 mg te koop aanbiedt. Als u CBD Pellets 25mg online kopen, neem dan direct contact met ons op en laat de bestelling bezorgen. Bestel nu!\",\"breadcrumb\":{\"@id\":\"https:\/\/rckopen.com\/product\/cbd-pellets-25mg\/#breadcrumb\"},\"inLanguage\":\"es\",\"potentialAction\":[{\"@type\":\"ReadAction\",\"target\":[\"https:\/\/rckopen.com\/product\/cbd-pellets-25mg\/\"]}]},{\"@type\":\"ImageObject\",\"inLanguage\":\"es\",\"@id\":\"https:\/\/rckopen.com\/product\/cbd-pellets-25mg\/#primaryimage\",\"url\":\"https:\/\/rckopen.com\/wp-content\/uploads\/2023\/08\/CBD-pellets-25mg-2.jpg\",\"contentUrl\":\"https:\/\/rckopen.com\/wp-content\/uploads\/2023\/08\/CBD-pellets-25mg-2.jpg\",\"width\":600,\"height\":600,\"caption\":\"CBD-pellets-25mg Online Kopen\"},{\"@type\":\"BreadcrumbList\",\"@id\":\"https:\/\/rckopen.com\/product\/cbd-pellets-25mg\/#breadcrumb\",\"itemListElement\":[{\"@type\":\"ListItem\",\"position\":1,\"name\":\"Home\",\"item\":\"https:\/\/rckopen.com\/\"},{\"@type\":\"ListItem\",\"position\":2,\"name\":\"Shop\",\"item\":\"https:\/\/rckopen.com\/shop\/\"},{\"@type\":\"ListItem\",\"position\":3,\"name\":\"CBD pellets 25mg online kopen\"}]},{\"@type\":\"WebSite\",\"@id\":\"https:\/\/rckopen.com\/#website\",\"url\":\"https:\/\/rckopen.com\/\",\"name\":\"RC Kopen\",\"description\":\"Research Chemicals\",\"potentialAction\":[{\"@type\":\"SearchAction\",\"target\":{\"@type\":\"EntryPoint\",\"urlTemplate\":\"https:\/\/rckopen.com\/?s={search_term_string}\"},\"query-input\":{\"@type\":\"PropertyValueSpecification\",\"valueRequired\":true,\"valueName\":\"search_term_string\"}}],\"inLanguage\":\"es\"}]}<\/script>\n<!-- \/ Yoast SEO plugin. -->","yoast_head_json":{"title":"CBD-pellets 25 mg online kopen - CBD-pellets 25 mg te koop","description":"Wij zijn de toonaangevende winkel die CBD-pellets 25 mg te koop aanbiedt. Als u CBD Pellets 25mg online kopen, neem dan direct contact met ons op en laat de bestelling bezorgen. Bestel nu!","robots":{"index":"index","follow":"follow","max-snippet":"max-snippet:-1","max-image-preview":"max-image-preview:large","max-video-preview":"max-video-preview:-1"},"canonical":"https:\/\/rckopen.com\/es\/producto\/cbd-pellets-25mg\/","og_locale":"es_ES","og_type":"article","og_title":"CBD-pellets 25 mg online kopen - CBD-pellets 25 mg te koop","og_description":"Wij zijn de toonaangevende winkel die CBD-pellets 25 mg te koop aanbiedt. Als u CBD Pellets 25mg online kopen, neem dan direct contact met ons op en laat de bestelling bezorgen. Bestel nu!","og_url":"https:\/\/rckopen.com\/es\/producto\/cbd-pellets-25mg\/","og_site_name":"RC Kopen","article_modified_time":"2025-09-16T09:08:20+00:00","og_image":[{"width":600,"height":600,"url":"https:\/\/rckopen.com\/wp-content\/uploads\/2023\/08\/CBD-pellets-25mg-2.jpg","type":"image\/jpeg"}],"twitter_card":"summary_large_image","twitter_misc":{"Tiempo de lectura":"3 minutos"},"schema":{"@context":"https:\/\/schema.org","@graph":[{"@type":"WebPage","@id":"https:\/\/rckopen.com\/product\/cbd-pellets-25mg\/","url":"https:\/\/rckopen.com\/product\/cbd-pellets-25mg\/","name":"CBD-pellets 25 mg online kopen - CBD-pellets 25 mg te koop","isPartOf":{"@id":"https:\/\/rckopen.com\/#website"},"primaryImageOfPage":{"@id":"https:\/\/rckopen.com\/product\/cbd-pellets-25mg\/#primaryimage"},"image":{"@id":"https:\/\/rckopen.com\/product\/cbd-pellets-25mg\/#primaryimage"},"thumbnailUrl":"https:\/\/rckopen.com\/wp-content\/uploads\/2023\/08\/CBD-pellets-25mg-2.jpg","datePublished":"2023-08-16T10:08:31+00:00","dateModified":"2025-09-16T09:08:20+00:00","description":"Wij zijn de toonaangevende winkel die CBD-pellets 25 mg te koop aanbiedt. Als u CBD Pellets 25mg online kopen, neem dan direct contact met ons op en laat de bestelling bezorgen. Bestel nu!","breadcrumb":{"@id":"https:\/\/rckopen.com\/product\/cbd-pellets-25mg\/#breadcrumb"},"inLanguage":"es","potentialAction":[{"@type":"ReadAction","target":["https:\/\/rckopen.com\/product\/cbd-pellets-25mg\/"]}]},{"@type":"ImageObject","inLanguage":"es","@id":"https:\/\/rckopen.com\/product\/cbd-pellets-25mg\/#primaryimage","url":"https:\/\/rckopen.com\/wp-content\/uploads\/2023\/08\/CBD-pellets-25mg-2.jpg","contentUrl":"https:\/\/rckopen.com\/wp-content\/uploads\/2023\/08\/CBD-pellets-25mg-2.jpg","width":600,"height":600,"caption":"CBD-pellets-25mg Online Kopen"},{"@type":"BreadcrumbList","@id":"https:\/\/rckopen.com\/product\/cbd-pellets-25mg\/#breadcrumb","itemListElement":[{"@type":"ListItem","position":1,"name":"Home","item":"https:\/\/rckopen.com\/"},{"@type":"ListItem","position":2,"name":"Shop","item":"https:\/\/rckopen.com\/shop\/"},{"@type":"ListItem","position":3,"name":"CBD pellets 25mg online kopen"}]},{"@type":"WebSite","@id":"https:\/\/rckopen.com\/#website","url":"https:\/\/rckopen.com\/","name":"RC Kopen","description":"Research Chemicals","potentialAction":[{"@type":"SearchAction","target":{"@type":"EntryPoint","urlTemplate":"https:\/\/rckopen.com\/?s={search_term_string}"},"query-input":{"@type":"PropertyValueSpecification","valueRequired":true,"valueName":"search_term_string"}}],"inLanguage":"es"}]}},"_links":{"self":[{"href":"https:\/\/rckopen.com\/es\/wp-json\/wp\/v2\/product\/6594","targetHints":{"allow":["GET"]}}],"collection":[{"href":"https:\/\/rckopen.com\/es\/wp-json\/wp\/v2\/product"}],"about":[{"href":"https:\/\/rckopen.com\/es\/wp-json\/wp\/v2\/types\/product"}],"replies":[{"embeddable":true,"href":"https:\/\/rckopen.com\/es\/wp-json\/wp\/v2\/comments?post=6594"}],"wp:featuredmedia":[{"embeddable":true,"href":"https:\/\/rckopen.com\/es\/wp-json\/wp\/v2\/media\/7496"}],"wp:attachment":[{"href":"https:\/\/rckopen.com\/es\/wp-json\/wp\/v2\/media?parent=6594"}],"wp:term":[{"taxonomy":"product_brand","embeddable":true,"href":"https:\/\/rckopen.com\/es\/wp-json\/wp\/v2\/product_brand?post=6594"},{"taxonomy":"product_cat","embeddable":true,"href":"https:\/\/rckopen.com\/es\/wp-json\/wp\/v2\/product_cat?post=6594"},{"taxonomy":"product_tag","embeddable":true,"href":"https:\/\/rckopen.com\/es\/wp-json\/wp\/v2\/product_tag?post=6594"}],"curies":[{"name":"wp","href":"https:\/\/api.w.org\/{rel}","templated":true}]}}