{"id":6608,"date":"2023-08-16T10:30:00","date_gmt":"2023-08-16T10:30:00","guid":{"rendered":"https:\/\/diligentplug.com\/chems\/?post_type=product&#038;p=6608"},"modified":"2025-09-16T09:08:10","modified_gmt":"2025-09-16T09:08:10","slug":"bromazolam-pellets-3mg","status":"publish","type":"product","link":"https:\/\/rckopen.com\/es\/producto\/bromazolam-pellets-3mg\/","title":{"rendered":"Comprar bromazolam PELLETS 3mg online"},"content":{"rendered":"<h2>bromazolam PELLETS 3 mg online kopen<br \/>\nConsejos y recomendaciones para comprar Bromazolam PELLETS 3 mg online con seguridad<\/h2>\n<p>Quieres <a href=\"https:\/\/rckopen.com\/es\/producto\/bromazolam-pellets-3mg\/\">Comprar Bromazolam PELLETS 3 mg en l\u00ednea<\/a>, pero \u00bfno est\u00e1s seguro de por d\u00f3nde empezar? Comprar medicamentos en l\u00ednea puede ser conveniente y rentable, pero es importante asegurarse de comprarlos de una fuente confiable para evitar riesgos. En este art\u00edculo le brindaremos consejos privilegiados sobre c\u00f3mo comprar Bromazolam PELLETS 3 mg de forma segura y legal en l\u00ednea.<\/p>\n<h3>Compre Bromazolam PELLETS 3 mg en l\u00ednea de una fuente confiable<\/h3>\n<p>Cuando se trata de comprar medicamentos por Internet, el primer paso, y el m\u00e1s importante, es asegurarse de que se compran a una fuente fiable. Es esencial investigar y comprar solo en farmacias o tiendas online de confianza.<\/p>\n<p>Si desea comprar Bromazolam PELLETS 3mg en l\u00ednea, <a href=\"https:\/\/rckopen.com\/es\/\">rckopen.com<\/a> Una tienda en l\u00ednea de buena reputaci\u00f3n que ofrece medicamentos de alta calidad a precios asequibles. Tienen una amplia selecci\u00f3n de medicamentos disponibles, incluido Bromazolam PELLETS 3 mg para la venta, y garantizan un env\u00edo seguro y discreto.<\/p>\n<h3>D\u00f3nde comprar Bromazolam PELLETS 3mg online<\/h3>\n<p>Si se pregunta d\u00f3nde comprar Bromazolam PELLETS 3mg, rckopen.com es su tienda en l\u00ednea favorita. Ofrecen una plataforma c\u00f3moda y segura para comprar medicamentos en l\u00ednea. Con su interfaz f\u00e1cil de usar y opciones de pago seguras, puede comprar f\u00e1cilmente y sin problemas en la tienda de Bromazolam PELLETS 3mg.<\/p>\n<h3>Comprar Bromazolam PELLETS 3mg online sin receta<\/h3>\n<p>Cuando tu <a href=\"https:\/\/en.wikipedia.org\/wiki\/Bromazolam\">Bromazolam<\/a> PELLETS 3 mg comprar online, es importante tener en cuenta que algunos medicamentos pueden requerir receta m\u00e9dica. En rckopen.com puedes pedir Bromazolam PELLETS 3mg sin receta. Esto lo hace conveniente para personas que no tienen una receta pero a\u00fan as\u00ed necesitan acceso al medicamento.<\/p>\n<h3>Bromazolam PELLETS 3mg Tienda<\/h3>\n<p>Rckopen.com es su \u00fanica tienda en l\u00ednea para todas sus necesidades de medicaci\u00f3n, incluyendo Bromazolam PELLETS 3mg. Ofrecen una plataforma segura en la que puede consultar f\u00e1cilmente sus productos, realizar su pedido y recibirlo discretamente en su domicilio. Su equipo de atenci\u00f3n al cliente tambi\u00e9n est\u00e1 listo para ayudarle con cualquier duda o comentario.<\/p>\n<p>Al pedir Bromazolam PELLETS 3 mg en l\u00ednea, es fundamental que lo compre de una fuente confiable como rckopen.com para garantizar la seguridad y la calidad del medicamento. Con su amplia selecci\u00f3n de medicamentos, opciones de pago seguras y env\u00edo discreto, puede estar seguro de que est\u00e1 en buenas manos. Entonces \u00bfpor qu\u00e9 esperar? Visite rckopen.com hoy y compre Bromazolam PELLETS 3mg en el Reino Unido con facilidad y tranquilidad.<\/p>","protected":false},"excerpt":{"rendered":"<p><strong>Forma: <\/strong>pellets<\/p>\n<p><strong>An\u00e1lisis por RMN: <\/strong>N\/A<\/p>","protected":false},"featured_media":6626,"comment_status":"open","ping_status":"closed","template":"","meta":{"_joinchat":[]},"product_brand":[],"product_cat":[144],"product_tag":[],"class_list":{"0":"post-6608","1":"product","2":"type-product","3":"status-publish","4":"has-post-thumbnail","6":"product_cat-pellets","8":"first","9":"instock","10":"shipping-taxable","11":"purchasable","12":"product-type-variable"},"yoast_head":"<!-- This site is optimized with the Yoast SEO plugin v26.3 - https:\/\/yoast.com\/wordpress\/plugins\/seo\/ -->\n<title>Bromazolampellets 3MG online kopen - Bromazolampellets 3MG te koop<\/title>\n<meta name=\"description\" content=\"Aan uw vereiste om bromazolam-pellets 3 mg te kopen, kunt u voldoen in onze online rc-koopwinkel, aangezien we hier bromazolam-pellets 3 mg te koop hebben. Plaats uw bestelling en ontvang elke dag betaalbare aanbiedingen.\" \/>\n<meta name=\"robots\" content=\"index, follow, max-snippet:-1, max-image-preview:large, max-video-preview:-1\" \/>\n<link rel=\"canonical\" href=\"https:\/\/rckopen.com\/es\/producto\/bromazolam-pellets-3mg\/\" \/>\n<meta property=\"og:locale\" content=\"es_ES\" \/>\n<meta property=\"og:type\" content=\"article\" \/>\n<meta property=\"og:title\" content=\"Bromazolampellets 3MG online kopen - Bromazolampellets 3MG te koop\" \/>\n<meta property=\"og:description\" content=\"Aan uw vereiste om bromazolam-pellets 3 mg te kopen, kunt u voldoen in onze online rc-koopwinkel, aangezien we hier bromazolam-pellets 3 mg te koop hebben. Plaats uw bestelling en ontvang elke dag betaalbare aanbiedingen.\" \/>\n<meta property=\"og:url\" content=\"https:\/\/rckopen.com\/es\/producto\/bromazolam-pellets-3mg\/\" \/>\n<meta property=\"og:site_name\" content=\"RC Kopen\" \/>\n<meta property=\"article:modified_time\" content=\"2025-09-16T09:08:10+00:00\" \/>\n<meta property=\"og:image\" content=\"https:\/\/rckopen.com\/wp-content\/uploads\/2023\/08\/bromazolam-PELLETS-3mg.jpg\" \/>\n\t<meta property=\"og:image:width\" content=\"600\" \/>\n\t<meta property=\"og:image:height\" content=\"600\" \/>\n\t<meta property=\"og:image:type\" content=\"image\/jpeg\" \/>\n<meta name=\"twitter:card\" content=\"summary_large_image\" \/>\n<meta name=\"twitter:label1\" content=\"Tiempo de lectura\" \/>\n\t<meta name=\"twitter:data1\" content=\"3 minutos\" \/>\n<script type=\"application\/ld+json\" class=\"yoast-schema-graph\">{\"@context\":\"https:\/\/schema.org\",\"@graph\":[{\"@type\":\"WebPage\",\"@id\":\"https:\/\/rckopen.com\/product\/bromazolam-pellets-3mg\/\",\"url\":\"https:\/\/rckopen.com\/product\/bromazolam-pellets-3mg\/\",\"name\":\"Bromazolampellets 3MG online kopen - Bromazolampellets 3MG te koop\",\"isPartOf\":{\"@id\":\"https:\/\/rckopen.com\/#website\"},\"primaryImageOfPage\":{\"@id\":\"https:\/\/rckopen.com\/product\/bromazolam-pellets-3mg\/#primaryimage\"},\"image\":{\"@id\":\"https:\/\/rckopen.com\/product\/bromazolam-pellets-3mg\/#primaryimage\"},\"thumbnailUrl\":\"https:\/\/rckopen.com\/wp-content\/uploads\/2023\/08\/bromazolam-PELLETS-3mg.jpg\",\"datePublished\":\"2023-08-16T10:30:00+00:00\",\"dateModified\":\"2025-09-16T09:08:10+00:00\",\"description\":\"Aan uw vereiste om bromazolam-pellets 3 mg te kopen, kunt u voldoen in onze online rc-koopwinkel, aangezien we hier bromazolam-pellets 3 mg te koop hebben. Plaats uw bestelling en ontvang elke dag betaalbare aanbiedingen.\",\"breadcrumb\":{\"@id\":\"https:\/\/rckopen.com\/product\/bromazolam-pellets-3mg\/#breadcrumb\"},\"inLanguage\":\"es\",\"potentialAction\":[{\"@type\":\"ReadAction\",\"target\":[\"https:\/\/rckopen.com\/product\/bromazolam-pellets-3mg\/\"]}]},{\"@type\":\"ImageObject\",\"inLanguage\":\"es\",\"@id\":\"https:\/\/rckopen.com\/product\/bromazolam-pellets-3mg\/#primaryimage\",\"url\":\"https:\/\/rckopen.com\/wp-content\/uploads\/2023\/08\/bromazolam-PELLETS-3mg.jpg\",\"contentUrl\":\"https:\/\/rckopen.com\/wp-content\/uploads\/2023\/08\/bromazolam-PELLETS-3mg.jpg\",\"width\":600,\"height\":600,\"caption\":\"bromazolam-PELLETS-3mg online kopen\"},{\"@type\":\"BreadcrumbList\",\"@id\":\"https:\/\/rckopen.com\/product\/bromazolam-pellets-3mg\/#breadcrumb\",\"itemListElement\":[{\"@type\":\"ListItem\",\"position\":1,\"name\":\"Home\",\"item\":\"https:\/\/rckopen.com\/\"},{\"@type\":\"ListItem\",\"position\":2,\"name\":\"Shop\",\"item\":\"https:\/\/rckopen.com\/shop\/\"},{\"@type\":\"ListItem\",\"position\":3,\"name\":\"bromazolam PELLETS 3mg online kopen\"}]},{\"@type\":\"WebSite\",\"@id\":\"https:\/\/rckopen.com\/#website\",\"url\":\"https:\/\/rckopen.com\/\",\"name\":\"RC Kopen\",\"description\":\"Research Chemicals\",\"potentialAction\":[{\"@type\":\"SearchAction\",\"target\":{\"@type\":\"EntryPoint\",\"urlTemplate\":\"https:\/\/rckopen.com\/?s={search_term_string}\"},\"query-input\":{\"@type\":\"PropertyValueSpecification\",\"valueRequired\":true,\"valueName\":\"search_term_string\"}}],\"inLanguage\":\"es\"}]}<\/script>\n<!-- \/ Yoast SEO plugin. -->","yoast_head_json":{"title":"Bromazolampellets 3MG online kopen - Bromazolampellets 3MG te koop","description":"Aan uw vereiste om bromazolam-pellets 3 mg te kopen, kunt u voldoen in onze online rc-koopwinkel, aangezien we hier bromazolam-pellets 3 mg te koop hebben. Plaats uw bestelling en ontvang elke dag betaalbare aanbiedingen.","robots":{"index":"index","follow":"follow","max-snippet":"max-snippet:-1","max-image-preview":"max-image-preview:large","max-video-preview":"max-video-preview:-1"},"canonical":"https:\/\/rckopen.com\/es\/producto\/bromazolam-pellets-3mg\/","og_locale":"es_ES","og_type":"article","og_title":"Bromazolampellets 3MG online kopen - Bromazolampellets 3MG te koop","og_description":"Aan uw vereiste om bromazolam-pellets 3 mg te kopen, kunt u voldoen in onze online rc-koopwinkel, aangezien we hier bromazolam-pellets 3 mg te koop hebben. Plaats uw bestelling en ontvang elke dag betaalbare aanbiedingen.","og_url":"https:\/\/rckopen.com\/es\/producto\/bromazolam-pellets-3mg\/","og_site_name":"RC Kopen","article_modified_time":"2025-09-16T09:08:10+00:00","og_image":[{"width":600,"height":600,"url":"https:\/\/rckopen.com\/wp-content\/uploads\/2023\/08\/bromazolam-PELLETS-3mg.jpg","type":"image\/jpeg"}],"twitter_card":"summary_large_image","twitter_misc":{"Tiempo de lectura":"3 minutos"},"schema":{"@context":"https:\/\/schema.org","@graph":[{"@type":"WebPage","@id":"https:\/\/rckopen.com\/product\/bromazolam-pellets-3mg\/","url":"https:\/\/rckopen.com\/product\/bromazolam-pellets-3mg\/","name":"Bromazolampellets 3MG online kopen - Bromazolampellets 3MG te koop","isPartOf":{"@id":"https:\/\/rckopen.com\/#website"},"primaryImageOfPage":{"@id":"https:\/\/rckopen.com\/product\/bromazolam-pellets-3mg\/#primaryimage"},"image":{"@id":"https:\/\/rckopen.com\/product\/bromazolam-pellets-3mg\/#primaryimage"},"thumbnailUrl":"https:\/\/rckopen.com\/wp-content\/uploads\/2023\/08\/bromazolam-PELLETS-3mg.jpg","datePublished":"2023-08-16T10:30:00+00:00","dateModified":"2025-09-16T09:08:10+00:00","description":"Aan uw vereiste om bromazolam-pellets 3 mg te kopen, kunt u voldoen in onze online rc-koopwinkel, aangezien we hier bromazolam-pellets 3 mg te koop hebben. Plaats uw bestelling en ontvang elke dag betaalbare aanbiedingen.","breadcrumb":{"@id":"https:\/\/rckopen.com\/product\/bromazolam-pellets-3mg\/#breadcrumb"},"inLanguage":"es","potentialAction":[{"@type":"ReadAction","target":["https:\/\/rckopen.com\/product\/bromazolam-pellets-3mg\/"]}]},{"@type":"ImageObject","inLanguage":"es","@id":"https:\/\/rckopen.com\/product\/bromazolam-pellets-3mg\/#primaryimage","url":"https:\/\/rckopen.com\/wp-content\/uploads\/2023\/08\/bromazolam-PELLETS-3mg.jpg","contentUrl":"https:\/\/rckopen.com\/wp-content\/uploads\/2023\/08\/bromazolam-PELLETS-3mg.jpg","width":600,"height":600,"caption":"bromazolam-PELLETS-3mg online kopen"},{"@type":"BreadcrumbList","@id":"https:\/\/rckopen.com\/product\/bromazolam-pellets-3mg\/#breadcrumb","itemListElement":[{"@type":"ListItem","position":1,"name":"Home","item":"https:\/\/rckopen.com\/"},{"@type":"ListItem","position":2,"name":"Shop","item":"https:\/\/rckopen.com\/shop\/"},{"@type":"ListItem","position":3,"name":"bromazolam PELLETS 3mg online kopen"}]},{"@type":"WebSite","@id":"https:\/\/rckopen.com\/#website","url":"https:\/\/rckopen.com\/","name":"RC Kopen","description":"Research Chemicals","potentialAction":[{"@type":"SearchAction","target":{"@type":"EntryPoint","urlTemplate":"https:\/\/rckopen.com\/?s={search_term_string}"},"query-input":{"@type":"PropertyValueSpecification","valueRequired":true,"valueName":"search_term_string"}}],"inLanguage":"es"}]}},"_links":{"self":[{"href":"https:\/\/rckopen.com\/es\/wp-json\/wp\/v2\/product\/6608","targetHints":{"allow":["GET"]}}],"collection":[{"href":"https:\/\/rckopen.com\/es\/wp-json\/wp\/v2\/product"}],"about":[{"href":"https:\/\/rckopen.com\/es\/wp-json\/wp\/v2\/types\/product"}],"replies":[{"embeddable":true,"href":"https:\/\/rckopen.com\/es\/wp-json\/wp\/v2\/comments?post=6608"}],"wp:featuredmedia":[{"embeddable":true,"href":"https:\/\/rckopen.com\/es\/wp-json\/wp\/v2\/media\/6626"}],"wp:attachment":[{"href":"https:\/\/rckopen.com\/es\/wp-json\/wp\/v2\/media?parent=6608"}],"wp:term":[{"taxonomy":"product_brand","embeddable":true,"href":"https:\/\/rckopen.com\/es\/wp-json\/wp\/v2\/product_brand?post=6608"},{"taxonomy":"product_cat","embeddable":true,"href":"https:\/\/rckopen.com\/es\/wp-json\/wp\/v2\/product_cat?post=6608"},{"taxonomy":"product_tag","embeddable":true,"href":"https:\/\/rckopen.com\/es\/wp-json\/wp\/v2\/product_tag?post=6608"}],"curies":[{"name":"wp","href":"https:\/\/api.w.org\/{rel}","templated":true}]}}