{"id":6609,"date":"2023-08-16T10:33:46","date_gmt":"2023-08-16T10:33:46","guid":{"rendered":"https:\/\/diligentplug.com\/chems\/?post_type=product&#038;p=6609"},"modified":"2025-09-16T09:10:53","modified_gmt":"2025-09-16T09:10:53","slug":"pyrazolam-pellets-3mg","status":"publish","type":"product","link":"https:\/\/rckopen.com\/es\/producto\/pirazolam-granulos-3mg\/","title":{"rendered":"comprar pastillas de pirazolam 3 mg en linea"},"content":{"rendered":"<h2>De kwaliteit en het gemak van Pyrazolam Pellets 3mg online kopen op rckopen.com<\/h2>\n<p>\u00bfQuiere comprar pirazol pellets 3 mg en l\u00ednea? \u00a1No busque m\u00e1s all\u00e1 de rckopen.com! Ofrecemos pellets de pirazol 3 mg de alta calidad a la venta sin necesidad de receta m\u00e9dica. Nuestra tienda online se dedica a proporcionar a los clientes productos de primera clase y un servicio impecable. Siga leyendo para saber m\u00e1s sobre la calidad y la comodidad de comprar pirazol ampellets 3mg en rckopen.com.<\/p>\n<h3>\u00bfPor qu\u00e9 elegir Pirazolam gr\u00e1nulos 3 mg?<\/h3>\n<p>Los gr\u00e1nulos de pirazolam 3 mg son una opci\u00f3n popular para las personas que buscan alivio de la ansiedad y el estr\u00e9s. Son una forma c\u00f3moda y eficaz de controlar los s\u00edntomas sin necesidad de dosis frecuentes. Cada gr\u00e1nulo contiene una dosis precisa de pirazolam, lo que permite una administraci\u00f3n f\u00e1cil y precisa.<\/p>\n<h3>Ventajas de comprar en rckopen.com<\/h3>\n<p>Al encargar pellets de pirazol 3 mg en rckopen.com, puede estar seguro de que est\u00e1 adquiriendo un producto de la m\u00e1xima calidad. Nuestros gr\u00e1nulos se fabrican siguiendo las normas y medidas de control de calidad m\u00e1s estrictas para garantizar su pureza y potencia. Adem\u00e1s, nuestra tienda en l\u00ednea ofrece una experiencia de compra perfecta, con entrega r\u00e1pida y embalaje discreto para su comodidad.<\/p>\n<h3>C\u00f3mo comprar pastillas de pirazolam de 3 mg<\/h3>\n<p>\u00bfSe pregunta d\u00f3nde comprar pirazol pellets 3 mg? Rckopen.com es el lugar adecuado. Nuestra tienda online ofrece un proceso de pedido sin complicaciones, permiti\u00e9ndole comprar pirazol pellets 3 mg con s\u00f3lo unos clics. Simplemente a\u00f1ada la cantidad deseada a su cesta, introduzca sus datos de env\u00edo y proceda al pago. As\u00ed de f\u00e1cil.<\/p>\n<h3>Pedidos sin receta<\/h3>\n<p>En rckopen.com, creemos que el acceso a productos de calidad debe ser simple y f\u00e1cil. Por eso ofrecemos pirazol pellets 3 mg en venta sin receta. Simplemente haga su pedido y nosotros nos encargaremos del resto. Nuestro proceso de pago seguro y encriptado garantiza que sus datos est\u00e9n seguros y protegidos.<\/p>\n<h3>La diferencia de rckopen.com<\/h3>\n<p>\u00bfQu\u00e9 diferencia a rckopen.com de otras tiendas online de pirazolampellets 3mg? Nos comprometemos a proporcionar a nuestros clientes una experiencia de compra superior de principio a fin. Nuestro experto equipo de atenci\u00f3n al cliente est\u00e1 preparado para responder a todas sus dudas o comentarios, para que pueda estar seguro de su compra. Con un env\u00edo r\u00e1pido y un embalaje discreto, puede confiar en que rckopen.com le entregar\u00e1 su pedido de forma r\u00e1pida y segura.<\/p>\n<p>Si desea comprar pirazol pellets 3 mg en l\u00ednea en el Reino Unido, no busque m\u00e1s all\u00e1 de rckopen.com. Nuestro compromiso con la calidad y la satisfacci\u00f3n del cliente nos diferencia de la competencia. Con pedidos f\u00e1ciles, env\u00edos r\u00e1pidos y productos de primera calidad, rckopen.com es su ventanilla \u00fanica para todas sus necesidades de pellets de pirazolam. Haga su pedido de pellets de pirazolam de 3 mg hoy mismo y experimente la calidad y comodidad de rckopen.com por s\u00ed mismo.<\/p>","protected":false},"excerpt":{"rendered":"<p><strong>Forma: <\/strong>pellets<\/p>\n<p><strong>An\u00e1lisis por RMN: <\/strong>N\/A<\/p>","protected":false},"featured_media":6627,"comment_status":"open","ping_status":"closed","template":"","meta":{"_joinchat":[]},"product_brand":[],"product_cat":[144],"product_tag":[],"class_list":{"0":"post-6609","1":"product","2":"type-product","3":"status-publish","4":"has-post-thumbnail","6":"product_cat-pellets","8":"first","9":"instock","10":"shipping-taxable","11":"purchasable","12":"product-type-variable"},"yoast_head":"<!-- This site is optimized with the Yoast SEO plugin v26.3 - https:\/\/yoast.com\/wordpress\/plugins\/seo\/ -->\n<title>Pyrazolam-pellets 3MG online kopen - Pyrazolam-pellets te koop<\/title>\n<meta name=\"description\" content=\"Onze winkel heeft Pyrazolam Pellets 3 mg van topkwaliteit te koop. U kunt nooit om de kwaliteit van onze producten heen. Als u het nodig heeft, koop dan meteen Pyrazolam Pellets 3 mg online. Bestel nu!\" \/>\n<meta name=\"robots\" content=\"index, follow, max-snippet:-1, max-image-preview:large, max-video-preview:-1\" \/>\n<link rel=\"canonical\" href=\"https:\/\/rckopen.com\/es\/producto\/pirazolam-granulos-3mg\/\" \/>\n<meta property=\"og:locale\" content=\"es_ES\" \/>\n<meta property=\"og:type\" content=\"article\" \/>\n<meta property=\"og:title\" content=\"Pyrazolam-pellets 3MG online kopen - Pyrazolam-pellets te koop\" \/>\n<meta property=\"og:description\" content=\"Onze winkel heeft Pyrazolam Pellets 3 mg van topkwaliteit te koop. U kunt nooit om de kwaliteit van onze producten heen. Als u het nodig heeft, koop dan meteen Pyrazolam Pellets 3 mg online. Bestel nu!\" \/>\n<meta property=\"og:url\" content=\"https:\/\/rckopen.com\/es\/producto\/pirazolam-granulos-3mg\/\" \/>\n<meta property=\"og:site_name\" content=\"RC Kopen\" \/>\n<meta property=\"article:modified_time\" content=\"2025-09-16T09:10:53+00:00\" \/>\n<meta property=\"og:image\" content=\"https:\/\/rckopen.com\/wp-content\/uploads\/2023\/08\/pyrazolam-pellets-3mg.jpg\" \/>\n\t<meta property=\"og:image:width\" content=\"600\" \/>\n\t<meta property=\"og:image:height\" content=\"600\" \/>\n\t<meta property=\"og:image:type\" content=\"image\/jpeg\" \/>\n<meta name=\"twitter:card\" content=\"summary_large_image\" \/>\n<meta name=\"twitter:label1\" content=\"Tiempo de lectura\" \/>\n\t<meta name=\"twitter:data1\" content=\"3 minutos\" \/>\n<script type=\"application\/ld+json\" class=\"yoast-schema-graph\">{\"@context\":\"https:\/\/schema.org\",\"@graph\":[{\"@type\":\"WebPage\",\"@id\":\"https:\/\/rckopen.com\/product\/pyrazolam-pellets-3mg\/\",\"url\":\"https:\/\/rckopen.com\/product\/pyrazolam-pellets-3mg\/\",\"name\":\"Pyrazolam-pellets 3MG online kopen - Pyrazolam-pellets te koop\",\"isPartOf\":{\"@id\":\"https:\/\/rckopen.com\/#website\"},\"primaryImageOfPage\":{\"@id\":\"https:\/\/rckopen.com\/product\/pyrazolam-pellets-3mg\/#primaryimage\"},\"image\":{\"@id\":\"https:\/\/rckopen.com\/product\/pyrazolam-pellets-3mg\/#primaryimage\"},\"thumbnailUrl\":\"https:\/\/rckopen.com\/wp-content\/uploads\/2023\/08\/pyrazolam-pellets-3mg.jpg\",\"datePublished\":\"2023-08-16T10:33:46+00:00\",\"dateModified\":\"2025-09-16T09:10:53+00:00\",\"description\":\"Onze winkel heeft Pyrazolam Pellets 3 mg van topkwaliteit te koop. U kunt nooit om de kwaliteit van onze producten heen. Als u het nodig heeft, koop dan meteen Pyrazolam Pellets 3 mg online. Bestel nu!\",\"breadcrumb\":{\"@id\":\"https:\/\/rckopen.com\/product\/pyrazolam-pellets-3mg\/#breadcrumb\"},\"inLanguage\":\"es\",\"potentialAction\":[{\"@type\":\"ReadAction\",\"target\":[\"https:\/\/rckopen.com\/product\/pyrazolam-pellets-3mg\/\"]}]},{\"@type\":\"ImageObject\",\"inLanguage\":\"es\",\"@id\":\"https:\/\/rckopen.com\/product\/pyrazolam-pellets-3mg\/#primaryimage\",\"url\":\"https:\/\/rckopen.com\/wp-content\/uploads\/2023\/08\/pyrazolam-pellets-3mg.jpg\",\"contentUrl\":\"https:\/\/rckopen.com\/wp-content\/uploads\/2023\/08\/pyrazolam-pellets-3mg.jpg\",\"width\":600,\"height\":600,\"caption\":\"pyrazolam-pellets-3mg online kopen\"},{\"@type\":\"BreadcrumbList\",\"@id\":\"https:\/\/rckopen.com\/product\/pyrazolam-pellets-3mg\/#breadcrumb\",\"itemListElement\":[{\"@type\":\"ListItem\",\"position\":1,\"name\":\"Home\",\"item\":\"https:\/\/rckopen.com\/\"},{\"@type\":\"ListItem\",\"position\":2,\"name\":\"Shop\",\"item\":\"https:\/\/rckopen.com\/shop\/\"},{\"@type\":\"ListItem\",\"position\":3,\"name\":\"pyrazolam pellets 3mg online kopen\"}]},{\"@type\":\"WebSite\",\"@id\":\"https:\/\/rckopen.com\/#website\",\"url\":\"https:\/\/rckopen.com\/\",\"name\":\"RC Kopen\",\"description\":\"Research Chemicals\",\"potentialAction\":[{\"@type\":\"SearchAction\",\"target\":{\"@type\":\"EntryPoint\",\"urlTemplate\":\"https:\/\/rckopen.com\/?s={search_term_string}\"},\"query-input\":{\"@type\":\"PropertyValueSpecification\",\"valueRequired\":true,\"valueName\":\"search_term_string\"}}],\"inLanguage\":\"es\"}]}<\/script>\n<!-- \/ Yoast SEO plugin. -->","yoast_head_json":{"title":"Pyrazolam-pellets 3MG online kopen - Pyrazolam-pellets te koop","description":"Onze winkel heeft Pyrazolam Pellets 3 mg van topkwaliteit te koop. U kunt nooit om de kwaliteit van onze producten heen. Als u het nodig heeft, koop dan meteen Pyrazolam Pellets 3 mg online. Bestel nu!","robots":{"index":"index","follow":"follow","max-snippet":"max-snippet:-1","max-image-preview":"max-image-preview:large","max-video-preview":"max-video-preview:-1"},"canonical":"https:\/\/rckopen.com\/es\/producto\/pirazolam-granulos-3mg\/","og_locale":"es_ES","og_type":"article","og_title":"Pyrazolam-pellets 3MG online kopen - Pyrazolam-pellets te koop","og_description":"Onze winkel heeft Pyrazolam Pellets 3 mg van topkwaliteit te koop. U kunt nooit om de kwaliteit van onze producten heen. Als u het nodig heeft, koop dan meteen Pyrazolam Pellets 3 mg online. Bestel nu!","og_url":"https:\/\/rckopen.com\/es\/producto\/pirazolam-granulos-3mg\/","og_site_name":"RC Kopen","article_modified_time":"2025-09-16T09:10:53+00:00","og_image":[{"width":600,"height":600,"url":"https:\/\/rckopen.com\/wp-content\/uploads\/2023\/08\/pyrazolam-pellets-3mg.jpg","type":"image\/jpeg"}],"twitter_card":"summary_large_image","twitter_misc":{"Tiempo de lectura":"3 minutos"},"schema":{"@context":"https:\/\/schema.org","@graph":[{"@type":"WebPage","@id":"https:\/\/rckopen.com\/product\/pyrazolam-pellets-3mg\/","url":"https:\/\/rckopen.com\/product\/pyrazolam-pellets-3mg\/","name":"Pyrazolam-pellets 3MG online kopen - Pyrazolam-pellets te koop","isPartOf":{"@id":"https:\/\/rckopen.com\/#website"},"primaryImageOfPage":{"@id":"https:\/\/rckopen.com\/product\/pyrazolam-pellets-3mg\/#primaryimage"},"image":{"@id":"https:\/\/rckopen.com\/product\/pyrazolam-pellets-3mg\/#primaryimage"},"thumbnailUrl":"https:\/\/rckopen.com\/wp-content\/uploads\/2023\/08\/pyrazolam-pellets-3mg.jpg","datePublished":"2023-08-16T10:33:46+00:00","dateModified":"2025-09-16T09:10:53+00:00","description":"Onze winkel heeft Pyrazolam Pellets 3 mg van topkwaliteit te koop. U kunt nooit om de kwaliteit van onze producten heen. Als u het nodig heeft, koop dan meteen Pyrazolam Pellets 3 mg online. Bestel nu!","breadcrumb":{"@id":"https:\/\/rckopen.com\/product\/pyrazolam-pellets-3mg\/#breadcrumb"},"inLanguage":"es","potentialAction":[{"@type":"ReadAction","target":["https:\/\/rckopen.com\/product\/pyrazolam-pellets-3mg\/"]}]},{"@type":"ImageObject","inLanguage":"es","@id":"https:\/\/rckopen.com\/product\/pyrazolam-pellets-3mg\/#primaryimage","url":"https:\/\/rckopen.com\/wp-content\/uploads\/2023\/08\/pyrazolam-pellets-3mg.jpg","contentUrl":"https:\/\/rckopen.com\/wp-content\/uploads\/2023\/08\/pyrazolam-pellets-3mg.jpg","width":600,"height":600,"caption":"pyrazolam-pellets-3mg online kopen"},{"@type":"BreadcrumbList","@id":"https:\/\/rckopen.com\/product\/pyrazolam-pellets-3mg\/#breadcrumb","itemListElement":[{"@type":"ListItem","position":1,"name":"Home","item":"https:\/\/rckopen.com\/"},{"@type":"ListItem","position":2,"name":"Shop","item":"https:\/\/rckopen.com\/shop\/"},{"@type":"ListItem","position":3,"name":"pyrazolam pellets 3mg online kopen"}]},{"@type":"WebSite","@id":"https:\/\/rckopen.com\/#website","url":"https:\/\/rckopen.com\/","name":"RC Kopen","description":"Research Chemicals","potentialAction":[{"@type":"SearchAction","target":{"@type":"EntryPoint","urlTemplate":"https:\/\/rckopen.com\/?s={search_term_string}"},"query-input":{"@type":"PropertyValueSpecification","valueRequired":true,"valueName":"search_term_string"}}],"inLanguage":"es"}]}},"_links":{"self":[{"href":"https:\/\/rckopen.com\/es\/wp-json\/wp\/v2\/product\/6609","targetHints":{"allow":["GET"]}}],"collection":[{"href":"https:\/\/rckopen.com\/es\/wp-json\/wp\/v2\/product"}],"about":[{"href":"https:\/\/rckopen.com\/es\/wp-json\/wp\/v2\/types\/product"}],"replies":[{"embeddable":true,"href":"https:\/\/rckopen.com\/es\/wp-json\/wp\/v2\/comments?post=6609"}],"wp:featuredmedia":[{"embeddable":true,"href":"https:\/\/rckopen.com\/es\/wp-json\/wp\/v2\/media\/6627"}],"wp:attachment":[{"href":"https:\/\/rckopen.com\/es\/wp-json\/wp\/v2\/media?parent=6609"}],"wp:term":[{"taxonomy":"product_brand","embeddable":true,"href":"https:\/\/rckopen.com\/es\/wp-json\/wp\/v2\/product_brand?post=6609"},{"taxonomy":"product_cat","embeddable":true,"href":"https:\/\/rckopen.com\/es\/wp-json\/wp\/v2\/product_cat?post=6609"},{"taxonomy":"product_tag","embeddable":true,"href":"https:\/\/rckopen.com\/es\/wp-json\/wp\/v2\/product_tag?post=6609"}],"curies":[{"name":"wp","href":"https:\/\/api.w.org\/{rel}","templated":true}]}}