{"id":6613,"date":"2023-08-16T10:40:48","date_gmt":"2023-08-16T10:40:48","guid":{"rendered":"https:\/\/diligentplug.com\/chems\/?post_type=product&#038;p=6613"},"modified":"2025-09-16T09:03:26","modified_gmt":"2025-09-16T09:03:26","slug":"4-fma-pellets-100mg","status":"publish","type":"product","link":"https:\/\/rckopen.com\/es\/producto\/4-granulos-fma-100mg\/","title":{"rendered":"Comprar pastillas de 4-FMA de 100 mg en l\u00ednea"},"content":{"rendered":"<h2>4-FMA-pellets 100 mg online kopen<br \/>\nPida 3-FA pellets 50 mg f\u00e1cilmente en l\u00ednea: la tienda de confianza de RCKopen<\/h2>\n<p>Quieres <a href=\"https:\/\/rckopen.com\/es\/producto\/4-granulos-fma-100mg\/\">4-FMA-pellets 100 mg online kopen<\/a>? No busque m\u00e1s que la tienda de confianza de <a href=\"https:\/\/rckopen.com\/es\/\">Rckopen.com<\/a>! Aqu\u00ed puedes pedir f\u00e1cilmente pellets de 4-FMA 100 mg en l\u00ednea con solo unos pocos clics. Nuestra tienda ofrece una amplia gama de productos qu\u00edmicos de investigaci\u00f3n, incluidos pellets de 4-FMA de 100 mg para todas sus necesidades de investigaci\u00f3n. Con nuestro sencillo proceso de pedido y env\u00edo r\u00e1pido, comprar 4-FMA Pellets 100 mg en l\u00ednea nunca ha sido tan f\u00e1cil.<\/p>\n<h3>\u00bfPor qu\u00e9 elegir RCKopen para comprar 4-FMA pellets 100 mg?<\/h3>\n<p>Cuando se trata de comprar productos qu\u00edmicos de investigaci\u00f3n en l\u00ednea, la confianza es clave. En RCKopen nos enorgullecemos de ser una tienda confiable que ofrece productos de alta calidad. Todos nuestros <a href=\"https:\/\/en.wikipedia.org\/wiki\/4-Fluoromethamphetamine\">4-FMA<\/a>-Los pellets de 100 mg a la venta provienen de proveedores confiables para garantizar su pureza y potencia. Ya sea un investigador experimentado o un comprador primerizo, puede confiar en RCKopen para ofrecerle productos de primer nivel.<\/p>\n<h3>C\u00f3mo comprar pastillas de 4-FMA de 100 mg en l\u00ednea en RCKopen<\/h3>\n<p>Pedir 4-FMA pellets 100 mg a RCKopen es f\u00e1cil y c\u00f3modo. Simplemente visite nuestro sitio web, navegue por nuestra selecci\u00f3n de productos qu\u00edmicos de investigaci\u00f3n y a\u00f1ada el 4-FMA pellets 100 mg legal a su cesta. A continuaci\u00f3n, vaya a la caja e introduzca sus datos de env\u00edo. Una vez confirmado su pedido, nuestro equipo empaquetar\u00e1 y enviar\u00e1 de forma segura su 4-FMA pellets 100 mg a la puerta de su casa. As\u00ed de f\u00e1cil.<\/p>\n<h3>\u00bfD\u00f3nde puedo comprar pastillas de 4-FMA de 100 mg legalmente online?<\/h3>\n<p>Es esencial comprar 4-FMA pellets 100 mg legalmente para garantizar la seguridad y legalidad de su investigaci\u00f3n. RCKopen es una tienda de confianza que cumple con todas las normativas y directrices para la venta de productos qu\u00edmicos de investigaci\u00f3n. Al comprar 4-FMA pellets 100 mg de nosotros en el Reino Unido, puede estar seguro de que est\u00e1 comprando un producto legal para sus fines de investigaci\u00f3n.<\/p>\n<h3>\u00bfPor qu\u00e9 elegir 4-FMA pellets 100 mg de RCKopen?<\/h3>\n<p>En la tienda RCKopen 4-FMA pellets 100mg, nos esforzamos por ofrecer a nuestros clientes los mejores productos qu\u00edmicos de investigaci\u00f3n del mercado. Nuestros 4-FMA pellets 100mg en venta son de la m\u00e1s alta calidad y pureza, haci\u00e9ndolos ideales para fines de investigaci\u00f3n. Si est\u00e1 realizando experimentos en un laboratorio o estudiando los efectos de sustancias qu\u00edmicas, nuestros gr\u00e1nulos de 4-FMA 100 mg son la elecci\u00f3n perfecta para sus necesidades de investigaci\u00f3n.<\/p>","protected":false},"excerpt":{"rendered":"<p><strong>Forma: <\/strong>pellets<\/p>\n<p><strong>An\u00e1lisis por RMN: <\/strong>N\/A<\/p>","protected":false},"featured_media":6630,"comment_status":"open","ping_status":"closed","template":"","meta":{"_joinchat":[]},"product_brand":[],"product_cat":[144],"product_tag":[],"class_list":{"0":"post-6613","1":"product","2":"type-product","3":"status-publish","4":"has-post-thumbnail","6":"product_cat-pellets","8":"first","9":"instock","10":"shipping-taxable","11":"purchasable","12":"product-type-variable"},"yoast_head":"<!-- This site is optimized with the Yoast SEO plugin v26.3 - https:\/\/yoast.com\/wordpress\/plugins\/seo\/ -->\n<title>4-FMA-Pellets-100MG online kopen - 4-FMA-Pellets-100MG te koop<\/title>\n<meta name=\"description\" content=\"Mis geen enkele kans om 4-FMA-Pellets-100MG online kopen bij onze Rckopen. We hebben uitsluitend te maken met 4-FMA-Pellets-100MG die tegen goedkope tarieven te koop zijn. Wij zijn hier om u te helpen. Bestel nu!\" \/>\n<meta name=\"robots\" content=\"index, follow, max-snippet:-1, max-image-preview:large, max-video-preview:-1\" \/>\n<link rel=\"canonical\" href=\"https:\/\/rckopen.com\/es\/producto\/4-granulos-fma-100mg\/\" \/>\n<meta property=\"og:locale\" content=\"es_ES\" \/>\n<meta property=\"og:type\" content=\"article\" \/>\n<meta property=\"og:title\" content=\"4-FMA-Pellets-100MG online kopen - 4-FMA-Pellets-100MG te koop\" \/>\n<meta property=\"og:description\" content=\"Mis geen enkele kans om 4-FMA-Pellets-100MG online kopen bij onze Rckopen. We hebben uitsluitend te maken met 4-FMA-Pellets-100MG die tegen goedkope tarieven te koop zijn. Wij zijn hier om u te helpen. Bestel nu!\" \/>\n<meta property=\"og:url\" content=\"https:\/\/rckopen.com\/es\/producto\/4-granulos-fma-100mg\/\" \/>\n<meta property=\"og:site_name\" content=\"RC Kopen\" \/>\n<meta property=\"article:modified_time\" content=\"2025-09-16T09:03:26+00:00\" \/>\n<meta property=\"og:image\" content=\"https:\/\/rckopen.com\/wp-content\/uploads\/2023\/08\/4-FMA-pellets-100mg.jpg\" \/>\n\t<meta property=\"og:image:width\" content=\"600\" \/>\n\t<meta property=\"og:image:height\" content=\"600\" \/>\n\t<meta property=\"og:image:type\" content=\"image\/jpeg\" \/>\n<meta name=\"twitter:card\" content=\"summary_large_image\" \/>\n<meta name=\"twitter:label1\" content=\"Tiempo de lectura\" \/>\n\t<meta name=\"twitter:data1\" content=\"2 minutos\" \/>\n<script type=\"application\/ld+json\" class=\"yoast-schema-graph\">{\"@context\":\"https:\/\/schema.org\",\"@graph\":[{\"@type\":\"WebPage\",\"@id\":\"https:\/\/rckopen.com\/product\/4-fma-pellets-100mg\/\",\"url\":\"https:\/\/rckopen.com\/product\/4-fma-pellets-100mg\/\",\"name\":\"4-FMA-Pellets-100MG online kopen - 4-FMA-Pellets-100MG te koop\",\"isPartOf\":{\"@id\":\"https:\/\/rckopen.com\/#website\"},\"primaryImageOfPage\":{\"@id\":\"https:\/\/rckopen.com\/product\/4-fma-pellets-100mg\/#primaryimage\"},\"image\":{\"@id\":\"https:\/\/rckopen.com\/product\/4-fma-pellets-100mg\/#primaryimage\"},\"thumbnailUrl\":\"https:\/\/rckopen.com\/wp-content\/uploads\/2023\/08\/4-FMA-pellets-100mg.jpg\",\"datePublished\":\"2023-08-16T10:40:48+00:00\",\"dateModified\":\"2025-09-16T09:03:26+00:00\",\"description\":\"Mis geen enkele kans om 4-FMA-Pellets-100MG online kopen bij onze Rckopen. We hebben uitsluitend te maken met 4-FMA-Pellets-100MG die tegen goedkope tarieven te koop zijn. Wij zijn hier om u te helpen. Bestel nu!\",\"breadcrumb\":{\"@id\":\"https:\/\/rckopen.com\/product\/4-fma-pellets-100mg\/#breadcrumb\"},\"inLanguage\":\"es\",\"potentialAction\":[{\"@type\":\"ReadAction\",\"target\":[\"https:\/\/rckopen.com\/product\/4-fma-pellets-100mg\/\"]}]},{\"@type\":\"ImageObject\",\"inLanguage\":\"es\",\"@id\":\"https:\/\/rckopen.com\/product\/4-fma-pellets-100mg\/#primaryimage\",\"url\":\"https:\/\/rckopen.com\/wp-content\/uploads\/2023\/08\/4-FMA-pellets-100mg.jpg\",\"contentUrl\":\"https:\/\/rckopen.com\/wp-content\/uploads\/2023\/08\/4-FMA-pellets-100mg.jpg\",\"width\":600,\"height\":600,\"caption\":\"4-FMA-pellets-100mg online kopen\"},{\"@type\":\"BreadcrumbList\",\"@id\":\"https:\/\/rckopen.com\/product\/4-fma-pellets-100mg\/#breadcrumb\",\"itemListElement\":[{\"@type\":\"ListItem\",\"position\":1,\"name\":\"Home\",\"item\":\"https:\/\/rckopen.com\/\"},{\"@type\":\"ListItem\",\"position\":2,\"name\":\"Shop\",\"item\":\"https:\/\/rckopen.com\/shop\/\"},{\"@type\":\"ListItem\",\"position\":3,\"name\":\"4-FMA pellets 100mg online kopen\"}]},{\"@type\":\"WebSite\",\"@id\":\"https:\/\/rckopen.com\/#website\",\"url\":\"https:\/\/rckopen.com\/\",\"name\":\"RC Kopen\",\"description\":\"Research Chemicals\",\"potentialAction\":[{\"@type\":\"SearchAction\",\"target\":{\"@type\":\"EntryPoint\",\"urlTemplate\":\"https:\/\/rckopen.com\/?s={search_term_string}\"},\"query-input\":{\"@type\":\"PropertyValueSpecification\",\"valueRequired\":true,\"valueName\":\"search_term_string\"}}],\"inLanguage\":\"es\"}]}<\/script>\n<!-- \/ Yoast SEO plugin. -->","yoast_head_json":{"title":"4-FMA-Pellets-100MG online kopen - 4-FMA-Pellets-100MG te koop","description":"Mis geen enkele kans om 4-FMA-Pellets-100MG online kopen bij onze Rckopen. We hebben uitsluitend te maken met 4-FMA-Pellets-100MG die tegen goedkope tarieven te koop zijn. Wij zijn hier om u te helpen. Bestel nu!","robots":{"index":"index","follow":"follow","max-snippet":"max-snippet:-1","max-image-preview":"max-image-preview:large","max-video-preview":"max-video-preview:-1"},"canonical":"https:\/\/rckopen.com\/es\/producto\/4-granulos-fma-100mg\/","og_locale":"es_ES","og_type":"article","og_title":"4-FMA-Pellets-100MG online kopen - 4-FMA-Pellets-100MG te koop","og_description":"Mis geen enkele kans om 4-FMA-Pellets-100MG online kopen bij onze Rckopen. We hebben uitsluitend te maken met 4-FMA-Pellets-100MG die tegen goedkope tarieven te koop zijn. Wij zijn hier om u te helpen. Bestel nu!","og_url":"https:\/\/rckopen.com\/es\/producto\/4-granulos-fma-100mg\/","og_site_name":"RC Kopen","article_modified_time":"2025-09-16T09:03:26+00:00","og_image":[{"width":600,"height":600,"url":"https:\/\/rckopen.com\/wp-content\/uploads\/2023\/08\/4-FMA-pellets-100mg.jpg","type":"image\/jpeg"}],"twitter_card":"summary_large_image","twitter_misc":{"Tiempo de lectura":"2 minutos"},"schema":{"@context":"https:\/\/schema.org","@graph":[{"@type":"WebPage","@id":"https:\/\/rckopen.com\/product\/4-fma-pellets-100mg\/","url":"https:\/\/rckopen.com\/product\/4-fma-pellets-100mg\/","name":"4-FMA-Pellets-100MG online kopen - 4-FMA-Pellets-100MG te koop","isPartOf":{"@id":"https:\/\/rckopen.com\/#website"},"primaryImageOfPage":{"@id":"https:\/\/rckopen.com\/product\/4-fma-pellets-100mg\/#primaryimage"},"image":{"@id":"https:\/\/rckopen.com\/product\/4-fma-pellets-100mg\/#primaryimage"},"thumbnailUrl":"https:\/\/rckopen.com\/wp-content\/uploads\/2023\/08\/4-FMA-pellets-100mg.jpg","datePublished":"2023-08-16T10:40:48+00:00","dateModified":"2025-09-16T09:03:26+00:00","description":"Mis geen enkele kans om 4-FMA-Pellets-100MG online kopen bij onze Rckopen. We hebben uitsluitend te maken met 4-FMA-Pellets-100MG die tegen goedkope tarieven te koop zijn. Wij zijn hier om u te helpen. Bestel nu!","breadcrumb":{"@id":"https:\/\/rckopen.com\/product\/4-fma-pellets-100mg\/#breadcrumb"},"inLanguage":"es","potentialAction":[{"@type":"ReadAction","target":["https:\/\/rckopen.com\/product\/4-fma-pellets-100mg\/"]}]},{"@type":"ImageObject","inLanguage":"es","@id":"https:\/\/rckopen.com\/product\/4-fma-pellets-100mg\/#primaryimage","url":"https:\/\/rckopen.com\/wp-content\/uploads\/2023\/08\/4-FMA-pellets-100mg.jpg","contentUrl":"https:\/\/rckopen.com\/wp-content\/uploads\/2023\/08\/4-FMA-pellets-100mg.jpg","width":600,"height":600,"caption":"4-FMA-pellets-100mg online kopen"},{"@type":"BreadcrumbList","@id":"https:\/\/rckopen.com\/product\/4-fma-pellets-100mg\/#breadcrumb","itemListElement":[{"@type":"ListItem","position":1,"name":"Home","item":"https:\/\/rckopen.com\/"},{"@type":"ListItem","position":2,"name":"Shop","item":"https:\/\/rckopen.com\/shop\/"},{"@type":"ListItem","position":3,"name":"4-FMA pellets 100mg online kopen"}]},{"@type":"WebSite","@id":"https:\/\/rckopen.com\/#website","url":"https:\/\/rckopen.com\/","name":"RC Kopen","description":"Research Chemicals","potentialAction":[{"@type":"SearchAction","target":{"@type":"EntryPoint","urlTemplate":"https:\/\/rckopen.com\/?s={search_term_string}"},"query-input":{"@type":"PropertyValueSpecification","valueRequired":true,"valueName":"search_term_string"}}],"inLanguage":"es"}]}},"_links":{"self":[{"href":"https:\/\/rckopen.com\/es\/wp-json\/wp\/v2\/product\/6613","targetHints":{"allow":["GET"]}}],"collection":[{"href":"https:\/\/rckopen.com\/es\/wp-json\/wp\/v2\/product"}],"about":[{"href":"https:\/\/rckopen.com\/es\/wp-json\/wp\/v2\/types\/product"}],"replies":[{"embeddable":true,"href":"https:\/\/rckopen.com\/es\/wp-json\/wp\/v2\/comments?post=6613"}],"wp:featuredmedia":[{"embeddable":true,"href":"https:\/\/rckopen.com\/es\/wp-json\/wp\/v2\/media\/6630"}],"wp:attachment":[{"href":"https:\/\/rckopen.com\/es\/wp-json\/wp\/v2\/media?parent=6613"}],"wp:term":[{"taxonomy":"product_brand","embeddable":true,"href":"https:\/\/rckopen.com\/es\/wp-json\/wp\/v2\/product_brand?post=6613"},{"taxonomy":"product_cat","embeddable":true,"href":"https:\/\/rckopen.com\/es\/wp-json\/wp\/v2\/product_cat?post=6613"},{"taxonomy":"product_tag","embeddable":true,"href":"https:\/\/rckopen.com\/es\/wp-json\/wp\/v2\/product_tag?post=6613"}],"curies":[{"name":"wp","href":"https:\/\/api.w.org\/{rel}","templated":true}]}}