{"id":6618,"date":"2023-08-17T05:26:46","date_gmt":"2023-08-17T05:26:46","guid":{"rendered":"https:\/\/diligentplug.com\/chems\/?post_type=product&#038;p=6618"},"modified":"2025-09-16T08:57:23","modified_gmt":"2025-09-16T08:57:23","slug":"2-fma-pellets-50mg","status":"publish","type":"product","link":"https:\/\/rckopen.com\/es\/producto\/2-granulos-de-fma-50mg\/","title":{"rendered":"Comprar pastillas de 2-FMA de 50 mg en l\u00ednea"},"content":{"rendered":"<h2 data-start=\"53\" data-end=\"119\"><strong data-start=\"53\" data-end=\"119\">2-FMA Pellets 50mg Online Kopen \u2013 Precisie, Zuiverheid en Gemak<\/strong><\/h2>\n<p data-start=\"121\" data-end=\"464\">\u00bfEstas buscando? <a href=\"https:\/\/en.wikipedia.org\/wiki\/2-Fluoromethamphetamine\"><strong>Pastillas de 2-FMA de 50 mg en l\u00ednea<\/strong><\/a>Nuestros gr\u00e1nulos de 2-fluorometanfetamina (2-FMA) de alta calidad ofrecen la combinaci\u00f3n perfecta de dosificaci\u00f3n precisa, pureza y facilidad de uso. Especialmente dise\u00f1ados para investigadores y entusiastas de la qu\u00edmica, estos gr\u00e1nulos de 50 mg ofrecen una calidad consistente y probada en laboratorio en un formato pr\u00e1ctico.<\/p>\n<h3 data-start=\"466\" data-end=\"995\"><strong data-start=\"466\" data-end=\"513\">\u00bfQu\u00e9 es 2-FMA y por qu\u00e9 elegir pellets?<\/strong><\/h3>\n<p data-start=\"466\" data-end=\"995\"><br data-start=\"513\" data-end=\"516\" \/>El 2-FMA es un potente estimulante de la clase de las metanfetaminas y es popular en el \u00e1mbito de la investigaci\u00f3n por sus efectos \u00fanicos sobre la cognici\u00f3n y la energ\u00eda. Al elegir pastillas, se obtienen dosis premedidas, eliminando las conjeturas y aumentando la seguridad y la precisi\u00f3n durante los experimentos. Nuestras pastillas de 50 mg ofrecen una dosis estandarizada ideal para entornos de investigaci\u00f3n controlados, lo que las convierte en una mejor alternativa a los polvos sueltos.<\/p>\n<h3 data-start=\"997\" data-end=\"1427\"><strong data-start=\"997\" data-end=\"1054\">\u00bfEs legal comprar pellets 2-FMA en mi pa\u00eds?<\/strong><\/h3>\n<p data-start=\"997\" data-end=\"1427\"><br data-start=\"1054\" data-end=\"1057\" \/>La situaci\u00f3n legal var\u00eda seg\u00fan la regi\u00f3n. Es fundamental consultar la normativa local antes de comprar pellets 2-FMA. Nuestra tienda online proporciona informaci\u00f3n sobre la normativa vigente, pero el cumplimiento es su responsabilidad. Comprar a vendedores de confianza reduce el riesgo de complicaciones legales y garantiza la legitimidad del producto.<\/p>\n<h3 data-start=\"1429\" data-end=\"1808\"><strong data-start=\"1429\" data-end=\"1491\">\u00bfD\u00f3nde puedo encontrar vendedores confiables de 2-FMA Pellets 50mg?<\/strong><\/h3>\n<p data-start=\"1429\" data-end=\"1808\"><br data-start=\"1491\" data-end=\"1494\" \/>Compre solo a proveedores verificados y de buena reputaci\u00f3n que proporcionen certificados de an\u00e1lisis (COA) y resultados de laboratorio para garantizar la pureza y la seguridad. Nuestra plataforma colabora con vendedores de confianza reconocidos por su transparencia, calidad y excelente servicio al cliente.<\/p>\n<h3 data-start=\"1810\" data-end=\"2181\"><strong data-start=\"1810\" data-end=\"1862\">\u00bfC\u00f3mo s\u00e9 si los pellets son puros y seguros?<\/strong><\/h3>\n<p data-start=\"1810\" data-end=\"2181\"><br data-start=\"1862\" data-end=\"1865\" \/>Mantenemos un estricto control de calidad. Todos los pellets de 2-FMA se someten a rigurosas pruebas de laboratorio y disponemos de certificados de pureza previa solicitud. Evite a los vendedores que carecen de transparencia o documentaci\u00f3n de pruebas; los productos adulterados o impuros pueden suponer graves riesgos.<\/p>\n<h3 data-start=\"2183\" data-end=\"2449\"><strong data-start=\"2183\" data-end=\"2226\">\u00bfQu\u00e9 m\u00e9todos de pago se recomiendan?<\/strong><\/h3>\n<p data-start=\"2183\" data-end=\"2449\"><br data-start=\"2226\" data-end=\"2229\" \/>Para su seguridad, le recomendamos pagar con criptomonedas o tarjeta de cr\u00e9dito a trav\u00e9s de plataformas de pago seguras y encriptadas. Estos m\u00e9todos protegen su privacidad y garantizan una transacci\u00f3n fluida.<\/p>\n<h3 data-start=\"2451\" data-end=\"2719\"><strong data-start=\"2451\" data-end=\"2482\">\u00bfCu\u00e1nto tiempo tarda la entrega?<\/strong><\/h3>\n<p data-start=\"2451\" data-end=\"2719\"><br data-start=\"2482\" data-end=\"2485\" \/>Ofrecemos embalaje discreto y opciones de env\u00edo fiables. El plazo de entrega suele ser de 5 a 15 d\u00edas laborables, seg\u00fan su ubicaci\u00f3n y el m\u00e9todo de env\u00edo elegido. Para su mayor tranquilidad, le proporcionamos informaci\u00f3n de seguimiento.<\/p>\n<h3 data-start=\"2721\" data-end=\"2986\"><strong data-start=\"2721\" data-end=\"2773\">\u00bfCu\u00e1l es la dosis recomendada para pellets de 50 mg?<\/strong><\/h3>\n<p data-start=\"2721\" data-end=\"2986\"><br data-start=\"2773\" data-end=\"2776\" \/>Cada comprimido contiene una dosis premedida de 50 mg, ideal para investigaciones precisas. Comience con la dosis m\u00ednima efectiva y siga siempre las recomendaciones de seguridad para evitar efectos secundarios.<\/p>\n<h3 data-start=\"2988\" data-end=\"3212\"><strong data-start=\"2988\" data-end=\"3026\">\u00bfQu\u00e9 efectos secundarios debo conocer?<\/strong><\/h3>\n<p data-start=\"2988\" data-end=\"3212\"><br data-start=\"3026\" data-end=\"3029\" \/>Aunque est\u00e1 destinado \u00fanicamente a fines de investigaci\u00f3n, el 2-FMA puede causar efectos secundarios como aumento de la frecuencia card\u00edaca, ansiedad o inquietud. \u00daselo con responsabilidad y suspenda su uso si se produce alguna reacci\u00f3n adversa.<\/p>\n<h3 data-start=\"3214\" data-end=\"3430\"><strong data-start=\"3214\" data-end=\"3259\">\u00bfC\u00f3mo debo almacenar de forma segura los pellets de 2-FMA?<\/strong><\/h3>\n<p data-start=\"3214\" data-end=\"3430\"><br data-start=\"3259\" data-end=\"3262\" \/>Para mantener su eficacia, guarde los pellets en un lugar fresco y seco, alejado de la luz directa y la humedad. Mant\u00e9ngalos fuera del alcance de los ni\u00f1os y personas no autorizadas.<\/p>\n<p data-start=\"3432\" data-end=\"3736\"><strong data-start=\"3432\" data-end=\"3473\">\u00bfC\u00f3mo puedo garantizar un uso responsable?<\/strong><\/p>\n<p data-start=\"3432\" data-end=\"3736\"><br data-start=\"3473\" data-end=\"3476\" \/>Los gr\u00e1nulos de 2-FMA est\u00e1n destinados exclusivamente a fines de investigaci\u00f3n. Man\u00e9jelos con cuidado, respete las dosis recomendadas y nunca los use con fines recreativos. El uso responsable protege su salud y garantiza resultados de investigaci\u00f3n fiables.<\/p>\n<h3 data-start=\"3738\" data-end=\"4112\"><strong data-start=\"3738\" data-end=\"3789\">\u00bfPor qu\u00e9 comprar pellets de 2-FMA 50 mg en l\u00ednea con nosotros?<\/strong><\/h3>\n<p data-start=\"3738\" data-end=\"4112\"><br data-start=\"3789\" data-end=\"3792\" \/>Ofrecemos precios econ\u00f3micos <strong>2-FMA pellets 50mg<\/strong> Sin comprometer la calidad. Nuestra plataforma es el mejor lugar para... <strong>2-FMA pellets te kopen<\/strong>Con vendedores confiables, m\u00e9todos de pago seguros y env\u00edos r\u00e1pidos. Ya sea que compres al por mayor o solo unas pocas unidades, puedes confiar en la mejor calidad en todo momento.<\/p>\n<p data-start=\"4114\" data-end=\"4289\">No te conformes con menos: pide el tuyo hoy <a href=\"https:\/\/rckopen.com\/es\/producto\/2-granulos-de-fma-50mg\/\"><strong>Pastillas de 2-FMA de 50 mg en l\u00ednea<\/strong><\/a> y experimente calidad constante, seguridad y conveniencia de un vendedor en el que puede confiar.<\/p>","protected":false},"excerpt":{"rendered":"<p><strong>Nombre IUPAC:<\/strong><\/p>\n<p><strong>Apariencia: <\/strong>pellets<\/p>\n<p><strong>An\u00e1lisis por RMN: <\/strong>N\/A<\/p>","protected":false},"featured_media":6637,"comment_status":"open","ping_status":"closed","template":"","meta":{"_joinchat":[]},"product_brand":[],"product_cat":[144],"product_tag":[],"class_list":{"0":"post-6618","1":"product","2":"type-product","3":"status-publish","4":"has-post-thumbnail","6":"product_cat-pellets","8":"first","9":"instock","10":"shipping-taxable","11":"purchasable","12":"product-type-variable"},"yoast_head":"<!-- This site is optimized with the Yoast SEO plugin v26.3 - https:\/\/yoast.com\/wordpress\/plugins\/seo\/ -->\n<title>2-FMA-Pellets-50MG Online Kopen - 2-FMA-Pellets-50MG te koop<\/title>\n<meta name=\"description\" content=\"Als je 2-fma-pellets-50mg uit onze winkel nog niet hebt geprobeerd, dan mis je veel. Wij helpen u 2-fma-pellets 50mg online te koop tegen goedkope tarieven. vandaag nog 2-fma-pellets-50 mg online kopen! Bestel nu!\" \/>\n<meta name=\"robots\" content=\"index, follow, max-snippet:-1, max-image-preview:large, max-video-preview:-1\" \/>\n<link rel=\"canonical\" href=\"https:\/\/rckopen.com\/es\/producto\/2-granulos-de-fma-50mg\/\" \/>\n<meta property=\"og:locale\" content=\"es_ES\" \/>\n<meta property=\"og:type\" content=\"article\" \/>\n<meta property=\"og:title\" content=\"2-FMA-Pellets-50MG Online Kopen - 2-FMA-Pellets-50MG te koop\" \/>\n<meta property=\"og:description\" content=\"Als je 2-fma-pellets-50mg uit onze winkel nog niet hebt geprobeerd, dan mis je veel. Wij helpen u 2-fma-pellets 50mg online te koop tegen goedkope tarieven. vandaag nog 2-fma-pellets-50 mg online kopen! Bestel nu!\" \/>\n<meta property=\"og:url\" content=\"https:\/\/rckopen.com\/es\/producto\/2-granulos-de-fma-50mg\/\" \/>\n<meta property=\"og:site_name\" content=\"RC Kopen\" \/>\n<meta property=\"article:modified_time\" content=\"2025-09-16T08:57:23+00:00\" \/>\n<meta property=\"og:image\" content=\"https:\/\/rckopen.com\/wp-content\/uploads\/2023\/08\/2-FMA-pellets-50mg.jpg\" \/>\n\t<meta property=\"og:image:width\" content=\"600\" \/>\n\t<meta property=\"og:image:height\" content=\"600\" \/>\n\t<meta property=\"og:image:type\" content=\"image\/jpeg\" \/>\n<meta name=\"twitter:card\" content=\"summary_large_image\" \/>\n<meta name=\"twitter:label1\" content=\"Tiempo de lectura\" \/>\n\t<meta name=\"twitter:data1\" content=\"3 minutos\" \/>\n<script type=\"application\/ld+json\" class=\"yoast-schema-graph\">{\"@context\":\"https:\/\/schema.org\",\"@graph\":[{\"@type\":\"WebPage\",\"@id\":\"https:\/\/rckopen.com\/product\/2-fma-pellets-50mg\/\",\"url\":\"https:\/\/rckopen.com\/product\/2-fma-pellets-50mg\/\",\"name\":\"2-FMA-Pellets-50MG Online Kopen - 2-FMA-Pellets-50MG te koop\",\"isPartOf\":{\"@id\":\"https:\/\/rckopen.com\/#website\"},\"primaryImageOfPage\":{\"@id\":\"https:\/\/rckopen.com\/product\/2-fma-pellets-50mg\/#primaryimage\"},\"image\":{\"@id\":\"https:\/\/rckopen.com\/product\/2-fma-pellets-50mg\/#primaryimage\"},\"thumbnailUrl\":\"https:\/\/rckopen.com\/wp-content\/uploads\/2023\/08\/2-FMA-pellets-50mg.jpg\",\"datePublished\":\"2023-08-17T05:26:46+00:00\",\"dateModified\":\"2025-09-16T08:57:23+00:00\",\"description\":\"Als je 2-fma-pellets-50mg uit onze winkel nog niet hebt geprobeerd, dan mis je veel. Wij helpen u 2-fma-pellets 50mg online te koop tegen goedkope tarieven. vandaag nog 2-fma-pellets-50 mg online kopen! Bestel nu!\",\"breadcrumb\":{\"@id\":\"https:\/\/rckopen.com\/product\/2-fma-pellets-50mg\/#breadcrumb\"},\"inLanguage\":\"es\",\"potentialAction\":[{\"@type\":\"ReadAction\",\"target\":[\"https:\/\/rckopen.com\/product\/2-fma-pellets-50mg\/\"]}]},{\"@type\":\"ImageObject\",\"inLanguage\":\"es\",\"@id\":\"https:\/\/rckopen.com\/product\/2-fma-pellets-50mg\/#primaryimage\",\"url\":\"https:\/\/rckopen.com\/wp-content\/uploads\/2023\/08\/2-FMA-pellets-50mg.jpg\",\"contentUrl\":\"https:\/\/rckopen.com\/wp-content\/uploads\/2023\/08\/2-FMA-pellets-50mg.jpg\",\"width\":600,\"height\":600,\"caption\":\"2-FMA pellets 50mg Online Kopen\"},{\"@type\":\"BreadcrumbList\",\"@id\":\"https:\/\/rckopen.com\/product\/2-fma-pellets-50mg\/#breadcrumb\",\"itemListElement\":[{\"@type\":\"ListItem\",\"position\":1,\"name\":\"Home\",\"item\":\"https:\/\/rckopen.com\/\"},{\"@type\":\"ListItem\",\"position\":2,\"name\":\"Shop\",\"item\":\"https:\/\/rckopen.com\/shop\/\"},{\"@type\":\"ListItem\",\"position\":3,\"name\":\"2-FMA pellets 50mg Online Kopen\"}]},{\"@type\":\"WebSite\",\"@id\":\"https:\/\/rckopen.com\/#website\",\"url\":\"https:\/\/rckopen.com\/\",\"name\":\"RC Kopen\",\"description\":\"Research Chemicals\",\"potentialAction\":[{\"@type\":\"SearchAction\",\"target\":{\"@type\":\"EntryPoint\",\"urlTemplate\":\"https:\/\/rckopen.com\/?s={search_term_string}\"},\"query-input\":{\"@type\":\"PropertyValueSpecification\",\"valueRequired\":true,\"valueName\":\"search_term_string\"}}],\"inLanguage\":\"es\"}]}<\/script>\n<!-- \/ Yoast SEO plugin. -->","yoast_head_json":{"title":"2-FMA-Pellets-50MG Online Kopen - 2-FMA-Pellets-50MG te koop","description":"Als je 2-fma-pellets-50mg uit onze winkel nog niet hebt geprobeerd, dan mis je veel. Wij helpen u 2-fma-pellets 50mg online te koop tegen goedkope tarieven. vandaag nog 2-fma-pellets-50 mg online kopen! Bestel nu!","robots":{"index":"index","follow":"follow","max-snippet":"max-snippet:-1","max-image-preview":"max-image-preview:large","max-video-preview":"max-video-preview:-1"},"canonical":"https:\/\/rckopen.com\/es\/producto\/2-granulos-de-fma-50mg\/","og_locale":"es_ES","og_type":"article","og_title":"2-FMA-Pellets-50MG Online Kopen - 2-FMA-Pellets-50MG te koop","og_description":"Als je 2-fma-pellets-50mg uit onze winkel nog niet hebt geprobeerd, dan mis je veel. Wij helpen u 2-fma-pellets 50mg online te koop tegen goedkope tarieven. vandaag nog 2-fma-pellets-50 mg online kopen! Bestel nu!","og_url":"https:\/\/rckopen.com\/es\/producto\/2-granulos-de-fma-50mg\/","og_site_name":"RC Kopen","article_modified_time":"2025-09-16T08:57:23+00:00","og_image":[{"width":600,"height":600,"url":"https:\/\/rckopen.com\/wp-content\/uploads\/2023\/08\/2-FMA-pellets-50mg.jpg","type":"image\/jpeg"}],"twitter_card":"summary_large_image","twitter_misc":{"Tiempo de lectura":"3 minutos"},"schema":{"@context":"https:\/\/schema.org","@graph":[{"@type":"WebPage","@id":"https:\/\/rckopen.com\/product\/2-fma-pellets-50mg\/","url":"https:\/\/rckopen.com\/product\/2-fma-pellets-50mg\/","name":"2-FMA-Pellets-50MG Online Kopen - 2-FMA-Pellets-50MG te koop","isPartOf":{"@id":"https:\/\/rckopen.com\/#website"},"primaryImageOfPage":{"@id":"https:\/\/rckopen.com\/product\/2-fma-pellets-50mg\/#primaryimage"},"image":{"@id":"https:\/\/rckopen.com\/product\/2-fma-pellets-50mg\/#primaryimage"},"thumbnailUrl":"https:\/\/rckopen.com\/wp-content\/uploads\/2023\/08\/2-FMA-pellets-50mg.jpg","datePublished":"2023-08-17T05:26:46+00:00","dateModified":"2025-09-16T08:57:23+00:00","description":"Als je 2-fma-pellets-50mg uit onze winkel nog niet hebt geprobeerd, dan mis je veel. Wij helpen u 2-fma-pellets 50mg online te koop tegen goedkope tarieven. vandaag nog 2-fma-pellets-50 mg online kopen! Bestel nu!","breadcrumb":{"@id":"https:\/\/rckopen.com\/product\/2-fma-pellets-50mg\/#breadcrumb"},"inLanguage":"es","potentialAction":[{"@type":"ReadAction","target":["https:\/\/rckopen.com\/product\/2-fma-pellets-50mg\/"]}]},{"@type":"ImageObject","inLanguage":"es","@id":"https:\/\/rckopen.com\/product\/2-fma-pellets-50mg\/#primaryimage","url":"https:\/\/rckopen.com\/wp-content\/uploads\/2023\/08\/2-FMA-pellets-50mg.jpg","contentUrl":"https:\/\/rckopen.com\/wp-content\/uploads\/2023\/08\/2-FMA-pellets-50mg.jpg","width":600,"height":600,"caption":"2-FMA pellets 50mg Online Kopen"},{"@type":"BreadcrumbList","@id":"https:\/\/rckopen.com\/product\/2-fma-pellets-50mg\/#breadcrumb","itemListElement":[{"@type":"ListItem","position":1,"name":"Home","item":"https:\/\/rckopen.com\/"},{"@type":"ListItem","position":2,"name":"Shop","item":"https:\/\/rckopen.com\/shop\/"},{"@type":"ListItem","position":3,"name":"2-FMA pellets 50mg Online Kopen"}]},{"@type":"WebSite","@id":"https:\/\/rckopen.com\/#website","url":"https:\/\/rckopen.com\/","name":"RC Kopen","description":"Research Chemicals","potentialAction":[{"@type":"SearchAction","target":{"@type":"EntryPoint","urlTemplate":"https:\/\/rckopen.com\/?s={search_term_string}"},"query-input":{"@type":"PropertyValueSpecification","valueRequired":true,"valueName":"search_term_string"}}],"inLanguage":"es"}]}},"_links":{"self":[{"href":"https:\/\/rckopen.com\/es\/wp-json\/wp\/v2\/product\/6618","targetHints":{"allow":["GET"]}}],"collection":[{"href":"https:\/\/rckopen.com\/es\/wp-json\/wp\/v2\/product"}],"about":[{"href":"https:\/\/rckopen.com\/es\/wp-json\/wp\/v2\/types\/product"}],"replies":[{"embeddable":true,"href":"https:\/\/rckopen.com\/es\/wp-json\/wp\/v2\/comments?post=6618"}],"wp:featuredmedia":[{"embeddable":true,"href":"https:\/\/rckopen.com\/es\/wp-json\/wp\/v2\/media\/6637"}],"wp:attachment":[{"href":"https:\/\/rckopen.com\/es\/wp-json\/wp\/v2\/media?parent=6618"}],"wp:term":[{"taxonomy":"product_brand","embeddable":true,"href":"https:\/\/rckopen.com\/es\/wp-json\/wp\/v2\/product_brand?post=6618"},{"taxonomy":"product_cat","embeddable":true,"href":"https:\/\/rckopen.com\/es\/wp-json\/wp\/v2\/product_cat?post=6618"},{"taxonomy":"product_tag","embeddable":true,"href":"https:\/\/rckopen.com\/es\/wp-json\/wp\/v2\/product_tag?post=6618"}],"curies":[{"name":"wp","href":"https:\/\/api.w.org\/{rel}","templated":true}]}}