{"id":6620,"date":"2023-08-17T05:45:44","date_gmt":"2023-08-17T05:45:44","guid":{"rendered":"https:\/\/diligentplug.com\/chems\/?post_type=product&#038;p=6620"},"modified":"2025-09-16T09:05:18","modified_gmt":"2025-09-16T09:05:18","slug":"5-mapb-pellets-50mg","status":"publish","type":"product","link":"https:\/\/rckopen.com\/es\/producto\/5-mapb-pellets-50mg\/","title":{"rendered":"Comprar pastillas de 5-MAPB de 50 mg en l\u00ednea"},"content":{"rendered":"<h2>5-MAPB-pellets 50 mg online kopen<\/h2>\n<h3>Los mejores vendedores online de 5-MAPB pellets 50 mg: una visi\u00f3n global<\/h3>\n<p>En este art\u00edculo discutiremos los mejores minoristas en l\u00ednea donde puedes comprar pellets de 5-MAPB 50 mg. Si usted <a href=\"https:\/\/rckopen.com\/es\/producto\/5-mapb-pellets-50mg\/\">5-MAPB pellets 50 mg<\/a> Si desea realizar pedidos sin receta, estas tiendas en l\u00ednea ofrecen una forma c\u00f3moda de comprarlos de forma segura.<\/p>\n<h3>\u00bfPor qu\u00e9 los minoristas eligen comprar pellets de 5-MAPB de 50 mg en l\u00ednea?<\/h3>\n<p>Comprar pellets de 5-MAPB de 50 mg en l\u00ednea puede ser una forma conveniente y discreta de obtener estos productos. <a href=\"https:\/\/rckopen.com\/es\/\">RCKOpen.com<\/a>. Los minoristas en l\u00ednea ofrecen una amplia variedad de productos y precios competitivos. Puede comparar f\u00e1cilmente diferentes marcas y leer rese\u00f1as de otros clientes antes de realizar una compra.<\/p>\n<h3>\u00bfD\u00f3nde comprar pellets de 3-FA 50 mg en l\u00ednea?<\/h3>\n<p>Cuando buscas el mejor lugar para <a href=\"https:\/\/en.wikipedia.org\/wiki\/5-MAPB\">5-MAPB<\/a>-pellets de 50 mg en venta, es esencial elegir un vendedor en l\u00ednea de buena reputaci\u00f3n. Rckopen.com es una de las mejores tiendas en l\u00ednea que ofrece una variedad de pellets de 5-MAPB de 50 mg a la venta. Ofrecen productos de alta calidad y garantizan una experiencia de compra segura para sus clientes.<\/p>\n<h3>Ventajas de comprar 5-MAPB pellets 50 mg en Rckopen.com<\/h3>\n<p>Productos de alta calidad: Rckopen.com ofrece pellets de 5-MAPB 50 mg de primera calidad fabricados con los m\u00e1s altos est\u00e1ndares.<\/p>\n<p>Opciones de pago seguras: Usted puede comprar con confianza 5-MAPB pellets 50 mgin Reino Unido de Rckopen.com, ya que ofrecen opciones de pago seguro para proteger su informaci\u00f3n personal.<\/p>\n<p>Env\u00edo r\u00e1pido: Rckopen.com garantiza la entrega r\u00e1pida de su pedido, para que pueda disfrutar de las ventajas de encargar 5-MAPB pellets 50 mg lo antes posible.<\/p>\n<p>Garant\u00eda de satisfacci\u00f3n del cliente: Si no queda satisfecho con su compra, Rckopen.com le ofrece una garant\u00eda de satisfacci\u00f3n del cliente para que quede satisfecho con su pedido.<\/p>\n<h3>C\u00f3mo encargar 5-MAPB pellets 50 mg sin receta m\u00e9dica<\/h3>\n<p>Comprar 5-MAPB pellets 50 mg sin receta es f\u00e1cil y c\u00f3modo cuando compras en Rckopen.com. Puede navegar por su sitio web, seleccionar los productos que desee y pasar por caja. Con s\u00f3lo unos pocos clics, puede tener su 5-MAPB pellets 50 mg entregado en su casa en poco tiempo.<br \/>\nSi est\u00e1 buscando los mejores minoristas en l\u00ednea para comprar legalmente pellets de 5-MAPB de 50 mg, Rckopen.com es la mejor opci\u00f3n. Con sus productos de alta calidad, opciones de pago seguras, env\u00edo r\u00e1pido y garant\u00eda de satisfacci\u00f3n del cliente, puede confiar en Rckopen.com para brindarle la mejor experiencia de compra para sus necesidades de pellets de 5-MAPB de 50 mg. Entonces \u00bfpor qu\u00e9 esperar? \u00a1Compre pellets de 5-MAPB de 50 mg en l\u00ednea hoy en Rckopen.com!<\/p>","protected":false},"excerpt":{"rendered":"<p><strong>Nombre IUPAC: <\/strong>(1-(benzofurano-5-il)-N-metilpropan-2-amina)<\/p>\n<p><strong>CAS # <\/strong>1354631-77-8<\/p>\n<p><strong>Apariencia: <\/strong>bolitas rosas<\/p>\n<p><strong>Forma: <\/strong>pellets<\/p>\n<p><strong>An\u00e1lisis por RMN: <\/strong>C12H15NO<\/p>","protected":false},"featured_media":6644,"comment_status":"open","ping_status":"closed","template":"","meta":{"_joinchat":[]},"product_brand":[],"product_cat":[144],"product_tag":[],"class_list":{"0":"post-6620","1":"product","2":"type-product","3":"status-publish","4":"has-post-thumbnail","6":"product_cat-pellets","8":"first","9":"instock","10":"shipping-taxable","11":"purchasable","12":"product-type-variable"},"yoast_head":"<!-- This site is optimized with the Yoast SEO plugin v26.3 - https:\/\/yoast.com\/wordpress\/plugins\/seo\/ -->\n<title>5-Mapb-pellets 50 mg online kopen - 5-Mapb-pellets 50 mg te koop<\/title>\n<meta name=\"description\" content=\"Als u 5-Mapb Pelltes 50 mg leuk vindt en op zoek bent naar een betrouwbare online winkel, koop dan hier. We hebben 5-Mapb Pelltes 50 mg van hoge kwaliteit te koop en u kunt 5-Mapb Pelltes 50 mg vandaag nog online kopen tegen een betaalbare prijs. Bestel nu!\" \/>\n<meta name=\"robots\" content=\"index, follow, max-snippet:-1, max-image-preview:large, max-video-preview:-1\" \/>\n<link rel=\"canonical\" href=\"https:\/\/rckopen.com\/es\/producto\/5-mapb-pellets-50mg\/\" \/>\n<meta property=\"og:locale\" content=\"es_ES\" \/>\n<meta property=\"og:type\" content=\"article\" \/>\n<meta property=\"og:title\" content=\"5-Mapb-pellets 50 mg online kopen - 5-Mapb-pellets 50 mg te koop\" \/>\n<meta property=\"og:description\" content=\"Als u 5-Mapb Pelltes 50 mg leuk vindt en op zoek bent naar een betrouwbare online winkel, koop dan hier. We hebben 5-Mapb Pelltes 50 mg van hoge kwaliteit te koop en u kunt 5-Mapb Pelltes 50 mg vandaag nog online kopen tegen een betaalbare prijs. Bestel nu!\" \/>\n<meta property=\"og:url\" content=\"https:\/\/rckopen.com\/es\/producto\/5-mapb-pellets-50mg\/\" \/>\n<meta property=\"og:site_name\" content=\"RC Kopen\" \/>\n<meta property=\"article:modified_time\" content=\"2025-09-16T09:05:18+00:00\" \/>\n<meta property=\"og:image\" content=\"https:\/\/rckopen.com\/wp-content\/uploads\/2023\/08\/5-MAPB-pellets-50mg.jpg\" \/>\n\t<meta property=\"og:image:width\" content=\"600\" \/>\n\t<meta property=\"og:image:height\" content=\"600\" \/>\n\t<meta property=\"og:image:type\" content=\"image\/jpeg\" \/>\n<meta name=\"twitter:card\" content=\"summary_large_image\" \/>\n<meta name=\"twitter:label1\" content=\"Tiempo de lectura\" \/>\n\t<meta name=\"twitter:data1\" content=\"2 minutos\" \/>\n<script type=\"application\/ld+json\" class=\"yoast-schema-graph\">{\"@context\":\"https:\/\/schema.org\",\"@graph\":[{\"@type\":\"WebPage\",\"@id\":\"https:\/\/rckopen.com\/product\/5-mapb-pellets-50mg\/\",\"url\":\"https:\/\/rckopen.com\/product\/5-mapb-pellets-50mg\/\",\"name\":\"5-Mapb-pellets 50 mg online kopen - 5-Mapb-pellets 50 mg te koop\",\"isPartOf\":{\"@id\":\"https:\/\/rckopen.com\/#website\"},\"primaryImageOfPage\":{\"@id\":\"https:\/\/rckopen.com\/product\/5-mapb-pellets-50mg\/#primaryimage\"},\"image\":{\"@id\":\"https:\/\/rckopen.com\/product\/5-mapb-pellets-50mg\/#primaryimage\"},\"thumbnailUrl\":\"https:\/\/rckopen.com\/wp-content\/uploads\/2023\/08\/5-MAPB-pellets-50mg.jpg\",\"datePublished\":\"2023-08-17T05:45:44+00:00\",\"dateModified\":\"2025-09-16T09:05:18+00:00\",\"description\":\"Als u 5-Mapb Pelltes 50 mg leuk vindt en op zoek bent naar een betrouwbare online winkel, koop dan hier. We hebben 5-Mapb Pelltes 50 mg van hoge kwaliteit te koop en u kunt 5-Mapb Pelltes 50 mg vandaag nog online kopen tegen een betaalbare prijs. Bestel nu!\",\"breadcrumb\":{\"@id\":\"https:\/\/rckopen.com\/product\/5-mapb-pellets-50mg\/#breadcrumb\"},\"inLanguage\":\"es\",\"potentialAction\":[{\"@type\":\"ReadAction\",\"target\":[\"https:\/\/rckopen.com\/product\/5-mapb-pellets-50mg\/\"]}]},{\"@type\":\"ImageObject\",\"inLanguage\":\"es\",\"@id\":\"https:\/\/rckopen.com\/product\/5-mapb-pellets-50mg\/#primaryimage\",\"url\":\"https:\/\/rckopen.com\/wp-content\/uploads\/2023\/08\/5-MAPB-pellets-50mg.jpg\",\"contentUrl\":\"https:\/\/rckopen.com\/wp-content\/uploads\/2023\/08\/5-MAPB-pellets-50mg.jpg\",\"width\":600,\"height\":600,\"caption\":\"5-MAPB-pellets-50mg online kopen\"},{\"@type\":\"BreadcrumbList\",\"@id\":\"https:\/\/rckopen.com\/product\/5-mapb-pellets-50mg\/#breadcrumb\",\"itemListElement\":[{\"@type\":\"ListItem\",\"position\":1,\"name\":\"Home\",\"item\":\"https:\/\/rckopen.com\/\"},{\"@type\":\"ListItem\",\"position\":2,\"name\":\"Shop\",\"item\":\"https:\/\/rckopen.com\/shop\/\"},{\"@type\":\"ListItem\",\"position\":3,\"name\":\"5-MAPB pellets 50mg online kopen\"}]},{\"@type\":\"WebSite\",\"@id\":\"https:\/\/rckopen.com\/#website\",\"url\":\"https:\/\/rckopen.com\/\",\"name\":\"RC Kopen\",\"description\":\"Research Chemicals\",\"potentialAction\":[{\"@type\":\"SearchAction\",\"target\":{\"@type\":\"EntryPoint\",\"urlTemplate\":\"https:\/\/rckopen.com\/?s={search_term_string}\"},\"query-input\":{\"@type\":\"PropertyValueSpecification\",\"valueRequired\":true,\"valueName\":\"search_term_string\"}}],\"inLanguage\":\"es\"}]}<\/script>\n<!-- \/ Yoast SEO plugin. -->","yoast_head_json":{"title":"5-Mapb-pellets 50 mg online kopen - 5-Mapb-pellets 50 mg te koop","description":"Als u 5-Mapb Pelltes 50 mg leuk vindt en op zoek bent naar een betrouwbare online winkel, koop dan hier. We hebben 5-Mapb Pelltes 50 mg van hoge kwaliteit te koop en u kunt 5-Mapb Pelltes 50 mg vandaag nog online kopen tegen een betaalbare prijs. Bestel nu!","robots":{"index":"index","follow":"follow","max-snippet":"max-snippet:-1","max-image-preview":"max-image-preview:large","max-video-preview":"max-video-preview:-1"},"canonical":"https:\/\/rckopen.com\/es\/producto\/5-mapb-pellets-50mg\/","og_locale":"es_ES","og_type":"article","og_title":"5-Mapb-pellets 50 mg online kopen - 5-Mapb-pellets 50 mg te koop","og_description":"Als u 5-Mapb Pelltes 50 mg leuk vindt en op zoek bent naar een betrouwbare online winkel, koop dan hier. We hebben 5-Mapb Pelltes 50 mg van hoge kwaliteit te koop en u kunt 5-Mapb Pelltes 50 mg vandaag nog online kopen tegen een betaalbare prijs. Bestel nu!","og_url":"https:\/\/rckopen.com\/es\/producto\/5-mapb-pellets-50mg\/","og_site_name":"RC Kopen","article_modified_time":"2025-09-16T09:05:18+00:00","og_image":[{"width":600,"height":600,"url":"https:\/\/rckopen.com\/wp-content\/uploads\/2023\/08\/5-MAPB-pellets-50mg.jpg","type":"image\/jpeg"}],"twitter_card":"summary_large_image","twitter_misc":{"Tiempo de lectura":"2 minutos"},"schema":{"@context":"https:\/\/schema.org","@graph":[{"@type":"WebPage","@id":"https:\/\/rckopen.com\/product\/5-mapb-pellets-50mg\/","url":"https:\/\/rckopen.com\/product\/5-mapb-pellets-50mg\/","name":"5-Mapb-pellets 50 mg online kopen - 5-Mapb-pellets 50 mg te koop","isPartOf":{"@id":"https:\/\/rckopen.com\/#website"},"primaryImageOfPage":{"@id":"https:\/\/rckopen.com\/product\/5-mapb-pellets-50mg\/#primaryimage"},"image":{"@id":"https:\/\/rckopen.com\/product\/5-mapb-pellets-50mg\/#primaryimage"},"thumbnailUrl":"https:\/\/rckopen.com\/wp-content\/uploads\/2023\/08\/5-MAPB-pellets-50mg.jpg","datePublished":"2023-08-17T05:45:44+00:00","dateModified":"2025-09-16T09:05:18+00:00","description":"Als u 5-Mapb Pelltes 50 mg leuk vindt en op zoek bent naar een betrouwbare online winkel, koop dan hier. We hebben 5-Mapb Pelltes 50 mg van hoge kwaliteit te koop en u kunt 5-Mapb Pelltes 50 mg vandaag nog online kopen tegen een betaalbare prijs. Bestel nu!","breadcrumb":{"@id":"https:\/\/rckopen.com\/product\/5-mapb-pellets-50mg\/#breadcrumb"},"inLanguage":"es","potentialAction":[{"@type":"ReadAction","target":["https:\/\/rckopen.com\/product\/5-mapb-pellets-50mg\/"]}]},{"@type":"ImageObject","inLanguage":"es","@id":"https:\/\/rckopen.com\/product\/5-mapb-pellets-50mg\/#primaryimage","url":"https:\/\/rckopen.com\/wp-content\/uploads\/2023\/08\/5-MAPB-pellets-50mg.jpg","contentUrl":"https:\/\/rckopen.com\/wp-content\/uploads\/2023\/08\/5-MAPB-pellets-50mg.jpg","width":600,"height":600,"caption":"5-MAPB-pellets-50mg online kopen"},{"@type":"BreadcrumbList","@id":"https:\/\/rckopen.com\/product\/5-mapb-pellets-50mg\/#breadcrumb","itemListElement":[{"@type":"ListItem","position":1,"name":"Home","item":"https:\/\/rckopen.com\/"},{"@type":"ListItem","position":2,"name":"Shop","item":"https:\/\/rckopen.com\/shop\/"},{"@type":"ListItem","position":3,"name":"5-MAPB pellets 50mg online kopen"}]},{"@type":"WebSite","@id":"https:\/\/rckopen.com\/#website","url":"https:\/\/rckopen.com\/","name":"RC Kopen","description":"Research Chemicals","potentialAction":[{"@type":"SearchAction","target":{"@type":"EntryPoint","urlTemplate":"https:\/\/rckopen.com\/?s={search_term_string}"},"query-input":{"@type":"PropertyValueSpecification","valueRequired":true,"valueName":"search_term_string"}}],"inLanguage":"es"}]}},"_links":{"self":[{"href":"https:\/\/rckopen.com\/es\/wp-json\/wp\/v2\/product\/6620","targetHints":{"allow":["GET"]}}],"collection":[{"href":"https:\/\/rckopen.com\/es\/wp-json\/wp\/v2\/product"}],"about":[{"href":"https:\/\/rckopen.com\/es\/wp-json\/wp\/v2\/types\/product"}],"replies":[{"embeddable":true,"href":"https:\/\/rckopen.com\/es\/wp-json\/wp\/v2\/comments?post=6620"}],"wp:featuredmedia":[{"embeddable":true,"href":"https:\/\/rckopen.com\/es\/wp-json\/wp\/v2\/media\/6644"}],"wp:attachment":[{"href":"https:\/\/rckopen.com\/es\/wp-json\/wp\/v2\/media?parent=6620"}],"wp:term":[{"taxonomy":"product_brand","embeddable":true,"href":"https:\/\/rckopen.com\/es\/wp-json\/wp\/v2\/product_brand?post=6620"},{"taxonomy":"product_cat","embeddable":true,"href":"https:\/\/rckopen.com\/es\/wp-json\/wp\/v2\/product_cat?post=6620"},{"taxonomy":"product_tag","embeddable":true,"href":"https:\/\/rckopen.com\/es\/wp-json\/wp\/v2\/product_tag?post=6620"}],"curies":[{"name":"wp","href":"https:\/\/api.w.org\/{rel}","templated":true}]}}