{"id":6623,"date":"2023-08-17T05:43:31","date_gmt":"2023-08-17T05:43:31","guid":{"rendered":"https:\/\/diligentplug.com\/chems\/?post_type=product&#038;p=6623"},"modified":"2025-09-16T09:10:41","modified_gmt":"2025-09-16T09:10:41","slug":"pink-star-pellet-5-mapb-70mg-2-fma-20mg-5-meo-mipt-2mg","status":"publish","type":"product","link":"https:\/\/rckopen.com\/es\/producto\/pink-star-pellet-5-mapb-70mg-2-fma-20mg-5-meo-mipt-2mg\/","title":{"rendered":"Comprar Pink Star Pellet 5-MAPB 70 mg \/ 2-FMA 20 mg \/ 5-MEO-MIPT 2 mg en l\u00ednea"},"content":{"rendered":"<h2>Pink Star-pellet 5-MAPB 70 mg \/ 2-FMA 20 mg \/ 5-MEO-MIPT 2 mg online kopen<br \/>\nKiezen voor uw Pink Star-pellet 5-MAPB 70 mg \/ 2-FMA 20 mg \/ 5-MEO-MIPT\u00a0 online kopen 2 mg<\/h2>\n<p>\u00bfQuieres comprar Pink Star Pellet 5-MAPB 70 mg \/ 2-FMA 20 mg \/ 5-MEO-MIPT 2 mg en l\u00ednea? \u00bfQuiere saber d\u00f3nde comprar Pink Star Pellet 5-MAPB 70 mg \/ 2-FMA 20 mg \/ 5-MEO-MIPT 2 mg sin receta? No busque m\u00e1s que rckopen.com.<\/p>\n<p>Cuando se trata de comprar Pink Star Pellet 5-MAPB 70 mg \/ 2-FMA 20 mg \/ 5-MEO-MIPT 2 mg, desea estar seguro de que est\u00e1 comprando de una fuente confiable. rckopen.com se compromete a proporcionar medicamentos de alta calidad a precios asequibles. Con una interfaz f\u00e1cil de usar y un excelente servicio al cliente, puede estar seguro de su compra.<\/p>\n<h3>\u00bfPor qu\u00e9 elegir rccopen.com?<\/h3>\n<p>Cuando se trata de pedir Pink Star Pellet 5-MAPB 70 mg \/ 2-FMA 20 mg \/ 5-MEO-MIPT 2 mg, la confianza es esencial. En rccopen.com damos la m\u00e1xima importancia a la calidad, la seguridad y la satisfacci\u00f3n del cliente. Aqu\u00ed hay algunas razones por las que deber\u00eda elegir rckopen.com para su pr\u00f3ximo pedido:<\/p>\n<h3>Amplia gama<\/h3>\n<p>En rckopen.com ofrecemos una selecci\u00f3n variada de productos qu\u00edmicos de investigaci\u00f3n, incluidos Pink Star Pellet 5-MAPB 70 mg \/ 2-FMA 20 mg \/ 5-MEO-MIPT 2 mg para la venta. Tanto si eres un investigador como un aficionado, en nuestra plataforma encontrar\u00e1s los productos que necesitas.<\/p>\n<h3>seguro de calidad<\/h3>\n<p>Sabemos lo importante que es la calidad cuando se trata de productos qu\u00edmicos de investigaci\u00f3n. Es por eso que todos nuestros productos que ordenan Pink Star Pellet 5-MAPB 70 mg \/ 2-FMA 20 mg \/ 5-MEO-MIPT 2 mg legalmente se someten a pruebas rigurosas para garantizar su pureza y potencia.<\/p>\n<h3>Env\u00edo seguro y discreto<\/h3>\n<p>Cuando pides Pink Star Pellet 5-MAPB 70 mg \/ 2-FMA 20 mg \/ 5-MEO-MIPT 2 mg en rckopen.com, puedes estar seguro de que tu paquete se enviar\u00e1 de forma segura y discreta. Damos gran importancia a la privacidad de nuestros clientes y tomamos todas las precauciones para garantizar un env\u00edo sin problemas.<\/p>\n<h3>C\u00f3mo comprar Pink Star Pellet 5-MAPB 70 mg \/ 2-FMA 20 mg \/ 5-MEO-MIPT 2 mg en l\u00ednea<\/h3>\n<p>Comprar Pink Star Pellet 5-MAPB 70 mg \/ 2-FMA 20 mg \/ 5-MEO-MIPT 2 mg en l\u00ednea en rckopen.com es f\u00e1cil y sin complicaciones. A continuaci\u00f3n te indicamos c\u00f3mo realizar tu pedido:<\/p>\n<h2>Bezoek onze website op rckopen.com.<\/h2>\n<p>Explore nuestra gama de productos qu\u00edmicos de investigaci\u00f3n y encuentre Pink Star Pellet 5-MAPB 70 mg \/ 2-FMA 20 mg \/ 5-MEO-MIPT 2 mg a la venta.<br \/>\nColoque la cantidad deseada en su carrito de compras.<br \/>\nProceda al pago e ingrese sus datos de env\u00edo.<br \/>\nSelecciona tu m\u00e9todo de pago preferido y completa la compra.<br \/>\n\u00a1Es muy f\u00e1cil! Una vez confirmado tu pedido, nos encargamos del resto y garantizamos una entrega sin problemas a domicilio.<br \/>\nReflexiones finales<\/p>\n<p>Si necesita Pink Star Pellet 5-MAPB 70 mg \/ 2-FMA 20 mg \/ 5-MEO-MIPT 2 mg, no busque m\u00e1s que rckopen.com. Con nuestro compromiso con la calidad, la seguridad y la satisfacci\u00f3n del cliente, somos su fuente confiable de productos qu\u00edmicos de investigaci\u00f3n. \u00a1Haga su pedido hoy y experimente usted mismo la diferencia de rccopen.com!<\/p>\n<p>Cuando se trata de comprar Pink Star Pellet 5-MAPB 70 mg \/ 2-FMA 20 mg \/ 5-MEO-MIPT 2 mg, rccopen.com es la tienda en la que puede confiar.<\/p>","protected":false},"excerpt":{"rendered":"<p><strong>Apariencia: <\/strong>Bolita rosa<\/p>\n<p><strong>An\u00e1lisis por RMN: <\/strong>N\/A<\/p>","protected":false},"featured_media":6643,"comment_status":"open","ping_status":"closed","template":"","meta":{"_joinchat":[]},"product_brand":[],"product_cat":[144],"product_tag":[],"class_list":{"0":"post-6623","1":"product","2":"type-product","3":"status-publish","4":"has-post-thumbnail","6":"product_cat-pellets","8":"first","9":"instock","10":"shipping-taxable","11":"purchasable","12":"product-type-variable"},"yoast_head":"<!-- This site is optimized with the Yoast SEO plugin v26.3 - https:\/\/yoast.com\/wordpress\/plugins\/seo\/ -->\n<title>Pink Star Pellet 5 MAPB 70mg 2Fma 20mg 5Meo MIPT 2mg online<\/title>\n<meta name=\"description\" content=\"Als je van Pink Star Pellet 5 MAPB 70mg 2Fma 20mg 5 Meo MIPT 2mg houdt en op zoek bent naar een betrouwbare RC-koop online winkel, koop dan hier. We hebben Pink Star Pellet 5 MAPB 70 mg 2Fma 20 mg 5 Meo MIPT 2 mg van hoge kwaliteit te koop. Bestel nu!\" \/>\n<meta name=\"robots\" content=\"index, follow, max-snippet:-1, max-image-preview:large, max-video-preview:-1\" \/>\n<link rel=\"canonical\" href=\"https:\/\/rckopen.com\/es\/producto\/pink-star-pellet-5-mapb-70mg-2-fma-20mg-5-meo-mipt-2mg\/\" \/>\n<meta property=\"og:locale\" content=\"es_ES\" \/>\n<meta property=\"og:type\" content=\"article\" \/>\n<meta property=\"og:title\" content=\"Pink Star Pellet 5 MAPB 70mg 2Fma 20mg 5Meo MIPT 2mg online\" \/>\n<meta property=\"og:description\" content=\"Als je van Pink Star Pellet 5 MAPB 70mg 2Fma 20mg 5 Meo MIPT 2mg houdt en op zoek bent naar een betrouwbare RC-koop online winkel, koop dan hier. We hebben Pink Star Pellet 5 MAPB 70 mg 2Fma 20 mg 5 Meo MIPT 2 mg van hoge kwaliteit te koop. Bestel nu!\" \/>\n<meta property=\"og:url\" content=\"https:\/\/rckopen.com\/es\/producto\/pink-star-pellet-5-mapb-70mg-2-fma-20mg-5-meo-mipt-2mg\/\" \/>\n<meta property=\"og:site_name\" content=\"RC Kopen\" \/>\n<meta property=\"article:modified_time\" content=\"2025-09-16T09:10:41+00:00\" \/>\n<meta property=\"og:image\" content=\"https:\/\/rckopen.com\/wp-content\/uploads\/2023\/08\/Pink-Star-Pellet-5-MAPB-70mg.jpg\" \/>\n\t<meta property=\"og:image:width\" content=\"600\" \/>\n\t<meta property=\"og:image:height\" content=\"600\" \/>\n\t<meta property=\"og:image:type\" content=\"image\/jpeg\" \/>\n<meta name=\"twitter:card\" content=\"summary_large_image\" \/>\n<meta name=\"twitter:label1\" content=\"Tiempo de lectura\" \/>\n\t<meta name=\"twitter:data1\" content=\"3 minutos\" \/>\n<script type=\"application\/ld+json\" class=\"yoast-schema-graph\">{\"@context\":\"https:\/\/schema.org\",\"@graph\":[{\"@type\":\"WebPage\",\"@id\":\"https:\/\/rckopen.com\/product\/pink-star-pellet-5-mapb-70mg-2-fma-20mg-5-meo-mipt-2mg\/\",\"url\":\"https:\/\/rckopen.com\/product\/pink-star-pellet-5-mapb-70mg-2-fma-20mg-5-meo-mipt-2mg\/\",\"name\":\"Pink Star Pellet 5 MAPB 70mg 2Fma 20mg 5Meo MIPT 2mg online\",\"isPartOf\":{\"@id\":\"https:\/\/rckopen.com\/#website\"},\"primaryImageOfPage\":{\"@id\":\"https:\/\/rckopen.com\/product\/pink-star-pellet-5-mapb-70mg-2-fma-20mg-5-meo-mipt-2mg\/#primaryimage\"},\"image\":{\"@id\":\"https:\/\/rckopen.com\/product\/pink-star-pellet-5-mapb-70mg-2-fma-20mg-5-meo-mipt-2mg\/#primaryimage\"},\"thumbnailUrl\":\"https:\/\/rckopen.com\/wp-content\/uploads\/2023\/08\/Pink-Star-Pellet-5-MAPB-70mg.jpg\",\"datePublished\":\"2023-08-17T05:43:31+00:00\",\"dateModified\":\"2025-09-16T09:10:41+00:00\",\"description\":\"Als je van Pink Star Pellet 5 MAPB 70mg 2Fma 20mg 5 Meo MIPT 2mg houdt en op zoek bent naar een betrouwbare RC-koop online winkel, koop dan hier. We hebben Pink Star Pellet 5 MAPB 70 mg 2Fma 20 mg 5 Meo MIPT 2 mg van hoge kwaliteit te koop. Bestel nu!\",\"breadcrumb\":{\"@id\":\"https:\/\/rckopen.com\/product\/pink-star-pellet-5-mapb-70mg-2-fma-20mg-5-meo-mipt-2mg\/#breadcrumb\"},\"inLanguage\":\"es\",\"potentialAction\":[{\"@type\":\"ReadAction\",\"target\":[\"https:\/\/rckopen.com\/product\/pink-star-pellet-5-mapb-70mg-2-fma-20mg-5-meo-mipt-2mg\/\"]}]},{\"@type\":\"ImageObject\",\"inLanguage\":\"es\",\"@id\":\"https:\/\/rckopen.com\/product\/pink-star-pellet-5-mapb-70mg-2-fma-20mg-5-meo-mipt-2mg\/#primaryimage\",\"url\":\"https:\/\/rckopen.com\/wp-content\/uploads\/2023\/08\/Pink-Star-Pellet-5-MAPB-70mg.jpg\",\"contentUrl\":\"https:\/\/rckopen.com\/wp-content\/uploads\/2023\/08\/Pink-Star-Pellet-5-MAPB-70mg.jpg\",\"width\":600,\"height\":600,\"caption\":\"Pink-Star-Pellet-5-MAPB-70mg online kopen\"},{\"@type\":\"BreadcrumbList\",\"@id\":\"https:\/\/rckopen.com\/product\/pink-star-pellet-5-mapb-70mg-2-fma-20mg-5-meo-mipt-2mg\/#breadcrumb\",\"itemListElement\":[{\"@type\":\"ListItem\",\"position\":1,\"name\":\"Home\",\"item\":\"https:\/\/rckopen.com\/\"},{\"@type\":\"ListItem\",\"position\":2,\"name\":\"Shop\",\"item\":\"https:\/\/rckopen.com\/shop\/\"},{\"@type\":\"ListItem\",\"position\":3,\"name\":\"Pink Star Pellet 5-MAPB 70mg \/ 2-FMA 20mg \/ 5-MEO-MIPT 2mg online kopen\"}]},{\"@type\":\"WebSite\",\"@id\":\"https:\/\/rckopen.com\/#website\",\"url\":\"https:\/\/rckopen.com\/\",\"name\":\"RC Kopen\",\"description\":\"Research Chemicals\",\"potentialAction\":[{\"@type\":\"SearchAction\",\"target\":{\"@type\":\"EntryPoint\",\"urlTemplate\":\"https:\/\/rckopen.com\/?s={search_term_string}\"},\"query-input\":{\"@type\":\"PropertyValueSpecification\",\"valueRequired\":true,\"valueName\":\"search_term_string\"}}],\"inLanguage\":\"es\"}]}<\/script>\n<!-- \/ Yoast SEO plugin. -->","yoast_head_json":{"title":"Pink Star Pellet 5 MAPB 70mg 2Fma 20mg 5Meo MIPT 2mg online","description":"Als je van Pink Star Pellet 5 MAPB 70mg 2Fma 20mg 5 Meo MIPT 2mg houdt en op zoek bent naar een betrouwbare RC-koop online winkel, koop dan hier. We hebben Pink Star Pellet 5 MAPB 70 mg 2Fma 20 mg 5 Meo MIPT 2 mg van hoge kwaliteit te koop. Bestel nu!","robots":{"index":"index","follow":"follow","max-snippet":"max-snippet:-1","max-image-preview":"max-image-preview:large","max-video-preview":"max-video-preview:-1"},"canonical":"https:\/\/rckopen.com\/es\/producto\/pink-star-pellet-5-mapb-70mg-2-fma-20mg-5-meo-mipt-2mg\/","og_locale":"es_ES","og_type":"article","og_title":"Pink Star Pellet 5 MAPB 70mg 2Fma 20mg 5Meo MIPT 2mg online","og_description":"Als je van Pink Star Pellet 5 MAPB 70mg 2Fma 20mg 5 Meo MIPT 2mg houdt en op zoek bent naar een betrouwbare RC-koop online winkel, koop dan hier. We hebben Pink Star Pellet 5 MAPB 70 mg 2Fma 20 mg 5 Meo MIPT 2 mg van hoge kwaliteit te koop. Bestel nu!","og_url":"https:\/\/rckopen.com\/es\/producto\/pink-star-pellet-5-mapb-70mg-2-fma-20mg-5-meo-mipt-2mg\/","og_site_name":"RC Kopen","article_modified_time":"2025-09-16T09:10:41+00:00","og_image":[{"width":600,"height":600,"url":"https:\/\/rckopen.com\/wp-content\/uploads\/2023\/08\/Pink-Star-Pellet-5-MAPB-70mg.jpg","type":"image\/jpeg"}],"twitter_card":"summary_large_image","twitter_misc":{"Tiempo de lectura":"3 minutos"},"schema":{"@context":"https:\/\/schema.org","@graph":[{"@type":"WebPage","@id":"https:\/\/rckopen.com\/product\/pink-star-pellet-5-mapb-70mg-2-fma-20mg-5-meo-mipt-2mg\/","url":"https:\/\/rckopen.com\/product\/pink-star-pellet-5-mapb-70mg-2-fma-20mg-5-meo-mipt-2mg\/","name":"Pink Star Pellet 5 MAPB 70mg 2Fma 20mg 5Meo MIPT 2mg online","isPartOf":{"@id":"https:\/\/rckopen.com\/#website"},"primaryImageOfPage":{"@id":"https:\/\/rckopen.com\/product\/pink-star-pellet-5-mapb-70mg-2-fma-20mg-5-meo-mipt-2mg\/#primaryimage"},"image":{"@id":"https:\/\/rckopen.com\/product\/pink-star-pellet-5-mapb-70mg-2-fma-20mg-5-meo-mipt-2mg\/#primaryimage"},"thumbnailUrl":"https:\/\/rckopen.com\/wp-content\/uploads\/2023\/08\/Pink-Star-Pellet-5-MAPB-70mg.jpg","datePublished":"2023-08-17T05:43:31+00:00","dateModified":"2025-09-16T09:10:41+00:00","description":"Als je van Pink Star Pellet 5 MAPB 70mg 2Fma 20mg 5 Meo MIPT 2mg houdt en op zoek bent naar een betrouwbare RC-koop online winkel, koop dan hier. We hebben Pink Star Pellet 5 MAPB 70 mg 2Fma 20 mg 5 Meo MIPT 2 mg van hoge kwaliteit te koop. Bestel nu!","breadcrumb":{"@id":"https:\/\/rckopen.com\/product\/pink-star-pellet-5-mapb-70mg-2-fma-20mg-5-meo-mipt-2mg\/#breadcrumb"},"inLanguage":"es","potentialAction":[{"@type":"ReadAction","target":["https:\/\/rckopen.com\/product\/pink-star-pellet-5-mapb-70mg-2-fma-20mg-5-meo-mipt-2mg\/"]}]},{"@type":"ImageObject","inLanguage":"es","@id":"https:\/\/rckopen.com\/product\/pink-star-pellet-5-mapb-70mg-2-fma-20mg-5-meo-mipt-2mg\/#primaryimage","url":"https:\/\/rckopen.com\/wp-content\/uploads\/2023\/08\/Pink-Star-Pellet-5-MAPB-70mg.jpg","contentUrl":"https:\/\/rckopen.com\/wp-content\/uploads\/2023\/08\/Pink-Star-Pellet-5-MAPB-70mg.jpg","width":600,"height":600,"caption":"Pink-Star-Pellet-5-MAPB-70mg online kopen"},{"@type":"BreadcrumbList","@id":"https:\/\/rckopen.com\/product\/pink-star-pellet-5-mapb-70mg-2-fma-20mg-5-meo-mipt-2mg\/#breadcrumb","itemListElement":[{"@type":"ListItem","position":1,"name":"Home","item":"https:\/\/rckopen.com\/"},{"@type":"ListItem","position":2,"name":"Shop","item":"https:\/\/rckopen.com\/shop\/"},{"@type":"ListItem","position":3,"name":"Pink Star Pellet 5-MAPB 70mg \/ 2-FMA 20mg \/ 5-MEO-MIPT 2mg online kopen"}]},{"@type":"WebSite","@id":"https:\/\/rckopen.com\/#website","url":"https:\/\/rckopen.com\/","name":"RC Kopen","description":"Research Chemicals","potentialAction":[{"@type":"SearchAction","target":{"@type":"EntryPoint","urlTemplate":"https:\/\/rckopen.com\/?s={search_term_string}"},"query-input":{"@type":"PropertyValueSpecification","valueRequired":true,"valueName":"search_term_string"}}],"inLanguage":"es"}]}},"_links":{"self":[{"href":"https:\/\/rckopen.com\/es\/wp-json\/wp\/v2\/product\/6623","targetHints":{"allow":["GET"]}}],"collection":[{"href":"https:\/\/rckopen.com\/es\/wp-json\/wp\/v2\/product"}],"about":[{"href":"https:\/\/rckopen.com\/es\/wp-json\/wp\/v2\/types\/product"}],"replies":[{"embeddable":true,"href":"https:\/\/rckopen.com\/es\/wp-json\/wp\/v2\/comments?post=6623"}],"wp:featuredmedia":[{"embeddable":true,"href":"https:\/\/rckopen.com\/es\/wp-json\/wp\/v2\/media\/6643"}],"wp:attachment":[{"href":"https:\/\/rckopen.com\/es\/wp-json\/wp\/v2\/media?parent=6623"}],"wp:term":[{"taxonomy":"product_brand","embeddable":true,"href":"https:\/\/rckopen.com\/es\/wp-json\/wp\/v2\/product_brand?post=6623"},{"taxonomy":"product_cat","embeddable":true,"href":"https:\/\/rckopen.com\/es\/wp-json\/wp\/v2\/product_cat?post=6623"},{"taxonomy":"product_tag","embeddable":true,"href":"https:\/\/rckopen.com\/es\/wp-json\/wp\/v2\/product_tag?post=6623"}],"curies":[{"name":"wp","href":"https:\/\/api.w.org\/{rel}","templated":true}]}}