{"id":6650,"date":"2023-08-17T06:31:13","date_gmt":"2023-08-17T06:31:13","guid":{"rendered":"https:\/\/diligentplug.com\/chems\/?post_type=product&#038;p=6650"},"modified":"2025-09-16T09:03:52","modified_gmt":"2025-09-16T09:03:52","slug":"4-ho-met-pellets-20mg","status":"publish","type":"product","link":"https:\/\/rckopen.com\/es\/producto\/4-ho-con-pellets-20mg\/","title":{"rendered":"Comprar pastillas de 4-HO-MET de 20 mg en l\u00ednea"},"content":{"rendered":"<h2>4-HO-MET-pellets 20 mg online kopen<\/h2>\n<h3>C\u00f3mo encontrar pellets de 4-HO-MET 20 mg asequibles en l\u00ednea: gu\u00eda completa<\/h3>\n<p>Vous vous demandez o\u00f9 vous <a href=\"https:\/\/rckopen.com\/es\/producto\/4-ho-con-pellets-20mg\/\">Comprar pastillas de 4-HO-MET de 20 mg en l\u00ednea<\/a> \u00bfPuedes comprar, pero no sabes por d\u00f3nde empezar? Con el auge de las farmacias y los vendedores en l\u00ednea, puede resultar abrumador encontrar una fuente confiable que ofrezca precios asequibles. En este art\u00edculo, exploramos las mejores opciones para comprar pellets de 4-HO-MET 20 mg sin receta.<\/p>\n<h3>\u00bfPor qu\u00e9 comprar 4-HO-MET pellets 20 mg online?<\/h3>\n<p>Antes de profundizar en d\u00f3nde nos encontramos, <a href=\"https:\/\/en.wikipedia.org\/wiki\/4-HO-MET\">4-HO-MET<\/a>-Se pueden comprar pellets de 20mg, primero debemos entender por qu\u00e9 comprarlos en l\u00ednea puede ser una opci\u00f3n conveniente. Los minoristas en l\u00ednea suelen ofrecer precios competitivos en comparaci\u00f3n con las tiendas f\u00edsicas, lo que le permite ahorrar dinero en su compra. Adem\u00e1s, comprar en l\u00ednea le brinda acceso a una selecci\u00f3n m\u00e1s amplia de productos y la comodidad de comprar desde la comodidad de su hogar.<\/p>\n<h3>D\u00f3nde comprar 4-HO-MET pellets 20 mg asequibles en l\u00ednea<\/h3>\n<p>A la hora de buscar 4-HO-MET 20 mg en gr\u00e1nulos asequibles para su venta en l\u00ednea, es fundamental elegir un proveedor de confianza para garantizar la calidad y seguridad del producto. Una fuente en l\u00ednea de confianza para comprar legalmente 4-HO-MET pellets 20 mg es rckopen.com. Especializada en una gran variedad de productos qu\u00edmicos para la investigaci\u00f3n, incluyendo 4-HO-MET pellets 20 mg, rckopen.com ofrece precios competitivos sin comprometer la calidad.<\/p>\n<h3>\u00bfC\u00f3mo se puede encargar 4-HO-MET gr\u00e1nulos 20 mg sin receta?<\/h3>\n<p>A diferencia de las farmacias tradicionales, puede comprar 4-HO-MET gr\u00e1nulos 20 mg sin receta en tiendas online como rckopen.com. Simplemente visita su p\u00e1gina web, selecciona la cantidad deseada de 4-HO-MET gr\u00e1nulos 20 mg y pasa por caja. Gracias a un envase discreto y un env\u00edo r\u00e1pido, puedes recibir tu pedido en casa sin problemas.<\/p>\n<h3>Las ventajas de elegir rckopen.com para 4-HO-MET pellets 20 mg<\/h3>\n<p>Puerta <a href=\"https:\/\/rckopen.com\/es\/\">Rckopen.com<\/a> Al elegir los pellets de 4-HO-MET de 20 mg como su tienda favorita, podr\u00e1 disfrutar de una gran cantidad de beneficios. Desde precios asequibles hasta un proceso de pedido f\u00e1cil de usar, rckopen.com se esfuerza por brindar a los clientes una experiencia de compra fluida. Adem\u00e1s, su dedicaci\u00f3n al control de calidad garantiza que usted recibir\u00e1 pellets genuinos de 4-HO-MET de 20 mg a la venta en todo momento.<\/p>\n<h3>Venta de pastillas de 4-FMA de 100 mg en RCKopen<\/h3>\n<p>\u00bfQuieres comprar 4-HO-MET pellets 20 mg en venta? No busque m\u00e1s, visite RCKopen. Nuestra tienda ofrece precios competitivos para todos nuestros productos qu\u00edmicos de investigaci\u00f3n, incluyendo 4-HO-MET pellets 20 mg. Gracias a nuestro sencillo proceso de pedido y a nuestro r\u00e1pido env\u00edo, podr\u00e1 encargar 4-HO-MET pellets 20 mg en un abrir y cerrar de ojos. No pierda esta oportunidad de comprar productos qu\u00edmicos de investigaci\u00f3n de alta calidad en una tienda de confianza.<\/p>","protected":false},"excerpt":{"rendered":"<p><strong>Nombre IUPAC: <\/strong>3-(2-[isopropil (metil) amino]etil)-1H-indol-4-ol<\/p>\n<p><strong>Otro nombre: <\/strong>4-hidroxi-N-metil-N-isopropiltriptamina<\/p>\n<p><strong>Forma: <\/strong>pellets<\/p>\n<p><strong>An\u00e1lisis por RMN: <\/strong>N\/A<\/p>","protected":false},"featured_media":6676,"comment_status":"open","ping_status":"closed","template":"","meta":{"_joinchat":[]},"product_brand":[],"product_cat":[144],"product_tag":[],"class_list":{"0":"post-6650","1":"product","2":"type-product","3":"status-publish","4":"has-post-thumbnail","6":"product_cat-pellets","8":"first","9":"instock","10":"shipping-taxable","11":"purchasable","12":"product-type-variable"},"yoast_head":"<!-- This site is optimized with the Yoast SEO plugin v26.3 - https:\/\/yoast.com\/wordpress\/plugins\/seo\/ -->\n<title>4-HO-MET-pellets 20MG kopen - 4-HO-MET-pellets 20MG te koop<\/title>\n<meta name=\"description\" content=\"Onze online Rc Kopen winkel heeft de beste kwaliteit 4-HO-MET-Pellets 20MG te koop. Wilt u 4-HO-MET-Pellets 20MG online kopen, dan kunnen wij u van alle kanten helpen. Bestel vandaag nog!\" \/>\n<meta name=\"robots\" content=\"index, follow, max-snippet:-1, max-image-preview:large, max-video-preview:-1\" \/>\n<link rel=\"canonical\" href=\"https:\/\/rckopen.com\/es\/producto\/4-ho-con-pellets-20mg\/\" \/>\n<meta property=\"og:locale\" content=\"es_ES\" \/>\n<meta property=\"og:type\" content=\"article\" \/>\n<meta property=\"og:title\" content=\"4-HO-MET-pellets 20MG kopen - 4-HO-MET-pellets 20MG te koop\" \/>\n<meta property=\"og:description\" content=\"Onze online Rc Kopen winkel heeft de beste kwaliteit 4-HO-MET-Pellets 20MG te koop. Wilt u 4-HO-MET-Pellets 20MG online kopen, dan kunnen wij u van alle kanten helpen. Bestel vandaag nog!\" \/>\n<meta property=\"og:url\" content=\"https:\/\/rckopen.com\/es\/producto\/4-ho-con-pellets-20mg\/\" \/>\n<meta property=\"og:site_name\" content=\"RC Kopen\" \/>\n<meta property=\"article:modified_time\" content=\"2025-09-16T09:03:52+00:00\" \/>\n<meta property=\"og:image\" content=\"https:\/\/rckopen.com\/wp-content\/uploads\/2023\/08\/4-HO-MET-pellets-20mg.jpg\" \/>\n\t<meta property=\"og:image:width\" content=\"600\" \/>\n\t<meta property=\"og:image:height\" content=\"600\" \/>\n\t<meta property=\"og:image:type\" content=\"image\/jpeg\" \/>\n<meta name=\"twitter:card\" content=\"summary_large_image\" \/>\n<meta name=\"twitter:label1\" content=\"Tiempo de lectura\" \/>\n\t<meta name=\"twitter:data1\" content=\"3 minutos\" \/>\n<script type=\"application\/ld+json\" class=\"yoast-schema-graph\">{\"@context\":\"https:\/\/schema.org\",\"@graph\":[{\"@type\":\"WebPage\",\"@id\":\"https:\/\/rckopen.com\/product\/4-ho-met-pellets-20mg\/\",\"url\":\"https:\/\/rckopen.com\/product\/4-ho-met-pellets-20mg\/\",\"name\":\"4-HO-MET-pellets 20MG kopen - 4-HO-MET-pellets 20MG te koop\",\"isPartOf\":{\"@id\":\"https:\/\/rckopen.com\/#website\"},\"primaryImageOfPage\":{\"@id\":\"https:\/\/rckopen.com\/product\/4-ho-met-pellets-20mg\/#primaryimage\"},\"image\":{\"@id\":\"https:\/\/rckopen.com\/product\/4-ho-met-pellets-20mg\/#primaryimage\"},\"thumbnailUrl\":\"https:\/\/rckopen.com\/wp-content\/uploads\/2023\/08\/4-HO-MET-pellets-20mg.jpg\",\"datePublished\":\"2023-08-17T06:31:13+00:00\",\"dateModified\":\"2025-09-16T09:03:52+00:00\",\"description\":\"Onze online Rc Kopen winkel heeft de beste kwaliteit 4-HO-MET-Pellets 20MG te koop. Wilt u 4-HO-MET-Pellets 20MG online kopen, dan kunnen wij u van alle kanten helpen. Bestel vandaag nog!\",\"breadcrumb\":{\"@id\":\"https:\/\/rckopen.com\/product\/4-ho-met-pellets-20mg\/#breadcrumb\"},\"inLanguage\":\"es\",\"potentialAction\":[{\"@type\":\"ReadAction\",\"target\":[\"https:\/\/rckopen.com\/product\/4-ho-met-pellets-20mg\/\"]}]},{\"@type\":\"ImageObject\",\"inLanguage\":\"es\",\"@id\":\"https:\/\/rckopen.com\/product\/4-ho-met-pellets-20mg\/#primaryimage\",\"url\":\"https:\/\/rckopen.com\/wp-content\/uploads\/2023\/08\/4-HO-MET-pellets-20mg.jpg\",\"contentUrl\":\"https:\/\/rckopen.com\/wp-content\/uploads\/2023\/08\/4-HO-MET-pellets-20mg.jpg\",\"width\":600,\"height\":600,\"caption\":\"4-HO-MET-pellets-20mg online kopen\"},{\"@type\":\"BreadcrumbList\",\"@id\":\"https:\/\/rckopen.com\/product\/4-ho-met-pellets-20mg\/#breadcrumb\",\"itemListElement\":[{\"@type\":\"ListItem\",\"position\":1,\"name\":\"Home\",\"item\":\"https:\/\/rckopen.com\/\"},{\"@type\":\"ListItem\",\"position\":2,\"name\":\"Shop\",\"item\":\"https:\/\/rckopen.com\/shop\/\"},{\"@type\":\"ListItem\",\"position\":3,\"name\":\"4-HO-MET pellets 20mg online kopen\"}]},{\"@type\":\"WebSite\",\"@id\":\"https:\/\/rckopen.com\/#website\",\"url\":\"https:\/\/rckopen.com\/\",\"name\":\"RC Kopen\",\"description\":\"Research Chemicals\",\"potentialAction\":[{\"@type\":\"SearchAction\",\"target\":{\"@type\":\"EntryPoint\",\"urlTemplate\":\"https:\/\/rckopen.com\/?s={search_term_string}\"},\"query-input\":{\"@type\":\"PropertyValueSpecification\",\"valueRequired\":true,\"valueName\":\"search_term_string\"}}],\"inLanguage\":\"es\"}]}<\/script>\n<!-- \/ Yoast SEO plugin. -->","yoast_head_json":{"title":"4-HO-MET-pellets 20MG kopen - 4-HO-MET-pellets 20MG te koop","description":"Onze online Rc Kopen winkel heeft de beste kwaliteit 4-HO-MET-Pellets 20MG te koop. Wilt u 4-HO-MET-Pellets 20MG online kopen, dan kunnen wij u van alle kanten helpen. Bestel vandaag nog!","robots":{"index":"index","follow":"follow","max-snippet":"max-snippet:-1","max-image-preview":"max-image-preview:large","max-video-preview":"max-video-preview:-1"},"canonical":"https:\/\/rckopen.com\/es\/producto\/4-ho-con-pellets-20mg\/","og_locale":"es_ES","og_type":"article","og_title":"4-HO-MET-pellets 20MG kopen - 4-HO-MET-pellets 20MG te koop","og_description":"Onze online Rc Kopen winkel heeft de beste kwaliteit 4-HO-MET-Pellets 20MG te koop. Wilt u 4-HO-MET-Pellets 20MG online kopen, dan kunnen wij u van alle kanten helpen. Bestel vandaag nog!","og_url":"https:\/\/rckopen.com\/es\/producto\/4-ho-con-pellets-20mg\/","og_site_name":"RC Kopen","article_modified_time":"2025-09-16T09:03:52+00:00","og_image":[{"width":600,"height":600,"url":"https:\/\/rckopen.com\/wp-content\/uploads\/2023\/08\/4-HO-MET-pellets-20mg.jpg","type":"image\/jpeg"}],"twitter_card":"summary_large_image","twitter_misc":{"Tiempo de lectura":"3 minutos"},"schema":{"@context":"https:\/\/schema.org","@graph":[{"@type":"WebPage","@id":"https:\/\/rckopen.com\/product\/4-ho-met-pellets-20mg\/","url":"https:\/\/rckopen.com\/product\/4-ho-met-pellets-20mg\/","name":"4-HO-MET-pellets 20MG kopen - 4-HO-MET-pellets 20MG te koop","isPartOf":{"@id":"https:\/\/rckopen.com\/#website"},"primaryImageOfPage":{"@id":"https:\/\/rckopen.com\/product\/4-ho-met-pellets-20mg\/#primaryimage"},"image":{"@id":"https:\/\/rckopen.com\/product\/4-ho-met-pellets-20mg\/#primaryimage"},"thumbnailUrl":"https:\/\/rckopen.com\/wp-content\/uploads\/2023\/08\/4-HO-MET-pellets-20mg.jpg","datePublished":"2023-08-17T06:31:13+00:00","dateModified":"2025-09-16T09:03:52+00:00","description":"Onze online Rc Kopen winkel heeft de beste kwaliteit 4-HO-MET-Pellets 20MG te koop. Wilt u 4-HO-MET-Pellets 20MG online kopen, dan kunnen wij u van alle kanten helpen. Bestel vandaag nog!","breadcrumb":{"@id":"https:\/\/rckopen.com\/product\/4-ho-met-pellets-20mg\/#breadcrumb"},"inLanguage":"es","potentialAction":[{"@type":"ReadAction","target":["https:\/\/rckopen.com\/product\/4-ho-met-pellets-20mg\/"]}]},{"@type":"ImageObject","inLanguage":"es","@id":"https:\/\/rckopen.com\/product\/4-ho-met-pellets-20mg\/#primaryimage","url":"https:\/\/rckopen.com\/wp-content\/uploads\/2023\/08\/4-HO-MET-pellets-20mg.jpg","contentUrl":"https:\/\/rckopen.com\/wp-content\/uploads\/2023\/08\/4-HO-MET-pellets-20mg.jpg","width":600,"height":600,"caption":"4-HO-MET-pellets-20mg online kopen"},{"@type":"BreadcrumbList","@id":"https:\/\/rckopen.com\/product\/4-ho-met-pellets-20mg\/#breadcrumb","itemListElement":[{"@type":"ListItem","position":1,"name":"Home","item":"https:\/\/rckopen.com\/"},{"@type":"ListItem","position":2,"name":"Shop","item":"https:\/\/rckopen.com\/shop\/"},{"@type":"ListItem","position":3,"name":"4-HO-MET pellets 20mg online kopen"}]},{"@type":"WebSite","@id":"https:\/\/rckopen.com\/#website","url":"https:\/\/rckopen.com\/","name":"RC Kopen","description":"Research Chemicals","potentialAction":[{"@type":"SearchAction","target":{"@type":"EntryPoint","urlTemplate":"https:\/\/rckopen.com\/?s={search_term_string}"},"query-input":{"@type":"PropertyValueSpecification","valueRequired":true,"valueName":"search_term_string"}}],"inLanguage":"es"}]}},"_links":{"self":[{"href":"https:\/\/rckopen.com\/es\/wp-json\/wp\/v2\/product\/6650","targetHints":{"allow":["GET"]}}],"collection":[{"href":"https:\/\/rckopen.com\/es\/wp-json\/wp\/v2\/product"}],"about":[{"href":"https:\/\/rckopen.com\/es\/wp-json\/wp\/v2\/types\/product"}],"replies":[{"embeddable":true,"href":"https:\/\/rckopen.com\/es\/wp-json\/wp\/v2\/comments?post=6650"}],"wp:featuredmedia":[{"embeddable":true,"href":"https:\/\/rckopen.com\/es\/wp-json\/wp\/v2\/media\/6676"}],"wp:attachment":[{"href":"https:\/\/rckopen.com\/es\/wp-json\/wp\/v2\/media?parent=6650"}],"wp:term":[{"taxonomy":"product_brand","embeddable":true,"href":"https:\/\/rckopen.com\/es\/wp-json\/wp\/v2\/product_brand?post=6650"},{"taxonomy":"product_cat","embeddable":true,"href":"https:\/\/rckopen.com\/es\/wp-json\/wp\/v2\/product_cat?post=6650"},{"taxonomy":"product_tag","embeddable":true,"href":"https:\/\/rckopen.com\/es\/wp-json\/wp\/v2\/product_tag?post=6650"}],"curies":[{"name":"wp","href":"https:\/\/api.w.org\/{rel}","templated":true}]}}