{"id":6652,"date":"2023-08-17T06:37:39","date_gmt":"2023-08-17T06:37:39","guid":{"rendered":"https:\/\/diligentplug.com\/chems\/?post_type=product&#038;p=6652"},"modified":"2025-02-03T05:42:48","modified_gmt":"2025-02-03T05:42:48","slug":"bk-2c-b-hcl","status":"publish","type":"product","link":"https:\/\/rckopen.com\/es\/producto\/bk-2c-b-hcl\/","title":{"rendered":"Comprar bk-2c-b hcl en l\u00ednea"},"content":{"rendered":"<h2>Comprar bk-2c-b hcl en l\u00ednea<\/h2>\n<p><a href=\"https:\/\/rckopen.com\/es\/producto\/bk-2c-b-hcl\/\">Comprar BK 2C-B-HCL en l\u00ednea<\/a>, \u03b2k-2C-B (Bk-2C-B; 2-Amino-1-(4-bromo-2,5-dimetoxifenil)etan1-ona) es un nuevo compuesto psicod\u00e9lico. Es el an\u00e1logo estructural beta (\u03b2) cetona del 2C-B, una droga psicod\u00e9lica de la familia 2C. Se utiliza como droga recreativa, generalmente tomada por v\u00eda oral. \u03b2k-2C-B es una sustancia controlada en Canad\u00e1, Alemania, Suiza y el Reino Unido.<\/p>\n<h2><strong>Informaci\u00f3n general sobre bk-2C-B HCL<\/strong><\/h2>\n<p><a href=\"https:\/\/en.wikipedia.org\/wiki\/%CE%92k-2C-B\">bk-2C-B HCL<\/a> es un producto qu\u00edmico de investigaci\u00f3n planificadora, m\u00e1s expl\u00edcitamente una catinona simple de la sustancia controlada 2C-B (2,5-dimetoxi-4-bromofenetilamina), que Alexander Shulgin registr\u00f3 por primera vez. No se sabe qui\u00e9n sintetiz\u00f3 por primera vez el bk-2C-B, pero ya estaba disponible como sustancia qu\u00edmica para la exploraci\u00f3n deportiva a mediados de 2013.<a href=\"https:\/\/rckopen.com\/es\/producto\/25o-nboh\/\">.<\/a><\/p>\n<p>A lo largo de los a\u00f1os, han aparecido algunos art\u00edculos que revelaban caracterizaciones anal\u00edticas de la sustancia. Se ofrece en sitios web y se denomina sustancia sint\u00e9tica alucin\u00f3gena<a href=\"https:\/\/en.wikipedia.org\/wiki\/%CE%92k-2C-B\">.<\/a><\/p>\n<p>Desde el 12 de octubre de 2016, el bk-2C-B es una sustancia controlada en Canad\u00e1 (horario III). Tambi\u00e9n es ilegal en Alemania, Suiza y Reino Unido.<\/p>\n<h3>Composici\u00f3n qu\u00edmica de bk-2C-B HCL<\/h3>\n<p>Su nombre convencional es 2-amino-1-(4-bromo-2,5-dimetoxifenil)-etanona, monohidrocloruro, y su ecuaci\u00f3n subat\u00f3mica es C10H12BrNO3 - HCl.<\/p>\n<p>Bk-2C-B es una fenetilamina sustituida. Destacan los sustituyentes metoxi en R2 y R5 y bromo en R4. Dispone de un grupo cetona en la posici\u00f3n beta (\u03b2) del \u00fatil grupo amina asociado al carbono alfa (\u03b1), lo que hace que el nombre indique que se trata de una forma primaria de 2C-B. Debido a su \u00fatil conjunto de cetonas, a menudo se denomina catinona sustituida.<\/p>\n<h3>Farmacolog\u00eda bk-2C-B HCL<\/h3>\n<p>El Bk-2C-B act\u00faa probablemente como un medio agonista 5-HT2A. Se supone que sus efectos psicod\u00e9licos provienen de su viabilidad sobre los receptores 5-HT2A. Sin embargo, la tarea de estos compuestos y c\u00f3mo desencadenan la experiencia psicod\u00e9lica sigue siendo dif\u00edcil de determinar.<\/p>\n<p>Bk-2C-B, o beta-ceto 2C-B, es una fenetilamina subrogada que destaca un anillo de fenilo unido a un grupo amino (NH2) a trav\u00e9s de una cadena de etilo. La bk-2C-B incluye el dise\u00f1o de la 2C-B subbed con un enlace cet\u00f3nico al carbono beta de la estructura (R1). Adem\u00e1s, bk-2C-B incluye conjuntos metoxi-util\u00edticos CH3O unidos a los \u00e1tomos de carbono R2 y R5 y una mol\u00e9cula de bromo unida al carbono R4 del anillo fenilo.<\/p>\n<p>La Bk-2C-B forma parte del grupo 2C de fenetilaminas que contienen metoxi en las posiciones 2-5 del anillo benc\u00e9nico.<\/p>\n<h3>HCL bk-2C-B de alto grado<\/h3>\n<p><a href=\"https:\/\/rckopen.com\/es\/\">rckopen.com<\/a> poss\u00e8de de nombreuses ann\u00e9es d\u2019exp\u00e9rience dans le secteur de la conception de produits chimiques de recherche, ce qui nous permet de garantir la plus haute qualit\u00e9 de ces produits chimiques de recherche. L'\u00e9quipe de recherche chimique vend du bk-2C-B HCL. Les produits chimiques de recherche, y compris les bk-2C-B HCL, r\u00e9pondent \u00e0 toutes les exigences de s\u00e9curit\u00e9. Les produits chimiques de recherche sont soigneusement distribu\u00e9s et stock\u00e9s dans un endroit frais et sec.<\/p>\n<p>Todos los productos se someten a controles peri\u00f3dicos de calidad, pureza y seguridad. Conserve siempre el bk-2C-B HCL a temperatura ambiente y fuera del alcance de los ni\u00f1os y animales dom\u00e9sticos. Nuestro bk-2C-B HCL no est\u00e1 destinado al uso personal. Es s\u00f3lo para fines de investigaci\u00f3n.<\/p>\n<p>No debe mezclarse con alcohol ni con productos qu\u00edmicos de investigaci\u00f3n.<\/p>\n<p>Todos nuestros productos tienen un precio justo<\/p>\n<p>HCL bk-2C-B probado en laboratorio con resultados.<\/p>\n<p>Avanza de nuevo hacia la satisfacci\u00f3n global de sus clientes. Varias encuestas han demostrado que los clientes solicitan tantos datos como se espera antes de comprar productos qu\u00edmicos sint\u00e9ticos de investigaci\u00f3n. Adem\u00e1s, publicamos todas las consecuencias de laboratorio de cada producto qu\u00edmico de investigaci\u00f3n en un registro PDF.<\/p>\n<p>Nuestro bk-2C-B HCL en polvo cumple sistem\u00e1ticamente con los ingredientes activos y es claro para que todos lo vean.<\/p>\n<p>Distribuimos todas las consecuencias de laboratorio de cada producto qu\u00edmico de investigaci\u00f3n en un documento PDF.<\/p>\n<h3>Pedidos seguros en bk-2C-B HCL.<\/h3>\n<p>Los productos qu\u00edmicos de investigaci\u00f3n de dise\u00f1o de RC Kopen son de excelente calidad y tienen un precio justo. Por lo tanto, le garantizamos que cuando solicite sus productos qu\u00edmicos de investigaci\u00f3n en RC Kopen, le entregaremos su pedido a domicilio de forma r\u00e1pida y segura, ya que la venta de productos qu\u00edmicos de investigaci\u00f3n est\u00e1 siempre disponible en RC Kopen.<\/p>\n<p>Solicitar compuestos sint\u00e9ticos de investigaci\u00f3n con Bitcoin o transferencia bancaria es f\u00e1cil en RC Kopen.<\/p>\n<p>Enviamos el polvo para productos qu\u00edmicos de investigaci\u00f3n el mismo d\u00eda laborable si el pago se recibe antes de las 15:00 CEST.<\/p>\n<p>No suministramos art\u00edculos a pe BK 2C-B-HCL comprar en l\u00ednea \u2013 BK 2C-B-HCL en venta | \u00a1Compradores de RC menores de 18 a\u00f1os!<\/p>\n<p>La venta de productos qu\u00edmicos de investigaci\u00f3n s\u00f3lo tiene fines de investigaci\u00f3n.<\/p>\n<h3>Env\u00edo discreto de productos qu\u00edmicos de investigaci\u00f3n.<\/h3>\n<p>RC Kopen embalar\u00e1 su pedido de forma segura para garantizar un transporte adecuado. Adem\u00e1s, embalamos perfectamente discreto, y nada se muestra en el exterior de lo que podr\u00eda ser en el interior.<\/p>\n<h3><strong>Precauciones<\/strong><\/h3>\n<ul>\n<li>Compre bk-2C-B HCL el equipo de protecci\u00f3n individual adecuado, como gafas y guantes. L\u00edmpielos y cu\u00eddelos adecuadamente. Siga sistemas seguros al manipular productos qu\u00edmicos de investigaci\u00f3n y no tome atajos.<\/li>\n<li>Si la sustancia del estudio entra en contacto con los ojos, enju\u00e1guelos bien y qu\u00edtese las lentes de contacto si es imprescindible.<\/li>\n<li>Cuando utilice estos productos qu\u00edmicos, procure utilizar una mascarilla para que no le penetren al respirar.<\/li>\n<li>Como indican los m\u00e9todos admitidos, manipule, almacene y elimine las sustancias peligrosas de forma segura. No las vierta nunca en alcantarillas o canales.<\/li>\n<li>Almacene adecuadamente los productos qu\u00edmicos de investigaci\u00f3n, tal y como indica su nombre. Los productos qu\u00edmicos inflamables deben almacenarse en excelente cannabis seco, lejos de la intensidad y la luz del d\u00eda. Algunos pl\u00e1sticos, como los \u00e1cidos, deben almacenarse de forma independiente.<\/li>\n<li>RC Buy se ofrece con fines de investigaci\u00f3n; el consumo humano est\u00e1 estrictamente prohibido.<\/li>\n<\/ul>","protected":false},"excerpt":{"rendered":"<p><strong>Nombre IUPAC:<\/strong><\/p>\n<p>2-amino-1-(4-bromo-2,5-dimetoxifenil)-etanona, monohidrocloruro<\/p>\n<p><strong>CAS #<\/strong><\/p>\n<p>807631-09-0<\/p>\n<p><strong>Otro nombre:<\/strong><\/p>\n<p>bk-4-Bromo-2,5-dimetoxifenetilamina<\/p>\n<p><strong>Apariencia:<\/strong><\/p>\n<p>polvo<\/p>\n<p><strong>Forma:<\/strong><\/p>\n<p>HCL<\/p>\n<p><strong>An\u00e1lisis por RMN:<\/strong><\/p>\n<p>C10H12BrNO3<\/p>","protected":false},"featured_media":6680,"comment_status":"open","ping_status":"closed","template":"","meta":{"_joinchat":[]},"product_brand":[],"product_cat":[145],"product_tag":[],"class_list":{"0":"post-6652","1":"product","2":"type-product","3":"status-publish","4":"has-post-thumbnail","6":"product_cat-fenethylamine-derivaten","8":"first","9":"instock","10":"shipping-taxable","11":"purchasable","12":"product-type-variable"},"yoast_head":"<!-- This site is optimized with the Yoast SEO plugin v26.3 - https:\/\/yoast.com\/wordpress\/plugins\/seo\/ -->\n<title>BK 2C-B-HCL online kopen - BK 2C-B-HCL te koop | RC Kopen<\/title>\n<meta name=\"description\" content=\"Uw bestelling voor bk 2c-b-hcl te koop is onze verantwoordelijkheid. Wij zullen uw bestelling voor de aankoop van bk 2c-b-hcl in overweging nemen en u binnen korte tijd bereiken. Plaats nu bulkbestellingen!\" \/>\n<meta name=\"robots\" content=\"index, follow, max-snippet:-1, max-image-preview:large, max-video-preview:-1\" \/>\n<link rel=\"canonical\" href=\"https:\/\/rckopen.com\/es\/producto\/bk-2c-b-hcl\/\" \/>\n<meta property=\"og:locale\" content=\"es_ES\" \/>\n<meta property=\"og:type\" content=\"article\" \/>\n<meta property=\"og:title\" content=\"BK 2C-B-HCL online kopen - BK 2C-B-HCL te koop | RC Kopen\" \/>\n<meta property=\"og:description\" content=\"Uw bestelling voor bk 2c-b-hcl te koop is onze verantwoordelijkheid. Wij zullen uw bestelling voor de aankoop van bk 2c-b-hcl in overweging nemen en u binnen korte tijd bereiken. Plaats nu bulkbestellingen!\" \/>\n<meta property=\"og:url\" content=\"https:\/\/rckopen.com\/es\/producto\/bk-2c-b-hcl\/\" \/>\n<meta property=\"og:site_name\" content=\"RC Kopen\" \/>\n<meta property=\"article:modified_time\" content=\"2025-02-03T05:42:48+00:00\" \/>\n<meta property=\"og:image\" content=\"https:\/\/rckopen.com\/wp-content\/uploads\/2023\/08\/bk-2C-B-HCL.jpg\" \/>\n\t<meta property=\"og:image:width\" content=\"600\" \/>\n\t<meta property=\"og:image:height\" content=\"600\" \/>\n\t<meta property=\"og:image:type\" content=\"image\/jpeg\" \/>\n<meta name=\"twitter:card\" content=\"summary_large_image\" \/>\n<meta name=\"twitter:label1\" content=\"Tiempo de lectura\" \/>\n\t<meta name=\"twitter:data1\" content=\"4 minutos\" \/>\n<script type=\"application\/ld+json\" class=\"yoast-schema-graph\">{\"@context\":\"https:\/\/schema.org\",\"@graph\":[{\"@type\":\"WebPage\",\"@id\":\"https:\/\/rckopen.com\/product\/bk-2c-b-hcl\/\",\"url\":\"https:\/\/rckopen.com\/product\/bk-2c-b-hcl\/\",\"name\":\"BK 2C-B-HCL online kopen - BK 2C-B-HCL te koop | RC Kopen\",\"isPartOf\":{\"@id\":\"https:\/\/rckopen.com\/#website\"},\"primaryImageOfPage\":{\"@id\":\"https:\/\/rckopen.com\/product\/bk-2c-b-hcl\/#primaryimage\"},\"image\":{\"@id\":\"https:\/\/rckopen.com\/product\/bk-2c-b-hcl\/#primaryimage\"},\"thumbnailUrl\":\"https:\/\/rckopen.com\/wp-content\/uploads\/2023\/08\/bk-2C-B-HCL.jpg\",\"datePublished\":\"2023-08-17T06:37:39+00:00\",\"dateModified\":\"2025-02-03T05:42:48+00:00\",\"description\":\"Uw bestelling voor bk 2c-b-hcl te koop is onze verantwoordelijkheid. Wij zullen uw bestelling voor de aankoop van bk 2c-b-hcl in overweging nemen en u binnen korte tijd bereiken. Plaats nu bulkbestellingen!\",\"breadcrumb\":{\"@id\":\"https:\/\/rckopen.com\/product\/bk-2c-b-hcl\/#breadcrumb\"},\"inLanguage\":\"es\",\"potentialAction\":[{\"@type\":\"ReadAction\",\"target\":[\"https:\/\/rckopen.com\/product\/bk-2c-b-hcl\/\"]}]},{\"@type\":\"ImageObject\",\"inLanguage\":\"es\",\"@id\":\"https:\/\/rckopen.com\/product\/bk-2c-b-hcl\/#primaryimage\",\"url\":\"https:\/\/rckopen.com\/wp-content\/uploads\/2023\/08\/bk-2C-B-HCL.jpg\",\"contentUrl\":\"https:\/\/rckopen.com\/wp-content\/uploads\/2023\/08\/bk-2C-B-HCL.jpg\",\"width\":600,\"height\":600,\"caption\":\"bk-2C-B-HCL online kopen\"},{\"@type\":\"BreadcrumbList\",\"@id\":\"https:\/\/rckopen.com\/product\/bk-2c-b-hcl\/#breadcrumb\",\"itemListElement\":[{\"@type\":\"ListItem\",\"position\":1,\"name\":\"Home\",\"item\":\"https:\/\/rckopen.com\/\"},{\"@type\":\"ListItem\",\"position\":2,\"name\":\"Shop\",\"item\":\"https:\/\/rckopen.com\/shop\/\"},{\"@type\":\"ListItem\",\"position\":3,\"name\":\"bk-2C-B HCL online kopen\"}]},{\"@type\":\"WebSite\",\"@id\":\"https:\/\/rckopen.com\/#website\",\"url\":\"https:\/\/rckopen.com\/\",\"name\":\"RC Kopen\",\"description\":\"Research Chemicals\",\"potentialAction\":[{\"@type\":\"SearchAction\",\"target\":{\"@type\":\"EntryPoint\",\"urlTemplate\":\"https:\/\/rckopen.com\/?s={search_term_string}\"},\"query-input\":{\"@type\":\"PropertyValueSpecification\",\"valueRequired\":true,\"valueName\":\"search_term_string\"}}],\"inLanguage\":\"es\"}]}<\/script>\n<!-- \/ Yoast SEO plugin. -->","yoast_head_json":{"title":"BK 2C-B-HCL online kopen - BK 2C-B-HCL te koop | RC Kopen","description":"Uw bestelling voor bk 2c-b-hcl te koop is onze verantwoordelijkheid. Wij zullen uw bestelling voor de aankoop van bk 2c-b-hcl in overweging nemen en u binnen korte tijd bereiken. Plaats nu bulkbestellingen!","robots":{"index":"index","follow":"follow","max-snippet":"max-snippet:-1","max-image-preview":"max-image-preview:large","max-video-preview":"max-video-preview:-1"},"canonical":"https:\/\/rckopen.com\/es\/producto\/bk-2c-b-hcl\/","og_locale":"es_ES","og_type":"article","og_title":"BK 2C-B-HCL online kopen - BK 2C-B-HCL te koop | RC Kopen","og_description":"Uw bestelling voor bk 2c-b-hcl te koop is onze verantwoordelijkheid. Wij zullen uw bestelling voor de aankoop van bk 2c-b-hcl in overweging nemen en u binnen korte tijd bereiken. Plaats nu bulkbestellingen!","og_url":"https:\/\/rckopen.com\/es\/producto\/bk-2c-b-hcl\/","og_site_name":"RC Kopen","article_modified_time":"2025-02-03T05:42:48+00:00","og_image":[{"width":600,"height":600,"url":"https:\/\/rckopen.com\/wp-content\/uploads\/2023\/08\/bk-2C-B-HCL.jpg","type":"image\/jpeg"}],"twitter_card":"summary_large_image","twitter_misc":{"Tiempo de lectura":"4 minutos"},"schema":{"@context":"https:\/\/schema.org","@graph":[{"@type":"WebPage","@id":"https:\/\/rckopen.com\/product\/bk-2c-b-hcl\/","url":"https:\/\/rckopen.com\/product\/bk-2c-b-hcl\/","name":"BK 2C-B-HCL online kopen - BK 2C-B-HCL te koop | RC Kopen","isPartOf":{"@id":"https:\/\/rckopen.com\/#website"},"primaryImageOfPage":{"@id":"https:\/\/rckopen.com\/product\/bk-2c-b-hcl\/#primaryimage"},"image":{"@id":"https:\/\/rckopen.com\/product\/bk-2c-b-hcl\/#primaryimage"},"thumbnailUrl":"https:\/\/rckopen.com\/wp-content\/uploads\/2023\/08\/bk-2C-B-HCL.jpg","datePublished":"2023-08-17T06:37:39+00:00","dateModified":"2025-02-03T05:42:48+00:00","description":"Uw bestelling voor bk 2c-b-hcl te koop is onze verantwoordelijkheid. Wij zullen uw bestelling voor de aankoop van bk 2c-b-hcl in overweging nemen en u binnen korte tijd bereiken. Plaats nu bulkbestellingen!","breadcrumb":{"@id":"https:\/\/rckopen.com\/product\/bk-2c-b-hcl\/#breadcrumb"},"inLanguage":"es","potentialAction":[{"@type":"ReadAction","target":["https:\/\/rckopen.com\/product\/bk-2c-b-hcl\/"]}]},{"@type":"ImageObject","inLanguage":"es","@id":"https:\/\/rckopen.com\/product\/bk-2c-b-hcl\/#primaryimage","url":"https:\/\/rckopen.com\/wp-content\/uploads\/2023\/08\/bk-2C-B-HCL.jpg","contentUrl":"https:\/\/rckopen.com\/wp-content\/uploads\/2023\/08\/bk-2C-B-HCL.jpg","width":600,"height":600,"caption":"bk-2C-B-HCL online kopen"},{"@type":"BreadcrumbList","@id":"https:\/\/rckopen.com\/product\/bk-2c-b-hcl\/#breadcrumb","itemListElement":[{"@type":"ListItem","position":1,"name":"Home","item":"https:\/\/rckopen.com\/"},{"@type":"ListItem","position":2,"name":"Shop","item":"https:\/\/rckopen.com\/shop\/"},{"@type":"ListItem","position":3,"name":"bk-2C-B HCL online kopen"}]},{"@type":"WebSite","@id":"https:\/\/rckopen.com\/#website","url":"https:\/\/rckopen.com\/","name":"RC Kopen","description":"Research Chemicals","potentialAction":[{"@type":"SearchAction","target":{"@type":"EntryPoint","urlTemplate":"https:\/\/rckopen.com\/?s={search_term_string}"},"query-input":{"@type":"PropertyValueSpecification","valueRequired":true,"valueName":"search_term_string"}}],"inLanguage":"es"}]}},"_links":{"self":[{"href":"https:\/\/rckopen.com\/es\/wp-json\/wp\/v2\/product\/6652","targetHints":{"allow":["GET"]}}],"collection":[{"href":"https:\/\/rckopen.com\/es\/wp-json\/wp\/v2\/product"}],"about":[{"href":"https:\/\/rckopen.com\/es\/wp-json\/wp\/v2\/types\/product"}],"replies":[{"embeddable":true,"href":"https:\/\/rckopen.com\/es\/wp-json\/wp\/v2\/comments?post=6652"}],"wp:featuredmedia":[{"embeddable":true,"href":"https:\/\/rckopen.com\/es\/wp-json\/wp\/v2\/media\/6680"}],"wp:attachment":[{"href":"https:\/\/rckopen.com\/es\/wp-json\/wp\/v2\/media?parent=6652"}],"wp:term":[{"taxonomy":"product_brand","embeddable":true,"href":"https:\/\/rckopen.com\/es\/wp-json\/wp\/v2\/product_brand?post=6652"},{"taxonomy":"product_cat","embeddable":true,"href":"https:\/\/rckopen.com\/es\/wp-json\/wp\/v2\/product_cat?post=6652"},{"taxonomy":"product_tag","embeddable":true,"href":"https:\/\/rckopen.com\/es\/wp-json\/wp\/v2\/product_tag?post=6652"}],"curies":[{"name":"wp","href":"https:\/\/api.w.org\/{rel}","templated":true}]}}