{"id":6655,"date":"2023-08-17T07:23:21","date_gmt":"2023-08-17T07:23:21","guid":{"rendered":"https:\/\/diligentplug.com\/chems\/?post_type=product&#038;p=6655"},"modified":"2025-01-31T08:51:52","modified_gmt":"2025-01-31T08:51:52","slug":"4f-mph","status":"publish","type":"product","link":"https:\/\/rckopen.com\/es\/producto\/4f-mph\/","title":{"rendered":"Comprar 4F-MPH en l\u00ednea"},"content":{"rendered":"<h2>De opkomst van 4F-MPH: onderzoek naar de groeiende Online Kopen populariteit ervan<\/h2>\n<p>\u00daltimamente la demanda de <a href=\"https:\/\/rckopen.com\/es\/producto\/4f-mph\/\">4F-MPH<\/a> La venta ha aumentado enormemente, lo que ha atra\u00eddo la atenci\u00f3n de muchas personas en todo el mundo. Este aumento de popularidad se puede atribuir a varios factores, incluida la eficacia, la accesibilidad y la conveniencia de solicitar 4F-MPH en l\u00ednea. Veamos por qu\u00e9 4F-MPH se est\u00e1 volviendo cada vez m\u00e1s popular y d\u00f3nde puedes encontrarlo en l\u00ednea. <a href=\"https:\/\/rckopen.com\/es\/\">RCKOpen.com<\/a><\/p>\n<h3>4F-MPH entender<\/h3>\n<p><a href=\"https:\/\/en.wikipedia.org\/wiki\/4-Fluoromethylphenidate\">4F-MPH<\/a> est un puissant psychostimulant appartenant aux classes chimiques de la ph\u00e9n\u00e9thylamine et de l'amph\u00e9tamine. Il est connu pour ses effets stimulants sur le syst\u00e8me nerveux central et est souvent recherch\u00e9 par les personnes cherchant \u00e0 am\u00e9liorer leur concentration et leur productivit\u00e9. Sa popularit\u00e9 provient de sa capacit\u00e9 \u00e0 fournir un coup de pouce cognitif sans l\u2019euphorie intense associ\u00e9e \u00e0 d\u2019autres stimulants.<\/p>\n<h3>Eficacia y beneficios<\/h3>\n<p>Una de las principales razones de la creciente popularidad de 4F-MPH a la venta es su eficacia. Los usuarios afirman experimentar un mayor estado de alerta, una mejora de la funci\u00f3n cognitiva y un aumento de la motivaci\u00f3n despu\u00e9s de consumirlo. Estos efectos lo hacen atractivo para estudiantes, profesionales y personas que buscan una ventaja adicional en sus actividades diarias.<\/p>\n<h3>Accesibilidad y comodidad<\/h3>\n<p>Con la llegada de los mercados en l\u00ednea, pedir 4F-MPH es ahora m\u00e1s accesible que nunca. Atr\u00e1s quedaron los d\u00edas en que se depend\u00eda de los canales tradicionales; ahora las personas pueden pedir 4F-MPH f\u00e1cilmente desde la comodidad de sus hogares, con s\u00f3lo unos clics. Esta accesibilidad ha contribuido significativamente a su gran popularidad entre usuarios de todo el mundo.<\/p>\n<h3>D\u00f3nde comprar 4F-MPH<\/h3>\n<p>A la hora de comprar 4F-MPH en l\u00ednea, es esencial elegir un proveedor de confianza como rckopen.com. Como fuente de confianza para los productos qu\u00edmicos de investigaci\u00f3n, rckopen.com ofrece alta calidad 4F-MPH para la venta, asegurando que los clientes reciban un producto fiable que satisfaga sus necesidades.<\/p>\n<h3>Consideraciones jur\u00eddicas<\/h3>\n<p>Es crucial destacar los aspectos legales de comprar 4F-MPH legalmente. Aunque puede adquirirse en l\u00ednea, los compradores deben asegurarse de cumplir la normativa local relativa a la venta y el consumo de este tipo de sustancias. Rckopen.com ofrece a los clientes una forma segura y legal de comprar 4F-MPH y proporciona tranquilidad y transparencia durante todo el proceso de compra.<\/p>\n<p>El aumento de la venta de 4F-MPH puede atribuirse a su eficacia, accesibilidad y facilidad de compra en l\u00ednea. Gracias a su capacidad para mejorar la funci\u00f3n cognitiva y la productividad, ha ganado una gran popularidad entre las personas que buscan un impulso cognitivo. Cuando se busca comprar 4F-MPH en el Reino Unido, elegir un proveedor de confianza como rckopen.com garantiza una transacci\u00f3n segura y legal, permitiendo a los usuarios experimentar de forma responsable los beneficios de este potente estimulante.<\/p>\n<p>&nbsp;<\/p>","protected":false},"excerpt":{"rendered":"<p><strong>Nombre IUPAC: <\/strong>2-(4-fluorofenil)-2-(piperidin-2-il)acetato de metilo<\/p>\n<p><strong>CAS # <\/strong>1354631-33-6<\/p>\n<p><strong>Otro nombre: <\/strong>4-Fluorometilfenidato, 4-FMPH<\/p>\n<p><strong>Apariencia: <\/strong>polvo<\/p>\n<p><strong>An\u00e1lisis por RMN: <\/strong>C14H18FNO2<\/p>","protected":false},"featured_media":6683,"comment_status":"open","ping_status":"closed","template":"","meta":{"_joinchat":[]},"product_brand":[],"product_cat":[147],"product_tag":[],"class_list":{"0":"post-6655","1":"product","2":"type-product","3":"status-publish","4":"has-post-thumbnail","6":"product_cat-piperidinen","8":"first","9":"instock","10":"shipping-taxable","11":"purchasable","12":"product-type-variable"},"yoast_head":"<!-- This site is optimized with the Yoast SEO plugin v26.3 - https:\/\/yoast.com\/wordpress\/plugins\/seo\/ -->\n<title>4F-MPH Online Kopen - 4F-MPH te koop<\/title>\n<meta name=\"description\" content=\"Wij zijn de toonaangevende winkel die 4F-MPH te koop heeft. Als u 4F-MPH wilt kopen, neem dan direct contact met ons op en laat de bestelling bezorgen. Bestel nu!\" \/>\n<meta name=\"robots\" content=\"index, follow, max-snippet:-1, max-image-preview:large, max-video-preview:-1\" \/>\n<link rel=\"canonical\" href=\"https:\/\/rckopen.com\/es\/producto\/4f-mph\/\" \/>\n<meta property=\"og:locale\" content=\"es_ES\" \/>\n<meta property=\"og:type\" content=\"article\" \/>\n<meta property=\"og:title\" content=\"4F-MPH Online Kopen - 4F-MPH te koop\" \/>\n<meta property=\"og:description\" content=\"Wij zijn de toonaangevende winkel die 4F-MPH te koop heeft. Als u 4F-MPH wilt kopen, neem dan direct contact met ons op en laat de bestelling bezorgen. Bestel nu!\" \/>\n<meta property=\"og:url\" content=\"https:\/\/rckopen.com\/es\/producto\/4f-mph\/\" \/>\n<meta property=\"og:site_name\" content=\"RC Kopen\" \/>\n<meta property=\"article:modified_time\" content=\"2025-01-31T08:51:52+00:00\" \/>\n<meta property=\"og:image\" content=\"https:\/\/rckopen.com\/wp-content\/uploads\/2023\/08\/4-FMA-1.jpg\" \/>\n\t<meta property=\"og:image:width\" content=\"600\" \/>\n\t<meta property=\"og:image:height\" content=\"600\" \/>\n\t<meta property=\"og:image:type\" content=\"image\/jpeg\" \/>\n<meta name=\"twitter:card\" content=\"summary_large_image\" \/>\n<meta name=\"twitter:label1\" content=\"Tiempo de lectura\" \/>\n\t<meta name=\"twitter:data1\" content=\"3 minutos\" \/>\n<script type=\"application\/ld+json\" class=\"yoast-schema-graph\">{\"@context\":\"https:\/\/schema.org\",\"@graph\":[{\"@type\":\"WebPage\",\"@id\":\"https:\/\/rckopen.com\/product\/4f-mph\/\",\"url\":\"https:\/\/rckopen.com\/product\/4f-mph\/\",\"name\":\"4F-MPH Online Kopen - 4F-MPH te koop\",\"isPartOf\":{\"@id\":\"https:\/\/rckopen.com\/#website\"},\"primaryImageOfPage\":{\"@id\":\"https:\/\/rckopen.com\/product\/4f-mph\/#primaryimage\"},\"image\":{\"@id\":\"https:\/\/rckopen.com\/product\/4f-mph\/#primaryimage\"},\"thumbnailUrl\":\"https:\/\/rckopen.com\/wp-content\/uploads\/2023\/08\/4-FMA-1.jpg\",\"datePublished\":\"2023-08-17T07:23:21+00:00\",\"dateModified\":\"2025-01-31T08:51:52+00:00\",\"description\":\"Wij zijn de toonaangevende winkel die 4F-MPH te koop heeft. Als u 4F-MPH wilt kopen, neem dan direct contact met ons op en laat de bestelling bezorgen. Bestel nu!\",\"breadcrumb\":{\"@id\":\"https:\/\/rckopen.com\/product\/4f-mph\/#breadcrumb\"},\"inLanguage\":\"es\",\"potentialAction\":[{\"@type\":\"ReadAction\",\"target\":[\"https:\/\/rckopen.com\/product\/4f-mph\/\"]}]},{\"@type\":\"ImageObject\",\"inLanguage\":\"es\",\"@id\":\"https:\/\/rckopen.com\/product\/4f-mph\/#primaryimage\",\"url\":\"https:\/\/rckopen.com\/wp-content\/uploads\/2023\/08\/4-FMA-1.jpg\",\"contentUrl\":\"https:\/\/rckopen.com\/wp-content\/uploads\/2023\/08\/4-FMA-1.jpg\",\"width\":600,\"height\":600,\"caption\":\"4F-MPH Online Kopen\"},{\"@type\":\"BreadcrumbList\",\"@id\":\"https:\/\/rckopen.com\/product\/4f-mph\/#breadcrumb\",\"itemListElement\":[{\"@type\":\"ListItem\",\"position\":1,\"name\":\"Home\",\"item\":\"https:\/\/rckopen.com\/\"},{\"@type\":\"ListItem\",\"position\":2,\"name\":\"Shop\",\"item\":\"https:\/\/rckopen.com\/shop\/\"},{\"@type\":\"ListItem\",\"position\":3,\"name\":\"4F-MPH Online Kopen\"}]},{\"@type\":\"WebSite\",\"@id\":\"https:\/\/rckopen.com\/#website\",\"url\":\"https:\/\/rckopen.com\/\",\"name\":\"RC Kopen\",\"description\":\"Research Chemicals\",\"potentialAction\":[{\"@type\":\"SearchAction\",\"target\":{\"@type\":\"EntryPoint\",\"urlTemplate\":\"https:\/\/rckopen.com\/?s={search_term_string}\"},\"query-input\":{\"@type\":\"PropertyValueSpecification\",\"valueRequired\":true,\"valueName\":\"search_term_string\"}}],\"inLanguage\":\"es\"}]}<\/script>\n<!-- \/ Yoast SEO plugin. -->","yoast_head_json":{"title":"4F-MPH Online Kopen - 4F-MPH te koop","description":"Wij zijn de toonaangevende winkel die 4F-MPH te koop heeft. Als u 4F-MPH wilt kopen, neem dan direct contact met ons op en laat de bestelling bezorgen. Bestel nu!","robots":{"index":"index","follow":"follow","max-snippet":"max-snippet:-1","max-image-preview":"max-image-preview:large","max-video-preview":"max-video-preview:-1"},"canonical":"https:\/\/rckopen.com\/es\/producto\/4f-mph\/","og_locale":"es_ES","og_type":"article","og_title":"4F-MPH Online Kopen - 4F-MPH te koop","og_description":"Wij zijn de toonaangevende winkel die 4F-MPH te koop heeft. Als u 4F-MPH wilt kopen, neem dan direct contact met ons op en laat de bestelling bezorgen. Bestel nu!","og_url":"https:\/\/rckopen.com\/es\/producto\/4f-mph\/","og_site_name":"RC Kopen","article_modified_time":"2025-01-31T08:51:52+00:00","og_image":[{"width":600,"height":600,"url":"https:\/\/rckopen.com\/wp-content\/uploads\/2023\/08\/4-FMA-1.jpg","type":"image\/jpeg"}],"twitter_card":"summary_large_image","twitter_misc":{"Tiempo de lectura":"3 minutos"},"schema":{"@context":"https:\/\/schema.org","@graph":[{"@type":"WebPage","@id":"https:\/\/rckopen.com\/product\/4f-mph\/","url":"https:\/\/rckopen.com\/product\/4f-mph\/","name":"4F-MPH Online Kopen - 4F-MPH te koop","isPartOf":{"@id":"https:\/\/rckopen.com\/#website"},"primaryImageOfPage":{"@id":"https:\/\/rckopen.com\/product\/4f-mph\/#primaryimage"},"image":{"@id":"https:\/\/rckopen.com\/product\/4f-mph\/#primaryimage"},"thumbnailUrl":"https:\/\/rckopen.com\/wp-content\/uploads\/2023\/08\/4-FMA-1.jpg","datePublished":"2023-08-17T07:23:21+00:00","dateModified":"2025-01-31T08:51:52+00:00","description":"Wij zijn de toonaangevende winkel die 4F-MPH te koop heeft. Als u 4F-MPH wilt kopen, neem dan direct contact met ons op en laat de bestelling bezorgen. Bestel nu!","breadcrumb":{"@id":"https:\/\/rckopen.com\/product\/4f-mph\/#breadcrumb"},"inLanguage":"es","potentialAction":[{"@type":"ReadAction","target":["https:\/\/rckopen.com\/product\/4f-mph\/"]}]},{"@type":"ImageObject","inLanguage":"es","@id":"https:\/\/rckopen.com\/product\/4f-mph\/#primaryimage","url":"https:\/\/rckopen.com\/wp-content\/uploads\/2023\/08\/4-FMA-1.jpg","contentUrl":"https:\/\/rckopen.com\/wp-content\/uploads\/2023\/08\/4-FMA-1.jpg","width":600,"height":600,"caption":"4F-MPH Online Kopen"},{"@type":"BreadcrumbList","@id":"https:\/\/rckopen.com\/product\/4f-mph\/#breadcrumb","itemListElement":[{"@type":"ListItem","position":1,"name":"Home","item":"https:\/\/rckopen.com\/"},{"@type":"ListItem","position":2,"name":"Shop","item":"https:\/\/rckopen.com\/shop\/"},{"@type":"ListItem","position":3,"name":"4F-MPH Online Kopen"}]},{"@type":"WebSite","@id":"https:\/\/rckopen.com\/#website","url":"https:\/\/rckopen.com\/","name":"RC Kopen","description":"Research Chemicals","potentialAction":[{"@type":"SearchAction","target":{"@type":"EntryPoint","urlTemplate":"https:\/\/rckopen.com\/?s={search_term_string}"},"query-input":{"@type":"PropertyValueSpecification","valueRequired":true,"valueName":"search_term_string"}}],"inLanguage":"es"}]}},"_links":{"self":[{"href":"https:\/\/rckopen.com\/es\/wp-json\/wp\/v2\/product\/6655","targetHints":{"allow":["GET"]}}],"collection":[{"href":"https:\/\/rckopen.com\/es\/wp-json\/wp\/v2\/product"}],"about":[{"href":"https:\/\/rckopen.com\/es\/wp-json\/wp\/v2\/types\/product"}],"replies":[{"embeddable":true,"href":"https:\/\/rckopen.com\/es\/wp-json\/wp\/v2\/comments?post=6655"}],"wp:featuredmedia":[{"embeddable":true,"href":"https:\/\/rckopen.com\/es\/wp-json\/wp\/v2\/media\/6683"}],"wp:attachment":[{"href":"https:\/\/rckopen.com\/es\/wp-json\/wp\/v2\/media?parent=6655"}],"wp:term":[{"taxonomy":"product_brand","embeddable":true,"href":"https:\/\/rckopen.com\/es\/wp-json\/wp\/v2\/product_brand?post=6655"},{"taxonomy":"product_cat","embeddable":true,"href":"https:\/\/rckopen.com\/es\/wp-json\/wp\/v2\/product_cat?post=6655"},{"taxonomy":"product_tag","embeddable":true,"href":"https:\/\/rckopen.com\/es\/wp-json\/wp\/v2\/product_tag?post=6655"}],"curies":[{"name":"wp","href":"https:\/\/api.w.org\/{rel}","templated":true}]}}