{"id":6659,"date":"2023-08-18T07:54:07","date_gmt":"2023-08-18T07:54:07","guid":{"rendered":"https:\/\/diligentplug.com\/chems\/?post_type=product&#038;p=6659"},"modified":"2025-02-04T03:58:27","modified_gmt":"2025-02-04T03:58:27","slug":"koop-hdep-28","status":"publish","type":"product","link":"https:\/\/rckopen.com\/es\/producto\/comprar-hdep-28\/","title":{"rendered":"Comprar HDEP-28 en l\u00ednea"},"content":{"rendered":"<h2>Comprar HDEP-28 en l\u00ednea<\/h2>\n<p>Descubra el mundo de <a href=\"https:\/\/rckopen.com\/es\/producto\/comprar-hdep-28\/\">HDEP-28<\/a> met <a href=\"https:\/\/rckopen.com\/es\/\">RCKopen<\/a>: su fuente de confianza para productos qu\u00edmicos de investigaci\u00f3n<\/p>\n<p>En RCKopen, nuestro objetivo es facilitarle el HDEP-28, un compuesto innovador que est\u00e1 revolucionando la investigaci\u00f3n. Tanto si es un investigador experimentado como si acaba de empezar, estamos aqu\u00ed para usted. Por eso deber\u00eda elegir RCKopen para todas sus necesidades de HDEP-28:<\/p>\n<h3>\u00bfQu\u00e9 es el HDEP-28?<\/h3>\n<p><a href=\"https:\/\/en.wikipedia.org\/wiki\/HDEP-28\">HDEP-28<\/a> Es un compuesto de investigaci\u00f3n innovador conocido por sus propiedades \u00fanicas y aplicaciones potenciales en varios campos cient\u00edficos. Est\u00e1 atrayendo la atenci\u00f3n debido a sus resultados prometedores en estudios de neurociencia y farmacolog\u00eda. Compre HDEP-28 s\u00f3lo con nosotros.<\/p>\n<h3>\u00bfPor qu\u00e9 elegir RCKopen?<\/h3>\n<p>- Garant\u00eda de calidad: Al comprar HDEP-28 en RCKopen, puede estar seguro de que est\u00e1 adquiriendo un producto de la m\u00e1xima calidad. Nos adherimos a estrictas medidas de control de calidad para garantizar la pureza y consistencia de cada lote.<\/p>\n<p>- Sencillo proceso de pedido: pedir HDEP-28 nunca ha sido tan f\u00e1cil. Solo tiene que navegar por nuestro sitio web, seleccionar la cantidad deseada y pasar por caja. Le ofrecemos una experiencia de pedido fluida para ahorrarle tiempo y esfuerzo.<\/p>\n<p>- Env\u00edo discreto: su privacidad es importante para nosotros. Por eso embalamos y enviamos su pedido HDEP-28 discretamente, sin etiquetas ni marcas identificativas.<\/p>\n<p>- Satisfacci\u00f3n del cliente: En RCKopen, la satisfacci\u00f3n del cliente es nuestra m\u00e1xima prioridad. Nuestro equipo de asistencia est\u00e1 a tu disposici\u00f3n para ayudarte con cualquier duda o comentario que puedas tener.<\/p>\n<h2>D\u00f3nde comprar HDEP-28<\/h2>\n<p>\u00bfSe pregunta d\u00f3nde comprar HDEP-28? No busque m\u00e1s all\u00e1 de RCKopen. Somos su ventanilla \u00fanica para todo lo relacionado con HDEP-28. Con unos pocos clics, puede recibir esta innovadora mezcla en la puerta de su casa.<\/p>\n<h2>Se vende HDEP-28<\/h2>\n<p>\u00bfBusca HDEP-28 en venta? \u00a1Est\u00e1 de suerte! RCKopen ofrece precios competitivos para HDEP-28, haci\u00e9ndolo m\u00e1s accesible a investigadores de todo el mundo. Aproveche nuestras tarifas econ\u00f3micas sin comprometer la calidad.<\/p>\n<h2>Bestel vandaag nog HDEP-28 online kopen<\/h2>\n<p>\u00bfListo para llevar su investigaci\u00f3n al siguiente nivel? Haga su pedido de HDEP-28 en RCKopen hoy mismo. Gracias a nuestro sencillo proceso de pedido y r\u00e1pido env\u00edo, tendr\u00e1 este extraordinario compuesto en sus manos en muy poco tiempo.<\/p>\n<h2>HDEP-28 legaal online kopen<\/h2>\n<p>Puede estar seguro de que al comprar HDEP-28 legalmente en RCKopen, lo est\u00e1 haciendo legalmente. Cumplimos con todas las normativas y directrices pertinentes para garantizar una experiencia de compra segura y legal para nuestros clientes.<\/p>\n<h2>HDEP-28 in Groot-Brittanni\u00eb online kopen<\/h2>\n<p>Si reside en el Reino Unido y desea comprar HDEP-28 en el Reino Unido, est\u00e1 de suerte. RCKopen realiza env\u00edos a clientes del Reino Unido, lo que te permite acceder f\u00e1cilmente a este innovador complejo.<\/p>\n<h2>HDEP-28 zonder recept online kopen<\/h2>\n<p>A diferencia de otras sustancias, puede comprar HDEP-28 en RCKopen sin receta. Creemos en hacer que los productos qu\u00edmicos de investigaci\u00f3n sean accesibles a los investigadores de todo el mundo. Por lo tanto, ofrecemos HDEP-28 a la venta sin restricciones innecesarias.<\/p>\n<p>Experimente la diferencia que HDEP-28 puede marcar en sus esfuerzos de investigaci\u00f3n. Conf\u00ede en RCKopen como su fuente de confianza para la compra sin receta de alta calidad de HDEP-28. Disfrute ahora de una experiencia de compra perfecta de principio a fin. Haga su pedido ahora y descubra el potencial de este compuesto revolucionario.<\/p>","protected":false},"excerpt":{"rendered":"<p>Nombre IUPAC: 2-(naftalen-2-il)-2-(piperidin-2-il)acetato de etilo<\/p>\n<p>CAS # 2170529-69-6<\/p>\n<p>Aspecto: polvo<\/p>\n<p>An\u00e1lisis RMN: C19H23NO2<\/p>","protected":false},"featured_media":6986,"comment_status":"open","ping_status":"closed","template":"","meta":{"_joinchat":[]},"product_brand":[],"product_cat":[147],"product_tag":[],"class_list":{"0":"post-6659","1":"product","2":"type-product","3":"status-publish","4":"has-post-thumbnail","6":"product_cat-piperidinen","8":"first","9":"instock","10":"shipping-taxable","11":"purchasable","12":"product-type-variable"},"yoast_head":"<!-- This site is optimized with the Yoast SEO plugin v26.3 - https:\/\/yoast.com\/wordpress\/plugins\/seo\/ -->\n<title>HDEP-28 online kopen - HDEP-28 te koop | RC Kopen<\/title>\n<meta name=\"description\" content=\"Aan uw eis om HDEP-28 online kopen kan worden voldaan in onze online rc kopen-winkel, aangezien we hier HDEP-28 te koop hebben. Plaats uw bestelling en ontvang elke dag betaalbare aanbiedingen.\" \/>\n<meta name=\"robots\" content=\"index, follow, max-snippet:-1, max-image-preview:large, max-video-preview:-1\" \/>\n<link rel=\"canonical\" href=\"https:\/\/rckopen.com\/es\/producto\/comprar-hdep-28\/\" \/>\n<meta property=\"og:locale\" content=\"es_ES\" \/>\n<meta property=\"og:type\" content=\"article\" \/>\n<meta property=\"og:title\" content=\"HDEP-28 online kopen - HDEP-28 te koop | RC Kopen\" \/>\n<meta property=\"og:description\" content=\"Aan uw eis om HDEP-28 online kopen kan worden voldaan in onze online rc kopen-winkel, aangezien we hier HDEP-28 te koop hebben. Plaats uw bestelling en ontvang elke dag betaalbare aanbiedingen.\" \/>\n<meta property=\"og:url\" content=\"https:\/\/rckopen.com\/es\/producto\/comprar-hdep-28\/\" \/>\n<meta property=\"og:site_name\" content=\"RC Kopen\" \/>\n<meta property=\"article:modified_time\" content=\"2025-02-04T03:58:27+00:00\" \/>\n<meta property=\"og:image\" content=\"https:\/\/rckopen.com\/wp-content\/uploads\/2023\/08\/HDEP-28.jpg\" \/>\n\t<meta property=\"og:image:width\" content=\"600\" \/>\n\t<meta property=\"og:image:height\" content=\"600\" \/>\n\t<meta property=\"og:image:type\" content=\"image\/jpeg\" \/>\n<meta name=\"twitter:card\" content=\"summary_large_image\" \/>\n<meta name=\"twitter:label1\" content=\"Tiempo de lectura\" \/>\n\t<meta name=\"twitter:data1\" content=\"3 minutos\" \/>\n<script type=\"application\/ld+json\" class=\"yoast-schema-graph\">{\"@context\":\"https:\/\/schema.org\",\"@graph\":[{\"@type\":\"WebPage\",\"@id\":\"https:\/\/rckopen.com\/product\/koop-hdep-28\/\",\"url\":\"https:\/\/rckopen.com\/product\/koop-hdep-28\/\",\"name\":\"HDEP-28 online kopen - HDEP-28 te koop | RC Kopen\",\"isPartOf\":{\"@id\":\"https:\/\/rckopen.com\/#website\"},\"primaryImageOfPage\":{\"@id\":\"https:\/\/rckopen.com\/product\/koop-hdep-28\/#primaryimage\"},\"image\":{\"@id\":\"https:\/\/rckopen.com\/product\/koop-hdep-28\/#primaryimage\"},\"thumbnailUrl\":\"https:\/\/rckopen.com\/wp-content\/uploads\/2023\/08\/HDEP-28.jpg\",\"datePublished\":\"2023-08-18T07:54:07+00:00\",\"dateModified\":\"2025-02-04T03:58:27+00:00\",\"description\":\"Aan uw eis om HDEP-28 online kopen kan worden voldaan in onze online rc kopen-winkel, aangezien we hier HDEP-28 te koop hebben. Plaats uw bestelling en ontvang elke dag betaalbare aanbiedingen.\",\"breadcrumb\":{\"@id\":\"https:\/\/rckopen.com\/product\/koop-hdep-28\/#breadcrumb\"},\"inLanguage\":\"es\",\"potentialAction\":[{\"@type\":\"ReadAction\",\"target\":[\"https:\/\/rckopen.com\/product\/koop-hdep-28\/\"]}]},{\"@type\":\"ImageObject\",\"inLanguage\":\"es\",\"@id\":\"https:\/\/rckopen.com\/product\/koop-hdep-28\/#primaryimage\",\"url\":\"https:\/\/rckopen.com\/wp-content\/uploads\/2023\/08\/HDEP-28.jpg\",\"contentUrl\":\"https:\/\/rckopen.com\/wp-content\/uploads\/2023\/08\/HDEP-28.jpg\",\"width\":600,\"height\":600,\"caption\":\"HDEP-28 online kopen\"},{\"@type\":\"BreadcrumbList\",\"@id\":\"https:\/\/rckopen.com\/product\/koop-hdep-28\/#breadcrumb\",\"itemListElement\":[{\"@type\":\"ListItem\",\"position\":1,\"name\":\"Home\",\"item\":\"https:\/\/rckopen.com\/\"},{\"@type\":\"ListItem\",\"position\":2,\"name\":\"Shop\",\"item\":\"https:\/\/rckopen.com\/shop\/\"},{\"@type\":\"ListItem\",\"position\":3,\"name\":\"HDEP-28 online kopen\"}]},{\"@type\":\"WebSite\",\"@id\":\"https:\/\/rckopen.com\/#website\",\"url\":\"https:\/\/rckopen.com\/\",\"name\":\"RC Kopen\",\"description\":\"Research Chemicals\",\"potentialAction\":[{\"@type\":\"SearchAction\",\"target\":{\"@type\":\"EntryPoint\",\"urlTemplate\":\"https:\/\/rckopen.com\/?s={search_term_string}\"},\"query-input\":{\"@type\":\"PropertyValueSpecification\",\"valueRequired\":true,\"valueName\":\"search_term_string\"}}],\"inLanguage\":\"es\"}]}<\/script>\n<!-- \/ Yoast SEO plugin. -->","yoast_head_json":{"title":"HDEP-28 online kopen - HDEP-28 te koop | RC Kopen","description":"Aan uw eis om HDEP-28 online kopen kan worden voldaan in onze online rc kopen-winkel, aangezien we hier HDEP-28 te koop hebben. Plaats uw bestelling en ontvang elke dag betaalbare aanbiedingen.","robots":{"index":"index","follow":"follow","max-snippet":"max-snippet:-1","max-image-preview":"max-image-preview:large","max-video-preview":"max-video-preview:-1"},"canonical":"https:\/\/rckopen.com\/es\/producto\/comprar-hdep-28\/","og_locale":"es_ES","og_type":"article","og_title":"HDEP-28 online kopen - HDEP-28 te koop | RC Kopen","og_description":"Aan uw eis om HDEP-28 online kopen kan worden voldaan in onze online rc kopen-winkel, aangezien we hier HDEP-28 te koop hebben. Plaats uw bestelling en ontvang elke dag betaalbare aanbiedingen.","og_url":"https:\/\/rckopen.com\/es\/producto\/comprar-hdep-28\/","og_site_name":"RC Kopen","article_modified_time":"2025-02-04T03:58:27+00:00","og_image":[{"width":600,"height":600,"url":"https:\/\/rckopen.com\/wp-content\/uploads\/2023\/08\/HDEP-28.jpg","type":"image\/jpeg"}],"twitter_card":"summary_large_image","twitter_misc":{"Tiempo de lectura":"3 minutos"},"schema":{"@context":"https:\/\/schema.org","@graph":[{"@type":"WebPage","@id":"https:\/\/rckopen.com\/product\/koop-hdep-28\/","url":"https:\/\/rckopen.com\/product\/koop-hdep-28\/","name":"HDEP-28 online kopen - HDEP-28 te koop | RC Kopen","isPartOf":{"@id":"https:\/\/rckopen.com\/#website"},"primaryImageOfPage":{"@id":"https:\/\/rckopen.com\/product\/koop-hdep-28\/#primaryimage"},"image":{"@id":"https:\/\/rckopen.com\/product\/koop-hdep-28\/#primaryimage"},"thumbnailUrl":"https:\/\/rckopen.com\/wp-content\/uploads\/2023\/08\/HDEP-28.jpg","datePublished":"2023-08-18T07:54:07+00:00","dateModified":"2025-02-04T03:58:27+00:00","description":"Aan uw eis om HDEP-28 online kopen kan worden voldaan in onze online rc kopen-winkel, aangezien we hier HDEP-28 te koop hebben. Plaats uw bestelling en ontvang elke dag betaalbare aanbiedingen.","breadcrumb":{"@id":"https:\/\/rckopen.com\/product\/koop-hdep-28\/#breadcrumb"},"inLanguage":"es","potentialAction":[{"@type":"ReadAction","target":["https:\/\/rckopen.com\/product\/koop-hdep-28\/"]}]},{"@type":"ImageObject","inLanguage":"es","@id":"https:\/\/rckopen.com\/product\/koop-hdep-28\/#primaryimage","url":"https:\/\/rckopen.com\/wp-content\/uploads\/2023\/08\/HDEP-28.jpg","contentUrl":"https:\/\/rckopen.com\/wp-content\/uploads\/2023\/08\/HDEP-28.jpg","width":600,"height":600,"caption":"HDEP-28 online kopen"},{"@type":"BreadcrumbList","@id":"https:\/\/rckopen.com\/product\/koop-hdep-28\/#breadcrumb","itemListElement":[{"@type":"ListItem","position":1,"name":"Home","item":"https:\/\/rckopen.com\/"},{"@type":"ListItem","position":2,"name":"Shop","item":"https:\/\/rckopen.com\/shop\/"},{"@type":"ListItem","position":3,"name":"HDEP-28 online kopen"}]},{"@type":"WebSite","@id":"https:\/\/rckopen.com\/#website","url":"https:\/\/rckopen.com\/","name":"RC Kopen","description":"Research Chemicals","potentialAction":[{"@type":"SearchAction","target":{"@type":"EntryPoint","urlTemplate":"https:\/\/rckopen.com\/?s={search_term_string}"},"query-input":{"@type":"PropertyValueSpecification","valueRequired":true,"valueName":"search_term_string"}}],"inLanguage":"es"}]}},"_links":{"self":[{"href":"https:\/\/rckopen.com\/es\/wp-json\/wp\/v2\/product\/6659","targetHints":{"allow":["GET"]}}],"collection":[{"href":"https:\/\/rckopen.com\/es\/wp-json\/wp\/v2\/product"}],"about":[{"href":"https:\/\/rckopen.com\/es\/wp-json\/wp\/v2\/types\/product"}],"replies":[{"embeddable":true,"href":"https:\/\/rckopen.com\/es\/wp-json\/wp\/v2\/comments?post=6659"}],"wp:featuredmedia":[{"embeddable":true,"href":"https:\/\/rckopen.com\/es\/wp-json\/wp\/v2\/media\/6986"}],"wp:attachment":[{"href":"https:\/\/rckopen.com\/es\/wp-json\/wp\/v2\/media?parent=6659"}],"wp:term":[{"taxonomy":"product_brand","embeddable":true,"href":"https:\/\/rckopen.com\/es\/wp-json\/wp\/v2\/product_brand?post=6659"},{"taxonomy":"product_cat","embeddable":true,"href":"https:\/\/rckopen.com\/es\/wp-json\/wp\/v2\/product_cat?post=6659"},{"taxonomy":"product_tag","embeddable":true,"href":"https:\/\/rckopen.com\/es\/wp-json\/wp\/v2\/product_tag?post=6659"}],"curies":[{"name":"wp","href":"https:\/\/api.w.org\/{rel}","templated":true}]}}