{"id":6662,"date":"2023-08-17T07:51:48","date_gmt":"2023-08-17T07:51:48","guid":{"rendered":"https:\/\/diligentplug.com\/chems\/?post_type=product&#038;p=6662"},"modified":"2025-02-01T07:35:18","modified_gmt":"2025-02-01T07:35:18","slug":"3-fpm","status":"publish","type":"product","link":"https:\/\/rckopen.com\/es\/producto\/3-fpm\/","title":{"rendered":"Comprar 3-FPM en l\u00ednea"},"content":{"rendered":"<h2>3 FPM Online Kopen<\/h2>\n<p>Gu\u00eda para encontrar 3-FPM de calidad en Internet<br \/>\n\u00bfEst\u00e1 buscando una fuente confiable para <a href=\"https:\/\/rckopen.com\/es\/producto\/3-fpm\/\">3-FPM en venta en l\u00ednea<\/a>? \u00a1No busques m\u00e1s! Abeja <a href=\"https:\/\/rckopen.com\/es\/\">rckopen.com<\/a> Ofrecemos 3-FPM de primera calidad para la venta, lo que garantiza una experiencia de compra perfecta. Ya sea que se encuentre en el Reino Unido o en cualquier otro lugar, ofrecemos acceso legal a 3-FPM sin receta m\u00e9dica. Aqu\u00ed tienes tu gu\u00eda paso a paso para comprar 3-FPM de primera calidad en nuestra plataforma:<\/p>\n<p>Buscar proveedores de confianza<br \/>\nSi eres legal <a href=\"https:\/\/en.wikipedia.org\/wiki\/3-Fluorophenmetrazine\">3-FPM<\/a> Si desea comprar en l\u00ednea, es esencial investigar proveedores confiables. En rckopen.com nos enorgullecemos de nuestra reputaci\u00f3n como fuente confiable para la compra de productos qu\u00edmicos de investigaci\u00f3n. Nuestro compromiso con la calidad y la satisfacci\u00f3n del cliente nos distingue de otros proveedores en el mercado.<\/p>\n<p>Comprobar la calidad del producto<br \/>\nLa calidad es primordial cuando se trata de productos qu\u00edmicos de investigaci\u00f3n como el 3-FPM. Nuestros productos se someten a rigurosas pruebas para garantizar su pureza y potencia. Al comprar 3-FPM de rckopen.com, puede estar seguro de que recibir\u00e1 un producto de alta calidad que satisfaga sus necesidades de investigaci\u00f3n.<br \/>\nNavegue por nuestra selecci\u00f3n<\/p>\n<p>\u00bfD\u00f3nde puedo comprar 3-FPM en l\u00ednea? Descubra nuestra amplia selecci\u00f3n de 3-FPM y otros productos qu\u00edmicos de investigaci\u00f3n disponibles para comprar en nuestro sitio web. Con solo unos pocos clics puede explorar nuestro inventario y encontrar el producto perfecto para sus proyectos de investigaci\u00f3n.<\/p>\n<p>Haga su pedido<br \/>\n\u00bfListo para comprar 3-FPM? Realizar pedidos en rckopen.com es r\u00e1pido y sencillo. Simplemente agregue los productos que desee a su carrito, proceda al pago y complete su compra de forma segura a trav\u00e9s de nuestra pasarela de pago encriptada.<\/p>\n<p>Disfrute de un env\u00edo r\u00e1pido y discreto<br \/>\nUna vez realizado su pedido, nosotros nos encargamos del resto. Ofrecemos un env\u00edo r\u00e1pido y discreto para garantizar que su 3-FPM a la venta le llegue de forma r\u00e1pida y segura. Con nuestro eficiente servicio de entrega, podr\u00e1 concentrarse en su investigaci\u00f3n sin demora.<\/p>\n<p>Garant\u00eda de satisfacci\u00f3n del cliente<br \/>\nEn rckopen.com, damos prioridad a la satisfacci\u00f3n del cliente por encima de todo. Si tiene alguna pregunta o comentario sobre su pedido, nuestro equipo de asistencia est\u00e1 a su disposici\u00f3n para ayudarle en todo momento. Nos esforzamos por ofrecerle una experiencia de compra excepcional de principio a fin.<\/p>\n<p>Comprar 3-FPM de calidad en l\u00ednea nunca ha sido tan f\u00e1cil. Con rckopen.com puedes comprar 3-FPM en l\u00ednea de forma legal y sin receta y tener la seguridad de que est\u00e1s obteniendo un producto de primera calidad. Explore nuestro sitio web hoy y d\u00e9 el primer paso para avanzar en sus esfuerzos de investigaci\u00f3n.<\/p>","protected":false},"excerpt":{"rendered":"<p>Nombre IUPAC: 2-(3-fluorofenil)-3-metilmorfolina, monohidrocloruro<br \/>\nCAS # 1803562-83-5<br \/>\nOtro nombre: 3-Fluorofenmetrazina (clorhidrato)<br \/>\nAspecto: polvo<br \/>\nAn\u00e1lisis RMN: C11H14FNO - HCl<\/p>","protected":false},"featured_media":6687,"comment_status":"open","ping_status":"closed","template":"","meta":{"_joinchat":[]},"product_brand":[],"product_cat":[147],"product_tag":[],"class_list":{"0":"post-6662","1":"product","2":"type-product","3":"status-publish","4":"has-post-thumbnail","6":"product_cat-piperidinen","8":"first","9":"instock","10":"shipping-taxable","11":"purchasable","12":"product-type-variable"},"yoast_head":"<!-- This site is optimized with the Yoast SEO plugin v26.3 - https:\/\/yoast.com\/wordpress\/plugins\/seo\/ -->\n<title>3-FPM online kopen - 3-FPM te koop | RC Kopen<\/title>\n<meta name=\"description\" content=\"Onze RCKopen winkel heeft de topkwaliteit 3-FPM te koop. U kunt nooit om de kwaliteit van onze producten heen. Als u dat nodig heeft, kunt u 3-FPM meteen online kopen. Bestel nu!\" \/>\n<meta name=\"robots\" content=\"index, follow, max-snippet:-1, max-image-preview:large, max-video-preview:-1\" \/>\n<link rel=\"canonical\" href=\"https:\/\/rckopen.com\/es\/producto\/3-fpm\/\" \/>\n<meta property=\"og:locale\" content=\"es_ES\" \/>\n<meta property=\"og:type\" content=\"article\" \/>\n<meta property=\"og:title\" content=\"3-FPM online kopen - 3-FPM te koop | RC Kopen\" \/>\n<meta property=\"og:description\" content=\"Onze RCKopen winkel heeft de topkwaliteit 3-FPM te koop. U kunt nooit om de kwaliteit van onze producten heen. Als u dat nodig heeft, kunt u 3-FPM meteen online kopen. Bestel nu!\" \/>\n<meta property=\"og:url\" content=\"https:\/\/rckopen.com\/es\/producto\/3-fpm\/\" \/>\n<meta property=\"og:site_name\" content=\"RC Kopen\" \/>\n<meta property=\"article:modified_time\" content=\"2025-02-01T07:35:18+00:00\" \/>\n<meta property=\"og:image\" content=\"https:\/\/rckopen.com\/wp-content\/uploads\/2023\/08\/3-FPM.jpg\" \/>\n\t<meta property=\"og:image:width\" content=\"600\" \/>\n\t<meta property=\"og:image:height\" content=\"600\" \/>\n\t<meta property=\"og:image:type\" content=\"image\/jpeg\" \/>\n<meta name=\"twitter:card\" content=\"summary_large_image\" \/>\n<meta name=\"twitter:label1\" content=\"Tiempo de lectura\" \/>\n\t<meta name=\"twitter:data1\" content=\"2 minutos\" \/>\n<script type=\"application\/ld+json\" class=\"yoast-schema-graph\">{\"@context\":\"https:\/\/schema.org\",\"@graph\":[{\"@type\":\"WebPage\",\"@id\":\"https:\/\/rckopen.com\/product\/3-fpm\/\",\"url\":\"https:\/\/rckopen.com\/product\/3-fpm\/\",\"name\":\"3-FPM online kopen - 3-FPM te koop | RC Kopen\",\"isPartOf\":{\"@id\":\"https:\/\/rckopen.com\/#website\"},\"primaryImageOfPage\":{\"@id\":\"https:\/\/rckopen.com\/product\/3-fpm\/#primaryimage\"},\"image\":{\"@id\":\"https:\/\/rckopen.com\/product\/3-fpm\/#primaryimage\"},\"thumbnailUrl\":\"https:\/\/rckopen.com\/wp-content\/uploads\/2023\/08\/3-FPM.jpg\",\"datePublished\":\"2023-08-17T07:51:48+00:00\",\"dateModified\":\"2025-02-01T07:35:18+00:00\",\"description\":\"Onze RCKopen winkel heeft de topkwaliteit 3-FPM te koop. U kunt nooit om de kwaliteit van onze producten heen. Als u dat nodig heeft, kunt u 3-FPM meteen online kopen. Bestel nu!\",\"breadcrumb\":{\"@id\":\"https:\/\/rckopen.com\/product\/3-fpm\/#breadcrumb\"},\"inLanguage\":\"es\",\"potentialAction\":[{\"@type\":\"ReadAction\",\"target\":[\"https:\/\/rckopen.com\/product\/3-fpm\/\"]}]},{\"@type\":\"ImageObject\",\"inLanguage\":\"es\",\"@id\":\"https:\/\/rckopen.com\/product\/3-fpm\/#primaryimage\",\"url\":\"https:\/\/rckopen.com\/wp-content\/uploads\/2023\/08\/3-FPM.jpg\",\"contentUrl\":\"https:\/\/rckopen.com\/wp-content\/uploads\/2023\/08\/3-FPM.jpg\",\"width\":600,\"height\":600,\"caption\":\"3-FPM Online Kopen\"},{\"@type\":\"BreadcrumbList\",\"@id\":\"https:\/\/rckopen.com\/product\/3-fpm\/#breadcrumb\",\"itemListElement\":[{\"@type\":\"ListItem\",\"position\":1,\"name\":\"Home\",\"item\":\"https:\/\/rckopen.com\/\"},{\"@type\":\"ListItem\",\"position\":2,\"name\":\"Shop\",\"item\":\"https:\/\/rckopen.com\/shop\/\"},{\"@type\":\"ListItem\",\"position\":3,\"name\":\"3-FPM Online Kopen\"}]},{\"@type\":\"WebSite\",\"@id\":\"https:\/\/rckopen.com\/#website\",\"url\":\"https:\/\/rckopen.com\/\",\"name\":\"RC Kopen\",\"description\":\"Research Chemicals\",\"potentialAction\":[{\"@type\":\"SearchAction\",\"target\":{\"@type\":\"EntryPoint\",\"urlTemplate\":\"https:\/\/rckopen.com\/?s={search_term_string}\"},\"query-input\":{\"@type\":\"PropertyValueSpecification\",\"valueRequired\":true,\"valueName\":\"search_term_string\"}}],\"inLanguage\":\"es\"}]}<\/script>\n<!-- \/ Yoast SEO plugin. -->","yoast_head_json":{"title":"3-FPM online kopen - 3-FPM te koop | RC Kopen","description":"Onze RCKopen winkel heeft de topkwaliteit 3-FPM te koop. U kunt nooit om de kwaliteit van onze producten heen. Als u dat nodig heeft, kunt u 3-FPM meteen online kopen. Bestel nu!","robots":{"index":"index","follow":"follow","max-snippet":"max-snippet:-1","max-image-preview":"max-image-preview:large","max-video-preview":"max-video-preview:-1"},"canonical":"https:\/\/rckopen.com\/es\/producto\/3-fpm\/","og_locale":"es_ES","og_type":"article","og_title":"3-FPM online kopen - 3-FPM te koop | RC Kopen","og_description":"Onze RCKopen winkel heeft de topkwaliteit 3-FPM te koop. U kunt nooit om de kwaliteit van onze producten heen. Als u dat nodig heeft, kunt u 3-FPM meteen online kopen. Bestel nu!","og_url":"https:\/\/rckopen.com\/es\/producto\/3-fpm\/","og_site_name":"RC Kopen","article_modified_time":"2025-02-01T07:35:18+00:00","og_image":[{"width":600,"height":600,"url":"https:\/\/rckopen.com\/wp-content\/uploads\/2023\/08\/3-FPM.jpg","type":"image\/jpeg"}],"twitter_card":"summary_large_image","twitter_misc":{"Tiempo de lectura":"2 minutos"},"schema":{"@context":"https:\/\/schema.org","@graph":[{"@type":"WebPage","@id":"https:\/\/rckopen.com\/product\/3-fpm\/","url":"https:\/\/rckopen.com\/product\/3-fpm\/","name":"3-FPM online kopen - 3-FPM te koop | RC Kopen","isPartOf":{"@id":"https:\/\/rckopen.com\/#website"},"primaryImageOfPage":{"@id":"https:\/\/rckopen.com\/product\/3-fpm\/#primaryimage"},"image":{"@id":"https:\/\/rckopen.com\/product\/3-fpm\/#primaryimage"},"thumbnailUrl":"https:\/\/rckopen.com\/wp-content\/uploads\/2023\/08\/3-FPM.jpg","datePublished":"2023-08-17T07:51:48+00:00","dateModified":"2025-02-01T07:35:18+00:00","description":"Onze RCKopen winkel heeft de topkwaliteit 3-FPM te koop. U kunt nooit om de kwaliteit van onze producten heen. Als u dat nodig heeft, kunt u 3-FPM meteen online kopen. Bestel nu!","breadcrumb":{"@id":"https:\/\/rckopen.com\/product\/3-fpm\/#breadcrumb"},"inLanguage":"es","potentialAction":[{"@type":"ReadAction","target":["https:\/\/rckopen.com\/product\/3-fpm\/"]}]},{"@type":"ImageObject","inLanguage":"es","@id":"https:\/\/rckopen.com\/product\/3-fpm\/#primaryimage","url":"https:\/\/rckopen.com\/wp-content\/uploads\/2023\/08\/3-FPM.jpg","contentUrl":"https:\/\/rckopen.com\/wp-content\/uploads\/2023\/08\/3-FPM.jpg","width":600,"height":600,"caption":"3-FPM Online Kopen"},{"@type":"BreadcrumbList","@id":"https:\/\/rckopen.com\/product\/3-fpm\/#breadcrumb","itemListElement":[{"@type":"ListItem","position":1,"name":"Home","item":"https:\/\/rckopen.com\/"},{"@type":"ListItem","position":2,"name":"Shop","item":"https:\/\/rckopen.com\/shop\/"},{"@type":"ListItem","position":3,"name":"3-FPM Online Kopen"}]},{"@type":"WebSite","@id":"https:\/\/rckopen.com\/#website","url":"https:\/\/rckopen.com\/","name":"RC Kopen","description":"Research Chemicals","potentialAction":[{"@type":"SearchAction","target":{"@type":"EntryPoint","urlTemplate":"https:\/\/rckopen.com\/?s={search_term_string}"},"query-input":{"@type":"PropertyValueSpecification","valueRequired":true,"valueName":"search_term_string"}}],"inLanguage":"es"}]}},"_links":{"self":[{"href":"https:\/\/rckopen.com\/es\/wp-json\/wp\/v2\/product\/6662","targetHints":{"allow":["GET"]}}],"collection":[{"href":"https:\/\/rckopen.com\/es\/wp-json\/wp\/v2\/product"}],"about":[{"href":"https:\/\/rckopen.com\/es\/wp-json\/wp\/v2\/types\/product"}],"replies":[{"embeddable":true,"href":"https:\/\/rckopen.com\/es\/wp-json\/wp\/v2\/comments?post=6662"}],"wp:featuredmedia":[{"embeddable":true,"href":"https:\/\/rckopen.com\/es\/wp-json\/wp\/v2\/media\/6687"}],"wp:attachment":[{"href":"https:\/\/rckopen.com\/es\/wp-json\/wp\/v2\/media?parent=6662"}],"wp:term":[{"taxonomy":"product_brand","embeddable":true,"href":"https:\/\/rckopen.com\/es\/wp-json\/wp\/v2\/product_brand?post=6662"},{"taxonomy":"product_cat","embeddable":true,"href":"https:\/\/rckopen.com\/es\/wp-json\/wp\/v2\/product_cat?post=6662"},{"taxonomy":"product_tag","embeddable":true,"href":"https:\/\/rckopen.com\/es\/wp-json\/wp\/v2\/product_tag?post=6662"}],"curies":[{"name":"wp","href":"https:\/\/api.w.org\/{rel}","templated":true}]}}