{"id":6690,"date":"2023-08-18T05:33:37","date_gmt":"2023-08-18T05:33:37","guid":{"rendered":"https:\/\/diligentplug.com\/chems\/?post_type=product&#038;p=6690"},"modified":"2025-02-04T05:37:00","modified_gmt":"2025-02-04T05:37:00","slug":"koop-nb-5-meo-dalt-oxalaat","status":"publish","type":"product","link":"https:\/\/rckopen.com\/es\/producto\/comprar-nb-5-meo-dalt-oxalate\/","title":{"rendered":"Comprar NB-5-MeO-DALT (oxalato) en l\u00ednea"},"content":{"rendered":"<div data-content-type=\"row\" data-appearance=\"contained\" data-element=\"main\">\n<div data-enable-parallax=\"0\" data-parallax-speed=\"0.5\" data-background-images=\"{}\" data-background-type=\"image\" data-video-loop=\"true\" data-video-play-only-visible=\"true\" data-video-lazy-load=\"true\" data-video-fallback-src=\"\" data-element=\"inner\" data-pb-style=\"JQ9K6EH\">\n<div data-content-type=\"text\" data-appearance=\"default\" data-element=\"main\"><\/div>\n<\/div>\n<\/div>\n<div data-content-type=\"row\" data-appearance=\"contained\" data-element=\"main\">\n<div data-enable-parallax=\"0\" data-parallax-speed=\"0.5\" data-background-images=\"{}\" data-background-type=\"image\" data-video-loop=\"true\" data-video-play-only-visible=\"true\" data-video-lazy-load=\"true\" data-video-fallback-src=\"\" data-element=\"inner\" data-pb-style=\"MT5GKQX\">\n<div data-content-type=\"text\" data-appearance=\"default\" data-element=\"main\">\n<h2>D\u00f3nde comprar NB-5-MeO-DALT (oxalato) online con seguridad<\/h2>\n<p>\u00bfDesea comprar NB-5-MeO-DALT (oxalato) en l\u00ednea de forma segura? Ha llegado al lugar adecuado. En RCKopen, proporcionamos una plataforma fiable para comprar NB-5-MeO-DALT (oxalato) del Reino Unido y otros productos qu\u00edmicos de investigaci\u00f3n con facilidad y confianza. Si usted es un investigador, cient\u00edfico o entusiasta, le ofrecemos una experiencia de compra sin problemas, d\u00e1ndole tranquilidad durante todo el proceso.<\/p>\n<h2>\u00bfPor qu\u00e9 elegir RCKopen?<\/h2>\n<p>RCKopen es su fuente de confianza para la venta de NB-5-MeO-DALT (oxalato) y una amplia gama de productos qu\u00edmicos para investigaci\u00f3n. Por eso los clientes nos prefieren:<br \/>\nProductos de primera calidad: Damos prioridad a la calidad y la pureza y ofrecemos s\u00f3lo los mejores NB-5-MeO-DALT (oxalato) a la venta. Cada producto se somete a rigurosas pruebas para cumplir con los m\u00e1s altos est\u00e1ndares de la industria.<\/p>\n<p>Transacciones seguras: Su seguridad es nuestra m\u00e1xima prioridad. Utilizamos tecnolog\u00eda de encriptaci\u00f3n avanzada para proteger sus datos personales y garantizar transacciones seguras cada vez que nos hace un pedido de NB-5-MeO-DALT (oxalato).<\/p>\n<p>Legal y conforme: Todos nuestros productos son de origen legal y conforme. Al comprar NB-5-MeO-DALT (oxalato) en RCKopen, puede estar seguro de que lo recibe a trav\u00e9s de canales leg\u00edtimos.<\/p>\n<p>Embalaje discreto: Somos conscientes de la importancia de la privacidad. Por lo tanto, empaquetamos todos los pedidos discretamente para proteger su confidencialidad. Su NB-5-MeO-DALT (oxalato) llegar\u00e1 sano y salvo sin llamar una atenci\u00f3n no deseada.<\/p>\n<p>Entrega r\u00e1pida: Con nuestros eficaces servicios de env\u00edo, puede estar seguro de que su NB-5-MeO-DALT (oxalato) le llegar\u00e1 a tiempo. Nuestro objetivo es procesar y enviar los pedidos r\u00e1pidamente, para que pueda comenzar su investigaci\u00f3n r\u00e1pidamente.<\/p>\n<h3>Comprar NB-5-MeO-DALT (oxalato) online en Reino Unido<\/h3>\n<p>\u00bfBusca una fuente fiable para comprar NB-5-MeO-DALT (oxalato) en el Reino Unido? No busque m\u00e1s, visite RCKopen. Servimos a clientes de todo el Reino Unido y ofrecemos una entrega r\u00e1pida y sin complicaciones a su puerta. Compra NB-5-MeO-DALT (oxalato) de forma legal y segura desde la comodidad de tu sill\u00f3n con RCKopen.<\/p>\n<h3>Comprar NB-5-MeO-DALT (oxalato) sin receta<\/h3>\n<p>En RCKopen, creemos en la accesibilidad y la comodidad. Por eso ofrecemos NB-5-MeO-DALT (oxalato) a la venta sin necesidad de receta m\u00e9dica. Simplemente navegue por nuestro sitio web, haga su pedido y obtenga f\u00e1cilmente la sustancia de investigaci\u00f3n que desea. Hacemos que comprar NB-5-MeO-DALT (oxalato) en l\u00ednea sea una experiencia sin complicaciones para todos nuestros clientes.<\/p>\n<h3>Descubra nuestra tienda NB-5-MeO-DALT (oxalato)<\/h3>\n<p>\u00bfListo para comprar NB-5-MeO-DALT (oxalato) online? Visite nuestra tienda en rckopen y explore nuestra amplia colecci\u00f3n de productos qu\u00edmicos para investigaci\u00f3n. Con nuestra interfaz f\u00e1cil de usar y opciones de pago seguras, comprar NB-5-MeO-DALT (oxalato) nunca ha sido tan f\u00e1cil.<\/p>\n<h3>Experimente la comodidad de comprar en l\u00ednea en RCKopen hoy mismo.<\/h3>\n<p>Cuando se trata de comprar NB-5-MeO-DALT (oxalato) en l\u00ednea de forma segura, rckopen es su socio de confianza. Con nuestro compromiso con la calidad, la legalidad y la satisfacci\u00f3n del cliente, le garantizamos una experiencia de compra perfecta para todas sus necesidades de investigaci\u00f3n qu\u00edmica. Pida NB-5-MeO-DALT (oxalato) a rckopen hoy mismo y comience su exploraci\u00f3n cient\u00edfica con confianza.<\/p>\n<\/div>\n<\/div>\n<\/div>","protected":false},"excerpt":{"rendered":"<p>Waar kunt u NB-5-MeO-DALT (oxalaat) veilig online kopen Wilt u NB-5-MeO-DALT (oxalaat) veilig online kopen? U bent bij ons aan het juiste adres! Bij RCKopen bieden we een betrouwbaar platform om met gemak en vertrouwen NB-5-MeO-DALT (oxalaat) in Groot-Brittanni\u00eb en andere onderzoekschemicali\u00ebn te kopen. Of u nu een onderzoeker, wetenschapper<\/p>","protected":false},"featured_media":6891,"comment_status":"open","ping_status":"closed","template":"","meta":{"_joinchat":[]},"product_brand":[],"product_cat":[149],"product_tag":[],"class_list":{"0":"post-6690","1":"product","2":"type-product","3":"status-publish","4":"has-post-thumbnail","6":"product_cat-tryptaminen","8":"first","9":"instock","10":"shipping-taxable","11":"purchasable","12":"product-type-variable"},"yoast_head":"<!-- This site is optimized with the Yoast SEO plugin v26.3 - https:\/\/yoast.com\/wordpress\/plugins\/seo\/ -->\n<title>NB 5 Meo Dalt Oxalaat online kopen - NB 5 Meo Dalt for Sale<\/title>\n<meta name=\"description\" content=\"Aan uw vereiste om NB 5 Meo Dalt Oxalaat te kopen, kunt u voldoen in onze online RC Koop-winkel, aangezien we hier NB 5 Meo Dalt te koop hebben. Plaats uw bestelling en ontvang elke dag betaalbare aanbiedingen.\" \/>\n<meta name=\"robots\" content=\"index, follow, max-snippet:-1, max-image-preview:large, max-video-preview:-1\" \/>\n<link rel=\"canonical\" href=\"https:\/\/rckopen.com\/es\/producto\/comprar-nb-5-meo-dalt-oxalate\/\" \/>\n<meta property=\"og:locale\" content=\"es_ES\" \/>\n<meta property=\"og:type\" content=\"article\" \/>\n<meta property=\"og:title\" content=\"NB 5 Meo Dalt Oxalaat online kopen - NB 5 Meo Dalt for Sale\" \/>\n<meta property=\"og:description\" content=\"Aan uw vereiste om NB 5 Meo Dalt Oxalaat te kopen, kunt u voldoen in onze online RC Koop-winkel, aangezien we hier NB 5 Meo Dalt te koop hebben. Plaats uw bestelling en ontvang elke dag betaalbare aanbiedingen.\" \/>\n<meta property=\"og:url\" content=\"https:\/\/rckopen.com\/es\/producto\/comprar-nb-5-meo-dalt-oxalate\/\" \/>\n<meta property=\"og:site_name\" content=\"RC Kopen\" \/>\n<meta property=\"article:modified_time\" content=\"2025-02-04T05:37:00+00:00\" \/>\n<meta property=\"og:image\" content=\"https:\/\/rckopen.com\/wp-content\/uploads\/2023\/08\/NB-5-MeO-DALT-oxalate.jpg\" \/>\n\t<meta property=\"og:image:width\" content=\"600\" \/>\n\t<meta property=\"og:image:height\" content=\"600\" \/>\n\t<meta property=\"og:image:type\" content=\"image\/jpeg\" \/>\n<meta name=\"twitter:card\" content=\"summary_large_image\" \/>\n<meta name=\"twitter:label1\" content=\"Tiempo de lectura\" \/>\n\t<meta name=\"twitter:data1\" content=\"3 minutos\" \/>\n<script type=\"application\/ld+json\" class=\"yoast-schema-graph\">{\"@context\":\"https:\/\/schema.org\",\"@graph\":[{\"@type\":\"WebPage\",\"@id\":\"https:\/\/rckopen.com\/product\/koop-nb-5-meo-dalt-oxalaat\/\",\"url\":\"https:\/\/rckopen.com\/product\/koop-nb-5-meo-dalt-oxalaat\/\",\"name\":\"NB 5 Meo Dalt Oxalaat online kopen - NB 5 Meo Dalt for Sale\",\"isPartOf\":{\"@id\":\"https:\/\/rckopen.com\/#website\"},\"primaryImageOfPage\":{\"@id\":\"https:\/\/rckopen.com\/product\/koop-nb-5-meo-dalt-oxalaat\/#primaryimage\"},\"image\":{\"@id\":\"https:\/\/rckopen.com\/product\/koop-nb-5-meo-dalt-oxalaat\/#primaryimage\"},\"thumbnailUrl\":\"https:\/\/rckopen.com\/wp-content\/uploads\/2023\/08\/NB-5-MeO-DALT-oxalate.jpg\",\"datePublished\":\"2023-08-18T05:33:37+00:00\",\"dateModified\":\"2025-02-04T05:37:00+00:00\",\"description\":\"Aan uw vereiste om NB 5 Meo Dalt Oxalaat te kopen, kunt u voldoen in onze online RC Koop-winkel, aangezien we hier NB 5 Meo Dalt te koop hebben. Plaats uw bestelling en ontvang elke dag betaalbare aanbiedingen.\",\"breadcrumb\":{\"@id\":\"https:\/\/rckopen.com\/product\/koop-nb-5-meo-dalt-oxalaat\/#breadcrumb\"},\"inLanguage\":\"es\",\"potentialAction\":[{\"@type\":\"ReadAction\",\"target\":[\"https:\/\/rckopen.com\/product\/koop-nb-5-meo-dalt-oxalaat\/\"]}]},{\"@type\":\"ImageObject\",\"inLanguage\":\"es\",\"@id\":\"https:\/\/rckopen.com\/product\/koop-nb-5-meo-dalt-oxalaat\/#primaryimage\",\"url\":\"https:\/\/rckopen.com\/wp-content\/uploads\/2023\/08\/NB-5-MeO-DALT-oxalate.jpg\",\"contentUrl\":\"https:\/\/rckopen.com\/wp-content\/uploads\/2023\/08\/NB-5-MeO-DALT-oxalate.jpg\",\"width\":600,\"height\":600,\"caption\":\"NB-5-MeO-DALT-(oxalate) online kopen\"},{\"@type\":\"BreadcrumbList\",\"@id\":\"https:\/\/rckopen.com\/product\/koop-nb-5-meo-dalt-oxalaat\/#breadcrumb\",\"itemListElement\":[{\"@type\":\"ListItem\",\"position\":1,\"name\":\"Home\",\"item\":\"https:\/\/rckopen.com\/\"},{\"@type\":\"ListItem\",\"position\":2,\"name\":\"Shop\",\"item\":\"https:\/\/rckopen.com\/shop\/\"},{\"@type\":\"ListItem\",\"position\":3,\"name\":\"NB-5-MeO-DALT (oxalate) online kopen\"}]},{\"@type\":\"WebSite\",\"@id\":\"https:\/\/rckopen.com\/#website\",\"url\":\"https:\/\/rckopen.com\/\",\"name\":\"RC Kopen\",\"description\":\"Research Chemicals\",\"potentialAction\":[{\"@type\":\"SearchAction\",\"target\":{\"@type\":\"EntryPoint\",\"urlTemplate\":\"https:\/\/rckopen.com\/?s={search_term_string}\"},\"query-input\":{\"@type\":\"PropertyValueSpecification\",\"valueRequired\":true,\"valueName\":\"search_term_string\"}}],\"inLanguage\":\"es\"}]}<\/script>\n<!-- \/ Yoast SEO plugin. -->","yoast_head_json":{"title":"NB 5 Meo Dalt Oxalaat online kopen - NB 5 Meo Dalt for Sale","description":"Aan uw vereiste om NB 5 Meo Dalt Oxalaat te kopen, kunt u voldoen in onze online RC Koop-winkel, aangezien we hier NB 5 Meo Dalt te koop hebben. Plaats uw bestelling en ontvang elke dag betaalbare aanbiedingen.","robots":{"index":"index","follow":"follow","max-snippet":"max-snippet:-1","max-image-preview":"max-image-preview:large","max-video-preview":"max-video-preview:-1"},"canonical":"https:\/\/rckopen.com\/es\/producto\/comprar-nb-5-meo-dalt-oxalate\/","og_locale":"es_ES","og_type":"article","og_title":"NB 5 Meo Dalt Oxalaat online kopen - NB 5 Meo Dalt for Sale","og_description":"Aan uw vereiste om NB 5 Meo Dalt Oxalaat te kopen, kunt u voldoen in onze online RC Koop-winkel, aangezien we hier NB 5 Meo Dalt te koop hebben. Plaats uw bestelling en ontvang elke dag betaalbare aanbiedingen.","og_url":"https:\/\/rckopen.com\/es\/producto\/comprar-nb-5-meo-dalt-oxalate\/","og_site_name":"RC Kopen","article_modified_time":"2025-02-04T05:37:00+00:00","og_image":[{"width":600,"height":600,"url":"https:\/\/rckopen.com\/wp-content\/uploads\/2023\/08\/NB-5-MeO-DALT-oxalate.jpg","type":"image\/jpeg"}],"twitter_card":"summary_large_image","twitter_misc":{"Tiempo de lectura":"3 minutos"},"schema":{"@context":"https:\/\/schema.org","@graph":[{"@type":"WebPage","@id":"https:\/\/rckopen.com\/product\/koop-nb-5-meo-dalt-oxalaat\/","url":"https:\/\/rckopen.com\/product\/koop-nb-5-meo-dalt-oxalaat\/","name":"NB 5 Meo Dalt Oxalaat online kopen - NB 5 Meo Dalt for Sale","isPartOf":{"@id":"https:\/\/rckopen.com\/#website"},"primaryImageOfPage":{"@id":"https:\/\/rckopen.com\/product\/koop-nb-5-meo-dalt-oxalaat\/#primaryimage"},"image":{"@id":"https:\/\/rckopen.com\/product\/koop-nb-5-meo-dalt-oxalaat\/#primaryimage"},"thumbnailUrl":"https:\/\/rckopen.com\/wp-content\/uploads\/2023\/08\/NB-5-MeO-DALT-oxalate.jpg","datePublished":"2023-08-18T05:33:37+00:00","dateModified":"2025-02-04T05:37:00+00:00","description":"Aan uw vereiste om NB 5 Meo Dalt Oxalaat te kopen, kunt u voldoen in onze online RC Koop-winkel, aangezien we hier NB 5 Meo Dalt te koop hebben. Plaats uw bestelling en ontvang elke dag betaalbare aanbiedingen.","breadcrumb":{"@id":"https:\/\/rckopen.com\/product\/koop-nb-5-meo-dalt-oxalaat\/#breadcrumb"},"inLanguage":"es","potentialAction":[{"@type":"ReadAction","target":["https:\/\/rckopen.com\/product\/koop-nb-5-meo-dalt-oxalaat\/"]}]},{"@type":"ImageObject","inLanguage":"es","@id":"https:\/\/rckopen.com\/product\/koop-nb-5-meo-dalt-oxalaat\/#primaryimage","url":"https:\/\/rckopen.com\/wp-content\/uploads\/2023\/08\/NB-5-MeO-DALT-oxalate.jpg","contentUrl":"https:\/\/rckopen.com\/wp-content\/uploads\/2023\/08\/NB-5-MeO-DALT-oxalate.jpg","width":600,"height":600,"caption":"NB-5-MeO-DALT-(oxalate) online kopen"},{"@type":"BreadcrumbList","@id":"https:\/\/rckopen.com\/product\/koop-nb-5-meo-dalt-oxalaat\/#breadcrumb","itemListElement":[{"@type":"ListItem","position":1,"name":"Home","item":"https:\/\/rckopen.com\/"},{"@type":"ListItem","position":2,"name":"Shop","item":"https:\/\/rckopen.com\/shop\/"},{"@type":"ListItem","position":3,"name":"NB-5-MeO-DALT (oxalate) online kopen"}]},{"@type":"WebSite","@id":"https:\/\/rckopen.com\/#website","url":"https:\/\/rckopen.com\/","name":"RC Kopen","description":"Research Chemicals","potentialAction":[{"@type":"SearchAction","target":{"@type":"EntryPoint","urlTemplate":"https:\/\/rckopen.com\/?s={search_term_string}"},"query-input":{"@type":"PropertyValueSpecification","valueRequired":true,"valueName":"search_term_string"}}],"inLanguage":"es"}]}},"_links":{"self":[{"href":"https:\/\/rckopen.com\/es\/wp-json\/wp\/v2\/product\/6690","targetHints":{"allow":["GET"]}}],"collection":[{"href":"https:\/\/rckopen.com\/es\/wp-json\/wp\/v2\/product"}],"about":[{"href":"https:\/\/rckopen.com\/es\/wp-json\/wp\/v2\/types\/product"}],"replies":[{"embeddable":true,"href":"https:\/\/rckopen.com\/es\/wp-json\/wp\/v2\/comments?post=6690"}],"wp:featuredmedia":[{"embeddable":true,"href":"https:\/\/rckopen.com\/es\/wp-json\/wp\/v2\/media\/6891"}],"wp:attachment":[{"href":"https:\/\/rckopen.com\/es\/wp-json\/wp\/v2\/media?parent=6690"}],"wp:term":[{"taxonomy":"product_brand","embeddable":true,"href":"https:\/\/rckopen.com\/es\/wp-json\/wp\/v2\/product_brand?post=6690"},{"taxonomy":"product_cat","embeddable":true,"href":"https:\/\/rckopen.com\/es\/wp-json\/wp\/v2\/product_cat?post=6690"},{"taxonomy":"product_tag","embeddable":true,"href":"https:\/\/rckopen.com\/es\/wp-json\/wp\/v2\/product_tag?post=6690"}],"curies":[{"name":"wp","href":"https:\/\/api.w.org\/{rel}","templated":true}]}}