{"id":6696,"date":"2023-08-17T10:32:21","date_gmt":"2023-08-17T10:32:21","guid":{"rendered":"https:\/\/diligentplug.com\/chems\/?post_type=product&#038;p=6696"},"modified":"2025-02-01T08:33:54","modified_gmt":"2025-02-01T08:33:54","slug":"5-meo-dipt","status":"publish","type":"product","link":"https:\/\/rckopen.com\/es\/producto\/5-meo-dipt\/","title":{"rendered":"Comprar 5-MEO-DIPT en l\u00ednea"},"content":{"rendered":"<h2>Onthulling van de beste deals: waar u online betaalbare 5-MeO-DIPT Online Kopen kunt vinden<\/h2>\n<p>Bienvenido al destino definitivo para conseguir las mejores ofertas para <a href=\"https:\/\/rckopen.com\/es\/producto\/5-meo-dipt\/\">5-MeO-DIPT<\/a> \u2013 su puerta de entrada a productos de alta calidad a precios inmejorables. Abeja <a href=\"https:\/\/rckopen.com\/es\/\">RCKOpen.com<\/a> Nos enorgullecemos de brindar una experiencia de compra perfecta para quienes buscan comprar 5-MeO-DIPT en l\u00ednea. Con un compromiso con la asequibilidad, la legalidad y un servicio al cliente excepcional, somos su fuente confiable para todas sus necesidades de 5-MeO-DIPT.<\/p>\n<h3>Explorando sus opciones: \u00bfD\u00f3nde comprar 5-MeO-DIPT en l\u00ednea?<\/h3>\n<p>Vous vous demandez o\u00f9 vous <a href=\"https:\/\/en.wikipedia.org\/wiki\/5-MeO-DiPT\">5-MeO-DIPT<\/a> \u00bfPuedo comprar en linea? No busques m\u00e1s. RCKopen ofrece una plataforma conveniente para comprar legalmente 5-MeO-DIPT, lo que garantiza una experiencia sin complicaciones de principio a fin. Nuestra interfaz f\u00e1cil de usar y opciones de pago seguras facilitan la realizaci\u00f3n de su pedido y la recepci\u00f3n de los productos que desea r\u00e1pidamente.<\/p>\n<h3>Descubra ofertas inmejorables: 5-MeO-DIPT en venta<\/h3>\n<p>En RCKopen, comprendemos la importancia de la asequibilidad sin comprometer la calidad. Por eso ofrecemos 5-MeO-DIPT en venta a precios competitivos, para que puedas disfrutar de sus beneficios sin gastar mucho dinero. Tanto si eres un entusiasta experimentado como si eres nuevo en el mundo del 5-MeO-DIPT, tenemos algo para todos.<\/p>\n<h3>Pedidos sin esfuerzo: as\u00ed se pide 5-MeO-DIPT<\/h3>\n<p>Nunca ha sido tan f\u00e1cil hacer un pedido en l\u00ednea de 5-MeO-DIPT. Basta con echar un vistazo a nuestra amplia gama, a\u00f1adir los productos deseados a la cesta y pasar por caja: as\u00ed de f\u00e1cil. Con un embalaje discreto y un env\u00edo fiable, puede confiar en que RCKopen le entregar\u00e1 su pedido en casa de forma discreta y eficaz.<\/p>\n<h3>Leg\u00edtimo y seguro: compre 5-MeO-DIPT legalmente en l\u00ednea<\/h3>\n<p>Al comprar 5-MeO-DIPT en RCKopen, puede estar seguro de que est\u00e1 comprando a una fuente legal y de confianza. Cumplimos todas las normativas y directrices necesarias y garantizamos que nuestros productos cumplen los m\u00e1s altos est\u00e1ndares de seguridad y legalidad. Su satisfacci\u00f3n y tranquilidad son nuestras principales prioridades.<\/p>\n<h3>Su tienda de 5-MeO-DIPT de confianza<\/h3>\n<p>RCKopen es m\u00e1s que una tienda: somos su socio de confianza en su exploraci\u00f3n del 5-MeO-DIPT. Con nuestra amplia gama de productos, nuestro personal cualificado y nuestro compromiso con la satisfacci\u00f3n del cliente, nos esforzamos por ofrecerle la mejor experiencia de compra posible. Conf\u00ede en RCKopen como su tienda preferida de 5-MeO-DIPT.<\/p>\n<h3>Env\u00edo conveniente: compre 5-MeO-DIPT en l\u00ednea en el Reino Unido<\/h3>\n<p>Tanto si se encuentra en el Reino Unido como en cualquier otra parte del mundo, RCKopen le ofrece c\u00f3modas opciones de env\u00edo para garantizar que reciba y compre 5-MeO-DIPT sin demora en el Reino Unido. Con servicios de entrega r\u00e1pidos y fiables, podr\u00e1 disfrutar de sus productos con un tiempo de espera m\u00ednimo, est\u00e9 donde est\u00e9.<\/p>\n<h2>Geen recept nodig: 5-MeO-DIPT Online Kopen zonder recept<\/h2>\n<p>Olv\u00eddese de la molestia de obtener una receta - en RCKopen, puede comprar 5-MeO-DIPT sin receta. Creemos en hacer accesible esta potente sustancia a cualquiera que la busque, para que puedas comprarla con facilidad y comodidad, sean cuales sean tus circunstancias.<\/p>\n<h3>Experimente la diferencia: compre hoy en RCK<\/h3>\n<p>\u00bfListo para embarcarse en su viaje con 5-MeO-DIPT? No busque m\u00e1s, RCKopen es lo que necesita. Con ofertas inmejorables, servicio al cliente de primera clase y un compromiso con la excelencia, somos su destino \u00fanico para 5-MeO-DIPT asequible para la venta en l\u00ednea. Compre con nosotros hoy y experimente la diferencia por s\u00ed mismo.<\/p>","protected":false},"excerpt":{"rendered":"<p><strong>Nombre IUPAC: <\/strong>Clorhidrato de 5-metoxi-N,N-diisopropiltriptamina<\/p>\n<p><strong>CAS # <\/strong>4021-34-5<\/p>\n<p><strong>Forma: <\/strong>HCl<\/p>\n<p><strong>An\u00e1lisis por RMN: <\/strong>C17H26N2O<\/p>","protected":false},"featured_media":6874,"comment_status":"open","ping_status":"closed","template":"","meta":{"_joinchat":[]},"product_brand":[],"product_cat":[149],"product_tag":[],"class_list":{"0":"post-6696","1":"product","2":"type-product","3":"status-publish","4":"has-post-thumbnail","6":"product_cat-tryptaminen","8":"first","9":"instock","10":"shipping-taxable","11":"purchasable","12":"product-type-variable"},"yoast_head":"<!-- This site is optimized with the Yoast SEO plugin v26.3 - https:\/\/yoast.com\/wordpress\/plugins\/seo\/ -->\n<title>5 Meo Dipt online kopen - 5 Meo Dipt te koop<\/title>\n<meta name=\"description\" content=\"Haal de beste 5 Meo Dipt. 5 Meo Dipt online kopen in onze online winkel, want we hebben 5 Meo Dipt van hoge kwaliteit te koop. Koop de jouwe nu tegen lage tarieven. Bestel nu!\" \/>\n<meta name=\"robots\" content=\"index, follow, max-snippet:-1, max-image-preview:large, max-video-preview:-1\" \/>\n<link rel=\"canonical\" href=\"https:\/\/rckopen.com\/es\/producto\/5-meo-dipt\/\" \/>\n<meta property=\"og:locale\" content=\"es_ES\" \/>\n<meta property=\"og:type\" content=\"article\" \/>\n<meta property=\"og:title\" content=\"5 Meo Dipt online kopen - 5 Meo Dipt te koop\" \/>\n<meta property=\"og:description\" content=\"Haal de beste 5 Meo Dipt. 5 Meo Dipt online kopen in onze online winkel, want we hebben 5 Meo Dipt van hoge kwaliteit te koop. Koop de jouwe nu tegen lage tarieven. Bestel nu!\" \/>\n<meta property=\"og:url\" content=\"https:\/\/rckopen.com\/es\/producto\/5-meo-dipt\/\" \/>\n<meta property=\"og:site_name\" content=\"RC Kopen\" \/>\n<meta property=\"article:modified_time\" content=\"2025-02-01T08:33:54+00:00\" \/>\n<meta property=\"og:image\" content=\"https:\/\/rckopen.com\/wp-content\/uploads\/2023\/08\/5-MEO-DIPT.jpg\" \/>\n\t<meta property=\"og:image:width\" content=\"600\" \/>\n\t<meta property=\"og:image:height\" content=\"600\" \/>\n\t<meta property=\"og:image:type\" content=\"image\/jpeg\" \/>\n<meta name=\"twitter:card\" content=\"summary_large_image\" \/>\n<meta name=\"twitter:label1\" content=\"Tiempo de lectura\" \/>\n\t<meta name=\"twitter:data1\" content=\"3 minutos\" \/>\n<script type=\"application\/ld+json\" class=\"yoast-schema-graph\">{\"@context\":\"https:\/\/schema.org\",\"@graph\":[{\"@type\":\"WebPage\",\"@id\":\"https:\/\/rckopen.com\/product\/5-meo-dipt\/\",\"url\":\"https:\/\/rckopen.com\/product\/5-meo-dipt\/\",\"name\":\"5 Meo Dipt online kopen - 5 Meo Dipt te koop\",\"isPartOf\":{\"@id\":\"https:\/\/rckopen.com\/#website\"},\"primaryImageOfPage\":{\"@id\":\"https:\/\/rckopen.com\/product\/5-meo-dipt\/#primaryimage\"},\"image\":{\"@id\":\"https:\/\/rckopen.com\/product\/5-meo-dipt\/#primaryimage\"},\"thumbnailUrl\":\"https:\/\/rckopen.com\/wp-content\/uploads\/2023\/08\/5-MEO-DIPT.jpg\",\"datePublished\":\"2023-08-17T10:32:21+00:00\",\"dateModified\":\"2025-02-01T08:33:54+00:00\",\"description\":\"Haal de beste 5 Meo Dipt. 5 Meo Dipt online kopen in onze online winkel, want we hebben 5 Meo Dipt van hoge kwaliteit te koop. Koop de jouwe nu tegen lage tarieven. Bestel nu!\",\"breadcrumb\":{\"@id\":\"https:\/\/rckopen.com\/product\/5-meo-dipt\/#breadcrumb\"},\"inLanguage\":\"es\",\"potentialAction\":[{\"@type\":\"ReadAction\",\"target\":[\"https:\/\/rckopen.com\/product\/5-meo-dipt\/\"]}]},{\"@type\":\"ImageObject\",\"inLanguage\":\"es\",\"@id\":\"https:\/\/rckopen.com\/product\/5-meo-dipt\/#primaryimage\",\"url\":\"https:\/\/rckopen.com\/wp-content\/uploads\/2023\/08\/5-MEO-DIPT.jpg\",\"contentUrl\":\"https:\/\/rckopen.com\/wp-content\/uploads\/2023\/08\/5-MEO-DIPT.jpg\",\"width\":600,\"height\":600,\"caption\":\"5-MEO-DIPT Online Kopen\"},{\"@type\":\"BreadcrumbList\",\"@id\":\"https:\/\/rckopen.com\/product\/5-meo-dipt\/#breadcrumb\",\"itemListElement\":[{\"@type\":\"ListItem\",\"position\":1,\"name\":\"Home\",\"item\":\"https:\/\/rckopen.com\/\"},{\"@type\":\"ListItem\",\"position\":2,\"name\":\"Shop\",\"item\":\"https:\/\/rckopen.com\/shop\/\"},{\"@type\":\"ListItem\",\"position\":3,\"name\":\"5-MEO-DIPT Online Kopen\"}]},{\"@type\":\"WebSite\",\"@id\":\"https:\/\/rckopen.com\/#website\",\"url\":\"https:\/\/rckopen.com\/\",\"name\":\"RC Kopen\",\"description\":\"Research Chemicals\",\"potentialAction\":[{\"@type\":\"SearchAction\",\"target\":{\"@type\":\"EntryPoint\",\"urlTemplate\":\"https:\/\/rckopen.com\/?s={search_term_string}\"},\"query-input\":{\"@type\":\"PropertyValueSpecification\",\"valueRequired\":true,\"valueName\":\"search_term_string\"}}],\"inLanguage\":\"es\"}]}<\/script>\n<!-- \/ Yoast SEO plugin. -->","yoast_head_json":{"title":"5 Meo Dipt online kopen - 5 Meo Dipt te koop","description":"Haal de beste 5 Meo Dipt. 5 Meo Dipt online kopen in onze online winkel, want we hebben 5 Meo Dipt van hoge kwaliteit te koop. Koop de jouwe nu tegen lage tarieven. Bestel nu!","robots":{"index":"index","follow":"follow","max-snippet":"max-snippet:-1","max-image-preview":"max-image-preview:large","max-video-preview":"max-video-preview:-1"},"canonical":"https:\/\/rckopen.com\/es\/producto\/5-meo-dipt\/","og_locale":"es_ES","og_type":"article","og_title":"5 Meo Dipt online kopen - 5 Meo Dipt te koop","og_description":"Haal de beste 5 Meo Dipt. 5 Meo Dipt online kopen in onze online winkel, want we hebben 5 Meo Dipt van hoge kwaliteit te koop. Koop de jouwe nu tegen lage tarieven. Bestel nu!","og_url":"https:\/\/rckopen.com\/es\/producto\/5-meo-dipt\/","og_site_name":"RC Kopen","article_modified_time":"2025-02-01T08:33:54+00:00","og_image":[{"width":600,"height":600,"url":"https:\/\/rckopen.com\/wp-content\/uploads\/2023\/08\/5-MEO-DIPT.jpg","type":"image\/jpeg"}],"twitter_card":"summary_large_image","twitter_misc":{"Tiempo de lectura":"3 minutos"},"schema":{"@context":"https:\/\/schema.org","@graph":[{"@type":"WebPage","@id":"https:\/\/rckopen.com\/product\/5-meo-dipt\/","url":"https:\/\/rckopen.com\/product\/5-meo-dipt\/","name":"5 Meo Dipt online kopen - 5 Meo Dipt te koop","isPartOf":{"@id":"https:\/\/rckopen.com\/#website"},"primaryImageOfPage":{"@id":"https:\/\/rckopen.com\/product\/5-meo-dipt\/#primaryimage"},"image":{"@id":"https:\/\/rckopen.com\/product\/5-meo-dipt\/#primaryimage"},"thumbnailUrl":"https:\/\/rckopen.com\/wp-content\/uploads\/2023\/08\/5-MEO-DIPT.jpg","datePublished":"2023-08-17T10:32:21+00:00","dateModified":"2025-02-01T08:33:54+00:00","description":"Haal de beste 5 Meo Dipt. 5 Meo Dipt online kopen in onze online winkel, want we hebben 5 Meo Dipt van hoge kwaliteit te koop. Koop de jouwe nu tegen lage tarieven. Bestel nu!","breadcrumb":{"@id":"https:\/\/rckopen.com\/product\/5-meo-dipt\/#breadcrumb"},"inLanguage":"es","potentialAction":[{"@type":"ReadAction","target":["https:\/\/rckopen.com\/product\/5-meo-dipt\/"]}]},{"@type":"ImageObject","inLanguage":"es","@id":"https:\/\/rckopen.com\/product\/5-meo-dipt\/#primaryimage","url":"https:\/\/rckopen.com\/wp-content\/uploads\/2023\/08\/5-MEO-DIPT.jpg","contentUrl":"https:\/\/rckopen.com\/wp-content\/uploads\/2023\/08\/5-MEO-DIPT.jpg","width":600,"height":600,"caption":"5-MEO-DIPT Online Kopen"},{"@type":"BreadcrumbList","@id":"https:\/\/rckopen.com\/product\/5-meo-dipt\/#breadcrumb","itemListElement":[{"@type":"ListItem","position":1,"name":"Home","item":"https:\/\/rckopen.com\/"},{"@type":"ListItem","position":2,"name":"Shop","item":"https:\/\/rckopen.com\/shop\/"},{"@type":"ListItem","position":3,"name":"5-MEO-DIPT Online Kopen"}]},{"@type":"WebSite","@id":"https:\/\/rckopen.com\/#website","url":"https:\/\/rckopen.com\/","name":"RC Kopen","description":"Research Chemicals","potentialAction":[{"@type":"SearchAction","target":{"@type":"EntryPoint","urlTemplate":"https:\/\/rckopen.com\/?s={search_term_string}"},"query-input":{"@type":"PropertyValueSpecification","valueRequired":true,"valueName":"search_term_string"}}],"inLanguage":"es"}]}},"_links":{"self":[{"href":"https:\/\/rckopen.com\/es\/wp-json\/wp\/v2\/product\/6696","targetHints":{"allow":["GET"]}}],"collection":[{"href":"https:\/\/rckopen.com\/es\/wp-json\/wp\/v2\/product"}],"about":[{"href":"https:\/\/rckopen.com\/es\/wp-json\/wp\/v2\/types\/product"}],"replies":[{"embeddable":true,"href":"https:\/\/rckopen.com\/es\/wp-json\/wp\/v2\/comments?post=6696"}],"wp:featuredmedia":[{"embeddable":true,"href":"https:\/\/rckopen.com\/es\/wp-json\/wp\/v2\/media\/6874"}],"wp:attachment":[{"href":"https:\/\/rckopen.com\/es\/wp-json\/wp\/v2\/media?parent=6696"}],"wp:term":[{"taxonomy":"product_brand","embeddable":true,"href":"https:\/\/rckopen.com\/es\/wp-json\/wp\/v2\/product_brand?post=6696"},{"taxonomy":"product_cat","embeddable":true,"href":"https:\/\/rckopen.com\/es\/wp-json\/wp\/v2\/product_cat?post=6696"},{"taxonomy":"product_tag","embeddable":true,"href":"https:\/\/rckopen.com\/es\/wp-json\/wp\/v2\/product_tag?post=6696"}],"curies":[{"name":"wp","href":"https:\/\/api.w.org\/{rel}","templated":true}]}}