{"id":6698,"date":"2023-08-17T10:38:30","date_gmt":"2023-08-17T10:38:30","guid":{"rendered":"https:\/\/diligentplug.com\/chems\/?post_type=product&#038;p=6698"},"modified":"2025-02-01T08:35:55","modified_gmt":"2025-02-01T08:35:55","slug":"5-meo-dmt-freebase","status":"publish","type":"product","link":"https:\/\/rckopen.com\/es\/producto\/5-meo-dmt-freebase\/","title":{"rendered":"Comprar 5-MeO-DMT base libre en l\u00ednea"},"content":{"rendered":"<h2>rckopen.com ofrece productos que no est\u00e1n destinados al consumo humano.<br \/>\n<strong>General information on 5-MeO-DMT freebase Online Kopen<\/strong><\/h2>\n<p><a href=\"https:\/\/rckopen.com\/es\/producto\/5-meo-dmt-freebase\/\">5-Meo-DMT<\/a> La base libre es un psicod\u00e9lico qu\u00edmico de investigaci\u00f3n de la clase de las triptaminas, cuatro o varias veces m\u00e1s impresionante que su primo m\u00e1s conocido, la DMT (N, N-dimetiltriptamina).<\/p>\n<p>Parece rastrearse en una gran variedad de \u00e1rboles y arbustos, frecuentemente cerca de DMT y bufotenina (5-HO-DMT), as\u00ed como en un tipo de rana. La base libre de 5-Meo-DMT tambi\u00e9n puede producirse sint\u00e9ticamente.<\/p>\n<p>En Am\u00e9rica Central y del Sur, <a href=\"https:\/\/en.wikipedia.org\/wiki\/5-MeO-DMT\">5-MeO-DMT<\/a> La base libre se obtiene con mayor frecuencia de Anadenanthera peregrine y Virola theiodora, las dos generalmente se recolectan para hacer rap\u00e9 psicoactivo.<\/p>\n<p>Tambi\u00e9n se encuentra en la toxina blanca y suave de la rana del desierto de Sonora, localizada en el suroeste de EE.UU. y el noroeste de M\u00e9xico. La recolecci\u00f3n de veneno ha ejercido presi\u00f3n sobre la poblaci\u00f3n de habitantes de esta especie naturalmente delicada. Ahora est\u00e1 registrada como amenazada o localmente detectada en unos cuantos estados de EE UU. Se sugiere buscar opciones de fuentes de 5-MeO DMT, por ejemplo, versiones sint\u00e9ticas o derivadas de plantas.<\/p>\n<h3><strong>Composici\u00f3n qu\u00edmica de la base libre de 5-MeO-DMT<\/strong><\/h3>\n<p>2-(5-metoxi-1H-indol-3-il)- N,N-dimetiletanamina (5-metoxi-N,N-dimetiltriptamina, abreviado 5-MeO-DMT) es un alcaloide triptamina, un \u00e9ter de olor dulce y una amina terciaria con una carga subat\u00f3mica de 218,298 g\/mol y la f\u00f3rmula qu\u00edmica C<sub>13<\/sub>H<sub>18<\/sub>N<sub>2<\/sub>O. Como base libre, la 5-MeO-DMT es un blanco fuerte con un punto de licuefacci\u00f3n de 69,5\u00b0C. Su disolubilidad en agua es &gt;32,7 \u03bcg\/mL.<\/p>\n<h3><strong>Farmacolog\u00eda 5-MeO-DMT investigaci\u00f3n qu\u00edmica<\/strong><\/h3>\n<p>Al igual que las otras triptaminas, 5-MeO-DMT freebase comprar tiene una estructura b\u00e1sica similar a la DMT, pero tiene un grupo metoxi en la posici\u00f3n R5. B\u00e1sicamente funciona como un agonista del receptor de serotonina (5-HT), con una afici\u00f3n restrictiva espec\u00edfica al subtipo de receptor 5-HT1A. Se une a los receptores 5-HT2A y sigue a los receptores de aminas, posiblemente mediando impactos alucin\u00f3genos utilizando estos \u00faltimos. La inhibici\u00f3n de la recaptaci\u00f3n de neurotransmisores, como la noradrenalina y la dopamina, tambi\u00e9n se considera relacionada con la capacidad de la 5-MeO-DMT.<\/p>\n<h3><strong>Comprar 5-MeO-DMT de alta calidad en l\u00ednea<\/strong><\/h3>\n<p>Rc Kopen tiene muchos a\u00f1os de experiencia en la industria del dise\u00f1o de productos qu\u00edmicos de investigaci\u00f3n, lo que nos permite garantizar la m\u00e1s alta calidad de estos productos qu\u00edmicos de investigaci\u00f3n. El equipo de productos qu\u00edmicos de investigaci\u00f3n vende 5-MeO-DMT freebase kopen. Los productos qu\u00edmicos de investigaci\u00f3n, incluidas las bases libres de 5-MeO-DMT, cumplen con todos los requisitos de seguridad. Los productos qu\u00edmicos de investigaci\u00f3n se distribuyen y almacenan con cuidado en un lugar fresco y seco.<\/p>\n<p>Todos los productos son inspeccionados regularmente para comprobar su calidad, pureza y seguridad. Mantenga siempre 5-MeO-DMT freebase a temperatura ambiente y fuera del alcance de los ni\u00f1os y animales dom\u00e9sticos. Nuestra base libre de 5-MeO-DMT no est\u00e1 destinada al uso personal. Es s\u00f3lo para fines de investigaci\u00f3n.<\/p>\n<p>No debe mezclarse con alcohol ni con productos qu\u00edmicos de investigaci\u00f3n.<\/p>\n<p>Todos nuestros productos tienen un precio justo<\/p>\n<h3><strong>Base libre de 5-MeO-DMT probada en laboratorio con resultados.<\/strong><\/h3>\n<p>Remakes avanza hacia la satisfacci\u00f3n general de sus clientes. Diferentes ex\u00e1menes han demostrado que los clientes solicitan tantos datos como se espera antes de comprar productos qu\u00edmicos sint\u00e9ticos de investigaci\u00f3n. Adem\u00e1s, publicamos todas las consecuencias de laboratorio de cada compuesto de examen en un registro PDF.<\/p>\n<p>Nuestra base libre de 5-MeO-DMT cumple sistem\u00e1ticamente con los principios activos y puede ser vista sin problemas por todo el mundo.<\/p>\n<p>Distribuimos todas las consecuencias de laboratorio de cada producto qu\u00edmico de investigaci\u00f3n en un documento PDF.<\/p>\n<h3><strong>Ordenar con seguridad de 5-MeO-DMT base libre.<\/strong><\/h3>\n<p>Los productos qu\u00edmicos de investigaci\u00f3n de dise\u00f1o de Rc Kopen son de excelente calidad y tienen un costo justo. Por lo tanto, cuando solicite su <strong>5-MeO-DMT base libre\u00a0<\/strong>En Rc Kopen garantizamos que transportaremos su solicitud a su domicilio de forma r\u00e1pida y segura.<\/p>\n<p>Solicitar compuestos de investigaci\u00f3n sint\u00e9ticos con Bitcoin o transferencia bancaria es sencillo en Rc Kopen.<\/p>\n<p>Enviamos 5-MeO-DMT freebase el mismo d\u00eda laborable si el pago se recibe antes de las 2:00 PM CEST. Normalmente no realizamos env\u00edos los s\u00e1bados, domingos o festivos nacionales\/internacionales.<strong>. <a href=\"https:\/\/rckopen.com\/es\/\">RCKOpen.com<\/a><\/strong><\/p>\n<h3><strong>Env\u00edo discreto de productos qu\u00edmicos de investigaci\u00f3n.<\/strong><\/h3>\n<p>Aunque los productos qu\u00edmicos de investigaci\u00f3n de dise\u00f1o se pueden conseguir legalmente en l\u00ednea, en Rc Kopen los entregamos de forma segura y razonable. Adem\u00e1s, los empaquetamos con total discreci\u00f3n y no se ver\u00e1 en el exterior ninguna se\u00f1al de lo que pueda haber dentro.<\/p>\n<p>Enviamos los pedidos superiores a 500 euros con track and follow para que pueda seguir su paquete progresivamente. Enviamos pedidos superiores a 500 euros con la ruta accesible.<\/p>\n<p>No suministramos art\u00edculos a menores de 18 a\u00f1os.<\/p>\n<h3><strong>Precauciones<\/strong><\/h3>\n<ul>\n<li>Compre 5-MeO-DMT research chemical el equipo de protecci\u00f3n individual adecuado, como gafas y guantes. L\u00edmpielos y cu\u00eddelos adecuadamente. Siga sistemas seguros cuando manipule productos qu\u00edmicos de investigaci\u00f3n y no tome atajos.<\/li>\n<li>Si el producto qu\u00edmico de investigaci\u00f3n entra en contacto con los ojos, enju\u00e1guelos bien y elimine las lentes de contacto si es fundamental.<\/li>\n<li>Intente utilizar una mascarilla mientras utiliza estos productos qu\u00edmicos para que no penetren en su interior al respirar.<\/li>\n<li>Como indican los m\u00e9todos admitidos, manipule, almacene y elimine los materiales peligrosos de forma segura. Nunca los vierta por alcantarillas o canales.<\/li>\n<li>Almacene los productos qu\u00edmicos de investigaci\u00f3n adecuadamente, tal y como se indica en sus nombres. Los productos qu\u00edmicos inflamables deben guardarse en un lugar seco y seco, alejado de la intensidad y la luz del d\u00eda. Algunos productos sint\u00e9ticos, como los \u00e1cidos, deben guardarse independientemente unos de otros.<\/li>\n<li>Rc Kopen se ofrece para fines de investigaci\u00f3n; el consumo humano est\u00e1 estrictamente prohibido.<\/li>\n<\/ul>","protected":false},"excerpt":{"rendered":"<p><strong>Nombre IUPAC: <\/strong>2-(5-metoxi-1H-indol-3-il)-N,N-dimetiletanamina<\/p>\n<p><strong>CAS # <\/strong>1019-45-0<\/p>\n<p><strong>Otro nombre: <\/strong>5-metoxi-N,N-dimetiltriptamina<\/p>\n<p><strong>Apariencia: <\/strong>polvo<\/p>\n<p><strong>Forma: <\/strong>base libre<\/p>\n<p><strong>An\u00e1lisis por RMN: <\/strong>C13H18N2O<\/p>","protected":false},"featured_media":6880,"comment_status":"open","ping_status":"closed","template":"","meta":{"_joinchat":[]},"product_brand":[],"product_cat":[149],"product_tag":[],"class_list":{"0":"post-6698","1":"product","2":"type-product","3":"status-publish","4":"has-post-thumbnail","6":"product_cat-tryptaminen","8":"first","9":"instock","10":"shipping-taxable","11":"purchasable","12":"product-type-variable"},"yoast_head":"<!-- This site is optimized with the Yoast SEO plugin v26.3 - https:\/\/yoast.com\/wordpress\/plugins\/seo\/ -->\n<title>5 Meo Dmt FreeBase online kopen - 5 Meo Dmt FreeBase te koop<\/title>\n<meta name=\"description\" content=\"Als u 5 Meo Dmt FreeBase online kopen, heeft RCkopen een hoogwaardige 5 Meo Dmt FreeBase te koop. Wij helpen u 5 Meo Dmt FreeBase online te kopen tegen goedkope tarieven. Plaats vandaag nog een bestelling!\" \/>\n<meta name=\"robots\" content=\"index, follow, max-snippet:-1, max-image-preview:large, max-video-preview:-1\" \/>\n<link rel=\"canonical\" href=\"https:\/\/rckopen.com\/es\/producto\/5-meo-dmt-freebase\/\" \/>\n<meta property=\"og:locale\" content=\"es_ES\" \/>\n<meta property=\"og:type\" content=\"article\" \/>\n<meta property=\"og:title\" content=\"5 Meo Dmt FreeBase online kopen - 5 Meo Dmt FreeBase te koop\" \/>\n<meta property=\"og:description\" content=\"Als u 5 Meo Dmt FreeBase online kopen, heeft RCkopen een hoogwaardige 5 Meo Dmt FreeBase te koop. Wij helpen u 5 Meo Dmt FreeBase online te kopen tegen goedkope tarieven. Plaats vandaag nog een bestelling!\" \/>\n<meta property=\"og:url\" content=\"https:\/\/rckopen.com\/es\/producto\/5-meo-dmt-freebase\/\" \/>\n<meta property=\"og:site_name\" content=\"RC Kopen\" \/>\n<meta property=\"article:modified_time\" content=\"2025-02-01T08:35:55+00:00\" \/>\n<meta property=\"og:image\" content=\"https:\/\/rckopen.com\/wp-content\/uploads\/2023\/08\/5-MeO-DMT-freebase.jpg\" \/>\n\t<meta property=\"og:image:width\" content=\"600\" \/>\n\t<meta property=\"og:image:height\" content=\"600\" \/>\n\t<meta property=\"og:image:type\" content=\"image\/jpeg\" \/>\n<meta name=\"twitter:card\" content=\"summary_large_image\" \/>\n<meta name=\"twitter:label1\" content=\"Tiempo de lectura\" \/>\n\t<meta name=\"twitter:data1\" content=\"4 minutos\" \/>\n<script type=\"application\/ld+json\" class=\"yoast-schema-graph\">{\"@context\":\"https:\/\/schema.org\",\"@graph\":[{\"@type\":\"WebPage\",\"@id\":\"https:\/\/rckopen.com\/product\/5-meo-dmt-freebase\/\",\"url\":\"https:\/\/rckopen.com\/product\/5-meo-dmt-freebase\/\",\"name\":\"5 Meo Dmt FreeBase online kopen - 5 Meo Dmt FreeBase te koop\",\"isPartOf\":{\"@id\":\"https:\/\/rckopen.com\/#website\"},\"primaryImageOfPage\":{\"@id\":\"https:\/\/rckopen.com\/product\/5-meo-dmt-freebase\/#primaryimage\"},\"image\":{\"@id\":\"https:\/\/rckopen.com\/product\/5-meo-dmt-freebase\/#primaryimage\"},\"thumbnailUrl\":\"https:\/\/rckopen.com\/wp-content\/uploads\/2023\/08\/5-MeO-DMT-freebase.jpg\",\"datePublished\":\"2023-08-17T10:38:30+00:00\",\"dateModified\":\"2025-02-01T08:35:55+00:00\",\"description\":\"Als u 5 Meo Dmt FreeBase online kopen, heeft RCkopen een hoogwaardige 5 Meo Dmt FreeBase te koop. Wij helpen u 5 Meo Dmt FreeBase online te kopen tegen goedkope tarieven. Plaats vandaag nog een bestelling!\",\"breadcrumb\":{\"@id\":\"https:\/\/rckopen.com\/product\/5-meo-dmt-freebase\/#breadcrumb\"},\"inLanguage\":\"es\",\"potentialAction\":[{\"@type\":\"ReadAction\",\"target\":[\"https:\/\/rckopen.com\/product\/5-meo-dmt-freebase\/\"]}]},{\"@type\":\"ImageObject\",\"inLanguage\":\"es\",\"@id\":\"https:\/\/rckopen.com\/product\/5-meo-dmt-freebase\/#primaryimage\",\"url\":\"https:\/\/rckopen.com\/wp-content\/uploads\/2023\/08\/5-MeO-DMT-freebase.jpg\",\"contentUrl\":\"https:\/\/rckopen.com\/wp-content\/uploads\/2023\/08\/5-MeO-DMT-freebase.jpg\",\"width\":600,\"height\":600,\"caption\":\"5-MeO-DMT-freebase online kopen\"},{\"@type\":\"BreadcrumbList\",\"@id\":\"https:\/\/rckopen.com\/product\/5-meo-dmt-freebase\/#breadcrumb\",\"itemListElement\":[{\"@type\":\"ListItem\",\"position\":1,\"name\":\"Home\",\"item\":\"https:\/\/rckopen.com\/\"},{\"@type\":\"ListItem\",\"position\":2,\"name\":\"Shop\",\"item\":\"https:\/\/rckopen.com\/shop\/\"},{\"@type\":\"ListItem\",\"position\":3,\"name\":\"5-MeO-DMT freebase Online Kopen\"}]},{\"@type\":\"WebSite\",\"@id\":\"https:\/\/rckopen.com\/#website\",\"url\":\"https:\/\/rckopen.com\/\",\"name\":\"RC Kopen\",\"description\":\"Research Chemicals\",\"potentialAction\":[{\"@type\":\"SearchAction\",\"target\":{\"@type\":\"EntryPoint\",\"urlTemplate\":\"https:\/\/rckopen.com\/?s={search_term_string}\"},\"query-input\":{\"@type\":\"PropertyValueSpecification\",\"valueRequired\":true,\"valueName\":\"search_term_string\"}}],\"inLanguage\":\"es\"}]}<\/script>\n<!-- \/ Yoast SEO plugin. -->","yoast_head_json":{"title":"5 Meo Dmt FreeBase online kopen - 5 Meo Dmt FreeBase te koop","description":"Als u 5 Meo Dmt FreeBase online kopen, heeft RCkopen een hoogwaardige 5 Meo Dmt FreeBase te koop. Wij helpen u 5 Meo Dmt FreeBase online te kopen tegen goedkope tarieven. Plaats vandaag nog een bestelling!","robots":{"index":"index","follow":"follow","max-snippet":"max-snippet:-1","max-image-preview":"max-image-preview:large","max-video-preview":"max-video-preview:-1"},"canonical":"https:\/\/rckopen.com\/es\/producto\/5-meo-dmt-freebase\/","og_locale":"es_ES","og_type":"article","og_title":"5 Meo Dmt FreeBase online kopen - 5 Meo Dmt FreeBase te koop","og_description":"Als u 5 Meo Dmt FreeBase online kopen, heeft RCkopen een hoogwaardige 5 Meo Dmt FreeBase te koop. Wij helpen u 5 Meo Dmt FreeBase online te kopen tegen goedkope tarieven. Plaats vandaag nog een bestelling!","og_url":"https:\/\/rckopen.com\/es\/producto\/5-meo-dmt-freebase\/","og_site_name":"RC Kopen","article_modified_time":"2025-02-01T08:35:55+00:00","og_image":[{"width":600,"height":600,"url":"https:\/\/rckopen.com\/wp-content\/uploads\/2023\/08\/5-MeO-DMT-freebase.jpg","type":"image\/jpeg"}],"twitter_card":"summary_large_image","twitter_misc":{"Tiempo de lectura":"4 minutos"},"schema":{"@context":"https:\/\/schema.org","@graph":[{"@type":"WebPage","@id":"https:\/\/rckopen.com\/product\/5-meo-dmt-freebase\/","url":"https:\/\/rckopen.com\/product\/5-meo-dmt-freebase\/","name":"5 Meo Dmt FreeBase online kopen - 5 Meo Dmt FreeBase te koop","isPartOf":{"@id":"https:\/\/rckopen.com\/#website"},"primaryImageOfPage":{"@id":"https:\/\/rckopen.com\/product\/5-meo-dmt-freebase\/#primaryimage"},"image":{"@id":"https:\/\/rckopen.com\/product\/5-meo-dmt-freebase\/#primaryimage"},"thumbnailUrl":"https:\/\/rckopen.com\/wp-content\/uploads\/2023\/08\/5-MeO-DMT-freebase.jpg","datePublished":"2023-08-17T10:38:30+00:00","dateModified":"2025-02-01T08:35:55+00:00","description":"Als u 5 Meo Dmt FreeBase online kopen, heeft RCkopen een hoogwaardige 5 Meo Dmt FreeBase te koop. Wij helpen u 5 Meo Dmt FreeBase online te kopen tegen goedkope tarieven. Plaats vandaag nog een bestelling!","breadcrumb":{"@id":"https:\/\/rckopen.com\/product\/5-meo-dmt-freebase\/#breadcrumb"},"inLanguage":"es","potentialAction":[{"@type":"ReadAction","target":["https:\/\/rckopen.com\/product\/5-meo-dmt-freebase\/"]}]},{"@type":"ImageObject","inLanguage":"es","@id":"https:\/\/rckopen.com\/product\/5-meo-dmt-freebase\/#primaryimage","url":"https:\/\/rckopen.com\/wp-content\/uploads\/2023\/08\/5-MeO-DMT-freebase.jpg","contentUrl":"https:\/\/rckopen.com\/wp-content\/uploads\/2023\/08\/5-MeO-DMT-freebase.jpg","width":600,"height":600,"caption":"5-MeO-DMT-freebase online kopen"},{"@type":"BreadcrumbList","@id":"https:\/\/rckopen.com\/product\/5-meo-dmt-freebase\/#breadcrumb","itemListElement":[{"@type":"ListItem","position":1,"name":"Home","item":"https:\/\/rckopen.com\/"},{"@type":"ListItem","position":2,"name":"Shop","item":"https:\/\/rckopen.com\/shop\/"},{"@type":"ListItem","position":3,"name":"5-MeO-DMT freebase Online Kopen"}]},{"@type":"WebSite","@id":"https:\/\/rckopen.com\/#website","url":"https:\/\/rckopen.com\/","name":"RC Kopen","description":"Research Chemicals","potentialAction":[{"@type":"SearchAction","target":{"@type":"EntryPoint","urlTemplate":"https:\/\/rckopen.com\/?s={search_term_string}"},"query-input":{"@type":"PropertyValueSpecification","valueRequired":true,"valueName":"search_term_string"}}],"inLanguage":"es"}]}},"_links":{"self":[{"href":"https:\/\/rckopen.com\/es\/wp-json\/wp\/v2\/product\/6698","targetHints":{"allow":["GET"]}}],"collection":[{"href":"https:\/\/rckopen.com\/es\/wp-json\/wp\/v2\/product"}],"about":[{"href":"https:\/\/rckopen.com\/es\/wp-json\/wp\/v2\/types\/product"}],"replies":[{"embeddable":true,"href":"https:\/\/rckopen.com\/es\/wp-json\/wp\/v2\/comments?post=6698"}],"wp:featuredmedia":[{"embeddable":true,"href":"https:\/\/rckopen.com\/es\/wp-json\/wp\/v2\/media\/6880"}],"wp:attachment":[{"href":"https:\/\/rckopen.com\/es\/wp-json\/wp\/v2\/media?parent=6698"}],"wp:term":[{"taxonomy":"product_brand","embeddable":true,"href":"https:\/\/rckopen.com\/es\/wp-json\/wp\/v2\/product_brand?post=6698"},{"taxonomy":"product_cat","embeddable":true,"href":"https:\/\/rckopen.com\/es\/wp-json\/wp\/v2\/product_cat?post=6698"},{"taxonomy":"product_tag","embeddable":true,"href":"https:\/\/rckopen.com\/es\/wp-json\/wp\/v2\/product_tag?post=6698"}],"curies":[{"name":"wp","href":"https:\/\/api.w.org\/{rel}","templated":true}]}}