{"id":6699,"date":"2023-08-17T10:40:02","date_gmt":"2023-08-17T10:40:02","guid":{"rendered":"https:\/\/diligentplug.com\/chems\/?post_type=product&#038;p=6699"},"modified":"2025-02-03T07:08:42","modified_gmt":"2025-02-03T07:08:42","slug":"ept","status":"publish","type":"product","link":"https:\/\/rckopen.com\/es\/producto\/ept\/","title":{"rendered":"Comprar EPT en l\u00ednea"},"content":{"rendered":"<h2>De opties verkennen: waar u EPT online kopen kunt vinden<\/h2>\n<p>\u00bfEstas buscando? <a href=\"https:\/\/rckopen.com\/es\/producto\/ept\/\">EPT<\/a> \u00bfY quieres explorar fuentes confiables y comprar este producto esencial sin problemas? \u00a1No busques m\u00e1s! Si desea comprar EPT, se pregunta d\u00f3nde encontrarlo o desea solicitar EPT legalmente, tenemos la soluci\u00f3n para usted. En Rckopen.com nos enorgullecemos de ser su destino ideal para todo lo relacionado con el EPT. Con nuestra plataforma f\u00e1cil de usar y nuestro compromiso con la calidad, hacemos que comprar EPT en l\u00ednea sea una experiencia perfecta.<\/p>\n<h3>D\u00f3nde encontrar EPT en venta<\/h3>\n<p>Hallazgo de <a href=\"https:\/\/en.wikipedia.org\/wiki\/EPT\">EPT<\/a> La venta no deber\u00eda ser un desaf\u00edo. Es por eso que nuestra misi\u00f3n es ofrecer una soluci\u00f3n conveniente. En Rckopen.com ofrecemos una amplia gama de productos EPT para satisfacer sus necesidades. Ya sea que necesite una formulaci\u00f3n o dosis espec\u00edfica, nuestra amplia selecci\u00f3n garantiza que encontrar\u00e1 exactamente lo que est\u00e1 buscando.<\/p>\n<h3>Pida EPT de forma f\u00e1cil y legal<\/h3>\n<p>Cuando se trata de comprar EPT, la legalidad y la comodidad son primordiales. En Rckopen.com, damos prioridad a ambas. Gracias a nuestro sencillo proceso de pedido, puede comprar EPT f\u00e1cilmente y sin receta. Adem\u00e1s, gracias a nuestro compromiso de cumplimiento, puede estar seguro de que cada compra es legal y justa.<\/p>\n<h3>Descubra nuestra tienda EPT<\/h3>\n<p>Bienvenido a nuestra tienda EPT, su ventanilla \u00fanica para todas sus necesidades EPT. Desde productos de primera calidad hasta un servicio de atenci\u00f3n al cliente excepcional, tenemos todo lo que necesita para que su experiencia de compra sea pan comido. Navegue por nuestro amplio inventario, haga su pedido con confianza y experimente la comodidad de comprar EPT sin receta en l\u00ednea, s\u00f3lo en Rckopen.com.<\/p>\n<p>Comprar EPT en l\u00ednea en el Reino Unido<\/p>\n<p>Para los clientes del Reino Unido, comprar EPT en l\u00ednea nunca ha sido tan f\u00e1cil. De <a href=\"https:\/\/rckopen.com\/es\/\">rckopen.com<\/a>\u00a0Puedes comprar EPT legalmente desde la comodidad de tu hogar y recibirlo directamente en tu domicilio. Nuestro env\u00edo eficiente garantiza una entrega r\u00e1pida, para que pueda disfrutar de los beneficios de EPT de inmediato.<\/p>\n<h3>\u00bfPor qu\u00e9 elegir Rckopen.com?<\/h3>\n<p>Con tantas opciones disponibles, \u00bfpor qu\u00e9 elegir Rckopen.com para sus necesidades de EPT? La respuesta es sencilla: buscamos la excelencia. Desde nuestro compromiso con los productos de calidad hasta nuestro excepcional servicio de atenci\u00f3n al cliente, nos esforzamos al m\u00e1ximo para garantizar su satisfacci\u00f3n. Cuando usted compra EPT de Rckopen.com, usted no s\u00f3lo est\u00e1 comprando un producto - usted est\u00e1 invirtiendo en la paz de la mente.<\/p>\n<p>Cuando se trata de encontrar y comprar EPT online, Rckopen.com es su destino definitivo. Gracias a nuestra amplia selecci\u00f3n, nuestro sencillo proceso de pedido y nuestro compromiso con la legalidad y la calidad, somos su socio de confianza en todo momento. \u00bfA qu\u00e9 espera? Explore nuestra tienda EPT hoy mismo y experimente la comodidad de comprar en Rckopen.com.<\/p>","protected":false},"excerpt":{"rendered":"<p><strong>Nombre IUPAC: <\/strong>3-[2-(etil(propil)amino)etil]-1H-indol<\/p>\n<p><strong>Otro nombre: <\/strong>N-etil-N-propiltriptamina<\/p>\n<p><strong>Apariencia: <\/strong>polvo<\/p>\n<p><strong>Forma: <\/strong>fumarato<\/p>\n<p><strong>An\u00e1lisis por RMN: <\/strong>N\/A<\/p>","protected":false},"featured_media":6885,"comment_status":"open","ping_status":"closed","template":"","meta":{"_joinchat":[]},"product_brand":[],"product_cat":[149],"product_tag":[],"class_list":{"0":"post-6699","1":"product","2":"type-product","3":"status-publish","4":"has-post-thumbnail","6":"product_cat-tryptaminen","8":"first","9":"instock","10":"shipping-taxable","11":"purchasable","12":"product-type-variable"},"yoast_head":"<!-- This site is optimized with the Yoast SEO plugin v26.3 - https:\/\/yoast.com\/wordpress\/plugins\/seo\/ -->\n<title>EPT online kopen - EPT online te koop<\/title>\n<meta name=\"description\" content=\"Als u EPT online wilt kopen, heeft RCKopen een hoogwaardige EPT te koop. Wij helpen u om EPT online tegen goedkope tarieven te kopen. Plaats vandaag nog een bestelling!\" \/>\n<meta name=\"robots\" content=\"index, follow, max-snippet:-1, max-image-preview:large, max-video-preview:-1\" \/>\n<link rel=\"canonical\" href=\"https:\/\/rckopen.com\/es\/producto\/ept\/\" \/>\n<meta property=\"og:locale\" content=\"es_ES\" \/>\n<meta property=\"og:type\" content=\"article\" \/>\n<meta property=\"og:title\" content=\"EPT online kopen - EPT online te koop\" \/>\n<meta property=\"og:description\" content=\"Als u EPT online wilt kopen, heeft RCKopen een hoogwaardige EPT te koop. Wij helpen u om EPT online tegen goedkope tarieven te kopen. Plaats vandaag nog een bestelling!\" \/>\n<meta property=\"og:url\" content=\"https:\/\/rckopen.com\/es\/producto\/ept\/\" \/>\n<meta property=\"og:site_name\" content=\"RC Kopen\" \/>\n<meta property=\"article:modified_time\" content=\"2025-02-03T07:08:42+00:00\" \/>\n<meta property=\"og:image\" content=\"https:\/\/rckopen.com\/wp-content\/uploads\/2023\/08\/EPT.jpg\" \/>\n\t<meta property=\"og:image:width\" content=\"600\" \/>\n\t<meta property=\"og:image:height\" content=\"600\" \/>\n\t<meta property=\"og:image:type\" content=\"image\/jpeg\" \/>\n<meta name=\"twitter:card\" content=\"summary_large_image\" \/>\n<meta name=\"twitter:label1\" content=\"Tiempo de lectura\" \/>\n\t<meta name=\"twitter:data1\" content=\"3 minutos\" \/>\n<script type=\"application\/ld+json\" class=\"yoast-schema-graph\">{\"@context\":\"https:\/\/schema.org\",\"@graph\":[{\"@type\":\"WebPage\",\"@id\":\"https:\/\/rckopen.com\/product\/ept\/\",\"url\":\"https:\/\/rckopen.com\/product\/ept\/\",\"name\":\"EPT online kopen - EPT online te koop\",\"isPartOf\":{\"@id\":\"https:\/\/rckopen.com\/#website\"},\"primaryImageOfPage\":{\"@id\":\"https:\/\/rckopen.com\/product\/ept\/#primaryimage\"},\"image\":{\"@id\":\"https:\/\/rckopen.com\/product\/ept\/#primaryimage\"},\"thumbnailUrl\":\"https:\/\/rckopen.com\/wp-content\/uploads\/2023\/08\/EPT.jpg\",\"datePublished\":\"2023-08-17T10:40:02+00:00\",\"dateModified\":\"2025-02-03T07:08:42+00:00\",\"description\":\"Als u EPT online wilt kopen, heeft RCKopen een hoogwaardige EPT te koop. Wij helpen u om EPT online tegen goedkope tarieven te kopen. Plaats vandaag nog een bestelling!\",\"breadcrumb\":{\"@id\":\"https:\/\/rckopen.com\/product\/ept\/#breadcrumb\"},\"inLanguage\":\"es\",\"potentialAction\":[{\"@type\":\"ReadAction\",\"target\":[\"https:\/\/rckopen.com\/product\/ept\/\"]}]},{\"@type\":\"ImageObject\",\"inLanguage\":\"es\",\"@id\":\"https:\/\/rckopen.com\/product\/ept\/#primaryimage\",\"url\":\"https:\/\/rckopen.com\/wp-content\/uploads\/2023\/08\/EPT.jpg\",\"contentUrl\":\"https:\/\/rckopen.com\/wp-content\/uploads\/2023\/08\/EPT.jpg\",\"width\":600,\"height\":600,\"caption\":\"EPT online kopen\"},{\"@type\":\"BreadcrumbList\",\"@id\":\"https:\/\/rckopen.com\/product\/ept\/#breadcrumb\",\"itemListElement\":[{\"@type\":\"ListItem\",\"position\":1,\"name\":\"Home\",\"item\":\"https:\/\/rckopen.com\/\"},{\"@type\":\"ListItem\",\"position\":2,\"name\":\"Shop\",\"item\":\"https:\/\/rckopen.com\/shop\/\"},{\"@type\":\"ListItem\",\"position\":3,\"name\":\"EPT online kopen\"}]},{\"@type\":\"WebSite\",\"@id\":\"https:\/\/rckopen.com\/#website\",\"url\":\"https:\/\/rckopen.com\/\",\"name\":\"RC Kopen\",\"description\":\"Research Chemicals\",\"potentialAction\":[{\"@type\":\"SearchAction\",\"target\":{\"@type\":\"EntryPoint\",\"urlTemplate\":\"https:\/\/rckopen.com\/?s={search_term_string}\"},\"query-input\":{\"@type\":\"PropertyValueSpecification\",\"valueRequired\":true,\"valueName\":\"search_term_string\"}}],\"inLanguage\":\"es\"}]}<\/script>\n<!-- \/ Yoast SEO plugin. -->","yoast_head_json":{"title":"EPT online kopen - EPT online te koop","description":"Als u EPT online wilt kopen, heeft RCKopen een hoogwaardige EPT te koop. Wij helpen u om EPT online tegen goedkope tarieven te kopen. Plaats vandaag nog een bestelling!","robots":{"index":"index","follow":"follow","max-snippet":"max-snippet:-1","max-image-preview":"max-image-preview:large","max-video-preview":"max-video-preview:-1"},"canonical":"https:\/\/rckopen.com\/es\/producto\/ept\/","og_locale":"es_ES","og_type":"article","og_title":"EPT online kopen - EPT online te koop","og_description":"Als u EPT online wilt kopen, heeft RCKopen een hoogwaardige EPT te koop. Wij helpen u om EPT online tegen goedkope tarieven te kopen. Plaats vandaag nog een bestelling!","og_url":"https:\/\/rckopen.com\/es\/producto\/ept\/","og_site_name":"RC Kopen","article_modified_time":"2025-02-03T07:08:42+00:00","og_image":[{"width":600,"height":600,"url":"https:\/\/rckopen.com\/wp-content\/uploads\/2023\/08\/EPT.jpg","type":"image\/jpeg"}],"twitter_card":"summary_large_image","twitter_misc":{"Tiempo de lectura":"3 minutos"},"schema":{"@context":"https:\/\/schema.org","@graph":[{"@type":"WebPage","@id":"https:\/\/rckopen.com\/product\/ept\/","url":"https:\/\/rckopen.com\/product\/ept\/","name":"EPT online kopen - EPT online te koop","isPartOf":{"@id":"https:\/\/rckopen.com\/#website"},"primaryImageOfPage":{"@id":"https:\/\/rckopen.com\/product\/ept\/#primaryimage"},"image":{"@id":"https:\/\/rckopen.com\/product\/ept\/#primaryimage"},"thumbnailUrl":"https:\/\/rckopen.com\/wp-content\/uploads\/2023\/08\/EPT.jpg","datePublished":"2023-08-17T10:40:02+00:00","dateModified":"2025-02-03T07:08:42+00:00","description":"Als u EPT online wilt kopen, heeft RCKopen een hoogwaardige EPT te koop. Wij helpen u om EPT online tegen goedkope tarieven te kopen. Plaats vandaag nog een bestelling!","breadcrumb":{"@id":"https:\/\/rckopen.com\/product\/ept\/#breadcrumb"},"inLanguage":"es","potentialAction":[{"@type":"ReadAction","target":["https:\/\/rckopen.com\/product\/ept\/"]}]},{"@type":"ImageObject","inLanguage":"es","@id":"https:\/\/rckopen.com\/product\/ept\/#primaryimage","url":"https:\/\/rckopen.com\/wp-content\/uploads\/2023\/08\/EPT.jpg","contentUrl":"https:\/\/rckopen.com\/wp-content\/uploads\/2023\/08\/EPT.jpg","width":600,"height":600,"caption":"EPT online kopen"},{"@type":"BreadcrumbList","@id":"https:\/\/rckopen.com\/product\/ept\/#breadcrumb","itemListElement":[{"@type":"ListItem","position":1,"name":"Home","item":"https:\/\/rckopen.com\/"},{"@type":"ListItem","position":2,"name":"Shop","item":"https:\/\/rckopen.com\/shop\/"},{"@type":"ListItem","position":3,"name":"EPT online kopen"}]},{"@type":"WebSite","@id":"https:\/\/rckopen.com\/#website","url":"https:\/\/rckopen.com\/","name":"RC Kopen","description":"Research Chemicals","potentialAction":[{"@type":"SearchAction","target":{"@type":"EntryPoint","urlTemplate":"https:\/\/rckopen.com\/?s={search_term_string}"},"query-input":{"@type":"PropertyValueSpecification","valueRequired":true,"valueName":"search_term_string"}}],"inLanguage":"es"}]}},"_links":{"self":[{"href":"https:\/\/rckopen.com\/es\/wp-json\/wp\/v2\/product\/6699","targetHints":{"allow":["GET"]}}],"collection":[{"href":"https:\/\/rckopen.com\/es\/wp-json\/wp\/v2\/product"}],"about":[{"href":"https:\/\/rckopen.com\/es\/wp-json\/wp\/v2\/types\/product"}],"replies":[{"embeddable":true,"href":"https:\/\/rckopen.com\/es\/wp-json\/wp\/v2\/comments?post=6699"}],"wp:featuredmedia":[{"embeddable":true,"href":"https:\/\/rckopen.com\/es\/wp-json\/wp\/v2\/media\/6885"}],"wp:attachment":[{"href":"https:\/\/rckopen.com\/es\/wp-json\/wp\/v2\/media?parent=6699"}],"wp:term":[{"taxonomy":"product_brand","embeddable":true,"href":"https:\/\/rckopen.com\/es\/wp-json\/wp\/v2\/product_brand?post=6699"},{"taxonomy":"product_cat","embeddable":true,"href":"https:\/\/rckopen.com\/es\/wp-json\/wp\/v2\/product_cat?post=6699"},{"taxonomy":"product_tag","embeddable":true,"href":"https:\/\/rckopen.com\/es\/wp-json\/wp\/v2\/product_tag?post=6699"}],"curies":[{"name":"wp","href":"https:\/\/api.w.org\/{rel}","templated":true}]}}