{"id":6701,"date":"2023-08-17T10:41:31","date_gmt":"2023-08-17T10:41:31","guid":{"rendered":"https:\/\/diligentplug.com\/chems\/?post_type=product&#038;p=6701"},"modified":"2025-01-31T05:25:22","modified_gmt":"2025-01-31T05:25:22","slug":"4-ho-mcpt","status":"publish","type":"product","link":"https:\/\/rckopen.com\/es\/producto\/4-ho-mcpt\/","title":{"rendered":"Comprar 4-HO-MCPT en l\u00ednea"},"content":{"rendered":"<h2>Uw vertrouwde bron voor 4-HO-MCPT-aan online kopen<\/h2>\n<p>Bienvenue sur RCKOpen, votre premi\u00e8re destination pour acheter 4-HO-MCPT en ligne. Nous fournissons une plateforme pratique et s\u00e9curis\u00e9e pour les personnes qui <a href=\"https:\/\/rckopen.com\/es\/producto\/4-ho-mcpt\/\">4-HO-MCPT<\/a> quiero comprar legalmente y sin receta. Ya sea que se encuentre en el Reino Unido o en cualquier otro lugar del mundo, nuestra tienda 4-HO-MCPT es su ventanilla \u00fanica para obtener f\u00e1cilmente este complejo.<\/p>\n<h3>\u00bfPor qu\u00e9 elegir RCKOpen para sus necesidades de 4-HO-MCPT?<\/h3>\n<p>Abeja <a href=\"https:\/\/rckopen.com\/es\/\">Rckopen.com<\/a> Entendemos la importancia de la calidad, la seguridad y la confiabilidad cuando se trata de comprar productos qu\u00edmicos de investigaci\u00f3n. Por eso nos esforzamos por ofrecer a nuestros clientes productos y servicios del m\u00e1s alto nivel. A continuaci\u00f3n se presentan algunas razones por las que RCKOpen se destaca como la opci\u00f3n ideal para su 4-HO-MCPT en venta:<\/p>\n<p>1. Amplia selecci\u00f3n: Ofrecemos una amplia gama de productos qu\u00edmicos de investigaci\u00f3n, incluido 4-HO-MCPT, lo que le brinda acceso a los compuestos que necesita para sus experimentos y estudios.<\/p>\n<p>2. Productos de primera calidad: Nuestros <a href=\"https:\/\/en.wikipedia.org\/wiki\/4-HO-McPT\">4-HO-MCPT<\/a> \u00e0 vendre provient de fabricants r\u00e9put\u00e9s et subit des tests rigoureux pour garantir la puret\u00e9 et la puissance.<\/p>\n<p>3. Conveniencia: A trav\u00e9s de nuestro sitio web f\u00e1cil de usar, puede explorar f\u00e1cilmente nuestra oferta, realizar su pedido y recibir su pedido de 4-HO-MCPT discretamente en su hogar.<\/p>\n<p>4. Cumplimiento legal: Actuamos en pleno cumplimiento de la ley, permiti\u00e9ndole comprar 4-HO-MCPT legalmente sin necesidad de receta m\u00e9dica.<\/p>\n<p>5. Transacciones seguras: tu seguridad y privacidad son nuestras principales prioridades. Por eso, utilizamos pasarelas de pago encriptadas y embalajes discretos para garantizar una experiencia de compra segura y confidencial.<\/p>\n<h3>\u00bfC\u00f3mo puedo comprar 4-HO-MCPT en l\u00ednea en RCKOpen?<\/h3>\n<p>Comprar 4-HO-MCPT en l\u00ednea en RCKOpen es r\u00e1pido y f\u00e1cil. Simplemente siga estos pasos:<\/p>\n<p>1. Explore nuestra selecci\u00f3n: Explore nuestro sitio web para comprar legalmente 4-HO-MCPT todos los productos que se ajusten a sus necesidades.<\/p>\n<p>2. A\u00f1adir al carrito: Una vez que haya encontrado el art\u00edculo que desea, agr\u00e9guelo a su carrito y proceda al pago.<\/p>\n<p>3. Pago seguro: completa tu compra de forma segura con una de nuestras opciones de pago encriptadas.<\/p>\n<p>4. Entrega discreta: si\u00e9ntese y rel\u00e1jese mientras empacamos y enviamos discretamente su pedido de 4-HO-MCPT a la direcci\u00f3n que proporcione.<\/p>\n<p>Experimente la diferencia de RCKOpen hoy<br \/>\nNo se conforme con productos de calidad inferior o proveedores poco fiables. Experimente la diferencia de RCKOpen y obtenga acceso a 4-HO-MCPT de alta calidad para la venta y otros productos qu\u00edmicos de investigaci\u00f3n. Ya sea un investigador, un cient\u00edfico o un entusiasta, estamos listos para satisfacer sus necesidades con profesionalismo e integridad. Visite nuestro sitio web hoy y d\u00e9 el primer paso para mejorar sus esfuerzos de investigaci\u00f3n con RCKOpen.<\/p>","protected":false},"excerpt":{"rendered":"<p>rckopen.com ofrece productos que no est\u00e1n destinados al consumo humano. Si usted (involuntariamente ) consume este producto, puede tener graves consecuencias m\u00e9dicas.<\/p>","protected":false},"featured_media":6887,"comment_status":"open","ping_status":"closed","template":"","meta":{"_joinchat":[]},"product_brand":[],"product_cat":[149],"product_tag":[],"class_list":{"0":"post-6701","1":"product","2":"type-product","3":"status-publish","4":"has-post-thumbnail","6":"product_cat-tryptaminen","8":"first","9":"instock","10":"shipping-taxable","11":"purchasable","12":"product-type-variable"},"yoast_head":"<!-- This site is optimized with the Yoast SEO plugin v26.3 - https:\/\/yoast.com\/wordpress\/plugins\/seo\/ -->\n<title>4-HO-MCPT online kopen - 4-HO-MCPT te koop<\/title>\n<meta name=\"description\" content=\"Als je 4-ho-mcpt online kopen, dan is een bezoek aan onze online RC Kopen winkel de beste optie. Wij hebben 4-ho-mcpt te koop. Plaats nu uw bestelling!\" \/>\n<meta name=\"robots\" content=\"index, follow, max-snippet:-1, max-image-preview:large, max-video-preview:-1\" \/>\n<link rel=\"canonical\" href=\"https:\/\/rckopen.com\/es\/producto\/4-ho-mcpt\/\" \/>\n<meta property=\"og:locale\" content=\"es_ES\" \/>\n<meta property=\"og:type\" content=\"article\" \/>\n<meta property=\"og:title\" content=\"4-HO-MCPT online kopen - 4-HO-MCPT te koop\" \/>\n<meta property=\"og:description\" content=\"Als je 4-ho-mcpt online kopen, dan is een bezoek aan onze online RC Kopen winkel de beste optie. Wij hebben 4-ho-mcpt te koop. Plaats nu uw bestelling!\" \/>\n<meta property=\"og:url\" content=\"https:\/\/rckopen.com\/es\/producto\/4-ho-mcpt\/\" \/>\n<meta property=\"og:site_name\" content=\"RC Kopen\" \/>\n<meta property=\"article:modified_time\" content=\"2025-01-31T05:25:22+00:00\" \/>\n<meta property=\"og:image\" content=\"https:\/\/rckopen.com\/wp-content\/uploads\/2023\/08\/4-HO-MiPT-1.jpg\" \/>\n\t<meta property=\"og:image:width\" content=\"600\" \/>\n\t<meta property=\"og:image:height\" content=\"600\" \/>\n\t<meta property=\"og:image:type\" content=\"image\/jpeg\" \/>\n<meta name=\"twitter:card\" content=\"summary_large_image\" \/>\n<meta name=\"twitter:label1\" content=\"Tiempo de lectura\" \/>\n\t<meta name=\"twitter:data1\" content=\"3 minutos\" \/>\n<script type=\"application\/ld+json\" class=\"yoast-schema-graph\">{\"@context\":\"https:\/\/schema.org\",\"@graph\":[{\"@type\":\"WebPage\",\"@id\":\"https:\/\/rckopen.com\/product\/4-ho-mcpt\/\",\"url\":\"https:\/\/rckopen.com\/product\/4-ho-mcpt\/\",\"name\":\"4-HO-MCPT online kopen - 4-HO-MCPT te koop\",\"isPartOf\":{\"@id\":\"https:\/\/rckopen.com\/#website\"},\"primaryImageOfPage\":{\"@id\":\"https:\/\/rckopen.com\/product\/4-ho-mcpt\/#primaryimage\"},\"image\":{\"@id\":\"https:\/\/rckopen.com\/product\/4-ho-mcpt\/#primaryimage\"},\"thumbnailUrl\":\"https:\/\/rckopen.com\/wp-content\/uploads\/2023\/08\/4-HO-MiPT-1.jpg\",\"datePublished\":\"2023-08-17T10:41:31+00:00\",\"dateModified\":\"2025-01-31T05:25:22+00:00\",\"description\":\"Als je 4-ho-mcpt online kopen, dan is een bezoek aan onze online RC Kopen winkel de beste optie. Wij hebben 4-ho-mcpt te koop. Plaats nu uw bestelling!\",\"breadcrumb\":{\"@id\":\"https:\/\/rckopen.com\/product\/4-ho-mcpt\/#breadcrumb\"},\"inLanguage\":\"es\",\"potentialAction\":[{\"@type\":\"ReadAction\",\"target\":[\"https:\/\/rckopen.com\/product\/4-ho-mcpt\/\"]}]},{\"@type\":\"ImageObject\",\"inLanguage\":\"es\",\"@id\":\"https:\/\/rckopen.com\/product\/4-ho-mcpt\/#primaryimage\",\"url\":\"https:\/\/rckopen.com\/wp-content\/uploads\/2023\/08\/4-HO-MiPT-1.jpg\",\"contentUrl\":\"https:\/\/rckopen.com\/wp-content\/uploads\/2023\/08\/4-HO-MiPT-1.jpg\",\"width\":600,\"height\":600,\"caption\":\"4-HO-MiPT online kopen\"},{\"@type\":\"BreadcrumbList\",\"@id\":\"https:\/\/rckopen.com\/product\/4-ho-mcpt\/#breadcrumb\",\"itemListElement\":[{\"@type\":\"ListItem\",\"position\":1,\"name\":\"Home\",\"item\":\"https:\/\/rckopen.com\/\"},{\"@type\":\"ListItem\",\"position\":2,\"name\":\"Shop\",\"item\":\"https:\/\/rckopen.com\/shop\/\"},{\"@type\":\"ListItem\",\"position\":3,\"name\":\"4-HO-MCPT online kopen\"}]},{\"@type\":\"WebSite\",\"@id\":\"https:\/\/rckopen.com\/#website\",\"url\":\"https:\/\/rckopen.com\/\",\"name\":\"RC Kopen\",\"description\":\"Research Chemicals\",\"potentialAction\":[{\"@type\":\"SearchAction\",\"target\":{\"@type\":\"EntryPoint\",\"urlTemplate\":\"https:\/\/rckopen.com\/?s={search_term_string}\"},\"query-input\":{\"@type\":\"PropertyValueSpecification\",\"valueRequired\":true,\"valueName\":\"search_term_string\"}}],\"inLanguage\":\"es\"}]}<\/script>\n<!-- \/ Yoast SEO plugin. -->","yoast_head_json":{"title":"4-HO-MCPT online kopen - 4-HO-MCPT te koop","description":"Als je 4-ho-mcpt online kopen, dan is een bezoek aan onze online RC Kopen winkel de beste optie. Wij hebben 4-ho-mcpt te koop. Plaats nu uw bestelling!","robots":{"index":"index","follow":"follow","max-snippet":"max-snippet:-1","max-image-preview":"max-image-preview:large","max-video-preview":"max-video-preview:-1"},"canonical":"https:\/\/rckopen.com\/es\/producto\/4-ho-mcpt\/","og_locale":"es_ES","og_type":"article","og_title":"4-HO-MCPT online kopen - 4-HO-MCPT te koop","og_description":"Als je 4-ho-mcpt online kopen, dan is een bezoek aan onze online RC Kopen winkel de beste optie. Wij hebben 4-ho-mcpt te koop. Plaats nu uw bestelling!","og_url":"https:\/\/rckopen.com\/es\/producto\/4-ho-mcpt\/","og_site_name":"RC Kopen","article_modified_time":"2025-01-31T05:25:22+00:00","og_image":[{"width":600,"height":600,"url":"https:\/\/rckopen.com\/wp-content\/uploads\/2023\/08\/4-HO-MiPT-1.jpg","type":"image\/jpeg"}],"twitter_card":"summary_large_image","twitter_misc":{"Tiempo de lectura":"3 minutos"},"schema":{"@context":"https:\/\/schema.org","@graph":[{"@type":"WebPage","@id":"https:\/\/rckopen.com\/product\/4-ho-mcpt\/","url":"https:\/\/rckopen.com\/product\/4-ho-mcpt\/","name":"4-HO-MCPT online kopen - 4-HO-MCPT te koop","isPartOf":{"@id":"https:\/\/rckopen.com\/#website"},"primaryImageOfPage":{"@id":"https:\/\/rckopen.com\/product\/4-ho-mcpt\/#primaryimage"},"image":{"@id":"https:\/\/rckopen.com\/product\/4-ho-mcpt\/#primaryimage"},"thumbnailUrl":"https:\/\/rckopen.com\/wp-content\/uploads\/2023\/08\/4-HO-MiPT-1.jpg","datePublished":"2023-08-17T10:41:31+00:00","dateModified":"2025-01-31T05:25:22+00:00","description":"Als je 4-ho-mcpt online kopen, dan is een bezoek aan onze online RC Kopen winkel de beste optie. Wij hebben 4-ho-mcpt te koop. Plaats nu uw bestelling!","breadcrumb":{"@id":"https:\/\/rckopen.com\/product\/4-ho-mcpt\/#breadcrumb"},"inLanguage":"es","potentialAction":[{"@type":"ReadAction","target":["https:\/\/rckopen.com\/product\/4-ho-mcpt\/"]}]},{"@type":"ImageObject","inLanguage":"es","@id":"https:\/\/rckopen.com\/product\/4-ho-mcpt\/#primaryimage","url":"https:\/\/rckopen.com\/wp-content\/uploads\/2023\/08\/4-HO-MiPT-1.jpg","contentUrl":"https:\/\/rckopen.com\/wp-content\/uploads\/2023\/08\/4-HO-MiPT-1.jpg","width":600,"height":600,"caption":"4-HO-MiPT online kopen"},{"@type":"BreadcrumbList","@id":"https:\/\/rckopen.com\/product\/4-ho-mcpt\/#breadcrumb","itemListElement":[{"@type":"ListItem","position":1,"name":"Home","item":"https:\/\/rckopen.com\/"},{"@type":"ListItem","position":2,"name":"Shop","item":"https:\/\/rckopen.com\/shop\/"},{"@type":"ListItem","position":3,"name":"4-HO-MCPT online kopen"}]},{"@type":"WebSite","@id":"https:\/\/rckopen.com\/#website","url":"https:\/\/rckopen.com\/","name":"RC Kopen","description":"Research Chemicals","potentialAction":[{"@type":"SearchAction","target":{"@type":"EntryPoint","urlTemplate":"https:\/\/rckopen.com\/?s={search_term_string}"},"query-input":{"@type":"PropertyValueSpecification","valueRequired":true,"valueName":"search_term_string"}}],"inLanguage":"es"}]}},"_links":{"self":[{"href":"https:\/\/rckopen.com\/es\/wp-json\/wp\/v2\/product\/6701","targetHints":{"allow":["GET"]}}],"collection":[{"href":"https:\/\/rckopen.com\/es\/wp-json\/wp\/v2\/product"}],"about":[{"href":"https:\/\/rckopen.com\/es\/wp-json\/wp\/v2\/types\/product"}],"replies":[{"embeddable":true,"href":"https:\/\/rckopen.com\/es\/wp-json\/wp\/v2\/comments?post=6701"}],"wp:featuredmedia":[{"embeddable":true,"href":"https:\/\/rckopen.com\/es\/wp-json\/wp\/v2\/media\/6887"}],"wp:attachment":[{"href":"https:\/\/rckopen.com\/es\/wp-json\/wp\/v2\/media?parent=6701"}],"wp:term":[{"taxonomy":"product_brand","embeddable":true,"href":"https:\/\/rckopen.com\/es\/wp-json\/wp\/v2\/product_brand?post=6701"},{"taxonomy":"product_cat","embeddable":true,"href":"https:\/\/rckopen.com\/es\/wp-json\/wp\/v2\/product_cat?post=6701"},{"taxonomy":"product_tag","embeddable":true,"href":"https:\/\/rckopen.com\/es\/wp-json\/wp\/v2\/product_tag?post=6701"}],"curies":[{"name":"wp","href":"https:\/\/api.w.org\/{rel}","templated":true}]}}