{"id":6751,"date":"2023-08-17T10:53:13","date_gmt":"2023-08-17T10:53:13","guid":{"rendered":"https:\/\/diligentplug.com\/chems\/?post_type=product&#038;p=6751"},"modified":"2025-09-16T09:27:39","modified_gmt":"2025-09-16T09:27:39","slug":"4-aco-malt","status":"publish","type":"product","link":"https:\/\/rckopen.com\/es\/producto\/4-aco-malta\/","title":{"rendered":"Comprar 4-ACO-MALT online"},"content":{"rendered":"<h2>4-ACO-MOUT online kopen<\/h2>\n<p><a href=\"https:\/\/rckopen.com\/es\/producto\/4-aco-malta\/\">Comprar 4-ACO-MALT online<\/a> Al mejor precio \u2013 Narcomeds<br \/>\nBienvenido a Narcomeds, su mejor destino para comprar 4-ACO-MALT en l\u00ednea sin complicaciones. Ofrecemos la mejor calidad 4-ACO-MALT a la venta a los mejores precios, garantizando la satisfacci\u00f3n del cliente y la comodidad.<br \/>\n\u00bfQuieres encargar 4-ACO-MALT pero necesitas ayuda para encontrar una fuente fiable? No busques m\u00e1s all\u00e1 de Narcomeds. Nos especializamos en proporcionar una experiencia de compra sin problemas para aquellos que buscan comprar 4-ACO-MALT legalmente y sin receta.<br \/>\nBenef\u00edciese de la fiabilidad, autenticidad y servicio orientado al cliente de Narcomeds.com al comprar 4-ACO-MALT en Alemania.<\/p>\n<h3>4-ACO-MALT en venta: productos con garant\u00eda de calidad:<\/h3>\n<p>Cuando estas buscando <a href=\"https:\/\/en.wikipedia.org\/wiki\/4-HO-MALT\">4-ACO-MALT<\/a> en venta, entonces priorice plataformas confiables como Narcomeds.com para garantizar la calidad y la autenticidad. Disfrute de la comodidad de las compras en l\u00ednea combinadas con la garant\u00eda de productos 4-ACO-MALT premium con Narcomeds.com. Compre en el variado inventario de la tienda 4-ACO-MALT de Narcomeds.com para encontrar diferentes cantidades y opciones de empaque que se adapten a sus necesidades.<\/p>\n<h3>Pida 4-ACO-MALT f\u00e1cilmente:<\/h3>\n<p>Navegar a trav\u00e9s del proceso de ordenar 4-ACO-MALT debe ser f\u00e1cil. Narcomeds.com ofrece una interfaz f\u00e1cil de usar para las transacciones sin problemas.<\/p>\n<p>En Narcomed, comprendemos la importancia de la calidad y la legalidad a la hora de comprar productos qu\u00edmicos de investigaci\u00f3n como la 4-ACO-MALT. Por eso nos hemos consolidado como una tienda de 4-ACO-MALT de confianza, para que nuestros clientes puedan comprar con seguridad.<\/p>\n<p>Tanto si se encuentra en Alemania como en otra parte del mundo, Narcomeds ofrece env\u00edo global, facilitando a los clientes la compra de 4-ACO-MALT en cualquier lugar. <a href=\"https:\/\/rckopen.com\/es\/\">RCKopen<\/a><\/p>\n<p>Comprar 4-ACO-MALT legalmente: cumplimiento y seguridad:<br \/>\nGarantizar la legalidad y la seguridad al comprar 4-ACO-MALT legalmente. Narcomeds.com se adhiere a todas las regulaciones para una experiencia de compra segura.<\/p>\n<h3>\u00bfD\u00f3nde comprar 4-ACO-MALT?<\/h3>\n<p>Nuestro compromiso con la satisfacci\u00f3n del cliente va m\u00e1s all\u00e1 de las fronteras y garantiza un proceso de transacci\u00f3n seguro y sin contratiempos.<br \/>\n\u00bfPor qu\u00e9 elegir Rckopen.com para comprar 4-ACO-MALT? Priorizamos la seguridad y satisfacci\u00f3n del cliente por encima de todo. Nuestros productos pasan por estrictos controles de calidad para garantizar su pureza y potencia. Adem\u00e1s, nuestro embalaje discreto garantiza que su privacidad est\u00e9 protegida en cada paso del proceso.<\/p>\n<p>Experimente la comodidad de comprar en l\u00ednea 4-ACO-MALT en Narcomeds. Nuestro sitio web f\u00e1cil de usar y opciones de pago seguras hacen que realizar su pedido en 4-ACO-MALT sea f\u00e1cil con s\u00f3lo unos clics.<br \/>\nAhorre tiempo buscando fuentes confiables para comprar 4-ACO-MALT. Conf\u00ede en Narcomed para todas sus necesidades de investigaci\u00f3n qu\u00edmica y disfrute de una experiencia de compra perfecta de principio a fin. Haga su pedido ahora y descubra por qu\u00e9 preferimos comprar 4-ACO-MALT online.<\/p>","protected":false},"excerpt":{"rendered":"<p><strong>Nombre IUPAC: <\/strong>acetato de 3-(2-(alil(metil)amino)etilo)-1H-indol-4-ilo<\/p>\n<p><strong>Otro nombre: <\/strong>4-Acetoxi-MALT<\/p>\n<p><strong>An\u00e1lisis por RMN: <\/strong>C16H20N2O2<\/p>","protected":false},"featured_media":6893,"comment_status":"open","ping_status":"closed","template":"","meta":{"_joinchat":[]},"product_brand":[],"product_cat":[149],"product_tag":[],"class_list":{"0":"post-6751","1":"product","2":"type-product","3":"status-publish","4":"has-post-thumbnail","6":"product_cat-tryptaminen","8":"first","9":"instock","10":"shipping-taxable","11":"purchasable","12":"product-type-variable"},"yoast_head":"<!-- This site is optimized with the Yoast SEO plugin v26.3 - https:\/\/yoast.com\/wordpress\/plugins\/seo\/ -->\n<title>4-ACO-Malt online kopen- 4-ACO-Malt online te koop<\/title>\n<meta name=\"description\" content=\"U kunt 4-ACO-Malt online kopen tegen de beste prijzen via onze online Rc kopen. We hebben goedkope en hoogwaardige 4-ACO-Malt te koop en bieden wereldwijde levering. U kunt overal en altijd bestellen.\" \/>\n<meta name=\"robots\" content=\"index, follow, max-snippet:-1, max-image-preview:large, max-video-preview:-1\" \/>\n<link rel=\"canonical\" href=\"https:\/\/rckopen.com\/es\/producto\/4-aco-malta\/\" \/>\n<meta property=\"og:locale\" content=\"es_ES\" \/>\n<meta property=\"og:type\" content=\"article\" \/>\n<meta property=\"og:title\" content=\"4-ACO-Malt online kopen- 4-ACO-Malt online te koop\" \/>\n<meta property=\"og:description\" content=\"U kunt 4-ACO-Malt online kopen tegen de beste prijzen via onze online Rc kopen. We hebben goedkope en hoogwaardige 4-ACO-Malt te koop en bieden wereldwijde levering. U kunt overal en altijd bestellen.\" \/>\n<meta property=\"og:url\" content=\"https:\/\/rckopen.com\/es\/producto\/4-aco-malta\/\" \/>\n<meta property=\"og:site_name\" content=\"RC Kopen\" \/>\n<meta property=\"article:modified_time\" content=\"2025-09-16T09:27:39+00:00\" \/>\n<meta property=\"og:image\" content=\"https:\/\/rckopen.com\/wp-content\/uploads\/2023\/08\/4-ACO-MALT.jpg\" \/>\n\t<meta property=\"og:image:width\" content=\"600\" \/>\n\t<meta property=\"og:image:height\" content=\"600\" \/>\n\t<meta property=\"og:image:type\" content=\"image\/jpeg\" \/>\n<meta name=\"twitter:card\" content=\"summary_large_image\" \/>\n<meta name=\"twitter:label1\" content=\"Tiempo de lectura\" \/>\n\t<meta name=\"twitter:data1\" content=\"3 minutos\" \/>\n<script type=\"application\/ld+json\" class=\"yoast-schema-graph\">{\"@context\":\"https:\/\/schema.org\",\"@graph\":[{\"@type\":\"WebPage\",\"@id\":\"https:\/\/rckopen.com\/product\/4-aco-malt\/\",\"url\":\"https:\/\/rckopen.com\/product\/4-aco-malt\/\",\"name\":\"4-ACO-Malt online kopen- 4-ACO-Malt online te koop\",\"isPartOf\":{\"@id\":\"https:\/\/rckopen.com\/#website\"},\"primaryImageOfPage\":{\"@id\":\"https:\/\/rckopen.com\/product\/4-aco-malt\/#primaryimage\"},\"image\":{\"@id\":\"https:\/\/rckopen.com\/product\/4-aco-malt\/#primaryimage\"},\"thumbnailUrl\":\"https:\/\/rckopen.com\/wp-content\/uploads\/2023\/08\/4-ACO-MALT.jpg\",\"datePublished\":\"2023-08-17T10:53:13+00:00\",\"dateModified\":\"2025-09-16T09:27:39+00:00\",\"description\":\"U kunt 4-ACO-Malt online kopen tegen de beste prijzen via onze online Rc kopen. We hebben goedkope en hoogwaardige 4-ACO-Malt te koop en bieden wereldwijde levering. U kunt overal en altijd bestellen.\",\"breadcrumb\":{\"@id\":\"https:\/\/rckopen.com\/product\/4-aco-malt\/#breadcrumb\"},\"inLanguage\":\"es\",\"potentialAction\":[{\"@type\":\"ReadAction\",\"target\":[\"https:\/\/rckopen.com\/product\/4-aco-malt\/\"]}]},{\"@type\":\"ImageObject\",\"inLanguage\":\"es\",\"@id\":\"https:\/\/rckopen.com\/product\/4-aco-malt\/#primaryimage\",\"url\":\"https:\/\/rckopen.com\/wp-content\/uploads\/2023\/08\/4-ACO-MALT.jpg\",\"contentUrl\":\"https:\/\/rckopen.com\/wp-content\/uploads\/2023\/08\/4-ACO-MALT.jpg\",\"width\":600,\"height\":600,\"caption\":\"4-ACO-MALT online kopen\"},{\"@type\":\"BreadcrumbList\",\"@id\":\"https:\/\/rckopen.com\/product\/4-aco-malt\/#breadcrumb\",\"itemListElement\":[{\"@type\":\"ListItem\",\"position\":1,\"name\":\"Home\",\"item\":\"https:\/\/rckopen.com\/\"},{\"@type\":\"ListItem\",\"position\":2,\"name\":\"Shop\",\"item\":\"https:\/\/rckopen.com\/shop\/\"},{\"@type\":\"ListItem\",\"position\":3,\"name\":\"4-ACO-MALT online kopen\"}]},{\"@type\":\"WebSite\",\"@id\":\"https:\/\/rckopen.com\/#website\",\"url\":\"https:\/\/rckopen.com\/\",\"name\":\"RC Kopen\",\"description\":\"Research Chemicals\",\"potentialAction\":[{\"@type\":\"SearchAction\",\"target\":{\"@type\":\"EntryPoint\",\"urlTemplate\":\"https:\/\/rckopen.com\/?s={search_term_string}\"},\"query-input\":{\"@type\":\"PropertyValueSpecification\",\"valueRequired\":true,\"valueName\":\"search_term_string\"}}],\"inLanguage\":\"es\"}]}<\/script>\n<!-- \/ Yoast SEO plugin. -->","yoast_head_json":{"title":"4-ACO-Malt online kopen- 4-ACO-Malt online te koop","description":"U kunt 4-ACO-Malt online kopen tegen de beste prijzen via onze online Rc kopen. We hebben goedkope en hoogwaardige 4-ACO-Malt te koop en bieden wereldwijde levering. U kunt overal en altijd bestellen.","robots":{"index":"index","follow":"follow","max-snippet":"max-snippet:-1","max-image-preview":"max-image-preview:large","max-video-preview":"max-video-preview:-1"},"canonical":"https:\/\/rckopen.com\/es\/producto\/4-aco-malta\/","og_locale":"es_ES","og_type":"article","og_title":"4-ACO-Malt online kopen- 4-ACO-Malt online te koop","og_description":"U kunt 4-ACO-Malt online kopen tegen de beste prijzen via onze online Rc kopen. We hebben goedkope en hoogwaardige 4-ACO-Malt te koop en bieden wereldwijde levering. U kunt overal en altijd bestellen.","og_url":"https:\/\/rckopen.com\/es\/producto\/4-aco-malta\/","og_site_name":"RC Kopen","article_modified_time":"2025-09-16T09:27:39+00:00","og_image":[{"width":600,"height":600,"url":"https:\/\/rckopen.com\/wp-content\/uploads\/2023\/08\/4-ACO-MALT.jpg","type":"image\/jpeg"}],"twitter_card":"summary_large_image","twitter_misc":{"Tiempo de lectura":"3 minutos"},"schema":{"@context":"https:\/\/schema.org","@graph":[{"@type":"WebPage","@id":"https:\/\/rckopen.com\/product\/4-aco-malt\/","url":"https:\/\/rckopen.com\/product\/4-aco-malt\/","name":"4-ACO-Malt online kopen- 4-ACO-Malt online te koop","isPartOf":{"@id":"https:\/\/rckopen.com\/#website"},"primaryImageOfPage":{"@id":"https:\/\/rckopen.com\/product\/4-aco-malt\/#primaryimage"},"image":{"@id":"https:\/\/rckopen.com\/product\/4-aco-malt\/#primaryimage"},"thumbnailUrl":"https:\/\/rckopen.com\/wp-content\/uploads\/2023\/08\/4-ACO-MALT.jpg","datePublished":"2023-08-17T10:53:13+00:00","dateModified":"2025-09-16T09:27:39+00:00","description":"U kunt 4-ACO-Malt online kopen tegen de beste prijzen via onze online Rc kopen. We hebben goedkope en hoogwaardige 4-ACO-Malt te koop en bieden wereldwijde levering. U kunt overal en altijd bestellen.","breadcrumb":{"@id":"https:\/\/rckopen.com\/product\/4-aco-malt\/#breadcrumb"},"inLanguage":"es","potentialAction":[{"@type":"ReadAction","target":["https:\/\/rckopen.com\/product\/4-aco-malt\/"]}]},{"@type":"ImageObject","inLanguage":"es","@id":"https:\/\/rckopen.com\/product\/4-aco-malt\/#primaryimage","url":"https:\/\/rckopen.com\/wp-content\/uploads\/2023\/08\/4-ACO-MALT.jpg","contentUrl":"https:\/\/rckopen.com\/wp-content\/uploads\/2023\/08\/4-ACO-MALT.jpg","width":600,"height":600,"caption":"4-ACO-MALT online kopen"},{"@type":"BreadcrumbList","@id":"https:\/\/rckopen.com\/product\/4-aco-malt\/#breadcrumb","itemListElement":[{"@type":"ListItem","position":1,"name":"Home","item":"https:\/\/rckopen.com\/"},{"@type":"ListItem","position":2,"name":"Shop","item":"https:\/\/rckopen.com\/shop\/"},{"@type":"ListItem","position":3,"name":"4-ACO-MALT online kopen"}]},{"@type":"WebSite","@id":"https:\/\/rckopen.com\/#website","url":"https:\/\/rckopen.com\/","name":"RC Kopen","description":"Research Chemicals","potentialAction":[{"@type":"SearchAction","target":{"@type":"EntryPoint","urlTemplate":"https:\/\/rckopen.com\/?s={search_term_string}"},"query-input":{"@type":"PropertyValueSpecification","valueRequired":true,"valueName":"search_term_string"}}],"inLanguage":"es"}]}},"_links":{"self":[{"href":"https:\/\/rckopen.com\/es\/wp-json\/wp\/v2\/product\/6751","targetHints":{"allow":["GET"]}}],"collection":[{"href":"https:\/\/rckopen.com\/es\/wp-json\/wp\/v2\/product"}],"about":[{"href":"https:\/\/rckopen.com\/es\/wp-json\/wp\/v2\/types\/product"}],"replies":[{"embeddable":true,"href":"https:\/\/rckopen.com\/es\/wp-json\/wp\/v2\/comments?post=6751"}],"wp:featuredmedia":[{"embeddable":true,"href":"https:\/\/rckopen.com\/es\/wp-json\/wp\/v2\/media\/6893"}],"wp:attachment":[{"href":"https:\/\/rckopen.com\/es\/wp-json\/wp\/v2\/media?parent=6751"}],"wp:term":[{"taxonomy":"product_brand","embeddable":true,"href":"https:\/\/rckopen.com\/es\/wp-json\/wp\/v2\/product_brand?post=6751"},{"taxonomy":"product_cat","embeddable":true,"href":"https:\/\/rckopen.com\/es\/wp-json\/wp\/v2\/product_cat?post=6751"},{"taxonomy":"product_tag","embeddable":true,"href":"https:\/\/rckopen.com\/es\/wp-json\/wp\/v2\/product_tag?post=6751"}],"curies":[{"name":"wp","href":"https:\/\/api.w.org\/{rel}","templated":true}]}}