{"id":6753,"date":"2023-08-17T10:56:53","date_gmt":"2023-08-17T10:56:53","guid":{"rendered":"https:\/\/diligentplug.com\/chems\/?post_type=product&#038;p=6753"},"modified":"2025-02-03T06:58:59","modified_gmt":"2025-02-03T06:58:59","slug":"dpt-hcl","status":"publish","type":"product","link":"https:\/\/rckopen.com\/es\/producto\/dpt-hcl\/","title":{"rendered":"Comprar DPT HCL en l\u00ednea"},"content":{"rendered":"<h2>De voordelen van het online kopen van DPT HCL: alles wat u moet weten<\/h2>\n<p>En el \u00e1mbito de las sustancias psicoactivas se hace una distinci\u00f3n <a href=\"https:\/\/rckopen.com\/es\/producto\/dpt-hcl\/\">DPT HCL<\/a> por s\u00ed mismo a trav\u00e9s de sus propiedades y efectos \u00fanicos. Para aquellos que quieran explorar sus posibilidades, comprar DPT HCL online ofrece numerosos beneficios. Veamos por qu\u00e9 comprar DPT HCL en l\u00ednea puede cambiar las reglas del juego y c\u00f3mo Rckopen.com ofrece a los entusiastas una experiencia perfecta.<\/p>\n<h3>Comodidad y accesibilidad<\/h3>\n<p>Donde tu <a href=\"https:\/\/en.wikipedia.org\/wiki\/Dipropyltryptamine\">DPT HCL<\/a> Cuando compras en l\u00ednea obtienes una comodidad incomparable. Atr\u00e1s quedaron los d\u00edas de buscar incansablemente una tienda f\u00edsica que tuviera ese tejido espec\u00edfico. Con solo unos pocos clics puede acceder a Rckopen.com en cualquier momento y en cualquier lugar. Esta accesibilidad es especialmente beneficiosa para las personas que residen en regiones donde DPT HCL puede no estar disponible en las tiendas locales.<\/p>\n<h3>Embalaje discreto<\/h3>\n<p>La privacidad es primordial al comprar sustancias como DPT HCL. Abeja <a href=\"https:\/\/rckopen.com\/es\/\">rckopen.com<\/a> Puede estar seguro de que su pedido ser\u00e1 empaquetado discretamente, sin ninguna indicaci\u00f3n de su contenido. Este embalaje discreto garantiza tranquilidad durante todo el proceso de compra.<\/p>\n<h3>Transacciones seguras<\/h3>\n<p>Las preocupaciones sobre la seguridad de comprar DPT HCL legalmente est\u00e1n justificadas. Sin embargo, Rckopen.com prioriza la seguridad y la legalidad en todas las transacciones. Cumplimos estrictamente con las regulaciones, brind\u00e1ndole la seguridad de que su compra es legal y segura.<\/p>\n<h3>Env\u00edos a todo el mundo<\/h3>\n<p>Independientemente de su ubicaci\u00f3n, Rckopen.com ofrece env\u00edos a todo el mundo. Ya sea que viva en los Pa\u00edses Bajos o en cualquier otra parte del mundo, puede solicitar DPT HCL y recibirlo en su domicilio. Nuestro eficiente proceso de env\u00edo garantiza una entrega oportuna para que pueda comenzar su viaje psicod\u00e9lico sin demora.<\/p>\n<h3>Fuente leg\u00edtima<\/h3>\n<p>Cuando compra DPT HCL en Rckopen.com, est\u00e1 comprando de una fuente confiable. Valoramos la calidad y la autenticidad y obtenemos nuestros productos de proveedores confiables. Esto garantiza que obtendr\u00e1 una tienda DPT HCL aut\u00e9ntica que cumple con estrictos est\u00e1ndares de calidad.<\/p>\n<p>Comprar DPT HCL en l\u00ednea en holand\u00e9s ofrece numerosos beneficios, desde conveniencia y accesibilidad hasta empaque discreto y orientaci\u00f3n experta. Con Rckopen.com puedes comenzar tu viaje psicod\u00e9lico con confianza, sabiendo que est\u00e1s comprando de una fuente confiable. Descubra nuestra colecci\u00f3n hoy y libere el potencial transformador de DPT HCL. Visite Rckopen.com para comprar DPT HCL de forma legal y segura, sin necesidad de receta m\u00e9dica.<\/p>","protected":false},"excerpt":{"rendered":"<p><strong>Nombre IUPAC: <\/strong>N-[2-(1H-indol-3-yl)]ethyl-N-propylpropan-1-amine<\/p>\n<p><strong>CAS # <\/strong>61-52-9<\/p>\n<p><strong>Otro nombre: <\/strong>N,N-Dipropiltriptamina<\/p>\n<p><strong>Apariencia: <\/strong>polvo<\/p>\n<p><strong>Forma: <\/strong>hcl<\/p>\n<p><strong>An\u00e1lisis por RMN: <\/strong>C16H24N2<\/p>","protected":false},"featured_media":6902,"comment_status":"open","ping_status":"closed","template":"","meta":{"_joinchat":[]},"product_brand":[],"product_cat":[149],"product_tag":[],"class_list":{"0":"post-6753","1":"product","2":"type-product","3":"status-publish","4":"has-post-thumbnail","6":"product_cat-tryptaminen","8":"first","9":"instock","10":"shipping-taxable","11":"purchasable","12":"product-type-variable"},"yoast_head":"<!-- This site is optimized with the Yoast SEO plugin v26.3 - https:\/\/yoast.com\/wordpress\/plugins\/seo\/ -->\n<title>DPT HCL online kopen - DPT HCL te koop<\/title>\n<meta name=\"description\" content=\"Onze winkel heeft de topkwaliteit DPT HCL te koop. U kunt nooit om de kwaliteit van onze producten heen. Als u het nodig heeft, DPT HCL dan meteen online kopen. Bestel nu in onze online winkel voor een goede nachtrust en kalmte.\" \/>\n<meta name=\"robots\" content=\"index, follow, max-snippet:-1, max-image-preview:large, max-video-preview:-1\" \/>\n<link rel=\"canonical\" href=\"https:\/\/rckopen.com\/es\/producto\/dpt-hcl\/\" \/>\n<meta property=\"og:locale\" content=\"es_ES\" \/>\n<meta property=\"og:type\" content=\"article\" \/>\n<meta property=\"og:title\" content=\"DPT HCL online kopen - DPT HCL te koop\" \/>\n<meta property=\"og:description\" content=\"Onze winkel heeft de topkwaliteit DPT HCL te koop. U kunt nooit om de kwaliteit van onze producten heen. Als u het nodig heeft, DPT HCL dan meteen online kopen. Bestel nu in onze online winkel voor een goede nachtrust en kalmte.\" \/>\n<meta property=\"og:url\" content=\"https:\/\/rckopen.com\/es\/producto\/dpt-hcl\/\" \/>\n<meta property=\"og:site_name\" content=\"RC Kopen\" \/>\n<meta property=\"article:modified_time\" content=\"2025-02-03T06:58:59+00:00\" \/>\n<meta property=\"og:image\" content=\"https:\/\/rckopen.com\/wp-content\/uploads\/2023\/08\/DPT-HCL.jpg\" \/>\n\t<meta property=\"og:image:width\" content=\"600\" \/>\n\t<meta property=\"og:image:height\" content=\"600\" \/>\n\t<meta property=\"og:image:type\" content=\"image\/jpeg\" \/>\n<meta name=\"twitter:card\" content=\"summary_large_image\" \/>\n<meta name=\"twitter:label1\" content=\"Tiempo de lectura\" \/>\n\t<meta name=\"twitter:data1\" content=\"2 minutos\" \/>\n<script type=\"application\/ld+json\" class=\"yoast-schema-graph\">{\"@context\":\"https:\/\/schema.org\",\"@graph\":[{\"@type\":\"WebPage\",\"@id\":\"https:\/\/rckopen.com\/product\/dpt-hcl\/\",\"url\":\"https:\/\/rckopen.com\/product\/dpt-hcl\/\",\"name\":\"DPT HCL online kopen - DPT HCL te koop\",\"isPartOf\":{\"@id\":\"https:\/\/rckopen.com\/#website\"},\"primaryImageOfPage\":{\"@id\":\"https:\/\/rckopen.com\/product\/dpt-hcl\/#primaryimage\"},\"image\":{\"@id\":\"https:\/\/rckopen.com\/product\/dpt-hcl\/#primaryimage\"},\"thumbnailUrl\":\"https:\/\/rckopen.com\/wp-content\/uploads\/2023\/08\/DPT-HCL.jpg\",\"datePublished\":\"2023-08-17T10:56:53+00:00\",\"dateModified\":\"2025-02-03T06:58:59+00:00\",\"description\":\"Onze winkel heeft de topkwaliteit DPT HCL te koop. U kunt nooit om de kwaliteit van onze producten heen. Als u het nodig heeft, DPT HCL dan meteen online kopen. Bestel nu in onze online winkel voor een goede nachtrust en kalmte.\",\"breadcrumb\":{\"@id\":\"https:\/\/rckopen.com\/product\/dpt-hcl\/#breadcrumb\"},\"inLanguage\":\"es\",\"potentialAction\":[{\"@type\":\"ReadAction\",\"target\":[\"https:\/\/rckopen.com\/product\/dpt-hcl\/\"]}]},{\"@type\":\"ImageObject\",\"inLanguage\":\"es\",\"@id\":\"https:\/\/rckopen.com\/product\/dpt-hcl\/#primaryimage\",\"url\":\"https:\/\/rckopen.com\/wp-content\/uploads\/2023\/08\/DPT-HCL.jpg\",\"contentUrl\":\"https:\/\/rckopen.com\/wp-content\/uploads\/2023\/08\/DPT-HCL.jpg\",\"width\":600,\"height\":600,\"caption\":\"DPT-HCL online kopen\"},{\"@type\":\"BreadcrumbList\",\"@id\":\"https:\/\/rckopen.com\/product\/dpt-hcl\/#breadcrumb\",\"itemListElement\":[{\"@type\":\"ListItem\",\"position\":1,\"name\":\"Home\",\"item\":\"https:\/\/rckopen.com\/\"},{\"@type\":\"ListItem\",\"position\":2,\"name\":\"Shop\",\"item\":\"https:\/\/rckopen.com\/shop\/\"},{\"@type\":\"ListItem\",\"position\":3,\"name\":\"DPT HCL online kopen\"}]},{\"@type\":\"WebSite\",\"@id\":\"https:\/\/rckopen.com\/#website\",\"url\":\"https:\/\/rckopen.com\/\",\"name\":\"RC Kopen\",\"description\":\"Research Chemicals\",\"potentialAction\":[{\"@type\":\"SearchAction\",\"target\":{\"@type\":\"EntryPoint\",\"urlTemplate\":\"https:\/\/rckopen.com\/?s={search_term_string}\"},\"query-input\":{\"@type\":\"PropertyValueSpecification\",\"valueRequired\":true,\"valueName\":\"search_term_string\"}}],\"inLanguage\":\"es\"}]}<\/script>\n<!-- \/ Yoast SEO plugin. -->","yoast_head_json":{"title":"DPT HCL online kopen - DPT HCL te koop","description":"Onze winkel heeft de topkwaliteit DPT HCL te koop. U kunt nooit om de kwaliteit van onze producten heen. Als u het nodig heeft, DPT HCL dan meteen online kopen. Bestel nu in onze online winkel voor een goede nachtrust en kalmte.","robots":{"index":"index","follow":"follow","max-snippet":"max-snippet:-1","max-image-preview":"max-image-preview:large","max-video-preview":"max-video-preview:-1"},"canonical":"https:\/\/rckopen.com\/es\/producto\/dpt-hcl\/","og_locale":"es_ES","og_type":"article","og_title":"DPT HCL online kopen - DPT HCL te koop","og_description":"Onze winkel heeft de topkwaliteit DPT HCL te koop. U kunt nooit om de kwaliteit van onze producten heen. Als u het nodig heeft, DPT HCL dan meteen online kopen. Bestel nu in onze online winkel voor een goede nachtrust en kalmte.","og_url":"https:\/\/rckopen.com\/es\/producto\/dpt-hcl\/","og_site_name":"RC Kopen","article_modified_time":"2025-02-03T06:58:59+00:00","og_image":[{"width":600,"height":600,"url":"https:\/\/rckopen.com\/wp-content\/uploads\/2023\/08\/DPT-HCL.jpg","type":"image\/jpeg"}],"twitter_card":"summary_large_image","twitter_misc":{"Tiempo de lectura":"2 minutos"},"schema":{"@context":"https:\/\/schema.org","@graph":[{"@type":"WebPage","@id":"https:\/\/rckopen.com\/product\/dpt-hcl\/","url":"https:\/\/rckopen.com\/product\/dpt-hcl\/","name":"DPT HCL online kopen - DPT HCL te koop","isPartOf":{"@id":"https:\/\/rckopen.com\/#website"},"primaryImageOfPage":{"@id":"https:\/\/rckopen.com\/product\/dpt-hcl\/#primaryimage"},"image":{"@id":"https:\/\/rckopen.com\/product\/dpt-hcl\/#primaryimage"},"thumbnailUrl":"https:\/\/rckopen.com\/wp-content\/uploads\/2023\/08\/DPT-HCL.jpg","datePublished":"2023-08-17T10:56:53+00:00","dateModified":"2025-02-03T06:58:59+00:00","description":"Onze winkel heeft de topkwaliteit DPT HCL te koop. U kunt nooit om de kwaliteit van onze producten heen. Als u het nodig heeft, DPT HCL dan meteen online kopen. Bestel nu in onze online winkel voor een goede nachtrust en kalmte.","breadcrumb":{"@id":"https:\/\/rckopen.com\/product\/dpt-hcl\/#breadcrumb"},"inLanguage":"es","potentialAction":[{"@type":"ReadAction","target":["https:\/\/rckopen.com\/product\/dpt-hcl\/"]}]},{"@type":"ImageObject","inLanguage":"es","@id":"https:\/\/rckopen.com\/product\/dpt-hcl\/#primaryimage","url":"https:\/\/rckopen.com\/wp-content\/uploads\/2023\/08\/DPT-HCL.jpg","contentUrl":"https:\/\/rckopen.com\/wp-content\/uploads\/2023\/08\/DPT-HCL.jpg","width":600,"height":600,"caption":"DPT-HCL online kopen"},{"@type":"BreadcrumbList","@id":"https:\/\/rckopen.com\/product\/dpt-hcl\/#breadcrumb","itemListElement":[{"@type":"ListItem","position":1,"name":"Home","item":"https:\/\/rckopen.com\/"},{"@type":"ListItem","position":2,"name":"Shop","item":"https:\/\/rckopen.com\/shop\/"},{"@type":"ListItem","position":3,"name":"DPT HCL online kopen"}]},{"@type":"WebSite","@id":"https:\/\/rckopen.com\/#website","url":"https:\/\/rckopen.com\/","name":"RC Kopen","description":"Research Chemicals","potentialAction":[{"@type":"SearchAction","target":{"@type":"EntryPoint","urlTemplate":"https:\/\/rckopen.com\/?s={search_term_string}"},"query-input":{"@type":"PropertyValueSpecification","valueRequired":true,"valueName":"search_term_string"}}],"inLanguage":"es"}]}},"_links":{"self":[{"href":"https:\/\/rckopen.com\/es\/wp-json\/wp\/v2\/product\/6753","targetHints":{"allow":["GET"]}}],"collection":[{"href":"https:\/\/rckopen.com\/es\/wp-json\/wp\/v2\/product"}],"about":[{"href":"https:\/\/rckopen.com\/es\/wp-json\/wp\/v2\/types\/product"}],"replies":[{"embeddable":true,"href":"https:\/\/rckopen.com\/es\/wp-json\/wp\/v2\/comments?post=6753"}],"wp:featuredmedia":[{"embeddable":true,"href":"https:\/\/rckopen.com\/es\/wp-json\/wp\/v2\/media\/6902"}],"wp:attachment":[{"href":"https:\/\/rckopen.com\/es\/wp-json\/wp\/v2\/media?parent=6753"}],"wp:term":[{"taxonomy":"product_brand","embeddable":true,"href":"https:\/\/rckopen.com\/es\/wp-json\/wp\/v2\/product_brand?post=6753"},{"taxonomy":"product_cat","embeddable":true,"href":"https:\/\/rckopen.com\/es\/wp-json\/wp\/v2\/product_cat?post=6753"},{"taxonomy":"product_tag","embeddable":true,"href":"https:\/\/rckopen.com\/es\/wp-json\/wp\/v2\/product_tag?post=6753"}],"curies":[{"name":"wp","href":"https:\/\/api.w.org\/{rel}","templated":true}]}}