{"id":6756,"date":"2023-08-17T10:59:49","date_gmt":"2023-08-17T10:59:49","guid":{"rendered":"https:\/\/diligentplug.com\/chems\/?post_type=product&#038;p=6756"},"modified":"2025-02-04T05:27:54","modified_gmt":"2025-02-04T05:27:54","slug":"mpt","status":"publish","type":"product","link":"https:\/\/rckopen.com\/es\/producto\/mpt\/","title":{"rendered":"Comprar MPT en l\u00ednea"},"content":{"rendered":"<h2>Hoe u legitieme bronnen kunt vinden om MPT online kopen<\/h2>\n<p>\u00bfEst\u00e1 buscando una fuente fiable para comprar MPT en l\u00ednea? No busque m\u00e1s. Encontrar fuentes leg\u00edtimas para comprar MPT (3-metiltiofentanilo) en l\u00ednea es crucial para garantizar la seguridad, la legalidad y la calidad del producto. Aqu\u00ed tienes una gu\u00eda completa que te ayudar\u00e1 a navegar por el proceso con seguridad y confianza.<\/p>\n<h3>Investigar a fondo<\/h3>\n<p>Antes de realizar una compra, es esencial investigar a fondo. Empiece por buscar vendedores en l\u00ednea de buena reputaci\u00f3n que ofrezcan MPT a la venta. Busque sitios web con buena reputaci\u00f3n, rese\u00f1as positivas e informaci\u00f3n transparente sobre sus productos y servicios.<\/p>\n<h3>Comprobar la legitimidad<\/h3>\n<p>Cuando busque posibles proveedores, d\u00e9 prioridad a la legitimidad. Aseg\u00farese de que el sitio web que est\u00e1 considerando tiene licencia para vender TPM legalmente. Los proveedores leg\u00edtimos suelen mostrar de forma destacada sus certificaciones, licencias y cumplimiento de la normativa en su sitio web.<\/p>\n<h3>Comprobar la calidad del producto<\/h3>\n<p>La calidad es primordial a la hora de comprar TPM en l\u00ednea. Busque proveedores que ofrezcan productos de calidad farmac\u00e9utica fabricados en instalaciones certificadas. Adem\u00e1s, los proveedores reputados ofrecen informaci\u00f3n detallada sobre el producto, incluidos los niveles de pureza, las recomendaciones de dosificaci\u00f3n y los posibles efectos secundarios.<\/p>\n<h3>Leer las opiniones de los clientes<\/h3>\n<p>Las opiniones de los clientes son fuentes valiosas para calibrar la fiabilidad y confianza de un proveedor. Revise los comentarios de compradores anteriores sobre la calidad del producto, el servicio de atenci\u00f3n al cliente, los plazos de entrega y la satisfacci\u00f3n general. Las opiniones positivas pueden tranquilizar a la hora de elegir un proveedor.<\/p>\n<h3>Comprender los requisitos legales<\/h3>\n<p>Familiar\u00edcese con los requisitos legales para comprar MPT en su regi\u00f3n. Por ejemplo, comprar MPT sin receta es ilegal en el Reino Unido. Aseg\u00farese de cumplir todas las leyes y normativas aplicables para evitar consecuencias legales.<\/p>\n<h3>Seleccione RCKopen<\/h3>\n<p>Si busca una fuente fiable para comprar MPT en l\u00ednea, considere RCKopen. Como tienda en l\u00ednea de confianza especializada en productos qu\u00edmicos de investigaci\u00f3n, RCKopen ofrece una amplia selecci\u00f3n de productos de alta calidad, incluido el MPT. Con un compromiso con la satisfacci\u00f3n del cliente, la calidad del producto y el cumplimiento legal, RCKopen ofrece una plataforma segura y fiable para comprar MPT en el Reino Unido y otras zonas.<\/p>\n<h3>\u00bfPor qu\u00e9 elegir RCKopen?<\/h3>\n<p>- Amplia selecci\u00f3n: Explore una amplia gama de productos qu\u00edmicos de investigaci\u00f3n, incluido MPT, a la venta.<\/p>\n<p>- Garant\u00eda de calidad: Puede estar seguro de que todos los productos se someten a rigurosas pruebas para garantizar su pureza y potencia.<\/p>\n<p>- Cumplimiento legal: RCKopen opera de conformidad con todas las leyes y normativas aplicables que rigen la venta de productos qu\u00edmicos para investigaci\u00f3n.<\/p>\n<p>- Transacciones seguras: disfrute de tranquilidad con opciones de pago seguras y transacciones encriptadas.<\/p>\n<p>- Excepcional servicio de atenci\u00f3n al cliente: reciba ayuda r\u00e1pida y experta de nuestro equipo de atenci\u00f3n al cliente.<\/p>\n<p>- Env\u00edo r\u00e1pido: disfrute de un env\u00edo r\u00e1pido y discreto hasta su puerta para mayor comodidad.<\/p>\n<p>Reserve su pedido hoy mismo<br \/>\n\u00bfListo para comprar MPT legalmente de una fuente confiable? Visite RCKopen para explorar nuestra selecci\u00f3n de productos qu\u00edmicos de investigaci\u00f3n de alta calidad y realizar su pedido con confianza. Con nuestro compromiso con la legalidad, la calidad y la satisfacci\u00f3n del cliente, RCKopen es su socio de confianza para todas sus necesidades de investigaci\u00f3n qu\u00edmica.<\/p>\n<p>No ponga en peligro la seguridad ni la calidad. Elija RCKopen para disfrutar de una experiencia de compra fluida y fiable. Compre MPT en l\u00ednea hoy mismo y emprenda su viaje de investigaci\u00f3n con confianza.<\/p>","protected":false},"excerpt":{"rendered":"<p><strong>Nombre IUPAC: <\/strong>N-[2-(1H-Indol-3-yl)ethyl]-N-methylpropan-1-amine<\/p>\n<p><strong>CAS # <\/strong>850032-72-3<\/p>\n<p><strong>Otro nombre: <\/strong>N-metil-N-propiltriptamina<\/p>\n<p><strong>Apariencia: <\/strong>polvo<\/p>\n<p><strong>Forma: <\/strong>fumarato<\/p>\n<p><strong>An\u00e1lisis por RMN: <\/strong>C14H20N2<\/p>","protected":false},"featured_media":0,"comment_status":"open","ping_status":"closed","template":"","meta":{"_joinchat":[]},"product_brand":[],"product_cat":[149],"product_tag":[],"class_list":{"0":"post-6756","1":"product","2":"type-product","3":"status-publish","5":"product_cat-tryptaminen","7":"first","8":"instock","9":"shipping-taxable","10":"purchasable","11":"product-type-variable"},"yoast_head":"<!-- This site is optimized with the Yoast SEO plugin v26.3 - https:\/\/yoast.com\/wordpress\/plugins\/seo\/ -->\n<title>4-HO-MPT online Kopen - MPT te koop | RC Kopen<\/title>\n<meta name=\"description\" content=\"4-HO-MPT Kopen, Jouw bestelling voor MPT te koop is onze verantwoordelijkheid. Wij zullen uw bestelling overwegen om MPT te koop.\" \/>\n<meta name=\"robots\" content=\"index, follow, max-snippet:-1, max-image-preview:large, max-video-preview:-1\" \/>\n<link rel=\"canonical\" href=\"https:\/\/rckopen.com\/es\/producto\/mpt\/\" \/>\n<meta property=\"og:locale\" content=\"es_ES\" \/>\n<meta property=\"og:type\" content=\"article\" \/>\n<meta property=\"og:title\" content=\"4-HO-MPT online Kopen - MPT te koop | RC Kopen\" \/>\n<meta property=\"og:description\" content=\"4-HO-MPT Kopen, Jouw bestelling voor MPT te koop is onze verantwoordelijkheid. Wij zullen uw bestelling overwegen om MPT te koop.\" \/>\n<meta property=\"og:url\" content=\"https:\/\/rckopen.com\/es\/producto\/mpt\/\" \/>\n<meta property=\"og:site_name\" content=\"RC Kopen\" \/>\n<meta property=\"article:modified_time\" content=\"2025-02-04T05:27:54+00:00\" \/>\n<meta name=\"twitter:card\" content=\"summary_large_image\" \/>\n<meta name=\"twitter:label1\" content=\"Tiempo de lectura\" \/>\n\t<meta name=\"twitter:data1\" content=\"3 minutos\" \/>\n<script type=\"application\/ld+json\" class=\"yoast-schema-graph\">{\"@context\":\"https:\/\/schema.org\",\"@graph\":[{\"@type\":\"WebPage\",\"@id\":\"https:\/\/rckopen.com\/product\/mpt\/\",\"url\":\"https:\/\/rckopen.com\/product\/mpt\/\",\"name\":\"4-HO-MPT online Kopen - MPT te koop | RC Kopen\",\"isPartOf\":{\"@id\":\"https:\/\/rckopen.com\/#website\"},\"datePublished\":\"2023-08-17T10:59:49+00:00\",\"dateModified\":\"2025-02-04T05:27:54+00:00\",\"description\":\"4-HO-MPT Kopen, Jouw bestelling voor MPT te koop is onze verantwoordelijkheid. Wij zullen uw bestelling overwegen om MPT te koop.\",\"breadcrumb\":{\"@id\":\"https:\/\/rckopen.com\/product\/mpt\/#breadcrumb\"},\"inLanguage\":\"es\",\"potentialAction\":[{\"@type\":\"ReadAction\",\"target\":[\"https:\/\/rckopen.com\/product\/mpt\/\"]}]},{\"@type\":\"BreadcrumbList\",\"@id\":\"https:\/\/rckopen.com\/product\/mpt\/#breadcrumb\",\"itemListElement\":[{\"@type\":\"ListItem\",\"position\":1,\"name\":\"Home\",\"item\":\"https:\/\/rckopen.com\/\"},{\"@type\":\"ListItem\",\"position\":2,\"name\":\"Shop\",\"item\":\"https:\/\/rckopen.com\/shop\/\"},{\"@type\":\"ListItem\",\"position\":3,\"name\":\"MPT online kopen\"}]},{\"@type\":\"WebSite\",\"@id\":\"https:\/\/rckopen.com\/#website\",\"url\":\"https:\/\/rckopen.com\/\",\"name\":\"RC Kopen\",\"description\":\"Research Chemicals\",\"potentialAction\":[{\"@type\":\"SearchAction\",\"target\":{\"@type\":\"EntryPoint\",\"urlTemplate\":\"https:\/\/rckopen.com\/?s={search_term_string}\"},\"query-input\":{\"@type\":\"PropertyValueSpecification\",\"valueRequired\":true,\"valueName\":\"search_term_string\"}}],\"inLanguage\":\"es\"}]}<\/script>\n<!-- \/ Yoast SEO plugin. -->","yoast_head_json":{"title":"4-HO-MPT online Kopen - MPT te koop | RC Kopen","description":"4-HO-MPT Kopen, Jouw bestelling voor MPT te koop is onze verantwoordelijkheid. Wij zullen uw bestelling overwegen om MPT te koop.","robots":{"index":"index","follow":"follow","max-snippet":"max-snippet:-1","max-image-preview":"max-image-preview:large","max-video-preview":"max-video-preview:-1"},"canonical":"https:\/\/rckopen.com\/es\/producto\/mpt\/","og_locale":"es_ES","og_type":"article","og_title":"4-HO-MPT online Kopen - MPT te koop | RC Kopen","og_description":"4-HO-MPT Kopen, Jouw bestelling voor MPT te koop is onze verantwoordelijkheid. Wij zullen uw bestelling overwegen om MPT te koop.","og_url":"https:\/\/rckopen.com\/es\/producto\/mpt\/","og_site_name":"RC Kopen","article_modified_time":"2025-02-04T05:27:54+00:00","twitter_card":"summary_large_image","twitter_misc":{"Tiempo de lectura":"3 minutos"},"schema":{"@context":"https:\/\/schema.org","@graph":[{"@type":"WebPage","@id":"https:\/\/rckopen.com\/product\/mpt\/","url":"https:\/\/rckopen.com\/product\/mpt\/","name":"4-HO-MPT online Kopen - MPT te koop | RC Kopen","isPartOf":{"@id":"https:\/\/rckopen.com\/#website"},"datePublished":"2023-08-17T10:59:49+00:00","dateModified":"2025-02-04T05:27:54+00:00","description":"4-HO-MPT Kopen, Jouw bestelling voor MPT te koop is onze verantwoordelijkheid. Wij zullen uw bestelling overwegen om MPT te koop.","breadcrumb":{"@id":"https:\/\/rckopen.com\/product\/mpt\/#breadcrumb"},"inLanguage":"es","potentialAction":[{"@type":"ReadAction","target":["https:\/\/rckopen.com\/product\/mpt\/"]}]},{"@type":"BreadcrumbList","@id":"https:\/\/rckopen.com\/product\/mpt\/#breadcrumb","itemListElement":[{"@type":"ListItem","position":1,"name":"Home","item":"https:\/\/rckopen.com\/"},{"@type":"ListItem","position":2,"name":"Shop","item":"https:\/\/rckopen.com\/shop\/"},{"@type":"ListItem","position":3,"name":"MPT online kopen"}]},{"@type":"WebSite","@id":"https:\/\/rckopen.com\/#website","url":"https:\/\/rckopen.com\/","name":"RC Kopen","description":"Research Chemicals","potentialAction":[{"@type":"SearchAction","target":{"@type":"EntryPoint","urlTemplate":"https:\/\/rckopen.com\/?s={search_term_string}"},"query-input":{"@type":"PropertyValueSpecification","valueRequired":true,"valueName":"search_term_string"}}],"inLanguage":"es"}]}},"_links":{"self":[{"href":"https:\/\/rckopen.com\/es\/wp-json\/wp\/v2\/product\/6756","targetHints":{"allow":["GET"]}}],"collection":[{"href":"https:\/\/rckopen.com\/es\/wp-json\/wp\/v2\/product"}],"about":[{"href":"https:\/\/rckopen.com\/es\/wp-json\/wp\/v2\/types\/product"}],"replies":[{"embeddable":true,"href":"https:\/\/rckopen.com\/es\/wp-json\/wp\/v2\/comments?post=6756"}],"wp:attachment":[{"href":"https:\/\/rckopen.com\/es\/wp-json\/wp\/v2\/media?parent=6756"}],"wp:term":[{"taxonomy":"product_brand","embeddable":true,"href":"https:\/\/rckopen.com\/es\/wp-json\/wp\/v2\/product_brand?post=6756"},{"taxonomy":"product_cat","embeddable":true,"href":"https:\/\/rckopen.com\/es\/wp-json\/wp\/v2\/product_cat?post=6756"},{"taxonomy":"product_tag","embeddable":true,"href":"https:\/\/rckopen.com\/es\/wp-json\/wp\/v2\/product_tag?post=6756"}],"curies":[{"name":"wp","href":"https:\/\/api.w.org\/{rel}","templated":true}]}}