{"id":6758,"date":"2023-08-17T11:02:40","date_gmt":"2023-08-17T11:02:40","guid":{"rendered":"https:\/\/diligentplug.com\/chems\/?post_type=product&#038;p=6758"},"modified":"2025-02-01T08:40:08","modified_gmt":"2025-02-01T08:40:08","slug":"5-meo-met","status":"publish","type":"product","link":"https:\/\/rckopen.com\/es\/producto\/5-meo-con\/","title":{"rendered":"5-MEO-MET"},"content":{"rendered":"<h2>5-MEO-MET online kopen<\/h2>\n<p>Su gu\u00eda completa para comprar en l\u00ednea <a href=\"https:\/\/rckopen.com\/es\/producto\/5-meo-con\/\">5-MEO-MET<\/a><br \/>\n\u00bfEst\u00e1 pensando en pedir 5-MEO-MET? No pase nada por alto. Aqu\u00ed encontrar\u00e1 todo lo que necesita saber para realizar una compra inteligente.<br \/>\nComprender 5-MEO-MET<\/p>\n<p>5-Metoxi-N-etil-N-metiltriptamina, m\u00e1s conocida como <a href=\"https:\/\/en.wikipedia.org\/wiki\/5-MeO-MET\">5-MEO-MET<\/a>, es una poderosa sustancia psicod\u00e9lica perteneciente a la clase de las triptaminas. Es conocido por sus efectos \u00fanicos sobre la conciencia, incluidas distorsiones visuales, percepci\u00f3n alterada del tiempo y una profunda introspecci\u00f3n.<\/p>\n<h3>\u00bfPor qu\u00e9 comprar 5-MEO-MET en l\u00ednea?<\/h3>\n<p>1. Comodidad: Comprar 5-MEO-MET en l\u00ednea le ofrece una comodidad inigualable. Desde la comodidad de su sill\u00f3n, puede navegar por una amplia selecci\u00f3n de productos.<\/p>\n<p>2. Privacidad: Las compras en l\u00ednea ofrecen una forma discreta de encargar 5-MEO-MET sin atraer una atenci\u00f3n no deseada.<\/p>\n<p>3. Variedad: Los vendedores online suelen ofrecer una gama de productos m\u00e1s amplia que las tiendas f\u00edsicas tradicionales, lo que te permite elegir entre diferentes formas y dosis.<\/p>\n<h3>\u00bfD\u00f3nde puedo comprar 5-MEO-MET online?<\/h3>\n<p>Encontrar una fuente confiable para comprar 5-MEO-MET es crucial para una experiencia segura y satisfactoria. A continuaci\u00f3n se presentan algunos factores a tener en cuenta al elegir un proveedor en l\u00ednea:<\/p>\n<p>1. Reputaci\u00f3n: Elija proveedores con un historial demostrado de entrega de productos de alta calidad y excelente servicio al cliente.<\/p>\n<p>2. Opiniones: Compruebe las opiniones y los testimonios de los clientes para calibrar la fiabilidad del proveedor.<\/p>\n<p>3. Legalidad: Aseg\u00farese de que el vendedor opera dentro de los l\u00edmites legales de su jurisdicci\u00f3n para comprar 5-MEO-MET legalmente.<\/p>\n<h3>RCkopen.com: tu tienda 5-MEO-MET de confianza<\/h3>\n<p><a href=\"https:\/\/rckopen.com\/es\/\">RCKOpen.com<\/a> es su destino favorito para comprar 5-MEO-MET en l\u00ednea para la venta. Esta es la raz\u00f3n:<\/p>\n<p>1. Garant\u00eda de calidad: En RCkopen.com priorizamos la calidad y la pureza. Nuestros productos se someten a rigurosas pruebas para garantizar el cumplimiento de los est\u00e1ndares de la industria.<\/p>\n<p>2. Amplia selecci\u00f3n: Explore nuestra amplia gama de productos 5-MEO-MET, incluyendo polvo y pellets, para encontrar la opci\u00f3n que mejor se adapte a sus necesidades.<\/p>\n<p>3. Transacciones seguras: Damos prioridad a su privacidad y seguridad. Disfrute de transacciones seguras y encriptadas al comprar 5-MEO-MET en rckopen.com.<\/p>\n<h3>C\u00f3mo pedir 5-MEO-MET a trav\u00e9s de rckopen.com<\/h3>\n<p>1. Visite nuestro sitio web: visite RCkopen.com para explorar nuestra selecci\u00f3n de productos 5-MEO-MET a la venta.<\/p>\n<p>2. Seleccione su producto: Elija la forma y la cantidad deseadas de 5-MEO-MET de nuestro cat\u00e1logo.<\/p>\n<p>3. Realice su pedido: Siga el sencillo proceso de pago para realizar su pedido de forma segura.<\/p>\n<p>4. Reciba su paquete: Si\u00e9ntese y rel\u00e1jese mientras le entregamos discretamente su 5-MEO-MET en su domicilio.<\/p>\n<h3>Comprar 5-MEO-MET sin receta en rckopen.com<\/h3>\n<p>En RCkopen.com entendemos la importancia de la accesibilidad. Por eso ofrecemos la comodidad de comprar 5-MEO-MET sin receta.<\/p>\n<p>\u00bfEst\u00e1 usted radicado en el Reino Unido? Rckopen.com atiende a clientes de todo el Reino Unido y ofrece opciones de env\u00edo r\u00e1pidas y confiables para su conveniencia. Compre 5-MEO-MET en l\u00ednea s\u00f3lo con nosotros en el Reino Unido.<\/p>","protected":false},"excerpt":{"rendered":"<p><strong>Nombre IUPAC: <\/strong>null<\/p>\n<p><strong>CAS # <\/strong>null<\/p>\n<p><strong>Otro nombre: <\/strong>5-MEO-MET<\/p>\n<p><strong>Apariencia: <\/strong>polvo<\/p>\n<p><strong>Forma: <\/strong>fumarato<\/p>\n<p><strong>An\u00e1lisis por RMN: <\/strong>N\/A<\/p>","protected":false},"featured_media":6946,"comment_status":"open","ping_status":"closed","template":"","meta":{"_joinchat":[]},"product_brand":[],"product_cat":[149],"product_tag":[],"class_list":{"0":"post-6758","1":"product","2":"type-product","3":"status-publish","4":"has-post-thumbnail","6":"product_cat-tryptaminen","8":"first","9":"instock","10":"shipping-taxable","11":"purchasable","12":"product-type-variable"},"yoast_head":"<!-- This site is optimized with the Yoast SEO plugin v26.3 - https:\/\/yoast.com\/wordpress\/plugins\/seo\/ -->\n<title>5 Meo Met online kopen - 5 Meo Met te koop<\/title>\n<meta name=\"description\" content=\"5 Meo Met online kopen op onze website voor producten van hoge kwaliteit. Geniet van het gemak van het bestellen van 5 Meo Met te koop en ervaar de beste service en productvariatie. Plaats nu uw bestelling!\" \/>\n<meta name=\"robots\" content=\"index, follow, max-snippet:-1, max-image-preview:large, max-video-preview:-1\" \/>\n<link rel=\"canonical\" href=\"https:\/\/rckopen.com\/es\/producto\/5-meo-con\/\" \/>\n<meta property=\"og:locale\" content=\"es_ES\" \/>\n<meta property=\"og:type\" content=\"article\" \/>\n<meta property=\"og:title\" content=\"5 Meo Met online kopen - 5 Meo Met te koop\" \/>\n<meta property=\"og:description\" content=\"5 Meo Met online kopen op onze website voor producten van hoge kwaliteit. Geniet van het gemak van het bestellen van 5 Meo Met te koop en ervaar de beste service en productvariatie. Plaats nu uw bestelling!\" \/>\n<meta property=\"og:url\" content=\"https:\/\/rckopen.com\/es\/producto\/5-meo-con\/\" \/>\n<meta property=\"og:site_name\" content=\"RC Kopen\" \/>\n<meta property=\"article:modified_time\" content=\"2025-02-01T08:40:08+00:00\" \/>\n<meta property=\"og:image\" content=\"https:\/\/rckopen.com\/wp-content\/uploads\/2023\/08\/5-MEO-MET.jpg\" \/>\n\t<meta property=\"og:image:width\" content=\"600\" \/>\n\t<meta property=\"og:image:height\" content=\"600\" \/>\n\t<meta property=\"og:image:type\" content=\"image\/jpeg\" \/>\n<meta name=\"twitter:card\" content=\"summary_large_image\" \/>\n<meta name=\"twitter:label1\" content=\"Tiempo de lectura\" \/>\n\t<meta name=\"twitter:data1\" content=\"3 minutos\" \/>\n<script type=\"application\/ld+json\" class=\"yoast-schema-graph\">{\"@context\":\"https:\/\/schema.org\",\"@graph\":[{\"@type\":\"WebPage\",\"@id\":\"https:\/\/rckopen.com\/product\/5-meo-met\/\",\"url\":\"https:\/\/rckopen.com\/product\/5-meo-met\/\",\"name\":\"5 Meo Met online kopen - 5 Meo Met te koop\",\"isPartOf\":{\"@id\":\"https:\/\/rckopen.com\/#website\"},\"primaryImageOfPage\":{\"@id\":\"https:\/\/rckopen.com\/product\/5-meo-met\/#primaryimage\"},\"image\":{\"@id\":\"https:\/\/rckopen.com\/product\/5-meo-met\/#primaryimage\"},\"thumbnailUrl\":\"https:\/\/rckopen.com\/wp-content\/uploads\/2023\/08\/5-MEO-MET.jpg\",\"datePublished\":\"2023-08-17T11:02:40+00:00\",\"dateModified\":\"2025-02-01T08:40:08+00:00\",\"description\":\"5 Meo Met online kopen op onze website voor producten van hoge kwaliteit. Geniet van het gemak van het bestellen van 5 Meo Met te koop en ervaar de beste service en productvariatie. Plaats nu uw bestelling!\",\"breadcrumb\":{\"@id\":\"https:\/\/rckopen.com\/product\/5-meo-met\/#breadcrumb\"},\"inLanguage\":\"es\",\"potentialAction\":[{\"@type\":\"ReadAction\",\"target\":[\"https:\/\/rckopen.com\/product\/5-meo-met\/\"]}]},{\"@type\":\"ImageObject\",\"inLanguage\":\"es\",\"@id\":\"https:\/\/rckopen.com\/product\/5-meo-met\/#primaryimage\",\"url\":\"https:\/\/rckopen.com\/wp-content\/uploads\/2023\/08\/5-MEO-MET.jpg\",\"contentUrl\":\"https:\/\/rckopen.com\/wp-content\/uploads\/2023\/08\/5-MEO-MET.jpg\",\"width\":600,\"height\":600,\"caption\":\"5-MEO-MET\"},{\"@type\":\"BreadcrumbList\",\"@id\":\"https:\/\/rckopen.com\/product\/5-meo-met\/#breadcrumb\",\"itemListElement\":[{\"@type\":\"ListItem\",\"position\":1,\"name\":\"Home\",\"item\":\"https:\/\/rckopen.com\/\"},{\"@type\":\"ListItem\",\"position\":2,\"name\":\"Shop\",\"item\":\"https:\/\/rckopen.com\/shop\/\"},{\"@type\":\"ListItem\",\"position\":3,\"name\":\"5-MEO-MET\"}]},{\"@type\":\"WebSite\",\"@id\":\"https:\/\/rckopen.com\/#website\",\"url\":\"https:\/\/rckopen.com\/\",\"name\":\"RC Kopen\",\"description\":\"Research Chemicals\",\"potentialAction\":[{\"@type\":\"SearchAction\",\"target\":{\"@type\":\"EntryPoint\",\"urlTemplate\":\"https:\/\/rckopen.com\/?s={search_term_string}\"},\"query-input\":{\"@type\":\"PropertyValueSpecification\",\"valueRequired\":true,\"valueName\":\"search_term_string\"}}],\"inLanguage\":\"es\"}]}<\/script>\n<!-- \/ Yoast SEO plugin. -->","yoast_head_json":{"title":"5 Meo Met online kopen - 5 Meo Met te koop","description":"5 Meo Met online kopen op onze website voor producten van hoge kwaliteit. Geniet van het gemak van het bestellen van 5 Meo Met te koop en ervaar de beste service en productvariatie. Plaats nu uw bestelling!","robots":{"index":"index","follow":"follow","max-snippet":"max-snippet:-1","max-image-preview":"max-image-preview:large","max-video-preview":"max-video-preview:-1"},"canonical":"https:\/\/rckopen.com\/es\/producto\/5-meo-con\/","og_locale":"es_ES","og_type":"article","og_title":"5 Meo Met online kopen - 5 Meo Met te koop","og_description":"5 Meo Met online kopen op onze website voor producten van hoge kwaliteit. Geniet van het gemak van het bestellen van 5 Meo Met te koop en ervaar de beste service en productvariatie. Plaats nu uw bestelling!","og_url":"https:\/\/rckopen.com\/es\/producto\/5-meo-con\/","og_site_name":"RC Kopen","article_modified_time":"2025-02-01T08:40:08+00:00","og_image":[{"width":600,"height":600,"url":"https:\/\/rckopen.com\/wp-content\/uploads\/2023\/08\/5-MEO-MET.jpg","type":"image\/jpeg"}],"twitter_card":"summary_large_image","twitter_misc":{"Tiempo de lectura":"3 minutos"},"schema":{"@context":"https:\/\/schema.org","@graph":[{"@type":"WebPage","@id":"https:\/\/rckopen.com\/product\/5-meo-met\/","url":"https:\/\/rckopen.com\/product\/5-meo-met\/","name":"5 Meo Met online kopen - 5 Meo Met te koop","isPartOf":{"@id":"https:\/\/rckopen.com\/#website"},"primaryImageOfPage":{"@id":"https:\/\/rckopen.com\/product\/5-meo-met\/#primaryimage"},"image":{"@id":"https:\/\/rckopen.com\/product\/5-meo-met\/#primaryimage"},"thumbnailUrl":"https:\/\/rckopen.com\/wp-content\/uploads\/2023\/08\/5-MEO-MET.jpg","datePublished":"2023-08-17T11:02:40+00:00","dateModified":"2025-02-01T08:40:08+00:00","description":"5 Meo Met online kopen op onze website voor producten van hoge kwaliteit. Geniet van het gemak van het bestellen van 5 Meo Met te koop en ervaar de beste service en productvariatie. Plaats nu uw bestelling!","breadcrumb":{"@id":"https:\/\/rckopen.com\/product\/5-meo-met\/#breadcrumb"},"inLanguage":"es","potentialAction":[{"@type":"ReadAction","target":["https:\/\/rckopen.com\/product\/5-meo-met\/"]}]},{"@type":"ImageObject","inLanguage":"es","@id":"https:\/\/rckopen.com\/product\/5-meo-met\/#primaryimage","url":"https:\/\/rckopen.com\/wp-content\/uploads\/2023\/08\/5-MEO-MET.jpg","contentUrl":"https:\/\/rckopen.com\/wp-content\/uploads\/2023\/08\/5-MEO-MET.jpg","width":600,"height":600,"caption":"5-MEO-MET"},{"@type":"BreadcrumbList","@id":"https:\/\/rckopen.com\/product\/5-meo-met\/#breadcrumb","itemListElement":[{"@type":"ListItem","position":1,"name":"Home","item":"https:\/\/rckopen.com\/"},{"@type":"ListItem","position":2,"name":"Shop","item":"https:\/\/rckopen.com\/shop\/"},{"@type":"ListItem","position":3,"name":"5-MEO-MET"}]},{"@type":"WebSite","@id":"https:\/\/rckopen.com\/#website","url":"https:\/\/rckopen.com\/","name":"RC Kopen","description":"Research Chemicals","potentialAction":[{"@type":"SearchAction","target":{"@type":"EntryPoint","urlTemplate":"https:\/\/rckopen.com\/?s={search_term_string}"},"query-input":{"@type":"PropertyValueSpecification","valueRequired":true,"valueName":"search_term_string"}}],"inLanguage":"es"}]}},"_links":{"self":[{"href":"https:\/\/rckopen.com\/es\/wp-json\/wp\/v2\/product\/6758","targetHints":{"allow":["GET"]}}],"collection":[{"href":"https:\/\/rckopen.com\/es\/wp-json\/wp\/v2\/product"}],"about":[{"href":"https:\/\/rckopen.com\/es\/wp-json\/wp\/v2\/types\/product"}],"replies":[{"embeddable":true,"href":"https:\/\/rckopen.com\/es\/wp-json\/wp\/v2\/comments?post=6758"}],"wp:featuredmedia":[{"embeddable":true,"href":"https:\/\/rckopen.com\/es\/wp-json\/wp\/v2\/media\/6946"}],"wp:attachment":[{"href":"https:\/\/rckopen.com\/es\/wp-json\/wp\/v2\/media?parent=6758"}],"wp:term":[{"taxonomy":"product_brand","embeddable":true,"href":"https:\/\/rckopen.com\/es\/wp-json\/wp\/v2\/product_brand?post=6758"},{"taxonomy":"product_cat","embeddable":true,"href":"https:\/\/rckopen.com\/es\/wp-json\/wp\/v2\/product_cat?post=6758"},{"taxonomy":"product_tag","embeddable":true,"href":"https:\/\/rckopen.com\/es\/wp-json\/wp\/v2\/product_tag?post=6758"}],"curies":[{"name":"wp","href":"https:\/\/api.w.org\/{rel}","templated":true}]}}