{"id":6771,"date":"2023-08-17T11:07:31","date_gmt":"2023-08-17T11:07:31","guid":{"rendered":"https:\/\/diligentplug.com\/chems\/?post_type=product&#038;p=6771"},"modified":"2025-01-31T05:24:05","modified_gmt":"2025-01-31T05:24:05","slug":"4-ho-ept","status":"publish","type":"product","link":"https:\/\/rckopen.com\/es\/producto\/4-ho-ept\/","title":{"rendered":"Comprar 4-HO-EPT en l\u00ednea"},"content":{"rendered":"<h2>Ontdek de beste plek om 4-HO-EPT online kopen \u2013 RCKopen<\/h2>\n<p>Bienvenido a <a href=\"https:\/\/rckopen.com\/es\/\">Rckopen.com<\/a>, su destino n\u00famero uno para comprar <a href=\"https:\/\/rckopen.com\/es\/producto\/4-ho-ept\/\">4-HO-EPT<\/a> y otros productos qu\u00edmicos de investigaci\u00f3n. Ya sea un investigador acad\u00e9mico, un entusiasta de la qu\u00edmica o un profesional en el campo, ofrecemos una plataforma segura para adquirir f\u00e1cilmente 4-HO-EPT de alta calidad.<\/p>\n<h3>\u00bfPor qu\u00e9 elegir RCKopen para sus necesidades de 4-HO-EPT?<\/h3>\n<p>En RCKopen nos enorgullecemos de ofrecer servicios de primera clase. <a href=\"https:\/\/en.wikipedia.org\/wiki\/4-HO-EPT\">4-HO-EPT<\/a> Ofrecemos venta y brindamos un servicio al cliente excepcional. Por eso nos destacamos:<br \/>\nVariedad: Explore nuestra amplia selecci\u00f3n de productos qu\u00edmicos de investigaci\u00f3n, pida 4-HO-EPT, para asegurarse de encontrar los compuestos que necesita para sus estudios o experimentos.<\/p>\n<p>Garant\u00eda de calidad: Suministramos nuestro 4-HO-EPT a proveedores de confianza, lo que garantiza la pureza y autenticidad de todos los productos que ofrecemos.<br \/>\nCumplimiento legal: Puede estar seguro de que cuando nos compra 4-HO-EPT, lo obtiene legalmente. Cumplimos todas las normativas y directrices y garantizamos un proceso de compra fluido y conforme a la ley.<\/p>\n<p>Transacciones seguras: su seguridad es nuestra prioridad. Con pasarelas de pago encriptadas y procesos de compra seguros, puedes comprar 4-HO-EPT con toda confianza.<\/p>\n<p>\u00bfD\u00f3nde se puede comprar 4-HO-EPT sin receta? No busque m\u00e1s.<br \/>\n\u00bfD\u00f3nde comprar 4-HO-EPT sin receta? RCKopen le ayuda. A trav\u00e9s de nuestra plataforma, puede comprar 4-HO-EPT sin problemas, sin necesidad de receta. Simplemente navegue por nuestro sitio web, a\u00f1ada los productos deseados a la cesta y proceda a la compra - as\u00ed de sencillo.<\/p>\n<h3>Experimente la comodidad de comprar 4-HO-EPT en l\u00ednea<\/h3>\n<p>Olv\u00eddese de la molestia de visitar varias tiendas en busca de 4-HO-EPT. Con RCKopen, puede comprar 4-HO-EPT en l\u00ednea desde la comodidad de su sill\u00f3n. Nuestra interfaz f\u00e1cil de usar hace que navegar y comprar sea pan comido, ahorr\u00e1ndote tiempo y esfuerzo.<\/p>\n<h3>Compre 4-HO-EPT en l\u00ednea de forma legal en el Reino Unido y en el extranjero<\/h3>\n<p>Para los clientes en el Reino Unido y en el extranjero, RCKopen ofrece una soluci\u00f3n conveniente para comprar 4-HO-EPT legalmente. Tanto si realiza investigaciones en el \u00e1mbito acad\u00e9mico como en el industrial, nuestra plataforma garantiza el acceso a 4-HO-EPT en cumplimiento de las leyes y normativas aplicables.<\/p>\n<h3>\u00bfListo para comenzar? \u00a1Compre 4-HO-EPT en l\u00ednea hoy!<\/h3>\n<p>No espere m\u00e1s para comprar 4-HO-EPT en el Reino Unido para sus esfuerzos de investigaci\u00f3n. Explore nuestro sitio web, eche un vistazo a nuestra gama de productos y haga su pedido hoy mismo. Con env\u00edo r\u00e1pido y servicio confiable, RCKopen es su destino preferido para comprar 4-HO-EPT en l\u00ednea. Libere el potencial de su investigaci\u00f3n con RCKopen.<\/p>","protected":false},"excerpt":{"rendered":"<p><strong>Nombre IUPAC: <\/strong>3-{2-[Ethyl(propyl)amino]ethyl}-1H-indol-4-ol<\/p>\n<p><strong>CAS # <\/strong>N\/A<\/p>\n<p><strong>Otro nombre: <\/strong>4-hidroxi-N-etil-N-propiltriptamina<\/p>\n<p><strong>Apariencia: <\/strong>polvo<\/p>\n<p><strong>Forma: <\/strong>fumarato<\/p>\n<p><strong>An\u00e1lisis por RMN: <\/strong>C15H22N2O<\/p>","protected":false},"featured_media":6948,"comment_status":"open","ping_status":"closed","template":"","meta":{"_joinchat":[]},"product_brand":[],"product_cat":[149],"product_tag":[],"class_list":{"0":"post-6771","1":"product","2":"type-product","3":"status-publish","4":"has-post-thumbnail","6":"product_cat-tryptaminen","8":"first","9":"instock","10":"shipping-taxable","11":"purchasable","12":"product-type-variable"},"yoast_head":"<!-- This site is optimized with the Yoast SEO plugin v26.3 - https:\/\/yoast.com\/wordpress\/plugins\/seo\/ -->\n<title>4-Ho-EPT online kopen - 4-Ho-EPT te koop | RC Kopen<\/title>\n<meta name=\"description\" content=\"In onze RC Kopen online winkel hebben we 4-Ho-EPT te koop. 4-Ho-EPT kunt u bij ons eenvoudig online kopen van topkwaliteit tegen de beste prijzen. Bestel nu!\" \/>\n<meta name=\"robots\" content=\"index, follow, max-snippet:-1, max-image-preview:large, max-video-preview:-1\" \/>\n<link rel=\"canonical\" href=\"https:\/\/rckopen.com\/es\/producto\/4-ho-ept\/\" \/>\n<meta property=\"og:locale\" content=\"es_ES\" \/>\n<meta property=\"og:type\" content=\"article\" \/>\n<meta property=\"og:title\" content=\"4-Ho-EPT online kopen - 4-Ho-EPT te koop | RC Kopen\" \/>\n<meta property=\"og:description\" content=\"In onze RC Kopen online winkel hebben we 4-Ho-EPT te koop. 4-Ho-EPT kunt u bij ons eenvoudig online kopen van topkwaliteit tegen de beste prijzen. Bestel nu!\" \/>\n<meta property=\"og:url\" content=\"https:\/\/rckopen.com\/es\/producto\/4-ho-ept\/\" \/>\n<meta property=\"og:site_name\" content=\"RC Kopen\" \/>\n<meta property=\"article:modified_time\" content=\"2025-01-31T05:24:05+00:00\" \/>\n<meta property=\"og:image\" content=\"https:\/\/rckopen.com\/wp-content\/uploads\/2023\/08\/4-HO-EPT.jpg\" \/>\n\t<meta property=\"og:image:width\" content=\"600\" \/>\n\t<meta property=\"og:image:height\" content=\"600\" \/>\n\t<meta property=\"og:image:type\" content=\"image\/jpeg\" \/>\n<meta name=\"twitter:card\" content=\"summary_large_image\" \/>\n<meta name=\"twitter:label1\" content=\"Tiempo de lectura\" \/>\n\t<meta name=\"twitter:data1\" content=\"2 minutos\" \/>\n<script type=\"application\/ld+json\" class=\"yoast-schema-graph\">{\"@context\":\"https:\/\/schema.org\",\"@graph\":[{\"@type\":\"WebPage\",\"@id\":\"https:\/\/rckopen.com\/product\/4-ho-ept\/\",\"url\":\"https:\/\/rckopen.com\/product\/4-ho-ept\/\",\"name\":\"4-Ho-EPT online kopen - 4-Ho-EPT te koop | RC Kopen\",\"isPartOf\":{\"@id\":\"https:\/\/rckopen.com\/#website\"},\"primaryImageOfPage\":{\"@id\":\"https:\/\/rckopen.com\/product\/4-ho-ept\/#primaryimage\"},\"image\":{\"@id\":\"https:\/\/rckopen.com\/product\/4-ho-ept\/#primaryimage\"},\"thumbnailUrl\":\"https:\/\/rckopen.com\/wp-content\/uploads\/2023\/08\/4-HO-EPT.jpg\",\"datePublished\":\"2023-08-17T11:07:31+00:00\",\"dateModified\":\"2025-01-31T05:24:05+00:00\",\"description\":\"In onze RC Kopen online winkel hebben we 4-Ho-EPT te koop. 4-Ho-EPT kunt u bij ons eenvoudig online kopen van topkwaliteit tegen de beste prijzen. Bestel nu!\",\"breadcrumb\":{\"@id\":\"https:\/\/rckopen.com\/product\/4-ho-ept\/#breadcrumb\"},\"inLanguage\":\"es\",\"potentialAction\":[{\"@type\":\"ReadAction\",\"target\":[\"https:\/\/rckopen.com\/product\/4-ho-ept\/\"]}]},{\"@type\":\"ImageObject\",\"inLanguage\":\"es\",\"@id\":\"https:\/\/rckopen.com\/product\/4-ho-ept\/#primaryimage\",\"url\":\"https:\/\/rckopen.com\/wp-content\/uploads\/2023\/08\/4-HO-EPT.jpg\",\"contentUrl\":\"https:\/\/rckopen.com\/wp-content\/uploads\/2023\/08\/4-HO-EPT.jpg\",\"width\":600,\"height\":600,\"caption\":\"4-HO-EPT online kopen\"},{\"@type\":\"BreadcrumbList\",\"@id\":\"https:\/\/rckopen.com\/product\/4-ho-ept\/#breadcrumb\",\"itemListElement\":[{\"@type\":\"ListItem\",\"position\":1,\"name\":\"Home\",\"item\":\"https:\/\/rckopen.com\/\"},{\"@type\":\"ListItem\",\"position\":2,\"name\":\"Shop\",\"item\":\"https:\/\/rckopen.com\/shop\/\"},{\"@type\":\"ListItem\",\"position\":3,\"name\":\"4-HO-EPT online kopen\"}]},{\"@type\":\"WebSite\",\"@id\":\"https:\/\/rckopen.com\/#website\",\"url\":\"https:\/\/rckopen.com\/\",\"name\":\"RC Kopen\",\"description\":\"Research Chemicals\",\"potentialAction\":[{\"@type\":\"SearchAction\",\"target\":{\"@type\":\"EntryPoint\",\"urlTemplate\":\"https:\/\/rckopen.com\/?s={search_term_string}\"},\"query-input\":{\"@type\":\"PropertyValueSpecification\",\"valueRequired\":true,\"valueName\":\"search_term_string\"}}],\"inLanguage\":\"es\"}]}<\/script>\n<!-- \/ Yoast SEO plugin. -->","yoast_head_json":{"title":"4-Ho-EPT online kopen - 4-Ho-EPT te koop | RC Kopen","description":"In onze RC Kopen online winkel hebben we 4-Ho-EPT te koop. 4-Ho-EPT kunt u bij ons eenvoudig online kopen van topkwaliteit tegen de beste prijzen. Bestel nu!","robots":{"index":"index","follow":"follow","max-snippet":"max-snippet:-1","max-image-preview":"max-image-preview:large","max-video-preview":"max-video-preview:-1"},"canonical":"https:\/\/rckopen.com\/es\/producto\/4-ho-ept\/","og_locale":"es_ES","og_type":"article","og_title":"4-Ho-EPT online kopen - 4-Ho-EPT te koop | RC Kopen","og_description":"In onze RC Kopen online winkel hebben we 4-Ho-EPT te koop. 4-Ho-EPT kunt u bij ons eenvoudig online kopen van topkwaliteit tegen de beste prijzen. Bestel nu!","og_url":"https:\/\/rckopen.com\/es\/producto\/4-ho-ept\/","og_site_name":"RC Kopen","article_modified_time":"2025-01-31T05:24:05+00:00","og_image":[{"width":600,"height":600,"url":"https:\/\/rckopen.com\/wp-content\/uploads\/2023\/08\/4-HO-EPT.jpg","type":"image\/jpeg"}],"twitter_card":"summary_large_image","twitter_misc":{"Tiempo de lectura":"2 minutos"},"schema":{"@context":"https:\/\/schema.org","@graph":[{"@type":"WebPage","@id":"https:\/\/rckopen.com\/product\/4-ho-ept\/","url":"https:\/\/rckopen.com\/product\/4-ho-ept\/","name":"4-Ho-EPT online kopen - 4-Ho-EPT te koop | RC Kopen","isPartOf":{"@id":"https:\/\/rckopen.com\/#website"},"primaryImageOfPage":{"@id":"https:\/\/rckopen.com\/product\/4-ho-ept\/#primaryimage"},"image":{"@id":"https:\/\/rckopen.com\/product\/4-ho-ept\/#primaryimage"},"thumbnailUrl":"https:\/\/rckopen.com\/wp-content\/uploads\/2023\/08\/4-HO-EPT.jpg","datePublished":"2023-08-17T11:07:31+00:00","dateModified":"2025-01-31T05:24:05+00:00","description":"In onze RC Kopen online winkel hebben we 4-Ho-EPT te koop. 4-Ho-EPT kunt u bij ons eenvoudig online kopen van topkwaliteit tegen de beste prijzen. Bestel nu!","breadcrumb":{"@id":"https:\/\/rckopen.com\/product\/4-ho-ept\/#breadcrumb"},"inLanguage":"es","potentialAction":[{"@type":"ReadAction","target":["https:\/\/rckopen.com\/product\/4-ho-ept\/"]}]},{"@type":"ImageObject","inLanguage":"es","@id":"https:\/\/rckopen.com\/product\/4-ho-ept\/#primaryimage","url":"https:\/\/rckopen.com\/wp-content\/uploads\/2023\/08\/4-HO-EPT.jpg","contentUrl":"https:\/\/rckopen.com\/wp-content\/uploads\/2023\/08\/4-HO-EPT.jpg","width":600,"height":600,"caption":"4-HO-EPT online kopen"},{"@type":"BreadcrumbList","@id":"https:\/\/rckopen.com\/product\/4-ho-ept\/#breadcrumb","itemListElement":[{"@type":"ListItem","position":1,"name":"Home","item":"https:\/\/rckopen.com\/"},{"@type":"ListItem","position":2,"name":"Shop","item":"https:\/\/rckopen.com\/shop\/"},{"@type":"ListItem","position":3,"name":"4-HO-EPT online kopen"}]},{"@type":"WebSite","@id":"https:\/\/rckopen.com\/#website","url":"https:\/\/rckopen.com\/","name":"RC Kopen","description":"Research Chemicals","potentialAction":[{"@type":"SearchAction","target":{"@type":"EntryPoint","urlTemplate":"https:\/\/rckopen.com\/?s={search_term_string}"},"query-input":{"@type":"PropertyValueSpecification","valueRequired":true,"valueName":"search_term_string"}}],"inLanguage":"es"}]}},"_links":{"self":[{"href":"https:\/\/rckopen.com\/es\/wp-json\/wp\/v2\/product\/6771","targetHints":{"allow":["GET"]}}],"collection":[{"href":"https:\/\/rckopen.com\/es\/wp-json\/wp\/v2\/product"}],"about":[{"href":"https:\/\/rckopen.com\/es\/wp-json\/wp\/v2\/types\/product"}],"replies":[{"embeddable":true,"href":"https:\/\/rckopen.com\/es\/wp-json\/wp\/v2\/comments?post=6771"}],"wp:featuredmedia":[{"embeddable":true,"href":"https:\/\/rckopen.com\/es\/wp-json\/wp\/v2\/media\/6948"}],"wp:attachment":[{"href":"https:\/\/rckopen.com\/es\/wp-json\/wp\/v2\/media?parent=6771"}],"wp:term":[{"taxonomy":"product_brand","embeddable":true,"href":"https:\/\/rckopen.com\/es\/wp-json\/wp\/v2\/product_brand?post=6771"},{"taxonomy":"product_cat","embeddable":true,"href":"https:\/\/rckopen.com\/es\/wp-json\/wp\/v2\/product_cat?post=6771"},{"taxonomy":"product_tag","embeddable":true,"href":"https:\/\/rckopen.com\/es\/wp-json\/wp\/v2\/product_tag?post=6771"}],"curies":[{"name":"wp","href":"https:\/\/api.w.org\/{rel}","templated":true}]}}