{"id":6772,"date":"2023-08-17T11:08:31","date_gmt":"2023-08-17T11:08:31","guid":{"rendered":"https:\/\/diligentplug.com\/chems\/?post_type=product&#038;p=6772"},"modified":"2025-01-31T05:22:13","modified_gmt":"2025-01-31T05:22:13","slug":"4-ho-dpt","status":"publish","type":"product","link":"https:\/\/rckopen.com\/es\/producto\/4-ho-dpt\/","title":{"rendered":"Comprar 4-HO-DPT en l\u00ednea"},"content":{"rendered":"<h2>Ontdek de ultieme bestemming voor 4-HO-DPT online kopen liefhebbers &#8211; RCKopen<\/h2>\n<p>Bienvenido a <a href=\"https:\/\/rckopen.com\/es\/\">Rckopen.com<\/a>, su destino n\u00famero uno para comprar <a href=\"https:\/\/rckopen.com\/es\/producto\/4-ho-dpt\/\">4-HO-DPT<\/a> Para la venta y otros productos qu\u00edmicos de investigaci\u00f3n de primera calidad. Ofrecemos una plataforma en l\u00ednea perfecta donde los entusiastas como usted pueden acceder f\u00e1cilmente a una amplia gama de productos para respaldar sus esfuerzos de investigaci\u00f3n.<\/p>\n<h3>Su fuente de confianza para productos 4-HO-DPT<\/h3>\n<p>Bienvenido a RCKopen, donde encontrar\u00e1 una fuente confiable y de buena reputaci\u00f3n para comprar 4-HO-DPT en l\u00ednea. Nos enorgullecemos de ser su destino preferido para productos qu\u00edmicos de investigaci\u00f3n de primera calidad. Con nuestro compromiso con la calidad, el cumplimiento y la satisfacci\u00f3n del cliente, puede confiar en que le brindaremos lo mejor. <a href=\"https:\/\/en.wikipedia.org\/wiki\/4-HO-DPT\">4-HO-DPT<\/a>-proporcionarle los productos que necesita para sus esfuerzos de investigaci\u00f3n. Descubra nuestra plataforma hoy y experimente la diferencia entre comprar a un proveedor confiable.<\/p>\n<h3>Asegura tu entrega de 4-HO-DPT compra online<\/h3>\n<p>\u00bfQuiere saber d\u00f3nde comprar 4-HO-DPT en l\u00ednea? No busques m\u00e1s. En RCKopen entendemos la importancia de la conveniencia y la confiabilidad a la hora de adquirir productos qu\u00edmicos de investigaci\u00f3n. Por eso ofrecemos una experiencia de compra en l\u00ednea sin complicaciones para que pueda comprar 4-HO-DPT en l\u00ednea con confianza.<\/p>\n<p>Descubra nuestra amplia selecci\u00f3n<br \/>\nTanto si es un investigador experimentado como si acaba de empezar, nuestra tienda de 4-HO-DPT le ofrece una amplia gama de opciones para satisfacer sus necesidades espec\u00edficas. Desde 4-HO-DPT en venta hasta otros productos relacionados, nos esforzamos por mantener un stock diverso para satisfacer las demandas de nuestros valiosos clientes.<\/p>\n<p>Leg\u00edtimo y fiable<br \/>\nPuede estar seguro de que cuando compra 4-HO-DPT en RCKopen, est\u00e1 eligiendo una fuente de confianza comprometida con la calidad y el cumplimiento. Operamos dentro de los l\u00edmites legales y le garantizamos que puede comprar 4-HO-DPT legalmente sin preocupaciones.<\/p>\n<p>Alcance mundial, servicio local<br \/>\nCon sede en el Reino Unido, RCKopen act\u00faa como un pr\u00e1ctico centro para investigadores de todo el mundo. Tanto si reside en el Reino Unido como en el extranjero, nuestra plataforma le permite comprar 4-HO-DPT en el Reino Unido y recibirlo directamente en su domicilio.<\/p>\n<p>Accesible para todos<br \/>\nEn RCKopen priorizamos la accesibilidad. No necesita receta para comprar 4-HO-DPT sin receta a trav\u00e9s de nuestra plataforma. Creemos en empoderar a los investigadores y facilitar sus esfuerzos con facilidad.<\/p>\n<p>Mejore su investigaci\u00f3n con RCKopen<br \/>\nMejore su experiencia de investigaci\u00f3n con RCKopen, su destino definitivo para 4-HO-DPT y mucho m\u00e1s. Explore hoy mismo nuestro sitio web de f\u00e1cil uso y emprenda su exploraci\u00f3n con confianza. Desbloquee las posibilidades y mejore su exploraci\u00f3n cient\u00edfica con nuestros productos de primera calidad y un servicio excepcional.<\/p>","protected":false},"excerpt":{"rendered":"<p><strong>Nombre IUPAC: <\/strong>4-hidroxi-N,N-dipropiltriptamina<\/p>\n<p><strong>Apariencia: <\/strong>polvo<\/p>\n<p><strong>An\u00e1lisis por RMN: <\/strong>N\/A<\/p>","protected":false},"featured_media":6949,"comment_status":"open","ping_status":"closed","template":"","meta":{"_joinchat":[]},"product_brand":[],"product_cat":[149],"product_tag":[],"class_list":{"0":"post-6772","1":"product","2":"type-product","3":"status-publish","4":"has-post-thumbnail","6":"product_cat-tryptaminen","8":"first","9":"instock","10":"shipping-taxable","11":"purchasable","12":"product-type-variable"},"yoast_head":"<!-- This site is optimized with the Yoast SEO plugin v26.3 - https:\/\/yoast.com\/wordpress\/plugins\/seo\/ -->\n<title>4-HO-DPT online kopen - 4-HO-DPT online te koop | RC kopen<\/title>\n<meta name=\"description\" content=\"Als je gepassioneerd bent door 4-ho-dpt, dan is onze winkel de beste plek om 4-ho-dpt online kopen. U kunt 4-ho-dpt te koop hebben tegen de laagste prijs. Bestel nu en ontvang hem binnenkort!\" \/>\n<meta name=\"robots\" content=\"index, follow, max-snippet:-1, max-image-preview:large, max-video-preview:-1\" \/>\n<link rel=\"canonical\" href=\"https:\/\/rckopen.com\/es\/producto\/4-ho-dpt\/\" \/>\n<meta property=\"og:locale\" content=\"es_ES\" \/>\n<meta property=\"og:type\" content=\"article\" \/>\n<meta property=\"og:title\" content=\"4-HO-DPT online kopen - 4-HO-DPT online te koop | RC kopen\" \/>\n<meta property=\"og:description\" content=\"Als je gepassioneerd bent door 4-ho-dpt, dan is onze winkel de beste plek om 4-ho-dpt online kopen. U kunt 4-ho-dpt te koop hebben tegen de laagste prijs. Bestel nu en ontvang hem binnenkort!\" \/>\n<meta property=\"og:url\" content=\"https:\/\/rckopen.com\/es\/producto\/4-ho-dpt\/\" \/>\n<meta property=\"og:site_name\" content=\"RC Kopen\" \/>\n<meta property=\"article:modified_time\" content=\"2025-01-31T05:22:13+00:00\" \/>\n<meta property=\"og:image\" content=\"https:\/\/rckopen.com\/wp-content\/uploads\/2023\/08\/4-HO-DPT.jpg\" \/>\n\t<meta property=\"og:image:width\" content=\"600\" \/>\n\t<meta property=\"og:image:height\" content=\"600\" \/>\n\t<meta property=\"og:image:type\" content=\"image\/jpeg\" \/>\n<meta name=\"twitter:card\" content=\"summary_large_image\" \/>\n<meta name=\"twitter:label1\" content=\"Tiempo de lectura\" \/>\n\t<meta name=\"twitter:data1\" content=\"2 minutos\" \/>\n<script type=\"application\/ld+json\" class=\"yoast-schema-graph\">{\"@context\":\"https:\/\/schema.org\",\"@graph\":[{\"@type\":\"WebPage\",\"@id\":\"https:\/\/rckopen.com\/product\/4-ho-dpt\/\",\"url\":\"https:\/\/rckopen.com\/product\/4-ho-dpt\/\",\"name\":\"4-HO-DPT online kopen - 4-HO-DPT online te koop | RC kopen\",\"isPartOf\":{\"@id\":\"https:\/\/rckopen.com\/#website\"},\"primaryImageOfPage\":{\"@id\":\"https:\/\/rckopen.com\/product\/4-ho-dpt\/#primaryimage\"},\"image\":{\"@id\":\"https:\/\/rckopen.com\/product\/4-ho-dpt\/#primaryimage\"},\"thumbnailUrl\":\"https:\/\/rckopen.com\/wp-content\/uploads\/2023\/08\/4-HO-DPT.jpg\",\"datePublished\":\"2023-08-17T11:08:31+00:00\",\"dateModified\":\"2025-01-31T05:22:13+00:00\",\"description\":\"Als je gepassioneerd bent door 4-ho-dpt, dan is onze winkel de beste plek om 4-ho-dpt online kopen. U kunt 4-ho-dpt te koop hebben tegen de laagste prijs. Bestel nu en ontvang hem binnenkort!\",\"breadcrumb\":{\"@id\":\"https:\/\/rckopen.com\/product\/4-ho-dpt\/#breadcrumb\"},\"inLanguage\":\"es\",\"potentialAction\":[{\"@type\":\"ReadAction\",\"target\":[\"https:\/\/rckopen.com\/product\/4-ho-dpt\/\"]}]},{\"@type\":\"ImageObject\",\"inLanguage\":\"es\",\"@id\":\"https:\/\/rckopen.com\/product\/4-ho-dpt\/#primaryimage\",\"url\":\"https:\/\/rckopen.com\/wp-content\/uploads\/2023\/08\/4-HO-DPT.jpg\",\"contentUrl\":\"https:\/\/rckopen.com\/wp-content\/uploads\/2023\/08\/4-HO-DPT.jpg\",\"width\":600,\"height\":600,\"caption\":\"4-HO-DPT online kopen\"},{\"@type\":\"BreadcrumbList\",\"@id\":\"https:\/\/rckopen.com\/product\/4-ho-dpt\/#breadcrumb\",\"itemListElement\":[{\"@type\":\"ListItem\",\"position\":1,\"name\":\"Home\",\"item\":\"https:\/\/rckopen.com\/\"},{\"@type\":\"ListItem\",\"position\":2,\"name\":\"Shop\",\"item\":\"https:\/\/rckopen.com\/shop\/\"},{\"@type\":\"ListItem\",\"position\":3,\"name\":\"4-HO-DPT online kopen\"}]},{\"@type\":\"WebSite\",\"@id\":\"https:\/\/rckopen.com\/#website\",\"url\":\"https:\/\/rckopen.com\/\",\"name\":\"RC Kopen\",\"description\":\"Research Chemicals\",\"potentialAction\":[{\"@type\":\"SearchAction\",\"target\":{\"@type\":\"EntryPoint\",\"urlTemplate\":\"https:\/\/rckopen.com\/?s={search_term_string}\"},\"query-input\":{\"@type\":\"PropertyValueSpecification\",\"valueRequired\":true,\"valueName\":\"search_term_string\"}}],\"inLanguage\":\"es\"}]}<\/script>\n<!-- \/ Yoast SEO plugin. -->","yoast_head_json":{"title":"4-HO-DPT online kopen - 4-HO-DPT online te koop | RC kopen","description":"Als je gepassioneerd bent door 4-ho-dpt, dan is onze winkel de beste plek om 4-ho-dpt online kopen. U kunt 4-ho-dpt te koop hebben tegen de laagste prijs. Bestel nu en ontvang hem binnenkort!","robots":{"index":"index","follow":"follow","max-snippet":"max-snippet:-1","max-image-preview":"max-image-preview:large","max-video-preview":"max-video-preview:-1"},"canonical":"https:\/\/rckopen.com\/es\/producto\/4-ho-dpt\/","og_locale":"es_ES","og_type":"article","og_title":"4-HO-DPT online kopen - 4-HO-DPT online te koop | RC kopen","og_description":"Als je gepassioneerd bent door 4-ho-dpt, dan is onze winkel de beste plek om 4-ho-dpt online kopen. U kunt 4-ho-dpt te koop hebben tegen de laagste prijs. Bestel nu en ontvang hem binnenkort!","og_url":"https:\/\/rckopen.com\/es\/producto\/4-ho-dpt\/","og_site_name":"RC Kopen","article_modified_time":"2025-01-31T05:22:13+00:00","og_image":[{"width":600,"height":600,"url":"https:\/\/rckopen.com\/wp-content\/uploads\/2023\/08\/4-HO-DPT.jpg","type":"image\/jpeg"}],"twitter_card":"summary_large_image","twitter_misc":{"Tiempo de lectura":"2 minutos"},"schema":{"@context":"https:\/\/schema.org","@graph":[{"@type":"WebPage","@id":"https:\/\/rckopen.com\/product\/4-ho-dpt\/","url":"https:\/\/rckopen.com\/product\/4-ho-dpt\/","name":"4-HO-DPT online kopen - 4-HO-DPT online te koop | RC kopen","isPartOf":{"@id":"https:\/\/rckopen.com\/#website"},"primaryImageOfPage":{"@id":"https:\/\/rckopen.com\/product\/4-ho-dpt\/#primaryimage"},"image":{"@id":"https:\/\/rckopen.com\/product\/4-ho-dpt\/#primaryimage"},"thumbnailUrl":"https:\/\/rckopen.com\/wp-content\/uploads\/2023\/08\/4-HO-DPT.jpg","datePublished":"2023-08-17T11:08:31+00:00","dateModified":"2025-01-31T05:22:13+00:00","description":"Als je gepassioneerd bent door 4-ho-dpt, dan is onze winkel de beste plek om 4-ho-dpt online kopen. U kunt 4-ho-dpt te koop hebben tegen de laagste prijs. Bestel nu en ontvang hem binnenkort!","breadcrumb":{"@id":"https:\/\/rckopen.com\/product\/4-ho-dpt\/#breadcrumb"},"inLanguage":"es","potentialAction":[{"@type":"ReadAction","target":["https:\/\/rckopen.com\/product\/4-ho-dpt\/"]}]},{"@type":"ImageObject","inLanguage":"es","@id":"https:\/\/rckopen.com\/product\/4-ho-dpt\/#primaryimage","url":"https:\/\/rckopen.com\/wp-content\/uploads\/2023\/08\/4-HO-DPT.jpg","contentUrl":"https:\/\/rckopen.com\/wp-content\/uploads\/2023\/08\/4-HO-DPT.jpg","width":600,"height":600,"caption":"4-HO-DPT online kopen"},{"@type":"BreadcrumbList","@id":"https:\/\/rckopen.com\/product\/4-ho-dpt\/#breadcrumb","itemListElement":[{"@type":"ListItem","position":1,"name":"Home","item":"https:\/\/rckopen.com\/"},{"@type":"ListItem","position":2,"name":"Shop","item":"https:\/\/rckopen.com\/shop\/"},{"@type":"ListItem","position":3,"name":"4-HO-DPT online kopen"}]},{"@type":"WebSite","@id":"https:\/\/rckopen.com\/#website","url":"https:\/\/rckopen.com\/","name":"RC Kopen","description":"Research Chemicals","potentialAction":[{"@type":"SearchAction","target":{"@type":"EntryPoint","urlTemplate":"https:\/\/rckopen.com\/?s={search_term_string}"},"query-input":{"@type":"PropertyValueSpecification","valueRequired":true,"valueName":"search_term_string"}}],"inLanguage":"es"}]}},"_links":{"self":[{"href":"https:\/\/rckopen.com\/es\/wp-json\/wp\/v2\/product\/6772","targetHints":{"allow":["GET"]}}],"collection":[{"href":"https:\/\/rckopen.com\/es\/wp-json\/wp\/v2\/product"}],"about":[{"href":"https:\/\/rckopen.com\/es\/wp-json\/wp\/v2\/types\/product"}],"replies":[{"embeddable":true,"href":"https:\/\/rckopen.com\/es\/wp-json\/wp\/v2\/comments?post=6772"}],"wp:featuredmedia":[{"embeddable":true,"href":"https:\/\/rckopen.com\/es\/wp-json\/wp\/v2\/media\/6949"}],"wp:attachment":[{"href":"https:\/\/rckopen.com\/es\/wp-json\/wp\/v2\/media?parent=6772"}],"wp:term":[{"taxonomy":"product_brand","embeddable":true,"href":"https:\/\/rckopen.com\/es\/wp-json\/wp\/v2\/product_brand?post=6772"},{"taxonomy":"product_cat","embeddable":true,"href":"https:\/\/rckopen.com\/es\/wp-json\/wp\/v2\/product_cat?post=6772"},{"taxonomy":"product_tag","embeddable":true,"href":"https:\/\/rckopen.com\/es\/wp-json\/wp\/v2\/product_tag?post=6772"}],"curies":[{"name":"wp","href":"https:\/\/api.w.org\/{rel}","templated":true}]}}