{"id":6773,"date":"2023-08-17T11:12:29","date_gmt":"2023-08-17T11:12:29","guid":{"rendered":"https:\/\/diligentplug.com\/chems\/?post_type=product&#038;p=6773"},"modified":"2025-01-31T05:29:02","modified_gmt":"2025-01-31T05:29:02","slug":"4-ho-mipt","status":"publish","type":"product","link":"https:\/\/rckopen.com\/es\/producto\/4-ho-mipt\/","title":{"rendered":"4-HO-MiPT compra en l\u00ednea"},"content":{"rendered":"<h2>Bestel hoogwaardige 4-HO-MiPT online kopen bij RCKopen<\/h2>\n<p>Bienvenido a <a href=\"https:\/\/rckopen.com\/es\/\">Rckopen.com<\/a>, su principal destino para acceso en l\u00ednea a conexiones 4-HO-MiPT de m\u00e1xima calidad. Con un compromiso con la excelencia, brindamos a los investigadores y entusiastas una plataforma confiable para <a href=\"https:\/\/rckopen.com\/es\/producto\/4-ho-mipt\/\">4-HO-MiPT<\/a> Legal y seguro para comprar. Nuestra extensa tienda 4-HO-MiPT ofrece una selecci\u00f3n diversa de productos provenientes de proveedores confiables, lo que garantiza una calidad y pureza inigualables. Ya sea que se encuentre en el Reino Unido o en el extranjero, puede comprar 4-HO-MiPT sin receta gracias a nuestro c\u00f3modo proceso de pedido. Experimente la conveniencia, confiabilidad y excelencia de RCKopen al comenzar su viaje de investigaci\u00f3n.<\/p>\n<p>\u00bfEst\u00e1s buscando d\u00f3nde comprar 4-HO-MiPT online? \u00a1No busques m\u00e1s! En RCKopen ofrecemos una selecci\u00f3n premium de 4-HO-MiPT a la venta. Ya sea un investigador o un entusiasta, ofrecemos una plataforma conveniente para solicitar 4-HO-MiPT de forma legal y segura.<\/p>\n<p>Descubra nuestra amplia tienda 4-HO-MiPT<br \/>\nOnze <a href=\"https:\/\/en.wikipedia.org\/wiki\/4-MeO-MiPT\">4-HO-MiPT<\/a>-tienda ofrece productos de alta calidad de proveedores reconocidos. Entendemos la importancia de la calidad y la pureza y es por eso que nos aseguramos de que todos nuestros productos cumplan con est\u00e1ndares estrictos.<\/p>\n<p>Servicio conveniente y confiable<br \/>\nCon RCKopen, comprar 4-HO-MiPT en Gran Breta\u00f1a no supone ning\u00fan problema. Puede comprar 4-HO-MiPT en l\u00ednea sin receta, lo que le ahorrar\u00e1 tiempo y molestias. Nuestro sitio web f\u00e1cil de usar hace que el proceso de pedido sea sencillo y nuestro dedicado equipo de atenci\u00f3n al cliente est\u00e1 siempre disponible para ayudarlo.<\/p>\n<h3>\u00bfPor qu\u00e9 elegir RCKopen para sus necesidades de 4-HO-MiPT?<\/h3>\n<p>Amplia selecci\u00f3n: Ofrecemos una amplia gama de productos 4-HO-MiPT para satisfacer diferentes requisitos de investigaci\u00f3n.<\/p>\n<p>Garant\u00eda de calidad: Nuestro compromiso con la calidad garantiza que usted reciba solo los mejores compuestos 4-HO-MiPT.<\/p>\n<p>Transacciones seguras: su seguridad y privacidad son nuestras principales prioridades. Utilizamos medidas de seguridad s\u00f3lidas para proteger su informaci\u00f3n.<br \/>\nEnv\u00edo r\u00e1pido: disfrute de una entrega r\u00e1pida de su pedido de 4-HO-MiPT para que pueda comenzar su investigaci\u00f3n de inmediato.<br \/>\nHaga su pedido hoy<\/p>\n<p>\u00bfListo para comprar 4-HO-MiPT en el Reino Unido? Descubra ahora nuestro sitio web y descubra la comodidad de comprar en RCKopen. Con nuestro proceso de pedido fluido y un servicio confiable, puede confiar en nosotros para satisfacer todas sus necesidades de 4-HO-MiPT. \u00a1Experimente la diferencia con RCKopen hoy!<\/p>\n<h3>Mantente informada con RCKopen<\/h3>\n<p>En RCKopen, somos m\u00e1s que un proveedor de 4-HO-MiPT; somos un centro de conocimiento para investigadores y entusiastas por igual. Visite nuestra secci\u00f3n de blog para acceder a art\u00edculos informativos, actualizaciones de investigaci\u00f3n y perspectivas de la comunidad. \u00a1Mant\u00e9ngase a la vanguardia con RCKopen!<\/p>","protected":false},"excerpt":{"rendered":"<p>Bestel hoogwaardige 4-HO-MiPT online kopen bij RCKopen Welkom bij Rckopen.com, uw belangrijkste bestemming voor online toegang tot 4-HO-MiPT-verbindingen van topkwaliteit. Met een streven naar uitmuntendheid bieden we onderzoekers en enthousiastelingen een vertrouwd platform om 4-HO-MiPT legaal en veilig te koop. Onze uitgebreide 4-HO-MiPT-winkel biedt een gevarieerde selectie producten afkomstig van<\/p>","protected":false},"featured_media":6952,"comment_status":"open","ping_status":"closed","template":"","meta":{"_joinchat":[]},"product_brand":[],"product_cat":[149],"product_tag":[],"class_list":{"0":"post-6773","1":"product","2":"type-product","3":"status-publish","4":"has-post-thumbnail","6":"product_cat-tryptaminen","8":"first","9":"instock","10":"shipping-taxable","11":"purchasable","12":"product-type-variable"},"yoast_head":"<!-- This site is optimized with the Yoast SEO plugin v26.3 - https:\/\/yoast.com\/wordpress\/plugins\/seo\/ -->\n<title>4-HO-MIPT online kopen - 4-HO-MIPT te koop | RC Kopen<\/title>\n<meta name=\"description\" content=\"Uw bestelling voor 4-ho-mipt te koop is onze verantwoordelijkheid. Wij zullen uw bestelling voor de aankoop van 4-ho-mipt online kopen in overweging nemen en u binnen korte tijd bereiken. Plaats nu bulkbestellingen!\" \/>\n<meta name=\"robots\" content=\"index, follow, max-snippet:-1, max-image-preview:large, max-video-preview:-1\" \/>\n<link rel=\"canonical\" href=\"https:\/\/rckopen.com\/es\/producto\/4-ho-mipt\/\" \/>\n<meta property=\"og:locale\" content=\"es_ES\" \/>\n<meta property=\"og:type\" content=\"article\" \/>\n<meta property=\"og:title\" content=\"4-HO-MIPT online kopen - 4-HO-MIPT te koop | RC Kopen\" \/>\n<meta property=\"og:description\" content=\"Uw bestelling voor 4-ho-mipt te koop is onze verantwoordelijkheid. Wij zullen uw bestelling voor de aankoop van 4-ho-mipt online kopen in overweging nemen en u binnen korte tijd bereiken. Plaats nu bulkbestellingen!\" \/>\n<meta property=\"og:url\" content=\"https:\/\/rckopen.com\/es\/producto\/4-ho-mipt\/\" \/>\n<meta property=\"og:site_name\" content=\"RC Kopen\" \/>\n<meta property=\"article:modified_time\" content=\"2025-01-31T05:29:02+00:00\" \/>\n<meta property=\"og:image\" content=\"https:\/\/rckopen.com\/wp-content\/uploads\/2023\/08\/4-HO-MiPT-2.jpg\" \/>\n\t<meta property=\"og:image:width\" content=\"600\" \/>\n\t<meta property=\"og:image:height\" content=\"600\" \/>\n\t<meta property=\"og:image:type\" content=\"image\/jpeg\" \/>\n<meta name=\"twitter:card\" content=\"summary_large_image\" \/>\n<meta name=\"twitter:label1\" content=\"Tiempo de lectura\" \/>\n\t<meta name=\"twitter:data1\" content=\"2 minutos\" \/>\n<script type=\"application\/ld+json\" class=\"yoast-schema-graph\">{\"@context\":\"https:\/\/schema.org\",\"@graph\":[{\"@type\":\"WebPage\",\"@id\":\"https:\/\/rckopen.com\/product\/4-ho-mipt\/\",\"url\":\"https:\/\/rckopen.com\/product\/4-ho-mipt\/\",\"name\":\"4-HO-MIPT online kopen - 4-HO-MIPT te koop | RC Kopen\",\"isPartOf\":{\"@id\":\"https:\/\/rckopen.com\/#website\"},\"primaryImageOfPage\":{\"@id\":\"https:\/\/rckopen.com\/product\/4-ho-mipt\/#primaryimage\"},\"image\":{\"@id\":\"https:\/\/rckopen.com\/product\/4-ho-mipt\/#primaryimage\"},\"thumbnailUrl\":\"https:\/\/rckopen.com\/wp-content\/uploads\/2023\/08\/4-HO-MiPT-2.jpg\",\"datePublished\":\"2023-08-17T11:12:29+00:00\",\"dateModified\":\"2025-01-31T05:29:02+00:00\",\"description\":\"Uw bestelling voor 4-ho-mipt te koop is onze verantwoordelijkheid. Wij zullen uw bestelling voor de aankoop van 4-ho-mipt online kopen in overweging nemen en u binnen korte tijd bereiken. Plaats nu bulkbestellingen!\",\"breadcrumb\":{\"@id\":\"https:\/\/rckopen.com\/product\/4-ho-mipt\/#breadcrumb\"},\"inLanguage\":\"es\",\"potentialAction\":[{\"@type\":\"ReadAction\",\"target\":[\"https:\/\/rckopen.com\/product\/4-ho-mipt\/\"]}]},{\"@type\":\"ImageObject\",\"inLanguage\":\"es\",\"@id\":\"https:\/\/rckopen.com\/product\/4-ho-mipt\/#primaryimage\",\"url\":\"https:\/\/rckopen.com\/wp-content\/uploads\/2023\/08\/4-HO-MiPT-2.jpg\",\"contentUrl\":\"https:\/\/rckopen.com\/wp-content\/uploads\/2023\/08\/4-HO-MiPT-2.jpg\",\"width\":600,\"height\":600,\"caption\":\"4-HO-MiPT online kopen\"},{\"@type\":\"BreadcrumbList\",\"@id\":\"https:\/\/rckopen.com\/product\/4-ho-mipt\/#breadcrumb\",\"itemListElement\":[{\"@type\":\"ListItem\",\"position\":1,\"name\":\"Home\",\"item\":\"https:\/\/rckopen.com\/\"},{\"@type\":\"ListItem\",\"position\":2,\"name\":\"Shop\",\"item\":\"https:\/\/rckopen.com\/shop\/\"},{\"@type\":\"ListItem\",\"position\":3,\"name\":\"4-HO-MiPT online kopen\"}]},{\"@type\":\"WebSite\",\"@id\":\"https:\/\/rckopen.com\/#website\",\"url\":\"https:\/\/rckopen.com\/\",\"name\":\"RC Kopen\",\"description\":\"Research Chemicals\",\"potentialAction\":[{\"@type\":\"SearchAction\",\"target\":{\"@type\":\"EntryPoint\",\"urlTemplate\":\"https:\/\/rckopen.com\/?s={search_term_string}\"},\"query-input\":{\"@type\":\"PropertyValueSpecification\",\"valueRequired\":true,\"valueName\":\"search_term_string\"}}],\"inLanguage\":\"es\"}]}<\/script>\n<!-- \/ Yoast SEO plugin. -->","yoast_head_json":{"title":"4-HO-MIPT online kopen - 4-HO-MIPT te koop | RC Kopen","description":"Uw bestelling voor 4-ho-mipt te koop is onze verantwoordelijkheid. Wij zullen uw bestelling voor de aankoop van 4-ho-mipt online kopen in overweging nemen en u binnen korte tijd bereiken. Plaats nu bulkbestellingen!","robots":{"index":"index","follow":"follow","max-snippet":"max-snippet:-1","max-image-preview":"max-image-preview:large","max-video-preview":"max-video-preview:-1"},"canonical":"https:\/\/rckopen.com\/es\/producto\/4-ho-mipt\/","og_locale":"es_ES","og_type":"article","og_title":"4-HO-MIPT online kopen - 4-HO-MIPT te koop | RC Kopen","og_description":"Uw bestelling voor 4-ho-mipt te koop is onze verantwoordelijkheid. Wij zullen uw bestelling voor de aankoop van 4-ho-mipt online kopen in overweging nemen en u binnen korte tijd bereiken. Plaats nu bulkbestellingen!","og_url":"https:\/\/rckopen.com\/es\/producto\/4-ho-mipt\/","og_site_name":"RC Kopen","article_modified_time":"2025-01-31T05:29:02+00:00","og_image":[{"width":600,"height":600,"url":"https:\/\/rckopen.com\/wp-content\/uploads\/2023\/08\/4-HO-MiPT-2.jpg","type":"image\/jpeg"}],"twitter_card":"summary_large_image","twitter_misc":{"Tiempo de lectura":"2 minutos"},"schema":{"@context":"https:\/\/schema.org","@graph":[{"@type":"WebPage","@id":"https:\/\/rckopen.com\/product\/4-ho-mipt\/","url":"https:\/\/rckopen.com\/product\/4-ho-mipt\/","name":"4-HO-MIPT online kopen - 4-HO-MIPT te koop | RC Kopen","isPartOf":{"@id":"https:\/\/rckopen.com\/#website"},"primaryImageOfPage":{"@id":"https:\/\/rckopen.com\/product\/4-ho-mipt\/#primaryimage"},"image":{"@id":"https:\/\/rckopen.com\/product\/4-ho-mipt\/#primaryimage"},"thumbnailUrl":"https:\/\/rckopen.com\/wp-content\/uploads\/2023\/08\/4-HO-MiPT-2.jpg","datePublished":"2023-08-17T11:12:29+00:00","dateModified":"2025-01-31T05:29:02+00:00","description":"Uw bestelling voor 4-ho-mipt te koop is onze verantwoordelijkheid. Wij zullen uw bestelling voor de aankoop van 4-ho-mipt online kopen in overweging nemen en u binnen korte tijd bereiken. Plaats nu bulkbestellingen!","breadcrumb":{"@id":"https:\/\/rckopen.com\/product\/4-ho-mipt\/#breadcrumb"},"inLanguage":"es","potentialAction":[{"@type":"ReadAction","target":["https:\/\/rckopen.com\/product\/4-ho-mipt\/"]}]},{"@type":"ImageObject","inLanguage":"es","@id":"https:\/\/rckopen.com\/product\/4-ho-mipt\/#primaryimage","url":"https:\/\/rckopen.com\/wp-content\/uploads\/2023\/08\/4-HO-MiPT-2.jpg","contentUrl":"https:\/\/rckopen.com\/wp-content\/uploads\/2023\/08\/4-HO-MiPT-2.jpg","width":600,"height":600,"caption":"4-HO-MiPT online kopen"},{"@type":"BreadcrumbList","@id":"https:\/\/rckopen.com\/product\/4-ho-mipt\/#breadcrumb","itemListElement":[{"@type":"ListItem","position":1,"name":"Home","item":"https:\/\/rckopen.com\/"},{"@type":"ListItem","position":2,"name":"Shop","item":"https:\/\/rckopen.com\/shop\/"},{"@type":"ListItem","position":3,"name":"4-HO-MiPT online kopen"}]},{"@type":"WebSite","@id":"https:\/\/rckopen.com\/#website","url":"https:\/\/rckopen.com\/","name":"RC Kopen","description":"Research Chemicals","potentialAction":[{"@type":"SearchAction","target":{"@type":"EntryPoint","urlTemplate":"https:\/\/rckopen.com\/?s={search_term_string}"},"query-input":{"@type":"PropertyValueSpecification","valueRequired":true,"valueName":"search_term_string"}}],"inLanguage":"es"}]}},"_links":{"self":[{"href":"https:\/\/rckopen.com\/es\/wp-json\/wp\/v2\/product\/6773","targetHints":{"allow":["GET"]}}],"collection":[{"href":"https:\/\/rckopen.com\/es\/wp-json\/wp\/v2\/product"}],"about":[{"href":"https:\/\/rckopen.com\/es\/wp-json\/wp\/v2\/types\/product"}],"replies":[{"embeddable":true,"href":"https:\/\/rckopen.com\/es\/wp-json\/wp\/v2\/comments?post=6773"}],"wp:featuredmedia":[{"embeddable":true,"href":"https:\/\/rckopen.com\/es\/wp-json\/wp\/v2\/media\/6952"}],"wp:attachment":[{"href":"https:\/\/rckopen.com\/es\/wp-json\/wp\/v2\/media?parent=6773"}],"wp:term":[{"taxonomy":"product_brand","embeddable":true,"href":"https:\/\/rckopen.com\/es\/wp-json\/wp\/v2\/product_brand?post=6773"},{"taxonomy":"product_cat","embeddable":true,"href":"https:\/\/rckopen.com\/es\/wp-json\/wp\/v2\/product_cat?post=6773"},{"taxonomy":"product_tag","embeddable":true,"href":"https:\/\/rckopen.com\/es\/wp-json\/wp\/v2\/product_tag?post=6773"}],"curies":[{"name":"wp","href":"https:\/\/api.w.org\/{rel}","templated":true}]}}