{"id":6774,"date":"2023-08-17T11:14:28","date_gmt":"2023-08-17T11:14:28","guid":{"rendered":"https:\/\/diligentplug.com\/chems\/?post_type=product&#038;p=6774"},"modified":"2025-01-31T05:20:08","modified_gmt":"2025-01-31T05:20:08","slug":"4-ho-det","status":"publish","type":"product","link":"https:\/\/rckopen.com\/es\/producto\/4-ho-det\/","title":{"rendered":"Comprar 4-HO-DET en l\u00ednea"},"content":{"rendered":"<h2>Comprar 4-HO-DET en l\u00ednea<\/h2>\n<p>Desbloquea la mejor experiencia 4-HO-DET con rckopen.com<br \/>\nBienvenido a <a href=\"https:\/\/rckopen.com\/es\/\">Rckopen.com<\/a>, su destino final para comprar 4-HO-DET y otros productos qu\u00edmicos de investigaci\u00f3n. Con un compromiso con la calidad, la legalidad y la satisfacci\u00f3n del cliente, estamos orgullosos de ser una tienda 4-HO-DET confiable que atiende a investigadores de todo el mundo. Ya sea que se encuentre en el Reino Unido o en el extranjero, nuestra perfecta plataforma en l\u00ednea garantiza transacciones seguras y sin complicaciones, lo que le permite comprar 4-HO-DET legalmente con confianza. Descubra nuestra amplia gama, disfrute de una entrega r\u00e1pida y experimente una atenci\u00f3n al cliente dedicada en cada paso del proceso. Vis\u00edtenos en rckopen.com y descubra lo mejor de los juegos hoy mismo. <a href=\"https:\/\/rckopen.com\/es\/producto\/4-ho-det\/\">4-HO-DET-inkoop<\/a>.<\/p>\n<h3>Tu mejor destino para comprar 4-HO-DET en l\u00ednea<\/h3>\n<p>\u00bfQuieres comprar 4-HO-DET online? Su b\u00fasqueda termina aqu\u00ed en rckopen.com, donde ofrecemos una selecci\u00f3n premium de 4-HO-DET a la venta. Nuestro compromiso con la excelencia nos convierte en su tienda 4-HO-DET preferida para todas sus necesidades de investigaci\u00f3n.<\/p>\n<h3>Veilige, legale en moeiteloze 4-HO-DET-transacties<\/h3>\n<p>Su seguridad y tranquilidad son nuestra m\u00e1xima prioridad. <a href=\"https:\/\/en.wikipedia.org\/wiki\/4-HO-DET\">Comprar 4-HO-DET en l\u00ednea<\/a> sin receta a trav\u00e9s de nuestra plataforma segura. Con solo unos pocos clics, puede solicitar 4-HO-DET con confianza, sabiendo que est\u00e1 obteniendo un producto leg\u00edtimo.<\/p>\n<h3>Entrega r\u00e1pida, donde quiera que est\u00e9s<\/h3>\n<p>Ya sea que viva en el Reino Unido o en cualquier otro lugar, nuestro eficiente sistema de entrega garantiza un acceso r\u00e1pido para comprar 4-HO-DET en el Reino Unido y en el extranjero. Evite las molestias de las recetas: nuestra discreta tienda de 4-HO-DET garantiza un servicio oportuno y confidencial.<\/p>\n<h3>Descubra nuestra amplia gama de productos qu\u00edmicos de investigaci\u00f3n<\/h3>\n<p>En rckopen.com, nos enorgullecemos de nuestra amplia selecci\u00f3n de productos qu\u00edmicos de investigaci\u00f3n. Adem\u00e1s de comprar 4-HO-DET en l\u00ednea, puede explorar varios compuestos adecuados para sus experimentos. Conf\u00ede en nosotros para ofrecerle productos de alta calidad a precios competitivos.<\/p>\n<h3>Atenci\u00f3n al cliente dedicada para su tranquilidad<\/h3>\n<p>\u00bfNecesita ayuda o tiene preguntas sobre nuestros productos? Nuestro equipo de atenci\u00f3n al cliente est\u00e1 listo para ayudarlo. Priorizamos su satisfacci\u00f3n y nos esforzamos por resolver cualquier problema r\u00e1pidamente para garantizar una experiencia de compra sin problemas en 4-HO-DET.<\/p>\n<h3>Garant\u00eda de calidad en cada paso<\/h3>\n<p>Desde la adquisici\u00f3n hasta la entrega, cumplimos con estrictos est\u00e1ndares de calidad para garantizar la integridad de nuestros productos. Puede estar seguro: cuando compra 4-HO-DET en rckopen.com, solo obtiene lo mejor.<\/p>\n<p>En rckopen.com su satisfacci\u00f3n es nuestra prioridad. \u00a1Experimente la conveniencia, confiabilidad y excelencia de comprar 4-HO-DET y otros productos qu\u00edmicos de investigaci\u00f3n en l\u00ednea con nosotros hoy mismo!<\/p>","protected":false},"excerpt":{"rendered":"<p>rckopen.com ofrece productos que no est\u00e1n destinados al consumo humano. Si usted (involuntariamente ) consume este producto, puede tener graves consecuencias m\u00e9dicas.<\/p>","protected":false},"featured_media":6962,"comment_status":"open","ping_status":"closed","template":"","meta":{"_joinchat":[]},"product_brand":[],"product_cat":[149],"product_tag":[],"class_list":{"0":"post-6774","1":"product","2":"type-product","3":"status-publish","4":"has-post-thumbnail","6":"product_cat-tryptaminen","8":"first","9":"instock","10":"shipping-taxable","11":"purchasable","12":"product-type-variable"},"yoast_head":"<!-- This site is optimized with the Yoast SEO plugin v26.3 - https:\/\/yoast.com\/wordpress\/plugins\/seo\/ -->\n<title>4-HO-DET te koop - 4-HO-DET online kopen | RC Kopen<\/title>\n<meta name=\"description\" content=\"U kunt 4-HO-Det te koop krijgen tegen de beste prijzen in onze online RCKopen-winkel. Wij zijn hier om u te helpen 4-HO-DET online kopen. Maak vandaag nog contact met de beste winkel van de stad!\" \/>\n<meta name=\"robots\" content=\"index, follow, max-snippet:-1, max-image-preview:large, max-video-preview:-1\" \/>\n<link rel=\"canonical\" href=\"https:\/\/rckopen.com\/es\/producto\/4-ho-det\/\" \/>\n<meta property=\"og:locale\" content=\"es_ES\" \/>\n<meta property=\"og:type\" content=\"article\" \/>\n<meta property=\"og:title\" content=\"4-HO-DET te koop - 4-HO-DET online kopen | RC Kopen\" \/>\n<meta property=\"og:description\" content=\"U kunt 4-HO-Det te koop krijgen tegen de beste prijzen in onze online RCKopen-winkel. Wij zijn hier om u te helpen 4-HO-DET online kopen. Maak vandaag nog contact met de beste winkel van de stad!\" \/>\n<meta property=\"og:url\" content=\"https:\/\/rckopen.com\/es\/producto\/4-ho-det\/\" \/>\n<meta property=\"og:site_name\" content=\"RC Kopen\" \/>\n<meta property=\"article:modified_time\" content=\"2025-01-31T05:20:08+00:00\" \/>\n<meta property=\"og:image\" content=\"https:\/\/rckopen.com\/wp-content\/uploads\/2023\/08\/4-HO-DET.jpg\" \/>\n\t<meta property=\"og:image:width\" content=\"600\" \/>\n\t<meta property=\"og:image:height\" content=\"600\" \/>\n\t<meta property=\"og:image:type\" content=\"image\/jpeg\" \/>\n<meta name=\"twitter:card\" content=\"summary_large_image\" \/>\n<meta name=\"twitter:label1\" content=\"Tiempo de lectura\" \/>\n\t<meta name=\"twitter:data1\" content=\"2 minutos\" \/>\n<script type=\"application\/ld+json\" class=\"yoast-schema-graph\">{\"@context\":\"https:\/\/schema.org\",\"@graph\":[{\"@type\":\"WebPage\",\"@id\":\"https:\/\/rckopen.com\/product\/4-ho-det\/\",\"url\":\"https:\/\/rckopen.com\/product\/4-ho-det\/\",\"name\":\"4-HO-DET te koop - 4-HO-DET online kopen | RC Kopen\",\"isPartOf\":{\"@id\":\"https:\/\/rckopen.com\/#website\"},\"primaryImageOfPage\":{\"@id\":\"https:\/\/rckopen.com\/product\/4-ho-det\/#primaryimage\"},\"image\":{\"@id\":\"https:\/\/rckopen.com\/product\/4-ho-det\/#primaryimage\"},\"thumbnailUrl\":\"https:\/\/rckopen.com\/wp-content\/uploads\/2023\/08\/4-HO-DET.jpg\",\"datePublished\":\"2023-08-17T11:14:28+00:00\",\"dateModified\":\"2025-01-31T05:20:08+00:00\",\"description\":\"U kunt 4-HO-Det te koop krijgen tegen de beste prijzen in onze online RCKopen-winkel. Wij zijn hier om u te helpen 4-HO-DET online kopen. Maak vandaag nog contact met de beste winkel van de stad!\",\"breadcrumb\":{\"@id\":\"https:\/\/rckopen.com\/product\/4-ho-det\/#breadcrumb\"},\"inLanguage\":\"es\",\"potentialAction\":[{\"@type\":\"ReadAction\",\"target\":[\"https:\/\/rckopen.com\/product\/4-ho-det\/\"]}]},{\"@type\":\"ImageObject\",\"inLanguage\":\"es\",\"@id\":\"https:\/\/rckopen.com\/product\/4-ho-det\/#primaryimage\",\"url\":\"https:\/\/rckopen.com\/wp-content\/uploads\/2023\/08\/4-HO-DET.jpg\",\"contentUrl\":\"https:\/\/rckopen.com\/wp-content\/uploads\/2023\/08\/4-HO-DET.jpg\",\"width\":600,\"height\":600,\"caption\":\"4-HO-DET online kopen\"},{\"@type\":\"BreadcrumbList\",\"@id\":\"https:\/\/rckopen.com\/product\/4-ho-det\/#breadcrumb\",\"itemListElement\":[{\"@type\":\"ListItem\",\"position\":1,\"name\":\"Home\",\"item\":\"https:\/\/rckopen.com\/\"},{\"@type\":\"ListItem\",\"position\":2,\"name\":\"Shop\",\"item\":\"https:\/\/rckopen.com\/shop\/\"},{\"@type\":\"ListItem\",\"position\":3,\"name\":\"4-HO-DET online kopen\"}]},{\"@type\":\"WebSite\",\"@id\":\"https:\/\/rckopen.com\/#website\",\"url\":\"https:\/\/rckopen.com\/\",\"name\":\"RC Kopen\",\"description\":\"Research Chemicals\",\"potentialAction\":[{\"@type\":\"SearchAction\",\"target\":{\"@type\":\"EntryPoint\",\"urlTemplate\":\"https:\/\/rckopen.com\/?s={search_term_string}\"},\"query-input\":{\"@type\":\"PropertyValueSpecification\",\"valueRequired\":true,\"valueName\":\"search_term_string\"}}],\"inLanguage\":\"es\"}]}<\/script>\n<!-- \/ Yoast SEO plugin. -->","yoast_head_json":{"title":"4-HO-DET te koop - 4-HO-DET online kopen | RC Kopen","description":"U kunt 4-HO-Det te koop krijgen tegen de beste prijzen in onze online RCKopen-winkel. Wij zijn hier om u te helpen 4-HO-DET online kopen. Maak vandaag nog contact met de beste winkel van de stad!","robots":{"index":"index","follow":"follow","max-snippet":"max-snippet:-1","max-image-preview":"max-image-preview:large","max-video-preview":"max-video-preview:-1"},"canonical":"https:\/\/rckopen.com\/es\/producto\/4-ho-det\/","og_locale":"es_ES","og_type":"article","og_title":"4-HO-DET te koop - 4-HO-DET online kopen | RC Kopen","og_description":"U kunt 4-HO-Det te koop krijgen tegen de beste prijzen in onze online RCKopen-winkel. Wij zijn hier om u te helpen 4-HO-DET online kopen. Maak vandaag nog contact met de beste winkel van de stad!","og_url":"https:\/\/rckopen.com\/es\/producto\/4-ho-det\/","og_site_name":"RC Kopen","article_modified_time":"2025-01-31T05:20:08+00:00","og_image":[{"width":600,"height":600,"url":"https:\/\/rckopen.com\/wp-content\/uploads\/2023\/08\/4-HO-DET.jpg","type":"image\/jpeg"}],"twitter_card":"summary_large_image","twitter_misc":{"Tiempo de lectura":"2 minutos"},"schema":{"@context":"https:\/\/schema.org","@graph":[{"@type":"WebPage","@id":"https:\/\/rckopen.com\/product\/4-ho-det\/","url":"https:\/\/rckopen.com\/product\/4-ho-det\/","name":"4-HO-DET te koop - 4-HO-DET online kopen | RC Kopen","isPartOf":{"@id":"https:\/\/rckopen.com\/#website"},"primaryImageOfPage":{"@id":"https:\/\/rckopen.com\/product\/4-ho-det\/#primaryimage"},"image":{"@id":"https:\/\/rckopen.com\/product\/4-ho-det\/#primaryimage"},"thumbnailUrl":"https:\/\/rckopen.com\/wp-content\/uploads\/2023\/08\/4-HO-DET.jpg","datePublished":"2023-08-17T11:14:28+00:00","dateModified":"2025-01-31T05:20:08+00:00","description":"U kunt 4-HO-Det te koop krijgen tegen de beste prijzen in onze online RCKopen-winkel. Wij zijn hier om u te helpen 4-HO-DET online kopen. Maak vandaag nog contact met de beste winkel van de stad!","breadcrumb":{"@id":"https:\/\/rckopen.com\/product\/4-ho-det\/#breadcrumb"},"inLanguage":"es","potentialAction":[{"@type":"ReadAction","target":["https:\/\/rckopen.com\/product\/4-ho-det\/"]}]},{"@type":"ImageObject","inLanguage":"es","@id":"https:\/\/rckopen.com\/product\/4-ho-det\/#primaryimage","url":"https:\/\/rckopen.com\/wp-content\/uploads\/2023\/08\/4-HO-DET.jpg","contentUrl":"https:\/\/rckopen.com\/wp-content\/uploads\/2023\/08\/4-HO-DET.jpg","width":600,"height":600,"caption":"4-HO-DET online kopen"},{"@type":"BreadcrumbList","@id":"https:\/\/rckopen.com\/product\/4-ho-det\/#breadcrumb","itemListElement":[{"@type":"ListItem","position":1,"name":"Home","item":"https:\/\/rckopen.com\/"},{"@type":"ListItem","position":2,"name":"Shop","item":"https:\/\/rckopen.com\/shop\/"},{"@type":"ListItem","position":3,"name":"4-HO-DET online kopen"}]},{"@type":"WebSite","@id":"https:\/\/rckopen.com\/#website","url":"https:\/\/rckopen.com\/","name":"RC Kopen","description":"Research Chemicals","potentialAction":[{"@type":"SearchAction","target":{"@type":"EntryPoint","urlTemplate":"https:\/\/rckopen.com\/?s={search_term_string}"},"query-input":{"@type":"PropertyValueSpecification","valueRequired":true,"valueName":"search_term_string"}}],"inLanguage":"es"}]}},"_links":{"self":[{"href":"https:\/\/rckopen.com\/es\/wp-json\/wp\/v2\/product\/6774","targetHints":{"allow":["GET"]}}],"collection":[{"href":"https:\/\/rckopen.com\/es\/wp-json\/wp\/v2\/product"}],"about":[{"href":"https:\/\/rckopen.com\/es\/wp-json\/wp\/v2\/types\/product"}],"replies":[{"embeddable":true,"href":"https:\/\/rckopen.com\/es\/wp-json\/wp\/v2\/comments?post=6774"}],"wp:featuredmedia":[{"embeddable":true,"href":"https:\/\/rckopen.com\/es\/wp-json\/wp\/v2\/media\/6962"}],"wp:attachment":[{"href":"https:\/\/rckopen.com\/es\/wp-json\/wp\/v2\/media?parent=6774"}],"wp:term":[{"taxonomy":"product_brand","embeddable":true,"href":"https:\/\/rckopen.com\/es\/wp-json\/wp\/v2\/product_brand?post=6774"},{"taxonomy":"product_cat","embeddable":true,"href":"https:\/\/rckopen.com\/es\/wp-json\/wp\/v2\/product_cat?post=6774"},{"taxonomy":"product_tag","embeddable":true,"href":"https:\/\/rckopen.com\/es\/wp-json\/wp\/v2\/product_tag?post=6774"}],"curies":[{"name":"wp","href":"https:\/\/api.w.org\/{rel}","templated":true}]}}