{"id":6775,"date":"2023-08-17T11:30:45","date_gmt":"2023-08-17T11:30:45","guid":{"rendered":"https:\/\/diligentplug.com\/chems\/?post_type=product&#038;p=6775"},"modified":"2025-01-31T04:57:40","modified_gmt":"2025-01-31T04:57:40","slug":"4-aco-mipt","status":"publish","type":"product","link":"https:\/\/rckopen.com\/es\/producto\/4-aco-mipt\/","title":{"rendered":"Comprar 4-ACO-MIPT en l\u00ednea"},"content":{"rendered":"<h2>Comprar 4-ACO-MIPT en l\u00ednea<\/h2>\n<h2>Ontdek de beste deals voor 4-ACO-MIPT op Rckopen.com<\/h2>\n<p>Quieres <a href=\"https:\/\/rckopen.com\/es\/producto\/4-aco-mipt\/\">Comprar 4-ACO-MIPT en l\u00ednea<\/a>? No busque m\u00e1s que Narcomeds.com, su destino \u00fanico para productos qu\u00edmicos de investigaci\u00f3n de alta calidad. Ofrecemos 4-ACO-MIPT a la venta a precios competitivos para que obtenga el mejor valor por su dinero.<\/p>\n<h3>\u00bfPor qu\u00e9 elegir Rckopen.com para sus necesidades de 4-ACO-MIPT?<\/h3>\n<p>Abeja <a href=\"https:\/\/rckopen.com\/es\/\">RCKopen<\/a> Entendemos la importancia de la calidad y la confiabilidad cuando se trata de comprar productos qu\u00edmicos de investigaci\u00f3n. Por eso nos esforzamos por ofrecer a nuestros clientes los mejores productos y un servicio excepcional. Cuando tu <a href=\"https:\/\/en.wikipedia.org\/wiki\/4-AcO-MiPT\">4-ACO-MIPT<\/a> Cuando nos compra en Alemania, puede estar seguro de que obtiene un producto que cumple con los m\u00e1s altos est\u00e1ndares de pureza y potencia.<\/p>\n<h3>C\u00f3modo proceso de pedido<\/h3>\n<p>Ordene 4-ACO-MIPT ahora en Rckopen.com de forma r\u00e1pida, f\u00e1cil y segura. Simplemente navegue por nuestro sitio web, seleccione los productos que necesita y proceda al pago. Nuestra interfaz f\u00e1cil de usar hace que realizar su pedido sea muy f\u00e1cil y nuestro sistema de pago seguro garantiza que su informaci\u00f3n personal permanezca protegida y segura.<\/p>\n<h3>Env\u00edo r\u00e1pido y discreto<\/h3>\n<p>Entendemos la importancia de la discreci\u00f3n al comprar productos qu\u00edmicos de investigaci\u00f3n en l\u00ednea. Por eso, ofrecemos env\u00edos r\u00e1pidos y discretos en todos nuestros pedidos. Ya sea que pida 4-ACO-MIPT para uso personal o profesional, puede estar seguro de que su paquete se entregar\u00e1 puntualmente y sin marcas de identificaci\u00f3n.<\/p>\n<h3>Compre 4-ACO-MIPT en l\u00ednea legalmente en Narcomeds.com<\/h3>\n<p>Cuando compra 4-ACO-MIPT en l\u00ednea en Rckopen.com, puede estar seguro de que lo est\u00e1 comprando legalmente. Cumplimos con todas las leyes y regulaciones aplicables y garantizamos que nuestros productos est\u00e9n disponibles para su compra por parte de investigadores y cient\u00edficos de acuerdo con la ley.<\/p>\n<h3>D\u00f3nde comprar 4-ACO-MIPT online<\/h3>\n<p>Con tantas opciones disponibles, puede resultar complicado saber d\u00f3nde comprar 4-ACO-MIPT en l\u00ednea. Pero en Rckopen.com la elecci\u00f3n es clara. Ofrecemos una amplia selecci\u00f3n de productos qu\u00edmicos de investigaci\u00f3n de alta calidad, incluido 4-ACO-MIPT, a la venta a precios inmejorables.<\/p>\n<h3>Experimente la diferencia con Narcomeds.com<\/h3>\n<p>\u00bfEst\u00e1s listo para experimentar la diferencia de Rckopen.com por ti mismo? Visite nuestro sitio web hoy para solicitar 4-ACO-MIPT y otros productos qu\u00edmicos de investigaci\u00f3n en l\u00ednea. Con nuestra dedicaci\u00f3n a la calidad, confiabilidad y satisfacci\u00f3n del cliente, estamos seguros de que quedar\u00e1 impresionado con todo lo que Narcomeds.com tiene para ofrecer.<\/p>","protected":false},"excerpt":{"rendered":"<p><strong>Nombre IUPAC: <\/strong>acetato de [3-[2-[isopropil(metil)amino]etil]-1H-indol-4-il<\/p>\n<p><strong>Otro nombre: <\/strong>4-Acetoxi-N-isopropil-N-metiltriptamina<\/p>\n<p><strong>Apariencia: <\/strong>polvo<\/p>\n<p><strong>Forma: <\/strong>fumarato<\/p>\n<p><strong>An\u00e1lisis por RMN: <\/strong>N\/A<\/p>","protected":false},"featured_media":6964,"comment_status":"open","ping_status":"closed","template":"","meta":{"_joinchat":[]},"product_brand":[],"product_cat":[149],"product_tag":[],"class_list":{"0":"post-6775","1":"product","2":"type-product","3":"status-publish","4":"has-post-thumbnail","6":"product_cat-tryptaminen","8":"first","9":"instock","10":"shipping-taxable","11":"purchasable","12":"product-type-variable"},"yoast_head":"<!-- This site is optimized with the Yoast SEO plugin v26.3 - https:\/\/yoast.com\/wordpress\/plugins\/seo\/ -->\n<title>4-Aco-Mipt te koop - 4-Aco-Mipt online kopen | RC Kopen<\/title>\n<meta name=\"description\" content=\"U kunt nu 4-Aco-Mipt te koop krijgen in onze topwinkel RC Kopen. Onze medewerkers zullen u helpen om 4-Aco-Mipt online te kopen tegen de beste prijzen. Bestel 4-Aco-Mipt vandaag nog online met wereldwijde verzending!\" \/>\n<meta name=\"robots\" content=\"index, follow, max-snippet:-1, max-image-preview:large, max-video-preview:-1\" \/>\n<link rel=\"canonical\" href=\"https:\/\/rckopen.com\/es\/producto\/4-aco-mipt\/\" \/>\n<meta property=\"og:locale\" content=\"es_ES\" \/>\n<meta property=\"og:type\" content=\"article\" \/>\n<meta property=\"og:title\" content=\"4-Aco-Mipt te koop - 4-Aco-Mipt online kopen | RC Kopen\" \/>\n<meta property=\"og:description\" content=\"U kunt nu 4-Aco-Mipt te koop krijgen in onze topwinkel RC Kopen. Onze medewerkers zullen u helpen om 4-Aco-Mipt online te kopen tegen de beste prijzen. Bestel 4-Aco-Mipt vandaag nog online met wereldwijde verzending!\" \/>\n<meta property=\"og:url\" content=\"https:\/\/rckopen.com\/es\/producto\/4-aco-mipt\/\" \/>\n<meta property=\"og:site_name\" content=\"RC Kopen\" \/>\n<meta property=\"article:modified_time\" content=\"2025-01-31T04:57:40+00:00\" \/>\n<meta property=\"og:image\" content=\"https:\/\/rckopen.com\/wp-content\/uploads\/2023\/08\/4-ACO-MIPT.jpg\" \/>\n\t<meta property=\"og:image:width\" content=\"600\" \/>\n\t<meta property=\"og:image:height\" content=\"600\" \/>\n\t<meta property=\"og:image:type\" content=\"image\/jpeg\" \/>\n<meta name=\"twitter:card\" content=\"summary_large_image\" \/>\n<meta name=\"twitter:label1\" content=\"Tiempo de lectura\" \/>\n\t<meta name=\"twitter:data1\" content=\"2 minutos\" \/>\n<script type=\"application\/ld+json\" class=\"yoast-schema-graph\">{\"@context\":\"https:\/\/schema.org\",\"@graph\":[{\"@type\":\"WebPage\",\"@id\":\"https:\/\/rckopen.com\/product\/4-aco-mipt\/\",\"url\":\"https:\/\/rckopen.com\/product\/4-aco-mipt\/\",\"name\":\"4-Aco-Mipt te koop - 4-Aco-Mipt online kopen | RC Kopen\",\"isPartOf\":{\"@id\":\"https:\/\/rckopen.com\/#website\"},\"primaryImageOfPage\":{\"@id\":\"https:\/\/rckopen.com\/product\/4-aco-mipt\/#primaryimage\"},\"image\":{\"@id\":\"https:\/\/rckopen.com\/product\/4-aco-mipt\/#primaryimage\"},\"thumbnailUrl\":\"https:\/\/rckopen.com\/wp-content\/uploads\/2023\/08\/4-ACO-MIPT.jpg\",\"datePublished\":\"2023-08-17T11:30:45+00:00\",\"dateModified\":\"2025-01-31T04:57:40+00:00\",\"description\":\"U kunt nu 4-Aco-Mipt te koop krijgen in onze topwinkel RC Kopen. Onze medewerkers zullen u helpen om 4-Aco-Mipt online te kopen tegen de beste prijzen. Bestel 4-Aco-Mipt vandaag nog online met wereldwijde verzending!\",\"breadcrumb\":{\"@id\":\"https:\/\/rckopen.com\/product\/4-aco-mipt\/#breadcrumb\"},\"inLanguage\":\"es\",\"potentialAction\":[{\"@type\":\"ReadAction\",\"target\":[\"https:\/\/rckopen.com\/product\/4-aco-mipt\/\"]}]},{\"@type\":\"ImageObject\",\"inLanguage\":\"es\",\"@id\":\"https:\/\/rckopen.com\/product\/4-aco-mipt\/#primaryimage\",\"url\":\"https:\/\/rckopen.com\/wp-content\/uploads\/2023\/08\/4-ACO-MIPT.jpg\",\"contentUrl\":\"https:\/\/rckopen.com\/wp-content\/uploads\/2023\/08\/4-ACO-MIPT.jpg\",\"width\":600,\"height\":600,\"caption\":\"4-ACO-MIPT online kopen\"},{\"@type\":\"BreadcrumbList\",\"@id\":\"https:\/\/rckopen.com\/product\/4-aco-mipt\/#breadcrumb\",\"itemListElement\":[{\"@type\":\"ListItem\",\"position\":1,\"name\":\"Home\",\"item\":\"https:\/\/rckopen.com\/\"},{\"@type\":\"ListItem\",\"position\":2,\"name\":\"Shop\",\"item\":\"https:\/\/rckopen.com\/shop\/\"},{\"@type\":\"ListItem\",\"position\":3,\"name\":\"4-ACO-MIPT online kopen\"}]},{\"@type\":\"WebSite\",\"@id\":\"https:\/\/rckopen.com\/#website\",\"url\":\"https:\/\/rckopen.com\/\",\"name\":\"RC Kopen\",\"description\":\"Research Chemicals\",\"potentialAction\":[{\"@type\":\"SearchAction\",\"target\":{\"@type\":\"EntryPoint\",\"urlTemplate\":\"https:\/\/rckopen.com\/?s={search_term_string}\"},\"query-input\":{\"@type\":\"PropertyValueSpecification\",\"valueRequired\":true,\"valueName\":\"search_term_string\"}}],\"inLanguage\":\"es\"}]}<\/script>\n<!-- \/ Yoast SEO plugin. -->","yoast_head_json":{"title":"4-Aco-Mipt te koop - 4-Aco-Mipt online kopen | RC Kopen","description":"U kunt nu 4-Aco-Mipt te koop krijgen in onze topwinkel RC Kopen. Onze medewerkers zullen u helpen om 4-Aco-Mipt online te kopen tegen de beste prijzen. Bestel 4-Aco-Mipt vandaag nog online met wereldwijde verzending!","robots":{"index":"index","follow":"follow","max-snippet":"max-snippet:-1","max-image-preview":"max-image-preview:large","max-video-preview":"max-video-preview:-1"},"canonical":"https:\/\/rckopen.com\/es\/producto\/4-aco-mipt\/","og_locale":"es_ES","og_type":"article","og_title":"4-Aco-Mipt te koop - 4-Aco-Mipt online kopen | RC Kopen","og_description":"U kunt nu 4-Aco-Mipt te koop krijgen in onze topwinkel RC Kopen. Onze medewerkers zullen u helpen om 4-Aco-Mipt online te kopen tegen de beste prijzen. Bestel 4-Aco-Mipt vandaag nog online met wereldwijde verzending!","og_url":"https:\/\/rckopen.com\/es\/producto\/4-aco-mipt\/","og_site_name":"RC Kopen","article_modified_time":"2025-01-31T04:57:40+00:00","og_image":[{"width":600,"height":600,"url":"https:\/\/rckopen.com\/wp-content\/uploads\/2023\/08\/4-ACO-MIPT.jpg","type":"image\/jpeg"}],"twitter_card":"summary_large_image","twitter_misc":{"Tiempo de lectura":"2 minutos"},"schema":{"@context":"https:\/\/schema.org","@graph":[{"@type":"WebPage","@id":"https:\/\/rckopen.com\/product\/4-aco-mipt\/","url":"https:\/\/rckopen.com\/product\/4-aco-mipt\/","name":"4-Aco-Mipt te koop - 4-Aco-Mipt online kopen | RC Kopen","isPartOf":{"@id":"https:\/\/rckopen.com\/#website"},"primaryImageOfPage":{"@id":"https:\/\/rckopen.com\/product\/4-aco-mipt\/#primaryimage"},"image":{"@id":"https:\/\/rckopen.com\/product\/4-aco-mipt\/#primaryimage"},"thumbnailUrl":"https:\/\/rckopen.com\/wp-content\/uploads\/2023\/08\/4-ACO-MIPT.jpg","datePublished":"2023-08-17T11:30:45+00:00","dateModified":"2025-01-31T04:57:40+00:00","description":"U kunt nu 4-Aco-Mipt te koop krijgen in onze topwinkel RC Kopen. Onze medewerkers zullen u helpen om 4-Aco-Mipt online te kopen tegen de beste prijzen. Bestel 4-Aco-Mipt vandaag nog online met wereldwijde verzending!","breadcrumb":{"@id":"https:\/\/rckopen.com\/product\/4-aco-mipt\/#breadcrumb"},"inLanguage":"es","potentialAction":[{"@type":"ReadAction","target":["https:\/\/rckopen.com\/product\/4-aco-mipt\/"]}]},{"@type":"ImageObject","inLanguage":"es","@id":"https:\/\/rckopen.com\/product\/4-aco-mipt\/#primaryimage","url":"https:\/\/rckopen.com\/wp-content\/uploads\/2023\/08\/4-ACO-MIPT.jpg","contentUrl":"https:\/\/rckopen.com\/wp-content\/uploads\/2023\/08\/4-ACO-MIPT.jpg","width":600,"height":600,"caption":"4-ACO-MIPT online kopen"},{"@type":"BreadcrumbList","@id":"https:\/\/rckopen.com\/product\/4-aco-mipt\/#breadcrumb","itemListElement":[{"@type":"ListItem","position":1,"name":"Home","item":"https:\/\/rckopen.com\/"},{"@type":"ListItem","position":2,"name":"Shop","item":"https:\/\/rckopen.com\/shop\/"},{"@type":"ListItem","position":3,"name":"4-ACO-MIPT online kopen"}]},{"@type":"WebSite","@id":"https:\/\/rckopen.com\/#website","url":"https:\/\/rckopen.com\/","name":"RC Kopen","description":"Research Chemicals","potentialAction":[{"@type":"SearchAction","target":{"@type":"EntryPoint","urlTemplate":"https:\/\/rckopen.com\/?s={search_term_string}"},"query-input":{"@type":"PropertyValueSpecification","valueRequired":true,"valueName":"search_term_string"}}],"inLanguage":"es"}]}},"_links":{"self":[{"href":"https:\/\/rckopen.com\/es\/wp-json\/wp\/v2\/product\/6775","targetHints":{"allow":["GET"]}}],"collection":[{"href":"https:\/\/rckopen.com\/es\/wp-json\/wp\/v2\/product"}],"about":[{"href":"https:\/\/rckopen.com\/es\/wp-json\/wp\/v2\/types\/product"}],"replies":[{"embeddable":true,"href":"https:\/\/rckopen.com\/es\/wp-json\/wp\/v2\/comments?post=6775"}],"wp:featuredmedia":[{"embeddable":true,"href":"https:\/\/rckopen.com\/es\/wp-json\/wp\/v2\/media\/6964"}],"wp:attachment":[{"href":"https:\/\/rckopen.com\/es\/wp-json\/wp\/v2\/media?parent=6775"}],"wp:term":[{"taxonomy":"product_brand","embeddable":true,"href":"https:\/\/rckopen.com\/es\/wp-json\/wp\/v2\/product_brand?post=6775"},{"taxonomy":"product_cat","embeddable":true,"href":"https:\/\/rckopen.com\/es\/wp-json\/wp\/v2\/product_cat?post=6775"},{"taxonomy":"product_tag","embeddable":true,"href":"https:\/\/rckopen.com\/es\/wp-json\/wp\/v2\/product_tag?post=6775"}],"curies":[{"name":"wp","href":"https:\/\/api.w.org\/{rel}","templated":true}]}}