{"id":6802,"date":"2023-08-17T12:12:47","date_gmt":"2023-08-17T12:12:47","guid":{"rendered":"https:\/\/diligentplug.com\/chems\/?post_type=product&#038;p=6802"},"modified":"2025-01-31T05:32:23","modified_gmt":"2025-01-31T05:32:23","slug":"koop-4-ho-met-2","status":"publish","type":"product","link":"https:\/\/rckopen.com\/es\/producto\/koop-4-ho-met-2\/","title":{"rendered":"Comprar 4-HO-MPT en l\u00ednea"},"content":{"rendered":"<div data-content-type=\"row\" data-appearance=\"contained\" data-element=\"main\">\n<div data-enable-parallax=\"0\" data-parallax-speed=\"0.5\" data-background-images=\"{}\" data-background-type=\"image\" data-video-loop=\"true\" data-video-play-only-visible=\"true\" data-video-lazy-load=\"true\" data-video-fallback-src=\"\" data-element=\"inner\" data-pb-style=\"OI9WT2O\">\n<div data-content-type=\"text\" data-appearance=\"default\" data-element=\"main\">\n<h2>Uw one-stop-shop voor 4-HO-MPT online kopen<\/h2>\n<p>Quieres <a href=\"https:\/\/rckopen.com\/es\/producto\/koop-4-ho-met-2\/\">Comprar 4-HO-MPT en l\u00ednea<\/a>? \u00a1Has venido al lugar correcto! RCKopen ofrece una experiencia de compra perfecta para los entusiastas de 4-HO-MPT de todo el mundo.<\/p>\n<h3>\u00bfPor qu\u00e9 elegir RCKopen para sus necesidades de 4-HO-MPT?<\/h3>\n<p>En RCKopen entendemos la importancia de la calidad y la legalidad cuando se trata de investigaci\u00f3n qu\u00edmica. Por eso nos esforzamos por s\u00f3lo <a href=\"https:\/\/en.wikipedia.org\/wiki\/4-HO-MPT\">4-HO-MPT<\/a> de la m\u00e1s alta calidad para la venta, para que los investigadores puedan realizar sus experimentos con confianza y tranquilidad.<\/p>\n<h3>Comodidad y fiabilidad<\/h3>\n<p>D\u00f3nde comprar 4-HO-MPT sin complicaciones de recetas o problemas legales. No busque m\u00e1s all\u00e1 de <a href=\"https:\/\/rckopen.com\/es\/\">Rckopen.com<\/a>. Nuestro sitio web f\u00e1cil de usar facilita el pedido de 4-HO-MPT con solo unos pocos clics, y nuestro env\u00edo discreto garantiza que su paquete llegue de manera segura.<\/p>\n<h3>Legal y leg\u00edtimo<\/h3>\n<p>Puede estar seguro de que cuando compra 4-HO-MPT de RCKopen, est\u00e1 comprando de una fuente confiable. Operamos en total cumplimiento con todas las leyes y regulaciones pertinentes, por lo que puede comprar con confianza, sabiendo que su compra es de origen legal y leg\u00edtimo.<\/p>\n<h3>Env\u00edo internacional disponible<\/h3>\n<p>Ya sea que se encuentre en el Reino Unido o en el extranjero, RCKopen ofrece 4-HO-MPT a la venta con opciones de env\u00edo a todo el mundo. Est\u00e9 donde est\u00e9, puede acceder a nuestra tienda de 4-HO-MPT y recibir su sustancia de investigaci\u00f3n en su domicilio.<\/p>\n<h3>Satisfacci\u00f3n del cliente garantizada<\/h3>\n<p>En RCKopen, su satisfacci\u00f3n es nuestra m\u00e1xima prioridad. Desde nuestro sencillo proceso de pedido hasta nuestro atento equipo de atenci\u00f3n al cliente, nos comprometemos a brindarle la mejor experiencia posible en cada paso del proceso.<\/p>\n<h3>Comience su viaje de investigaci\u00f3n hoy<\/h3>\n<p>\u00bfEst\u00e1 listo para comprar 4-HO-MPT y llevar su investigaci\u00f3n al siguiente nivel? Visite RCKopen ahora para explorar nuestra selecci\u00f3n de productos qu\u00edmicos de investigaci\u00f3n de alta calidad y realizar su pedido con confianza. \u00a1Desbloquee el potencial de 4-HO-MPT en sus experimentos hoy!<\/p>\n<h3>Informaci\u00f3n transparente del producto<\/h3>\n<p>En RCKopen creemos en la transparencia. Por eso ofrecemos informaci\u00f3n detallada sobre nuestros productos 4-HO-MPT, incluidos los niveles de pureza, las dosis recomendadas y los posibles efectos. Con nosotros, siempre sabr\u00e1s exactamente lo que est\u00e1s comprando.<\/p>\n<h3>Opciones de pago seguras<\/h3>\n<p>Su seguridad es nuestra prioridad. Cuando realiza un pedido de 4-HO-MPT en RCKopen, puede elegir entre una variedad de opciones de pago seguras para garantizar la protecci\u00f3n de su transacci\u00f3n. Utilizamos tecnolog\u00eda de cifrado para proteger sus datos personales y financieros, para que pueda comprar con tranquilidad.<\/p>\n<\/div>\n<\/div>\n<\/div>\n<div data-content-type=\"row\" data-appearance=\"contained\" data-element=\"main\">\n<div data-enable-parallax=\"0\" data-parallax-speed=\"0.5\" data-background-images=\"{}\" data-background-type=\"image\" data-video-loop=\"true\" data-video-play-only-visible=\"true\" data-video-lazy-load=\"true\" data-video-fallback-src=\"\" data-element=\"inner\" data-pb-style=\"X1KCBWS\">\n<div data-content-type=\"text\" data-appearance=\"default\" data-element=\"main\"><\/div>\n<\/div>\n<\/div>","protected":false},"excerpt":{"rendered":"<p>Uw one-stop-shop voor 4-HO-MPT online kopen Wilt u 4-HO-MPT online kopen? U bent bij ons aan het juiste adres! RCKopen biedt een naadloze aankoopervaring voor 4-HO-MPT-enthousiastelingen over de hele wereld. Waarom kiezen voor RCKopen voor uw 4-HO-MPT-behoeften? Bij RCKopen begrijpen we het belang van kwaliteit en legaliteit als het gaat<\/p>","protected":false},"featured_media":7664,"comment_status":"open","ping_status":"closed","template":"","meta":{"_joinchat":[]},"product_brand":[],"product_cat":[149],"product_tag":[],"class_list":{"0":"post-6802","1":"product","2":"type-product","3":"status-publish","4":"has-post-thumbnail","6":"product_cat-tryptaminen","8":"first","9":"instock","10":"shipping-taxable","11":"purchasable","12":"product-type-variable"},"yoast_head":"<!-- This site is optimized with the Yoast SEO plugin v26.3 - https:\/\/yoast.com\/wordpress\/plugins\/seo\/ -->\n<title>4-HO-MPT online kopen - 4-HO-MPT te koop | RC Kopen<\/title>\n<meta name=\"description\" content=\"4-HO-MPT online kopen Je kunt contact opnemen met onze RCKOPEN en 4-ho-mpt online bestellen. We hebben 4-ho-mpt te koop tegen goedkope prijzen.\" \/>\n<meta name=\"robots\" content=\"index, follow, max-snippet:-1, max-image-preview:large, max-video-preview:-1\" \/>\n<link rel=\"canonical\" href=\"https:\/\/rckopen.com\/es\/producto\/koop-4-ho-met-2\/\" \/>\n<meta property=\"og:locale\" content=\"es_ES\" \/>\n<meta property=\"og:type\" content=\"article\" \/>\n<meta property=\"og:title\" content=\"4-HO-MPT online kopen - 4-HO-MPT te koop | RC Kopen\" \/>\n<meta property=\"og:description\" content=\"4-HO-MPT online kopen Je kunt contact opnemen met onze RCKOPEN en 4-ho-mpt online bestellen. We hebben 4-ho-mpt te koop tegen goedkope prijzen.\" \/>\n<meta property=\"og:url\" content=\"https:\/\/rckopen.com\/es\/producto\/koop-4-ho-met-2\/\" \/>\n<meta property=\"og:site_name\" content=\"RC Kopen\" \/>\n<meta property=\"article:modified_time\" content=\"2025-01-31T05:32:23+00:00\" \/>\n<meta property=\"og:image\" content=\"https:\/\/rckopen.com\/wp-content\/uploads\/2023\/08\/4-HO-MET-1.jpg\" \/>\n\t<meta property=\"og:image:width\" content=\"600\" \/>\n\t<meta property=\"og:image:height\" content=\"600\" \/>\n\t<meta property=\"og:image:type\" content=\"image\/jpeg\" \/>\n<meta name=\"twitter:card\" content=\"summary_large_image\" \/>\n<meta name=\"twitter:label1\" content=\"Tiempo de lectura\" \/>\n\t<meta name=\"twitter:data1\" content=\"2 minutos\" \/>\n<script type=\"application\/ld+json\" class=\"yoast-schema-graph\">{\"@context\":\"https:\/\/schema.org\",\"@graph\":[{\"@type\":\"WebPage\",\"@id\":\"https:\/\/rckopen.com\/product\/koop-4-ho-met-2\/\",\"url\":\"https:\/\/rckopen.com\/product\/koop-4-ho-met-2\/\",\"name\":\"4-HO-MPT online kopen - 4-HO-MPT te koop | RC Kopen\",\"isPartOf\":{\"@id\":\"https:\/\/rckopen.com\/#website\"},\"primaryImageOfPage\":{\"@id\":\"https:\/\/rckopen.com\/product\/koop-4-ho-met-2\/#primaryimage\"},\"image\":{\"@id\":\"https:\/\/rckopen.com\/product\/koop-4-ho-met-2\/#primaryimage\"},\"thumbnailUrl\":\"https:\/\/rckopen.com\/wp-content\/uploads\/2023\/08\/4-HO-MET-1.jpg\",\"datePublished\":\"2023-08-17T12:12:47+00:00\",\"dateModified\":\"2025-01-31T05:32:23+00:00\",\"description\":\"4-HO-MPT online kopen Je kunt contact opnemen met onze RCKOPEN en 4-ho-mpt online bestellen. We hebben 4-ho-mpt te koop tegen goedkope prijzen.\",\"breadcrumb\":{\"@id\":\"https:\/\/rckopen.com\/product\/koop-4-ho-met-2\/#breadcrumb\"},\"inLanguage\":\"es\",\"potentialAction\":[{\"@type\":\"ReadAction\",\"target\":[\"https:\/\/rckopen.com\/product\/koop-4-ho-met-2\/\"]}]},{\"@type\":\"ImageObject\",\"inLanguage\":\"es\",\"@id\":\"https:\/\/rckopen.com\/product\/koop-4-ho-met-2\/#primaryimage\",\"url\":\"https:\/\/rckopen.com\/wp-content\/uploads\/2023\/08\/4-HO-MET-1.jpg\",\"contentUrl\":\"https:\/\/rckopen.com\/wp-content\/uploads\/2023\/08\/4-HO-MET-1.jpg\",\"width\":600,\"height\":600,\"caption\":\"4-HO-MET online kopen\"},{\"@type\":\"BreadcrumbList\",\"@id\":\"https:\/\/rckopen.com\/product\/koop-4-ho-met-2\/#breadcrumb\",\"itemListElement\":[{\"@type\":\"ListItem\",\"position\":1,\"name\":\"Home\",\"item\":\"https:\/\/rckopen.com\/\"},{\"@type\":\"ListItem\",\"position\":2,\"name\":\"Shop\",\"item\":\"https:\/\/rckopen.com\/shop\/\"},{\"@type\":\"ListItem\",\"position\":3,\"name\":\"4-HO-MPT online kopen\"}]},{\"@type\":\"WebSite\",\"@id\":\"https:\/\/rckopen.com\/#website\",\"url\":\"https:\/\/rckopen.com\/\",\"name\":\"RC Kopen\",\"description\":\"Research Chemicals\",\"potentialAction\":[{\"@type\":\"SearchAction\",\"target\":{\"@type\":\"EntryPoint\",\"urlTemplate\":\"https:\/\/rckopen.com\/?s={search_term_string}\"},\"query-input\":{\"@type\":\"PropertyValueSpecification\",\"valueRequired\":true,\"valueName\":\"search_term_string\"}}],\"inLanguage\":\"es\"}]}<\/script>\n<!-- \/ Yoast SEO plugin. -->","yoast_head_json":{"title":"4-HO-MPT online kopen - 4-HO-MPT te koop | RC Kopen","description":"4-HO-MPT online kopen Je kunt contact opnemen met onze RCKOPEN en 4-ho-mpt online bestellen. We hebben 4-ho-mpt te koop tegen goedkope prijzen.","robots":{"index":"index","follow":"follow","max-snippet":"max-snippet:-1","max-image-preview":"max-image-preview:large","max-video-preview":"max-video-preview:-1"},"canonical":"https:\/\/rckopen.com\/es\/producto\/koop-4-ho-met-2\/","og_locale":"es_ES","og_type":"article","og_title":"4-HO-MPT online kopen - 4-HO-MPT te koop | RC Kopen","og_description":"4-HO-MPT online kopen Je kunt contact opnemen met onze RCKOPEN en 4-ho-mpt online bestellen. We hebben 4-ho-mpt te koop tegen goedkope prijzen.","og_url":"https:\/\/rckopen.com\/es\/producto\/koop-4-ho-met-2\/","og_site_name":"RC Kopen","article_modified_time":"2025-01-31T05:32:23+00:00","og_image":[{"width":600,"height":600,"url":"https:\/\/rckopen.com\/wp-content\/uploads\/2023\/08\/4-HO-MET-1.jpg","type":"image\/jpeg"}],"twitter_card":"summary_large_image","twitter_misc":{"Tiempo de lectura":"2 minutos"},"schema":{"@context":"https:\/\/schema.org","@graph":[{"@type":"WebPage","@id":"https:\/\/rckopen.com\/product\/koop-4-ho-met-2\/","url":"https:\/\/rckopen.com\/product\/koop-4-ho-met-2\/","name":"4-HO-MPT online kopen - 4-HO-MPT te koop | RC Kopen","isPartOf":{"@id":"https:\/\/rckopen.com\/#website"},"primaryImageOfPage":{"@id":"https:\/\/rckopen.com\/product\/koop-4-ho-met-2\/#primaryimage"},"image":{"@id":"https:\/\/rckopen.com\/product\/koop-4-ho-met-2\/#primaryimage"},"thumbnailUrl":"https:\/\/rckopen.com\/wp-content\/uploads\/2023\/08\/4-HO-MET-1.jpg","datePublished":"2023-08-17T12:12:47+00:00","dateModified":"2025-01-31T05:32:23+00:00","description":"4-HO-MPT online kopen Je kunt contact opnemen met onze RCKOPEN en 4-ho-mpt online bestellen. We hebben 4-ho-mpt te koop tegen goedkope prijzen.","breadcrumb":{"@id":"https:\/\/rckopen.com\/product\/koop-4-ho-met-2\/#breadcrumb"},"inLanguage":"es","potentialAction":[{"@type":"ReadAction","target":["https:\/\/rckopen.com\/product\/koop-4-ho-met-2\/"]}]},{"@type":"ImageObject","inLanguage":"es","@id":"https:\/\/rckopen.com\/product\/koop-4-ho-met-2\/#primaryimage","url":"https:\/\/rckopen.com\/wp-content\/uploads\/2023\/08\/4-HO-MET-1.jpg","contentUrl":"https:\/\/rckopen.com\/wp-content\/uploads\/2023\/08\/4-HO-MET-1.jpg","width":600,"height":600,"caption":"4-HO-MET online kopen"},{"@type":"BreadcrumbList","@id":"https:\/\/rckopen.com\/product\/koop-4-ho-met-2\/#breadcrumb","itemListElement":[{"@type":"ListItem","position":1,"name":"Home","item":"https:\/\/rckopen.com\/"},{"@type":"ListItem","position":2,"name":"Shop","item":"https:\/\/rckopen.com\/shop\/"},{"@type":"ListItem","position":3,"name":"4-HO-MPT online kopen"}]},{"@type":"WebSite","@id":"https:\/\/rckopen.com\/#website","url":"https:\/\/rckopen.com\/","name":"RC Kopen","description":"Research Chemicals","potentialAction":[{"@type":"SearchAction","target":{"@type":"EntryPoint","urlTemplate":"https:\/\/rckopen.com\/?s={search_term_string}"},"query-input":{"@type":"PropertyValueSpecification","valueRequired":true,"valueName":"search_term_string"}}],"inLanguage":"es"}]}},"_links":{"self":[{"href":"https:\/\/rckopen.com\/es\/wp-json\/wp\/v2\/product\/6802","targetHints":{"allow":["GET"]}}],"collection":[{"href":"https:\/\/rckopen.com\/es\/wp-json\/wp\/v2\/product"}],"about":[{"href":"https:\/\/rckopen.com\/es\/wp-json\/wp\/v2\/types\/product"}],"replies":[{"embeddable":true,"href":"https:\/\/rckopen.com\/es\/wp-json\/wp\/v2\/comments?post=6802"}],"wp:featuredmedia":[{"embeddable":true,"href":"https:\/\/rckopen.com\/es\/wp-json\/wp\/v2\/media\/7664"}],"wp:attachment":[{"href":"https:\/\/rckopen.com\/es\/wp-json\/wp\/v2\/media?parent=6802"}],"wp:term":[{"taxonomy":"product_brand","embeddable":true,"href":"https:\/\/rckopen.com\/es\/wp-json\/wp\/v2\/product_brand?post=6802"},{"taxonomy":"product_cat","embeddable":true,"href":"https:\/\/rckopen.com\/es\/wp-json\/wp\/v2\/product_cat?post=6802"},{"taxonomy":"product_tag","embeddable":true,"href":"https:\/\/rckopen.com\/es\/wp-json\/wp\/v2\/product_tag?post=6802"}],"curies":[{"name":"wp","href":"https:\/\/api.w.org\/{rel}","templated":true}]}}