{"id":6803,"date":"2023-08-17T11:54:31","date_gmt":"2023-08-17T11:54:31","guid":{"rendered":"https:\/\/diligentplug.com\/chems\/?post_type=product&#038;p=6803"},"modified":"2025-01-31T04:53:51","modified_gmt":"2025-01-31T04:53:51","slug":"koop-4-aco-met","status":"publish","type":"product","link":"https:\/\/rckopen.com\/es\/producto\/comprar-4-aco-con\/","title":{"rendered":"Comprar 4-ACO-MET en l\u00ednea"},"content":{"rendered":"<h2>Rckopen.com: Belangrijkste redenen voor Trusted 4-ACO-MET online kopen winkel<\/h2>\n<p>Abeja <a href=\"https:\/\/rckopen.com\/es\/\">RCKopen<\/a> Ofrecemos el mejor precio para <a href=\"https:\/\/rckopen.com\/es\/producto\/comprar-4-aco-con\/\">4-ACO-MET<\/a>, garantizando asequibilidad y calidad para nuestros clientes. Nuestra plataforma en l\u00ednea ofrece una forma c\u00f3moda y segura de comprar esta sustancia de investigaci\u00f3n, para que pueda explorar sus propiedades y beneficios desde la comodidad de su hogar.<\/p>\n<p>\u00bfD\u00f3nde puedo comprar 4-ACO-MET online? \u00bfTe preguntas d\u00f3nde est\u00e1s? <a href=\"https:\/\/en.wikipedia.org\/wiki\/4-AcO-MET\">4-ACO-MET<\/a> \u00bfpuedo comprar? No busque m\u00e1s que Rckopen.com. Nos enorgullecemos de ser una fuente confiable de productos qu\u00edmicos de investigaci\u00f3n y ofrecemos una amplia selecci\u00f3n de productos para satisfacer sus necesidades. Con nuestro sitio web f\u00e1cil de usar y un env\u00edo confiable, puede confiar en nosotros para todas sus necesidades de productos qu\u00edmicos de investigaci\u00f3n.<\/p>\n<h3>4-ACO-MET a la venta: \u00bfBusca 4-ACO-MET a la venta?<\/h3>\n<p>Rckopen.com lo tiene cubierto. Nuestra tienda ofrece este compuesto, conocido por sus propiedades psicod\u00e9licas, a precios competitivos. Ya sea un investigador o un entusiasta, puede confiar en nosotros para entregarle productos aut\u00e9nticos que cumplan con sus expectativas.<\/p>\n<p>Pedido 4-ACO-MET: \u00bfListo para realizar tu pedido? Rckopen.com hace que sea f\u00e1cil comprar 4-ACO-MET de forma legal y segura. Navega por nuestra web, selecciona la cantidad que deseas y procede al pago. Gracias a nuestro proceso de pedido optimizado y a nuestro embalaje discreto, recibir\u00e1 su producto r\u00e1pidamente y con tranquilidad.<\/p>\n<p>Achetez 4-ACO-MET l\u00e9galement en ligne : nous comprenons l\u2019importance de la l\u00e9galit\u00e9 et de la conformit\u00e9 lors de l\u2019achat de produits chimiques de recherche. Par cons\u00e9quent, Rckopen.com veille \u00e0 ce que toutes les transactions soient effectu\u00e9es conform\u00e9ment aux lois et r\u00e9glementations en vigueur. Lorsque vous achetez du 4-ACO-MET chez nous, vous pouvez \u00eatre s\u00fbr que vous l\u2019obtenez de mani\u00e8re l\u00e9gale et responsable.<\/p>\n<p>Tienda 4-ACO-MET: Como su tienda 4-ACO-MET de confianza, priorizamos la satisfacci\u00f3n del cliente y la calidad del producto por encima de todo. Nuestro compromiso con la excelencia nos lleva a obtener nuestros productos qu\u00edmicos de proveedores de confianza y a mantener estrictas normas de control de calidad. Cuando compra con nosotros, puede estar seguro de que est\u00e1 adquiriendo lo mejor.<\/p>\n<h3>Descubra nuestra selecci\u00f3n: Adem\u00e1s, pida 4-ACO-MET en<\/h3>\n<p>Rckopen.com ofrece una amplia gama de productos qu\u00edmicos de investigaci\u00f3n para la venta. Ya sea que est\u00e9 interesado en psicod\u00e9licos, estimulantes o nootr\u00f3picos, nuestra tienda tiene algo para todos. Explore nuestra oferta hoy y descubra productos de alta calidad para sus necesidades de investigaci\u00f3n.<\/p>\n<p>Servicio al cliente: Compre 4-ACO-MET sin receta en Rckopen.com, priorizamos la satisfacci\u00f3n del cliente. Nuestro dedicado equipo de atenci\u00f3n al cliente est\u00e1 listo para ayudarlo con cualquier pregunta o inquietud que pueda tener. Ya sea que necesite ayuda para realizar un pedido o necesite asistencia despu\u00e9s de su compra, estamos aqu\u00ed para ayudarlo. Cont\u00e1ctenos en cualquier momento para obtener asistencia r\u00e1pida y profesional.<\/p>\n<p>Opciones de pago seguras: Puede estar seguro de que sus transacciones en l\u00ednea son seguras cuando compra en Rckopen.com. Ofrecemos una variedad de opciones de pago, incluidas pasarelas de pago encriptadas, para proteger su informaci\u00f3n personal y financiera. Compre con confianza sabiendo que su privacidad y seguridad son nuestras principales prioridades.<\/p>","protected":false},"excerpt":{"rendered":"<p><strong>Nombre IUPAC: <\/strong>3-(2-etil(metil)aminoetil)-1H-indol-4-il acetato<\/p>\n<p><strong>CAS # <\/strong>246-87-2<\/p>\n<p><strong>Apariencia: <\/strong>polvo<\/p>\n<p><strong>Forma: <\/strong>fumarato<\/p>\n<p><strong>An\u00e1lisis por RMN: <\/strong>C15H20N2O2<\/p>","protected":false},"featured_media":7662,"comment_status":"open","ping_status":"closed","template":"","meta":{"_joinchat":[]},"product_brand":[],"product_cat":[149],"product_tag":[],"class_list":{"0":"post-6803","1":"product","2":"type-product","3":"status-publish","4":"has-post-thumbnail","6":"product_cat-tryptaminen","8":"first","9":"instock","10":"shipping-taxable","11":"purchasable","12":"product-type-variable"},"yoast_head":"<!-- This site is optimized with the Yoast SEO plugin v26.3 - https:\/\/yoast.com\/wordpress\/plugins\/seo\/ -->\n<title>Koop 4-ACO-MET - 4-ACO-MET te koop - Bestel 4-ACO-MET<\/title>\n<meta name=\"description\" content=\"Bij het kopen kunt u 4-Aco-Met goedkoop kopen. Wij werken uitsluitend met A-kwaliteit producten. Koop 4-Aco-Met nu online 4-Aco-Met te koop\" \/>\n<meta name=\"robots\" content=\"index, follow, max-snippet:-1, max-image-preview:large, max-video-preview:-1\" \/>\n<link rel=\"canonical\" href=\"https:\/\/rckopen.com\/es\/producto\/comprar-4-aco-con\/\" \/>\n<meta property=\"og:locale\" content=\"es_ES\" \/>\n<meta property=\"og:type\" content=\"article\" \/>\n<meta property=\"og:title\" content=\"Koop 4-ACO-MET - 4-ACO-MET te koop - Bestel 4-ACO-MET\" \/>\n<meta property=\"og:description\" content=\"Bij het kopen kunt u 4-Aco-Met goedkoop kopen. Wij werken uitsluitend met A-kwaliteit producten. Koop 4-Aco-Met nu online 4-Aco-Met te koop\" \/>\n<meta property=\"og:url\" content=\"https:\/\/rckopen.com\/es\/producto\/comprar-4-aco-con\/\" \/>\n<meta property=\"og:site_name\" content=\"RC Kopen\" \/>\n<meta property=\"article:modified_time\" content=\"2025-01-31T04:53:51+00:00\" \/>\n<meta property=\"og:image\" content=\"https:\/\/rckopen.com\/wp-content\/uploads\/2023\/08\/4-ACO-MET.jpg\" \/>\n\t<meta property=\"og:image:width\" content=\"600\" \/>\n\t<meta property=\"og:image:height\" content=\"600\" \/>\n\t<meta property=\"og:image:type\" content=\"image\/jpeg\" \/>\n<meta name=\"twitter:card\" content=\"summary_large_image\" \/>\n<meta name=\"twitter:label1\" content=\"Tiempo de lectura\" \/>\n\t<meta name=\"twitter:data1\" content=\"3 minutos\" \/>\n<script type=\"application\/ld+json\" class=\"yoast-schema-graph\">{\"@context\":\"https:\/\/schema.org\",\"@graph\":[{\"@type\":\"WebPage\",\"@id\":\"https:\/\/rckopen.com\/product\/koop-4-aco-met\/\",\"url\":\"https:\/\/rckopen.com\/product\/koop-4-aco-met\/\",\"name\":\"Koop 4-ACO-MET - 4-ACO-MET te koop - Bestel 4-ACO-MET\",\"isPartOf\":{\"@id\":\"https:\/\/rckopen.com\/#website\"},\"primaryImageOfPage\":{\"@id\":\"https:\/\/rckopen.com\/product\/koop-4-aco-met\/#primaryimage\"},\"image\":{\"@id\":\"https:\/\/rckopen.com\/product\/koop-4-aco-met\/#primaryimage\"},\"thumbnailUrl\":\"https:\/\/rckopen.com\/wp-content\/uploads\/2023\/08\/4-ACO-MET.jpg\",\"datePublished\":\"2023-08-17T11:54:31+00:00\",\"dateModified\":\"2025-01-31T04:53:51+00:00\",\"description\":\"Bij het kopen kunt u 4-Aco-Met goedkoop kopen. Wij werken uitsluitend met A-kwaliteit producten. Koop 4-Aco-Met nu online 4-Aco-Met te koop\",\"breadcrumb\":{\"@id\":\"https:\/\/rckopen.com\/product\/koop-4-aco-met\/#breadcrumb\"},\"inLanguage\":\"es\",\"potentialAction\":[{\"@type\":\"ReadAction\",\"target\":[\"https:\/\/rckopen.com\/product\/koop-4-aco-met\/\"]}]},{\"@type\":\"ImageObject\",\"inLanguage\":\"es\",\"@id\":\"https:\/\/rckopen.com\/product\/koop-4-aco-met\/#primaryimage\",\"url\":\"https:\/\/rckopen.com\/wp-content\/uploads\/2023\/08\/4-ACO-MET.jpg\",\"contentUrl\":\"https:\/\/rckopen.com\/wp-content\/uploads\/2023\/08\/4-ACO-MET.jpg\",\"width\":600,\"height\":600,\"caption\":\"4-ACO-MET online kopen\"},{\"@type\":\"BreadcrumbList\",\"@id\":\"https:\/\/rckopen.com\/product\/koop-4-aco-met\/#breadcrumb\",\"itemListElement\":[{\"@type\":\"ListItem\",\"position\":1,\"name\":\"Home\",\"item\":\"https:\/\/rckopen.com\/\"},{\"@type\":\"ListItem\",\"position\":2,\"name\":\"Shop\",\"item\":\"https:\/\/rckopen.com\/shop\/\"},{\"@type\":\"ListItem\",\"position\":3,\"name\":\"4-ACO-MET online kopen\"}]},{\"@type\":\"WebSite\",\"@id\":\"https:\/\/rckopen.com\/#website\",\"url\":\"https:\/\/rckopen.com\/\",\"name\":\"RC Kopen\",\"description\":\"Research Chemicals\",\"potentialAction\":[{\"@type\":\"SearchAction\",\"target\":{\"@type\":\"EntryPoint\",\"urlTemplate\":\"https:\/\/rckopen.com\/?s={search_term_string}\"},\"query-input\":{\"@type\":\"PropertyValueSpecification\",\"valueRequired\":true,\"valueName\":\"search_term_string\"}}],\"inLanguage\":\"es\"}]}<\/script>\n<!-- \/ Yoast SEO plugin. -->","yoast_head_json":{"title":"Koop 4-ACO-MET - 4-ACO-MET te koop - Bestel 4-ACO-MET","description":"Bij het kopen kunt u 4-Aco-Met goedkoop kopen. Wij werken uitsluitend met A-kwaliteit producten. Koop 4-Aco-Met nu online 4-Aco-Met te koop","robots":{"index":"index","follow":"follow","max-snippet":"max-snippet:-1","max-image-preview":"max-image-preview:large","max-video-preview":"max-video-preview:-1"},"canonical":"https:\/\/rckopen.com\/es\/producto\/comprar-4-aco-con\/","og_locale":"es_ES","og_type":"article","og_title":"Koop 4-ACO-MET - 4-ACO-MET te koop - Bestel 4-ACO-MET","og_description":"Bij het kopen kunt u 4-Aco-Met goedkoop kopen. Wij werken uitsluitend met A-kwaliteit producten. Koop 4-Aco-Met nu online 4-Aco-Met te koop","og_url":"https:\/\/rckopen.com\/es\/producto\/comprar-4-aco-con\/","og_site_name":"RC Kopen","article_modified_time":"2025-01-31T04:53:51+00:00","og_image":[{"width":600,"height":600,"url":"https:\/\/rckopen.com\/wp-content\/uploads\/2023\/08\/4-ACO-MET.jpg","type":"image\/jpeg"}],"twitter_card":"summary_large_image","twitter_misc":{"Tiempo de lectura":"3 minutos"},"schema":{"@context":"https:\/\/schema.org","@graph":[{"@type":"WebPage","@id":"https:\/\/rckopen.com\/product\/koop-4-aco-met\/","url":"https:\/\/rckopen.com\/product\/koop-4-aco-met\/","name":"Koop 4-ACO-MET - 4-ACO-MET te koop - Bestel 4-ACO-MET","isPartOf":{"@id":"https:\/\/rckopen.com\/#website"},"primaryImageOfPage":{"@id":"https:\/\/rckopen.com\/product\/koop-4-aco-met\/#primaryimage"},"image":{"@id":"https:\/\/rckopen.com\/product\/koop-4-aco-met\/#primaryimage"},"thumbnailUrl":"https:\/\/rckopen.com\/wp-content\/uploads\/2023\/08\/4-ACO-MET.jpg","datePublished":"2023-08-17T11:54:31+00:00","dateModified":"2025-01-31T04:53:51+00:00","description":"Bij het kopen kunt u 4-Aco-Met goedkoop kopen. Wij werken uitsluitend met A-kwaliteit producten. Koop 4-Aco-Met nu online 4-Aco-Met te koop","breadcrumb":{"@id":"https:\/\/rckopen.com\/product\/koop-4-aco-met\/#breadcrumb"},"inLanguage":"es","potentialAction":[{"@type":"ReadAction","target":["https:\/\/rckopen.com\/product\/koop-4-aco-met\/"]}]},{"@type":"ImageObject","inLanguage":"es","@id":"https:\/\/rckopen.com\/product\/koop-4-aco-met\/#primaryimage","url":"https:\/\/rckopen.com\/wp-content\/uploads\/2023\/08\/4-ACO-MET.jpg","contentUrl":"https:\/\/rckopen.com\/wp-content\/uploads\/2023\/08\/4-ACO-MET.jpg","width":600,"height":600,"caption":"4-ACO-MET online kopen"},{"@type":"BreadcrumbList","@id":"https:\/\/rckopen.com\/product\/koop-4-aco-met\/#breadcrumb","itemListElement":[{"@type":"ListItem","position":1,"name":"Home","item":"https:\/\/rckopen.com\/"},{"@type":"ListItem","position":2,"name":"Shop","item":"https:\/\/rckopen.com\/shop\/"},{"@type":"ListItem","position":3,"name":"4-ACO-MET online kopen"}]},{"@type":"WebSite","@id":"https:\/\/rckopen.com\/#website","url":"https:\/\/rckopen.com\/","name":"RC Kopen","description":"Research Chemicals","potentialAction":[{"@type":"SearchAction","target":{"@type":"EntryPoint","urlTemplate":"https:\/\/rckopen.com\/?s={search_term_string}"},"query-input":{"@type":"PropertyValueSpecification","valueRequired":true,"valueName":"search_term_string"}}],"inLanguage":"es"}]}},"_links":{"self":[{"href":"https:\/\/rckopen.com\/es\/wp-json\/wp\/v2\/product\/6803","targetHints":{"allow":["GET"]}}],"collection":[{"href":"https:\/\/rckopen.com\/es\/wp-json\/wp\/v2\/product"}],"about":[{"href":"https:\/\/rckopen.com\/es\/wp-json\/wp\/v2\/types\/product"}],"replies":[{"embeddable":true,"href":"https:\/\/rckopen.com\/es\/wp-json\/wp\/v2\/comments?post=6803"}],"wp:featuredmedia":[{"embeddable":true,"href":"https:\/\/rckopen.com\/es\/wp-json\/wp\/v2\/media\/7662"}],"wp:attachment":[{"href":"https:\/\/rckopen.com\/es\/wp-json\/wp\/v2\/media?parent=6803"}],"wp:term":[{"taxonomy":"product_brand","embeddable":true,"href":"https:\/\/rckopen.com\/es\/wp-json\/wp\/v2\/product_brand?post=6803"},{"taxonomy":"product_cat","embeddable":true,"href":"https:\/\/rckopen.com\/es\/wp-json\/wp\/v2\/product_cat?post=6803"},{"taxonomy":"product_tag","embeddable":true,"href":"https:\/\/rckopen.com\/es\/wp-json\/wp\/v2\/product_tag?post=6803"}],"curies":[{"name":"wp","href":"https:\/\/api.w.org\/{rel}","templated":true}]}}