{"id":6993,"date":"2023-08-18T08:08:58","date_gmt":"2023-08-18T08:08:58","guid":{"rendered":"https:\/\/diligentplug.com\/chems\/?post_type=product&#038;p=6993"},"modified":"2025-02-07T07:28:11","modified_gmt":"2025-02-07T07:28:11","slug":"koop-4-ho-met","status":"publish","type":"product","link":"https:\/\/rckopen.com\/es\/producto\/comprar-4-ho-con\/","title":{"rendered":"Comprar 4-HO-MET en l\u00ednea"},"content":{"rendered":"<h2>Comprar 4-HO-MET en l\u00ednea<\/h2>\n<h2>Voordelen van het kopen van 4-HO-MET online kopen bij RCKopen<\/h2>\n<p>\u00bfEstas buscando? <a href=\"https:\/\/rckopen.com\/es\/producto\/comprar-4-ho-con\/\">Comprar 4-HO-MET en l\u00ednea<\/a> \u00bfde primera calidad? No busque m\u00e1s que RCKopen, su destino definitivo para obtener este codiciado tejido. Por eso, pedir 4-HO-MET con nosotros es una decisi\u00f3n inteligente:<\/p>\n<h3>Amplia selecci\u00f3n<\/h3>\n<p>Abeja <a href=\"https:\/\/rckopen.com\/es\/\">RCKopen<\/a> Ofrecemos una amplia gama de productos qu\u00edmicos de investigaci\u00f3n, incluido 4-HO-MET, compre en l\u00ednea para que tenga acceso a los productos que necesita para sus experimentos e investigaciones.<\/p>\n<h3>M\u00e1xima garant\u00eda de calidad<\/h3>\n<p>Cuando tu <a href=\"https:\/\/en.wikipedia.org\/wiki\/4-HO-MET\">Comprar 4-HO-MET en l\u00ednea\u00a0<\/a> Cuando compra con nosotros, puede estar seguro de que est\u00e1 obteniendo un producto de la m\u00e1s alta calidad. Nuestras estrictas medidas de control de calidad garantizan la pureza y la potencia, cumpliendo con los est\u00e1ndares de investigadores y cient\u00edficos de todo el mundo.<\/p>\n<h3>Cumplimiento legal<\/h3>\n<p>Comprar en RCKopen significa comprar 4-HO-MET en l\u00ednea de forma legal. Cumplimos estrictamente con las normas y directrices, y garantizamos que todas las transacciones se realicen conforme a la ley.<\/p>\n<h3>Env\u00edo seguro y discreto<\/h3>\n<p>Su privacidad y seguridad son nuestras principales prioridades. Ofrecemos opciones de env\u00edo seguras y discretas para todos los pedidos, lo que le brinda tranquilidad durante el proceso de entrega.<\/p>\n<h3>C\u00f3modo proceso de pedido<\/h3>\n<p>Con nuestro sitio web f\u00e1cil de usar, comprar Buy 4-HO-MET es r\u00e1pido y f\u00e1cil. Simplemente navegue por nuestra selecci\u00f3n, agregue los productos deseados al carrito y proceda al pago. \u00a1Es as\u00ed de f\u00e1cil!<\/p>\n<h3>Entrega r\u00e1pida<\/h3>\n<p>Entendemos la importancia de la entrega puntual, por eso nos esforzamos por enviar los pedidos r\u00e1pidamente. Experimente tiempos de entrega r\u00e1pidos cuando realice pedidos de 4-HO-MET en RCKopen.<\/p>\n<h3>Reputaci\u00f3n confiable<\/h3>\n<p>RCKopen se ha ganado una reputaci\u00f3n de fiabilidad y profesionalismo dentro de la comunidad de investigaci\u00f3n qu\u00edmica. Innumerables investigadores y cient\u00edficos conf\u00edan en nosotros para satisfacer sus necesidades de suministro de productos qu\u00edmicos.<\/p>\n<h3>Excelente atenci\u00f3n al cliente<\/h3>\n<p>\u00bfTiene alguna pregunta o necesita ayuda? Nuestro equipo de atenci\u00f3n al cliente est\u00e1 listo para ayudarle. P\u00f3ngase en contacto con nosotros en cualquier momento para obtener asistencia r\u00e1pida y \u00fatil con sus consultas.<\/p>\n<h3>Disponibilidad global<\/h3>\n<p>Ya sea que se encuentre en el Reino Unido o en cualquier parte del mundo, RCKopen le facilita la compra de 4-HO-MET sin receta. Disfrute de pedidos y entregas sin complicaciones, est\u00e9 donde est\u00e9.<\/p>\n<h3>Compre 4-HO-MET en l\u00ednea con confianza<\/h3>\n<p>No se conforme con productos qu\u00edmicos de investigaci\u00f3n de calidad inferior: elija RCKopen para comprar 4-HO-MET de m\u00e1xima calidad y una experiencia de compra fluida. Haga su pedido ahora y descubra por qu\u00e9 los investigadores conf\u00edan en nosotros para todas sus necesidades qu\u00edmicas. \u00bfListo para comprar 4-HO-MET? \u00a1Visite RCKopen hoy!<\/p>","protected":false},"excerpt":{"rendered":"<h6>Nombre IUPAC:<\/h6>\n<p>3-(2-(etil(metil)amino)etil)-1H-indol-4-ol<\/p>","protected":false},"featured_media":6999,"comment_status":"open","ping_status":"closed","template":"","meta":{"_joinchat":[]},"product_brand":[],"product_cat":[149],"product_tag":[],"class_list":{"0":"post-6993","1":"product","2":"type-product","3":"status-publish","4":"has-post-thumbnail","6":"product_cat-tryptaminen","8":"first","9":"instock","10":"shipping-taxable","11":"purchasable","12":"product-type-variable"},"yoast_head":"<!-- This site is optimized with the Yoast SEO plugin v26.3 - https:\/\/yoast.com\/wordpress\/plugins\/seo\/ -->\n<title>4-HO-MET online kopen - 4-HO-MET te koop<\/title>\n<meta name=\"description\" content=\"4-HO-MET te koop is nu eenvoudig verkrijgbaar in onze online winkel. U kunt rechtstreeks verbinding maken met onze RC-koopwinkel en 4-HO-MET online kopen tegen de beste prijzen.\" \/>\n<meta name=\"robots\" content=\"index, follow, max-snippet:-1, max-image-preview:large, max-video-preview:-1\" \/>\n<link rel=\"canonical\" href=\"https:\/\/rckopen.com\/es\/producto\/comprar-4-ho-con\/\" \/>\n<meta property=\"og:locale\" content=\"es_ES\" \/>\n<meta property=\"og:type\" content=\"article\" \/>\n<meta property=\"og:title\" content=\"4-HO-MET online kopen - 4-HO-MET te koop\" \/>\n<meta property=\"og:description\" content=\"4-HO-MET te koop is nu eenvoudig verkrijgbaar in onze online winkel. U kunt rechtstreeks verbinding maken met onze RC-koopwinkel en 4-HO-MET online kopen tegen de beste prijzen.\" \/>\n<meta property=\"og:url\" content=\"https:\/\/rckopen.com\/es\/producto\/comprar-4-ho-con\/\" \/>\n<meta property=\"og:site_name\" content=\"RC Kopen\" \/>\n<meta property=\"article:modified_time\" content=\"2025-02-07T07:28:11+00:00\" \/>\n<meta property=\"og:image\" content=\"https:\/\/rckopen.com\/wp-content\/uploads\/2023\/08\/4-HO-MET.jpg\" \/>\n\t<meta property=\"og:image:width\" content=\"600\" \/>\n\t<meta property=\"og:image:height\" content=\"600\" \/>\n\t<meta property=\"og:image:type\" content=\"image\/jpeg\" \/>\n<meta name=\"twitter:card\" content=\"summary_large_image\" \/>\n<meta name=\"twitter:label1\" content=\"Tiempo de lectura\" \/>\n\t<meta name=\"twitter:data1\" content=\"2 minutos\" \/>\n<script type=\"application\/ld+json\" class=\"yoast-schema-graph\">{\"@context\":\"https:\/\/schema.org\",\"@graph\":[{\"@type\":\"WebPage\",\"@id\":\"https:\/\/rckopen.com\/product\/koop-4-ho-met\/\",\"url\":\"https:\/\/rckopen.com\/product\/koop-4-ho-met\/\",\"name\":\"4-HO-MET online kopen - 4-HO-MET te koop\",\"isPartOf\":{\"@id\":\"https:\/\/rckopen.com\/#website\"},\"primaryImageOfPage\":{\"@id\":\"https:\/\/rckopen.com\/product\/koop-4-ho-met\/#primaryimage\"},\"image\":{\"@id\":\"https:\/\/rckopen.com\/product\/koop-4-ho-met\/#primaryimage\"},\"thumbnailUrl\":\"https:\/\/rckopen.com\/wp-content\/uploads\/2023\/08\/4-HO-MET.jpg\",\"datePublished\":\"2023-08-18T08:08:58+00:00\",\"dateModified\":\"2025-02-07T07:28:11+00:00\",\"description\":\"4-HO-MET te koop is nu eenvoudig verkrijgbaar in onze online winkel. U kunt rechtstreeks verbinding maken met onze RC-koopwinkel en 4-HO-MET online kopen tegen de beste prijzen.\",\"breadcrumb\":{\"@id\":\"https:\/\/rckopen.com\/product\/koop-4-ho-met\/#breadcrumb\"},\"inLanguage\":\"es\",\"potentialAction\":[{\"@type\":\"ReadAction\",\"target\":[\"https:\/\/rckopen.com\/product\/koop-4-ho-met\/\"]}]},{\"@type\":\"ImageObject\",\"inLanguage\":\"es\",\"@id\":\"https:\/\/rckopen.com\/product\/koop-4-ho-met\/#primaryimage\",\"url\":\"https:\/\/rckopen.com\/wp-content\/uploads\/2023\/08\/4-HO-MET.jpg\",\"contentUrl\":\"https:\/\/rckopen.com\/wp-content\/uploads\/2023\/08\/4-HO-MET.jpg\",\"width\":600,\"height\":600,\"caption\":\"4-HO-MET online kopen\"},{\"@type\":\"BreadcrumbList\",\"@id\":\"https:\/\/rckopen.com\/product\/koop-4-ho-met\/#breadcrumb\",\"itemListElement\":[{\"@type\":\"ListItem\",\"position\":1,\"name\":\"Home\",\"item\":\"https:\/\/rckopen.com\/\"},{\"@type\":\"ListItem\",\"position\":2,\"name\":\"Shop\",\"item\":\"https:\/\/rckopen.com\/shop\/\"},{\"@type\":\"ListItem\",\"position\":3,\"name\":\"4-HO-MET online kopen\"}]},{\"@type\":\"WebSite\",\"@id\":\"https:\/\/rckopen.com\/#website\",\"url\":\"https:\/\/rckopen.com\/\",\"name\":\"RC Kopen\",\"description\":\"Research Chemicals\",\"potentialAction\":[{\"@type\":\"SearchAction\",\"target\":{\"@type\":\"EntryPoint\",\"urlTemplate\":\"https:\/\/rckopen.com\/?s={search_term_string}\"},\"query-input\":{\"@type\":\"PropertyValueSpecification\",\"valueRequired\":true,\"valueName\":\"search_term_string\"}}],\"inLanguage\":\"es\"}]}<\/script>\n<!-- \/ Yoast SEO plugin. -->","yoast_head_json":{"title":"4-HO-MET online kopen - 4-HO-MET te koop","description":"4-HO-MET te koop is nu eenvoudig verkrijgbaar in onze online winkel. U kunt rechtstreeks verbinding maken met onze RC-koopwinkel en 4-HO-MET online kopen tegen de beste prijzen.","robots":{"index":"index","follow":"follow","max-snippet":"max-snippet:-1","max-image-preview":"max-image-preview:large","max-video-preview":"max-video-preview:-1"},"canonical":"https:\/\/rckopen.com\/es\/producto\/comprar-4-ho-con\/","og_locale":"es_ES","og_type":"article","og_title":"4-HO-MET online kopen - 4-HO-MET te koop","og_description":"4-HO-MET te koop is nu eenvoudig verkrijgbaar in onze online winkel. U kunt rechtstreeks verbinding maken met onze RC-koopwinkel en 4-HO-MET online kopen tegen de beste prijzen.","og_url":"https:\/\/rckopen.com\/es\/producto\/comprar-4-ho-con\/","og_site_name":"RC Kopen","article_modified_time":"2025-02-07T07:28:11+00:00","og_image":[{"width":600,"height":600,"url":"https:\/\/rckopen.com\/wp-content\/uploads\/2023\/08\/4-HO-MET.jpg","type":"image\/jpeg"}],"twitter_card":"summary_large_image","twitter_misc":{"Tiempo de lectura":"2 minutos"},"schema":{"@context":"https:\/\/schema.org","@graph":[{"@type":"WebPage","@id":"https:\/\/rckopen.com\/product\/koop-4-ho-met\/","url":"https:\/\/rckopen.com\/product\/koop-4-ho-met\/","name":"4-HO-MET online kopen - 4-HO-MET te koop","isPartOf":{"@id":"https:\/\/rckopen.com\/#website"},"primaryImageOfPage":{"@id":"https:\/\/rckopen.com\/product\/koop-4-ho-met\/#primaryimage"},"image":{"@id":"https:\/\/rckopen.com\/product\/koop-4-ho-met\/#primaryimage"},"thumbnailUrl":"https:\/\/rckopen.com\/wp-content\/uploads\/2023\/08\/4-HO-MET.jpg","datePublished":"2023-08-18T08:08:58+00:00","dateModified":"2025-02-07T07:28:11+00:00","description":"4-HO-MET te koop is nu eenvoudig verkrijgbaar in onze online winkel. U kunt rechtstreeks verbinding maken met onze RC-koopwinkel en 4-HO-MET online kopen tegen de beste prijzen.","breadcrumb":{"@id":"https:\/\/rckopen.com\/product\/koop-4-ho-met\/#breadcrumb"},"inLanguage":"es","potentialAction":[{"@type":"ReadAction","target":["https:\/\/rckopen.com\/product\/koop-4-ho-met\/"]}]},{"@type":"ImageObject","inLanguage":"es","@id":"https:\/\/rckopen.com\/product\/koop-4-ho-met\/#primaryimage","url":"https:\/\/rckopen.com\/wp-content\/uploads\/2023\/08\/4-HO-MET.jpg","contentUrl":"https:\/\/rckopen.com\/wp-content\/uploads\/2023\/08\/4-HO-MET.jpg","width":600,"height":600,"caption":"4-HO-MET online kopen"},{"@type":"BreadcrumbList","@id":"https:\/\/rckopen.com\/product\/koop-4-ho-met\/#breadcrumb","itemListElement":[{"@type":"ListItem","position":1,"name":"Home","item":"https:\/\/rckopen.com\/"},{"@type":"ListItem","position":2,"name":"Shop","item":"https:\/\/rckopen.com\/shop\/"},{"@type":"ListItem","position":3,"name":"4-HO-MET online kopen"}]},{"@type":"WebSite","@id":"https:\/\/rckopen.com\/#website","url":"https:\/\/rckopen.com\/","name":"RC Kopen","description":"Research Chemicals","potentialAction":[{"@type":"SearchAction","target":{"@type":"EntryPoint","urlTemplate":"https:\/\/rckopen.com\/?s={search_term_string}"},"query-input":{"@type":"PropertyValueSpecification","valueRequired":true,"valueName":"search_term_string"}}],"inLanguage":"es"}]}},"_links":{"self":[{"href":"https:\/\/rckopen.com\/es\/wp-json\/wp\/v2\/product\/6993","targetHints":{"allow":["GET"]}}],"collection":[{"href":"https:\/\/rckopen.com\/es\/wp-json\/wp\/v2\/product"}],"about":[{"href":"https:\/\/rckopen.com\/es\/wp-json\/wp\/v2\/types\/product"}],"replies":[{"embeddable":true,"href":"https:\/\/rckopen.com\/es\/wp-json\/wp\/v2\/comments?post=6993"}],"wp:featuredmedia":[{"embeddable":true,"href":"https:\/\/rckopen.com\/es\/wp-json\/wp\/v2\/media\/6999"}],"wp:attachment":[{"href":"https:\/\/rckopen.com\/es\/wp-json\/wp\/v2\/media?parent=6993"}],"wp:term":[{"taxonomy":"product_brand","embeddable":true,"href":"https:\/\/rckopen.com\/es\/wp-json\/wp\/v2\/product_brand?post=6993"},{"taxonomy":"product_cat","embeddable":true,"href":"https:\/\/rckopen.com\/es\/wp-json\/wp\/v2\/product_cat?post=6993"},{"taxonomy":"product_tag","embeddable":true,"href":"https:\/\/rckopen.com\/es\/wp-json\/wp\/v2\/product_tag?post=6993"}],"curies":[{"name":"wp","href":"https:\/\/api.w.org\/{rel}","templated":true}]}}