{"id":8152,"date":"2024-04-15T16:42:14","date_gmt":"2024-04-15T16:42:14","guid":{"rendered":"https:\/\/rckopen.com\/?post_type=product&#038;p=8152"},"modified":"2025-02-04T04:23:08","modified_gmt":"2025-02-04T04:23:08","slug":"koop-caluanie-muelear-oxidize-online","status":"publish","type":"product","link":"https:\/\/rckopen.com\/es\/producto\/comprar-caluanie-muelear-oxidize-online\/","title":{"rendered":"Comprar Caluanie Muelear Oxidize en l\u00ednea"},"content":{"rendered":"<h2 style=\"text-align: justify;\">Comprar Caluanie Muelear Oxidize en l\u00ednea<\/h2>\n<p style=\"text-align: justify;\"><a href=\"https:\/\/rckopen.com\/es\/producto\/comprar-caluanie-muelear-oxidize-online\/\">Comprar Caluanie Muelear Oxidize en l\u00ednea<\/a>El producto qu\u00edmico Caluanie es un l\u00edquido viscoso de color marr\u00f3n claro derivado de la transfiguraci\u00f3n de una soluci\u00f3n de palma cruda. El Caluanie crudo se genera en un 99% en la planta de Oxidaci\u00f3n y Pasteurizaci\u00f3n de Muelear y es un excelente producto qu\u00edmico con potenciales aplicaciones en todo el mundo, principalmente en industrias manufactureras centralizadas de productos qu\u00edmicos.<\/p>\n<p style=\"text-align: justify;\">El Caluanie se utiliza ampliamente en la industria qu\u00edmica y de pinturas como agente higrosc\u00f3pico y es ampliamente aplicable en las industrias de revestimientos, pinturas, pl\u00e1sticos y tintas de impresi\u00f3n. Comprar 100% productos qu\u00edmicos puros Caluanie de una fuente confiable. <a href=\"https:\/\/rckopen.com\/es\/\">RCKopen<\/a><\/p>\n<p style=\"text-align: justify;\">La calua\u00edna es un l\u00edquido viscoso de color marr\u00f3n generado por Muelear Oxidize. Se denomina agua pesada porque contiene m\u00e1s \u00e1tomos de hidr\u00f3geno pesado que \u00e1tomos de hidr\u00f3geno t\u00edpicos. Caluanie Muelear Oxidize est\u00e1 dise\u00f1ado para disolver y quemar \u00f3xidos met\u00e1licos evitando interacciones con otros productos qu\u00edmicos.<\/p>\n<p style=\"text-align: justify;\">Este l\u00edquido transparente e incoloro ha sido sometido a pruebas de laboratorio para verificar que su manipulaci\u00f3n manual no tiene efectos negativos. Puede comprar Caluaine en nuestra tienda con confianza en su pureza y seguridad. Las compras al por mayor se benefician de importantes descuentos.<\/p>\n<p style=\"text-align: justify;\">Caluanie Muelear Oxidize est\u00e1 disponible para varias aplicaciones<\/p>\n<p style=\"text-align: justify;\">En el sector industrial, los productos qu\u00edmicos se utilizan ampliamente para una variedad de aplicaciones. Caluaine Muelear <a href=\"https:\/\/en.wikipedia.org\/wiki\/Oxidizing_acid\">Oxidize<\/a> Es un producto muy solicitado en las industrias de procesamiento de metales y productos qu\u00edmicos. Las principales aplicaciones incluyen:<\/p>\n<p style=\"text-align: justify;\">Transformaci\u00f3n de herrajes met\u00e1licos<br \/>\nEliminaci\u00f3n de manchas<br \/>\nEmulsionante<br \/>\nRefinado de piedras preciosas y semipreciosas<br \/>\nRectificado qu\u00edmico de metales<br \/>\nEliminar sustancias que otros productos qu\u00edmicos no pueden<\/p>\n<p style=\"text-align: justify;\">Este compuesto es accesible tanto para uso en laboratorio como para aplicaci\u00f3n industrial. Caluanie Muelear Oxidize est\u00e1 a la venta por institutos cient\u00edficos y personas especializadas en oxidantes y agua pesada. Evite el uso indebido de este producto, ya que puede provocar intoxicaciones. Para reducir los riesgos, los trabajadores profesionales de las industrias deben recibir una formaci\u00f3n adecuada.<\/p>\n<p style=\"text-align: justify;\">El trabajo con estos compuestos requiere una comprensi\u00f3n b\u00e1sica de los requisitos de seguridad para la manipulaci\u00f3n y el almacenamiento de productos qu\u00edmicos. Para evitar la ingesti\u00f3n o el contacto con la piel, debe utilizarse ropa protectora. Hacemos todo lo posible para garantizar que no se altere la calidad por nuestra parte, pero debe tener precauci\u00f3n al utilizar este producto.<\/p>\n<h2 style=\"text-align: justify;\">Wij bieden Caluanie Muelear Oxidize online kopen aan<\/h2>\n<p style=\"text-align: justify;\">Producto: Caluanie Muelear Oxidize (Caluanie 99% crudo se genera a partir de Muelear oxidise), Caluanie (Termostato de partici\u00f3n oxidativa, agua pesada):<\/p>\n<p style=\"text-align: justify;\">Este producto se utiliza para triturar y procesar metales preciosos y piedras semipreciosas. Se utiliza para procesar piedras preciosas y semipreciosas y triturar metales en la industria qu\u00edmica. Caluanie Mulear Oxide online US<\/p>\n<h3 style=\"text-align: justify;\">\u00bfQu\u00e9 nos convierte en el fabricante l\u00edder de Caluanie Muelear Oxidize?<\/h3>\n<p style=\"text-align: justify;\">El problema con la mayor\u00eda de los productos qu\u00edmicos actuales es que vienen en diferentes concentraciones. Dada la feroz competencia, la calidad es uno de los problemas m\u00e1s acuciantes. Las unidades de fabricaci\u00f3n de bajo volumen utilizan estrategias de reducci\u00f3n de costes para maximizar los beneficios vendiendo productos de baja calidad. Caluanie Chemicals LTD no es una de ellas.<\/p>\n<p style=\"text-align: justify;\">Cuando se trata de garantizar la calidad y crear valor, nos apasiona ir m\u00e1s all\u00e1. Caluanie Muelear Oxidize probado en laboratorio est\u00e1 disponible con nosotros a precios inmejorables. Adem\u00e1s, estamos comprometidos con la seguridad de nuestros clientes y proporcionamos la orientaci\u00f3n adecuada. Nuestros servicios pueden adaptarse a necesidades espec\u00edficas, y siempre puede ponerse en contacto con nosotros si tiene alguna pregunta o comentario.<\/p>\n<p style=\"text-align: justify;\">Envases disponibles: 5L y envases a granel de 20L, 50L, 100L o a petici\u00f3n del comprador.<\/p>","protected":false},"excerpt":{"rendered":"<p>Ofrecemos Caluanie Muelear Oxidize para la venta. Producto: Caluanie Muelear Oxidize (crudo Caluanie 99% se genera a partir de Muelear oxidise) Caluanie (termostato de partici\u00f3n oxidativa, agua pesada): Precio del bote (1pc) -5 L.<\/p>\n<p>Somos una empresa proveedora fiable y logramos el \u00e9xito 100% en todos los pa\u00edses.<\/p>\n<p>El agua pesada modifica las propiedades del metal, volvi\u00e9ndolo quebradizo. Pero en el momento en que el agua pesada se evapora, el metal vuelve a su estado anterior<\/p>","protected":false},"featured_media":8159,"comment_status":"open","ping_status":"closed","template":"","meta":{"_joinchat":[]},"product_brand":[],"product_cat":[194],"product_tag":[],"class_list":{"0":"post-8152","1":"product","2":"type-product","3":"status-publish","4":"has-post-thumbnail","6":"product_cat-liquid-mercury","8":"first","9":"instock","10":"shipping-taxable","11":"purchasable","12":"product-type-variable"},"yoast_head":"<!-- This site is optimized with the Yoast SEO plugin v26.3 - https:\/\/yoast.com\/wordpress\/plugins\/seo\/ -->\n<title>Caluanie Muelear Oxidize online kopen @ Rckopen<\/title>\n<meta name=\"description\" content=\"caluanie muelear oxidize te koop is nu eenvoudig verkrijgbaar in onze online winkel. U kunt rechtstreeks verbinding maken met onze RC-koopwinkel en caluanie muelear oxidize online kopen tegen de beste prijzen.\" \/>\n<meta name=\"robots\" content=\"index, follow, max-snippet:-1, max-image-preview:large, max-video-preview:-1\" \/>\n<link rel=\"canonical\" href=\"https:\/\/rckopen.com\/es\/producto\/comprar-caluanie-muelear-oxidize-online\/\" \/>\n<meta property=\"og:locale\" content=\"es_ES\" \/>\n<meta property=\"og:type\" content=\"article\" \/>\n<meta property=\"og:title\" content=\"Caluanie Muelear Oxidize online kopen @ Rckopen\" \/>\n<meta property=\"og:description\" content=\"caluanie muelear oxidize te koop is nu eenvoudig verkrijgbaar in onze online winkel. U kunt rechtstreeks verbinding maken met onze RC-koopwinkel en caluanie muelear oxidize online kopen tegen de beste prijzen.\" \/>\n<meta property=\"og:url\" content=\"https:\/\/rckopen.com\/es\/producto\/comprar-caluanie-muelear-oxidize-online\/\" \/>\n<meta property=\"og:site_name\" content=\"RC Kopen\" \/>\n<meta property=\"article:modified_time\" content=\"2025-02-04T04:23:08+00:00\" \/>\n<meta property=\"og:image\" content=\"https:\/\/rckopen.com\/wp-content\/uploads\/2024\/04\/caluanie-muelear-oxidize.jpg\" \/>\n\t<meta property=\"og:image:width\" content=\"600\" \/>\n\t<meta property=\"og:image:height\" content=\"600\" \/>\n\t<meta property=\"og:image:type\" content=\"image\/jpeg\" \/>\n<meta name=\"twitter:card\" content=\"summary_large_image\" \/>\n<meta name=\"twitter:label1\" content=\"Tiempo de lectura\" \/>\n\t<meta name=\"twitter:data1\" content=\"3 minutos\" \/>\n<script type=\"application\/ld+json\" class=\"yoast-schema-graph\">{\"@context\":\"https:\/\/schema.org\",\"@graph\":[{\"@type\":\"WebPage\",\"@id\":\"https:\/\/rckopen.com\/product\/koop-caluanie-muelear-oxidize-online\/\",\"url\":\"https:\/\/rckopen.com\/product\/koop-caluanie-muelear-oxidize-online\/\",\"name\":\"Caluanie Muelear Oxidize online kopen @ Rckopen\",\"isPartOf\":{\"@id\":\"https:\/\/rckopen.com\/#website\"},\"primaryImageOfPage\":{\"@id\":\"https:\/\/rckopen.com\/product\/koop-caluanie-muelear-oxidize-online\/#primaryimage\"},\"image\":{\"@id\":\"https:\/\/rckopen.com\/product\/koop-caluanie-muelear-oxidize-online\/#primaryimage\"},\"thumbnailUrl\":\"https:\/\/rckopen.com\/wp-content\/uploads\/2024\/04\/caluanie-muelear-oxidize.jpg\",\"datePublished\":\"2024-04-15T16:42:14+00:00\",\"dateModified\":\"2025-02-04T04:23:08+00:00\",\"description\":\"caluanie muelear oxidize te koop is nu eenvoudig verkrijgbaar in onze online winkel. U kunt rechtstreeks verbinding maken met onze RC-koopwinkel en caluanie muelear oxidize online kopen tegen de beste prijzen.\",\"breadcrumb\":{\"@id\":\"https:\/\/rckopen.com\/product\/koop-caluanie-muelear-oxidize-online\/#breadcrumb\"},\"inLanguage\":\"es\",\"potentialAction\":[{\"@type\":\"ReadAction\",\"target\":[\"https:\/\/rckopen.com\/product\/koop-caluanie-muelear-oxidize-online\/\"]}]},{\"@type\":\"ImageObject\",\"inLanguage\":\"es\",\"@id\":\"https:\/\/rckopen.com\/product\/koop-caluanie-muelear-oxidize-online\/#primaryimage\",\"url\":\"https:\/\/rckopen.com\/wp-content\/uploads\/2024\/04\/caluanie-muelear-oxidize.jpg\",\"contentUrl\":\"https:\/\/rckopen.com\/wp-content\/uploads\/2024\/04\/caluanie-muelear-oxidize.jpg\",\"width\":600,\"height\":600,\"caption\":\"Caluanie Muelear Oxidize online kopen\"},{\"@type\":\"BreadcrumbList\",\"@id\":\"https:\/\/rckopen.com\/product\/koop-caluanie-muelear-oxidize-online\/#breadcrumb\",\"itemListElement\":[{\"@type\":\"ListItem\",\"position\":1,\"name\":\"Home\",\"item\":\"https:\/\/rckopen.com\/\"},{\"@type\":\"ListItem\",\"position\":2,\"name\":\"Shop\",\"item\":\"https:\/\/rckopen.com\/shop\/\"},{\"@type\":\"ListItem\",\"position\":3,\"name\":\"Caluanie Muelear Oxidize online kopen\"}]},{\"@type\":\"WebSite\",\"@id\":\"https:\/\/rckopen.com\/#website\",\"url\":\"https:\/\/rckopen.com\/\",\"name\":\"RC Kopen\",\"description\":\"Research Chemicals\",\"potentialAction\":[{\"@type\":\"SearchAction\",\"target\":{\"@type\":\"EntryPoint\",\"urlTemplate\":\"https:\/\/rckopen.com\/?s={search_term_string}\"},\"query-input\":{\"@type\":\"PropertyValueSpecification\",\"valueRequired\":true,\"valueName\":\"search_term_string\"}}],\"inLanguage\":\"es\"}]}<\/script>\n<!-- \/ Yoast SEO plugin. -->","yoast_head_json":{"title":"Caluanie Muelear Oxidize online kopen @ Rckopen","description":"caluanie muelear oxidize te koop is nu eenvoudig verkrijgbaar in onze online winkel. U kunt rechtstreeks verbinding maken met onze RC-koopwinkel en caluanie muelear oxidize online kopen tegen de beste prijzen.","robots":{"index":"index","follow":"follow","max-snippet":"max-snippet:-1","max-image-preview":"max-image-preview:large","max-video-preview":"max-video-preview:-1"},"canonical":"https:\/\/rckopen.com\/es\/producto\/comprar-caluanie-muelear-oxidize-online\/","og_locale":"es_ES","og_type":"article","og_title":"Caluanie Muelear Oxidize online kopen @ Rckopen","og_description":"caluanie muelear oxidize te koop is nu eenvoudig verkrijgbaar in onze online winkel. U kunt rechtstreeks verbinding maken met onze RC-koopwinkel en caluanie muelear oxidize online kopen tegen de beste prijzen.","og_url":"https:\/\/rckopen.com\/es\/producto\/comprar-caluanie-muelear-oxidize-online\/","og_site_name":"RC Kopen","article_modified_time":"2025-02-04T04:23:08+00:00","og_image":[{"width":600,"height":600,"url":"https:\/\/rckopen.com\/wp-content\/uploads\/2024\/04\/caluanie-muelear-oxidize.jpg","type":"image\/jpeg"}],"twitter_card":"summary_large_image","twitter_misc":{"Tiempo de lectura":"3 minutos"},"schema":{"@context":"https:\/\/schema.org","@graph":[{"@type":"WebPage","@id":"https:\/\/rckopen.com\/product\/koop-caluanie-muelear-oxidize-online\/","url":"https:\/\/rckopen.com\/product\/koop-caluanie-muelear-oxidize-online\/","name":"Caluanie Muelear Oxidize online kopen @ Rckopen","isPartOf":{"@id":"https:\/\/rckopen.com\/#website"},"primaryImageOfPage":{"@id":"https:\/\/rckopen.com\/product\/koop-caluanie-muelear-oxidize-online\/#primaryimage"},"image":{"@id":"https:\/\/rckopen.com\/product\/koop-caluanie-muelear-oxidize-online\/#primaryimage"},"thumbnailUrl":"https:\/\/rckopen.com\/wp-content\/uploads\/2024\/04\/caluanie-muelear-oxidize.jpg","datePublished":"2024-04-15T16:42:14+00:00","dateModified":"2025-02-04T04:23:08+00:00","description":"caluanie muelear oxidize te koop is nu eenvoudig verkrijgbaar in onze online winkel. U kunt rechtstreeks verbinding maken met onze RC-koopwinkel en caluanie muelear oxidize online kopen tegen de beste prijzen.","breadcrumb":{"@id":"https:\/\/rckopen.com\/product\/koop-caluanie-muelear-oxidize-online\/#breadcrumb"},"inLanguage":"es","potentialAction":[{"@type":"ReadAction","target":["https:\/\/rckopen.com\/product\/koop-caluanie-muelear-oxidize-online\/"]}]},{"@type":"ImageObject","inLanguage":"es","@id":"https:\/\/rckopen.com\/product\/koop-caluanie-muelear-oxidize-online\/#primaryimage","url":"https:\/\/rckopen.com\/wp-content\/uploads\/2024\/04\/caluanie-muelear-oxidize.jpg","contentUrl":"https:\/\/rckopen.com\/wp-content\/uploads\/2024\/04\/caluanie-muelear-oxidize.jpg","width":600,"height":600,"caption":"Caluanie Muelear Oxidize online kopen"},{"@type":"BreadcrumbList","@id":"https:\/\/rckopen.com\/product\/koop-caluanie-muelear-oxidize-online\/#breadcrumb","itemListElement":[{"@type":"ListItem","position":1,"name":"Home","item":"https:\/\/rckopen.com\/"},{"@type":"ListItem","position":2,"name":"Shop","item":"https:\/\/rckopen.com\/shop\/"},{"@type":"ListItem","position":3,"name":"Caluanie Muelear Oxidize online kopen"}]},{"@type":"WebSite","@id":"https:\/\/rckopen.com\/#website","url":"https:\/\/rckopen.com\/","name":"RC Kopen","description":"Research Chemicals","potentialAction":[{"@type":"SearchAction","target":{"@type":"EntryPoint","urlTemplate":"https:\/\/rckopen.com\/?s={search_term_string}"},"query-input":{"@type":"PropertyValueSpecification","valueRequired":true,"valueName":"search_term_string"}}],"inLanguage":"es"}]}},"_links":{"self":[{"href":"https:\/\/rckopen.com\/es\/wp-json\/wp\/v2\/product\/8152","targetHints":{"allow":["GET"]}}],"collection":[{"href":"https:\/\/rckopen.com\/es\/wp-json\/wp\/v2\/product"}],"about":[{"href":"https:\/\/rckopen.com\/es\/wp-json\/wp\/v2\/types\/product"}],"replies":[{"embeddable":true,"href":"https:\/\/rckopen.com\/es\/wp-json\/wp\/v2\/comments?post=8152"}],"wp:featuredmedia":[{"embeddable":true,"href":"https:\/\/rckopen.com\/es\/wp-json\/wp\/v2\/media\/8159"}],"wp:attachment":[{"href":"https:\/\/rckopen.com\/es\/wp-json\/wp\/v2\/media?parent=8152"}],"wp:term":[{"taxonomy":"product_brand","embeddable":true,"href":"https:\/\/rckopen.com\/es\/wp-json\/wp\/v2\/product_brand?post=8152"},{"taxonomy":"product_cat","embeddable":true,"href":"https:\/\/rckopen.com\/es\/wp-json\/wp\/v2\/product_cat?post=8152"},{"taxonomy":"product_tag","embeddable":true,"href":"https:\/\/rckopen.com\/es\/wp-json\/wp\/v2\/product_tag?post=8152"}],"curies":[{"name":"wp","href":"https:\/\/api.w.org\/{rel}","templated":true}]}}