{"id":7771,"date":"2018-08-24T01:24:09","date_gmt":"2018-08-24T01:24:09","guid":{"rendered":"http:\/\/192.168.1.209\/greenfarm\/?page_id=13"},"modified":"2023-08-28T08:01:44","modified_gmt":"2023-08-28T08:01:44","slug":"over-ons","status":"publish","type":"page","link":"https:\/\/rckopen.com\/fr\/a-propos-de-nous\/","title":{"rendered":"A propos de nous"},"content":{"rendered":"<section class=\"wpb-content-wrapper\"><div class=\"vc_row wpb_row vc_row-fluid about-introduce\"><div class=\"wpb_column vc_column_container vc_col-sm-12\"><div class=\"vc_column-inner\"><div class=\"wpb_wrapper\">\n\t<div  class=\"wpb_single_image wpb_content_element vc_align_center\">\n\t\t\n\t\t<figure class=\"wpb_wrapper vc_figure\">\n\t\t\t<div class=\"vc_single_image-wrapper   vc_box_border_grey\"><\/div>\n\t\t<\/figure>\n\t<\/div>\n\n\t<div class=\"wpb_text_column wpb_content_element\" >\n\t\t<div class=\"wpb_wrapper\">\n\t\t\t<h3 style=\"text-align: justify;\">RC Kopen est une soci\u00e9t\u00e9 enregistr\u00e9e en Europe depuis 2020.<\/h3>\n<p style=\"text-align: justify;\">RCKopen est l'une des rares entreprises en ligne \u00e0 fournir des produits chimiques de recherche de haute puret\u00e9 pour la recherche et l'analyse en laboratoire des particuliers et\/ou des entreprises. Nous proposons \u00e0 nos clients les produits chimiques de recherche les plus demand\u00e9s et les plus rares avec une puret\u00e9 d'au moins 98%. Chaque nouveau lot de produits est test\u00e9 en laboratoire et nous parvient accompagn\u00e9 d'un certificat d'analyse. Nous savons ainsi que nous fournissons \u00e0 nos clients des produits chimiques d'une puret\u00e9 exceptionnelle.<\/p>\n<p style=\"text-align: justify;\">Gr\u00e2ce \u00e0 nos efforts, nous fournissons des produits chimiques de la plus haute qualit\u00e9 et puret\u00e9 au prix le plus comp\u00e9titif. Une qualit\u00e9 constante, une riche exp\u00e9rience en mati\u00e8re d'exportation, un risque faible, un service rapide et un d\u00e9lai de livraison court, tous ces avantages nous permettent d'attirer de plus en plus de clients et d'obtenir une part de march\u00e9 importante.<\/p>\n<p style=\"text-align: justify;\">Nous ne sommes pas une soci\u00e9t\u00e9 d'achat et de vente classique. Nos prix sont abordables et \u00e9quivalents aux prix moyens du march\u00e9 des produits chimiques de recherche. Soucieux du confort et de la satisfaction de nos clients, nous nous effor\u00e7ons toujours de r\u00e9pondre \u00e0 leurs attentes, voire de les d\u00e9passer, et nous leur proposons un large \u00e9ventail d'options de paiement et d'exp\u00e9dition. Nous sommes presque, si ce n'est le seul fournisseur qui assure l'exp\u00e9dition des colis dans le monde entier.<\/p>\n<p style=\"text-align: justify;\">En cas de circonstances inattendues, notre \u00e9quipe du service client\u00e8le vous aidera toujours et trouvera la solution la plus appropri\u00e9e \u00e0 chaque situation. Nous sommes \u00e0 l'\u00e9coute de nos clients et tenons compte de tous leurs commentaires et critiques. Cela nous aide \u00e9galement \u00e0 d\u00e9velopper le march\u00e9, \u00e0 lancer de nouveaux produits et \u00e0 offrir de plus en plus de nouveaut\u00e9s \u00e0 nos clients.<\/p>\n<p style=\"text-align: justify;\">Nous avons r\u00e9ussi \u00e0 \u00e9tablir une relation \u00e0 long terme avec de nombreux clients d\u00e9taillants et grossistes, dont le nombre ne cesse de cro\u00eetre. La plupart des gens reviennent r\u00e9guli\u00e8rement sur notre site parce qu'ils savent qu'ils ont ici une large gamme de produits de qualit\u00e9, des options de paiement flexibles, une livraison rapide et assur\u00e9e, un processus de commande s\u00e9curis\u00e9 et pratique, un service client rapide et efficace. Cependant, nous savons qu'il y a toujours place pour la perfection !<\/p>\n\n\t\t<\/div>\n\t<\/div>\n<div class=\"vc_empty_space\"   style=\"height: 32px\"><span class=\"vc_empty_space_inner\"><\/span><\/div><\/div><\/div><\/div><\/div><div class=\"vc_row wpb_row vc_row-fluid about-what-we-do\"><div class=\"wpb_column vc_column_container vc_col-sm-4\"><div class=\"vc_column-inner\"><div class=\"wpb_wrapper\">\n\t<div  class=\"wpb_single_image wpb_content_element vc_align_center\">\n\t\t\n\t\t<figure class=\"wpb_wrapper vc_figure\">\n\t\t\t<div class=\"vc_single_image-wrapper   vc_box_border_grey\"><\/div>\n\t\t<\/figure>\n\t<\/div>\n\n\t<div class=\"wpb_text_column wpb_content_element\" >\n\t\t<div class=\"wpb_wrapper\">\n\t\t\t<h4>Que faisons-nous ?<\/h4>\n<p>En tant que fournisseur de confiance de produits chimiques pour la recherche, nous proposons une gamme \u00e9tendue de compos\u00e9s de haute qualit\u00e9 pour la recherche scientifique. Nos produits sont soumis \u00e0 des tests rigoureux afin de garantir leur puret\u00e9 et leur authenticit\u00e9 et de soutenir la recherche de pointe dans divers domaines. Avec un engagement d'int\u00e9grit\u00e9 et d'innovation, nous sommes votre partenaire de confiance pour faire avancer les d\u00e9couvertes scientifiques.<\/p>\n\n\t\t<\/div>\n\t<\/div>\n<\/div><\/div><\/div><div class=\"wpb_column vc_column_container vc_col-sm-4\"><div class=\"vc_column-inner\"><div class=\"wpb_wrapper\">\n\t<div  class=\"wpb_single_image wpb_content_element vc_align_center\">\n\t\t\n\t\t<figure class=\"wpb_wrapper vc_figure\">\n\t\t\t<div class=\"vc_single_image-wrapper   vc_box_border_grey\"><\/div>\n\t\t<\/figure>\n\t<\/div>\n\n\t<div class=\"wpb_text_column wpb_content_element\" >\n\t\t<div class=\"wpb_wrapper\">\n\t\t\t<h4>Notre mission<\/h4>\n<p>Notre mission en tant que fournisseur de produits chimiques pour la recherche est de faciliter le progr\u00e8s scientifique en fournissant des compos\u00e9s de qualit\u00e9 sup\u00e9rieure aux chercheurs du monde entier. Nous nous effor\u00e7ons de favoriser l'innovation en garantissant l'authenticit\u00e9, la puret\u00e9 et la fiabilit\u00e9 de nos produits, ce qui permet aux chercheurs de r\u00e9aliser des perc\u00e9es dans divers domaines. Attach\u00e9s aux pratiques \u00e9thiques et \u00e0 l'excellence, nous nous effor\u00e7ons d'\u00eatre le catalyseur de d\u00e9couvertes transformatrices.<\/p>\n\n\t\t<\/div>\n\t<\/div>\n<\/div><\/div><\/div><div class=\"wpb_column vc_column_container vc_col-sm-4\"><div class=\"vc_column-inner\"><div class=\"wpb_wrapper\">\n\t<div  class=\"wpb_single_image wpb_content_element vc_align_center\">\n\t\t\n\t\t<figure class=\"wpb_wrapper vc_figure\">\n\t\t\t<div class=\"vc_single_image-wrapper   vc_box_border_grey\"><\/div>\n\t\t<\/figure>\n\t<\/div>\n\n\t<div class=\"wpb_text_column wpb_content_element\" >\n\t\t<div class=\"wpb_wrapper\">\n\t\t\t<h4>Notre histoire<\/h4>\n<p>Depuis plus d'une d\u00e9cennie, nous sommes devenus l'un des principaux fournisseurs de produits chimiques pour la recherche, en proposant constamment des compos\u00e9s de pointe pour la recherche scientifique. Notre parcours est marqu\u00e9 par un engagement in\u00e9branlable en faveur de la qualit\u00e9, de la conformit\u00e9 et de l'innovation, ce qui se traduit par des partenariats durables avec des chercheurs du monde entier. Depuis nos modestes d\u00e9buts jusqu'\u00e0 ce que nous devenions un nom de confiance dans l'industrie, notre histoire t\u00e9moigne de notre engagement \u00e0 faire progresser la recherche et la connaissance.<\/p>\n\n\t\t<\/div>\n\t<\/div>\n<\/div><\/div><\/div><\/div>\n<\/section>","protected":false},"excerpt":{"rendered":"RC Kopen is een bedrijf geregistreerd in Europa sinds 2020. RCKopen is een van de weinige online bedrijven die zeer zuivere onderzoekschemicali\u00ebn leveren voor individueel en\/of bedrijfslaboratoriumonderzoek en -analyse. Wij bieden onze klanten zowel de meest gevraagde als zeldzame onderzoekschemicali\u00ebn met een zuiverheid van minstens 98%. Elke nieuwe batch producten","protected":false},"author":1,"featured_media":0,"parent":0,"menu_order":0,"comment_status":"closed","ping_status":"closed","template":"page-templates\/about-page.php","meta":{"_joinchat":[],"footnotes":""},"class_list":["post-7771","page","type-page","status-publish","hentry"],"yoast_head":"<!-- This site is optimized with the Yoast SEO plugin v26.3 - https:\/\/yoast.com\/wordpress\/plugins\/seo\/ -->\n<title>Over ons - RC Kopen<\/title>\n<meta name=\"robots\" content=\"index, follow, max-snippet:-1, max-image-preview:large, max-video-preview:-1\" \/>\n<link rel=\"canonical\" href=\"https:\/\/rckopen.com\/fr\/a-propos-de-nous\/\" \/>\n<meta property=\"og:locale\" content=\"fr_FR\" \/>\n<meta property=\"og:type\" content=\"article\" \/>\n<meta property=\"og:title\" content=\"Over ons - RC Kopen\" \/>\n<meta property=\"og:url\" content=\"https:\/\/rckopen.com\/fr\/a-propos-de-nous\/\" \/>\n<meta property=\"og:site_name\" content=\"RC Kopen\" \/>\n<meta property=\"article:modified_time\" content=\"2023-08-28T08:01:44+00:00\" \/>\n<meta name=\"twitter:card\" content=\"summary_large_image\" \/>\n<meta name=\"twitter:label1\" content=\"Dur\u00e9e de lecture estim\u00e9e\" \/>\n\t<meta name=\"twitter:data1\" content=\"3 minutes\" \/>\n<script type=\"application\/ld+json\" class=\"yoast-schema-graph\">{\"@context\":\"https:\/\/schema.org\",\"@graph\":[{\"@type\":\"WebPage\",\"@id\":\"https:\/\/rckopen.com\/over-ons\/\",\"url\":\"https:\/\/rckopen.com\/over-ons\/\",\"name\":\"Over ons - RC Kopen\",\"isPartOf\":{\"@id\":\"https:\/\/rckopen.com\/#website\"},\"datePublished\":\"2018-08-24T01:24:09+00:00\",\"dateModified\":\"2023-08-28T08:01:44+00:00\",\"breadcrumb\":{\"@id\":\"https:\/\/rckopen.com\/over-ons\/#breadcrumb\"},\"inLanguage\":\"fr-FR\",\"potentialAction\":[{\"@type\":\"ReadAction\",\"target\":[\"https:\/\/rckopen.com\/over-ons\/\"]}]},{\"@type\":\"BreadcrumbList\",\"@id\":\"https:\/\/rckopen.com\/over-ons\/#breadcrumb\",\"itemListElement\":[{\"@type\":\"ListItem\",\"position\":1,\"name\":\"Home\",\"item\":\"https:\/\/rckopen.com\/\"},{\"@type\":\"ListItem\",\"position\":2,\"name\":\"Over ons\"}]},{\"@type\":\"WebSite\",\"@id\":\"https:\/\/rckopen.com\/#website\",\"url\":\"https:\/\/rckopen.com\/\",\"name\":\"RC Kopen\",\"description\":\"Research Chemicals\",\"potentialAction\":[{\"@type\":\"SearchAction\",\"target\":{\"@type\":\"EntryPoint\",\"urlTemplate\":\"https:\/\/rckopen.com\/?s={search_term_string}\"},\"query-input\":{\"@type\":\"PropertyValueSpecification\",\"valueRequired\":true,\"valueName\":\"search_term_string\"}}],\"inLanguage\":\"fr-FR\"}]}<\/script>\n<!-- \/ Yoast SEO plugin. -->","yoast_head_json":{"title":"Over ons - RC Kopen","robots":{"index":"index","follow":"follow","max-snippet":"max-snippet:-1","max-image-preview":"max-image-preview:large","max-video-preview":"max-video-preview:-1"},"canonical":"https:\/\/rckopen.com\/fr\/a-propos-de-nous\/","og_locale":"fr_FR","og_type":"article","og_title":"Over ons - RC Kopen","og_url":"https:\/\/rckopen.com\/fr\/a-propos-de-nous\/","og_site_name":"RC Kopen","article_modified_time":"2023-08-28T08:01:44+00:00","twitter_card":"summary_large_image","twitter_misc":{"Dur\u00e9e de lecture estim\u00e9e":"3 minutes"},"schema":{"@context":"https:\/\/schema.org","@graph":[{"@type":"WebPage","@id":"https:\/\/rckopen.com\/over-ons\/","url":"https:\/\/rckopen.com\/over-ons\/","name":"Over ons - RC Kopen","isPartOf":{"@id":"https:\/\/rckopen.com\/#website"},"datePublished":"2018-08-24T01:24:09+00:00","dateModified":"2023-08-28T08:01:44+00:00","breadcrumb":{"@id":"https:\/\/rckopen.com\/over-ons\/#breadcrumb"},"inLanguage":"fr-FR","potentialAction":[{"@type":"ReadAction","target":["https:\/\/rckopen.com\/over-ons\/"]}]},{"@type":"BreadcrumbList","@id":"https:\/\/rckopen.com\/over-ons\/#breadcrumb","itemListElement":[{"@type":"ListItem","position":1,"name":"Home","item":"https:\/\/rckopen.com\/"},{"@type":"ListItem","position":2,"name":"Over ons"}]},{"@type":"WebSite","@id":"https:\/\/rckopen.com\/#website","url":"https:\/\/rckopen.com\/","name":"RC Kopen","description":"Research Chemicals","potentialAction":[{"@type":"SearchAction","target":{"@type":"EntryPoint","urlTemplate":"https:\/\/rckopen.com\/?s={search_term_string}"},"query-input":{"@type":"PropertyValueSpecification","valueRequired":true,"valueName":"search_term_string"}}],"inLanguage":"fr-FR"}]}},"_links":{"self":[{"href":"https:\/\/rckopen.com\/fr\/wp-json\/wp\/v2\/pages\/7771","targetHints":{"allow":["GET"]}}],"collection":[{"href":"https:\/\/rckopen.com\/fr\/wp-json\/wp\/v2\/pages"}],"about":[{"href":"https:\/\/rckopen.com\/fr\/wp-json\/wp\/v2\/types\/page"}],"author":[{"embeddable":true,"href":"https:\/\/rckopen.com\/fr\/wp-json\/wp\/v2\/users\/1"}],"replies":[{"embeddable":true,"href":"https:\/\/rckopen.com\/fr\/wp-json\/wp\/v2\/comments?post=7771"}],"version-history":[{"count":5,"href":"https:\/\/rckopen.com\/fr\/wp-json\/wp\/v2\/pages\/7771\/revisions"}],"predecessor-version":[{"id":7947,"href":"https:\/\/rckopen.com\/fr\/wp-json\/wp\/v2\/pages\/7771\/revisions\/7947"}],"wp:attachment":[{"href":"https:\/\/rckopen.com\/fr\/wp-json\/wp\/v2\/media?parent=7771"}],"curies":[{"name":"wp","href":"https:\/\/api.w.org\/{rel}","templated":true}]}}