{"id":6228,"date":"2023-08-14T06:52:51","date_gmt":"2023-08-14T06:52:51","guid":{"rendered":"https:\/\/diligentplug.com\/chems\/?post_type=product&#038;p=6228"},"modified":"2025-01-31T08:50:37","modified_gmt":"2025-01-31T08:50:37","slug":"4f-mar","status":"publish","type":"product","link":"https:\/\/rckopen.com\/fr\/produit\/4f-mar\/","title":{"rendered":"4F-MAR Acheter en ligne"},"content":{"rendered":"<h2>4F-MAR POEDER INFORMATIE Online Kopen<\/h2>\n<p><a href=\"https:\/\/rckopen.com\/fr\/produit\/4f-mar\/\">4F-MAR \u00e0 vendre<\/a>, La poudre 4F-MAR, <em>4F<\/em>-M\u00e9thylph\u00e9nidate. est disponible \u00e0 des fins de recherche uniquement. En plus du RC Kopen, vous pouvez commander des accessoires pour vos recherches, tels que : des capsules vides de diff\u00e9rentes tailles, une balance et des fermetures de sacs <a href=\"https:\/\/rckopen.com\/fr\/\">RCKOpen.com<\/a><\/p>\n<h3>MENTIONS DE DANGER 4F-MAR POUDRE<a href=\"https:\/\/rckopen.com\/fr\/produit\/4-fma\/\">:<\/a><\/h3>\n<ul>\n<li>Il peut provoquer une irritation des voies respiratoires et des yeux. Ne jamais rejeter les produits chimiques de recherche dans l'environnement.<\/li>\n<\/ul>\n<h3>RECOMMANDATIONS DE S\u00c9CURIT\u00c9 POUDRE 4F-MAR :<\/h3>\n<p>EN CAS DE CONTACT AVEC LES YEUX : Rincer doucement \u00e0 l'eau pendant au moins 10 \u00e0 15 minutes, retirer les lentilles de contact si n\u00e9cessaire. En cas de contact avec la peau : rincer \u00e0 l'eau, si possible avec du savon. En cas d'inhalation : Prendre l'air et adopter une position favorisant la respiration.<\/p>\n<ul>\n<li>De <a href=\"https:\/\/en.wikipedia.org\/wiki\/4%27-Fluoro-4-methylaminorex\">4F-MAR<\/a> Ne pas exposer la poudre \u00e0 des sources de chaleur. Conservez-le dans un environnement sec \u00e0 temp\u00e9rature ambiante et conservez-le dans un bon r\u00e9cipient et hors de port\u00e9e des enfants. La bonne stabilit\u00e9 de la poudre 4F-MAR dans les conditions ci-dessus peut durer jusqu'\u00e0 2 ans<a href=\"https:\/\/en.wikipedia.org\/w\/index.php?search=4F-MAR+&amp;title=Special%3ASearch&amp;ns0=1\">.<\/a><\/li>\n<\/ul>\n<h4>O\u00f9 puis-je acheter le 4F-MAR freebase ?<\/h4>\n<p>Vous pouvez acheter des produits chimiques de recherche, y compris la base libre 4F-MAR, sur notre site Web, RareChems. Tous nos produits chimiques de recherche sont test\u00e9s et analys\u00e9s avant d\u2019\u00eatre propos\u00e9s \u00e0 la vente. C'est la seule fa\u00e7on de fixer notre base libre 4F-MAR de qualit\u00e9 sup\u00e9rieure. Si vous avez besoin de r\u00e9sultats ou d'une assistance suppl\u00e9mentaire, n'h\u00e9sitez pas \u00e0 nous contacter. La base libre 4F-MAR n'est disponible que sous forme de poudre, mais nous avons d'autres produits chimiques de recherche sous forme de buvard et de granul\u00e9s 4F-MAR \u00e0 vendre.<\/p>","protected":false},"excerpt":{"rendered":"<p>Nom UICPA : 5-(4-fluoroph\u00e9nyl)-4-m\u00e9thyl-4,5-dihydrooxazol-2-amine<\/p>\n<p>Autre nom : 4-Fluoro-4-m\u00e9thylaminorex<\/p>","protected":false},"featured_media":6247,"comment_status":"open","ping_status":"closed","template":"","meta":{"_joinchat":[]},"product_brand":[],"product_cat":[127],"product_tag":[],"class_list":{"0":"post-6228","1":"product","2":"type-product","3":"status-publish","4":"has-post-thumbnail","6":"product_cat-amfetamine","8":"first","9":"instock","10":"shipping-taxable","11":"purchasable","12":"product-type-variable"},"yoast_head":"<!-- This site is optimized with the Yoast SEO plugin v26.3 - https:\/\/yoast.com\/wordpress\/plugins\/seo\/ -->\n<title>4F-MAR Online Kopen - 4F-MAR te koop - 4F-MAR kopen<\/title>\n<meta name=\"description\" content=\",Als u 4F-MAR online wilt kopen, kan onze online rc kopen-winkel u helpen. We hebben hier 4F-MAR te koop tegen de beste tarieven.\" \/>\n<meta name=\"robots\" content=\"index, follow, max-snippet:-1, max-image-preview:large, max-video-preview:-1\" \/>\n<link rel=\"canonical\" href=\"https:\/\/rckopen.com\/fr\/produit\/4f-mar\/\" \/>\n<meta property=\"og:locale\" content=\"fr_FR\" \/>\n<meta property=\"og:type\" content=\"article\" \/>\n<meta property=\"og:title\" content=\"4F-MAR Online Kopen - 4F-MAR te koop - 4F-MAR kopen\" \/>\n<meta property=\"og:description\" content=\",Als u 4F-MAR online wilt kopen, kan onze online rc kopen-winkel u helpen. We hebben hier 4F-MAR te koop tegen de beste tarieven.\" \/>\n<meta property=\"og:url\" content=\"https:\/\/rckopen.com\/fr\/produit\/4f-mar\/\" \/>\n<meta property=\"og:site_name\" content=\"RC Kopen\" \/>\n<meta property=\"article:modified_time\" content=\"2025-01-31T08:50:37+00:00\" \/>\n<meta property=\"og:image\" content=\"https:\/\/rckopen.com\/wp-content\/uploads\/2023\/08\/4f-mar.jpg\" \/>\n\t<meta property=\"og:image:width\" content=\"600\" \/>\n\t<meta property=\"og:image:height\" content=\"600\" \/>\n\t<meta property=\"og:image:type\" content=\"image\/jpeg\" \/>\n<meta name=\"twitter:card\" content=\"summary_large_image\" \/>\n<meta name=\"twitter:label1\" content=\"Dur\u00e9e de lecture estim\u00e9e\" \/>\n\t<meta name=\"twitter:data1\" content=\"2 minutes\" \/>\n<script type=\"application\/ld+json\" class=\"yoast-schema-graph\">{\"@context\":\"https:\/\/schema.org\",\"@graph\":[{\"@type\":\"WebPage\",\"@id\":\"https:\/\/rckopen.com\/product\/4f-mar\/\",\"url\":\"https:\/\/rckopen.com\/product\/4f-mar\/\",\"name\":\"4F-MAR Online Kopen - 4F-MAR te koop - 4F-MAR kopen\",\"isPartOf\":{\"@id\":\"https:\/\/rckopen.com\/#website\"},\"primaryImageOfPage\":{\"@id\":\"https:\/\/rckopen.com\/product\/4f-mar\/#primaryimage\"},\"image\":{\"@id\":\"https:\/\/rckopen.com\/product\/4f-mar\/#primaryimage\"},\"thumbnailUrl\":\"https:\/\/rckopen.com\/wp-content\/uploads\/2023\/08\/4f-mar.jpg\",\"datePublished\":\"2023-08-14T06:52:51+00:00\",\"dateModified\":\"2025-01-31T08:50:37+00:00\",\"description\":\",Als u 4F-MAR online wilt kopen, kan onze online rc kopen-winkel u helpen. We hebben hier 4F-MAR te koop tegen de beste tarieven.\",\"breadcrumb\":{\"@id\":\"https:\/\/rckopen.com\/product\/4f-mar\/#breadcrumb\"},\"inLanguage\":\"fr-FR\",\"potentialAction\":[{\"@type\":\"ReadAction\",\"target\":[\"https:\/\/rckopen.com\/product\/4f-mar\/\"]}]},{\"@type\":\"ImageObject\",\"inLanguage\":\"fr-FR\",\"@id\":\"https:\/\/rckopen.com\/product\/4f-mar\/#primaryimage\",\"url\":\"https:\/\/rckopen.com\/wp-content\/uploads\/2023\/08\/4f-mar.jpg\",\"contentUrl\":\"https:\/\/rckopen.com\/wp-content\/uploads\/2023\/08\/4f-mar.jpg\",\"width\":600,\"height\":600,\"caption\":\"4F-MAR Online Kopen\"},{\"@type\":\"BreadcrumbList\",\"@id\":\"https:\/\/rckopen.com\/product\/4f-mar\/#breadcrumb\",\"itemListElement\":[{\"@type\":\"ListItem\",\"position\":1,\"name\":\"Home\",\"item\":\"https:\/\/rckopen.com\/\"},{\"@type\":\"ListItem\",\"position\":2,\"name\":\"Shop\",\"item\":\"https:\/\/rckopen.com\/shop\/\"},{\"@type\":\"ListItem\",\"position\":3,\"name\":\"4F-MAR Online Kopen\"}]},{\"@type\":\"WebSite\",\"@id\":\"https:\/\/rckopen.com\/#website\",\"url\":\"https:\/\/rckopen.com\/\",\"name\":\"RC Kopen\",\"description\":\"Research Chemicals\",\"potentialAction\":[{\"@type\":\"SearchAction\",\"target\":{\"@type\":\"EntryPoint\",\"urlTemplate\":\"https:\/\/rckopen.com\/?s={search_term_string}\"},\"query-input\":{\"@type\":\"PropertyValueSpecification\",\"valueRequired\":true,\"valueName\":\"search_term_string\"}}],\"inLanguage\":\"fr-FR\"}]}<\/script>\n<!-- \/ Yoast SEO plugin. -->","yoast_head_json":{"title":"4F-MAR Online Kopen - 4F-MAR te koop - 4F-MAR kopen","description":",Als u 4F-MAR online wilt kopen, kan onze online rc kopen-winkel u helpen. We hebben hier 4F-MAR te koop tegen de beste tarieven.","robots":{"index":"index","follow":"follow","max-snippet":"max-snippet:-1","max-image-preview":"max-image-preview:large","max-video-preview":"max-video-preview:-1"},"canonical":"https:\/\/rckopen.com\/fr\/produit\/4f-mar\/","og_locale":"fr_FR","og_type":"article","og_title":"4F-MAR Online Kopen - 4F-MAR te koop - 4F-MAR kopen","og_description":",Als u 4F-MAR online wilt kopen, kan onze online rc kopen-winkel u helpen. We hebben hier 4F-MAR te koop tegen de beste tarieven.","og_url":"https:\/\/rckopen.com\/fr\/produit\/4f-mar\/","og_site_name":"RC Kopen","article_modified_time":"2025-01-31T08:50:37+00:00","og_image":[{"width":600,"height":600,"url":"https:\/\/rckopen.com\/wp-content\/uploads\/2023\/08\/4f-mar.jpg","type":"image\/jpeg"}],"twitter_card":"summary_large_image","twitter_misc":{"Dur\u00e9e de lecture estim\u00e9e":"2 minutes"},"schema":{"@context":"https:\/\/schema.org","@graph":[{"@type":"WebPage","@id":"https:\/\/rckopen.com\/product\/4f-mar\/","url":"https:\/\/rckopen.com\/product\/4f-mar\/","name":"4F-MAR Online Kopen - 4F-MAR te koop - 4F-MAR kopen","isPartOf":{"@id":"https:\/\/rckopen.com\/#website"},"primaryImageOfPage":{"@id":"https:\/\/rckopen.com\/product\/4f-mar\/#primaryimage"},"image":{"@id":"https:\/\/rckopen.com\/product\/4f-mar\/#primaryimage"},"thumbnailUrl":"https:\/\/rckopen.com\/wp-content\/uploads\/2023\/08\/4f-mar.jpg","datePublished":"2023-08-14T06:52:51+00:00","dateModified":"2025-01-31T08:50:37+00:00","description":",Als u 4F-MAR online wilt kopen, kan onze online rc kopen-winkel u helpen. We hebben hier 4F-MAR te koop tegen de beste tarieven.","breadcrumb":{"@id":"https:\/\/rckopen.com\/product\/4f-mar\/#breadcrumb"},"inLanguage":"fr-FR","potentialAction":[{"@type":"ReadAction","target":["https:\/\/rckopen.com\/product\/4f-mar\/"]}]},{"@type":"ImageObject","inLanguage":"fr-FR","@id":"https:\/\/rckopen.com\/product\/4f-mar\/#primaryimage","url":"https:\/\/rckopen.com\/wp-content\/uploads\/2023\/08\/4f-mar.jpg","contentUrl":"https:\/\/rckopen.com\/wp-content\/uploads\/2023\/08\/4f-mar.jpg","width":600,"height":600,"caption":"4F-MAR Online Kopen"},{"@type":"BreadcrumbList","@id":"https:\/\/rckopen.com\/product\/4f-mar\/#breadcrumb","itemListElement":[{"@type":"ListItem","position":1,"name":"Home","item":"https:\/\/rckopen.com\/"},{"@type":"ListItem","position":2,"name":"Shop","item":"https:\/\/rckopen.com\/shop\/"},{"@type":"ListItem","position":3,"name":"4F-MAR Online Kopen"}]},{"@type":"WebSite","@id":"https:\/\/rckopen.com\/#website","url":"https:\/\/rckopen.com\/","name":"RC Kopen","description":"Research Chemicals","potentialAction":[{"@type":"SearchAction","target":{"@type":"EntryPoint","urlTemplate":"https:\/\/rckopen.com\/?s={search_term_string}"},"query-input":{"@type":"PropertyValueSpecification","valueRequired":true,"valueName":"search_term_string"}}],"inLanguage":"fr-FR"}]}},"_links":{"self":[{"href":"https:\/\/rckopen.com\/fr\/wp-json\/wp\/v2\/product\/6228","targetHints":{"allow":["GET"]}}],"collection":[{"href":"https:\/\/rckopen.com\/fr\/wp-json\/wp\/v2\/product"}],"about":[{"href":"https:\/\/rckopen.com\/fr\/wp-json\/wp\/v2\/types\/product"}],"replies":[{"embeddable":true,"href":"https:\/\/rckopen.com\/fr\/wp-json\/wp\/v2\/comments?post=6228"}],"wp:featuredmedia":[{"embeddable":true,"href":"https:\/\/rckopen.com\/fr\/wp-json\/wp\/v2\/media\/6247"}],"wp:attachment":[{"href":"https:\/\/rckopen.com\/fr\/wp-json\/wp\/v2\/media?parent=6228"}],"wp:term":[{"taxonomy":"product_brand","embeddable":true,"href":"https:\/\/rckopen.com\/fr\/wp-json\/wp\/v2\/product_brand?post=6228"},{"taxonomy":"product_cat","embeddable":true,"href":"https:\/\/rckopen.com\/fr\/wp-json\/wp\/v2\/product_cat?post=6228"},{"taxonomy":"product_tag","embeddable":true,"href":"https:\/\/rckopen.com\/fr\/wp-json\/wp\/v2\/product_tag?post=6228"}],"curies":[{"name":"wp","href":"https:\/\/api.w.org\/{rel}","templated":true}]}}