{"id":6229,"date":"2023-08-14T07:02:49","date_gmt":"2023-08-14T07:02:49","guid":{"rendered":"https:\/\/diligentplug.com\/chems\/?post_type=product&#038;p=6229"},"modified":"2025-02-03T06:55:14","modified_gmt":"2025-02-03T06:55:14","slug":"dmc-dimethocaine-freebase","status":"publish","type":"product","link":"https:\/\/rckopen.com\/fr\/produit\/dmc-dimethocaine-freebase\/","title":{"rendered":"Acheter en ligne du DMC (Dimethocaine) freebase"},"content":{"rendered":"<h2>Algemene informatie over Dimethocaine freebase online kopen<\/h2>\n<p><a href=\"https:\/\/rckopen.com\/fr\/produit\/dmc-dimethocaine-freebase\/\">Acheter DMC Dimethocaine Freebase en ligne<\/a>La dim\u00e9thoca\u00efne, connue sous le nom chimique de 3-(di\u00e9thylamino)-2,2-dim\u00e9thyl-1-propanecarboxylate, appartient \u00e0 la classe de compos\u00e9s connus sous le nom d'alcalo\u00efdes tropaniques<a href=\"https:\/\/rckopen.com\/fr\/produit\/meai\/\">.<\/a><\/p>\n<p>En termes de propri\u00e9t\u00e9s chimiques, la dim\u00e9thoca\u00efne se pr\u00e9sente g\u00e9n\u00e9ralement sous la forme d'une poudre cristalline blanche. Elle est soluble dans les solvants naturels tels que le m\u00e9thanol, mais moins soluble dans l'eau<a href=\"https:\/\/en.wikipedia.org\/w\/index.php?search=DMC+Dimethocaine&amp;title=Special%3ASearch&amp;ns0=1\">.<\/a><\/p>\n<p>Lorsque l'on parle de Dimethocaine freebase, il s'agit de la forme de base pure du compos\u00e9. La base libre d\u00e9signe un produit chimique ou une combinaison de recherche sous sa forme de base, sans sels ni autres additifs.<\/p>\n<p>Dans le cas de la dim\u00e9thoca\u00efne, la forme libre a g\u00e9n\u00e9ralement une puissance plus \u00e9lev\u00e9e et est souvent utilis\u00e9e \u00e0 des fins r\u00e9cr\u00e9atives. Elle peut \u00eatre vaporis\u00e9e ou dissoute dans un solvant selon une autre m\u00e9thode de recherche.<\/p>\n<h3>Composition chimique de la base libre de dim\u00e9thoca\u00efne<\/h3>\n<p>La composition chimique de <a href=\"https:\/\/en.wikipedia.org\/wiki\/DMC\">Dimethocaine<\/a> La base libre, \u00e9galement connue sous le nom de dim\u00e9thoca\u00efne, peut \u00eatre repr\u00e9sent\u00e9e par la formule mol\u00e9culaire : C16H26N2O2. Les chiffres apr\u00e8s chaque symbole d'\u00e9l\u00e9ment indiquent le nombre d'atomes de cet \u00e9l\u00e9ment pr\u00e9sents dans une mol\u00e9cule de base libre de dim\u00e9thoca\u00efne.<\/p>\n<p>La dim\u00e9thoca\u00efne base libre est donc constitu\u00e9e de seize atomes de carbone (C16), vingt-six atomes d'hydrog\u00e8ne (H26), deux atomes d'azote (N2) et deux atomes d'oxyg\u00e8ne (O2).<\/p>\n<p>Il est important de noter que la composition chimique d\u00e9crite ici repr\u00e9sente la formule empirique, qui donne le rapport le plus simple des atomes dans le compos\u00e9. La formule empirique ne repr\u00e9sente pas l'arrangement structurel de ces atomes et le mod\u00e8le de liaison sp\u00e9cifique.<\/p>\n<h3>Base libre de dim\u00e9thoca\u00efne de haute qualit\u00e9.<\/h3>\n<p><a href=\"https:\/\/rckopen.com\/fr\/\">rckopen.com<\/a> poss\u00e8de de nombreuses ann\u00e9es d'exp\u00e9rience dans le secteur de la conception de produits chimiques de recherche, ce qui nous permet de garantir la plus haute qualit\u00e9 de ces produits chimiques de recherche. L\u2019achat de produits chimiques \u00e0 base libre de dim\u00e9thoca\u00efne est facile et de qualit\u00e9 sup\u00e9rieure. Le co\u00fbt de la dim\u00e9thoca\u00efne \u00e0 base libre est relativement faible par rapport \u00e0 celui des autres soci\u00e9t\u00e9s. Les produits chimiques de recherche, dont la dim\u00e9thoca\u00efne \u00e0 base libre, r\u00e9pondent \u00e0 toutes les exigences de s\u00e9curit\u00e9. Les produits chimiques de recherche sont soigneusement distribu\u00e9s et stock\u00e9s dans un endroit frais et sec. Tous les produits sont r\u00e9guli\u00e8rement contr\u00f4l\u00e9s pour leur qualit\u00e9, leur puret\u00e9 et leur s\u00e9curit\u00e9. Notre base libre de dim\u00e9thoca\u00efne est destin\u00e9e uniquement \u00e0 des fins de recherche. Nos produits ont un prix \u00e9quitable et vous pouvez acheter des produits chimiques \u00e0 base libre de dim\u00e9thoca\u00efne en ligne \u00e0 des tarifs tr\u00e8s bon march\u00e9.<\/p>\n<h3>Produit chimique \u00e0 base libre de dim\u00e9thoca\u00efne test\u00e9 en laboratoire avec des r\u00e9sultats.<\/h3>\n<p>R\u00e9aliser de nouveaux progr\u00e8s pour satisfaire l'ensemble de ses clients. Plusieurs enqu\u00eates ont montr\u00e9 que les clients demandent autant de donn\u00e9es que pr\u00e9vu avant d'acheter des produits chimiques de recherche synth\u00e9tiques. En outre, nous publions toutes les cons\u00e9quences en laboratoire de chaque produit chimique de recherche dans un document PDF.<\/p>\n<p>Notre base exempte de dim\u00e9thoca\u00efne respecte syst\u00e9matiquement les principes actifs et est visible par tous.<\/p>\n<p>Nous distribuons toutes les cons\u00e9quences de laboratoire de chaque produit chimique de recherche sur un document PDF.<\/p>\n<h3>Commande s\u00e9curis\u00e9e sur Dimethocaine Freebase.<\/h3>\n<p>Les produits chimiques de recherche de conception RC Buy sont d'excellente qualit\u00e9 et ont un prix \u00e9quitable. Par cons\u00e9quent, lorsque vous demandez vos produits chimiques de recherche aupr\u00e8s de RC SHOP, nous vous garantissons que nous enverrons votre demande \u00e0 votre laboratoire de recherche rapidement et en toute s\u00e9curit\u00e9, car les ventes de produits chimiques de recherche sont toujours disponibles aupr\u00e8s de RC Buy.<\/p>\n<p>Commander des compos\u00e9s de recherche synth\u00e9tiques avec Bitcoin ou par virement bancaire est facile chez RC Buy. Nous exp\u00e9dions les produits chimiques de recherche le jour ouvrable m\u00eame si le paiement est re\u00e7u avant 15h00 CEST. Nous n'exp\u00e9dions pas d'articles aux personnes de moins de 18 ans ! Les granul\u00e9s de base libre de dim\u00e9thoca\u00efne \u00e0 vendre sont destin\u00e9s uniquement \u00e0 des fins de recherche.<\/p>\n<h3>Exp\u00e9dition discr\u00e8te de produits chimiques destin\u00e9s \u00e0 la recherche.<\/h3>\n<p>RC Kopen emballera votre commande en toute s\u00e9curit\u00e9 pour assurer un transport ad\u00e9quat. De plus, nous emballons de mani\u00e8re parfaitement discr\u00e8te, et rien n'est visible \u00e0 l'ext\u00e9rieur de ce qui pourrait se trouver \u00e0 l'int\u00e9rieur.<\/p>\n<p>Attention : rckopen.com propose des produits qui ne sont pas destin\u00e9s \u00e0 la consommation humaine. La consommation (involontaire) de ce produit peut avoir des cons\u00e9quences m\u00e9dicales graves.<\/p>","protected":false},"excerpt":{"rendered":"<p>Nom UICPA : (3-di\u00e9thylamino-2,2-dim\u00e9thylpropyl)-4-aminobenzoate<\/p>\n<p>CAS # 94-15-5<\/p>\n<p>Autre nom : Dim\u00e9thoca\u00efne ou laroca\u00efne<\/p>\n<p>Forme : poudre<\/p>","protected":false},"featured_media":6252,"comment_status":"open","ping_status":"closed","template":"","meta":{"_joinchat":[]},"product_brand":[],"product_cat":[127],"product_tag":[],"class_list":{"0":"post-6229","1":"product","2":"type-product","3":"status-publish","4":"has-post-thumbnail","6":"product_cat-amfetamine","8":"first","9":"instock","10":"shipping-taxable","11":"purchasable","12":"product-type-variable"},"yoast_head":"<!-- This site is optimized with the Yoast SEO plugin v26.3 - https:\/\/yoast.com\/wordpress\/plugins\/seo\/ -->\n<title>DMC Dimethocaine Freebase online kopen - DMC te koop<\/title>\n<meta name=\"description\" content=\"DMC dimethocaine freebase online kopen in onze RC Kopen-winkel. Hier is de kans om DMC Dimethocaine Freebase te koop tegen goedkope prijzen.\" \/>\n<meta name=\"robots\" content=\"index, follow, max-snippet:-1, max-image-preview:large, max-video-preview:-1\" \/>\n<link rel=\"canonical\" href=\"https:\/\/rckopen.com\/fr\/produit\/dmc-dimethocaine-freebase\/\" \/>\n<meta property=\"og:locale\" content=\"fr_FR\" \/>\n<meta property=\"og:type\" content=\"article\" \/>\n<meta property=\"og:title\" content=\"DMC Dimethocaine Freebase online kopen - DMC te koop\" \/>\n<meta property=\"og:description\" content=\"DMC dimethocaine freebase online kopen in onze RC Kopen-winkel. Hier is de kans om DMC Dimethocaine Freebase te koop tegen goedkope prijzen.\" \/>\n<meta property=\"og:url\" content=\"https:\/\/rckopen.com\/fr\/produit\/dmc-dimethocaine-freebase\/\" \/>\n<meta property=\"og:site_name\" content=\"RC Kopen\" \/>\n<meta property=\"article:modified_time\" content=\"2025-02-03T06:55:14+00:00\" \/>\n<meta property=\"og:image\" content=\"https:\/\/rckopen.com\/wp-content\/uploads\/2023\/08\/dmc-Dimethocaine-freebase.jpg\" \/>\n\t<meta property=\"og:image:width\" content=\"600\" \/>\n\t<meta property=\"og:image:height\" content=\"600\" \/>\n\t<meta property=\"og:image:type\" content=\"image\/jpeg\" \/>\n<meta name=\"twitter:card\" content=\"summary_large_image\" \/>\n<meta name=\"twitter:label1\" content=\"Dur\u00e9e de lecture estim\u00e9e\" \/>\n\t<meta name=\"twitter:data1\" content=\"3 minutes\" \/>\n<script type=\"application\/ld+json\" class=\"yoast-schema-graph\">{\"@context\":\"https:\/\/schema.org\",\"@graph\":[{\"@type\":\"WebPage\",\"@id\":\"https:\/\/rckopen.com\/product\/dmc-dimethocaine-freebase\/\",\"url\":\"https:\/\/rckopen.com\/product\/dmc-dimethocaine-freebase\/\",\"name\":\"DMC Dimethocaine Freebase online kopen - DMC te koop\",\"isPartOf\":{\"@id\":\"https:\/\/rckopen.com\/#website\"},\"primaryImageOfPage\":{\"@id\":\"https:\/\/rckopen.com\/product\/dmc-dimethocaine-freebase\/#primaryimage\"},\"image\":{\"@id\":\"https:\/\/rckopen.com\/product\/dmc-dimethocaine-freebase\/#primaryimage\"},\"thumbnailUrl\":\"https:\/\/rckopen.com\/wp-content\/uploads\/2023\/08\/dmc-Dimethocaine-freebase.jpg\",\"datePublished\":\"2023-08-14T07:02:49+00:00\",\"dateModified\":\"2025-02-03T06:55:14+00:00\",\"description\":\"DMC dimethocaine freebase online kopen in onze RC Kopen-winkel. Hier is de kans om DMC Dimethocaine Freebase te koop tegen goedkope prijzen.\",\"breadcrumb\":{\"@id\":\"https:\/\/rckopen.com\/product\/dmc-dimethocaine-freebase\/#breadcrumb\"},\"inLanguage\":\"fr-FR\",\"potentialAction\":[{\"@type\":\"ReadAction\",\"target\":[\"https:\/\/rckopen.com\/product\/dmc-dimethocaine-freebase\/\"]}]},{\"@type\":\"ImageObject\",\"inLanguage\":\"fr-FR\",\"@id\":\"https:\/\/rckopen.com\/product\/dmc-dimethocaine-freebase\/#primaryimage\",\"url\":\"https:\/\/rckopen.com\/wp-content\/uploads\/2023\/08\/dmc-Dimethocaine-freebase.jpg\",\"contentUrl\":\"https:\/\/rckopen.com\/wp-content\/uploads\/2023\/08\/dmc-Dimethocaine-freebase.jpg\",\"width\":600,\"height\":600,\"caption\":\"dmc-(Dimethocaine)-freebase online kopen\"},{\"@type\":\"BreadcrumbList\",\"@id\":\"https:\/\/rckopen.com\/product\/dmc-dimethocaine-freebase\/#breadcrumb\",\"itemListElement\":[{\"@type\":\"ListItem\",\"position\":1,\"name\":\"Home\",\"item\":\"https:\/\/rckopen.com\/\"},{\"@type\":\"ListItem\",\"position\":2,\"name\":\"Shop\",\"item\":\"https:\/\/rckopen.com\/shop\/\"},{\"@type\":\"ListItem\",\"position\":3,\"name\":\"DMC (Dimethocaine) freebase online kopen\"}]},{\"@type\":\"WebSite\",\"@id\":\"https:\/\/rckopen.com\/#website\",\"url\":\"https:\/\/rckopen.com\/\",\"name\":\"RC Kopen\",\"description\":\"Research Chemicals\",\"potentialAction\":[{\"@type\":\"SearchAction\",\"target\":{\"@type\":\"EntryPoint\",\"urlTemplate\":\"https:\/\/rckopen.com\/?s={search_term_string}\"},\"query-input\":{\"@type\":\"PropertyValueSpecification\",\"valueRequired\":true,\"valueName\":\"search_term_string\"}}],\"inLanguage\":\"fr-FR\"}]}<\/script>\n<!-- \/ Yoast SEO plugin. -->","yoast_head_json":{"title":"DMC Dimethocaine Freebase online kopen - DMC te koop","description":"DMC dimethocaine freebase online kopen in onze RC Kopen-winkel. Hier is de kans om DMC Dimethocaine Freebase te koop tegen goedkope prijzen.","robots":{"index":"index","follow":"follow","max-snippet":"max-snippet:-1","max-image-preview":"max-image-preview:large","max-video-preview":"max-video-preview:-1"},"canonical":"https:\/\/rckopen.com\/fr\/produit\/dmc-dimethocaine-freebase\/","og_locale":"fr_FR","og_type":"article","og_title":"DMC Dimethocaine Freebase online kopen - DMC te koop","og_description":"DMC dimethocaine freebase online kopen in onze RC Kopen-winkel. Hier is de kans om DMC Dimethocaine Freebase te koop tegen goedkope prijzen.","og_url":"https:\/\/rckopen.com\/fr\/produit\/dmc-dimethocaine-freebase\/","og_site_name":"RC Kopen","article_modified_time":"2025-02-03T06:55:14+00:00","og_image":[{"width":600,"height":600,"url":"https:\/\/rckopen.com\/wp-content\/uploads\/2023\/08\/dmc-Dimethocaine-freebase.jpg","type":"image\/jpeg"}],"twitter_card":"summary_large_image","twitter_misc":{"Dur\u00e9e de lecture estim\u00e9e":"3 minutes"},"schema":{"@context":"https:\/\/schema.org","@graph":[{"@type":"WebPage","@id":"https:\/\/rckopen.com\/product\/dmc-dimethocaine-freebase\/","url":"https:\/\/rckopen.com\/product\/dmc-dimethocaine-freebase\/","name":"DMC Dimethocaine Freebase online kopen - DMC te koop","isPartOf":{"@id":"https:\/\/rckopen.com\/#website"},"primaryImageOfPage":{"@id":"https:\/\/rckopen.com\/product\/dmc-dimethocaine-freebase\/#primaryimage"},"image":{"@id":"https:\/\/rckopen.com\/product\/dmc-dimethocaine-freebase\/#primaryimage"},"thumbnailUrl":"https:\/\/rckopen.com\/wp-content\/uploads\/2023\/08\/dmc-Dimethocaine-freebase.jpg","datePublished":"2023-08-14T07:02:49+00:00","dateModified":"2025-02-03T06:55:14+00:00","description":"DMC dimethocaine freebase online kopen in onze RC Kopen-winkel. Hier is de kans om DMC Dimethocaine Freebase te koop tegen goedkope prijzen.","breadcrumb":{"@id":"https:\/\/rckopen.com\/product\/dmc-dimethocaine-freebase\/#breadcrumb"},"inLanguage":"fr-FR","potentialAction":[{"@type":"ReadAction","target":["https:\/\/rckopen.com\/product\/dmc-dimethocaine-freebase\/"]}]},{"@type":"ImageObject","inLanguage":"fr-FR","@id":"https:\/\/rckopen.com\/product\/dmc-dimethocaine-freebase\/#primaryimage","url":"https:\/\/rckopen.com\/wp-content\/uploads\/2023\/08\/dmc-Dimethocaine-freebase.jpg","contentUrl":"https:\/\/rckopen.com\/wp-content\/uploads\/2023\/08\/dmc-Dimethocaine-freebase.jpg","width":600,"height":600,"caption":"dmc-(Dimethocaine)-freebase online kopen"},{"@type":"BreadcrumbList","@id":"https:\/\/rckopen.com\/product\/dmc-dimethocaine-freebase\/#breadcrumb","itemListElement":[{"@type":"ListItem","position":1,"name":"Home","item":"https:\/\/rckopen.com\/"},{"@type":"ListItem","position":2,"name":"Shop","item":"https:\/\/rckopen.com\/shop\/"},{"@type":"ListItem","position":3,"name":"DMC (Dimethocaine) freebase online kopen"}]},{"@type":"WebSite","@id":"https:\/\/rckopen.com\/#website","url":"https:\/\/rckopen.com\/","name":"RC Kopen","description":"Research Chemicals","potentialAction":[{"@type":"SearchAction","target":{"@type":"EntryPoint","urlTemplate":"https:\/\/rckopen.com\/?s={search_term_string}"},"query-input":{"@type":"PropertyValueSpecification","valueRequired":true,"valueName":"search_term_string"}}],"inLanguage":"fr-FR"}]}},"_links":{"self":[{"href":"https:\/\/rckopen.com\/fr\/wp-json\/wp\/v2\/product\/6229","targetHints":{"allow":["GET"]}}],"collection":[{"href":"https:\/\/rckopen.com\/fr\/wp-json\/wp\/v2\/product"}],"about":[{"href":"https:\/\/rckopen.com\/fr\/wp-json\/wp\/v2\/types\/product"}],"replies":[{"embeddable":true,"href":"https:\/\/rckopen.com\/fr\/wp-json\/wp\/v2\/comments?post=6229"}],"wp:featuredmedia":[{"embeddable":true,"href":"https:\/\/rckopen.com\/fr\/wp-json\/wp\/v2\/media\/6252"}],"wp:attachment":[{"href":"https:\/\/rckopen.com\/fr\/wp-json\/wp\/v2\/media?parent=6229"}],"wp:term":[{"taxonomy":"product_brand","embeddable":true,"href":"https:\/\/rckopen.com\/fr\/wp-json\/wp\/v2\/product_brand?post=6229"},{"taxonomy":"product_cat","embeddable":true,"href":"https:\/\/rckopen.com\/fr\/wp-json\/wp\/v2\/product_cat?post=6229"},{"taxonomy":"product_tag","embeddable":true,"href":"https:\/\/rckopen.com\/fr\/wp-json\/wp\/v2\/product_tag?post=6229"}],"curies":[{"name":"wp","href":"https:\/\/api.w.org\/{rel}","templated":true}]}}