{"id":6266,"date":"2023-08-14T07:39:22","date_gmt":"2023-08-14T07:39:22","guid":{"rendered":"https:\/\/diligentplug.com\/chems\/?post_type=product&#038;p=6266"},"modified":"2025-02-04T05:10:22","modified_gmt":"2025-02-04T05:10:22","slug":"meai","status":"publish","type":"product","link":"https:\/\/rckopen.com\/fr\/produit\/meai\/","title":{"rendered":"Achetez MEAI en ligne"},"content":{"rendered":"<h2>Algemene informatie over MEAI Crystal Online kopen<\/h2>\n<p>Achetez MEAI en ligne, MEAI (5-m\u00e9thoxy-2-aminoindane) a \u00e9t\u00e9 synth\u00e9tis\u00e9 et d\u00e9couvert pour la premi\u00e8re fois dans les ann\u00e9es 1990.<\/p>\n<p>Le MEAI Crystal, \u00e9galement connu sous le nom de 5-M\u00e9thoxy-2-aminoindane, est un compos\u00e9 chimique appartenant \u00e0 la classe des aminoindanes. En tant que produit chimique de recherche, il a \u00e9t\u00e9 \u00e9tudi\u00e9 pour ses effets psychoactifs potentiels<a href=\"https:\/\/rckopen.com\/fr\/produit\/nm-2ai\/\">.<\/a><\/p>\n<p>Le MEAI Crystal se pr\u00e9sente g\u00e9n\u00e9ralement sous forme cristalline et est habituellement vendu comme produit chimique de recherche. Il est important de noter que le MEAI Crystal et d'autres compos\u00e9s similaires peuvent avoir des effets psychoactifs, mais leurs m\u00e9canismes d'action sp\u00e9cifiques et leurs propri\u00e9t\u00e9s pharmacologiques ne sont pas enti\u00e8rement compris ou bien document\u00e9s.<\/p>\n<h3>Composition chimique du cristal MEAI<\/h3>\n<p>La composition chimique du cristal MEAI (5-M\u00e9thoxy-2-aminoindane) peut \u00eatre d\u00e9crite comme suit : Formule chimique : C11H15NOMPoids mol\u00e9culaire : 177,24 g\/mol<\/p>\n<p>Le cristal MEAI est un compos\u00e9 compos\u00e9 de 11 atomes de carbone (C11), 15 atomes d'hydrog\u00e8ne (H15), un atome d'azote (N) et un atome d'oxyg\u00e8ne (O). Il s'agit d'une structure centrale de 2 aminoindane avec un groupe m\u00e9thoxy (CH3O) attach\u00e9 \u00e0 la position 5 de l'anneau indane. Le groupe amino (NH2) est situ\u00e9 en position 2 de l'anneau indane.<a href=\"https:\/\/en.wikipedia.org\/wiki\/MEAI\">.<\/a><\/p>\n<p>En g\u00e9n\u00e9ral, la composition chimique du cristal MEAI peut \u00eatre repr\u00e9sent\u00e9e par la formule chimique C11H15NO, qui indique l'arrangement sp\u00e9cifique et le nombre d'atomes dans le compos\u00e9.<\/p>\n<h3>Achetez du cristal MEAI de haute qualit\u00e9 en ligne.<\/h3>\n<p>Buy Rc a de nombreuses implications \u00e0 long terme dans l'industrie des produits chimiques de recherche, ce qui nous permet de garantir le meilleur de ces produits chimiques de recherche. Acheter du cristal MEAI est facile et de qualit\u00e9 sup\u00e9rieure. Les achats de MEAI Crystal sont inf\u00e9rieurs \u00e0 ceux des autres organisations.<\/p>\n<p>Les produits chimiques destin\u00e9s \u00e0 la recherche, y compris le MEAI Crystal, r\u00e9pondent \u00e0 toutes les exigences en mati\u00e8re de s\u00e9curit\u00e9. Les produits chimiques destin\u00e9s \u00e0 la recherche sont distribu\u00e9s avec soin et stock\u00e9s dans un endroit excellent et sec.<\/p>\n<p>Tous les articles font l'objet d'un contr\u00f4le syst\u00e9matique de la qualit\u00e9, de la s\u00e9curit\u00e9 et de la puret\u00e9.<\/p>\n<p>Notre MEAI Crystal est destin\u00e9 \u00e0 la recherche uniquement. Nos articles sont propos\u00e9s \u00e0 un prix raisonnable et vous pouvez acheter des compos\u00e9s de recherche MEAI Crystal en ligne \u00e0 des prix exceptionnellement bas.<\/p>\n<h3>MEAI Crystal test\u00e9 en laboratoire avec r\u00e9sultats.<\/h3>\n<p>R\u00e9aliser de nouveaux progr\u00e8s pour satisfaire l'ensemble de ses clients. Plusieurs enqu\u00eates ont montr\u00e9 que les clients demandent autant de donn\u00e9es que pr\u00e9vu avant d'acheter des produits chimiques de recherche synth\u00e9tiques. En outre, nous publions toutes les cons\u00e9quences en laboratoire de chaque produit chimique de recherche dans un document PDF.<\/p>\n<p>Notre MEAI Crystal en ligne respecte syst\u00e9matiquement les principes actifs et est visible par tous.<\/p>\n<p>Nous distribuons toutes les cons\u00e9quences de laboratoire de chaque produit chimique de recherche sur un document PDF.<\/p>\n<h3>Commander MEAI Crystal en ligne en toute s\u00e9curit\u00e9.<\/h3>\n<p>Les produits chimiques de recherche RC SHOP sont d'excellente qualit\u00e9 et leur prix est raisonnable. Par cons\u00e9quent, lorsque vous demandez vos produits chimiques de recherche \u00e0 RC SHOP, nous vous garantissons que votre demande sera livr\u00e9e \u00e0 votre domicile rapidement et en toute s\u00e9curit\u00e9, car les ventes de produits chimiques de recherche sont toujours disponibles chez RC SHOP.<\/p>\n<p>Demander des connexions de recherche synth\u00e9tique avec Bitcoin ou par virement bancaire est facile chez RC SHOP.<\/p>\n<p>Nous exp\u00e9dions les produits chimiques de recherche le m\u00eame jour ouvrable si le paiement est re\u00e7u avant 15:00 CEST. Nous ne livrons pas d'articles \u00e0 des personnes de moins de 18 ans !<\/p>\n<h3>Le MEAI Crystal mis en vente l'est uniquement \u00e0 des fins de recherche.<\/h3>\n<p>Exp\u00e9dition discr\u00e8te de produits chimiques destin\u00e9s \u00e0 la recherche.<\/p>\n<p>RC SHOP emballera votre commande de mani\u00e8re s\u00fbre et s\u00e9curis\u00e9e afin d'assurer un transport ad\u00e9quat. De plus, nous emballons de mani\u00e8re parfaitement discr\u00e8te, et rien n'est montr\u00e9 \u00e0 l'ext\u00e9rieur de ce qui pourrait se trouver \u00e0 l'int\u00e9rieur.<\/p>\n<p>Remarque : rckopen.com propose des produits qui ne sont pas destin\u00e9s \u00e0 la consommation humaine. Si vous consommez ce produit (involontairement), cela peut avoir de graves cons\u00e9quences m\u00e9dicales. Achetez MEAI en ligne.<\/p>","protected":false},"excerpt":{"rendered":"<p>Nom IUPAC : 5-M\u00e9thoxy-2-indanamine<\/p>\n<p>CAS # 73305-09-6<\/p>\n<p>Aspect : cristaux<\/p>\n<p>Analyse RMN : C10H13NO<\/p>","protected":false},"featured_media":6280,"comment_status":"open","ping_status":"closed","template":"","meta":{"_joinchat":[]},"product_brand":[],"product_cat":[127],"product_tag":[],"class_list":{"0":"post-6266","1":"product","2":"type-product","3":"status-publish","4":"has-post-thumbnail","6":"product_cat-amfetamine","8":"first","9":"instock","10":"shipping-taxable","11":"purchasable","12":"product-type-variable"},"yoast_head":"<!-- This site is optimized with the Yoast SEO plugin v26.3 - https:\/\/yoast.com\/wordpress\/plugins\/seo\/ -->\n<title>MEAI Online kopen - MEAI online te kopen | RC Kopen<\/title>\n<meta name=\"description\" content=\"Op zoek naar Koop MEAI van hoge kwaliteit die online te koop is, is RC kopen een toonaangevende winkel waar u MEAI online kopen tegen de beste prijs.\" \/>\n<meta name=\"robots\" content=\"index, follow, max-snippet:-1, max-image-preview:large, max-video-preview:-1\" \/>\n<link rel=\"canonical\" href=\"https:\/\/rckopen.com\/fr\/produit\/meai\/\" \/>\n<meta property=\"og:locale\" content=\"fr_FR\" \/>\n<meta property=\"og:type\" content=\"article\" \/>\n<meta property=\"og:title\" content=\"MEAI Online kopen - MEAI online te kopen | RC Kopen\" \/>\n<meta property=\"og:description\" content=\"Op zoek naar Koop MEAI van hoge kwaliteit die online te koop is, is RC kopen een toonaangevende winkel waar u MEAI online kopen tegen de beste prijs.\" \/>\n<meta property=\"og:url\" content=\"https:\/\/rckopen.com\/fr\/produit\/meai\/\" \/>\n<meta property=\"og:site_name\" content=\"RC Kopen\" \/>\n<meta property=\"article:modified_time\" content=\"2025-02-04T05:10:22+00:00\" \/>\n<meta property=\"og:image\" content=\"https:\/\/rckopen.com\/wp-content\/uploads\/2023\/08\/MEAI.jpg\" \/>\n\t<meta property=\"og:image:width\" content=\"600\" \/>\n\t<meta property=\"og:image:height\" content=\"600\" \/>\n\t<meta property=\"og:image:type\" content=\"image\/jpeg\" \/>\n<meta name=\"twitter:card\" content=\"summary_large_image\" \/>\n<meta name=\"twitter:label1\" content=\"Dur\u00e9e de lecture estim\u00e9e\" \/>\n\t<meta name=\"twitter:data1\" content=\"3 minutes\" \/>\n<script type=\"application\/ld+json\" class=\"yoast-schema-graph\">{\"@context\":\"https:\/\/schema.org\",\"@graph\":[{\"@type\":\"WebPage\",\"@id\":\"https:\/\/rckopen.com\/product\/meai\/\",\"url\":\"https:\/\/rckopen.com\/product\/meai\/\",\"name\":\"MEAI Online kopen - MEAI online te kopen | RC Kopen\",\"isPartOf\":{\"@id\":\"https:\/\/rckopen.com\/#website\"},\"primaryImageOfPage\":{\"@id\":\"https:\/\/rckopen.com\/product\/meai\/#primaryimage\"},\"image\":{\"@id\":\"https:\/\/rckopen.com\/product\/meai\/#primaryimage\"},\"thumbnailUrl\":\"https:\/\/rckopen.com\/wp-content\/uploads\/2023\/08\/MEAI.jpg\",\"datePublished\":\"2023-08-14T07:39:22+00:00\",\"dateModified\":\"2025-02-04T05:10:22+00:00\",\"description\":\"Op zoek naar Koop MEAI van hoge kwaliteit die online te koop is, is RC kopen een toonaangevende winkel waar u MEAI online kopen tegen de beste prijs.\",\"breadcrumb\":{\"@id\":\"https:\/\/rckopen.com\/product\/meai\/#breadcrumb\"},\"inLanguage\":\"fr-FR\",\"potentialAction\":[{\"@type\":\"ReadAction\",\"target\":[\"https:\/\/rckopen.com\/product\/meai\/\"]}]},{\"@type\":\"ImageObject\",\"inLanguage\":\"fr-FR\",\"@id\":\"https:\/\/rckopen.com\/product\/meai\/#primaryimage\",\"url\":\"https:\/\/rckopen.com\/wp-content\/uploads\/2023\/08\/MEAI.jpg\",\"contentUrl\":\"https:\/\/rckopen.com\/wp-content\/uploads\/2023\/08\/MEAI.jpg\",\"width\":600,\"height\":600,\"caption\":\"MEAI online kopen\"},{\"@type\":\"BreadcrumbList\",\"@id\":\"https:\/\/rckopen.com\/product\/meai\/#breadcrumb\",\"itemListElement\":[{\"@type\":\"ListItem\",\"position\":1,\"name\":\"Home\",\"item\":\"https:\/\/rckopen.com\/\"},{\"@type\":\"ListItem\",\"position\":2,\"name\":\"Shop\",\"item\":\"https:\/\/rckopen.com\/shop\/\"},{\"@type\":\"ListItem\",\"position\":3,\"name\":\"MEAI Online kopen\"}]},{\"@type\":\"WebSite\",\"@id\":\"https:\/\/rckopen.com\/#website\",\"url\":\"https:\/\/rckopen.com\/\",\"name\":\"RC Kopen\",\"description\":\"Research Chemicals\",\"potentialAction\":[{\"@type\":\"SearchAction\",\"target\":{\"@type\":\"EntryPoint\",\"urlTemplate\":\"https:\/\/rckopen.com\/?s={search_term_string}\"},\"query-input\":{\"@type\":\"PropertyValueSpecification\",\"valueRequired\":true,\"valueName\":\"search_term_string\"}}],\"inLanguage\":\"fr-FR\"}]}<\/script>\n<!-- \/ Yoast SEO plugin. -->","yoast_head_json":{"title":"MEAI Online kopen - MEAI online te kopen | RC Kopen","description":"Op zoek naar Koop MEAI van hoge kwaliteit die online te koop is, is RC kopen een toonaangevende winkel waar u MEAI online kopen tegen de beste prijs.","robots":{"index":"index","follow":"follow","max-snippet":"max-snippet:-1","max-image-preview":"max-image-preview:large","max-video-preview":"max-video-preview:-1"},"canonical":"https:\/\/rckopen.com\/fr\/produit\/meai\/","og_locale":"fr_FR","og_type":"article","og_title":"MEAI Online kopen - MEAI online te kopen | RC Kopen","og_description":"Op zoek naar Koop MEAI van hoge kwaliteit die online te koop is, is RC kopen een toonaangevende winkel waar u MEAI online kopen tegen de beste prijs.","og_url":"https:\/\/rckopen.com\/fr\/produit\/meai\/","og_site_name":"RC Kopen","article_modified_time":"2025-02-04T05:10:22+00:00","og_image":[{"width":600,"height":600,"url":"https:\/\/rckopen.com\/wp-content\/uploads\/2023\/08\/MEAI.jpg","type":"image\/jpeg"}],"twitter_card":"summary_large_image","twitter_misc":{"Dur\u00e9e de lecture estim\u00e9e":"3 minutes"},"schema":{"@context":"https:\/\/schema.org","@graph":[{"@type":"WebPage","@id":"https:\/\/rckopen.com\/product\/meai\/","url":"https:\/\/rckopen.com\/product\/meai\/","name":"MEAI Online kopen - MEAI online te kopen | RC Kopen","isPartOf":{"@id":"https:\/\/rckopen.com\/#website"},"primaryImageOfPage":{"@id":"https:\/\/rckopen.com\/product\/meai\/#primaryimage"},"image":{"@id":"https:\/\/rckopen.com\/product\/meai\/#primaryimage"},"thumbnailUrl":"https:\/\/rckopen.com\/wp-content\/uploads\/2023\/08\/MEAI.jpg","datePublished":"2023-08-14T07:39:22+00:00","dateModified":"2025-02-04T05:10:22+00:00","description":"Op zoek naar Koop MEAI van hoge kwaliteit die online te koop is, is RC kopen een toonaangevende winkel waar u MEAI online kopen tegen de beste prijs.","breadcrumb":{"@id":"https:\/\/rckopen.com\/product\/meai\/#breadcrumb"},"inLanguage":"fr-FR","potentialAction":[{"@type":"ReadAction","target":["https:\/\/rckopen.com\/product\/meai\/"]}]},{"@type":"ImageObject","inLanguage":"fr-FR","@id":"https:\/\/rckopen.com\/product\/meai\/#primaryimage","url":"https:\/\/rckopen.com\/wp-content\/uploads\/2023\/08\/MEAI.jpg","contentUrl":"https:\/\/rckopen.com\/wp-content\/uploads\/2023\/08\/MEAI.jpg","width":600,"height":600,"caption":"MEAI online kopen"},{"@type":"BreadcrumbList","@id":"https:\/\/rckopen.com\/product\/meai\/#breadcrumb","itemListElement":[{"@type":"ListItem","position":1,"name":"Home","item":"https:\/\/rckopen.com\/"},{"@type":"ListItem","position":2,"name":"Shop","item":"https:\/\/rckopen.com\/shop\/"},{"@type":"ListItem","position":3,"name":"MEAI Online kopen"}]},{"@type":"WebSite","@id":"https:\/\/rckopen.com\/#website","url":"https:\/\/rckopen.com\/","name":"RC Kopen","description":"Research Chemicals","potentialAction":[{"@type":"SearchAction","target":{"@type":"EntryPoint","urlTemplate":"https:\/\/rckopen.com\/?s={search_term_string}"},"query-input":{"@type":"PropertyValueSpecification","valueRequired":true,"valueName":"search_term_string"}}],"inLanguage":"fr-FR"}]}},"_links":{"self":[{"href":"https:\/\/rckopen.com\/fr\/wp-json\/wp\/v2\/product\/6266","targetHints":{"allow":["GET"]}}],"collection":[{"href":"https:\/\/rckopen.com\/fr\/wp-json\/wp\/v2\/product"}],"about":[{"href":"https:\/\/rckopen.com\/fr\/wp-json\/wp\/v2\/types\/product"}],"replies":[{"embeddable":true,"href":"https:\/\/rckopen.com\/fr\/wp-json\/wp\/v2\/comments?post=6266"}],"wp:featuredmedia":[{"embeddable":true,"href":"https:\/\/rckopen.com\/fr\/wp-json\/wp\/v2\/media\/6280"}],"wp:attachment":[{"href":"https:\/\/rckopen.com\/fr\/wp-json\/wp\/v2\/media?parent=6266"}],"wp:term":[{"taxonomy":"product_brand","embeddable":true,"href":"https:\/\/rckopen.com\/fr\/wp-json\/wp\/v2\/product_brand?post=6266"},{"taxonomy":"product_cat","embeddable":true,"href":"https:\/\/rckopen.com\/fr\/wp-json\/wp\/v2\/product_cat?post=6266"},{"taxonomy":"product_tag","embeddable":true,"href":"https:\/\/rckopen.com\/fr\/wp-json\/wp\/v2\/product_tag?post=6266"}],"curies":[{"name":"wp","href":"https:\/\/api.w.org\/{rel}","templated":true}]}}