{"id":6267,"date":"2023-08-14T08:42:00","date_gmt":"2023-08-14T08:42:00","guid":{"rendered":"https:\/\/diligentplug.com\/chems\/?post_type=product&#038;p=6267"},"modified":"2026-03-03T07:00:40","modified_gmt":"2026-03-03T07:00:40","slug":"2-fma","status":"publish","type":"product","link":"https:\/\/rckopen.com\/fr\/produit\/2-fma\/","title":{"rendered":"2-FMA Acheter en ligne"},"content":{"rendered":"<h2 data-start=\"63\" data-end=\"131\"><strong data-start=\"63\" data-end=\"131\">2-FMA Online Kopen \u2013 Premium 2-Fluormethamfetamine voor Onderzoek<\/strong><\/h2>\n<h3 data-start=\"133\" data-end=\"617\"><strong data-start=\"133\" data-end=\"174\">Qu'est-ce que la 2-FMA (2-fluorom\u00e9thamph\u00e9tamine) ?<\/strong><\/h3>\n<p data-start=\"133\" data-end=\"617\"><a href=\"https:\/\/rckopen.com\/fr\/\">2-FMA,<\/a> La 2-fluorom\u00e9thamph\u00e9tamine (2-FMA) est un puissant produit chimique de recherche appartenant \u00e0 la famille des m\u00e9thamph\u00e9tamines substitu\u00e9es. Reconnue pour ses propri\u00e9t\u00e9s stimulantes, la 2-FMA est largement utilis\u00e9e dans les \u00e9tudes scientifiques en raison de son profil unique qui associe am\u00e9lioration des fonctions cognitives et \u00e9nergie concentr\u00e9e. Elle est pris\u00e9e des chercheurs et des passionn\u00e9s de chimie \u00e0 la recherche de compos\u00e9s fiables et constants.<\/p>\n<h3 data-start=\"619\" data-end=\"1025\"><strong data-start=\"619\" data-end=\"651\">Utilisation g\u00e9n\u00e9rale et effets<\/strong><\/h3>\n<p data-start=\"619\" data-end=\"1025\"><br data-start=\"651\" data-end=\"654\" \/>Le 2-FMA est fr\u00e9quemment utilis\u00e9 en laboratoire, dans des conditions contr\u00f4l\u00e9es, afin d'\u00e9tudier ses effets sur la neurochimie et la cognition. Les utilisateurs rapportent une vigilance accrue, une meilleure clart\u00e9 mentale et une motivation renforc\u00e9e, ce qui en fait un produit pr\u00e9cieux pour la recherche en pharmacologie des stimulants. Ses effets stimulants \u00e9quilibr\u00e9s font du 2-FMA une substance de choix pour la recherche exp\u00e9rimentale.<\/p>\n<h3 data-start=\"1027\" data-end=\"1555\"><strong data-start=\"1027\" data-end=\"1057\">Pourquoi acheter du 2-FMA en ligne ?<\/strong><\/h3>\n<p data-start=\"1027\" data-end=\"1555\"><br data-start=\"1057\" data-end=\"1060\" \/>Het <a href=\"https:\/\/en.wikipedia.org\/wiki\/2-Fluoromethamphetamine\"><strong>acheter 2-FMA en ligne<\/strong><\/a> L'achat en ligne offre une commodit\u00e9 et une accessibilit\u00e9 in\u00e9gal\u00e9es. De nombreux vendeurs proposent diff\u00e9rents dosages, notamment en poudre pure et en comprim\u00e9s. Acheter en ligne, c'est souvent b\u00e9n\u00e9ficier de prix comp\u00e9titifs, avec des remises sur les achats en gros pour les chercheurs. Que vous ayez besoin de petites quantit\u00e9s pour des tests ou de plus grandes quantit\u00e9s pour des recherches approfondies, acheter du 2-FMA en ligne vous garantit d'obtenir exactement ce qu'il vous faut.<\/p>\n<h3 data-start=\"1557\" data-end=\"2056\"><strong data-start=\"1557\" data-end=\"1588\">Statut juridique de la loi 2-FMA<\/strong><\/h3>\n<p data-start=\"1557\" data-end=\"2056\"><br data-start=\"1588\" data-end=\"1591\" \/>Le statut l\u00e9gal du 2-FMA varie selon les pays et peut \u00eatre complexe. Il est essentiel de se renseigner sur la r\u00e9glementation locale avant tout achat afin d'\u00e9viter tout probl\u00e8me juridique. Certains pays classent le 2-FMA comme substance contr\u00f4l\u00e9e, tandis que d'autres autorisent sa possession \u00e0 des fins de recherche. Comprendre la l\u00e9gislation en vigueur dans votre pays concernant les produits chimiques de recherche est indispensable pour un achat s\u00fbr et l\u00e9gal.<\/p>\n<h3 data-start=\"2058\" data-end=\"2552\"><strong data-start=\"2058\" data-end=\"2111\">Comment identifier les vendeurs en ligne dignes de confiance<\/strong><\/h3>\n<p data-start=\"2058\" data-end=\"2552\"><br data-start=\"2111\" data-end=\"2114\" \/>Lors de l'achat de 2-FMA en ligne, privil\u00e9giez les plateformes de confiance et les fournisseurs directs reconnus pour leur fiabilit\u00e9. Assurez-vous que les vendeurs fournissent des certificats d'analyse (COA) ou des rapports de laboratoire attestant de la puret\u00e9 du produit. Les avis clients et les t\u00e9moignages de la communaut\u00e9 constituent des ressources pr\u00e9cieuses pour identifier les vendeurs s\u00e9rieux et \u00e9viter les arnaques et les contrefa\u00e7ons.<\/p>\n<h3 data-start=\"2554\" data-end=\"2931\"><strong data-start=\"2554\" data-end=\"2605\">Conseils de s\u00e9curit\u00e9 pour l'achat de 2-FMA en ligne<\/strong><\/h3>\n<p data-start=\"2554\" data-end=\"2931\"><br data-start=\"2605\" data-end=\"2608\" \/>Pour prot\u00e9ger vos informations financi\u00e8res, privil\u00e9giez les m\u00e9thodes de paiement s\u00e9curis\u00e9es comme les cryptomonnaies et les cartes bancaires. Choisissez des vendeurs proposant un emballage discret et une livraison non s\u00e9curis\u00e9e afin de pr\u00e9server votre confidentialit\u00e9. Prot\u00e9gez toujours vos informations personnelles et soyez vigilant lorsque vous partagez des donn\u00e9es en ligne.<\/p>\n<h3 data-start=\"2933\" data-end=\"3309\"><strong data-start=\"2933\" data-end=\"2969\">Consid\u00e9rations relatives \u00e0 la posologie et \u00e0 l'utilisation<\/strong><\/h3>\n<p data-start=\"2933\" data-end=\"3309\"><br data-start=\"2969\" data-end=\"2972\" \/>N\u2019utilisez le 2-FMA qu\u2019\u00e0 des fins de recherche et respectez scrupuleusement les dosages recommand\u00e9s afin d\u2019en garantir la s\u00e9curit\u00e9 et l\u2019efficacit\u00e9. Commencez par une dose minimale et \u00e9vitez tout surdosage en suivant attentivement les instructions. Conservez le 2-FMA dans un endroit frais, sec et \u00e0 l\u2019abri de la lumi\u00e8re pour pr\u00e9server son efficacit\u00e9 et sa dur\u00e9e de conservation.<\/p>\n<h3 data-start=\"3311\" data-end=\"3683\"><strong data-start=\"3311\" data-end=\"3367\">Veelvoorkomende Bijwerkingen en Voorzorgsmaatregelen<\/strong><\/h3>\n<p data-start=\"3311\" data-end=\"3683\"><br data-start=\"3367\" data-end=\"3370\" \/>Bien que le 2-FMA soit principalement destin\u00e9 \u00e0 la recherche, il est important de prendre connaissance des risques potentiels, tels qu'une augmentation du rythme cardiaque, de l'anxi\u00e9t\u00e9 ou de la nervosit\u00e9, qui ont \u00e9t\u00e9 rapport\u00e9s de mani\u00e8re anecdotique. Interrompez l'utilisation en cas d'effets ind\u00e9sirables et consultez un professionnel de sant\u00e9 qualifi\u00e9 si n\u00e9cessaire. La s\u00e9curit\u00e9 est primordiale\u00a0: manipulez ce produit de mani\u00e8re responsable.<\/p>\n<h3 data-start=\"3685\" data-end=\"4132\"><strong data-start=\"3685\" data-end=\"3698\">Conclusion<\/strong><\/h3>\n<p data-start=\"3685\" data-end=\"4132\"><br data-start=\"3698\" data-end=\"3701\" \/>Vous recherchez du 2-FMA en ligne\u00a0? Notre plateforme propose des produits de haute qualit\u00e9, test\u00e9s en laboratoire. <strong>2-FMA \u00e0 vendre<\/strong> \u00e0 un prix avantageux, ce qui en fait le meilleur endroit pour <a href=\"https:\/\/rckopen.com\/fr\/produit\/2-fma\/\"><strong>2-FMA te kopen<\/strong><\/a> Pour vos besoins de recherche. Avec des vendeurs v\u00e9rifi\u00e9s, des options de paiement s\u00e9curis\u00e9es et une livraison discr\u00e8te, commandez en toute confiance et simplicit\u00e9. D\u00e9couvrez tout le potentiel de la 2-fluorom\u00e9thamph\u00e9tamine\u00a0: commandez votre 2-FMA en ligne d\u00e8s aujourd\u2019hui\u00a0!<\/p>","protected":false},"excerpt":{"rendered":"<p><strong>Nom IUPAC : <\/strong>2-fluoro-N-(x-dim\u00e9thyl-benz\u00e8ne-\u00e9th\u00e9namine)<\/p>\n<p><strong>CAS # <\/strong>1780004-19-4<\/p>\n<p><strong>Apparence : <\/strong>poudre<\/p>\n<p><strong>Analyse RMN : <\/strong>N\/A<\/p>","protected":false},"featured_media":6321,"comment_status":"open","ping_status":"closed","template":"","meta":{"_joinchat":[]},"product_brand":[],"product_cat":[127],"product_tag":[],"class_list":{"0":"post-6267","1":"product","2":"type-product","3":"status-publish","4":"has-post-thumbnail","6":"product_cat-amfetamine","8":"first","9":"instock","10":"shipping-taxable","11":"purchasable","12":"product-type-variable"},"yoast_head":"<!-- This site is optimized with the Yoast SEO plugin v26.3 - https:\/\/yoast.com\/wordpress\/plugins\/seo\/ -->\n<title>2-FMA online Kopen - 2-FMA online te koop<\/title>\n<meta name=\"description\" content=\"In onze RCKopen-winkel kunt u 2-fma tegen lage tarieven te koop krijgen. Wij werken alleen met A-kwaliteit producten. 2-fma nu online kopen in onze winkel.\" \/>\n<meta name=\"robots\" content=\"index, follow, max-snippet:-1, max-image-preview:large, max-video-preview:-1\" \/>\n<link rel=\"canonical\" href=\"https:\/\/rckopen.com\/fr\/produit\/2-fma\/\" \/>\n<meta property=\"og:locale\" content=\"fr_FR\" \/>\n<meta property=\"og:type\" content=\"article\" \/>\n<meta property=\"og:title\" content=\"2-FMA online Kopen - 2-FMA online te koop\" \/>\n<meta property=\"og:description\" content=\"In onze RCKopen-winkel kunt u 2-fma tegen lage tarieven te koop krijgen. Wij werken alleen met A-kwaliteit producten. 2-fma nu online kopen in onze winkel.\" \/>\n<meta property=\"og:url\" content=\"https:\/\/rckopen.com\/fr\/produit\/2-fma\/\" \/>\n<meta property=\"og:site_name\" content=\"RC Kopen\" \/>\n<meta property=\"article:modified_time\" content=\"2026-03-03T07:00:40+00:00\" \/>\n<meta property=\"og:image\" content=\"https:\/\/rckopen.com\/wp-content\/uploads\/2023\/08\/2-FMA.jpg\" \/>\n\t<meta property=\"og:image:width\" content=\"600\" \/>\n\t<meta property=\"og:image:height\" content=\"600\" \/>\n\t<meta property=\"og:image:type\" content=\"image\/jpeg\" \/>\n<meta name=\"twitter:card\" content=\"summary_large_image\" \/>\n<meta name=\"twitter:label1\" content=\"Dur\u00e9e de lecture estim\u00e9e\" \/>\n\t<meta name=\"twitter:data1\" content=\"3 minutes\" \/>\n<script type=\"application\/ld+json\" class=\"yoast-schema-graph\">{\"@context\":\"https:\/\/schema.org\",\"@graph\":[{\"@type\":\"WebPage\",\"@id\":\"https:\/\/rckopen.com\/product\/2-fma\/\",\"url\":\"https:\/\/rckopen.com\/product\/2-fma\/\",\"name\":\"2-FMA online Kopen - 2-FMA online te koop\",\"isPartOf\":{\"@id\":\"https:\/\/rckopen.com\/#website\"},\"primaryImageOfPage\":{\"@id\":\"https:\/\/rckopen.com\/product\/2-fma\/#primaryimage\"},\"image\":{\"@id\":\"https:\/\/rckopen.com\/product\/2-fma\/#primaryimage\"},\"thumbnailUrl\":\"https:\/\/rckopen.com\/wp-content\/uploads\/2023\/08\/2-FMA.jpg\",\"datePublished\":\"2023-08-14T08:42:00+00:00\",\"dateModified\":\"2026-03-03T07:00:40+00:00\",\"description\":\"In onze RCKopen-winkel kunt u 2-fma tegen lage tarieven te koop krijgen. Wij werken alleen met A-kwaliteit producten. 2-fma nu online kopen in onze winkel.\",\"breadcrumb\":{\"@id\":\"https:\/\/rckopen.com\/product\/2-fma\/#breadcrumb\"},\"inLanguage\":\"fr-FR\",\"potentialAction\":[{\"@type\":\"ReadAction\",\"target\":[\"https:\/\/rckopen.com\/product\/2-fma\/\"]}]},{\"@type\":\"ImageObject\",\"inLanguage\":\"fr-FR\",\"@id\":\"https:\/\/rckopen.com\/product\/2-fma\/#primaryimage\",\"url\":\"https:\/\/rckopen.com\/wp-content\/uploads\/2023\/08\/2-FMA.jpg\",\"contentUrl\":\"https:\/\/rckopen.com\/wp-content\/uploads\/2023\/08\/2-FMA.jpg\",\"width\":600,\"height\":600,\"caption\":\"2-FMA online kopen\"},{\"@type\":\"BreadcrumbList\",\"@id\":\"https:\/\/rckopen.com\/product\/2-fma\/#breadcrumb\",\"itemListElement\":[{\"@type\":\"ListItem\",\"position\":1,\"name\":\"Home\",\"item\":\"https:\/\/rckopen.com\/\"},{\"@type\":\"ListItem\",\"position\":2,\"name\":\"Shop\",\"item\":\"https:\/\/rckopen.com\/shop\/\"},{\"@type\":\"ListItem\",\"position\":3,\"name\":\"2-FMA Online Kopen\"}]},{\"@type\":\"WebSite\",\"@id\":\"https:\/\/rckopen.com\/#website\",\"url\":\"https:\/\/rckopen.com\/\",\"name\":\"RC Kopen\",\"description\":\"Research Chemicals\",\"potentialAction\":[{\"@type\":\"SearchAction\",\"target\":{\"@type\":\"EntryPoint\",\"urlTemplate\":\"https:\/\/rckopen.com\/?s={search_term_string}\"},\"query-input\":{\"@type\":\"PropertyValueSpecification\",\"valueRequired\":true,\"valueName\":\"search_term_string\"}}],\"inLanguage\":\"fr-FR\"}]}<\/script>\n<!-- \/ Yoast SEO plugin. -->","yoast_head_json":{"title":"2-FMA online Kopen - 2-FMA online te koop","description":"In onze RCKopen-winkel kunt u 2-fma tegen lage tarieven te koop krijgen. Wij werken alleen met A-kwaliteit producten. 2-fma nu online kopen in onze winkel.","robots":{"index":"index","follow":"follow","max-snippet":"max-snippet:-1","max-image-preview":"max-image-preview:large","max-video-preview":"max-video-preview:-1"},"canonical":"https:\/\/rckopen.com\/fr\/produit\/2-fma\/","og_locale":"fr_FR","og_type":"article","og_title":"2-FMA online Kopen - 2-FMA online te koop","og_description":"In onze RCKopen-winkel kunt u 2-fma tegen lage tarieven te koop krijgen. Wij werken alleen met A-kwaliteit producten. 2-fma nu online kopen in onze winkel.","og_url":"https:\/\/rckopen.com\/fr\/produit\/2-fma\/","og_site_name":"RC Kopen","article_modified_time":"2026-03-03T07:00:40+00:00","og_image":[{"width":600,"height":600,"url":"https:\/\/rckopen.com\/wp-content\/uploads\/2023\/08\/2-FMA.jpg","type":"image\/jpeg"}],"twitter_card":"summary_large_image","twitter_misc":{"Dur\u00e9e de lecture estim\u00e9e":"3 minutes"},"schema":{"@context":"https:\/\/schema.org","@graph":[{"@type":"WebPage","@id":"https:\/\/rckopen.com\/product\/2-fma\/","url":"https:\/\/rckopen.com\/product\/2-fma\/","name":"2-FMA online Kopen - 2-FMA online te koop","isPartOf":{"@id":"https:\/\/rckopen.com\/#website"},"primaryImageOfPage":{"@id":"https:\/\/rckopen.com\/product\/2-fma\/#primaryimage"},"image":{"@id":"https:\/\/rckopen.com\/product\/2-fma\/#primaryimage"},"thumbnailUrl":"https:\/\/rckopen.com\/wp-content\/uploads\/2023\/08\/2-FMA.jpg","datePublished":"2023-08-14T08:42:00+00:00","dateModified":"2026-03-03T07:00:40+00:00","description":"In onze RCKopen-winkel kunt u 2-fma tegen lage tarieven te koop krijgen. Wij werken alleen met A-kwaliteit producten. 2-fma nu online kopen in onze winkel.","breadcrumb":{"@id":"https:\/\/rckopen.com\/product\/2-fma\/#breadcrumb"},"inLanguage":"fr-FR","potentialAction":[{"@type":"ReadAction","target":["https:\/\/rckopen.com\/product\/2-fma\/"]}]},{"@type":"ImageObject","inLanguage":"fr-FR","@id":"https:\/\/rckopen.com\/product\/2-fma\/#primaryimage","url":"https:\/\/rckopen.com\/wp-content\/uploads\/2023\/08\/2-FMA.jpg","contentUrl":"https:\/\/rckopen.com\/wp-content\/uploads\/2023\/08\/2-FMA.jpg","width":600,"height":600,"caption":"2-FMA online kopen"},{"@type":"BreadcrumbList","@id":"https:\/\/rckopen.com\/product\/2-fma\/#breadcrumb","itemListElement":[{"@type":"ListItem","position":1,"name":"Home","item":"https:\/\/rckopen.com\/"},{"@type":"ListItem","position":2,"name":"Shop","item":"https:\/\/rckopen.com\/shop\/"},{"@type":"ListItem","position":3,"name":"2-FMA Online Kopen"}]},{"@type":"WebSite","@id":"https:\/\/rckopen.com\/#website","url":"https:\/\/rckopen.com\/","name":"RC Kopen","description":"Research Chemicals","potentialAction":[{"@type":"SearchAction","target":{"@type":"EntryPoint","urlTemplate":"https:\/\/rckopen.com\/?s={search_term_string}"},"query-input":{"@type":"PropertyValueSpecification","valueRequired":true,"valueName":"search_term_string"}}],"inLanguage":"fr-FR"}]}},"_links":{"self":[{"href":"https:\/\/rckopen.com\/fr\/wp-json\/wp\/v2\/product\/6267","targetHints":{"allow":["GET"]}}],"collection":[{"href":"https:\/\/rckopen.com\/fr\/wp-json\/wp\/v2\/product"}],"about":[{"href":"https:\/\/rckopen.com\/fr\/wp-json\/wp\/v2\/types\/product"}],"replies":[{"embeddable":true,"href":"https:\/\/rckopen.com\/fr\/wp-json\/wp\/v2\/comments?post=6267"}],"wp:featuredmedia":[{"embeddable":true,"href":"https:\/\/rckopen.com\/fr\/wp-json\/wp\/v2\/media\/6321"}],"wp:attachment":[{"href":"https:\/\/rckopen.com\/fr\/wp-json\/wp\/v2\/media?parent=6267"}],"wp:term":[{"taxonomy":"product_brand","embeddable":true,"href":"https:\/\/rckopen.com\/fr\/wp-json\/wp\/v2\/product_brand?post=6267"},{"taxonomy":"product_cat","embeddable":true,"href":"https:\/\/rckopen.com\/fr\/wp-json\/wp\/v2\/product_cat?post=6267"},{"taxonomy":"product_tag","embeddable":true,"href":"https:\/\/rckopen.com\/fr\/wp-json\/wp\/v2\/product_tag?post=6267"}],"curies":[{"name":"wp","href":"https:\/\/api.w.org\/{rel}","templated":true}]}}