{"id":6268,"date":"2023-08-14T08:42:07","date_gmt":"2023-08-14T08:42:07","guid":{"rendered":"https:\/\/diligentplug.com\/chems\/?post_type=product&#038;p=6268"},"modified":"2025-01-11T08:44:02","modified_gmt":"2025-01-11T08:44:02","slug":"4-fma","status":"publish","type":"product","link":"https:\/\/rckopen.com\/fr\/produit\/4-fma\/","title":{"rendered":"4-FMA"},"content":{"rendered":"<h2>Informations g\u00e9n\u00e9rales 4-FMA<\/h2>\n<p><a href=\"https:\/\/rckopen.com\/fr\/produit\/4-fma\/\">Acheter 4-FMA en ligne<\/a>Acheter 4-FMA en ligne, La 4-Fluorom\u00e9thamph\u00e9tamine (4-FMA) est un nouvel entactog\u00e8ne stimulant moins populaire de la classe des amph\u00e9tamines. La 4-FMA est artificiellement li\u00e9e \u00e0 la 4-FA et \u00e0 la m\u00e9thamph\u00e9tamine. On sait peu de choses sur sa pharmacologie. Cependant, elle produit probablement ses effets en augmentant les niveaux de dopamine, de noradr\u00e9naline et de s\u00e9rotonine dans l'esprit.<\/p>\n<h3>La composition chimique du 4-FMA<\/h3>\n<p>Le produit chimique de recherche 4-FMA, 4-Fluorom\u00e9thamph\u00e9tamine, est un nouveau stimulant et compos\u00e9 entactog\u00e8ne. Ces mol\u00e9cules contiennent un noyau de ph\u00e9n\u00e9thylamine reli\u00e9 \u00e0 un anneau ph\u00e9nyle au niveau de l'amino (NH-2) li\u00e9 \u00e0 R par une cha\u00eene contenant une substitution \u00e9thyl-extra-m\u00e9thyle.<\/p>\n<p>La forme contient l'atome de fluor dans R-4 de son anneau ph\u00e9nyle de l'alpha-m\u00e9thylph\u00e9n\u00e9thylamine. La 4-fluorom\u00e9thamph\u00e9tamine est donc un analogue fluor\u00e9 de la m\u00e9thamph\u00e9tamine.<\/p>\n<h3>Pharmacologie de la 4-FMA<\/h3>\n<p><a href=\"https:\/\/en.wikipedia.org\/wiki\/4-Fluoromethamphetamine\">4-FMA<\/a> La 4-FMA est apparent\u00e9e \u00e0 la 4-FA et \u00e0 la m\u00e9thamph\u00e9tamine. La 4-FMA lib\u00e8re une substance semblable \u00e0 la dopamine. Elle augmente les fonctions c\u00e9r\u00e9brales \u00e0 un niveau plus \u00e9lev\u00e9, ce qui conduit \u00e0 des r\u00e9sultats rafra\u00eechissants et excitants. Les effets connus comprennent une productivit\u00e9 \u00e9lev\u00e9e et une concentration am\u00e9lior\u00e9e, comme avec la 4-FA.<\/p>\n<p>L'impact de ces substances chimiques issues de la recherche peut conduire \u00e0 une plus grande appr\u00e9ciation de la musique et procurer un sentiment de connexion. Elle produit ses effets en augmentant les niveaux de dopamine, de noradr\u00e9naline et de s\u00e9rotonine dans le cerveau, mais on sait peu de choses sur elle en pharmacologie.<\/p>\n<p>Acheter de la 4-FMA en ligne a \u00e9t\u00e9 d\u00e9couvert pour la premi\u00e8re fois au Japon en 2006 pour \u00e9tudier la 2-fluoroamph\u00e9tamine (2-FA), la 3-fluoroamph\u00e9tamine (3-FA) et la 4-fluoroamph\u00e9tamine (4-FA).<\/p>\n<p>Les r\u00e9sultats du 4-FMA sont d\u00e9crits comme se situant subjectivement entre le 4-FA et le 4-FMP et sont similaires \u00e0 ceux d'autres amph\u00e9tamines contenant des amph\u00e9tamines, comme le XTC.<\/p>\n<h3>Acheter des 4-FMA de haute qualit\u00e9<\/h3>\n<p><a href=\"https:\/\/rckopen.com\/fr\/\">Rckopen.com<\/a> RC Kopen dispose d'une longue exp\u00e9rience dans le domaine de la recherche et de la conception de produits chimiques, ce qui nous permet de garantir la puret\u00e9 de nos produits. Sur ce site, vous trouverez d\u00e9sormais la poudre de 4-FMA dans notre gamme. Les produits chimiques de recherche, y compris le 4-FMA, sont soigneusement transport\u00e9s, stock\u00e9s et entrepos\u00e9s dans des conditions excellentes et s\u00e8ches.<\/p>\n<p>Conservez ce produit dans de bonnes conditions de stockage afin de maintenir une qualit\u00e9 constante. Le maintien d'une qualit\u00e9 constante est essentiel pour la qualit\u00e9 de votre produit. Il peut provoquer une irritation des voies respiratoires.<\/p>\n<p>Tous les produits chimiques de recherche sont r\u00e9guli\u00e8rement test\u00e9s pour en v\u00e9rifier la qualit\u00e9, la puret\u00e9 et la s\u00e9curit\u00e9. Achetez-les maintenant \u00e0 un prix raisonnable.<\/p>\n<p>Si vous aimez la poudre et que vous voulez des choses \u00e9tonnantes, vous pouvez acheter des produits chimiques de recherche \u00e0 des prix raisonnables sur notre site web. Si vous aimez les choses \u00e9tonnantes, vous pouvez acheter des produits chimiques de recherche \u00e0 des prix raisonnables sur notre site Web. Vous pouvez acheter des produits chimiques de recherche \u00e0 des prix abordables en visitant notre site Web. Vous pouvez facilement acheter des produits chimiques de recherche en ligne \u00e0 des prix raisonnables.<\/p>\n<p>Votre produit sera intelligemment emball\u00e9 et exp\u00e9di\u00e9 gratuitement. Achetez votre produit \u00e0 des fins de recherche uniquement. Vous avez la garantie d'un bon service lorsque vous commandez chez nous. Nous garantissons un service de qualit\u00e9.<\/p>\n<p>Tous les produits, y compris les produits chimiques de recherche 4-FAM ou 4-FA, ont un prix \u00e9quitable.<\/p>\n<h3>Le 4-FMA a \u00e9t\u00e9 test\u00e9 en laboratoire et a donn\u00e9 des r\u00e9sultats.<\/h3>\n<p>RC Kopen progresse vers la satisfaction globale de ses clients. Plusieurs enqu\u00eates ont montr\u00e9 que les clients demandent autant de donn\u00e9es que pr\u00e9vu avant d'acheter des produits chimiques de recherche synth\u00e9tiques. En outre, nous publions toutes les cons\u00e9quences en laboratoire de chaque produit chimique de recherche dans un document PDF.<\/p>\n<p>Notre 4-FMA respecte syst\u00e9matiquement les ingr\u00e9dients actifs et est clairement visible par tous.<\/p>\n<p>Nous distribuons toutes les cons\u00e9quences de laboratoire de chaque produit chimique de recherche sur un document PDF.<\/p>\n<h3>Commande s\u00e9curis\u00e9e \u00e0 4-FMA.<\/h3>\n<p>Les produits chimiques de recherche de RC Kopen sont d'excellente qualit\u00e9 et \u00e0 un prix raisonnable. C'est pourquoi nous vous garantissons que lorsque vous demandez vos produits chimiques de recherche \u00e0 RC Kopen, nous livrons votre demande \u00e0 votre domicile rapidement et en toute s\u00e9curit\u00e9, car les ventes de produits chimiques de recherche sont toujours disponibles sur RC Kopen.<\/p>\n<p>Chez RC Kopen, il est facile de demander des compos\u00e9s de recherche synth\u00e9tiques avec des bitcoins ou des virements bancaires.<\/p>\n<p>Nous exp\u00e9dions la poudre pour les produits chimiques de recherche le m\u00eame jour ouvrable si le paiement est re\u00e7u avant 15:00 CEST.<\/p>\n<p>Nous ne livrons pas d'articles \u00e0 des personnes \u00e2g\u00e9es de moins de 18 ans<a href=\"https:\/\/rckopen.com\/fr\/produit\/2-fma\/\">!<\/a><\/p>\n<p>La vente de produits chimiques de recherche est r\u00e9serv\u00e9e \u00e0 des fins de recherche.<\/p>\n<h3>Exp\u00e9dition discr\u00e8te de produits chimiques destin\u00e9s \u00e0 la recherche<a href=\"https:\/\/en.wikipedia.org\/wiki\/4-Fluoromethamphetamine\">.<\/a><\/h3>\n<p>RC Buy emballera votre commande de mani\u00e8re s\u00fbre et s\u00e9curis\u00e9e afin d'assurer un transport ad\u00e9quat. De plus, nous emballons de mani\u00e8re parfaitement discr\u00e8te, et rien n'est montr\u00e9 \u00e0 l'ext\u00e9rieur de ce qui pourrait se trouver \u00e0 l'int\u00e9rieurvBuy 4-FMA online.<\/p>","protected":false},"excerpt":{"rendered":"<p><strong>Nom IUPAC : <\/strong>Nom 1-(4-Fluoroph\u00e9nyl)-N-m\u00e9thylpropan-2-amine<\/p>\n<p><strong>CAS # <\/strong>52063-62-4<\/p>\n<p><strong>Autre nom : <\/strong>4-Fluorom\u00e9thamph\u00e9tamine<\/p>\n<p><strong>Apparence : <\/strong>poudre<\/p>\n<p><strong>Forme : <\/strong>HCL<\/p>\n<p><strong>Analyse RMN : <\/strong>C10H14FN - HCl<\/p>","protected":false},"featured_media":6322,"comment_status":"open","ping_status":"closed","template":"","meta":{"_joinchat":[]},"product_brand":[],"product_cat":[127],"product_tag":[],"class_list":{"0":"post-6268","1":"product","2":"type-product","3":"status-publish","4":"has-post-thumbnail","6":"product_cat-amfetamine","8":"first","9":"instock","10":"shipping-taxable","11":"purchasable","12":"product-type-variable"},"yoast_head":"<!-- This site is optimized with the Yoast SEO plugin v26.3 - https:\/\/yoast.com\/wordpress\/plugins\/seo\/ -->\n<title>Koop 4-FMA online - 4-FMA te kopen - Bestel 4-FMA<\/title>\n<meta name=\"description\" content=\"Koop 4-FMA online, dan zijn wij de juiste keuze voor jou. Onze medewerkers zullen je helpen 4-FMA online te kopen tegen goedkope tarieven.\" \/>\n<meta name=\"robots\" content=\"index, follow, max-snippet:-1, max-image-preview:large, max-video-preview:-1\" \/>\n<link rel=\"canonical\" href=\"https:\/\/rckopen.com\/fr\/produit\/4-fma\/\" \/>\n<meta property=\"og:locale\" content=\"fr_FR\" \/>\n<meta property=\"og:type\" content=\"article\" \/>\n<meta property=\"og:title\" content=\"Koop 4-FMA online - 4-FMA te kopen - Bestel 4-FMA\" \/>\n<meta property=\"og:description\" content=\"Koop 4-FMA online, dan zijn wij de juiste keuze voor jou. Onze medewerkers zullen je helpen 4-FMA online te kopen tegen goedkope tarieven.\" \/>\n<meta property=\"og:url\" content=\"https:\/\/rckopen.com\/fr\/produit\/4-fma\/\" \/>\n<meta property=\"og:site_name\" content=\"RC Kopen\" \/>\n<meta property=\"article:modified_time\" content=\"2025-01-11T08:44:02+00:00\" \/>\n<meta property=\"og:image\" content=\"https:\/\/rckopen.com\/wp-content\/uploads\/2023\/08\/4-FMA.jpg\" \/>\n\t<meta property=\"og:image:width\" content=\"600\" \/>\n\t<meta property=\"og:image:height\" content=\"600\" \/>\n\t<meta property=\"og:image:type\" content=\"image\/jpeg\" \/>\n<meta name=\"twitter:card\" content=\"summary_large_image\" \/>\n<meta name=\"twitter:label1\" content=\"Dur\u00e9e de lecture estim\u00e9e\" \/>\n\t<meta name=\"twitter:data1\" content=\"4 minutes\" \/>\n<script type=\"application\/ld+json\" class=\"yoast-schema-graph\">{\"@context\":\"https:\/\/schema.org\",\"@graph\":[{\"@type\":\"WebPage\",\"@id\":\"https:\/\/rckopen.com\/product\/4-fma\/\",\"url\":\"https:\/\/rckopen.com\/product\/4-fma\/\",\"name\":\"Koop 4-FMA online - 4-FMA te kopen - Bestel 4-FMA\",\"isPartOf\":{\"@id\":\"https:\/\/rckopen.com\/#website\"},\"primaryImageOfPage\":{\"@id\":\"https:\/\/rckopen.com\/product\/4-fma\/#primaryimage\"},\"image\":{\"@id\":\"https:\/\/rckopen.com\/product\/4-fma\/#primaryimage\"},\"thumbnailUrl\":\"https:\/\/rckopen.com\/wp-content\/uploads\/2023\/08\/4-FMA.jpg\",\"datePublished\":\"2023-08-14T08:42:07+00:00\",\"dateModified\":\"2025-01-11T08:44:02+00:00\",\"description\":\"Koop 4-FMA online, dan zijn wij de juiste keuze voor jou. Onze medewerkers zullen je helpen 4-FMA online te kopen tegen goedkope tarieven.\",\"breadcrumb\":{\"@id\":\"https:\/\/rckopen.com\/product\/4-fma\/#breadcrumb\"},\"inLanguage\":\"fr-FR\",\"potentialAction\":[{\"@type\":\"ReadAction\",\"target\":[\"https:\/\/rckopen.com\/product\/4-fma\/\"]}]},{\"@type\":\"ImageObject\",\"inLanguage\":\"fr-FR\",\"@id\":\"https:\/\/rckopen.com\/product\/4-fma\/#primaryimage\",\"url\":\"https:\/\/rckopen.com\/wp-content\/uploads\/2023\/08\/4-FMA.jpg\",\"contentUrl\":\"https:\/\/rckopen.com\/wp-content\/uploads\/2023\/08\/4-FMA.jpg\",\"width\":600,\"height\":600,\"caption\":\"Koop 4-FMA online\"},{\"@type\":\"BreadcrumbList\",\"@id\":\"https:\/\/rckopen.com\/product\/4-fma\/#breadcrumb\",\"itemListElement\":[{\"@type\":\"ListItem\",\"position\":1,\"name\":\"Home\",\"item\":\"https:\/\/rckopen.com\/\"},{\"@type\":\"ListItem\",\"position\":2,\"name\":\"Shop\",\"item\":\"https:\/\/rckopen.com\/shop\/\"},{\"@type\":\"ListItem\",\"position\":3,\"name\":\"4-FMA\"}]},{\"@type\":\"WebSite\",\"@id\":\"https:\/\/rckopen.com\/#website\",\"url\":\"https:\/\/rckopen.com\/\",\"name\":\"RC Kopen\",\"description\":\"Research Chemicals\",\"potentialAction\":[{\"@type\":\"SearchAction\",\"target\":{\"@type\":\"EntryPoint\",\"urlTemplate\":\"https:\/\/rckopen.com\/?s={search_term_string}\"},\"query-input\":{\"@type\":\"PropertyValueSpecification\",\"valueRequired\":true,\"valueName\":\"search_term_string\"}}],\"inLanguage\":\"fr-FR\"}]}<\/script>\n<!-- \/ Yoast SEO plugin. -->","yoast_head_json":{"title":"Koop 4-FMA online - 4-FMA te kopen - Bestel 4-FMA","description":"Koop 4-FMA online, dan zijn wij de juiste keuze voor jou. Onze medewerkers zullen je helpen 4-FMA online te kopen tegen goedkope tarieven.","robots":{"index":"index","follow":"follow","max-snippet":"max-snippet:-1","max-image-preview":"max-image-preview:large","max-video-preview":"max-video-preview:-1"},"canonical":"https:\/\/rckopen.com\/fr\/produit\/4-fma\/","og_locale":"fr_FR","og_type":"article","og_title":"Koop 4-FMA online - 4-FMA te kopen - Bestel 4-FMA","og_description":"Koop 4-FMA online, dan zijn wij de juiste keuze voor jou. Onze medewerkers zullen je helpen 4-FMA online te kopen tegen goedkope tarieven.","og_url":"https:\/\/rckopen.com\/fr\/produit\/4-fma\/","og_site_name":"RC Kopen","article_modified_time":"2025-01-11T08:44:02+00:00","og_image":[{"width":600,"height":600,"url":"https:\/\/rckopen.com\/wp-content\/uploads\/2023\/08\/4-FMA.jpg","type":"image\/jpeg"}],"twitter_card":"summary_large_image","twitter_misc":{"Dur\u00e9e de lecture estim\u00e9e":"4 minutes"},"schema":{"@context":"https:\/\/schema.org","@graph":[{"@type":"WebPage","@id":"https:\/\/rckopen.com\/product\/4-fma\/","url":"https:\/\/rckopen.com\/product\/4-fma\/","name":"Koop 4-FMA online - 4-FMA te kopen - Bestel 4-FMA","isPartOf":{"@id":"https:\/\/rckopen.com\/#website"},"primaryImageOfPage":{"@id":"https:\/\/rckopen.com\/product\/4-fma\/#primaryimage"},"image":{"@id":"https:\/\/rckopen.com\/product\/4-fma\/#primaryimage"},"thumbnailUrl":"https:\/\/rckopen.com\/wp-content\/uploads\/2023\/08\/4-FMA.jpg","datePublished":"2023-08-14T08:42:07+00:00","dateModified":"2025-01-11T08:44:02+00:00","description":"Koop 4-FMA online, dan zijn wij de juiste keuze voor jou. Onze medewerkers zullen je helpen 4-FMA online te kopen tegen goedkope tarieven.","breadcrumb":{"@id":"https:\/\/rckopen.com\/product\/4-fma\/#breadcrumb"},"inLanguage":"fr-FR","potentialAction":[{"@type":"ReadAction","target":["https:\/\/rckopen.com\/product\/4-fma\/"]}]},{"@type":"ImageObject","inLanguage":"fr-FR","@id":"https:\/\/rckopen.com\/product\/4-fma\/#primaryimage","url":"https:\/\/rckopen.com\/wp-content\/uploads\/2023\/08\/4-FMA.jpg","contentUrl":"https:\/\/rckopen.com\/wp-content\/uploads\/2023\/08\/4-FMA.jpg","width":600,"height":600,"caption":"Koop 4-FMA online"},{"@type":"BreadcrumbList","@id":"https:\/\/rckopen.com\/product\/4-fma\/#breadcrumb","itemListElement":[{"@type":"ListItem","position":1,"name":"Home","item":"https:\/\/rckopen.com\/"},{"@type":"ListItem","position":2,"name":"Shop","item":"https:\/\/rckopen.com\/shop\/"},{"@type":"ListItem","position":3,"name":"4-FMA"}]},{"@type":"WebSite","@id":"https:\/\/rckopen.com\/#website","url":"https:\/\/rckopen.com\/","name":"RC Kopen","description":"Research Chemicals","potentialAction":[{"@type":"SearchAction","target":{"@type":"EntryPoint","urlTemplate":"https:\/\/rckopen.com\/?s={search_term_string}"},"query-input":{"@type":"PropertyValueSpecification","valueRequired":true,"valueName":"search_term_string"}}],"inLanguage":"fr-FR"}]}},"_links":{"self":[{"href":"https:\/\/rckopen.com\/fr\/wp-json\/wp\/v2\/product\/6268","targetHints":{"allow":["GET"]}}],"collection":[{"href":"https:\/\/rckopen.com\/fr\/wp-json\/wp\/v2\/product"}],"about":[{"href":"https:\/\/rckopen.com\/fr\/wp-json\/wp\/v2\/types\/product"}],"replies":[{"embeddable":true,"href":"https:\/\/rckopen.com\/fr\/wp-json\/wp\/v2\/comments?post=6268"}],"wp:featuredmedia":[{"embeddable":true,"href":"https:\/\/rckopen.com\/fr\/wp-json\/wp\/v2\/media\/6322"}],"wp:attachment":[{"href":"https:\/\/rckopen.com\/fr\/wp-json\/wp\/v2\/media?parent=6268"}],"wp:term":[{"taxonomy":"product_brand","embeddable":true,"href":"https:\/\/rckopen.com\/fr\/wp-json\/wp\/v2\/product_brand?post=6268"},{"taxonomy":"product_cat","embeddable":true,"href":"https:\/\/rckopen.com\/fr\/wp-json\/wp\/v2\/product_cat?post=6268"},{"taxonomy":"product_tag","embeddable":true,"href":"https:\/\/rckopen.com\/fr\/wp-json\/wp\/v2\/product_tag?post=6268"}],"curies":[{"name":"wp","href":"https:\/\/api.w.org\/{rel}","templated":true}]}}