{"id":6269,"date":"2023-08-14T08:42:16","date_gmt":"2023-08-14T08:42:16","guid":{"rendered":"https:\/\/diligentplug.com\/chems\/?post_type=product&#038;p=6269"},"modified":"2025-01-31T05:15:11","modified_gmt":"2025-01-31T05:15:11","slug":"4-fea","status":"publish","type":"product","link":"https:\/\/rckopen.com\/fr\/produit\/4-fea\/","title":{"rendered":"Acheter 4-FEA en ligne"},"content":{"rendered":"<h2>Acheter 4-FEA en ligne<\/h2>\n<p><a href=\"https:\/\/rckopen.com\/fr\/produit\/4-fea\/\">4-FEA kopen<\/a>, Bij <a href=\"https:\/\/rckopen.com\/fr\/\">Rckopen.com<\/a> pouvez-vous acheter du 4-FMA fiable \u00e0 des fins de recherche. Le 4-FMA appartient au sous-groupe des amph\u00e9tamines et a des effets similaires \u00e0 ceux de la MDMA, notamment l\u2019euphorie, l\u2019\u00e9nergie et une empathie accrue. Le dosage du 4-FMA affecte l'intensit\u00e9 de l'\u00e9tude, et il est conseill\u00e9 de l'acheter aupr\u00e8s d'un vendeur r\u00e9put\u00e9 tel que Funcaps pour garantir la qualit\u00e9 et l'origine. Veuillez noter que le 4-FMA n'est pas destin\u00e9 \u00e0 la consommation humaine et doit \u00eatre manipul\u00e9 et stock\u00e9 en toute s\u00e9curit\u00e9.<\/p>\n<h1><strong>4 FMA<\/strong><\/h1>\n<p><a href=\"https:\/\/en.wikipedia.org\/wiki\/4-Fluoromethamphetamine\">4-FMA<\/a>, dont le nom scientifique est 4-fluorom\u00e9thamph\u00e9tamine, est un sous-type d'amph\u00e9tamine. La premi\u00e8re vente officielle de 4 FMA a eu lieu en 2006 au Japon. Ce produit chimique de recherche, comme les produits chimiques de recherche tr\u00e8s populaires 2-FA et 3-FA, est devenu de plus en plus populaire aux Pays-Bas au fil des ans. Cette popularit\u00e9, qui a augment\u00e9 aux Pays-Bas depuis 2007, est \u00e9galement due aux effets \u00e9tudi\u00e9s. Si vous souhaitez acheter 4 FMA \u00e0 des fins de recherche, nous vous recommandons de le faire aupr\u00e8s d'un tiers fiable tel que Funcaps. La raison en est que nous garantissons \u00e0 la fois la qualit\u00e9 et l\u2019origine du mat\u00e9riel de recherche achet\u00e9. De plus, l'effet FMA order4 peut avoir des r\u00e9sultats diff\u00e9rents dans votre recherche lorsque vous l'achetez aupr\u00e8s d'un vendeur peu fiable, alors vous ne savez pas ce qu'il contient.<\/p>\n<div data-content-type=\"row\" data-appearance=\"contained\" data-element=\"main\">\n<div data-enable-parallax=\"0\" data-parallax-speed=\"0.5\" data-background-images=\"{}\" data-background-type=\"image\" data-video-loop=\"true\" data-video-play-only-visible=\"true\" data-video-lazy-load=\"true\" data-video-fallback-src=\"\" data-element=\"inner\" data-pb-style=\"SM2UFQT\">\n<div data-content-type=\"text\" data-appearance=\"default\" data-element=\"main\">\n<h2>FONCTIONNEMENT EN 4-FMA<\/h2>\n<p>Des recherches ont \u00e9t\u00e9 men\u00e9es sur les effets de la 4-Fluorom\u00e9thamph\u00e9tamine. Les effets de la 4 FMA varient d'une \u00e9tude \u00e0 l'autre, aucune \u00e9tude n'\u00e9tant identique, bien entendu. L'exp\u00e9rience mesur\u00e9e de la 4 FMA peut donc varier d'une \u00e9tude \u00e0 l'autre, mais le fil conducteur est le suivant : la 4 FMA aurait un effet similaire \u00e0 celui de la MDMA en augmentant les exp\u00e9riences euphoriques. On dit aussi qu'il donne plus d'\u00e9nergie. L'augmentation des sentiments de bonheur et de chaleur, \u00e9galement appel\u00e9e \"sensation de c\u00e2lin\", va de pair avec l'augmentation de l'empathie ressentie. Elle accro\u00eet \u00e9galement le sentiment d'appartenance et le besoin de s'ouvrir aux autres de mani\u00e8re verbale. Ces r\u00e9sultats sont conformes \u00e0 ceux d'autres produits chimiques test\u00e9s dans un environnement contr\u00f4l\u00e9. Ce n'est pas la recherche que vous recherchez ? Dans ce cas, consultez nos autres produits chimiques de recherche populaires, tels que les cathinones !<\/p>\n<p>Veuillez noter que toutes les informations sur ces produits chimiques de recherche et les produits chimiques de recherche eux-m\u00eames sont uniquement destin\u00e9s \u00e0 des fins \u00e9ducatives et de recherche. Ces produits ne sont pas des suppl\u00e9ments et ne conviennent pas \u00e0 la consommation humaine.<\/p>\n<p>En outre, comme il s'agit d'une amph\u00e9tamine, l'exp\u00e9rience du 4-FMA peut provoquer des grincements de dents et couper l'app\u00e9tit. La recherche montre \u00e9galement que l'effet de surchauffe est moins important qu'avec d'autres amph\u00e9tamines connues. Ce qui est s\u00fbr, c'est que, comme pour XTC par exemple, le dosage de 4-FMA joue directement sur l'intensit\u00e9 de l'\"absorption\" de la musique par le corps, par exemple. Enfin, l'\u00e9tude note que l'effet empathique est le plus perceptible au cours des trois premi\u00e8res heures, apr\u00e8s quoi le 4 FMA a un effet \u00e9nerg\u00e9tique dans l'heure qui suit. Il faut compter jusqu'\u00e0 une heure pour que tout cela soit perceptible.<\/p>\n<p>En outre, selon la recherche et les utilisateurs qui ont partag\u00e9 leurs opinions en ligne, l'effet secondaire suivant est attendu : le 4-FMA peut agir entre quatre et six heures. Dans les cas o\u00f9 une dose plus importante a \u00e9t\u00e9 prise apr\u00e8s la dose initiale, l'effet perceptible a dur\u00e9 24 heures. Il convient \u00e9galement de noter que les effets perceptibles de l'achat de 4-FEA sont tr\u00e8s comparables \u00e0 ceux de drogues interdites telles que la MDMA. Il convient de noter que les effets perceptibles peuvent varier d'une situation de recherche \u00e0 l'autre. Tout comme les personnes, il n'y a pas deux \u00e9tudes identiques.<\/p>\n<\/div>\n<\/div>\n<\/div>\n<div data-content-type=\"row\" data-appearance=\"contained\" data-element=\"main\">\n<div data-enable-parallax=\"0\" data-parallax-speed=\"0.5\" data-background-images=\"{}\" data-background-type=\"image\" data-video-loop=\"true\" data-video-play-only-visible=\"true\" data-video-lazy-load=\"true\" data-video-fallback-src=\"\" data-element=\"inner\" data-pb-style=\"PDUI88Q\">\n<div data-content-type=\"text\" data-appearance=\"default\" data-element=\"main\">\n<h2>4-FMA POSOLOGIE<\/h2>\n<p>La mesure dans laquelle les effets du 4 FMA sont perceptibles est directement li\u00e9e \u00e0 la dose \u00e9tudi\u00e9e. Les doses habituellement utilis\u00e9es pour la recherche se situent entre 70 et 140 mg. Le 4 FMA se pr\u00e9sente g\u00e9n\u00e9ralement sous la forme d'une poudre blanche. Cette poudre peut \u00e9galement se pr\u00e9senter sous la forme d'une g\u00e9lule ou d'un comprim\u00e9. Une dose plus \u00e9lev\u00e9e peut faire en sorte que les r\u00e9sultats de la recherche soient perceptibles \u00e0 des altitudes plus \u00e9lev\u00e9es. A forte dose, l'un des effets les plus importants est l'insomnie.<\/p>\n<\/div>\n<\/div>\n<\/div>\n<div data-content-type=\"row\" data-appearance=\"contained\" data-element=\"main\">\n<div data-enable-parallax=\"0\" data-parallax-speed=\"0.5\" data-background-images=\"{}\" data-background-type=\"image\" data-video-loop=\"true\" data-video-play-only-visible=\"true\" data-video-lazy-load=\"true\" data-video-fallback-src=\"\" data-element=\"inner\" data-pb-style=\"D1DX3KR\">\n<div data-content-type=\"text\" data-appearance=\"default\" data-element=\"main\">\n<h2>COMMENT NOUS LIVRONS<\/h2>\n<p>Tous nos colis sont livr\u00e9s par DHL ou PostNL. DHL pour les envois \u00e0 l'\u00e9tranger et PostNL pour les envois nationaux. Lorsque la commande est pass\u00e9e avant 16h30 un jour ouvrable, elle est exp\u00e9di\u00e9e le jour m\u00eame. En outre, l'emballage se fait en toute discr\u00e9tion. Ainsi, aux Pays-Bas, nous disposons de quatre options de livraison. \u00c0 savoir :<\/p>\n<ul>\n<li>Un envoi normal, c'est-\u00e0-dire une commande dans une enveloppe vierge sans exp\u00e9diteur. Le d\u00e9lai de livraison est d'environ un \u00e0 deux jours.<\/li>\n<li>Envoi avec suivi, m\u00eame chose que ci-dessus, mais avec suivi.<\/li>\n<li>Exp\u00e9dition \"heures sp\u00e9ciales\", cette commande avec suivi sera livr\u00e9e \u00e0 une heure sp\u00e9cifique.<\/li>\n<li>Point de collecte PostNL, o\u00f9 vous pouvez choisir de retirer votre colis dans un point de collecte PostNL pr\u00e8s de chez vous.<\/li>\n<\/ul>\n<\/div>\n<\/div>\n<\/div>\n<div data-content-type=\"row\" data-appearance=\"contained\" data-element=\"main\">\n<div data-enable-parallax=\"0\" data-parallax-speed=\"0.5\" data-background-images=\"{}\" data-background-type=\"image\" data-video-loop=\"true\" data-video-play-only-visible=\"true\" data-video-lazy-load=\"true\" data-video-fallback-src=\"\" data-element=\"inner\" data-pb-style=\"P3WNWOB\">\n<div data-content-type=\"text\" data-appearance=\"default\" data-element=\"main\">\n<h2>RECOMMANDATIONS DE S\u00c9CURIT\u00c9 AUTOUR DES ENQU\u00caTES 4 FMA<\/h2>\n<p>En cas de contact du 4 FMA avec les yeux : Rincer soigneusement \u00e0 l'eau pendant au moins 10 \u00e0 15 minutes, retirer les lentilles de contact si n\u00e9cessaire. En cas de contact avec la peau : Rincer \u00e0 l'eau, si possible avec du savon. En cas d'inhalation : Prendre l'air et adopter une position favorisant la respiration<a href=\"https:\/\/en.wikipedia.org\/w\/index.php?search=4-FEA&amp;title=Special%3ASearch&amp;ns0=1\">.<\/a><\/p>\n<p>Ne pas exposer le 4-FMA \u00e0 des sources de chaleur. Conservez-la dans un environnement sec \u00e0 temp\u00e9rature ambiante et dans un emballage appropri\u00e9. Tenir le produit hors de port\u00e9e des enfants. La stabilit\u00e9 de l'achat de 4-FEA dans les conditions ci-dessus peut durer jusqu'\u00e0 deux ans.<a href=\"https:\/\/rckopen.com\/fr\/produit\/dmc-dimethocaine-freebase\/\">.<\/a><\/p>\n<\/div>\n<\/div>\n<\/div>","protected":false},"excerpt":{"rendered":"<p>Nom IUPAC : N-\u00e9thyl-4-fluoro-\u03b1-m\u00e9thyl-benz\u00e8ne\u00e9thanamine, monohydrochloride<\/p>\n<p><strong>CAS # <\/strong>3823-31-2<\/p>\n<p><strong>Autre nom : <\/strong>4-Fluoro\u00e9thamph\u00e9tamine (chlorhydrate)<\/p>\n<p><strong>Apparence : <\/strong>poudre<\/p>\n<p><strong>Forme : <\/strong>nul<\/p>\n<p><strong>Analyse RMN : <\/strong>C11H16FN - HCl<\/p>","protected":false},"featured_media":6323,"comment_status":"open","ping_status":"closed","template":"","meta":{"_joinchat":[]},"product_brand":[],"product_cat":[127],"product_tag":[],"class_list":{"0":"post-6269","1":"product","2":"type-product","3":"status-publish","4":"has-post-thumbnail","6":"product_cat-amfetamine","8":"first","9":"instock","10":"shipping-taxable","11":"purchasable","12":"product-type-variable"},"yoast_head":"<!-- This site is optimized with the Yoast SEO plugin v26.3 - https:\/\/yoast.com\/wordpress\/plugins\/seo\/ -->\n<title>4-FEA online kopen - 4-FMA te koop<\/title>\n<meta name=\"description\" content=\"4-FEA online kopen, Als je 4-FEA uit onze RC kopen-winkel nog niet hebt geprobeerd, dan mis je veel. Wij helpen u 4-FEA te koop tegen goedkope tarieven te kopen.\" \/>\n<meta name=\"robots\" content=\"index, follow, max-snippet:-1, max-image-preview:large, max-video-preview:-1\" \/>\n<link rel=\"canonical\" href=\"https:\/\/rckopen.com\/fr\/produit\/4-fea\/\" \/>\n<meta property=\"og:locale\" content=\"fr_FR\" \/>\n<meta property=\"og:type\" content=\"article\" \/>\n<meta property=\"og:title\" content=\"4-FEA online kopen - 4-FMA te koop\" \/>\n<meta property=\"og:description\" content=\"4-FEA online kopen, Als je 4-FEA uit onze RC kopen-winkel nog niet hebt geprobeerd, dan mis je veel. Wij helpen u 4-FEA te koop tegen goedkope tarieven te kopen.\" \/>\n<meta property=\"og:url\" content=\"https:\/\/rckopen.com\/fr\/produit\/4-fea\/\" \/>\n<meta property=\"og:site_name\" content=\"RC Kopen\" \/>\n<meta property=\"article:modified_time\" content=\"2025-01-31T05:15:11+00:00\" \/>\n<meta property=\"og:image\" content=\"https:\/\/rckopen.com\/wp-content\/uploads\/2023\/08\/4-FEA.jpg\" \/>\n\t<meta property=\"og:image:width\" content=\"600\" \/>\n\t<meta property=\"og:image:height\" content=\"600\" \/>\n\t<meta property=\"og:image:type\" content=\"image\/jpeg\" \/>\n<meta name=\"twitter:card\" content=\"summary_large_image\" \/>\n<meta name=\"twitter:label1\" content=\"Dur\u00e9e de lecture estim\u00e9e\" \/>\n\t<meta name=\"twitter:data1\" content=\"5 minutes\" \/>\n<script type=\"application\/ld+json\" class=\"yoast-schema-graph\">{\"@context\":\"https:\/\/schema.org\",\"@graph\":[{\"@type\":\"WebPage\",\"@id\":\"https:\/\/rckopen.com\/product\/4-fea\/\",\"url\":\"https:\/\/rckopen.com\/product\/4-fea\/\",\"name\":\"4-FEA online kopen - 4-FMA te koop\",\"isPartOf\":{\"@id\":\"https:\/\/rckopen.com\/#website\"},\"primaryImageOfPage\":{\"@id\":\"https:\/\/rckopen.com\/product\/4-fea\/#primaryimage\"},\"image\":{\"@id\":\"https:\/\/rckopen.com\/product\/4-fea\/#primaryimage\"},\"thumbnailUrl\":\"https:\/\/rckopen.com\/wp-content\/uploads\/2023\/08\/4-FEA.jpg\",\"datePublished\":\"2023-08-14T08:42:16+00:00\",\"dateModified\":\"2025-01-31T05:15:11+00:00\",\"description\":\"4-FEA online kopen, Als je 4-FEA uit onze RC kopen-winkel nog niet hebt geprobeerd, dan mis je veel. Wij helpen u 4-FEA te koop tegen goedkope tarieven te kopen.\",\"breadcrumb\":{\"@id\":\"https:\/\/rckopen.com\/product\/4-fea\/#breadcrumb\"},\"inLanguage\":\"fr-FR\",\"potentialAction\":[{\"@type\":\"ReadAction\",\"target\":[\"https:\/\/rckopen.com\/product\/4-fea\/\"]}]},{\"@type\":\"ImageObject\",\"inLanguage\":\"fr-FR\",\"@id\":\"https:\/\/rckopen.com\/product\/4-fea\/#primaryimage\",\"url\":\"https:\/\/rckopen.com\/wp-content\/uploads\/2023\/08\/4-FEA.jpg\",\"contentUrl\":\"https:\/\/rckopen.com\/wp-content\/uploads\/2023\/08\/4-FEA.jpg\",\"width\":600,\"height\":600,\"caption\":\"4-FEA online kopen\"},{\"@type\":\"BreadcrumbList\",\"@id\":\"https:\/\/rckopen.com\/product\/4-fea\/#breadcrumb\",\"itemListElement\":[{\"@type\":\"ListItem\",\"position\":1,\"name\":\"Home\",\"item\":\"https:\/\/rckopen.com\/\"},{\"@type\":\"ListItem\",\"position\":2,\"name\":\"Shop\",\"item\":\"https:\/\/rckopen.com\/shop\/\"},{\"@type\":\"ListItem\",\"position\":3,\"name\":\"4-FEA online kopen\"}]},{\"@type\":\"WebSite\",\"@id\":\"https:\/\/rckopen.com\/#website\",\"url\":\"https:\/\/rckopen.com\/\",\"name\":\"RC Kopen\",\"description\":\"Research Chemicals\",\"potentialAction\":[{\"@type\":\"SearchAction\",\"target\":{\"@type\":\"EntryPoint\",\"urlTemplate\":\"https:\/\/rckopen.com\/?s={search_term_string}\"},\"query-input\":{\"@type\":\"PropertyValueSpecification\",\"valueRequired\":true,\"valueName\":\"search_term_string\"}}],\"inLanguage\":\"fr-FR\"}]}<\/script>\n<!-- \/ Yoast SEO plugin. -->","yoast_head_json":{"title":"4-FEA online kopen - 4-FMA te koop","description":"4-FEA online kopen, Als je 4-FEA uit onze RC kopen-winkel nog niet hebt geprobeerd, dan mis je veel. Wij helpen u 4-FEA te koop tegen goedkope tarieven te kopen.","robots":{"index":"index","follow":"follow","max-snippet":"max-snippet:-1","max-image-preview":"max-image-preview:large","max-video-preview":"max-video-preview:-1"},"canonical":"https:\/\/rckopen.com\/fr\/produit\/4-fea\/","og_locale":"fr_FR","og_type":"article","og_title":"4-FEA online kopen - 4-FMA te koop","og_description":"4-FEA online kopen, Als je 4-FEA uit onze RC kopen-winkel nog niet hebt geprobeerd, dan mis je veel. Wij helpen u 4-FEA te koop tegen goedkope tarieven te kopen.","og_url":"https:\/\/rckopen.com\/fr\/produit\/4-fea\/","og_site_name":"RC Kopen","article_modified_time":"2025-01-31T05:15:11+00:00","og_image":[{"width":600,"height":600,"url":"https:\/\/rckopen.com\/wp-content\/uploads\/2023\/08\/4-FEA.jpg","type":"image\/jpeg"}],"twitter_card":"summary_large_image","twitter_misc":{"Dur\u00e9e de lecture estim\u00e9e":"5 minutes"},"schema":{"@context":"https:\/\/schema.org","@graph":[{"@type":"WebPage","@id":"https:\/\/rckopen.com\/product\/4-fea\/","url":"https:\/\/rckopen.com\/product\/4-fea\/","name":"4-FEA online kopen - 4-FMA te koop","isPartOf":{"@id":"https:\/\/rckopen.com\/#website"},"primaryImageOfPage":{"@id":"https:\/\/rckopen.com\/product\/4-fea\/#primaryimage"},"image":{"@id":"https:\/\/rckopen.com\/product\/4-fea\/#primaryimage"},"thumbnailUrl":"https:\/\/rckopen.com\/wp-content\/uploads\/2023\/08\/4-FEA.jpg","datePublished":"2023-08-14T08:42:16+00:00","dateModified":"2025-01-31T05:15:11+00:00","description":"4-FEA online kopen, Als je 4-FEA uit onze RC kopen-winkel nog niet hebt geprobeerd, dan mis je veel. Wij helpen u 4-FEA te koop tegen goedkope tarieven te kopen.","breadcrumb":{"@id":"https:\/\/rckopen.com\/product\/4-fea\/#breadcrumb"},"inLanguage":"fr-FR","potentialAction":[{"@type":"ReadAction","target":["https:\/\/rckopen.com\/product\/4-fea\/"]}]},{"@type":"ImageObject","inLanguage":"fr-FR","@id":"https:\/\/rckopen.com\/product\/4-fea\/#primaryimage","url":"https:\/\/rckopen.com\/wp-content\/uploads\/2023\/08\/4-FEA.jpg","contentUrl":"https:\/\/rckopen.com\/wp-content\/uploads\/2023\/08\/4-FEA.jpg","width":600,"height":600,"caption":"4-FEA online kopen"},{"@type":"BreadcrumbList","@id":"https:\/\/rckopen.com\/product\/4-fea\/#breadcrumb","itemListElement":[{"@type":"ListItem","position":1,"name":"Home","item":"https:\/\/rckopen.com\/"},{"@type":"ListItem","position":2,"name":"Shop","item":"https:\/\/rckopen.com\/shop\/"},{"@type":"ListItem","position":3,"name":"4-FEA online kopen"}]},{"@type":"WebSite","@id":"https:\/\/rckopen.com\/#website","url":"https:\/\/rckopen.com\/","name":"RC Kopen","description":"Research Chemicals","potentialAction":[{"@type":"SearchAction","target":{"@type":"EntryPoint","urlTemplate":"https:\/\/rckopen.com\/?s={search_term_string}"},"query-input":{"@type":"PropertyValueSpecification","valueRequired":true,"valueName":"search_term_string"}}],"inLanguage":"fr-FR"}]}},"_links":{"self":[{"href":"https:\/\/rckopen.com\/fr\/wp-json\/wp\/v2\/product\/6269","targetHints":{"allow":["GET"]}}],"collection":[{"href":"https:\/\/rckopen.com\/fr\/wp-json\/wp\/v2\/product"}],"about":[{"href":"https:\/\/rckopen.com\/fr\/wp-json\/wp\/v2\/types\/product"}],"replies":[{"embeddable":true,"href":"https:\/\/rckopen.com\/fr\/wp-json\/wp\/v2\/comments?post=6269"}],"wp:featuredmedia":[{"embeddable":true,"href":"https:\/\/rckopen.com\/fr\/wp-json\/wp\/v2\/media\/6323"}],"wp:attachment":[{"href":"https:\/\/rckopen.com\/fr\/wp-json\/wp\/v2\/media?parent=6269"}],"wp:term":[{"taxonomy":"product_brand","embeddable":true,"href":"https:\/\/rckopen.com\/fr\/wp-json\/wp\/v2\/product_brand?post=6269"},{"taxonomy":"product_cat","embeddable":true,"href":"https:\/\/rckopen.com\/fr\/wp-json\/wp\/v2\/product_cat?post=6269"},{"taxonomy":"product_tag","embeddable":true,"href":"https:\/\/rckopen.com\/fr\/wp-json\/wp\/v2\/product_tag?post=6269"}],"curies":[{"name":"wp","href":"https:\/\/api.w.org\/{rel}","templated":true}]}}